{"id":15418,"date":"2023-11-28T15:16:21","date_gmt":"2023-11-28T14:16:21","guid":{"rendered":"https:\/\/www1.kkl.si\/?page_id=15418"},"modified":"2023-11-28T15:16:51","modified_gmt":"2023-11-28T14:16:51","slug":"griff-babszinhaz-teli-szonett","status":"publish","type":"page","link":"https:\/\/www1.kkl.si\/sl\/griff-babszinhaz-teli-szonett\/","title":{"rendered":"Griff B\u00e1bsz\u00ednh\u00e1z: T\u00e9li Szonett"},"content":{"rendered":"<div class=\"opis\"><i class=\"fas fa-clock\"><\/i> <strong>Petek, 1. december 2023, ob 10.30<\/strong> | Gledali\u0161ka in koncertna dvorana Lendava<img loading=\"lazy\" decoding=\"async\" class=\"alignright\" title=\"Zaklju\u010dena prireditev\" src=\"https:\/\/www1.kkl.si\/wp-content\/uploads\/\/2020\/07\/spored_simb_zakljucena-1.svg\" alt=\"zakljucena\" width=\"30\" height=\"30\" \/><br \/>\n<i class=\"fas fa-chevron-circle-right\"><\/i> <strong><strong>otro\u0161ka predstava v mad\u017earskem jeziku<\/strong><\/strong> | Zaklju\u010dena prireditev za \u0161ole.<br \/>\nOrganizator: <a href=\"https:\/\/www.kkl.si\/\">Knji\u017enica \u2013 Kulturni center Lendava \u2013 Lendvai K\u00f6nyvt\u00e1r \u00e9s Kultur\u00e1lis K\u00f6zpont<\/a><\/div>\n<p><a href=\"https:\/\/www1.kkl.si\/wp-content\/uploads\/2022\/12\/teli_szonett_cimkep.jpg\" data-lbwps-width=\"1500\" data-lbwps-height=\"821\" data-lbwps-srcsmall=\"https:\/\/www1.kkl.si\/wp-content\/uploads\/2022\/12\/teli_szonett_cimkep-400x219.jpg\"><img loading=\"lazy\" decoding=\"async\" class=\"alignnone size-large wp-image-10453\" src=\"https:\/\/www1.kkl.si\/wp-content\/uploads\/2022\/12\/teli_szonett_cimkep-1500x821.jpg\" alt=\"\" width=\"1500\" height=\"821\" srcset=\"https:\/\/www1.kkl.si\/wp-content\/uploads\/2022\/12\/teli_szonett_cimkep.jpg 1500w, https:\/\/www1.kkl.si\/wp-content\/uploads\/2022\/12\/teli_szonett_cimkep-400x219.jpg 400w\" sizes=\"auto, (max-width: 1500px) 100vw, 1500px\" \/><\/a><\/p>\n<p><a href=\"https:\/\/www1.kkl.si\/wp-content\/uploads\/2023\/11\/plakat_70cm_teli_szonett_2023.jpg\" data-lbwps-width=\"2143\" data-lbwps-height=\"3000\" data-lbwps-srcsmall=\"https:\/\/www1.kkl.si\/wp-content\/uploads\/2023\/11\/plakat_70cm_teli_szonett_2023.jpg\"><img loading=\"lazy\" decoding=\"async\" class=\"slika alignright wp-image-15352 size-medium\" src=\"https:\/\/www1.kkl.si\/wp-content\/uploads\/2023\/11\/plakat_70cm_teli_szonett_2023-scaled-286x400.jpg\" alt=\"\" width=\"286\" height=\"400\" srcset=\"https:\/\/www1.kkl.si\/wp-content\/uploads\/2023\/11\/plakat_70cm_teli_szonett_2023-scaled-286x400.jpg 286w, https:\/\/www1.kkl.si\/wp-content\/uploads\/2023\/11\/plakat_70cm_teli_szonett_2023-scaled-1072x1500.jpg 1072w, https:\/\/www1.kkl.si\/wp-content\/uploads\/2023\/11\/plakat_70cm_teli_szonett_2023-scaled.jpg 1829w\" sizes=\"auto, (max-width: 286px) 100vw, 286px\" \/><\/a><\/p>\n<p><em>Mad\u017earski opis:<\/em><\/p>\n<p>Szab\u00f3 Attila:<br \/>\n<strong>T\u00c9LI SZONETT<\/strong><br \/>\n\u2013 avagy t\u00e9li \u00e1lmot alszik a t\u00e9l \u2013<\/p>\n<p><strong>J\u00e1tssz\u00e1k:<\/strong><br \/>\nCsepregi Napsug\u00e1r<br \/>\nKassay M\u00e1rton<br \/>\nStekbauer-Hanzi R\u00e9ka<br \/>\nSzilinyi Arnold<br \/>\nV\u00e1ri Vivien<\/p>\n<p>Tervez\u0151: Varjas Zs\u00f3fia<br \/>\nZene: Csern\u00e1k Zolt\u00e1n Samu<br \/>\nKoreogr\u00e1fus: Varga Ren\u00e1ta<br \/>\nA rendez\u0151 munkat\u00e1rsa: Szolnok \u00c1gnes<br \/>\n<strong>Rendez\u0151:<\/strong> Halasi D\u00e1niel<\/p>\n<p>Fiatalok csapata \u00e9rkezik a hegyekbe, hogy a t\u00e9li sz\u00fcnetet a s\u00edel\u00e9s \u00f6r\u00f6m\u00e9nek szentelj\u00e9k. De h\u00f3 nincs sehol. Mi t\u00f6rt\u00e9nt? Hova t\u0171nt a t\u00e9l? A kis csapat elindul, hogy felkutass\u00e1k, fel\u00e9bressz\u00e9k a telet, megr\u00e1zz\u00e1k nagy szak\u00e1ll\u00e1t, hogy v\u00e9gre essen a ropog\u00f3s, krist\u00e1lyf\u00e9ny\u0171 h\u00f3! Szerencs\u00e9re nincsenek egyed\u00fcl, hisz a t\u00e9lment\u0151 kalandhoz seg\u00edts\u00e9g\u00fcl h\u00edvj\u00e1k az \u00e1lmokat, var\u00e1zslatokat.<\/p>\n<p><em>Az el\u0151ad\u00e1s megtekint\u00e9se 4 \u00e9ves kort\u00f3l aj\u00e1nlott.<\/em><\/p>\n\n\t\t<style type=\"text\/css\">\n\t\t\t#gallery-1 {\n\t\t\t\tmargin: auto;\n\t\t\t}\n\t\t\t#gallery-1 .gallery-item {\n\t\t\t\tfloat: left;\n\t\t\t\tmargin-top: 10px;\n\t\t\t\ttext-align: center;\n\t\t\t\twidth: 16%;\n\t\t\t}\n\t\t\t#gallery-1 img {\n\t\t\t\tborder: 2px solid #cfcfcf;\n\t\t\t}\n\t\t\t#gallery-1 .gallery-caption {\n\t\t\t\tmargin-left: 0;\n\t\t\t}\n\t\t\t\/* see gallery_shortcode() in wp-includes\/media.php *\/\n\t\t<\/style>\n\t\t<div id='gallery-1' class='gallery galleryid-15418 gallery-columns-6 gallery-size-thumbnail'><dl class='gallery-item'>\n\t\t\t<dt class='gallery-icon landscape'>\n\t\t\t\t<a href='https:\/\/www1.kkl.si\/wp-content\/uploads\/2022\/12\/teli_szonet01.jpg'><img loading=\"lazy\" decoding=\"async\" width=\"150\" height=\"150\" src=\"https:\/\/www1.kkl.si\/wp-content\/uploads\/2022\/12\/teli_szonet01-150x150.jpg\" class=\"attachment-thumbnail size-thumbnail\" alt=\"\" \/><\/a>\n\t\t\t<\/dt><\/dl><dl class='gallery-item'>\n\t\t\t<dt class='gallery-icon landscape'>\n\t\t\t\t<a href='https:\/\/www1.kkl.si\/wp-content\/uploads\/2022\/12\/teli_szonet02.jpg'><img loading=\"lazy\" decoding=\"async\" width=\"150\" height=\"150\" src=\"https:\/\/www1.kkl.si\/wp-content\/uploads\/2022\/12\/teli_szonet02-150x150.jpg\" class=\"attachment-thumbnail size-thumbnail\" alt=\"\" \/><\/a>\n\t\t\t<\/dt><\/dl><dl class='gallery-item'>\n\t\t\t<dt class='gallery-icon portrait'>\n\t\t\t\t<a href='https:\/\/www1.kkl.si\/wp-content\/uploads\/2022\/12\/teli_szonet03.jpg'><img loading=\"lazy\" decoding=\"async\" width=\"150\" height=\"150\" src=\"https:\/\/www1.kkl.si\/wp-content\/uploads\/2022\/12\/teli_szonet03-150x150.jpg\" class=\"attachment-thumbnail size-thumbnail\" alt=\"\" \/><\/a>\n\t\t\t<\/dt><\/dl><dl class='gallery-item'>\n\t\t\t<dt class='gallery-icon landscape'>\n\t\t\t\t<a href='https:\/\/www1.kkl.si\/wp-content\/uploads\/2022\/12\/teli_szonet05.jpg'><img loading=\"lazy\" decoding=\"async\" width=\"150\" height=\"150\" src=\"https:\/\/www1.kkl.si\/wp-content\/uploads\/2022\/12\/teli_szonet05-150x150.jpg\" class=\"attachment-thumbnail size-thumbnail\" alt=\"\" \/><\/a>\n\t\t\t<\/dt><\/dl><dl class='gallery-item'>\n\t\t\t<dt class='gallery-icon landscape'>\n\t\t\t\t<a href='https:\/\/www1.kkl.si\/wp-content\/uploads\/2022\/12\/teli_szonet06.jpg'><img loading=\"lazy\" decoding=\"async\" width=\"150\" height=\"150\" src=\"https:\/\/www1.kkl.si\/wp-content\/uploads\/2022\/12\/teli_szonet06-150x150.jpg\" class=\"attachment-thumbnail size-thumbnail\" alt=\"\" \/><\/a>\n\t\t\t<\/dt><\/dl><dl class='gallery-item'>\n\t\t\t<dt class='gallery-icon landscape'>\n\t\t\t\t<a href='https:\/\/www1.kkl.si\/wp-content\/uploads\/2022\/12\/teli_szonet08.jpg'><img loading=\"lazy\" decoding=\"async\" width=\"150\" height=\"150\" src=\"https:\/\/www1.kkl.si\/wp-content\/uploads\/2022\/12\/teli_szonet08-150x150.jpg\" class=\"attachment-thumbnail size-thumbnail\" alt=\"\" \/><\/a>\n\t\t\t<\/dt><\/dl><br style=\"clear: both\" \/><dl class='gallery-item'>\n\t\t\t<dt class='gallery-icon landscape'>\n\t\t\t\t<a href='https:\/\/www1.kkl.si\/wp-content\/uploads\/2022\/12\/teli_szonet10.jpg'><img loading=\"lazy\" decoding=\"async\" width=\"150\" height=\"150\" src=\"https:\/\/www1.kkl.si\/wp-content\/uploads\/2022\/12\/teli_szonet10-150x150.jpg\" class=\"attachment-thumbnail size-thumbnail\" alt=\"\" \/><\/a>\n\t\t\t<\/dt><\/dl><dl class='gallery-item'>\n\t\t\t<dt class='gallery-icon landscape'>\n\t\t\t\t<a href='https:\/\/www1.kkl.si\/wp-content\/uploads\/2022\/12\/teli_szonet11.jpg'><img loading=\"lazy\" decoding=\"async\" width=\"150\" height=\"150\" src=\"https:\/\/www1.kkl.si\/wp-content\/uploads\/2022\/12\/teli_szonet11-150x150.jpg\" class=\"attachment-thumbnail size-thumbnail\" alt=\"\" \/><\/a>\n\t\t\t<\/dt><\/dl><dl class='gallery-item'>\n\t\t\t<dt class='gallery-icon landscape'>\n\t\t\t\t<a href='https:\/\/www1.kkl.si\/wp-content\/uploads\/2022\/12\/teli_szonet13.jpg'><img loading=\"lazy\" decoding=\"async\" width=\"150\" height=\"150\" src=\"https:\/\/www1.kkl.si\/wp-content\/uploads\/2022\/12\/teli_szonet13-150x150.jpg\" class=\"attachment-thumbnail size-thumbnail\" alt=\"\" \/><\/a>\n\t\t\t<\/dt><\/dl><dl class='gallery-item'>\n\t\t\t<dt class='gallery-icon landscape'>\n\t\t\t\t<a href='https:\/\/www1.kkl.si\/wp-content\/uploads\/2022\/12\/teli_szonet14.jpg'><img loading=\"lazy\" decoding=\"async\" width=\"150\" height=\"150\" src=\"https:\/\/www1.kkl.si\/wp-content\/uploads\/2022\/12\/teli_szonet14-150x150.jpg\" class=\"attachment-thumbnail size-thumbnail\" alt=\"\" \/><\/a>\n\t\t\t<\/dt><\/dl><dl class='gallery-item'>\n\t\t\t<dt class='gallery-icon portrait'>\n\t\t\t\t<a href='https:\/\/www1.kkl.si\/wp-content\/uploads\/2022\/12\/teli_szonet17.jpg'><img loading=\"lazy\" decoding=\"async\" width=\"150\" height=\"150\" src=\"https:\/\/www1.kkl.si\/wp-content\/uploads\/2022\/12\/teli_szonet17-150x150.jpg\" class=\"attachment-thumbnail size-thumbnail\" alt=\"\" \/><\/a>\n\t\t\t<\/dt><\/dl><dl class='gallery-item'>\n\t\t\t<dt class='gallery-icon landscape'>\n\t\t\t\t<a href='https:\/\/www1.kkl.si\/wp-content\/uploads\/2022\/12\/teli_szonet18.jpg'><img loading=\"lazy\" decoding=\"async\" width=\"150\" height=\"150\" src=\"https:\/\/www1.kkl.si\/wp-content\/uploads\/2022\/12\/teli_szonet18-150x150.jpg\" class=\"attachment-thumbnail size-thumbnail\" alt=\"\" \/><\/a>\n\t\t\t<\/dt><\/dl><br style=\"clear: both\" \/><dl class='gallery-item'>\n\t\t\t<dt class='gallery-icon landscape'>\n\t\t\t\t<a href='https:\/\/www1.kkl.si\/wp-content\/uploads\/2022\/12\/teli_szonet19.jpg'><img loading=\"lazy\" decoding=\"async\" width=\"150\" height=\"150\" src=\"https:\/\/www1.kkl.si\/wp-content\/uploads\/2022\/12\/teli_szonet19-150x150.jpg\" class=\"attachment-thumbnail size-thumbnail\" alt=\"\" \/><\/a>\n\t\t\t<\/dt><\/dl><dl class='gallery-item'>\n\t\t\t<dt class='gallery-icon landscape'>\n\t\t\t\t<a href='https:\/\/www1.kkl.si\/wp-content\/uploads\/2022\/12\/teli_szonet20.jpg'><img loading=\"lazy\" decoding=\"async\" width=\"150\" height=\"150\" src=\"https:\/\/www1.kkl.si\/wp-content\/uploads\/2022\/12\/teli_szonet20-150x150.jpg\" class=\"attachment-thumbnail size-thumbnail\" alt=\"\" \/><\/a>\n\t\t\t<\/dt><\/dl><dl class='gallery-item'>\n\t\t\t<dt class='gallery-icon landscape'>\n\t\t\t\t<a href='https:\/\/www1.kkl.si\/wp-content\/uploads\/2022\/12\/teli_szonet21.jpg'><img loading=\"lazy\" decoding=\"async\" width=\"150\" height=\"150\" src=\"https:\/\/www1.kkl.si\/wp-content\/uploads\/2022\/12\/teli_szonet21-150x150.jpg\" class=\"attachment-thumbnail size-thumbnail\" alt=\"\" \/><\/a>\n\t\t\t<\/dt><\/dl>\n\t\t\t<br style='clear: both' \/>\n\t\t<\/div>\n\n<p><span style=\"font-size: 10pt;\">Fot\u00f3: Pezzetta Umberto<\/span><\/p>\n<hr \/>\n<p><i class=\"fas fa-link\"><\/i> <a href=\"https:\/\/griffbabszinhaz.hu\/teli-szonett\/\">https:\/\/griffbabszinhaz.hu\/teli-szonett\/<\/a><\/p>\n<hr \/>\n<p>Predstavo je podprl <a href=\"https:\/\/bgazrt.hu\/\">Sklad Bethlen G\u00e1bor<\/a>.\/A rendezv\u00e9nyt a <a href=\"https:\/\/bgazrt.hu\/\">Bethlen G\u00e1bor Alap<\/a> t\u00e1mogatja.<\/p>\n","protected":false},"excerpt":{"rendered":"<p>Petek, 1. december 2023, ob 10.30 | Gledali\u0161ka in koncertna dvorana Lendava otro\u0161ka predstava v mad\u017earskem jeziku | Zaklju\u010dena prireditev za \u0161ole. Organizator: Knji\u017enica \u2013 Kulturni center Lendava \u2013 Lendvai K\u00f6nyvt\u00e1r \u00e9s Kultur\u00e1lis K\u00f6zpont Mad\u017earski opis: Szab\u00f3 Attila: T\u00c9LI SZONETT \u2013 avagy t\u00e9li \u00e1lmot alszik a t\u00e9l \u2013 J\u00e1tssz\u00e1k: Csepregi Napsug\u00e1r Kassay M\u00e1rton Stekbauer-Hanzi R\u00e9ka [&hellip;]<\/p>\n","protected":false},"author":2,"featured_media":15351,"parent":0,"menu_order":0,"comment_status":"closed","ping_status":"closed","template":"","meta":{"footnotes":""},"class_list":["post-15418","page","type-page","status-publish","has-post-thumbnail","hentry","post","post-with-thumbnail","post-with-thumbnail-icon"],"_links":{"self":[{"href":"https:\/\/www1.kkl.si\/sl\/wp-json\/wp\/v2\/pages\/15418","targetHints":{"allow":["GET"]}}],"collection":[{"href":"https:\/\/www1.kkl.si\/sl\/wp-json\/wp\/v2\/pages"}],"about":[{"href":"https:\/\/www1.kkl.si\/sl\/wp-json\/wp\/v2\/types\/page"}],"author":[{"embeddable":true,"href":"https:\/\/www1.kkl.si\/sl\/wp-json\/wp\/v2\/users\/2"}],"replies":[{"embeddable":true,"href":"https:\/\/www1.kkl.si\/sl\/wp-json\/wp\/v2\/comments?post=15418"}],"version-history":[{"count":2,"href":"https:\/\/www1.kkl.si\/sl\/wp-json\/wp\/v2\/pages\/15418\/revisions"}],"predecessor-version":[{"id":15420,"href":"https:\/\/www1.kkl.si\/sl\/wp-json\/wp\/v2\/pages\/15418\/revisions\/15420"}],"wp:featuredmedia":[{"embeddable":true,"href":"https:\/\/www1.kkl.si\/sl\/wp-json\/wp\/v2\/media\/15351"}],"wp:attachment":[{"href":"https:\/\/www1.kkl.si\/sl\/wp-json\/wp\/v2\/media?parent=15418"}],"curies":[{"name":"wp","href":"https:\/\/api.w.org\/{rel}","templated":true}]}}