{"id":15620,"date":"2023-12-12T11:21:24","date_gmt":"2023-12-12T10:21:24","guid":{"rendered":"https:\/\/www1.kkl.si\/?page_id=15620"},"modified":"2023-12-14T13:52:42","modified_gmt":"2023-12-14T12:52:42","slug":"drustvo-baletnih-umetnikov-slovenije-dbus-svecani-baletni-koncert-2023","status":"publish","type":"page","link":"https:\/\/www1.kkl.si\/sl\/drustvo-baletnih-umetnikov-slovenije-dbus-svecani-baletni-koncert-2023\/","title":{"rendered":"Dru\u0161tvo baletnih umetnikov Slovenije (DBUS): Sve\u010dani baletni koncert 2023"},"content":{"rendered":"<div class=\"opis\"><img loading=\"lazy\" decoding=\"async\" class=\"wp-image-1587 alignright\" title=\"Brezpla\u010dna prireditev\" src=\"https:\/\/www1.kkl.si\/wp-content\/uploads\/2020\/07\/spored_simb_brezplacna-1.svg\" sizes=\"auto, (max-width: 30px) 100vw, 30px\" srcset=\"https:\/\/www1.kkl.si\/wp-content\/uploads\/\/2020\/07\/spored_simb_brezplacna-1.svg 150w, https:\/\/www1.kkl.si\/wp-content\/uploads\/\/2020\/07\/spored_simb_brezplacna-1.svg 400w, https:\/\/www1.kkl.si\/wp-content\/uploads\/\/2020\/07\/spored_simb_brezplacna-1.svg 1500w, https:\/\/www1.kkl.si\/wp-content\/uploads\/\/2020\/07\/spored_simb_brezplacna-1.svg 100w\" alt=\"brezplacna\" width=\"30\" height=\"30\" \/><i class=\"fas fa-clock\"><\/i> <strong>nedelja, 17. december 2023, ob 19.00<\/strong> | Gledali\u0161ka in koncertna dvorana Lendava<br \/>\n<i class=\"fas fa-chevron-circle-right\"><\/i> <strong>balet<\/strong><br \/>\nOrganizator: <a href=\"https:\/\/www.kkl.si\/\">Knji\u017enica \u2013 Kulturni center Lendava \u2013 Lendvai K\u00f6nyvt\u00e1r \u00e9s Kultur\u00e1lis K\u00f6zpont<\/a>, <a href=\"https:\/\/www.dbus.si\/\">Dru\u0161tvo baletnih umetnikov Slovenije<\/a><\/p>\n<p><i class=\"fas fa-info-circle\"><\/i> <strong>VSTOP PROST.<\/strong> Brezpla\u010dne vstopnice bodo na voljo na blagajni GKD Lendava<\/div>\n<div id=\"attachment_15621\" style=\"width: 410px\" class=\"wp-caption alignright\"><a href=\"https:\/\/www1.kkl.si\/wp-content\/uploads\/2023\/12\/baletni_koncert_GEO.jpg\" data-lbwps-width=\"2500\" data-lbwps-height=\"1669\" data-lbwps-srcsmall=\"https:\/\/www1.kkl.si\/wp-content\/uploads\/2023\/12\/baletni_koncert_GEO-400x267.jpg\" data-lbwps-caption=\"Foto: Toma\u017e Gali\u010d\"><img loading=\"lazy\" decoding=\"async\" aria-describedby=\"caption-attachment-15621\" class=\"wp-image-15621 size-medium\" src=\"https:\/\/www1.kkl.si\/wp-content\/uploads\/2023\/12\/baletni_koncert_GEO-400x267.jpg\" alt=\"\" width=\"400\" height=\"267\" srcset=\"https:\/\/www1.kkl.si\/wp-content\/uploads\/2023\/12\/baletni_koncert_GEO-400x267.jpg 400w, https:\/\/www1.kkl.si\/wp-content\/uploads\/2023\/12\/baletni_koncert_GEO-1500x1001.jpg 1500w\" sizes=\"auto, (max-width: 400px) 100vw, 400px\" \/><\/a><p id=\"caption-attachment-15621\" class=\"wp-caption-text\">Foto: Toma\u017e Gali\u010d<\/p><\/div>\n<p>Predprazni\u010dni Sve\u010dani baletni koncert bo predstavil najlep\u0161e in za ob\u010dinstvo najbolj mamljive divertissmane iz najlep\u0161ih in najbolj znanih klasi\u010dnih baletov, ob tem pa tudi nekaj neoklasi\u010dnih in sodobnih koreografij, ki naravnost navdu\u0161ujejo s svojo izvornostjo. U\u017eivali boste lahko ob duetih (pas de deuxih) in posameznih to\u010dkah iz znamenitih baletov kot so Hresta\u010d, Gusar in drugih. Nastopajo izvrstni slovenski in tuji baletni plesalci.<\/p>\n<p><strong><span style=\"font-size: 24pt;\">PROGRAM<\/span><\/strong><\/p>\n<p>SVE\u010cANI BALETNI KONCERT<br \/>\nLendava, 17. 12. 2023<\/p>\n<p>\n<span style=\"font-size: 14pt;\"><strong><span style=\"color: #800000;\">SATANELLA<\/span><\/strong><\/span><br \/>\nGlasba: Cesare Pugni<br \/>\nKoreografija: Marius Petipa<br \/>\n<strong>Nastopa: TOMA\u017d GOLUB<\/strong><\/p>\n<p><strong><span style=\"font-size: 14pt; color: #800000;\">AMOR\u010cEK<\/span><\/strong><br \/>\nGlasba: Ludwig Minkus<br \/>\nKoreografija: Marius Petipa<br \/>\n<strong>Nastopa: BRINA GEREBIC<\/strong><\/p>\n<p><span style=\"font-size: 14pt; color: #800000;\"><strong>HRESTA\u010c \u2013 Veliki pas de deux<\/strong><\/span><br \/>\nGlasba: Peter Ili\u010d \u010cajkovski<br \/>\nKoreografija: Marius Petipa<br \/>\n<strong>Nastopata: ASAMI NAKASHIMA, YUYA OMAKI<\/strong><\/p>\n<p><span style=\"font-size: 14pt; color: #800000;\"><strong>NOT OUR TIME\u00a0<\/strong><\/span><br \/>\nGlasba: Frederic Chopin\u00a0<br \/>\nKoreografija: Toma\u017e Golub\u00a0<br \/>\n<strong>Nastopata: LANA DRU\u0160KOVI\u010c, TOMA\u017d GOLUB<\/strong><\/p>\n<p><span style=\"color: #800000; font-size: 14pt;\"><strong>GUSAR \u2013 Veliki pas de deux<\/strong><\/span><br \/>\nGlasba: Adolph Adam<br \/>\nKoreografija: Marius Petipa<br \/>\n<strong>Nastopata: NINA KRAMBERGER, FILIP JURI\u010c<\/strong><\/p>\n<p><span style=\"color: #800000;\"><strong><span style=\"font-size: 14pt;\">VAL\u010cEK<\/span><\/strong><\/span><br \/>\nGlasba: Hans Christian Lumbye<br \/>\nKoreografija: Vanessa Kreslin<br \/>\n<strong>Nastopa: BRINA GEREBIC<\/strong><\/p>\n<p><span style=\"color: #800000;\"><strong><span style=\"font-size: 14pt;\">RADIO AND JULIET<\/span><\/strong><\/span><br \/>\nGlasba: Radiohead<br \/>\nKoreografija: Edward Clug<br \/>\n<strong>Nastopata: ASAMI NAKASHIMA, YUYA OMAKI<\/strong><\/p>\n<p><span style=\"color: #800000;\"><strong><span style=\"font-size: 14pt;\">BRINA \/ BRINA<\/span><\/strong><\/span><br \/>\nGlasba: Camille Saint-Sa\u00ebns <br \/>\nKoreografija: Lukas Zuschlag<br \/>\n<strong>Nastopa: LANA DRU\u0160KOVI\u010c<\/strong><\/p>\n<p><strong><span style=\"font-size: 14pt; color: #800000;\">ROMEO IN JULIJA<\/span><\/strong><br \/>\nGlasba: Sergei Prokofiev<br \/>\nKoreografija: Renato Zanella<br \/>\n<strong>Nastopata: NINA KRAMBERGER, FILIP JURI\u010c<\/strong><\/p>\n<p><span style=\"font-size: 14pt; color: #800000;\"><strong>GOPAK<\/strong><\/span><br \/>\nGlasba: Vasilii Soloviev-Sedoy <br \/>\nKoreografija: Rostislav Zakharov<br \/>\n<strong>Nastopa: YUYA OMAKI<\/strong><\/p>\n<p><span style=\"color: #800000;\"><strong><span style=\"font-size: 14pt;\">CODA \u2013 FINALE HRESTA\u010c<\/span> <\/strong><\/span><br \/>\n<strong>Vsi plesalci<\/strong><\/p>\n<p>Organizacija in izvedba: <a href=\"https:\/\/www.dbus.si\/\">Dru\u0161tvo baletnih umetnikov Slovenije<\/a><\/p>\n<p><a href=\"https:\/\/www1.kkl.si\/wp-content\/uploads\/2023\/11\/plakat_B1_december_2023_DVOJ.jpg\" data-lbwps-width=\"2100\" data-lbwps-height=\"3000\" data-lbwps-srcsmall=\"https:\/\/www1.kkl.si\/wp-content\/uploads\/2023\/11\/plakat_B1_december_2023_DVOJ.jpg\"><img loading=\"lazy\" decoding=\"async\" class=\"alignnone size-large wp-image-15283\" src=\"https:\/\/www1.kkl.si\/wp-content\/uploads\/2023\/11\/plakat_B1_december_2023_DVOJ-scaled-1050x1500.jpg\" alt=\"\" width=\"1050\" height=\"1500\" srcset=\"https:\/\/www1.kkl.si\/wp-content\/uploads\/2023\/11\/plakat_B1_december_2023_DVOJ-scaled-1050x1500.jpg 1050w, https:\/\/www1.kkl.si\/wp-content\/uploads\/2023\/11\/plakat_B1_december_2023_DVOJ-scaled-280x400.jpg 280w, https:\/\/www1.kkl.si\/wp-content\/uploads\/2023\/11\/plakat_B1_december_2023_DVOJ-scaled.jpg 1792w\" sizes=\"auto, (max-width: 1050px) 100vw, 1050px\" \/><\/a><\/p>\n<p><em>Dogodek v Gledali\u0161ki in koncertni dvorani Lendava je podprlo <a href=\"https:\/\/www.gov.si\/drzavni-organi\/ministrstva\/ministrstvo-za-kulturo\/\">Ministrstvo za kulturo Republike Slovenije<\/a>.<\/em><\/p>\n","protected":false},"excerpt":{"rendered":"<p>nedelja, 17. december 2023, ob 19.00 | Gledali\u0161ka in koncertna dvorana Lendava balet Organizator: Knji\u017enica \u2013 Kulturni center Lendava \u2013 Lendvai K\u00f6nyvt\u00e1r \u00e9s Kultur\u00e1lis K\u00f6zpont, Dru\u0161tvo baletnih umetnikov Slovenije VSTOP PROST. Brezpla\u010dne vstopnice bodo na voljo na blagajni GKD Lendava Predprazni\u010dni Sve\u010dani baletni koncert bo predstavil najlep\u0161e in za ob\u010dinstvo najbolj mamljive divertissmane iz najlep\u0161ih [&hellip;]<\/p>\n","protected":false},"author":2,"featured_media":15283,"parent":0,"menu_order":0,"comment_status":"closed","ping_status":"closed","template":"","meta":{"footnotes":""},"class_list":["post-15620","page","type-page","status-publish","has-post-thumbnail","hentry","post","post-with-thumbnail","post-with-thumbnail-icon"],"_links":{"self":[{"href":"https:\/\/www1.kkl.si\/sl\/wp-json\/wp\/v2\/pages\/15620","targetHints":{"allow":["GET"]}}],"collection":[{"href":"https:\/\/www1.kkl.si\/sl\/wp-json\/wp\/v2\/pages"}],"about":[{"href":"https:\/\/www1.kkl.si\/sl\/wp-json\/wp\/v2\/types\/page"}],"author":[{"embeddable":true,"href":"https:\/\/www1.kkl.si\/sl\/wp-json\/wp\/v2\/users\/2"}],"replies":[{"embeddable":true,"href":"https:\/\/www1.kkl.si\/sl\/wp-json\/wp\/v2\/comments?post=15620"}],"version-history":[{"count":4,"href":"https:\/\/www1.kkl.si\/sl\/wp-json\/wp\/v2\/pages\/15620\/revisions"}],"predecessor-version":[{"id":15739,"href":"https:\/\/www1.kkl.si\/sl\/wp-json\/wp\/v2\/pages\/15620\/revisions\/15739"}],"wp:featuredmedia":[{"embeddable":true,"href":"https:\/\/www1.kkl.si\/sl\/wp-json\/wp\/v2\/media\/15283"}],"wp:attachment":[{"href":"https:\/\/www1.kkl.si\/sl\/wp-json\/wp\/v2\/media?parent=15620"}],"curies":[{"name":"wp","href":"https:\/\/api.w.org\/{rel}","templated":true}]}}