{"id":15675,"date":"2023-12-13T10:59:17","date_gmt":"2023-12-13T09:59:17","guid":{"rendered":"https:\/\/www1.kkl.si\/?page_id=15675"},"modified":"2024-11-25T22:39:39","modified_gmt":"2024-11-25T21:39:39","slug":"spored-2024-01","status":"publish","type":"page","link":"https:\/\/www1.kkl.si\/sl\/spored-2024-01\/","title":{"rendered":"SPORED: januar 2024"},"content":{"rendered":"<p><strong>Leto 2024:<\/strong> <a href=\"https:\/\/www1.kkl.si\/sl\/spored-2024-01\/\">januar<\/a> | <a href=\"https:\/\/www1.kkl.si\/sl\/spored-2024-02\/\">februar<\/a> | <a href=\"https:\/\/www1.kkl.si\/sl\/spored-2024-03\/\">marec<\/a> | <a href=\"https:\/\/www1.kkl.si\/sl\/spored-2024-04\/\">april<\/a> | <a href=\"https:\/\/www1.kkl.si\/sl\/spored-2024-05\/\">maj<\/a> | <a href=\"https:\/\/www1.kkl.si\/sl\/spored-2024-06\/\">junij<\/a> | <a href=\"https:\/\/www1.kkl.si\/sl\/spored-2024-07\/\">julij<\/a> | <a href=\"https:\/\/www1.kkl.si\/sl\/spored-2024-08\/\">avgust<\/a> | <a href=\"https:\/\/www1.kkl.si\/sl\/spored-2024-09\/\">september<\/a> | <a href=\"https:\/\/www1.kkl.si\/sl\/spored-2024-10\/\">oktober<\/a> | <a href=\"https:\/\/www1.kkl.si\/sl\/spored-2024-11\/\">november<\/a> | <a href=\"https:\/\/www1.kkl.si\/sl\/spored-2024-12\/\">december<\/a> | <a href=\"https:\/\/www1.kkl.si\/sl\/arhiv-sporeda\/\">ARHIV<\/a><\/p>\n<div style=\"overflow-x: auto;\">\n<table id=\"spored-legenda\" cellspacing=\"0\" cellpadding=\"5\">\n<tbody>\n<tr>\n<td><strong>LEGENDA<br \/>\nSIMBOLOV<\/strong><\/td>\n<td style=\"vertical-align: middle;\"><img loading=\"lazy\" decoding=\"async\" title=\"Slovenski abonma\" src=\"https:\/\/www1.kkl.si\/wp-content\/uploads\/2020\/07\/spored_simb_abonma_si-1.svg\" alt=\"abonma_si\" width=\"30\" height=\"30\" \/><\/td>\n<td>Slovenski<br \/>\nabonma<\/td>\n<td style=\"vertical-align: middle;\"><img loading=\"lazy\" decoding=\"async\" title=\"Mad\u017earski abonma\" src=\"https:\/\/www1.kkl.si\/wp-content\/uploads\/2020\/07\/spored_simb_abonma_hu-1.svg\" alt=\"abonma_hu\" width=\"30\" height=\"30\" \/><\/td>\n<td>Mad\u017earski<br \/>\nabonma<\/td>\n<td style=\"vertical-align: middle;\"><img loading=\"lazy\" decoding=\"async\" title=\"Zaklju\u010dena prireditev\" src=\"https:\/\/www1.kkl.si\/wp-content\/uploads\/2020\/07\/spored_simb_zakljucena-1.svg\" alt=\"zakljucena\" width=\"30\" height=\"30\" \/><\/td>\n<td>Zaklju\u010dena<br \/>\nprireditev<\/td>\n<td style=\"vertical-align: middle;\"><img loading=\"lazy\" decoding=\"async\" title=\"Brezpla\u010dna prireditev\" src=\"https:\/\/www1.kkl.si\/wp-content\/uploads\/2020\/07\/spored_simb_brezplacna-1.svg\" alt=\"brezplacna\" width=\"30\" height=\"30\" \/><\/td>\n<td>Brezpla\u010dna<br \/>\nprireditev<\/td>\n<td style=\"vertical-align: middle;\"><img loading=\"lazy\" decoding=\"async\" title=\"Pla\u010dljiva prireditev\" src=\"https:\/\/www1.kkl.si\/wp-content\/uploads\/2020\/07\/spored_simb_placljiva-1.svg\" alt=\"placljiva\" width=\"30\" height=\"30\" \/><\/td>\n<td>Pla\u010dljiva<br \/>\nprireditev<\/td>\n<td style=\"vertical-align: middle;\"><img loading=\"lazy\" decoding=\"async\" title=\"Novost, sprememba\" src=\"https:\/\/www1.kkl.si\/wp-content\/uploads\/2020\/07\/spored_simb_novost-1.svg\" alt=\"novost\" width=\"30\" height=\"30\" \/><\/td>\n<td>Novost,<br \/>\nsprememba<\/td>\n<\/tr>\n<\/tbody>\n<\/table>\n<\/div>\n<table id=\"sporedtabela\" style=\"width: 100%;\">\n<tbody>\n<tr>\n<td style=\"width: 15%;\">\n<p style=\"text-align: center;\"><strong><span style=\"font-size: 24pt;\">11.<\/span><br \/>\n<\/strong><\/p>\n<p style=\"text-align: center;\">\u010detrtek<\/p>\n<p style=\"text-align: center;\"><img loading=\"lazy\" decoding=\"async\" class=\"alignnone\" title=\"Brezpla\u010dna prireditev\" src=\"https:\/\/www1.kkl.si\/wp-content\/uploads\/2020\/07\/spored_simb_brezplacna-1.svg\" alt=\"brezplacna\" width=\"30\" height=\"30\" \/><\/p>\n<\/td>\n<td style=\"width: 85%;\">\n<p><i class=\"fas fa-clock\"><\/i> <strong>18.00<\/strong> | Avla Gledali\u0161ke in koncertne dvorane Lendava<a href=\"https:\/\/www1.kkl.si\/wp-content\/uploads\/2023\/12\/plakat_B2_zala_varmegyei_tarlat_2023.jpg\" data-lbwps-width=\"2143\" data-lbwps-height=\"3000\" data-lbwps-srcsmall=\"https:\/\/www1.kkl.si\/wp-content\/uploads\/2023\/12\/plakat_B2_zala_varmegyei_tarlat_2023.jpg\"><img loading=\"lazy\" decoding=\"async\" class=\"slika alignright wp-image-15891 size-thumbnail\" src=\"https:\/\/www1.kkl.si\/wp-content\/uploads\/2023\/12\/plakat_B2_zala_varmegyei_tarlat_2023-scaled-e1704096022707-150x150.jpg\" alt=\"\" width=\"150\" height=\"150\" \/><\/a><br \/>\n<strong>likovna razstava<br \/>\n<\/strong><\/p>\n<p><a href=\"https:\/\/www1.kkl.si\/sl\/vabilo-zala-varmegyei-kepzomuveszeti-tarlat-razstava-likovnih-del-iz-zupanije-zala\/\"><strong><span style=\"font-size: 24pt;\">Zala V\u00e1rmegyei K\u00e9pz\u0151m\u0171v\u00e9szeti T\u00e1rlat (Razstava likovnih del iz \u017eupanije Zala)<\/span><\/strong><\/a><\/p>\n<p>Razstava bo na ogled do 31. januarja 2024.<\/p>\n<p><span style=\"font-size: 10pt;\">Organizator: <a href=\"http:\/\/www.kereszturyamk.hu\/\">Keresztury Dezs\u0151 VMK Zalaegerszeg<\/a><\/span><br \/>\n<span style=\"font-size: 10pt;\">Soorganizator: <\/span><a href=\"https:\/\/www.kkl.si\/\"><span style=\"font-size: 10pt;\">Knji\u017enica \u2013 Kulturni center Lendava \u2013 Lendvai K\u00f6nyvt\u00e1r \u00e9s Kultur\u00e1lis K\u00f6zpont<\/span><\/a><\/p>\n<\/td>\n<\/tr>\n<tr>\n<td style=\"width: 15%;\">\n<p style=\"text-align: center;\"><strong><span style=\"font-size: 24pt;\">15.<\/span><br \/>\n<\/strong><\/p>\n<p style=\"text-align: center;\">ponedeljek<\/p>\n<p style=\"text-align: center;\"><img loading=\"lazy\" decoding=\"async\" class=\"alignnone\" title=\"Mad\u017earski abonma\" src=\"https:\/\/www1.kkl.si\/wp-content\/uploads\/2020\/07\/spored_simb_abonma_hu-1.svg\" alt=\"abonma_hu\" width=\"30\" height=\"30\" \/>\u00a0 <img loading=\"lazy\" decoding=\"async\" class=\"alignnone\" title=\"Pla\u010dljiva prireditev\" src=\"https:\/\/www1.kkl.si\/wp-content\/uploads\/2020\/07\/spored_simb_placljiva-1.svg\" alt=\"placljiva\" width=\"30\" height=\"30\" \/><\/p>\n<\/td>\n<td style=\"width: 85%;\">\n<p><i class=\"fas fa-clock\"><\/i> <strong>19.00<\/strong> | Gledali\u0161ka in koncertna dvorana Lendava<a href=\"https:\/\/www1.kkl.si\/wp-content\/uploads\/2023\/12\/Voroslampas_plakat.jpg\" data-lbwps-width=\"2100\" data-lbwps-height=\"3000\" data-lbwps-srcsmall=\"https:\/\/www1.kkl.si\/wp-content\/uploads\/2023\/12\/Voroslampas_plakat.jpg\"><img loading=\"lazy\" decoding=\"async\" class=\"slika alignright wp-image-15692 size-thumbnail\" src=\"https:\/\/www1.kkl.si\/wp-content\/uploads\/2023\/12\/Voroslampas_plakat-scaled-150x150.jpg\" alt=\"\" width=\"150\" height=\"150\" \/><\/a><br \/>\n<strong>mad\u017earska glasbena komedija v dveh delih<br \/>\n<\/strong><\/p>\n<p>TURAY IDA SZ\u00cdNH\u00c1Z | po delu S\u00e1ndorja Hunyadyja napisala Laura Topolcs\u00e1nyi<\/p>\n<p><a href=\"https:\/\/www1.kkl.si\/sl\/turay-ida-szinhaz-a-voroslampas-haz\/\"><strong><span style=\"font-size: 24pt;\">A v\u00f6r\u00f6sl\u00e1mp\u00e1s h\u00e1z<\/span><\/strong><\/a><\/p>\n<p><i class=\"fas fa-ticket-alt\"><\/i> Vstopnina: <strong>17 \u20ac<\/strong>, dijaki in upokojenci <strong>14 \u20ac<\/strong><br \/>\nVstopnice so na voljo od 8. januarja 2024 naprej na blagajni GKD Lendava. <i class=\"fas fa-phone-alt\"><\/i> Telefon: (0)2 577 60 24<\/p>\n<p><span style=\"font-size: 10pt;\">Organizator: <a href=\"https:\/\/www.mnmi-zkmn.si\/\">MNMI Lendva \u2013 ZKMN Lendava<\/a><\/span><\/p>\n<\/td>\n<\/tr>\n<tr>\n<td style=\"width: 15%;\">\n<p style=\"text-align: center;\"><strong><span style=\"font-size: 24pt;\">18.<\/span><br \/>\n<\/strong><\/p>\n<p style=\"text-align: center;\">\u010detrtek<\/p>\n<p style=\"text-align: center;\"><strong>\u00a0<\/strong><img loading=\"lazy\" decoding=\"async\" class=\"alignnone\" title=\"Brezpla\u010dna prireditev\" src=\"https:\/\/www1.kkl.si\/wp-content\/uploads\/2020\/07\/spored_simb_brezplacna-1.svg\" alt=\"brezplacna\" width=\"30\" height=\"30\" \/><\/p>\n<\/td>\n<td style=\"width: 85%;\">\n<p><i class=\"fas fa-clock\"><\/i> <strong>18.00<\/strong> | Gledali\u0161ka in koncertna dvorana Lendava<br \/>\n<strong>prireditev<br \/>\n<\/strong><\/p>\n<p><span style=\"font-size: 24pt;\"><strong>\u00bb\u0160portnik leta 2023\u00ab<\/strong><\/span><\/p>\n<p><span style=\"font-size: 10pt;\">Organizator: <a href=\"https:\/\/www.sz-lendava.si\/\">\u0160portna zveza Lendava\/Lendvai Sportsz\u00f6vets\u00e9g<\/a><\/span><\/p>\n<\/td>\n<\/tr>\n<tr>\n<td style=\"width: 15%;\">\n<p style=\"text-align: center;\"><strong><span style=\"font-size: 24pt;\">20.<\/span><br \/>\n<\/strong><\/p>\n<p style=\"text-align: center;\">sobota<\/p>\n<p style=\"text-align: center;\"><strong>\u00a0<\/strong><img loading=\"lazy\" decoding=\"async\" class=\"alignnone\" title=\"Brezpla\u010dna prireditev\" src=\"https:\/\/www1.kkl.si\/wp-content\/uploads\/2020\/07\/spored_simb_brezplacna-1.svg\" alt=\"brezplacna\" width=\"30\" height=\"30\" \/><\/p>\n<\/td>\n<td style=\"width: 85%;\">\n<p><i class=\"fas fa-clock\"><\/i> <strong>18.00<\/strong> | Gledali\u0161ka in koncertna dvorana Lendava<a href=\"https:\/\/www1.kkl.si\/wp-content\/uploads\/2024\/01\/magyar_kultura_napja_2024.jpg\" data-lbwps-width=\"1772\" data-lbwps-height=\"1194\" data-lbwps-srcsmall=\"https:\/\/www1.kkl.si\/wp-content\/uploads\/2024\/01\/magyar_kultura_napja_2024-400x270.jpg\"><img loading=\"lazy\" decoding=\"async\" class=\"alignright size-thumbnail wp-image-15997\" src=\"https:\/\/www1.kkl.si\/wp-content\/uploads\/2024\/01\/magyar_kultura_napja_2024-150x150.jpg\" alt=\"\" width=\"150\" height=\"150\" \/><\/a><br \/>\n<strong>kulturna prireditev<br \/>\n<\/strong><\/p>\n<p><a href=\"https:\/\/www1.kkl.si\/sl\/vabilo-dan-madzarske-kulture-2024\/\"><span style=\"font-size: 24pt;\"><strong>Dan mad\u017earske kulture 2024<\/strong><\/span><\/a><\/p>\n<p><span style=\"font-size: 10pt;\">Organizator: <a href=\"https:\/\/www.mnmi-zkmn.si\/\">MNMI Lendva \u2013 ZKMN Lendava<\/a><\/span><\/p>\n<\/td>\n<\/tr>\n<tr>\n<td style=\"width: 15%;\">\n<p style=\"text-align: center;\"><strong><span style=\"font-size: 24pt;\">23.<\/span><br \/>\n<\/strong><\/p>\n<p style=\"text-align: center;\">torek<\/p>\n<p style=\"text-align: center;\"><img loading=\"lazy\" decoding=\"async\" class=\"alignnone\" title=\"Slovenski abonma\" src=\"https:\/\/www1.kkl.si\/wp-content\/uploads\/2020\/07\/spored_simb_abonma_si-1.svg\" alt=\"abonma_si\" width=\"30\" height=\"30\" \/>\u00a0 <img loading=\"lazy\" decoding=\"async\" class=\"alignnone\" title=\"Pla\u010dljiva prireditev\" src=\"https:\/\/www1.kkl.si\/wp-content\/uploads\/2020\/07\/spored_simb_placljiva-1.svg\" alt=\"placljiva\" width=\"30\" height=\"30\" \/><\/p>\n<\/td>\n<td style=\"width: 85%;\">\n<p><i class=\"fas fa-clock\"><\/i> <strong>19.00<\/strong> | Gledali\u0161ka in koncertna dvorana Lendava<a href=\"https:\/\/www1.kkl.si\/wp-content\/uploads\/2023\/12\/plakat_B1_ABONMA2023_Predsednice.jpg\" data-lbwps-width=\"2032\" data-lbwps-height=\"2882\" data-lbwps-srcsmall=\"https:\/\/www1.kkl.si\/wp-content\/uploads\/2023\/12\/plakat_B1_ABONMA2023_Predsednice.jpg\"><img loading=\"lazy\" decoding=\"async\" class=\"slika alignright wp-image-15823 size-thumbnail\" src=\"https:\/\/www1.kkl.si\/wp-content\/uploads\/2023\/12\/plakat_B1_ABONMA2023_Predsednice-scaled-150x150.jpg\" alt=\"\" width=\"150\" height=\"150\" srcset=\"https:\/\/www1.kkl.si\/wp-content\/uploads\/2023\/12\/plakat_B1_ABONMA2023_Predsednice-scaled-150x150.jpg 150w, https:\/\/www1.kkl.si\/wp-content\/uploads\/2023\/12\/plakat_B1_ABONMA2023_Predsednice-scaled-375x375.jpg 375w\" sizes=\"auto, (max-width: 150px) 100vw, 150px\" \/><\/a><br \/>\n<strong>\u010drna komedija<br \/>\n<\/strong><\/p>\n<p>Pre\u0161ernovo gledali\u0161\u010de Kranj | Werner Schwab<\/p>\n<p><a href=\"https:\/\/www1.kkl.si\/sl\/presernovo-gledalisce-kranj-predsednice\/\"><span style=\"font-size: 24pt;\"><strong>Predsednice<\/strong><\/span><\/a><\/p>\n<p>Re\u017eiser: Jure Novak<\/p>\n<p><i class=\"fas fa-ticket-alt\"><\/i> Cena vstopnice: predprodaja <strong>15 \u20ac<\/strong>, na dan predstave <strong>18 \u20ac<br \/>\n<\/strong>Vstopnice lahko kupite na blagajni GKD Lendava. <i class=\"fas fa-phone-alt\"><\/i> Telefon: (0)2 577 60 24<\/p>\n<p><span style=\"font-size: 10pt;\">Organizator: <a href=\"https:\/\/www.kkl.si\/\">Knji\u017enica \u2013 Kulturni center Lendava \u2013 Lendvai K\u00f6nyvt\u00e1r \u00e9s Kultur\u00e1lis K\u00f6zpont<\/a><\/span><\/p>\n<\/td>\n<\/tr>\n<tr>\n<td style=\"width: 15%;\">\n<p style=\"text-align: center;\"><strong><span style=\"font-size: 24pt;\">25.<\/span><br \/>\n<\/strong><\/p>\n<p style=\"text-align: center;\">\u010detrtek<\/p>\n<p style=\"text-align: center;\"><strong>\u00a0<\/strong><img loading=\"lazy\" decoding=\"async\" class=\"alignnone\" title=\"Brezpla\u010dna prireditev\" src=\"https:\/\/www1.kkl.si\/wp-content\/uploads\/2020\/07\/spored_simb_brezplacna-1.svg\" alt=\"brezplacna\" width=\"30\" height=\"30\" \/><\/p>\n<\/td>\n<td style=\"width: 85%;\">\n<p><i class=\"fas fa-clock\"><\/i> <strong>18.00<\/strong> | Gledali\u0161ka in koncertna dvorana Lendava<a href=\"https:\/\/www1.kkl.si\/wp-content\/uploads\/2024\/01\/plakat_70cm_GSLuciteljski_koncert_2024_DVOJ.jpg\" data-lbwps-width=\"3571\" data-lbwps-height=\"5000\" data-lbwps-srcsmall=\"https:\/\/www1.kkl.si\/wp-content\/uploads\/2024\/01\/plakat_70cm_GSLuciteljski_koncert_2024_DVOJ.jpg\"><img loading=\"lazy\" decoding=\"async\" class=\"slika alignright wp-image-16018 size-thumbnail\" src=\"https:\/\/www1.kkl.si\/wp-content\/uploads\/2024\/01\/plakat_70cm_GSLuciteljski_koncert_2024_DVOJ-scaled-150x150.jpg\" alt=\"\" width=\"150\" height=\"150\" \/><\/a> <br \/>\n<strong>koncert<br \/>\n<\/strong><\/p>\n<p><a href=\"https:\/\/www1.kkl.si\/sl\/vabilo-koncert-zimska-romanca-uciteljev-glasbene-sole-lendava\/\"><span style=\"font-size: 24pt;\"><strong>Koncert \u00bbZimska romanca\u00ab u\u010diteljev Glasbene \u0161ole Lendava<\/strong><\/span><\/a><\/p>\n<p><em>Na koncertu se bodo zbirali prostovoljni prispevki za \u0161olski sklad G\u0160 Lendava.<\/em><\/p>\n<p><span style=\"font-size: 10pt;\">Organizator: <a href=\"http:\/\/www.gs-lendava.si\/\">\u0160olski sklad Glasbene \u0161ole Lendava\/A Zeneiskola Lendva Iskolai T\u00e1mogat\u00e1si Alapja<\/a><\/span><\/p>\n<\/td>\n<\/tr>\n<tr>\n<td style=\"width: 15%;\">\n<p style=\"text-align: center;\"><span style=\"font-size: 24pt;\"><strong>26.<br \/>\n<\/strong><\/span><\/p>\n<p style=\"text-align: center;\">petek<\/p>\n<p style=\"text-align: center;\"><strong>\u00a0<\/strong><img loading=\"lazy\" decoding=\"async\" class=\"alignnone\" title=\"Brezpla\u010dna prireditev\" src=\"https:\/\/www1.kkl.si\/wp-content\/uploads\/2020\/07\/spored_simb_brezplacna-1.svg\" alt=\"brezplacna\" width=\"30\" height=\"30\" \/><\/p>\n<\/td>\n<td style=\"width: 85%;\">\n<p><i class=\"fas fa-clock\"><\/i> <strong>19.00<\/strong> | Gledali\u0161ka in koncertna dvorana Lendava<a href=\"https:\/\/www1.kkl.si\/wp-content\/uploads\/2024\/01\/MATURA_Plakat_matura-LENDAVA.jpg\" data-lbwps-width=\"2025\" data-lbwps-height=\"3000\" data-lbwps-srcsmall=\"https:\/\/www1.kkl.si\/wp-content\/uploads\/2024\/01\/MATURA_Plakat_matura-LENDAVA.jpg\"><img loading=\"lazy\" decoding=\"async\" class=\"alignright size-thumbnail wp-image-16024\" src=\"https:\/\/www1.kkl.si\/wp-content\/uploads\/2024\/01\/MATURA_Plakat_matura-LENDAVA-scaled-150x150.jpg\" alt=\"\" width=\"150\" height=\"150\" \/><\/a><br \/>\n<strong>komedija v treh delih<br \/>\n<\/strong><\/p>\n<p>Dramska skupina \u0160kofijske gimnazije in Dija\u0161kega doma Zavoda A. M. Slom\u0161ka, Maribor | L\u00e1szl\u00f3 Fodor (Ladislav Fodor)<\/p>\n<p><a href=\"https:\/\/www1.kkl.si\/sl\/vabilo-na-gledalisko-predstavo-matura-fodorjeva-komedija-v-treh-delih\/\"><strong><span style=\"font-size: 24pt;\">Matura<\/span><\/strong><\/a><\/p>\n<p>Re\u017eija in scena: dr. Ivan J. \u0160tuhec<\/p>\n<p><span style=\"font-size: 10pt;\">Organizator: <a href=\"https:\/\/www.z-ams.si\/\">Zavod Antona Martina Slom\u0161ka, Maribor<\/a> in <a href=\"https:\/\/zupnija-lendava.si\/\">\u017dupnija Lendava\/Pl\u00e9b\u00e1nia Lendva<\/a><\/span><\/p>\n<\/td>\n<\/tr>\n<tr>\n<td style=\"width: 15%;\">\n<p style=\"text-align: center;\"><strong><span style=\"font-size: 24pt;\">30.<\/span><br \/>\n<\/strong><\/p>\n<p style=\"text-align: center;\">torek<\/p>\n<p style=\"text-align: center;\"><strong> <img loading=\"lazy\" decoding=\"async\" class=\"alignnone\" title=\"Zaklju\u010dena prireditev\" src=\"https:\/\/www1.kkl.si\/wp-content\/uploads\/2020\/07\/spored_simb_zakljucena-1.svg\" alt=\"zakljucena\" width=\"30\" height=\"30\" \/><\/strong><\/p>\n<\/td>\n<td style=\"width: 85%;\">\n<p><i class=\"fas fa-clock\"><\/i> <strong>10.30<\/strong> | Gledali\u0161ka in koncertna dvorana Lendava<br \/>\n<strong>glasbena pravljica<\/strong> <span class=\"starost\">4+<\/span><\/p>\n<p>Lutkovno gledali\u0161\u010de Ljubljana:<\/p>\n<p><a href=\"https:\/\/www1.kkl.si\/sl\/lutkovno-gledalisce-ljubljana-carovnik-iz-oza\/\"><span style=\"font-size: 24pt;\"><strong>\u010carovnik iz Oza<\/strong><\/span><\/a><\/p>\n<p>Zaklju\u010dena predstava za u\u010dence O\u0160<\/p>\n<p><span style=\"font-size: 10pt;\">Organizator: <a href=\"https:\/\/www.kkl.si\/\">Knji\u017enica \u2013 Kulturni center Lendava \u2013 Lendvai K\u00f6nyvt\u00e1r \u00e9s Kultur\u00e1lis K\u00f6zpont<\/a><\/span><\/p>\n<\/td>\n<\/tr>\n<\/tbody>\n<\/table>\n<p style=\"text-align: center;\"><span style=\"font-size: 10pt;\">Organizatorji si pridr\u017eujejo pravico do spremembe programa.<\/span><\/p>\n","protected":false},"excerpt":{"rendered":"<p>Leto 2024: januar | februar | marec | april | maj | junij | julij | avgust | september | oktober | november | december | ARHIV LEGENDA SIMBOLOV Slovenski abonma Mad\u017earski abonma Zaklju\u010dena prireditev Brezpla\u010dna prireditev Pla\u010dljiva prireditev Novost, sprememba 11. \u010detrtek 18.00 | Avla Gledali\u0161ke in koncertne dvorane Lendava likovna razstava Zala V\u00e1rmegyei [&hellip;]<\/p>\n","protected":false},"author":2,"featured_media":0,"parent":0,"menu_order":0,"comment_status":"closed","ping_status":"closed","template":"","meta":{"footnotes":""},"class_list":["post-15675","page","type-page","status-publish","hentry","post"],"_links":{"self":[{"href":"https:\/\/www1.kkl.si\/sl\/wp-json\/wp\/v2\/pages\/15675","targetHints":{"allow":["GET"]}}],"collection":[{"href":"https:\/\/www1.kkl.si\/sl\/wp-json\/wp\/v2\/pages"}],"about":[{"href":"https:\/\/www1.kkl.si\/sl\/wp-json\/wp\/v2\/types\/page"}],"author":[{"embeddable":true,"href":"https:\/\/www1.kkl.si\/sl\/wp-json\/wp\/v2\/users\/2"}],"replies":[{"embeddable":true,"href":"https:\/\/www1.kkl.si\/sl\/wp-json\/wp\/v2\/comments?post=15675"}],"version-history":[{"count":41,"href":"https:\/\/www1.kkl.si\/sl\/wp-json\/wp\/v2\/pages\/15675\/revisions"}],"predecessor-version":[{"id":20026,"href":"https:\/\/www1.kkl.si\/sl\/wp-json\/wp\/v2\/pages\/15675\/revisions\/20026"}],"wp:attachment":[{"href":"https:\/\/www1.kkl.si\/sl\/wp-json\/wp\/v2\/media?parent=15675"}],"curies":[{"name":"wp","href":"https:\/\/api.w.org\/{rel}","templated":true}]}}