{"id":16114,"date":"2024-01-29T11:50:46","date_gmt":"2024-01-29T10:50:46","guid":{"rendered":"https:\/\/www1.kkl.si\/?page_id=16114"},"modified":"2024-11-25T22:39:28","modified_gmt":"2024-11-25T21:39:28","slug":"spored-2024-02","status":"publish","type":"page","link":"https:\/\/www1.kkl.si\/sl\/spored-2024-02\/","title":{"rendered":"SPORED: februar 2024"},"content":{"rendered":"<p><strong>Leto 2024:<\/strong> <a href=\"https:\/\/www1.kkl.si\/sl\/spored-2024-01\/\">januar<\/a> | <a href=\"https:\/\/www1.kkl.si\/sl\/spored-2024-02\/\">februar<\/a> | <a href=\"https:\/\/www1.kkl.si\/sl\/spored-2024-03\/\">marec<\/a> | <a href=\"https:\/\/www1.kkl.si\/sl\/spored-2024-04\/\">april<\/a> | <a href=\"https:\/\/www1.kkl.si\/sl\/spored-2024-05\/\">maj<\/a> | <a href=\"https:\/\/www1.kkl.si\/sl\/spored-2024-06\/\">junij<\/a> | <a href=\"https:\/\/www1.kkl.si\/sl\/spored-2024-07\/\">julij<\/a> | <a href=\"https:\/\/www1.kkl.si\/sl\/spored-2024-08\/\">avgust<\/a> | <a href=\"https:\/\/www1.kkl.si\/sl\/spored-2024-09\/\">september<\/a> | <a href=\"https:\/\/www1.kkl.si\/sl\/spored-2024-10\/\">oktober<\/a> | <a href=\"https:\/\/www1.kkl.si\/sl\/spored-2024-11\/\">november<\/a> | <a href=\"https:\/\/www1.kkl.si\/sl\/spored-2024-12\/\">december<\/a> | <a href=\"https:\/\/www1.kkl.si\/sl\/arhiv-sporeda\/\">ARHIV<\/a><\/p>\n<div style=\"overflow-x: auto;\">\n<table id=\"spored-legenda\" cellspacing=\"0\" cellpadding=\"5\">\n<tbody>\n<tr>\n<td><strong>LEGENDA<br \/>\nSIMBOLOV<\/strong><\/td>\n<td style=\"vertical-align: middle;\"><img loading=\"lazy\" decoding=\"async\" title=\"Slovenski abonma\" src=\"https:\/\/www1.kkl.si\/wp-content\/uploads\/2020\/07\/spored_simb_abonma_si-1.svg\" alt=\"abonma_si\" width=\"30\" height=\"30\" \/><\/td>\n<td>Slovenski<br \/>\nabonma<\/td>\n<td style=\"vertical-align: middle;\"><img loading=\"lazy\" decoding=\"async\" title=\"Mad\u017earski abonma\" src=\"https:\/\/www1.kkl.si\/wp-content\/uploads\/2020\/07\/spored_simb_abonma_hu-1.svg\" alt=\"abonma_hu\" width=\"30\" height=\"30\" \/><\/td>\n<td>Mad\u017earski<br \/>\nabonma<\/td>\n<td style=\"vertical-align: middle;\"><img loading=\"lazy\" decoding=\"async\" title=\"Zaklju\u010dena prireditev\" src=\"https:\/\/www1.kkl.si\/wp-content\/uploads\/2020\/07\/spored_simb_zakljucena-1.svg\" alt=\"zakljucena\" width=\"30\" height=\"30\" \/><\/td>\n<td>Zaklju\u010dena<br \/>\nprireditev<\/td>\n<td style=\"vertical-align: middle;\"><img loading=\"lazy\" decoding=\"async\" title=\"Brezpla\u010dna prireditev\" src=\"https:\/\/www1.kkl.si\/wp-content\/uploads\/2020\/07\/spored_simb_brezplacna-1.svg\" alt=\"brezplacna\" width=\"30\" height=\"30\" \/><\/td>\n<td>Brezpla\u010dna<br \/>\nprireditev<\/td>\n<td style=\"vertical-align: middle;\"><img loading=\"lazy\" decoding=\"async\" title=\"Pla\u010dljiva prireditev\" src=\"https:\/\/www1.kkl.si\/wp-content\/uploads\/2020\/07\/spored_simb_placljiva-1.svg\" alt=\"placljiva\" width=\"30\" height=\"30\" \/><\/td>\n<td>Pla\u010dljiva<br \/>\nprireditev<\/td>\n<td style=\"vertical-align: middle;\"><img loading=\"lazy\" decoding=\"async\" title=\"Novost, sprememba\" src=\"https:\/\/www1.kkl.si\/wp-content\/uploads\/2020\/07\/spored_simb_novost-1.svg\" alt=\"novost\" width=\"30\" height=\"30\" \/><\/td>\n<td>Novost,<br \/>\nsprememba<\/td>\n<\/tr>\n<\/tbody>\n<\/table>\n<\/div>\n<table id=\"sporedtabela\" style=\"width: 100%;\">\n<tbody>\n<tr>\n<td style=\"width: 15%; text-align: center;\">\n<p style=\"text-align: center;\"><span style=\"font-size: 24pt;\"><strong>1.<br \/>\n<\/strong><\/span><\/p>\n<p>\u010detrtek<\/p>\n<p><strong> <img loading=\"lazy\" decoding=\"async\" class=\"alignnone\" title=\"Brezpla\u010dna prireditev\" src=\"https:\/\/www1.kkl.si\/wp-content\/uploads\/2020\/07\/spored_simb_brezplacna-1.svg\" alt=\"brezplacna\" width=\"30\" height=\"30\" \/><\/strong><\/p>\n<\/td>\n<td style=\"width: 85%;\">\n<p><i class=\"fas fa-clock\"><\/i> <strong>8.15\u201320.30<\/strong> | Gledali\u0161ka in koncertna dvorana Lendava<a href=\"https:\/\/www1.kkl.si\/wp-content\/uploads\/2024\/01\/BALTEK16.png\" data-lbwps-width=\"1748\" data-lbwps-height=\"2480\" data-lbwps-srcsmall=\"https:\/\/www1.kkl.si\/wp-content\/uploads\/2024\/01\/BALTEK16-282x400.png\"><img loading=\"lazy\" decoding=\"async\" class=\"slika alignright wp-image-16131 size-thumbnail\" src=\"https:\/\/www1.kkl.si\/wp-content\/uploads\/2024\/01\/BALTEK16-150x150.png\" alt=\"\" width=\"150\" height=\"150\" \/><\/a><br \/>\n<strong>baletno tekmovanje<br \/>\n<\/strong><\/p>\n<p><span style=\"font-size: 24pt;\"><a href=\"https:\/\/www1.kkl.si\/sl\/baltek-2024-16-tekmovanje-mladih-slovenskih-baletnih-plesalcev\/\"><strong>16. tekmovanje mladih slovenskih baletnih plesalcev \u2013 BALTEK 2024<\/strong><\/a><\/span><\/p>\n<ul>\n<li>Dodatne informacije: <a href=\"https:\/\/www.zsgs.si\/classes\/16-tekmovanje-mladih-slovenskih-baletnih-plesalcev-baltek-2024\/\">BALTEK 2024<\/a><\/li>\n<li><i class=\"fas fa-file-pdf\"><\/i> <a href=\"https:\/\/www.zsgs.si\/wp-content\/uploads\/2024\/01\/16.-tekmovanje-BALTEK_2024_Tekmovalna-knjizica.pdf\">Tekmovalna knji\u017eica<\/a> (pdf, 1,95 MB)<\/li>\n<\/ul>\n<p><span style=\"font-size: 10pt;\">Organizator: <a href=\"https:\/\/www.zsgs.si\/\">Zveza slovenskih glasbenih \u0161ol<\/a><\/span><\/p>\n<\/td>\n<\/tr>\n<tr>\n<td style=\"width: 15%; text-align: center;\">\n<p style=\"text-align: center;\"><span style=\"font-size: 24pt;\"><strong>2.<br \/>\n<\/strong><\/span><\/p>\n<p>petek<\/p>\n<p style=\"text-align: center;\"><strong> <img loading=\"lazy\" decoding=\"async\" class=\"alignnone\" title=\"Brezpla\u010dna prireditev\" src=\"https:\/\/www1.kkl.si\/wp-content\/uploads\/2020\/07\/spored_simb_brezplacna-1.svg\" alt=\"brezplacna\" width=\"30\" height=\"30\" \/><\/strong><\/p>\n<\/td>\n<td style=\"width: 85%;\">\n<p><i class=\"fas fa-clock\"><\/i> <strong>9.00\u201320.00<\/strong> | Gledali\u0161ka in koncertna dvorana Lendava<a href=\"https:\/\/www1.kkl.si\/wp-content\/uploads\/2024\/01\/BALTEK16.png\" data-lbwps-width=\"1748\" data-lbwps-height=\"2480\" data-lbwps-srcsmall=\"https:\/\/www1.kkl.si\/wp-content\/uploads\/2024\/01\/BALTEK16-282x400.png\"><img loading=\"lazy\" decoding=\"async\" class=\"slika alignright wp-image-16131 size-thumbnail\" src=\"https:\/\/www1.kkl.si\/wp-content\/uploads\/2024\/01\/BALTEK16-150x150.png\" alt=\"\" width=\"150\" height=\"150\" \/><\/a><br \/>\n<strong>baletno tekmovanje<\/strong><\/p>\n<p><span style=\"font-size: 24pt;\"><a href=\"https:\/\/www1.kkl.si\/sl\/baltek-2024-16-tekmovanje-mladih-slovenskih-baletnih-plesalcev\/\"><strong>16. tekmovanje mladih slovenskih baletnih plesalcev \u2013 BALTEK 2024<\/strong><\/a><\/span><\/p>\n<ul>\n<li>Dodatne informacije: <a href=\"https:\/\/www.zsgs.si\/classes\/16-tekmovanje-mladih-slovenskih-baletnih-plesalcev-baltek-2024\/\">BALTEK 2024<\/a><\/li>\n<li><i class=\"fas fa-file-pdf\"><\/i> <a href=\"https:\/\/www.zsgs.si\/wp-content\/uploads\/2024\/01\/16.-tekmovanje-BALTEK_2024_Tekmovalna-knjizica.pdf\">Tekmovalna knji\u017eica<\/a> (pdf, 1,95 MB)<\/li>\n<\/ul>\n<p><span style=\"font-size: 10pt;\">Organizator: <a href=\"https:\/\/www.zsgs.si\/\">Zveza slovenskih glasbenih \u0161ol<\/a><\/span><\/p>\n<\/td>\n<\/tr>\n<tr>\n<td style=\"width: 15%; text-align: center;\">\n<p><span style=\"font-size: 24pt;\"><strong>3.<br \/>\n<\/strong><\/span><\/p>\n<p>sobota<\/p>\n<p><strong><img loading=\"lazy\" decoding=\"async\" class=\"alignnone\" title=\"Brezpla\u010dna prireditev\" src=\"https:\/\/www1.kkl.si\/wp-content\/uploads\/2020\/07\/spored_simb_brezplacna-1.svg\" alt=\"brezplacna\" width=\"30\" height=\"30\" \/>\u00a0<\/strong><\/p>\n<\/td>\n<td style=\"width: 85%;\">\n<p><i class=\"fas fa-clock\"><\/i> <strong>10.00\u201318.00<\/strong> | Gledali\u0161ka in koncertna dvorana Lendava<a href=\"https:\/\/www1.kkl.si\/wp-content\/uploads\/2024\/01\/BALTEK16.png\" data-lbwps-width=\"1748\" data-lbwps-height=\"2480\" data-lbwps-srcsmall=\"https:\/\/www1.kkl.si\/wp-content\/uploads\/2024\/01\/BALTEK16-282x400.png\"><img loading=\"lazy\" decoding=\"async\" class=\"slika alignright wp-image-16131 size-thumbnail\" src=\"https:\/\/www1.kkl.si\/wp-content\/uploads\/2024\/01\/BALTEK16-150x150.png\" alt=\"\" width=\"150\" height=\"150\" \/><\/a><br \/>\n<strong>baletno tekmovanje<\/strong><\/p>\n<p><span style=\"font-size: 24pt;\"><a href=\"https:\/\/www1.kkl.si\/sl\/baltek-2024-16-tekmovanje-mladih-slovenskih-baletnih-plesalcev\/\"><strong>16. tekmovanje mladih slovenskih baletnih plesalcev \u2013 BALTEK 2024<\/strong><\/a><\/span><\/p>\n<ul>\n<li>Dodatne informacije: <a href=\"https:\/\/www.zsgs.si\/classes\/16-tekmovanje-mladih-slovenskih-baletnih-plesalcev-baltek-2024\/\">BALTEK 2024<\/a><\/li>\n<li><i class=\"fas fa-file-pdf\"><\/i> <a href=\"https:\/\/www.zsgs.si\/wp-content\/uploads\/2024\/01\/16.-tekmovanje-BALTEK_2024_Tekmovalna-knjizica.pdf\">Tekmovalna knji\u017eica<\/a> (pdf, 1,95 MB)<\/li>\n<\/ul>\n<blockquote>\n<p>Slavnostni koncert nagrajenk in nagrajencev: <strong>sobota, 3. februar 2024, ob 16.00<\/strong><\/p>\n<\/blockquote>\n<p><span style=\"font-size: 10pt;\">Organizator: <a href=\"https:\/\/www.zsgs.si\/\">Zveza slovenskih glasbenih \u0161ol<\/a><\/span><\/p>\n<\/td>\n<\/tr>\n<tr>\n<td style=\"width: 15%;\">\n<p style=\"text-align: center;\"><strong><span style=\"font-size: 24pt;\">7.<\/span><br \/>\n<\/strong><\/p>\n<p style=\"text-align: center;\">sreda<\/p>\n<p style=\"text-align: center;\"><strong><span style=\"font-size: 24pt;\"> <img loading=\"lazy\" decoding=\"async\" class=\"alignnone\" title=\"Brezpla\u010dna prireditev\" src=\"https:\/\/www1.kkl.si\/wp-content\/uploads\/2020\/07\/spored_simb_brezplacna-1.svg\" alt=\"brezplacna\" width=\"30\" height=\"30\" \/><\/span><\/strong><\/p>\n<\/td>\n<td style=\"width: 85%;\">\n<p><i class=\"fas fa-clock\"><\/i> <strong>17.00<\/strong> | Gledali\u0161ka in koncertna dvorana Lendava<a href=\"https:\/\/www1.kkl.si\/wp-content\/uploads\/2024\/01\/PLAKAT_slovkult_praznik2024.png\" data-lbwps-width=\"2143\" data-lbwps-height=\"3000\" data-lbwps-srcsmall=\"https:\/\/www1.kkl.si\/wp-content\/uploads\/2024\/01\/PLAKAT_slovkult_praznik2024-286x400.png\"><img loading=\"lazy\" decoding=\"async\" class=\"alignright size-thumbnail wp-image-16161\" src=\"https:\/\/www1.kkl.si\/wp-content\/uploads\/2024\/01\/PLAKAT_slovkult_praznik2024-e1706633717428-150x150.png\" alt=\"\" width=\"150\" height=\"150\" \/><\/a><br \/>\n<strong>kulturna prireditev<br \/>\n<\/strong><\/p>\n<p><strong><span style=\"font-size: 24pt;\"><a href=\"https:\/\/www1.kkl.si\/sl\/slovenski-kulturni-praznik-2024\/\">Slovesnost ob slovenskem kulturnem prazniku 2024<\/a><br \/>\n<\/span><\/strong><\/p>\n<p>Podelitev priznanj Ob\u010dine Lendava za dose\u017eke na podro\u010dju kulture.<br \/>\nV avli Gledali\u0161ke in koncertne dvorane Lendave bodo razstavljena dela lanskoletne nagrajenke <strong>Klarise Jovanovi\u0107<\/strong>.<\/p>\n<p><span style=\"font-size: 10pt;\">Organizator: <a href=\"https:\/\/www.lendava.si\/\">Ob\u010dina Lendava\/Lendva K\u00f6zs\u00e9g<\/a><\/span><span style=\"font-size: 10pt;\">, <a href=\"https:\/\/www.kkl.si\/\">Knji\u017enica \u2013 Kulturni center Lendava \u2013 Lendvai K\u00f6nyvt\u00e1r \u00e9s Kultur\u00e1lis K\u00f6zpont<\/a><\/span><\/p>\n<\/td>\n<\/tr>\n<tr>\n<td style=\"width: 15%;\">\n<p style=\"text-align: center;\"><strong><span style=\"font-size: 24pt;\">11.<\/span><br \/>\n<\/strong><\/p>\n<p style=\"text-align: center;\">nedelja<\/p>\n<p style=\"text-align: center;\"><strong>\u00a0<img loading=\"lazy\" decoding=\"async\" class=\"alignnone\" title=\"Brezpla\u010dna prireditev\" src=\"https:\/\/www1.kkl.si\/wp-content\/uploads\/2020\/07\/spored_simb_brezplacna-1.svg\" alt=\"brezplacna\" width=\"30\" height=\"30\" \/><\/strong><\/p>\n<\/td>\n<td style=\"width: 85%;\">\n<p><i class=\"fas fa-clock\"><\/i> <strong>14.00<\/strong> | letni oder Gledali\u0161ke in koncertne dvorane Lendava<a href=\"https:\/\/www1.kkl.si\/wp-content\/uploads\/2024\/02\/pustovanje_2024.jpg\" data-lbwps-width=\"1200\" data-lbwps-height=\"843\" data-lbwps-srcsmall=\"https:\/\/www1.kkl.si\/wp-content\/uploads\/2024\/02\/pustovanje_2024-400x281.jpg\"><img loading=\"lazy\" decoding=\"async\" class=\"alignright size-thumbnail wp-image-16339\" src=\"https:\/\/www1.kkl.si\/wp-content\/uploads\/2024\/02\/pustovanje_2024-150x150.jpg\" alt=\"\" width=\"150\" height=\"150\" \/><\/a><br \/>\n<strong>zabavna prireditev<br \/>\n<\/strong><\/p>\n<p><a href=\"https:\/\/www1.kkl.si\/sl\/pustovanje-v-lendavi-2024\/\"><span style=\"font-size: 24pt;\"><strong>Pustovanje v Lendavi na letnem odru*<\/strong><\/span><\/a><\/p>\n<p>V primeru slabega vremena bo prireditev potekala v preddverju.<\/p>\n<p><span style=\"font-size: 10pt;\">Organizator: Mestna skupnost Lendava<\/span><\/p>\n<\/td>\n<\/tr>\n<tr>\n<td style=\"width: 15%;\">\n<p style=\"text-align: center;\"><strong><span style=\"font-size: 24pt;\">15.<\/span><br \/>\n<\/strong><\/p>\n<p style=\"text-align: center;\">\u010detrtek<\/p>\n<p style=\"text-align: center;\"><img loading=\"lazy\" decoding=\"async\" class=\"alignnone\" title=\"Slovenski abonma\" src=\"https:\/\/www1.kkl.si\/wp-content\/uploads\/2020\/07\/spored_simb_abonma_si-1.svg\" alt=\"abonma_si\" width=\"30\" height=\"30\" \/>\u00a0 <img loading=\"lazy\" decoding=\"async\" class=\"alignnone\" title=\"Pla\u010dljiva prireditev\" src=\"https:\/\/www1.kkl.si\/wp-content\/uploads\/2020\/07\/spored_simb_placljiva-1.svg\" alt=\"placljiva\" width=\"30\" height=\"30\" \/><\/p>\n<\/td>\n<td style=\"width: 85%;\">\n<p><i class=\"fas fa-clock\"><\/i> <strong>19.00<\/strong> | Gledali\u0161ka in koncertna dvorana Lendava<a href=\"https:\/\/www1.kkl.si\/wp-content\/uploads\/2024\/01\/plakat_B1_ABONMA_Oleanna_2024_DVOJ.jpg\" data-lbwps-width=\"1750\" data-lbwps-height=\"2500\" data-lbwps-srcsmall=\"https:\/\/www1.kkl.si\/wp-content\/uploads\/2024\/01\/plakat_B1_ABONMA_Oleanna_2024_DVOJ-280x400.jpg\"><img loading=\"lazy\" decoding=\"async\" class=\"alignright size-thumbnail wp-image-16229\" src=\"https:\/\/www1.kkl.si\/wp-content\/uploads\/2024\/01\/plakat_B1_ABONMA_Oleanna_2024_DVOJ-150x150.jpg\" alt=\"\" width=\"150\" height=\"150\" \/><\/a><br \/>\n<strong>drama<br \/>\n<\/strong><\/p>\n<p>SNG Nova Gorica:<\/p>\n<p><a href=\"https:\/\/www1.kkl.si\/sl\/sng-nova-gorica-oleanna\/\"><span style=\"font-size: 24pt;\"><strong>Oleanna<\/strong><\/span><\/a><\/p>\n<p><i class=\"fas fa-ticket-alt\"><\/i> Cena vstopnice: predprodaja <strong>15 \u20ac<\/strong>, na dan predstave <strong>18 \u20ac<br \/>\n<\/strong>Vstopnice lahko kupite na blagajni GKD Lendava. <i class=\"fas fa-phone-alt\"><\/i> Telefon: (0)2 577 60 24<\/p>\n<p><span style=\"font-size: 10pt;\">Organizator: <a href=\"https:\/\/www.kkl.si\/\">Knji\u017enica \u2013 Kulturni center Lendava \u2013 Lendvai K\u00f6nyvt\u00e1r \u00e9s Kultur\u00e1lis K\u00f6zpont<\/a><\/span><\/p>\n<\/td>\n<\/tr>\n<tr>\n<td style=\"width: 15%;\">\n<p style=\"text-align: center;\"><strong><span style=\"font-size: 24pt;\">17.<\/span><br \/>\n<\/strong><\/p>\n<p style=\"text-align: center;\">sobota<\/p>\n<p style=\"text-align: center;\">\u00a0 <img loading=\"lazy\" decoding=\"async\" class=\"alignnone\" title=\"Pla\u010dljiva prireditev\" src=\"https:\/\/www1.kkl.si\/wp-content\/uploads\/2020\/07\/spored_simb_placljiva-1.svg\" alt=\"placljiva\" width=\"30\" height=\"30\" \/><\/p>\n<\/td>\n<td style=\"width: 85%;\">\n<p><i class=\"fas fa-clock\"><\/i> <strong>19.00<\/strong> | Gledali\u0161ka in koncertna dvorana Lendava<a href=\"https:\/\/www1.kkl.si\/wp-content\/uploads\/2024\/02\/Portugal-plakat2024.jpg\" data-lbwps-width=\"2100\" data-lbwps-height=\"3000\" data-lbwps-srcsmall=\"https:\/\/www1.kkl.si\/wp-content\/uploads\/2024\/02\/Portugal-plakat2024.jpg\"><img loading=\"lazy\" decoding=\"async\" class=\"slika alignright wp-image-16288 size-thumbnail\" src=\"https:\/\/www1.kkl.si\/wp-content\/uploads\/2024\/02\/Portugal-plakat2024-scaled-e1707142637495-150x150.jpg\" alt=\"\" width=\"150\" height=\"150\" \/><\/a><br \/>\n<strong>gledali\u0161ka predstava v mad\u017earskem jeziku <span class=\"starost\">14+<\/span><br \/>\n<\/strong><\/p>\n<p>LESZSZ T\u00c1RSULAT | Egressy Zolt\u00e1n:<\/p>\n<p><a href=\"https:\/\/www1.kkl.si\/sl\/leszsz-tarsulat-egressy-zoltan-portugal-2\/\"><span style=\"font-size: 24pt;\"><strong>Portug\u00e1l<\/strong><\/span><\/a><\/p>\n<p><i class=\"fas fa-ticket-alt\"><\/i> Vstopnina: <strong>8 \u20ac<\/strong>, dijaki in \u0161tudentje <strong>5 \u20ac<\/strong>.<br \/>\nVstopnice se dobijo v Centru B\u00e1nffy (Glavna ulica 32) v Lendavi. <i class=\"fas fa-phone-alt\"><\/i> Telefon: +386 (0)2 577 6660<\/p>\n<p><span style=\"font-size: 10pt;\">Organizator: <a href=\"https:\/\/www.mnmi-zkmn.si\/\">MNMI Lendva \u2013 ZKMN Lendava<\/a><\/span><\/p>\n<\/td>\n<\/tr>\n<tr>\n<td style=\"width: 15%;\">\n<p style=\"text-align: center;\"><strong><span style=\"font-size: 24pt;\">23.<\/span><br \/>\n<\/strong><\/p>\n<p style=\"text-align: center;\">petek<\/p>\n<p style=\"text-align: center;\"><img loading=\"lazy\" decoding=\"async\" class=\"alignnone\" title=\"Pla\u010dljiva prireditev\" src=\"https:\/\/www1.kkl.si\/wp-content\/uploads\/2020\/07\/spored_simb_placljiva-1.svg\" alt=\"placljiva\" width=\"30\" height=\"30\" \/><\/p>\n<\/td>\n<td style=\"width: 85%;\">\n<p><i class=\"fas fa-clock\"><\/i> <strong>20.00<\/strong> | Gledali\u0161ka in koncertna dvorana Lendava<a href=\"https:\/\/www1.kkl.si\/wp-content\/uploads\/2024\/01\/zan_sercic_koncert_2024.jpg\" data-lbwps-width=\"1440\" data-lbwps-height=\"1440\" data-lbwps-srcsmall=\"https:\/\/www1.kkl.si\/wp-content\/uploads\/2024\/01\/zan_sercic_koncert_2024-400x400.jpg\"><img loading=\"lazy\" decoding=\"async\" class=\"slika alignright wp-image-16141 size-thumbnail\" src=\"https:\/\/www1.kkl.si\/wp-content\/uploads\/2024\/01\/zan_sercic_koncert_2024-150x150.jpg\" alt=\"\" width=\"150\" height=\"150\" srcset=\"https:\/\/www1.kkl.si\/wp-content\/uploads\/2024\/01\/zan_sercic_koncert_2024-150x150.jpg 150w, https:\/\/www1.kkl.si\/wp-content\/uploads\/2024\/01\/zan_sercic_koncert_2024-400x400.jpg 400w, https:\/\/www1.kkl.si\/wp-content\/uploads\/2024\/01\/zan_sercic_koncert_2024.jpg 1440w\" sizes=\"auto, (max-width: 150px) 100vw, 150px\" \/><\/a><br \/>\n<strong>koncert<\/strong><\/p>\n<p><a href=\"https:\/\/www1.kkl.si\/sl\/zan-sercic-ljubezenske-igre\/\"><span style=\"font-size: 24pt;\"><strong>\u017dan Ser\u010di\u010d<\/strong><\/span><span style=\"font-size: 24pt;\"><strong>: Ljubezenske igre<\/strong><\/span><\/a><\/p>\n<p><i class=\"fas fa-ticket-alt\"><\/i> Vstopnice prodajata <a href=\"https:\/\/www.eventim.si\/si\/vstopnice\/zan-sercic-kulturni-center-lendava-1395243\/performance.html\">EVENTIM<\/a> in <a href=\"https:\/\/petrol-ticket.si\/si\/event\/E628864\/zan-sercic-kulturni-center-lendava-lendava\">PETROL<\/a>.<\/p>\n<p><span style=\"font-size: 10pt;\">Organizator: <a href=\"https:\/\/www.eventstar.si\/\">EVENTSTAR d.o.o<\/a><\/span><\/p>\n<\/td>\n<\/tr>\n<\/tbody>\n<\/table>\n<p style=\"text-align: center;\"><span style=\"font-size: 10pt;\">Organizatorji si pridr\u017eujejo pravico do spremembe programa.<\/span><\/p>\n","protected":false},"excerpt":{"rendered":"<p>Leto 2024: januar | februar | marec | april | maj | junij | julij | avgust | september | oktober | november | december | ARHIV LEGENDA SIMBOLOV Slovenski abonma Mad\u017earski abonma Zaklju\u010dena prireditev Brezpla\u010dna prireditev Pla\u010dljiva prireditev Novost, sprememba 1. \u010detrtek 8.15\u201320.30 | Gledali\u0161ka in koncertna dvorana Lendava baletno tekmovanje 16. tekmovanje mladih [&hellip;]<\/p>\n","protected":false},"author":2,"featured_media":0,"parent":0,"menu_order":0,"comment_status":"closed","ping_status":"closed","template":"","meta":{"footnotes":""},"class_list":["post-16114","page","type-page","status-publish","hentry","post"],"_links":{"self":[{"href":"https:\/\/www1.kkl.si\/sl\/wp-json\/wp\/v2\/pages\/16114","targetHints":{"allow":["GET"]}}],"collection":[{"href":"https:\/\/www1.kkl.si\/sl\/wp-json\/wp\/v2\/pages"}],"about":[{"href":"https:\/\/www1.kkl.si\/sl\/wp-json\/wp\/v2\/types\/page"}],"author":[{"embeddable":true,"href":"https:\/\/www1.kkl.si\/sl\/wp-json\/wp\/v2\/users\/2"}],"replies":[{"embeddable":true,"href":"https:\/\/www1.kkl.si\/sl\/wp-json\/wp\/v2\/comments?post=16114"}],"version-history":[{"count":76,"href":"https:\/\/www1.kkl.si\/sl\/wp-json\/wp\/v2\/pages\/16114\/revisions"}],"predecessor-version":[{"id":20025,"href":"https:\/\/www1.kkl.si\/sl\/wp-json\/wp\/v2\/pages\/16114\/revisions\/20025"}],"wp:attachment":[{"href":"https:\/\/www1.kkl.si\/sl\/wp-json\/wp\/v2\/media?parent=16114"}],"curies":[{"name":"wp","href":"https:\/\/api.w.org\/{rel}","templated":true}]}}