{"id":16299,"date":"2024-02-06T12:10:34","date_gmt":"2024-02-06T11:10:34","guid":{"rendered":"https:\/\/www1.kkl.si\/?page_id=16299"},"modified":"2024-02-06T12:11:30","modified_gmt":"2024-02-06T11:11:30","slug":"leszsz-tarsulat-egressy-zoltan-portugal-2","status":"publish","type":"page","link":"https:\/\/www1.kkl.si\/sl\/leszsz-tarsulat-egressy-zoltan-portugal-2\/","title":{"rendered":"LESZSZ T\u00c1RSULAT | Egressy Zolt\u00e1n: Portug\u00e1l"},"content":{"rendered":"<div class=\"opis\"><i class=\"fas fa-clock\"><\/i> <strong>sobota, 17. februar 2024, ob 19.00 uri<\/strong> | Gledali\u0161ka in koncertna dvorana Lendava<img loading=\"lazy\" decoding=\"async\" class=\"alignright\" title=\"Pla\u010dljiva prireditev\" src=\"https:\/\/www1.kkl.si\/wp-content\/uploads\/\/2020\/07\/spored_simb_placljiva-1.svg\" alt=\"placljiva\" width=\"30\" height=\"30\" \/><br \/>\n<i class=\"fas fa-chevron-circle-right\"><\/i> <strong>gledali\u0161ka predstava v mad\u017earskem jeziku <span class=\"starost\">14+<\/span><br \/>\n<\/strong><i class=\"fas fa-ticket-alt\"><\/i> Vstopnina: <strong>8 \u20ac<\/strong>, dijaki in \u0161tudentje <strong>5 \u20ac<\/strong>.<br \/>\nVstopnice se dobijo v Centru B\u00e1nffy (Glavna ulica 32) v Lendavi. <i class=\"fas fa-phone-alt\"><\/i> +386 (0)2 577 6660 <br \/>\nOrganizator: <a href=\"https:\/\/www.mnmi-zkmn.si\/\">MNMI Lendva \u2013 ZKMN Lendava<\/a><\/div>\n<p><a href=\"https:\/\/www1.kkl.si\/wp-content\/uploads\/2024\/02\/Portugal-plakat2024.jpg\" data-lbwps-width=\"2100\" data-lbwps-height=\"3000\" data-lbwps-srcsmall=\"https:\/\/www1.kkl.si\/wp-content\/uploads\/2024\/02\/Portugal-plakat2024.jpg\"><img loading=\"lazy\" decoding=\"async\" class=\"alignright size-medium wp-image-16288\" src=\"https:\/\/www1.kkl.si\/wp-content\/uploads\/2024\/02\/Portugal-plakat2024-scaled-280x400.jpg\" alt=\"\" width=\"280\" height=\"400\" srcset=\"https:\/\/www1.kkl.si\/wp-content\/uploads\/2024\/02\/Portugal-plakat2024-scaled-280x400.jpg 280w, https:\/\/www1.kkl.si\/wp-content\/uploads\/2024\/02\/Portugal-plakat2024-scaled-1050x1500.jpg 1050w, https:\/\/www1.kkl.si\/wp-content\/uploads\/2024\/02\/Portugal-plakat2024-scaled.jpg 1792w\" sizes=\"auto, (max-width: 280px) 100vw, 280px\" \/><\/a>Gledali\u0161ka skupina LeSzSz T\u00e1rsulat vas vabi na reprizo predstave <strong>Zolt\u00e1n Egressy: PORTUGAL.<\/strong><\/p>\n<p><em>Portugal<\/em> je najve\u010dkrat uprizarjana sodobna mad\u017earska gledali\u0161ka igra v zadnjih letih. Zgodilo se je celo, da je prvo odrsko delo Zolt\u00e1na Egressyja v enem letu uprizorilo kar \u0161est gledali\u0161\u010d. Predstavo gledali\u0161\u010da Katona J\u00f3zsef Sz\u00ednh\u00e1z iz Budimpe\u0161te, predstavljeno leta 1998, si je leta 2011 lahko ogledalo tudi lendavsko ob\u010dinstvo.<\/p>\n<p>Dogajanje je postavljeno v fiktivno mad\u017earsko vas Irg\u00e1cs, natan\u010dneje v va\u0161ko gostilno, ki je seveda \u017eari\u0161\u010de lokalnega javnega in zasebnega \u017eivljenja. V tem okolju se znajde Bece, mladeni\u010d s pisateljskimi ambicijami, ki je na poti v Portugalsko, dr\u017eavo svojih sanj. Pri\u010da smo ljubezni, ljubosumju, sanjarjenju, drobnim potegav\u0161\u010dinam ter razli\u010dnim stopnjam telesnega in du\u0161evnega propadanja, ki jih povzro\u010da alkohol. Kot v vseh dobrih odrskih delih so elementi komedije, tragedije in lirike tudi tu nelo\u010dljivo prisotni.<\/p>\n<p>\nIgrajo:<\/p>\n<p>KR\u010cMARICA (Lujza) \u2013 <strong>Piroska V\u00f6r\u00f6s<\/strong><br \/>\nMASNI, h\u010di Brigitta \u2013 <strong>Izabella Buti<\/strong><br \/>\nBECE \u2013 <strong>\u00c1lmos Kova\u010d<\/strong><br \/>\nRETEK \u2013 <strong>Patrik Gal<\/strong><br \/>\nDUHOVNICA \u2013 <strong>Kornelija Torha\u010d Horvat<\/strong> <br \/>\nCSIPESZ \u2013 <strong>Ladislav Kopinja<\/strong><br \/>\n\u017dENSKA \u2013 <strong>Tanja Kolo\u0161a<\/strong> <br \/>\nSATAN \u2013 <strong>Jan Horvat<\/strong> <br \/>\n\u017dENA \u2013 <strong>Barbara Tivadar<\/strong><\/p>\n<p>Re\u017eiser\/dramaturg: <strong>J\u00e1nos Reg\u0151s<\/strong><br \/>\nMojster lu\u010di: <strong>Nikolaj Ba\u017eika<\/strong><br \/>\nTonski tehnik: <strong>Ludvik G\u00f6nc<\/strong><br \/>\nScenografija in kostumi: <strong>skupno delo<\/strong><\/p>\n<p>\n<strong>Predstavo so podprli:<\/strong><br \/>\nZavod za kulturo mad\u017earske narodnosti Lendava <br \/>\nKnji\u017enica \u2013 Kulturni center Lendava <br \/>\nCsaba Formanek in gledali\u0161\u010de Kett\u0151spont Sz\u00ednh\u00e1z<br \/>\nGy\u00f6rgy Nyakas in gosti\u0161\u010de v G\u00e1borj\u00e1nh\u00e1zi <br \/>\nFerenc Horv\u00e1th, proizvajalec sode iz Lentija<\/p>\n<p>\n<strong>Medijski pokrovitelji:<\/strong> <br \/>\nMMR<br \/>\nHidak\/Mostovi<br \/>\nN\u00e9p\u00fajs\u00e1g<\/p>\n<p>&nbsp;<\/p>\n<p>Povezava: <a href=\"https:\/\/www.mnmi-zkmn.si\/sl\/event\/zoltan-egressy-portugal\/\">https:\/\/www.mnmi-zkmn.si\/sl\/event\/zoltan-egressy-portugal\/<\/a><\/p>\n","protected":false},"excerpt":{"rendered":"<p>sobota, 17. februar 2024, ob 19.00 uri | Gledali\u0161ka in koncertna dvorana Lendava gledali\u0161ka predstava v mad\u017earskem jeziku 14+ Vstopnina: 8 \u20ac, dijaki in \u0161tudentje 5 \u20ac. Vstopnice se dobijo v Centru B\u00e1nffy (Glavna ulica 32) v Lendavi. +386 (0)2 577 6660 Organizator: MNMI Lendva \u2013 ZKMN Lendava Gledali\u0161ka skupina LeSzSz T\u00e1rsulat vas vabi na [&hellip;]<\/p>\n","protected":false},"author":2,"featured_media":16288,"parent":0,"menu_order":0,"comment_status":"closed","ping_status":"closed","template":"","meta":{"footnotes":""},"class_list":["post-16299","page","type-page","status-publish","has-post-thumbnail","hentry","post","post-with-thumbnail","post-with-thumbnail-icon"],"_links":{"self":[{"href":"https:\/\/www1.kkl.si\/sl\/wp-json\/wp\/v2\/pages\/16299","targetHints":{"allow":["GET"]}}],"collection":[{"href":"https:\/\/www1.kkl.si\/sl\/wp-json\/wp\/v2\/pages"}],"about":[{"href":"https:\/\/www1.kkl.si\/sl\/wp-json\/wp\/v2\/types\/page"}],"author":[{"embeddable":true,"href":"https:\/\/www1.kkl.si\/sl\/wp-json\/wp\/v2\/users\/2"}],"replies":[{"embeddable":true,"href":"https:\/\/www1.kkl.si\/sl\/wp-json\/wp\/v2\/comments?post=16299"}],"version-history":[{"count":2,"href":"https:\/\/www1.kkl.si\/sl\/wp-json\/wp\/v2\/pages\/16299\/revisions"}],"predecessor-version":[{"id":16303,"href":"https:\/\/www1.kkl.si\/sl\/wp-json\/wp\/v2\/pages\/16299\/revisions\/16303"}],"wp:featuredmedia":[{"embeddable":true,"href":"https:\/\/www1.kkl.si\/sl\/wp-json\/wp\/v2\/media\/16288"}],"wp:attachment":[{"href":"https:\/\/www1.kkl.si\/sl\/wp-json\/wp\/v2\/media?parent=16299"}],"curies":[{"name":"wp","href":"https:\/\/api.w.org\/{rel}","templated":true}]}}