{"id":16314,"date":"2024-02-09T15:13:54","date_gmt":"2024-02-09T14:13:54","guid":{"rendered":"https:\/\/www1.kkl.si\/?page_id=16314"},"modified":"2024-02-09T15:34:53","modified_gmt":"2024-02-09T14:34:53","slug":"zan-sercic-ljubezenske-igre","status":"publish","type":"page","link":"https:\/\/www1.kkl.si\/sl\/zan-sercic-ljubezenske-igre\/","title":{"rendered":"\u017dan Ser\u010di\u010d: Ljubezenske igre"},"content":{"rendered":"<div class=\"opis\"><i class=\"fas fa-clock\"><\/i> <strong>petek, 23. februar 2024, ob 20.00 uri<\/strong> | Gledali\u0161ka in koncertna dvorana Lendava<img loading=\"lazy\" decoding=\"async\" class=\"alignright\" title=\"Pla\u010dljiva prireditev\" src=\"https:\/\/www1.kkl.si\/wp-content\/uploads\/\/2020\/07\/spored_simb_placljiva-1.svg\" alt=\"placljiva\" width=\"30\" height=\"30\" \/><br \/>\n<i class=\"fas fa-chevron-circle-right\"><\/i> <strong>koncert<\/strong><br \/>\n<i class=\"fas fa-ticket-alt\"><\/i> Vstopnice prodajata <a href=\"https:\/\/www.eventim.si\/si\/vstopnice\/zan-sercic-kulturni-center-lendava-1395243\/performance.html\">EVENTIM<\/a> in <a href=\"https:\/\/petrol-ticket.si\/si\/event\/E628864\/zan-sercic-kulturni-center-lendava-lendava\">PETROL<\/a>.<br \/>\nOrganizator: <a href=\"https:\/\/www.eventstar.si\/\">EVENTSTAR d.o.o<\/a><\/div>\n<div><a href=\"https:\/\/www1.kkl.si\/wp-content\/uploads\/2024\/02\/ljubezenske_igre_2024_lendava.jpg\" data-lbwps-width=\"1920\" data-lbwps-height=\"1005\" data-lbwps-srcsmall=\"https:\/\/www1.kkl.si\/wp-content\/uploads\/2024\/02\/ljubezenske_igre_2024_lendava-400x209.jpg\"><img loading=\"lazy\" decoding=\"async\" class=\"alignnone size-large wp-image-16315\" src=\"https:\/\/www1.kkl.si\/wp-content\/uploads\/2024\/02\/ljubezenske_igre_2024_lendava-1500x785.jpg\" alt=\"\" width=\"1500\" height=\"785\" srcset=\"https:\/\/www1.kkl.si\/wp-content\/uploads\/2024\/02\/ljubezenske_igre_2024_lendava-1500x785.jpg 1500w, https:\/\/www1.kkl.si\/wp-content\/uploads\/2024\/02\/ljubezenske_igre_2024_lendava-400x209.jpg 400w, https:\/\/www1.kkl.si\/wp-content\/uploads\/2024\/02\/ljubezenske_igre_2024_lendava.jpg 1920w\" sizes=\"auto, (max-width: 1500px) 100vw, 1500px\" \/><\/a><\/div>\n<p><span id=\"full-description\" class=\"\"><strong>\u017dan Ser\u010di<\/strong>\u010d, eden najbolj iskanih doma\u010dih glasbenih avtorjev, se je po dobrem desetletju ustvarjanja dokon\u010dno umestil med najbolj vro\u010de doma\u010de glasbene izvajalce. Z velikim koncertom v ljubljanskem Media Centru je novembra 2023 proslavil izid svojega tretjega avtorskega albuma <em>Ljubezenske igre<\/em>, na katerem sta tudi hita <em>Pusti mi spomin<\/em> in <em>Pijan od ljubezni<\/em>, dve izmed najve\u010dkrat predvajanih skladb na slovenskih radiih v letu 2023. Koncert \u017dana in njegovih \u0160akalov je izjemno sprejelo tudi njegovo ob\u010dinstvo, ki je v en glas zapelo tudi druge njegove uspe\u0161nice, kot so <em>Zadnja no\u010d<\/em>, <em>Sne\u017einki<\/em>, <em>Naj me vzame<\/em>, <em>\u017divim za trenutek<\/em>, <em>\u010cude\u017ei<\/em>, <em>Tebe ne dam<\/em>, <em>Rada<\/em>, <em>Letim<\/em> &#8230;<br \/>\n<\/span><\/p>\n<p>&nbsp;<\/p>\n<p><iframe loading=\"lazy\" title=\"\u017dan Ser\u010di\u010d - Ljubezenske Igre (Live at MediaCenter)\" width=\"720\" height=\"405\" src=\"https:\/\/www.youtube.com\/embed\/E7gVmk2vgUw?feature=oembed\" frameborder=\"0\" allow=\"accelerometer; autoplay; clipboard-write; encrypted-media; gyroscope; picture-in-picture; web-share\" allowfullscreen><\/iframe><\/p>\n<p>&nbsp;<\/p>\n<p><span style=\"font-size: 18pt;\">Skozi glasbo do ljubezni<\/span><\/p>\n<p><strong>\u017dan Ser\u010di\u010d<\/strong> (rojen leta 1995) je pevec, kitarist, avtor besedil in glasbe, producent in eno najbolj popularnih imen na slovenski glasbeni sceni. Poleg uspe\u0161nic kot so: <em>Zadnja no\u010d<\/em>, <em>Naj Me Vzame<\/em>, <em>Letim<\/em>, <em>Sne\u017einki &#8230;<\/em> se podpisuje pod mnoge pesmi drugih izvajalcev, za njegovimi pesmimi pa stoji ve\u010d kot 10 let glasbenega ustvarjanja.<\/p>\n<p>\u017dan prihaja iz majhnega (in kot pravi sam \u2013 najlep\u0161ega) mesta na \u0161tajerskem \u2013 Lenarta v Slovenskih goricah. Za glasbo ga je navdu\u0161il njegov o\u010de Franc, ki ga je pri \u0161estih letih \u017ee u\u010dil igrati kitaro. Njegovo izjemno razumevanje \u017eensk, ki se izra\u017ea v njegovih pesmih, izhaja iz trdnega odnosa z mamo Lidijo, ki mu je vlila pogum in trdna na\u010dela vztrajnosti, katera so ga pripeljala do uspehov, ki jih \u017eanje zadnja leta. Po kon\u010dani ni\u017eji glasbeni \u0161oli se je \u0161ir\u0161i javnosti pri svojih 16. letih prvi\u010d predstavil na \u0161ovu Slovenija ima talent. Celotna izku\u0161nja mu je spremenila \u017eivljenje, najbolj kot pravi sam je dojel, da je glasba neskon\u010dna ljubezen, ki jo \u017eeli \u0161iriti do konca svojega \u017eivljenja. Po dveh izdanih albumih in ve\u010d kot 20 singlih z videospoti je trenutno v procesu nastanka svojega tretjega studijskega albuma, katerega najve\u010dja inspiracija je ljubezen in podpora, ki jo dobiva od svojih obo\u017eevalcev na koncertih, ki so pove\u010dini razprodani.<\/p>\n<p>&nbsp;<\/p>\n<p><a href=\"https:\/\/www1.kkl.si\/wp-content\/uploads\/2024\/02\/zan-sercic-sakali.jpg\" data-lbwps-width=\"1920\" data-lbwps-height=\"618\" data-lbwps-srcsmall=\"https:\/\/www1.kkl.si\/wp-content\/uploads\/2024\/02\/zan-sercic-sakali-400x129.jpg\"><img loading=\"lazy\" decoding=\"async\" class=\"alignnone size-large wp-image-16317\" src=\"https:\/\/www1.kkl.si\/wp-content\/uploads\/2024\/02\/zan-sercic-sakali-1500x483.jpg\" alt=\"\" width=\"1500\" height=\"483\" srcset=\"https:\/\/www1.kkl.si\/wp-content\/uploads\/2024\/02\/zan-sercic-sakali-1500x483.jpg 1500w, https:\/\/www1.kkl.si\/wp-content\/uploads\/2024\/02\/zan-sercic-sakali-400x129.jpg 400w, https:\/\/www1.kkl.si\/wp-content\/uploads\/2024\/02\/zan-sercic-sakali.jpg 1920w\" sizes=\"auto, (max-width: 1500px) 100vw, 1500px\" \/><\/a><\/p>\n<p>\n<span style=\"font-size: 18pt;\">Predstavitev benda<\/span><br \/>\n<strong>SPOZNAJTE \u0160AKALE<\/strong><\/p>\n<p>Profesionalnost. Energija. Pripadnost. Ljubezen. Vse to je odgovornost vsakega \u010dlana benda, ki se zaveda kak\u0161na publika stoji pod odrom. Gre za prekaljene studijske in odrske glasbenike z ve\u010dletnimi izku\u0161njami in igranju v zasedbah kot so: Jan Plestenjak, Vlado Kreslin, Magnifico in druga velika imena..<\/p>\n<p>\u017dAN O NJEGOVIH \u0160AKALIH<\/p>\n<p>Vsi mi smo ena velika familija. Tako na odru kot tudi pod njim. Najlep\u0161i ob\u010dutek je se obrniti nazaj in na odru videti prijatelje in glasbenike, ki jih zelo ceni\u0161. Zdaj se je MOJA dolgoletna vizija spremenila v NA\u0160O vizijo. Hvala, ker ste z nami drage \u0161akalke in \u0161akali!<\/p>\n<hr \/>\n<p>VIDEO<\/p>\n<p><iframe loading=\"lazy\" title=\"\u017dan Ser\u010di\u010d - Pusti Mi Spomin (Official Music Video)\" width=\"720\" height=\"405\" src=\"https:\/\/www.youtube.com\/embed\/iU03wx3C180?feature=oembed\" frameborder=\"0\" allow=\"accelerometer; autoplay; clipboard-write; encrypted-media; gyroscope; picture-in-picture; web-share\" allowfullscreen><\/iframe><\/p>\n<p><iframe loading=\"lazy\" title=\"\u017dAN SER\u010cI\u010c - \u010cUDE\u017dI (Official Video 4K)\" width=\"720\" height=\"405\" src=\"https:\/\/www.youtube.com\/embed\/ak2J5HMNWdo?feature=oembed\" frameborder=\"0\" allow=\"accelerometer; autoplay; clipboard-write; encrypted-media; gyroscope; picture-in-picture; web-share\" allowfullscreen><\/iframe><\/p>\n<p><iframe loading=\"lazy\" title=\"\u017dan Ser\u010di\u010d - Letim ft. \u0160akali\" width=\"720\" height=\"405\" src=\"https:\/\/www.youtube.com\/embed\/CqlmN4FitpQ?feature=oembed\" frameborder=\"0\" allow=\"accelerometer; autoplay; clipboard-write; encrypted-media; gyroscope; picture-in-picture; web-share\" allowfullscreen><\/iframe><\/p>\n<hr \/>\n<p>Povezave:<br \/>\n<i class=\"fas fa-link\"><\/i> <a href=\"https:\/\/zansercic.si\/\">https:\/\/zansercic.si\/<\/a><br \/>\n<i class=\"fab fa-facebook\"><\/i> <a href=\"https:\/\/www.facebook.com\/zan.sercic\">https:\/\/www.facebook.com\/zan.sercic<\/a><br \/>\n<i class=\"fab fa-instagram\"><\/i> <a href=\"https:\/\/www.instagram.com\/zan.sercic\/\">https:\/\/www.instagram.com\/zan.sercic\/<\/a><br \/>\n<i class=\"fab fa-spotify\"><\/i> <a href=\"https:\/\/open.spotify.com\/artist\/7Msbbhe2k7q1lhC5V0OhgI\">https:\/\/open.spotify.com\/artist\/7Msbbhe2k7q1lhC5V0OhgI<\/a><br \/>\n<i class=\"fab fa-youtube\"><\/i> <a href=\"https:\/\/www.youtube.com\/channel\/UCEO9UVEvOLSBHCi-uGwTjZA\">https:\/\/www.youtube.com\/channel\/UCEO9UVEvOLSBHCi-uGwTjZA<\/a><\/p>\n","protected":false},"excerpt":{"rendered":"<p>petek, 23. februar 2024, ob 20.00 uri | Gledali\u0161ka in koncertna dvorana Lendava koncert Vstopnice prodajata EVENTIM in PETROL. Organizator: EVENTSTAR d.o.o \u017dan Ser\u010di\u010d, eden najbolj iskanih doma\u010dih glasbenih avtorjev, se je po dobrem desetletju ustvarjanja dokon\u010dno umestil med najbolj vro\u010de doma\u010de glasbene izvajalce. Z velikim koncertom v ljubljanskem Media Centru je novembra 2023 proslavil [&hellip;]<\/p>\n","protected":false},"author":2,"featured_media":16141,"parent":0,"menu_order":0,"comment_status":"closed","ping_status":"closed","template":"","meta":{"footnotes":""},"class_list":["post-16314","page","type-page","status-publish","has-post-thumbnail","hentry","post","post-with-thumbnail","post-with-thumbnail-icon"],"_links":{"self":[{"href":"https:\/\/www1.kkl.si\/sl\/wp-json\/wp\/v2\/pages\/16314","targetHints":{"allow":["GET"]}}],"collection":[{"href":"https:\/\/www1.kkl.si\/sl\/wp-json\/wp\/v2\/pages"}],"about":[{"href":"https:\/\/www1.kkl.si\/sl\/wp-json\/wp\/v2\/types\/page"}],"author":[{"embeddable":true,"href":"https:\/\/www1.kkl.si\/sl\/wp-json\/wp\/v2\/users\/2"}],"replies":[{"embeddable":true,"href":"https:\/\/www1.kkl.si\/sl\/wp-json\/wp\/v2\/comments?post=16314"}],"version-history":[{"count":4,"href":"https:\/\/www1.kkl.si\/sl\/wp-json\/wp\/v2\/pages\/16314\/revisions"}],"predecessor-version":[{"id":16326,"href":"https:\/\/www1.kkl.si\/sl\/wp-json\/wp\/v2\/pages\/16314\/revisions\/16326"}],"wp:featuredmedia":[{"embeddable":true,"href":"https:\/\/www1.kkl.si\/sl\/wp-json\/wp\/v2\/media\/16141"}],"wp:attachment":[{"href":"https:\/\/www1.kkl.si\/sl\/wp-json\/wp\/v2\/media?parent=16314"}],"curies":[{"name":"wp","href":"https:\/\/api.w.org\/{rel}","templated":true}]}}