{"id":16356,"date":"2024-02-15T07:54:39","date_gmt":"2024-02-15T06:54:39","guid":{"rendered":"https:\/\/www1.kkl.si\/?page_id=16356"},"modified":"2024-11-25T22:39:17","modified_gmt":"2024-11-25T21:39:17","slug":"spored-2024-03","status":"publish","type":"page","link":"https:\/\/www1.kkl.si\/sl\/spored-2024-03\/","title":{"rendered":"SPORED: marec 2024"},"content":{"rendered":"<p><strong>Leto 2024:<\/strong> <a href=\"https:\/\/www1.kkl.si\/sl\/spored-2024-01\/\">januar<\/a> | <a href=\"https:\/\/www1.kkl.si\/sl\/spored-2024-02\/\">februar<\/a> | <a href=\"https:\/\/www1.kkl.si\/sl\/spored-2024-03\/\">marec<\/a> | <a href=\"https:\/\/www1.kkl.si\/sl\/spored-2024-04\/\">april<\/a> | <a href=\"https:\/\/www1.kkl.si\/sl\/spored-2024-05\/\">maj<\/a> | <a href=\"https:\/\/www1.kkl.si\/sl\/spored-2024-06\/\">junij<\/a> | <a href=\"https:\/\/www1.kkl.si\/sl\/spored-2024-07\/\">julij<\/a> | <a href=\"https:\/\/www1.kkl.si\/sl\/spored-2024-08\/\">avgust<\/a> | <a href=\"https:\/\/www1.kkl.si\/sl\/spored-2024-09\/\">september<\/a> | <a href=\"https:\/\/www1.kkl.si\/sl\/spored-2024-10\/\">oktober<\/a> | <a href=\"https:\/\/www1.kkl.si\/sl\/spored-2024-11\/\">november<\/a> | <a href=\"https:\/\/www1.kkl.si\/sl\/spored-2024-12\/\">december<\/a> | <a href=\"https:\/\/www1.kkl.si\/sl\/arhiv-sporeda\/\">ARHIV<\/a><\/p>\n<div style=\"overflow-x: auto;\">\n<table id=\"spored-legenda\" cellspacing=\"0\" cellpadding=\"5\">\n<tbody>\n<tr>\n<td><strong>LEGENDA<br \/>\nSIMBOLOV<\/strong><\/td>\n<td style=\"vertical-align: middle;\"><img loading=\"lazy\" decoding=\"async\" title=\"Slovenski abonma\" src=\"https:\/\/www1.kkl.si\/wp-content\/uploads\/2020\/07\/spored_simb_abonma_si-1.svg\" alt=\"abonma_si\" width=\"30\" height=\"30\" \/><\/td>\n<td>Slovenski<br \/>\nabonma<\/td>\n<td style=\"vertical-align: middle;\"><img loading=\"lazy\" decoding=\"async\" title=\"Mad\u017earski abonma\" src=\"https:\/\/www1.kkl.si\/wp-content\/uploads\/2020\/07\/spored_simb_abonma_hu-1.svg\" alt=\"abonma_hu\" width=\"30\" height=\"30\" \/><\/td>\n<td>Mad\u017earski<br \/>\nabonma<\/td>\n<td style=\"vertical-align: middle;\"><img loading=\"lazy\" decoding=\"async\" title=\"Zaklju\u010dena prireditev\" src=\"https:\/\/www1.kkl.si\/wp-content\/uploads\/2020\/07\/spored_simb_zakljucena-1.svg\" alt=\"zakljucena\" width=\"30\" height=\"30\" \/><\/td>\n<td>Zaklju\u010dena<br \/>\nprireditev<\/td>\n<td style=\"vertical-align: middle;\"><img loading=\"lazy\" decoding=\"async\" title=\"Brezpla\u010dna prireditev\" src=\"https:\/\/www1.kkl.si\/wp-content\/uploads\/2020\/07\/spored_simb_brezplacna-1.svg\" alt=\"brezplacna\" width=\"30\" height=\"30\" \/><\/td>\n<td>Brezpla\u010dna<br \/>\nprireditev<\/td>\n<td style=\"vertical-align: middle;\"><img loading=\"lazy\" decoding=\"async\" title=\"Pla\u010dljiva prireditev\" src=\"https:\/\/www1.kkl.si\/wp-content\/uploads\/2020\/07\/spored_simb_placljiva-1.svg\" alt=\"placljiva\" width=\"30\" height=\"30\" \/><\/td>\n<td>Pla\u010dljiva<br \/>\nprireditev<\/td>\n<td style=\"vertical-align: middle;\"><img loading=\"lazy\" decoding=\"async\" title=\"Novost, sprememba\" src=\"https:\/\/www1.kkl.si\/wp-content\/uploads\/2020\/07\/spored_simb_novost-1.svg\" alt=\"novost\" width=\"30\" height=\"30\" \/><\/td>\n<td>Novost,<br \/>\nsprememba<\/td>\n<\/tr>\n<\/tbody>\n<\/table>\n<\/div>\n<table id=\"sporedtabela\" style=\"width: 100%;\">\n<tbody>\n<tr>\n<td style=\"width: 14.9128%; text-align: center;\">\n<p><span style=\"font-size: 24pt;\"><strong>4.<br \/>\n<\/strong><\/span><\/p>\n<p>ponedeljek<\/p>\n<p><img loading=\"lazy\" decoding=\"async\" title=\"Brezpla\u010dna prireditev\" src=\"https:\/\/www1.kkl.si\/wp-content\/uploads\/2020\/07\/spored_simb_brezplacna-1.svg\" alt=\"brezplacna\" width=\"30\" height=\"30\" \/><\/p>\n<\/td>\n<td style=\"width: 84.6061%;\">\n<p><i class=\"fas fa-clock\"><\/i> <strong>17.00<\/strong> | Preddverje Gledali\u0161ke in koncertne dvorane Lendava<a href=\"https:\/\/www1.kkl.si\/wp-content\/uploads\/2024\/02\/meghivo_15x15cm_OP-ZCSJgyermek_Lendva_2024_web1.jpg\" data-lbwps-width=\"3543\" data-lbwps-height=\"1772\" data-lbwps-srcsmall=\"https:\/\/www1.kkl.si\/wp-content\/uploads\/2024\/02\/meghivo_15x15cm_OP-ZCSJgyermek_Lendva_2024_web1.jpg\"><img loading=\"lazy\" decoding=\"async\" class=\"slika alignright wp-image-16458 size-thumbnail\" src=\"https:\/\/www1.kkl.si\/wp-content\/uploads\/2024\/02\/meghivo_15x15cm_OP-ZCSJgyermek_Lendva_2024_web1-scaled-e1708766964316-150x150.jpg\" alt=\"\" width=\"150\" height=\"150\" \/><\/a><br \/>\n<strong>razstava risb in predstavitev knjige <span class=\"starost\">3+<\/span><br \/>\n<\/strong><\/p>\n<p><a href=\"https:\/\/www1.kkl.si\/sl\/vabilo-razstava-risb-petra-orbana-in-predstavitev-zbirke-otroskih-pesmi-judite-zagorec-csuka-z-naslovom-abeces-gyermekversek-40-beture\/\"><strong><span style=\"font-size: 24pt;\">Razstava risb Petra Orbana in predstavitev zbirke otro\u0161kih pesmi Judite Zagorec-Csuka z naslovom <\/span><\/strong><strong><span style=\"font-size: 24pt;\">\u00bb\u00c1B\u00c9C\u00c9S gyermekversek 40 bet\u0171re\u00ab<\/span><\/strong><\/a><\/p>\n<p><em>Razstava bo na ogled do 31. marca 2024.<\/em><\/p>\n<p><span style=\"font-size: 10pt;\">Organizator: <a href=\"https:\/\/www.mnmi-zkmn.si\/\">MNMI Lendva \u2013 ZKMN Lendava<\/a><\/span><br \/>\n<span style=\"font-size: 10pt;\">Soorganizator: <\/span><a href=\"https:\/\/www.kkl.si\/\"><span style=\"font-size: 10pt;\">Knji\u017enica \u2013 Kulturni center Lendava \u2013 Lendvai K\u00f6nyvt\u00e1r \u00e9s Kultur\u00e1lis K\u00f6zpont<\/span><\/a><\/p>\n<\/td>\n<\/tr>\n<tr>\n<td style=\"width: 14.9128%;\">\n<p style=\"text-align: center;\"><strong><span style=\"font-size: 24pt;\">5.<\/span><br \/>\n<\/strong><\/p>\n<p style=\"text-align: center;\">torek<\/p>\n<p style=\"text-align: center;\"><img loading=\"lazy\" decoding=\"async\" title=\"Slovenski abonma\" src=\"https:\/\/www1.kkl.si\/wp-content\/uploads\/2020\/07\/spored_simb_abonma_si-1.svg\" alt=\"abonma_si\" width=\"30\" height=\"30\" \/>\u00a0 <img loading=\"lazy\" decoding=\"async\" title=\"Pla\u010dljiva prireditev\" src=\"https:\/\/www1.kkl.si\/wp-content\/uploads\/2020\/07\/spored_simb_placljiva-1.svg\" alt=\"placljiva\" width=\"30\" height=\"30\" \/><\/p>\n<\/td>\n<td style=\"width: 84.6061%;\">\n<p><i class=\"fas fa-clock\"><\/i> <strong>19.00<\/strong> | Gledali\u0161ka in koncertna dvorana Lendava<a href=\"https:\/\/www1.kkl.si\/wp-content\/uploads\/2024\/02\/plakat_B1_ABONMA_vecerja_bedakov_2024_DVOJ.jpg\" data-lbwps-width=\"2100\" data-lbwps-height=\"3000\" data-lbwps-srcsmall=\"https:\/\/www1.kkl.si\/wp-content\/uploads\/2024\/02\/plakat_B1_ABONMA_vecerja_bedakov_2024_DVOJ.jpg\"><img loading=\"lazy\" decoding=\"async\" class=\"slika alignright wp-image-16381 size-thumbnail\" src=\"https:\/\/www1.kkl.si\/wp-content\/uploads\/2024\/02\/plakat_B1_ABONMA_vecerja_bedakov_2024_DVOJ-scaled-150x150.jpg\" alt=\"\" width=\"150\" height=\"150\" \/><\/a><br \/>\n<strong>komedija<br \/>\n<\/strong><\/p>\n<p>\u0160pas Teater:<\/p>\n<p><a href=\"https:\/\/www1.kkl.si\/sl\/spas-teater-vecerja-bedakov\/\"><span style=\"font-size: 24pt;\"><strong>Ve\u010derja bedakov<\/strong><\/span><\/a><\/p>\n<p>Re\u017eiser: Bojan Emer\u0161i\u010d<\/p>\n<p><i class=\"fas fa-ticket-alt\"><\/i> Cena vstopnice: predprodaja <strong>15 \u20ac<\/strong>, na dan predstave <strong>18 \u20ac<br \/>\n<\/strong>Vstopnice bodo na voljo od ponedeljka, 19. 2. 2024, naprej na blagajni GKD Lendava. <br \/>\n<i class=\"fas fa-phone-alt\"><\/i> Telefon: (0)2 577 60 24<\/p>\n<p><span style=\"font-size: 10pt;\">Organizator: <a href=\"https:\/\/www.kkl.si\/\">Knji\u017enica \u2013 Kulturni center Lendava \u2013 Lendvai K\u00f6nyvt\u00e1r \u00e9s Kultur\u00e1lis K\u00f6zpont<\/a><\/span><\/p>\n<\/td>\n<\/tr>\n<tr>\n<td style=\"width: 14.9128%;\">\n<p style=\"text-align: center;\"><strong><span style=\"font-size: 24pt;\">8.<\/span><br \/>\n<\/strong><\/p>\n<p style=\"text-align: center;\">petek<\/p>\n<p style=\"text-align: center;\"><img loading=\"lazy\" decoding=\"async\" title=\"Mad\u017earski abonma\" src=\"https:\/\/www1.kkl.si\/wp-content\/uploads\/2020\/07\/spored_simb_abonma_hu-1.svg\" alt=\"abonma_hu\" width=\"30\" height=\"30\" \/>\u00a0 <img loading=\"lazy\" decoding=\"async\" title=\"Pla\u010dljiva prireditev\" src=\"https:\/\/www1.kkl.si\/wp-content\/uploads\/2020\/07\/spored_simb_placljiva-1.svg\" alt=\"placljiva\" width=\"30\" height=\"30\" \/><\/p>\n<\/td>\n<td style=\"width: 84.6061%;\">\n<p><i class=\"fas fa-clock\"><\/i> <strong>19.00<\/strong> | Gledali\u0161ka in koncertna dvorana Lendava<a href=\"https:\/\/www1.kkl.si\/wp-content\/uploads\/2024\/02\/plakat24_tanulmany_a_nokrol.jpg\" data-lbwps-width=\"2100\" data-lbwps-height=\"3000\" data-lbwps-srcsmall=\"https:\/\/www1.kkl.si\/wp-content\/uploads\/2024\/02\/plakat24_tanulmany_a_nokrol.jpg\"><img loading=\"lazy\" decoding=\"async\" class=\"slika alignright wp-image-16435 size-thumbnail\" src=\"https:\/\/www1.kkl.si\/wp-content\/uploads\/2024\/02\/plakat24_tanulmany_a_nokrol-scaled-150x150.jpg\" alt=\"\" width=\"150\" height=\"150\" \/><\/a><br \/>\n<strong>mad\u017earska glasbena komedija v dveh dejanjih<br \/>\n<\/strong><\/p>\n<p>Zenthe Ferenc Sz\u00ednh\u00e1z | Gy\u00e1rf\u00e1s Mikl\u00f3s:<\/p>\n<p><a href=\"https:\/\/www1.kkl.si\/sl\/zenthe-ferenc-szinhaz-tanulmany-a-nokrol\/\"><span style=\"font-size: 24pt;\"><strong>Tanulm\u00e1ny a n\u0151kr\u0151l<\/strong><\/span><\/a><\/p>\n<p><i class=\"fas fa-ticket-alt\"><\/i> Cena vstopnice: <strong>17 \u20ac<\/strong>, dijaki in upokojenci <strong>14 \u20ac<\/strong><br \/>\nVstopnice so na voljo od 1. marca 2024 naprej na blagajni GKD Lendava. <i class=\"fas fa-phone-alt\"><\/i> Telefon: (0)2 577 60 24<\/p>\n<p><span style=\"font-size: 10pt;\">Organizator: <a href=\"https:\/\/www.mnmi-zkmn.si\/\">MNMI Lendva \u2013 ZKMN Lendava<\/a><\/span><\/p>\n<\/td>\n<\/tr>\n<tr>\n<td style=\"width: 14.9128%;\">\n<p style=\"text-align: center;\"><strong><span style=\"font-size: 24pt;\">15.<\/span><br \/>\n<\/strong><\/p>\n<p style=\"text-align: center;\">petek<\/p>\n<p><img loading=\"lazy\" decoding=\"async\" class=\"aligncenter\" title=\"Brezpla\u010dna prireditev\" src=\"https:\/\/www1.kkl.si\/wp-content\/uploads\/2020\/07\/spored_simb_brezplacna-1.svg\" alt=\"brezplacna\" width=\"30\" height=\"30\" \/><\/p>\n<\/td>\n<td style=\"width: 84.6061%;\">\n<p><i class=\"fas fa-clock\"><\/i> <strong>18.00<\/strong> | Gledali\u0161ka in koncertna dvorana Lendava<a href=\"https:\/\/www1.kkl.si\/wp-content\/uploads\/2024\/03\/marcius_15_2024_web.jpg\" data-lbwps-width=\"3000\" data-lbwps-height=\"2875\" data-lbwps-srcsmall=\"https:\/\/www1.kkl.si\/wp-content\/uploads\/2024\/03\/marcius_15_2024_web.jpg\"><img loading=\"lazy\" decoding=\"async\" class=\"slika alignright wp-image-16549 size-thumbnail\" src=\"https:\/\/www1.kkl.si\/wp-content\/uploads\/2024\/03\/marcius_15_2024_web-scaled-150x150.jpg\" alt=\"\" width=\"150\" height=\"150\" \/><\/a><br \/>\n<strong>kulturna prireditev<br \/>\n<\/strong><\/p>\n<p><a href=\"https:\/\/www1.kkl.si\/sl\/slavnostna-prireditev-osrednja-prireditev-v-lendavi-v-spomin-na-marcno-revolucijo-in-osvobodilni-boj-na-madzarskem-v-letih-1848-48\/\"><strong><span style=\"font-size: 24pt;\">Osrednja prireditev v Lendavi v spomin na mar\u010dno revolucijo in osvobodilni boj na Mad\u017earskem v letih 1848\/48<\/span><\/strong><\/a><\/p>\n<ul>\n<li><strong>17.00<\/strong> Spominska slovesnost in polaganje vencev pri spominskih obele\u017ejih Sz\u00e9chenyija in Kossutha v Lendavi (na parkiri\u0161\u010du nasproti cerkve sv. Katarine v Lendavi)<\/li>\n<li><strong>18.00<\/strong> Slavnostna prireditev v Gledali\u0161ki in koncertni dvorani Lendava<\/li>\n<\/ul>\n<p><span style=\"font-size: 10pt;\">Organizatorji: <a href=\"http:\/\/www.muravidek.si\/\">MM\u00d6NK-PMSNS<\/a>, <a href=\"https:\/\/lendva.info\/\">LKMN\u00d6K-MSNSOL<\/a>, <a href=\"https:\/\/www.mnmi-zkmn.si\/\">MNMI Lendva \u2013 ZKMN Lendava<\/a><\/span><\/p>\n<\/td>\n<\/tr>\n<tr>\n<td style=\"width: 14.9128%;\">\n<p style=\"text-align: center;\"><strong><span style=\"font-size: 24pt;\">19.<\/span><br \/>\n<\/strong><\/p>\n<p style=\"text-align: center;\">torek<\/p>\n<p><img loading=\"lazy\" decoding=\"async\" class=\"aligncenter\" title=\"Pla\u010dljiva prireditev\" src=\"https:\/\/www1.kkl.si\/wp-content\/uploads\/2020\/07\/spored_simb_placljiva-1.svg\" alt=\"placljiva\" width=\"30\" height=\"30\" \/><\/p>\n<\/td>\n<td style=\"width: 84.6061%;\">\n<p><i class=\"fas fa-clock\"><\/i> <strong>17.00<\/strong> | Gledali\u0161ka in koncertna dvorana Lendava<a href=\"https:\/\/www1.kkl.si\/wp-content\/uploads\/2024\/03\/plakat_B2_pupilla_ba_bu_2024.jpg\" data-lbwps-width=\"2143\" data-lbwps-height=\"3000\" data-lbwps-srcsmall=\"https:\/\/www1.kkl.si\/wp-content\/uploads\/2024\/03\/plakat_B2_pupilla_ba_bu_2024.jpg\"><img loading=\"lazy\" decoding=\"async\" class=\"slika alignright wp-image-16490 size-thumbnail\" src=\"https:\/\/www1.kkl.si\/wp-content\/uploads\/2024\/03\/plakat_B2_pupilla_ba_bu_2024-scaled-150x150.jpg\" alt=\"\" width=\"150\" height=\"150\" \/><\/a><br \/>\n<strong>otro\u0161ka predstava <span class=\"starost\">1+<\/span><br \/>\n<\/strong><\/p>\n<p>Lutkovno gledali\u0161\u010de Pupilla, Lendava:<\/p>\n<p><a href=\"https:\/\/www1.kkl.si\/sl\/lutkovno-gledalisce-pupilla-ba-bu-2\/\"><span style=\"font-size: 24pt;\"><strong>BA BU<\/strong><\/span><\/a><\/p>\n<p><i class=\"fas fa-ticket-alt\"><\/i> Cena vstopnice: <strong>3 \u20ac | <span style=\"color: #ff0000;\">OBVESTILO: \u0160tevilo vstopnic je omejeno!<\/span><\/strong><\/p>\n<p><span style=\"font-size: 10pt;\">Organizator: <a href=\"https:\/\/www.kkl.si\/\">Knji\u017enica \u2013 Kulturni center Lendava \u2013 Lendvai K\u00f6nyvt\u00e1r \u00e9s Kultur\u00e1lis K\u00f6zpont<\/a><\/span><\/p>\n<\/td>\n<\/tr>\n<tr>\n<td style=\"width: 14.9128%;\">\n<p style=\"text-align: center;\"><strong><span style=\"font-size: 24pt;\">22.<\/span><br \/>\n<\/strong><\/p>\n<p style=\"text-align: center;\">petek<\/p>\n<p><img loading=\"lazy\" decoding=\"async\" class=\"aligncenter\" title=\"Brezpla\u010dna prireditev\" src=\"https:\/\/www1.kkl.si\/wp-content\/uploads\/2020\/07\/spored_simb_brezplacna-1.svg\" alt=\"brezplacna\" width=\"30\" height=\"30\" \/><\/p>\n<\/td>\n<td style=\"width: 84.6061%;\">\n<p><i class=\"fas fa-clock\"><\/i> <strong>18.00<\/strong> | Gledali\u0161ka in koncertna dvorana Lendava<a href=\"https:\/\/www1.kkl.si\/wp-content\/uploads\/2024\/03\/plakat_B2_ColorsOfRhythm_2024_SLO.png\" data-lbwps-width=\"2143\" data-lbwps-height=\"3000\" data-lbwps-srcsmall=\"https:\/\/www1.kkl.si\/wp-content\/uploads\/2024\/03\/plakat_B2_ColorsOfRhythm_2024_SLO-286x400.png\"><img loading=\"lazy\" decoding=\"async\" class=\"slika alignright wp-image-16507 size-thumbnail\" src=\"https:\/\/www1.kkl.si\/wp-content\/uploads\/2024\/03\/plakat_B2_ColorsOfRhythm_2024_SLO-e1709805533314-150x150.png\" alt=\"\" width=\"150\" height=\"150\" \/><\/a><br \/>\n<strong>koncert<br \/>\n<\/strong><\/p>\n<p><strong><a href=\"https:\/\/www1.kkl.si\/sl\/koncertna-vecera-colors-of-rhythm\/\"><span style=\"font-size: 24pt;\">Koncert \u00bbCOLORS of RHYTHM\u00ab<\/span><\/a><br \/>\n<\/strong><\/p>\n<p>Predstavili se bodo: tolkalne skupine pomurskih glasbenih \u0161ol, dijaki, \u0161tudenti in tolkalci iz Italije, Srbije, Slovenije in Belgije.<\/p>\n<p><span style=\"font-size: 10pt;\">Organizator: <a href=\"http:\/\/www.gs-lendava.si\/\">Glasbena \u0161ola Lendava\/Zeneiskola Lendva<\/a> in\u00a0<a href=\"https:\/\/www.jskd.si\/kulturna-mreza\/pomurje\/lendava\/predstavitev.htm\">JSKD \u2013 OI Lendava<\/a><\/span><\/p>\n<\/td>\n<\/tr>\n<tr>\n<td style=\"width: 14.9128%;\">\n<p style=\"text-align: center;\"><strong><span style=\"font-size: 24pt;\">23.<\/span><br \/>\n<\/strong><\/p>\n<p style=\"text-align: center;\">sobota<\/p>\n<p><img loading=\"lazy\" decoding=\"async\" class=\"aligncenter\" title=\"Brezpla\u010dna prireditev\" src=\"https:\/\/www1.kkl.si\/wp-content\/uploads\/2020\/07\/spored_simb_brezplacna-1.svg\" alt=\"brezplacna\" width=\"30\" height=\"30\" \/><\/p>\n<\/td>\n<td style=\"width: 84.6061%;\">\n<p><i class=\"fas fa-clock\"><\/i> <strong>18.00<\/strong> | Gledali\u0161ka in koncertna dvorana Lendava<a href=\"https:\/\/www1.kkl.si\/wp-content\/uploads\/2024\/03\/plakat_B2_ColorsOfRhythm_2024_SLO.png\" data-lbwps-width=\"2143\" data-lbwps-height=\"3000\" data-lbwps-srcsmall=\"https:\/\/www1.kkl.si\/wp-content\/uploads\/2024\/03\/plakat_B2_ColorsOfRhythm_2024_SLO-286x400.png\"><img loading=\"lazy\" decoding=\"async\" class=\"slika alignright wp-image-16507 size-thumbnail\" src=\"https:\/\/www1.kkl.si\/wp-content\/uploads\/2024\/03\/plakat_B2_ColorsOfRhythm_2024_SLO-e1709805533314-150x150.png\" alt=\"\" width=\"150\" height=\"150\" \/><\/a><br \/>\n<strong>koncert<br \/>\n<\/strong><\/p>\n<p><span style=\"font-size: 24pt;\"><strong><a href=\"https:\/\/www1.kkl.si\/sl\/koncertna-vecera-colors-of-rhythm\/\">Koncert \u00bbCOLORS of RHYTHM\u00ab<\/a><br \/>\n<\/strong><\/span><\/p>\n<p>Predstavili se bodo: tolkalne skupine pomurskih glasbenih \u0161ol, dijaki, \u0161tudenti in tolkalci iz Italije, Srbije, Slovenije in Belgije.<\/p>\n<p><span style=\"font-size: 10pt;\">Organizator: <a href=\"http:\/\/www.gs-lendava.si\/\">Glasbena \u0161ola Lendava\/Zeneiskola Lendva<\/a> in\u00a0<a href=\"https:\/\/www.jskd.si\/kulturna-mreza\/pomurje\/lendava\/predstavitev.htm\">JSKD \u2013 OI Lendava<\/a><\/span><\/p>\n<\/td>\n<\/tr>\n<tr>\n<td style=\"width: 14.9128%;\">\n<p style=\"text-align: center;\"><strong><span style=\"font-size: 24pt;\">27.<\/span><br \/>\n<\/strong><\/p>\n<p style=\"text-align: center;\">sreda<\/p>\n<p style=\"text-align: center;\"><img loading=\"lazy\" decoding=\"async\" title=\"Brezpla\u010dna prireditev\" src=\"https:\/\/www1.kkl.si\/wp-content\/uploads\/2020\/07\/spored_simb_brezplacna-1.svg\" alt=\"brezplacna\" width=\"30\" height=\"30\" \/><\/p>\n<\/td>\n<td style=\"width: 84.6061%;\">\n<p><i class=\"fas fa-clock\"><\/i> <strong>18.00<\/strong> | Gledali\u0161ka in koncertna dvorana Lendava<a href=\"https:\/\/www1.kkl.si\/wp-content\/uploads\/2024\/03\/plakat_B2_45revija_glasbenih_2024_DVOJ.jpg\" data-lbwps-width=\"1786\" data-lbwps-height=\"2500\" data-lbwps-srcsmall=\"https:\/\/www1.kkl.si\/wp-content\/uploads\/2024\/03\/plakat_B2_45revija_glasbenih_2024_DVOJ-286x400.jpg\"><img loading=\"lazy\" decoding=\"async\" class=\"alignright size-thumbnail wp-image-16509\" src=\"https:\/\/www1.kkl.si\/wp-content\/uploads\/2024\/03\/plakat_B2_45revija_glasbenih_2024_DVOJ-e1709805571390-150x150.jpg\" alt=\"\" width=\"150\" height=\"150\" \/><\/a><br \/>\n<strong>koncert, balet, glasbena prireditev<br \/>\n<\/strong><\/p>\n<p><a href=\"https:\/\/www1.kkl.si\/sl\/45-revija-javnih-glasbenih-sol-pomurja\/\"><span style=\"font-size: 24pt;\"><strong>45. Revija javnih glasbenih \u0161ol Pomurja<\/strong><\/span><\/a><\/p>\n<p><span style=\"font-size: 10pt;\">Organizator: <a href=\"http:\/\/www.gs-lendava.si\/\">Glasbena \u0161ola Lendava\/Zeneiskola Lendva<\/a><\/span><\/p>\n<\/td>\n<\/tr>\n<\/tbody>\n<\/table>\n<p style=\"text-align: center;\"><span style=\"font-size: 10pt;\">Organizatorji si pridr\u017eujejo pravico do spremembe programa.<\/span><\/p>\n","protected":false},"excerpt":{"rendered":"<p>Leto 2024: januar | februar | marec | april | maj | junij | julij | avgust | september | oktober | november | december | ARHIV LEGENDA SIMBOLOV Slovenski abonma Mad\u017earski abonma Zaklju\u010dena prireditev Brezpla\u010dna prireditev Pla\u010dljiva prireditev Novost, sprememba 4. ponedeljek 17.00 | Preddverje Gledali\u0161ke in koncertne dvorane Lendava razstava risb in predstavitev [&hellip;]<\/p>\n","protected":false},"author":2,"featured_media":0,"parent":0,"menu_order":0,"comment_status":"closed","ping_status":"closed","template":"","meta":{"footnotes":""},"class_list":["post-16356","page","type-page","status-publish","hentry","post"],"_links":{"self":[{"href":"https:\/\/www1.kkl.si\/sl\/wp-json\/wp\/v2\/pages\/16356","targetHints":{"allow":["GET"]}}],"collection":[{"href":"https:\/\/www1.kkl.si\/sl\/wp-json\/wp\/v2\/pages"}],"about":[{"href":"https:\/\/www1.kkl.si\/sl\/wp-json\/wp\/v2\/types\/page"}],"author":[{"embeddable":true,"href":"https:\/\/www1.kkl.si\/sl\/wp-json\/wp\/v2\/users\/2"}],"replies":[{"embeddable":true,"href":"https:\/\/www1.kkl.si\/sl\/wp-json\/wp\/v2\/comments?post=16356"}],"version-history":[{"count":43,"href":"https:\/\/www1.kkl.si\/sl\/wp-json\/wp\/v2\/pages\/16356\/revisions"}],"predecessor-version":[{"id":20024,"href":"https:\/\/www1.kkl.si\/sl\/wp-json\/wp\/v2\/pages\/16356\/revisions\/20024"}],"wp:attachment":[{"href":"https:\/\/www1.kkl.si\/sl\/wp-json\/wp\/v2\/media?parent=16356"}],"curies":[{"name":"wp","href":"https:\/\/api.w.org\/{rel}","templated":true}]}}