{"id":16497,"date":"2024-03-05T20:10:06","date_gmt":"2024-03-05T19:10:06","guid":{"rendered":"https:\/\/www1.kkl.si\/?page_id=16497"},"modified":"2024-03-14T12:28:28","modified_gmt":"2024-03-14T11:28:28","slug":"lutkovno-gledalisce-pupilla-ba-bu-2","status":"publish","type":"page","link":"https:\/\/www1.kkl.si\/sl\/lutkovno-gledalisce-pupilla-ba-bu-2\/","title":{"rendered":"Lutkovno gledali\u0161\u010de Pupilla: BA BU"},"content":{"rendered":"<div class=\"opis\"><i class=\"fas fa-clock\"><\/i> <strong>torek, 19. marec 2024, 17.00<\/strong> | Gledali\u0161ka in koncertna dvorana Lendava<img loading=\"lazy\" decoding=\"async\" class=\"alignright\" title=\"Pla\u010dljiva prireditev\" src=\"https:\/\/www1.kkl.si\/wp-content\/uploads\/\/2020\/07\/spored_simb_placljiva-1.svg\" alt=\"placljiva\" width=\"30\" height=\"30\" \/><br \/>\n<i class=\"fas fa-chevron-circle-right\"><\/i> <strong>otro\u0161ka predstava <span class=\"starost\">1+<\/span><\/strong> <br \/>\n<i class=\"fas fa-ticket-alt\"><\/i> Cena vstopnice: <strong>3 \u20ac | <span style=\"color: #ff0000;\">OBVESTILO: \u0160tevilo vstopnic je omejeno!<\/span><\/strong><br \/>\nOrganizator: <a href=\"https:\/\/www.kkl.si\/\">Knji\u017enica \u2013 Kulturni center Lendava \u2013 Lendvai K\u00f6nyvt\u00e1r \u00e9s Kultur\u00e1lis K\u00f6zpont<\/a><\/div>\n<p><a href=\"https:\/\/www1.kkl.si\/wp-content\/uploads\/2024\/03\/plakat_B2_pupilla_ba_bu_2024.jpg\" data-lbwps-width=\"2143\" data-lbwps-height=\"3000\" data-lbwps-srcsmall=\"https:\/\/www1.kkl.si\/wp-content\/uploads\/2024\/03\/plakat_B2_pupilla_ba_bu_2024.jpg\"><img loading=\"lazy\" decoding=\"async\" class=\"alignright size-medium wp-image-16490\" src=\"https:\/\/www1.kkl.si\/wp-content\/uploads\/2024\/03\/plakat_B2_pupilla_ba_bu_2024-scaled-286x400.jpg\" alt=\"\" width=\"286\" height=\"400\" srcset=\"https:\/\/www1.kkl.si\/wp-content\/uploads\/2024\/03\/plakat_B2_pupilla_ba_bu_2024-scaled-286x400.jpg 286w, https:\/\/www1.kkl.si\/wp-content\/uploads\/2024\/03\/plakat_B2_pupilla_ba_bu_2024-scaled-1072x1500.jpg 1072w, https:\/\/www1.kkl.si\/wp-content\/uploads\/2024\/03\/plakat_B2_pupilla_ba_bu_2024-scaled.jpg 1829w\" sizes=\"auto, (max-width: 286px) 100vw, 286px\" \/><\/a>Lutkovno gledali\u0161\u010de Pupilla predstavlja:<br \/>\n<strong><span style=\"font-size: 24px;\">BA BU<\/span><\/strong><\/p>\n<p>Igralki-glasbenici najmlaj\u0161e gledalce popeljeta v magi\u010den svet, kjer se prepletajo zvok, glasba, ritem, svetloba, barve in oblike. Ne\u017eno, skozi preproste gibe in igrice, i\u0161\u010deta zaznave in pozornost mal\u010dkov. Na odru zgradita preprosto, a \u010darobno zvo\u010dno-prostorsko postavitev, ki poziva k \u010dutnemu do\u017eivljanju malih in velikih gledalcev. Skozi ob\u010dutene vizualne slike, mal\u010dkom pri\u010darata njihov prvi obisk gledali\u0161\u010da, da bo ta ostal enkraten in nepozaben. Svojstvena estetika gledali\u0161\u010da za najmlaj\u0161e temelji na odkritju majhnega otroka kot gledalca ter njegovega estetskega do\u017eivljanja, s te\u017enjo ustvariti otrokom odkrivanje sveta v njegovi elementarni in poeti\u010dni obliki.<\/p>\n<p>Re\u017eija in vizualna zasnova: <br \/>\n<strong>Sabina \u0160inko<\/strong><\/p>\n<p>Glasba in igra: <br \/>\n<strong>Petra Kava\u0161<\/strong> in <strong>Natalija Tumpej<br \/>\n<\/strong><br \/>\nIzdelava scene: <br \/>\n<strong>Milan Gal<\/strong><\/p>\n<hr \/>\n<p>Predstava je primerna za otroke od 1. do 4. leta<\/p>\n<hr \/>\n<p><strong>Obravnavane teme:<\/strong><br \/>\nnasprotja \u2013 igra s svetlobo \u2013 preplet zvok<\/p>\n<p>\n<strong><a href=\"https:\/\/www1.kkl.si\/wp-content\/uploads\/2021\/12\/BaBu_1.jpg\" data-lbwps-width=\"2048\" data-lbwps-height=\"1365\" data-lbwps-srcsmall=\"https:\/\/www1.kkl.si\/wp-content\/uploads\/2021\/12\/BaBu_1-400x267.jpg\"><img loading=\"lazy\" decoding=\"async\" class=\"wp-image-5792 size-medium alignright\" src=\"https:\/\/www1.kkl.si\/wp-content\/uploads\/2021\/12\/BaBu_1-400x267.jpg\" alt=\"\" width=\"400\" height=\"267\" srcset=\"https:\/\/www1.kkl.si\/wp-content\/uploads\/2021\/12\/BaBu_1-400x267.jpg 400w, https:\/\/www1.kkl.si\/wp-content\/uploads\/2021\/12\/BaBu_1-1500x1000.jpg 1500w, https:\/\/www1.kkl.si\/wp-content\/uploads\/2021\/12\/BaBu_1.jpg 2048w\" sizes=\"auto, (max-width: 400px) 100vw, 400px\" \/><\/a>Mnenje strokovne komisije (Zlata pali\u010dica)<br \/>\n<\/strong><\/p>\n<p>Ba Bu je animirana prostorska instalacija, o\u017eivljena v prepletu giba, preproste animacije in igrive zvo\u010dne podobe. Lok uprizoritve vodi skozi niz zaokro\u017eenih slik, od spoznavanja ne\u017eivega do rojstva dveh malih bitij. Pri tem domi\u0161ljeno gradi uprizoritvene mo\u017enosti, se poigrava z osnovnimi kvalitetami objektov (velikost, te\u017ea, zvo\u010dnost), izkori\u0161\u010da igro svetlobe in sence ter natan\u010dno razvija vizualno zasnovo uporabljenih elementov. Z iz\u010di\u0161\u010deno vizualno in zvo\u010dno podobo, premi\u0161ljenimi zaznavnimi u\u010dinki, drobnimi presene\u010denji in o\u010darljivo neverbalno komunikacijo uprizoritev ne\u017eno priteguje zaznavanje najmlaj\u0161ih ter krepi opazovanje kot odprt pogled radovednega preiskovanja in \u010dudenja.<\/p>\n<p>Nika Arhar, Martina Pe\u0161taj in Adriana Gaber\u0161\u010dik<\/p>\n<hr \/>\n<p>FOTOGALERIJA:<\/p>\n\n\t\t<style type=\"text\/css\">\n\t\t\t#gallery-1 {\n\t\t\t\tmargin: auto;\n\t\t\t}\n\t\t\t#gallery-1 .gallery-item {\n\t\t\t\tfloat: left;\n\t\t\t\tmargin-top: 10px;\n\t\t\t\ttext-align: center;\n\t\t\t\twidth: 16%;\n\t\t\t}\n\t\t\t#gallery-1 img {\n\t\t\t\tborder: 2px solid #cfcfcf;\n\t\t\t}\n\t\t\t#gallery-1 .gallery-caption {\n\t\t\t\tmargin-left: 0;\n\t\t\t}\n\t\t\t\/* see gallery_shortcode() in wp-includes\/media.php *\/\n\t\t<\/style>\n\t\t<div id='gallery-1' class='gallery galleryid-16497 gallery-columns-6 gallery-size-thumbnail'><dl class='gallery-item'>\n\t\t\t<dt class='gallery-icon landscape'>\n\t\t\t\t<a href='https:\/\/www1.kkl.si\/wp-content\/uploads\/2021\/12\/BaBu_2.jpg'><img loading=\"lazy\" decoding=\"async\" width=\"150\" height=\"150\" src=\"https:\/\/www1.kkl.si\/wp-content\/uploads\/2021\/12\/BaBu_2-150x150.jpg\" class=\"attachment-thumbnail size-thumbnail\" alt=\"\" \/><\/a>\n\t\t\t<\/dt><\/dl><dl class='gallery-item'>\n\t\t\t<dt class='gallery-icon landscape'>\n\t\t\t\t<a href='https:\/\/www1.kkl.si\/wp-content\/uploads\/2021\/12\/BaBu_3.jpg'><img loading=\"lazy\" decoding=\"async\" width=\"150\" height=\"150\" src=\"https:\/\/www1.kkl.si\/wp-content\/uploads\/2021\/12\/BaBu_3-150x150.jpg\" class=\"attachment-thumbnail size-thumbnail\" alt=\"\" \/><\/a>\n\t\t\t<\/dt><\/dl><dl class='gallery-item'>\n\t\t\t<dt class='gallery-icon portrait'>\n\t\t\t\t<a href='https:\/\/www1.kkl.si\/wp-content\/uploads\/2021\/12\/BaBu_4.jpg'><img loading=\"lazy\" decoding=\"async\" width=\"150\" height=\"150\" src=\"https:\/\/www1.kkl.si\/wp-content\/uploads\/2021\/12\/BaBu_4-150x150.jpg\" class=\"attachment-thumbnail size-thumbnail\" alt=\"\" \/><\/a>\n\t\t\t<\/dt><\/dl><dl class='gallery-item'>\n\t\t\t<dt class='gallery-icon landscape'>\n\t\t\t\t<a href='https:\/\/www1.kkl.si\/wp-content\/uploads\/2021\/12\/BaBu_5.jpg'><img loading=\"lazy\" decoding=\"async\" width=\"150\" height=\"150\" src=\"https:\/\/www1.kkl.si\/wp-content\/uploads\/2021\/12\/BaBu_5-150x150.jpg\" class=\"attachment-thumbnail size-thumbnail\" alt=\"\" \/><\/a>\n\t\t\t<\/dt><\/dl><dl class='gallery-item'>\n\t\t\t<dt class='gallery-icon landscape'>\n\t\t\t\t<a href='https:\/\/www1.kkl.si\/wp-content\/uploads\/2021\/12\/BaBu_6.jpg'><img loading=\"lazy\" decoding=\"async\" width=\"150\" height=\"150\" src=\"https:\/\/www1.kkl.si\/wp-content\/uploads\/2021\/12\/BaBu_6-150x150.jpg\" class=\"attachment-thumbnail size-thumbnail\" alt=\"\" \/><\/a>\n\t\t\t<\/dt><\/dl><dl class='gallery-item'>\n\t\t\t<dt class='gallery-icon landscape'>\n\t\t\t\t<a href='https:\/\/www1.kkl.si\/wp-content\/uploads\/2021\/12\/BaBu_7.jpg'><img loading=\"lazy\" decoding=\"async\" width=\"150\" height=\"150\" src=\"https:\/\/www1.kkl.si\/wp-content\/uploads\/2021\/12\/BaBu_7-150x150.jpg\" class=\"attachment-thumbnail size-thumbnail\" alt=\"\" \/><\/a>\n\t\t\t<\/dt><\/dl><br style=\"clear: both\" \/>\n\t\t<\/div>\n\n<hr \/>\n<p>VIDEO<\/p>\n<p><iframe loading=\"lazy\" src=\"\/\/www.youtube.com\/embed\/6LFOF0xKV8I\" width=\"1200\" height=\"673\" allowfullscreen=\"allowfullscreen\"><\/iframe><\/p>\n<hr \/>\n<p>POVEZAVI<\/p>\n<p><i class=\"fas fa-link\"><\/i> <a href=\"http:\/\/www.lutkepupilla.si\/lutkovne-predstave\/ba-bu\/\">http:\/\/www.lutkepupilla.si\/lutkovne-predstave\/ba-bu\/<\/a><br \/>\n<i class=\"fas fa-link\"><\/i> <a href=\"https:\/\/www.zlatapalicica.si\/predstava\/ba-bu\/\">https:\/\/www.zlatapalicica.si\/predstava\/ba-bu\/<\/a><\/p>\n","protected":false},"excerpt":{"rendered":"<p>torek, 19. marec 2024, 17.00 | Gledali\u0161ka in koncertna dvorana Lendava otro\u0161ka predstava 1+ Cena vstopnice: 3 \u20ac | OBVESTILO: \u0160tevilo vstopnic je omejeno! Organizator: Knji\u017enica \u2013 Kulturni center Lendava \u2013 Lendvai K\u00f6nyvt\u00e1r \u00e9s Kultur\u00e1lis K\u00f6zpont Lutkovno gledali\u0161\u010de Pupilla predstavlja: BA BU Igralki-glasbenici najmlaj\u0161e gledalce popeljeta v magi\u010den svet, kjer se prepletajo zvok, glasba, ritem, [&hellip;]<\/p>\n","protected":false},"author":2,"featured_media":16490,"parent":0,"menu_order":0,"comment_status":"closed","ping_status":"closed","template":"","meta":{"footnotes":""},"class_list":["post-16497","page","type-page","status-publish","has-post-thumbnail","hentry","post","post-with-thumbnail","post-with-thumbnail-icon"],"_links":{"self":[{"href":"https:\/\/www1.kkl.si\/sl\/wp-json\/wp\/v2\/pages\/16497","targetHints":{"allow":["GET"]}}],"collection":[{"href":"https:\/\/www1.kkl.si\/sl\/wp-json\/wp\/v2\/pages"}],"about":[{"href":"https:\/\/www1.kkl.si\/sl\/wp-json\/wp\/v2\/types\/page"}],"author":[{"embeddable":true,"href":"https:\/\/www1.kkl.si\/sl\/wp-json\/wp\/v2\/users\/2"}],"replies":[{"embeddable":true,"href":"https:\/\/www1.kkl.si\/sl\/wp-json\/wp\/v2\/comments?post=16497"}],"version-history":[{"count":5,"href":"https:\/\/www1.kkl.si\/sl\/wp-json\/wp\/v2\/pages\/16497\/revisions"}],"predecessor-version":[{"id":16696,"href":"https:\/\/www1.kkl.si\/sl\/wp-json\/wp\/v2\/pages\/16497\/revisions\/16696"}],"wp:featuredmedia":[{"embeddable":true,"href":"https:\/\/www1.kkl.si\/sl\/wp-json\/wp\/v2\/media\/16490"}],"wp:attachment":[{"href":"https:\/\/www1.kkl.si\/sl\/wp-json\/wp\/v2\/media?parent=16497"}],"curies":[{"name":"wp","href":"https:\/\/api.w.org\/{rel}","templated":true}]}}