{"id":16667,"date":"2024-03-22T13:04:23","date_gmt":"2024-03-22T12:04:23","guid":{"rendered":"https:\/\/www1.kkl.si\/?page_id=16667"},"modified":"2024-11-25T22:39:05","modified_gmt":"2024-11-25T21:39:05","slug":"spored-2024-04","status":"publish","type":"page","link":"https:\/\/www1.kkl.si\/sl\/spored-2024-04\/","title":{"rendered":"SPORED: april 2024"},"content":{"rendered":"<p><strong>Leto 2024:<\/strong> <a href=\"https:\/\/www1.kkl.si\/sl\/spored-2024-01\/\">januar<\/a> | <a href=\"https:\/\/www1.kkl.si\/sl\/spored-2024-02\/\">februar<\/a> | <a href=\"https:\/\/www1.kkl.si\/sl\/spored-2024-03\/\">marec<\/a> | <a href=\"https:\/\/www1.kkl.si\/sl\/spored-2024-04\/\">april<\/a> | <a href=\"https:\/\/www1.kkl.si\/sl\/spored-2024-05\/\">maj<\/a> | <a href=\"https:\/\/www1.kkl.si\/sl\/spored-2024-06\/\">junij<\/a> | <a href=\"https:\/\/www1.kkl.si\/sl\/spored-2024-07\/\">julij<\/a> | <a href=\"https:\/\/www1.kkl.si\/sl\/spored-2024-08\/\">avgust<\/a> | <a href=\"https:\/\/www1.kkl.si\/sl\/spored-2024-09\/\">september<\/a> | <a href=\"https:\/\/www1.kkl.si\/sl\/spored-2024-10\/\">oktober<\/a> | <a href=\"https:\/\/www1.kkl.si\/sl\/spored-2024-11\/\">november<\/a> | <a href=\"https:\/\/www1.kkl.si\/sl\/spored-2024-12\/\">december<\/a> | <a href=\"https:\/\/www1.kkl.si\/sl\/arhiv-sporeda\/\">ARHIV<\/a><\/p>\n<div style=\"overflow-x: auto;\">\n<table id=\"spored-legenda\" cellspacing=\"0\" cellpadding=\"5\">\n<tbody>\n<tr>\n<td><strong>LEGENDA<br \/>\nSIMBOLOV<\/strong><\/td>\n<td style=\"vertical-align: middle;\"><img loading=\"lazy\" decoding=\"async\" title=\"Slovenski abonma\" src=\"https:\/\/www1.kkl.si\/wp-content\/uploads\/2020\/07\/spored_simb_abonma_si-1.svg\" alt=\"abonma_si\" width=\"30\" height=\"30\" \/><\/td>\n<td>Slovenski<br \/>\nabonma<\/td>\n<td style=\"vertical-align: middle;\"><img loading=\"lazy\" decoding=\"async\" title=\"Mad\u017earski abonma\" src=\"https:\/\/www1.kkl.si\/wp-content\/uploads\/2020\/07\/spored_simb_abonma_hu-1.svg\" alt=\"abonma_hu\" width=\"30\" height=\"30\" \/><\/td>\n<td>Mad\u017earski<br \/>\nabonma<\/td>\n<td style=\"vertical-align: middle;\"><img loading=\"lazy\" decoding=\"async\" title=\"Zaklju\u010dena prireditev\" src=\"https:\/\/www1.kkl.si\/wp-content\/uploads\/2020\/07\/spored_simb_zakljucena-1.svg\" alt=\"zakljucena\" width=\"30\" height=\"30\" \/><\/td>\n<td>Zaklju\u010dena<br \/>\nprireditev<\/td>\n<td style=\"vertical-align: middle;\"><img loading=\"lazy\" decoding=\"async\" title=\"Brezpla\u010dna prireditev\" src=\"https:\/\/www1.kkl.si\/wp-content\/uploads\/2020\/07\/spored_simb_brezplacna-1.svg\" alt=\"brezplacna\" width=\"30\" height=\"30\" \/><\/td>\n<td>Brezpla\u010dna<br \/>\nprireditev<\/td>\n<td style=\"vertical-align: middle;\"><img loading=\"lazy\" decoding=\"async\" title=\"Pla\u010dljiva prireditev\" src=\"https:\/\/www1.kkl.si\/wp-content\/uploads\/2020\/07\/spored_simb_placljiva-1.svg\" alt=\"placljiva\" width=\"30\" height=\"30\" \/><\/td>\n<td>Pla\u010dljiva<br \/>\nprireditev<\/td>\n<td style=\"vertical-align: middle;\"><img loading=\"lazy\" decoding=\"async\" title=\"Novost, sprememba\" src=\"https:\/\/www1.kkl.si\/wp-content\/uploads\/2020\/07\/spored_simb_novost-1.svg\" alt=\"novost\" width=\"30\" height=\"30\" \/><\/td>\n<td>Novost,<br \/>\nsprememba<\/td>\n<\/tr>\n<\/tbody>\n<\/table>\n<\/div>\n<table id=\"sporedtabela\" style=\"width: 100%;\">\n<tbody>\n<tr>\n<td style=\"width: 14.9128%;\">\n<p style=\"text-align: center;\"><strong><span style=\"font-size: 24pt;\">5.<\/span><br \/>\n<\/strong><\/p>\n<p style=\"text-align: center;\">petek<\/p>\n<p style=\"text-align: center;\"><img loading=\"lazy\" decoding=\"async\" title=\"Brezpla\u010dna prireditev\" src=\"https:\/\/www1.kkl.si\/wp-content\/uploads\/2020\/07\/spored_simb_brezplacna-1.svg\" alt=\"brezplacna\" width=\"30\" height=\"30\" \/><\/p>\n<\/td>\n<td style=\"width: 84.6061%;\">\n<p><i class=\"fas fa-clock\"><\/i> <strong>18.00<\/strong> | preddverje Gledali\u0161ke in koncertne dvorane Lendava<a href=\"https:\/\/www1.kkl.si\/wp-content\/uploads\/2024\/03\/PGPN_2024_DV_splet.jpg\" data-lbwps-width=\"2149\" data-lbwps-height=\"3000\" data-lbwps-srcsmall=\"https:\/\/www1.kkl.si\/wp-content\/uploads\/2024\/03\/PGPN_2024_DV_splet.jpg\"><img loading=\"lazy\" decoding=\"async\" class=\"slika alignright wp-image-16739 size-thumbnail\" src=\"https:\/\/www1.kkl.si\/wp-content\/uploads\/2024\/03\/PGPN_2024_DV_splet-scaled-150x150.jpg\" alt=\"\" width=\"150\" height=\"150\" \/><\/a><br \/>\n<strong>razstava<\/strong><\/p>\n<p><a href=\"https:\/\/www1.kkl.si\/sl\/vabilo-razstava-likovnega-natecaja-plakat-miru-2024\/\"><span style=\"font-size: 24pt;\"><strong>Otvoritev razstave likovnega nate\u010daja Plakat miru 2024<\/strong><\/span><\/a><\/p>\n<p><span style=\"font-size: 10pt;\">Organizator: <a href=\"https:\/\/www.facebook.com\/LionsKlubLendava\/\">Lions klub Lendava<\/a>, <a href=\"https:\/\/www.facebook.com\/LionsKlubLendava\/\">Leo klub Lendava<\/a>, <a href=\"https:\/\/www.facebook.com\/LionsKlubLendava\/\">DS\u0160 Lendava\/KKI, Lendva<\/a><\/span><\/p>\n<\/td>\n<\/tr>\n<tr>\n<td style=\"width: 14.9128%; text-align: center;\">\n<p><span style=\"font-size: 24pt;\"><strong>5.<br \/>\n<\/strong><\/span><\/p>\n<p>petek<\/p>\n<p><img loading=\"lazy\" decoding=\"async\" class=\"aligncenter\" title=\"Pla\u010dljiva prireditev\" src=\"https:\/\/www1.kkl.si\/wp-content\/uploads\/2020\/07\/spored_simb_placljiva-1.svg\" alt=\"placljiva\" width=\"30\" height=\"30\" \/><\/td>\n<td style=\"width: 84.6061%;\">\n<p><i class=\"fas fa-clock\"><\/i> <strong>19.00<\/strong> | Gledali\u0161ka in koncertna dvorana Lendava<a href=\"https:\/\/www1.kkl.si\/wp-content\/uploads\/2024\/03\/PGPN_2024_DV_splet.jpg\" data-lbwps-width=\"2149\" data-lbwps-height=\"3000\" data-lbwps-srcsmall=\"https:\/\/www1.kkl.si\/wp-content\/uploads\/2024\/03\/PGPN_2024_DV_splet.jpg\"><img loading=\"lazy\" decoding=\"async\" class=\"slika alignright wp-image-16739 size-thumbnail\" src=\"https:\/\/www1.kkl.si\/wp-content\/uploads\/2024\/03\/PGPN_2024_DV_splet-scaled-150x150.jpg\" alt=\"\" width=\"150\" height=\"150\" \/><\/a><br \/>\n<strong>dobrodelna prireditev<\/strong><\/p>\n<p><a href=\"https:\/\/www1.kkl.si\/sl\/podarjamo-glasbo-ples-in-nasmeh-2024\/\"><strong><span style=\"font-size: 24pt;\">Podarjamo glasbo, ples in nasmeh<\/span><\/strong><\/a><\/p>\n<p><strong>Posebni gostje:<\/strong> Evterpe in Dani Kolari\u010d<\/p>\n<p><i class=\"fas fa-ticket-alt\"><\/i> Cena vstopnice: <strong>7 \u20ac<\/strong> za odrasle, otroci brezpla\u010dno<\/p>\n<p><em>Zbrana sredstva bodo namenjena \u0161olskim skladom.<\/em><\/p>\n<p><span style=\"font-size: 10pt;\">Organizator: <a href=\"https:\/\/www.facebook.com\/LionsKlubLendava\/\">Lions klub Lendava<\/a>, <a href=\"https:\/\/www.facebook.com\/LionsKlubLendava\/\">Leo klub Lendava<\/a>, <a href=\"https:\/\/www.facebook.com\/LionsKlubLendava\/\">DS\u0160 Lendava\/KKI, Lendva<\/a><\/span><\/p>\n<\/td>\n<\/tr>\n<tr>\n<td style=\"width: 14.9128%;\">\n<p style=\"text-align: center;\"><strong><span style=\"font-size: 24pt;\">10.<\/span><br \/>\n<\/strong><\/p>\n<p style=\"text-align: center;\">sreda<\/p>\n<p style=\"text-align: center;\"><img loading=\"lazy\" decoding=\"async\" title=\"Brezpla\u010dna prireditev\" src=\"https:\/\/www1.kkl.si\/wp-content\/uploads\/2020\/07\/spored_simb_brezplacna-1.svg\" alt=\"brezplacna\" width=\"30\" height=\"30\" \/>\u00a0<\/p>\n<\/td>\n<td style=\"width: 84.6061%;\">\n<p><i class=\"fas fa-clock\"><\/i> <strong>10.00<\/strong> | Gledali\u0161ka in koncertna dvorana Lendava<a href=\"https:\/\/www1.kkl.si\/wp-content\/uploads\/2024\/03\/plakat_70cm_otroci_pojo_Lendava_JSKD_2024.png\"><img loading=\"lazy\" decoding=\"async\" class=\"slika alignright wp-image-16670 size-thumbnail\" src=\"https:\/\/www1.kkl.si\/wp-content\/uploads\/2024\/03\/plakat_70cm_otroci_pojo_Lendava_JSKD_2024-150x150.png\" alt=\"\" width=\"150\" height=\"150\" \/><\/a><br \/>\n<strong>revija, glasbena prireditev<br \/>\n<\/strong><\/p>\n<p><a href=\"https:\/\/www1.kkl.si\/sl\/vabilo-obmocna-revija-otroskih-in-mladinskih-zborov-otroci-pojo-2024\/\"><strong><span style=\"font-size: 24pt;\">Obmo\u010dna revija otro\u0161kih in mladinskih zborov \u00bbOtroci pojo\u00ab<\/span><\/strong><\/a><\/p>\n<p><span style=\"font-size: 10pt;\">Organizator: <a href=\"https:\/\/www.jskd.si\/\">JSKD \u2013 Obmo\u010dna izpostava Lendava<\/a><\/span><\/p>\n<\/td>\n<\/tr>\n<tr>\n<td style=\"width: 14.9128%;\">\n<p style=\"text-align: center;\"><span style=\"font-size: 24pt;\"><strong>11.<br \/>\n<\/strong><\/span><\/p>\n<p style=\"text-align: center;\">\u010detrtek<\/p>\n<p><img loading=\"lazy\" decoding=\"async\" class=\"aligncenter\" title=\"Pla\u010dljiva prireditev\" src=\"https:\/\/www1.kkl.si\/wp-content\/uploads\/2020\/07\/spored_simb_placljiva-1.svg\" alt=\"placljiva\" width=\"30\" height=\"30\" \/><\/p>\n<\/td>\n<td style=\"width: 84.6061%;\">\n<p><i class=\"fas fa-clock\"><\/i> <strong>17.00<\/strong> | Gledali\u0161ka in koncertna dvorana Lendava<a href=\"https:\/\/www1.kkl.si\/wp-content\/uploads\/2024\/03\/plakat_B2_hapci_2024_DVOJ.jpg\" data-lbwps-width=\"2143\" data-lbwps-height=\"3000\" data-lbwps-srcsmall=\"https:\/\/www1.kkl.si\/wp-content\/uploads\/2024\/03\/plakat_B2_hapci_2024_DVOJ.jpg\"><img loading=\"lazy\" decoding=\"async\" class=\"slika alignright wp-image-16688 size-thumbnail\" src=\"https:\/\/www1.kkl.si\/wp-content\/uploads\/2024\/03\/plakat_B2_hapci_2024_DVOJ-scaled-150x150.jpg\" alt=\"\" width=\"150\" height=\"150\" \/><\/a><br \/>\n<strong>otro\u0161ka predstava v mad\u017earskem jeziku <span class=\"starost\">4+<\/span><br \/>\n<\/strong><\/p>\n<p>Mesebolt B\u00e1bsz\u00ednh\u00e1z, Szombathely (Mad\u017earska):<\/p>\n<p><a href=\"https:\/\/www1.kkl.si\/sl\/mesebolt-babszinhaz-hapci-kiraly\/\"><span style=\"font-size: 24pt;\"><strong>Hapci kir\u00e1ly<\/strong><\/span><\/a><\/p>\n<p><i class=\"fas fa-ticket-alt\"><\/i> Cena vstopnice: <strong>3 \u20ac<\/strong><\/p>\n<p><span style=\"font-size: 10pt;\">Organizator: <a href=\"https:\/\/www.kkl.si\/\">Knji\u017enica \u2013 Kulturni center Lendava \u2013 Lendvai K\u00f6nyvt\u00e1r \u00e9s Kultur\u00e1lis K\u00f6zpont<\/a><\/span><\/p>\n<\/td>\n<\/tr>\n<tr>\n<td style=\"width: 14.9128%;\">\n<p style=\"text-align: center;\"><strong><span style=\"font-size: 24pt;\">12.<\/span><br \/>\n<\/strong><\/p>\n<p style=\"text-align: center;\">petek<\/p>\n<p style=\"text-align: center;\"><img loading=\"lazy\" decoding=\"async\" title=\"Brezpla\u010dna prireditev\" src=\"https:\/\/www1.kkl.si\/wp-content\/uploads\/2020\/07\/spored_simb_brezplacna-1.svg\" alt=\"brezplacna\" width=\"30\" height=\"30\" \/><\/p>\n<\/td>\n<td style=\"width: 84.6061%;\">\n<p><i class=\"fas fa-clock\"><\/i> <strong>19.00<\/strong> | Gledali\u0161ka in koncertna dvorana Lendava<a href=\"https:\/\/www1.kkl.si\/wp-content\/uploads\/2024\/04\/Nonina_Storja_plakat_splet.jpg\" data-lbwps-width=\"2122\" data-lbwps-height=\"3000\" data-lbwps-srcsmall=\"https:\/\/www1.kkl.si\/wp-content\/uploads\/2024\/04\/Nonina_Storja_plakat_splet.jpg\"><img loading=\"lazy\" decoding=\"async\" class=\"slika alignright wp-image-17244 size-thumbnail\" src=\"https:\/\/www1.kkl.si\/wp-content\/uploads\/2024\/04\/Nonina_Storja_plakat_splet-scaled-e1712226475847-150x150.jpg\" alt=\"\" width=\"150\" height=\"150\" \/><\/a><br \/>\n<strong>dokumentarni film <span class=\"premiera\">PREDPREMIERA<\/span><br \/>\n<\/strong><\/p>\n<p><a href=\"https:\/\/www1.kkl.si\/sl\/vabilo-predstavitev-dokumentarnega-filma-nonina-storja\/\"><span style=\"font-size: 24pt;\"><strong>\u00bbNonina \u0161torja\u00ab, dokumentarni film o vasi Benica<\/strong><\/span><\/a><\/p>\n<p><span style=\"font-size: 10pt;\">Organizatorji: <a href=\"https:\/\/pi-prekmurje.si\/\">Primorci in Istrani v Prekmurju, dru\u0161tvo za ohranjanje tradicije<\/a>, <a href=\"https:\/\/www.zkd-lendava.com\/\">ZKD Lendava<\/a>, <a href=\"https:\/\/www.jskd.si\/\">JSKD \u2013 Obmo\u010dna izpostava Lendava<\/a><\/span><\/p>\n<\/td>\n<\/tr>\n<tr>\n<td style=\"width: 14.9128%;\">\n<p style=\"text-align: center;\"><strong><span style=\"font-size: 24pt;\">13.<\/span><br \/>\n<\/strong><\/p>\n<p style=\"text-align: center;\">sobota<\/p>\n<p style=\"text-align: center;\"><img loading=\"lazy\" decoding=\"async\" title=\"Brezpla\u010dna prireditev\" src=\"https:\/\/www1.kkl.si\/wp-content\/uploads\/2020\/07\/spored_simb_brezplacna-1.svg\" alt=\"brezplacna\" width=\"30\" height=\"30\" \/><\/p>\n<\/td>\n<td style=\"width: 84.6061%;\">\n<p><i class=\"fas fa-clock\"><\/i> <strong>11.00<\/strong> | preddverje Gledali\u0161ke in koncertne dvorane Lendava<a href=\"https:\/\/www1.kkl.si\/wp-content\/uploads\/2024\/04\/Zala_Gyorgy_2024.jpg\" data-lbwps-width=\"1414\" data-lbwps-height=\"2000\" data-lbwps-srcsmall=\"https:\/\/www1.kkl.si\/wp-content\/uploads\/2024\/04\/Zala_Gyorgy_2024-283x400.jpg\"><img loading=\"lazy\" decoding=\"async\" class=\"alignright size-thumbnail wp-image-17215\" src=\"https:\/\/www1.kkl.si\/wp-content\/uploads\/2024\/04\/Zala_Gyorgy_2024-e1712133413840-150x150.jpg\" alt=\"\" width=\"150\" height=\"150\" \/><\/a><br \/>\n<strong>kulturna prireditev, razstava<br \/>\n<\/strong><\/p>\n<p><a href=\"https:\/\/www1.kkl.si\/sl\/vabilo-v-spomin-na-gyorgy-zalo-2024\/\"><strong><span style=\"font-size: 24pt;\">\u00bbV spomin na Gy\u00f6rgy Zalo\u00ab<\/span><\/strong><\/a><\/p>\n<p>spominska slovesnost in polaganje venca pri kipu Gy\u00f6rgya Zale ter otvoritev razstave<\/p>\n<p><span style=\"font-size: 10pt;\">Organizator: <a href=\"https:\/\/lendva.info\/\">Mad\u017earska samoupravna narodna skupnost Ob\u010dine Lendava (LKMN\u00d6K\u2013MSNSOL)<\/a><\/span><\/p>\n<\/td>\n<\/tr>\n<tr>\n<td style=\"width: 14.9128%;\">\n<p style=\"text-align: center;\"><strong><span style=\"font-size: 24pt;\">23.<\/span><br \/>\n<\/strong><\/p>\n<p style=\"text-align: center;\">torek<\/p>\n<p style=\"text-align: center;\"><img loading=\"lazy\" decoding=\"async\" title=\"Brezpla\u010dna prireditev\" src=\"https:\/\/www1.kkl.si\/wp-content\/uploads\/2020\/07\/spored_simb_brezplacna-1.svg\" alt=\"brezplacna\" width=\"30\" height=\"30\" \/><\/p>\n<\/td>\n<td style=\"width: 84.6061%;\">\n<p><i class=\"fas fa-clock\"><\/i> <strong>16.30<\/strong> | Gledali\u0161ka in koncertna dvorana Lendava<a href=\"https:\/\/www1.kkl.si\/wp-content\/uploads\/2024\/04\/plakat_B2_balet_MMorska-deklica_2024_DVOJ.jpg\"><img loading=\"lazy\" decoding=\"async\" class=\"alignright size-thumbnail wp-image-17268\" src=\"https:\/\/www1.kkl.si\/wp-content\/uploads\/2024\/04\/plakat_B2_balet_MMorska-deklica_2024_DVOJ-scaled-e1712760641443-150x150.jpg\" alt=\"\" width=\"150\" height=\"150\" \/><\/a><br \/>\n<strong>baletna predstava<br \/>\n<\/strong><\/p>\n<p><a href=\"https:\/\/www1.kkl.si\/sl\/baletna-predstava-mala-morska-deklica\/\"><strong><span style=\"font-size: 24pt;\">Mala morska deklica<\/span><\/strong><\/a><\/p>\n<p>v izvedbi baletnega oddelka Glasbene \u0161ole Lendava<\/p>\n<p><strong><i class=\"fas fa-exclamation-circle\"><\/i> OBVESTILO: \u0160tevilo vstopnic je omejeno!<\/strong> <br \/>\nBrezpla\u010dne vstopnice se dobijo od 19. aprila 2024 naprej v tajni\u0161tvu G\u0160 Lendava <i class=\"fas fa-phone-alt\"><\/i> 02 577 20 62.<\/p>\n<p><span style=\"font-size: 10pt;\">Organizator: <a href=\"http:\/\/www.gs-lendava.si\/\">Glasbena \u0161ola Lendava\/Zeneiskola Lendva<\/a><\/span><\/p>\n<\/td>\n<\/tr>\n<tr>\n<td style=\"width: 14.9128%;\">\n<p style=\"text-align: center;\"><strong><span style=\"font-size: 24pt;\">23.<\/span><br \/>\n<\/strong><\/p>\n<p style=\"text-align: center;\">torek<\/p>\n<p style=\"text-align: center;\"><img loading=\"lazy\" decoding=\"async\" title=\"Brezpla\u010dna prireditev\" src=\"https:\/\/www1.kkl.si\/wp-content\/uploads\/2020\/07\/spored_simb_brezplacna-1.svg\" alt=\"brezplacna\" width=\"30\" height=\"30\" \/><\/p>\n<\/td>\n<td style=\"width: 84.6061%;\">\n<p><i class=\"fas fa-clock\"><\/i> <strong>18.00<\/strong> | Gledali\u0161ka in koncertna dvorana Lendava<a href=\"https:\/\/www1.kkl.si\/wp-content\/uploads\/2024\/04\/plakat_B2_balet_MMorska-deklica_2024_DVOJ.jpg\"><img loading=\"lazy\" decoding=\"async\" class=\"alignright size-thumbnail wp-image-17268\" src=\"https:\/\/www1.kkl.si\/wp-content\/uploads\/2024\/04\/plakat_B2_balet_MMorska-deklica_2024_DVOJ-scaled-e1712760641443-150x150.jpg\" alt=\"\" width=\"150\" height=\"150\" \/><\/a><br \/>\n<strong>baletna predstava<br \/>\n<\/strong><\/p>\n<p><a href=\"https:\/\/www1.kkl.si\/sl\/baletna-predstava-mala-morska-deklica\/\"><span style=\"font-size: 24pt;\"><strong>Mala morska deklica<\/strong><\/span><\/a><\/p>\n<p>v izvedbi baletnega oddelka Glasbene \u0161ole Lendava<\/p>\n<p><strong><i class=\"fas fa-exclamation-circle\"><\/i> OBVESTILO: \u0160tevilo vstopnic je omejeno!<\/strong> <br \/>\nBrezpla\u010dne vstopnice se dobijo od 19. aprila 2024 naprej v tajni\u0161tvu G\u0160 Lendava <i class=\"fas fa-phone-alt\"><\/i> 02 577 20 62.<\/p>\n<p><span style=\"font-size: 10pt;\">Organizator: <a href=\"http:\/\/www.gs-lendava.si\/\">Glasbena \u0161ola Lendava\/Zeneiskola Lendva<\/a><\/span><\/p>\n<\/td>\n<\/tr>\n<\/tbody>\n<\/table>\n<p style=\"text-align: center;\"><span style=\"font-size: 10pt;\">Organizatorji si pridr\u017eujejo pravico do spremembe programa.<\/span><\/p>\n","protected":false},"excerpt":{"rendered":"<p>Leto 2024: januar | februar | marec | april | maj | junij | julij | avgust | september | oktober | november | december | ARHIV LEGENDA SIMBOLOV Slovenski abonma Mad\u017earski abonma Zaklju\u010dena prireditev Brezpla\u010dna prireditev Pla\u010dljiva prireditev Novost, sprememba 5. petek 18.00 | preddverje Gledali\u0161ke in koncertne dvorane Lendava razstava Otvoritev razstave likovnega [&hellip;]<\/p>\n","protected":false},"author":2,"featured_media":0,"parent":0,"menu_order":0,"comment_status":"closed","ping_status":"closed","template":"","meta":{"footnotes":""},"class_list":["post-16667","page","type-page","status-publish","hentry","post"],"_links":{"self":[{"href":"https:\/\/www1.kkl.si\/sl\/wp-json\/wp\/v2\/pages\/16667","targetHints":{"allow":["GET"]}}],"collection":[{"href":"https:\/\/www1.kkl.si\/sl\/wp-json\/wp\/v2\/pages"}],"about":[{"href":"https:\/\/www1.kkl.si\/sl\/wp-json\/wp\/v2\/types\/page"}],"author":[{"embeddable":true,"href":"https:\/\/www1.kkl.si\/sl\/wp-json\/wp\/v2\/users\/2"}],"replies":[{"embeddable":true,"href":"https:\/\/www1.kkl.si\/sl\/wp-json\/wp\/v2\/comments?post=16667"}],"version-history":[{"count":42,"href":"https:\/\/www1.kkl.si\/sl\/wp-json\/wp\/v2\/pages\/16667\/revisions"}],"predecessor-version":[{"id":20023,"href":"https:\/\/www1.kkl.si\/sl\/wp-json\/wp\/v2\/pages\/16667\/revisions\/20023"}],"wp:attachment":[{"href":"https:\/\/www1.kkl.si\/sl\/wp-json\/wp\/v2\/media?parent=16667"}],"curies":[{"name":"wp","href":"https:\/\/api.w.org\/{rel}","templated":true}]}}