{"id":16695,"date":"2024-03-25T17:08:10","date_gmt":"2024-03-25T16:08:10","guid":{"rendered":"https:\/\/www1.kkl.si\/?page_id=16695"},"modified":"2024-03-25T17:14:36","modified_gmt":"2024-03-25T16:14:36","slug":"mesebolt-babszinhaz-hapci-kiraly","status":"publish","type":"page","link":"https:\/\/www1.kkl.si\/sl\/mesebolt-babszinhaz-hapci-kiraly\/","title":{"rendered":"Mesebolt B\u00e1bsz\u00ednh\u00e1z: Hapci kir\u00e1ly"},"content":{"rendered":"<div class=\"opis\"><i class=\"fas fa-clock\"><\/i> <strong>\u010detrtek, 11. april 2024, 17.00<\/strong> | Gledali\u0161ka in koncertna dvorana Lendava<img loading=\"lazy\" decoding=\"async\" class=\"alignright\" title=\"Pla\u010dljiva prireditev\" src=\"https:\/\/www1.kkl.si\/wp-content\/uploads\/\/2020\/07\/spored_simb_placljiva-1.svg\" alt=\"placljiva\" width=\"30\" height=\"30\" \/><br \/>\n<i class=\"fas fa-chevron-circle-right\"><\/i> <strong>otro\u0161ka predstava v mad\u017earskem jeziku <span class=\"starost\">4+<\/span><\/strong> <br \/>\n<i class=\"fas fa-ticket-alt\"><\/i> Cena vstopnice: <strong>3 \u20ac<\/strong><br \/>\nOrganizator: <a href=\"https:\/\/www.kkl.si\/\">Knji\u017enica \u2013 Kulturni center Lendava \u2013 Lendvai K\u00f6nyvt\u00e1r \u00e9s Kultur\u00e1lis K\u00f6zpont<\/a><\/div>\n<p><em><a href=\"https:\/\/www1.kkl.si\/wp-content\/uploads\/2024\/03\/plakat_B2_hapci_2024_DVOJ.jpg\" data-lbwps-width=\"2143\" data-lbwps-height=\"3000\" data-lbwps-srcsmall=\"https:\/\/www1.kkl.si\/wp-content\/uploads\/2024\/03\/plakat_B2_hapci_2024_DVOJ.jpg\"><img loading=\"lazy\" decoding=\"async\" class=\"alignright size-medium wp-image-16688\" src=\"https:\/\/www1.kkl.si\/wp-content\/uploads\/2024\/03\/plakat_B2_hapci_2024_DVOJ-scaled-286x400.jpg\" alt=\"\" width=\"286\" height=\"400\" srcset=\"https:\/\/www1.kkl.si\/wp-content\/uploads\/2024\/03\/plakat_B2_hapci_2024_DVOJ-scaled-286x400.jpg 286w, https:\/\/www1.kkl.si\/wp-content\/uploads\/2024\/03\/plakat_B2_hapci_2024_DVOJ-scaled-1072x1500.jpg 1072w, https:\/\/www1.kkl.si\/wp-content\/uploads\/2024\/03\/plakat_B2_hapci_2024_DVOJ-scaled.jpg 1829w\" sizes=\"auto, (max-width: 286px) 100vw, 286px\" \/><\/a>Mad\u017earski opis:<\/em><\/p>\n<p><strong>L\u00e1z\u00e1r Ervin:<\/strong> <br \/>\n<span style=\"font-size: 24pt;\">Hapci kir\u00e1ly<\/span><\/p>\n<p>A Mesebolt B\u00e1bsz\u00ednh\u00e1z \u00e9s a kolozsv\u00e1ri Puck B\u00e1bsz\u00ednh\u00e1z k\u00f6z\u00f6s el\u0151ad\u00e1sa.<\/p>\n<p>B\u00e1bsz\u00ednpadra \u00edrta: <strong>Nagy Orsolya<\/strong><br \/>\nRendez\u0151: <strong>Csat\u00f3 Kata<\/strong><br \/>\nZeneszerz\u0151: <strong>\u00c1d\u00e1m Rita \u00e9s Darvas Benedek<\/strong><br \/>\nTervez\u0151: <strong>M\u00e1trav\u00f6lgyi \u00c1kos<\/strong><br \/>\nSzerepl\u0151k: <strong>K\u0151m\u00edves Csongor, Kov\u00e1cs B\u00e1lint, Luk\u00e1cs G\u00e1bor, Gyurkovics Zs\u00f3fia, Varga Bori<\/strong><\/p>\n<p>Van egy orsz\u00e1g, ami els\u0151 l\u00e1t\u00e1sra olyan, mint a t\u00f6bbi. Van sz\u00e9less\u00e9ge \u00e9s hossz\u00fas\u00e1ga, ker\u00fclete \u00e9s ter\u00fclete. Van kir\u00e1lya, \u00e9s a kir\u00e1lynak vannak alattval\u00f3i. De ha jobban megn\u00e9zz\u00fck, l\u00e1thatjuk, hogy itt a Nap sem \u00fagy s\u00fct, \u00e9s a Hold sem \u00fagy f\u00e9nylik, mint m\u00e1shol. Pedig ennek az orsz\u00e1gnak a kir\u00e1lya a legnagyobb kir\u00e1ly, aki nem f\u00e9l semmit\u0151l.<br \/>\n\u2013 A legnagyobb kir\u00e1ly, a legnagyobb kir\u00e1ly \u2013 visszhangozz\u00e1k az emberek minden meggy\u0151z\u0151d\u00e9s n\u00e9lk\u00fcl. Am\u00edg a saj\u00e1t pecseny\u00e9j\u00fcket s\u00fct\u00f6gethetik, nekik ez megfelel \u00edgy.<br \/>\n\u2013 Nem f\u00e9l semmit\u0151l, nem f\u00e9l semmit\u0151l.<br \/>\nMind tudj\u00e1k, hogy ez nem igaz. De a f\u00e9lelemr\u0151l nem szok\u00e1s besz\u00e9lni.<br \/>\n\u2013 Csak a n\u00e1th\u00e1t\u00f3l \u2013 sz\u00f3lal meg ekkor egy krist\u00e1lytiszta, b\u00e1tor hang a t\u00f6meg k\u00f6zep\u00e9n.<br \/>\nJaj annak, aki ebben az orsz\u00e1gban elt\u00fcsszenti mag\u00e1t. \u00c9s jaj annak, aki ellenszeg\u00fcl. De h\u00e1t \u00e9rdemes \u00edgy \u00e9lni?<\/p>\n<p><em>A Hapci kir\u00e1ly \u00e9s m\u00e1s L\u00e1z\u00e1r Ervin mes\u00e9k alapj\u00e1n.<\/em><\/p>\n<hr \/>\n<p>Aj\u00e1nlott \u00e9letkor: 4\u201310 \u00e9veseknek<br \/>\nM\u0171sorid\u0151: 60 perc<\/p>\n<p><span style=\"font-size: 10pt;\">Az el\u0151ad\u00e1s l\u00e9trej\u00f6tt\u00e9t t\u00e1mogatta a Kultur\u00e1lis \u00e9s Innov\u00e1ci\u00f3s Miniszt\u00e9rium.<\/span><\/p>\n<hr \/>\n<p>FOTOGALERIJA<\/p>\n\n\t\t<style type=\"text\/css\">\n\t\t\t#gallery-1 {\n\t\t\t\tmargin: auto;\n\t\t\t}\n\t\t\t#gallery-1 .gallery-item {\n\t\t\t\tfloat: left;\n\t\t\t\tmargin-top: 10px;\n\t\t\t\ttext-align: center;\n\t\t\t\twidth: 16%;\n\t\t\t}\n\t\t\t#gallery-1 img {\n\t\t\t\tborder: 2px solid #cfcfcf;\n\t\t\t}\n\t\t\t#gallery-1 .gallery-caption {\n\t\t\t\tmargin-left: 0;\n\t\t\t}\n\t\t\t\/* see gallery_shortcode() in wp-includes\/media.php *\/\n\t\t<\/style>\n\t\t<div id='gallery-1' class='gallery galleryid-16695 gallery-columns-6 gallery-size-thumbnail'><dl class='gallery-item'>\n\t\t\t<dt class='gallery-icon landscape'>\n\t\t\t\t<a href='https:\/\/www1.kkl.si\/wp-content\/uploads\/2024\/03\/hapci13.jpg'><img loading=\"lazy\" decoding=\"async\" width=\"150\" height=\"150\" src=\"https:\/\/www1.kkl.si\/wp-content\/uploads\/2024\/03\/hapci13-150x150.jpg\" class=\"attachment-thumbnail size-thumbnail\" alt=\"\" \/><\/a>\n\t\t\t<\/dt><\/dl><dl class='gallery-item'>\n\t\t\t<dt class='gallery-icon landscape'>\n\t\t\t\t<a href='https:\/\/www1.kkl.si\/wp-content\/uploads\/2024\/03\/hapci02.jpg'><img loading=\"lazy\" decoding=\"async\" width=\"150\" height=\"150\" src=\"https:\/\/www1.kkl.si\/wp-content\/uploads\/2024\/03\/hapci02-150x150.jpg\" class=\"attachment-thumbnail size-thumbnail\" alt=\"\" \/><\/a>\n\t\t\t<\/dt><\/dl><dl class='gallery-item'>\n\t\t\t<dt class='gallery-icon landscape'>\n\t\t\t\t<a href='https:\/\/www1.kkl.si\/wp-content\/uploads\/2024\/03\/hapci03.jpg'><img loading=\"lazy\" decoding=\"async\" width=\"150\" height=\"150\" src=\"https:\/\/www1.kkl.si\/wp-content\/uploads\/2024\/03\/hapci03-150x150.jpg\" class=\"attachment-thumbnail size-thumbnail\" alt=\"\" \/><\/a>\n\t\t\t<\/dt><\/dl><dl class='gallery-item'>\n\t\t\t<dt class='gallery-icon landscape'>\n\t\t\t\t<a href='https:\/\/www1.kkl.si\/wp-content\/uploads\/2024\/03\/hapci06.jpg'><img loading=\"lazy\" decoding=\"async\" width=\"150\" height=\"150\" src=\"https:\/\/www1.kkl.si\/wp-content\/uploads\/2024\/03\/hapci06-150x150.jpg\" class=\"attachment-thumbnail size-thumbnail\" alt=\"\" \/><\/a>\n\t\t\t<\/dt><\/dl><dl class='gallery-item'>\n\t\t\t<dt class='gallery-icon landscape'>\n\t\t\t\t<a href='https:\/\/www1.kkl.si\/wp-content\/uploads\/2024\/03\/hapci07.jpg'><img loading=\"lazy\" decoding=\"async\" width=\"150\" height=\"150\" src=\"https:\/\/www1.kkl.si\/wp-content\/uploads\/2024\/03\/hapci07-150x150.jpg\" class=\"attachment-thumbnail size-thumbnail\" alt=\"\" \/><\/a>\n\t\t\t<\/dt><\/dl><dl class='gallery-item'>\n\t\t\t<dt class='gallery-icon portrait'>\n\t\t\t\t<a href='https:\/\/www1.kkl.si\/wp-content\/uploads\/2024\/03\/hapci10.jpg'><img loading=\"lazy\" decoding=\"async\" width=\"150\" height=\"150\" src=\"https:\/\/www1.kkl.si\/wp-content\/uploads\/2024\/03\/hapci10-150x150.jpg\" class=\"attachment-thumbnail size-thumbnail\" alt=\"\" \/><\/a>\n\t\t\t<\/dt><\/dl><br style=\"clear: both\" \/>\n\t\t<\/div>\n\n<hr \/>\n<p>VIDEO<\/p>\n<p><iframe loading=\"lazy\" title=\"Mesebolt B\u00e1bsz\u00ednh\u00e1z | Hapci kir\u00e1ly | 2024\" width=\"720\" height=\"405\" src=\"https:\/\/www.youtube.com\/embed\/nqwlR_EtX4w?feature=oembed\" frameborder=\"0\" allow=\"accelerometer; autoplay; clipboard-write; encrypted-media; gyroscope; picture-in-picture; web-share\" allowfullscreen><\/iframe><\/p>\n<hr \/>\n<p>POVEZAVA<\/p>\n<p><i class=\"fas fa-link\"><\/i> <a href=\"https:\/\/meseboltbabszinhaz.hu\/repertoar\/hapci-kiraly\">https:\/\/meseboltbabszinhaz.hu\/repertoar\/hapci-kiraly<\/a><\/p>\n","protected":false},"excerpt":{"rendered":"<p>\u010detrtek, 11. april 2024, 17.00 | Gledali\u0161ka in koncertna dvorana Lendava otro\u0161ka predstava v mad\u017earskem jeziku 4+ Cena vstopnice: 3 \u20ac Organizator: Knji\u017enica \u2013 Kulturni center Lendava \u2013 Lendvai K\u00f6nyvt\u00e1r \u00e9s Kultur\u00e1lis K\u00f6zpont Mad\u017earski opis: L\u00e1z\u00e1r Ervin: Hapci kir\u00e1ly A Mesebolt B\u00e1bsz\u00ednh\u00e1z \u00e9s a kolozsv\u00e1ri Puck B\u00e1bsz\u00ednh\u00e1z k\u00f6z\u00f6s el\u0151ad\u00e1sa. B\u00e1bsz\u00ednpadra \u00edrta: Nagy Orsolya Rendez\u0151: Csat\u00f3 [&hellip;]<\/p>\n","protected":false},"author":2,"featured_media":16688,"parent":0,"menu_order":0,"comment_status":"closed","ping_status":"closed","template":"","meta":{"footnotes":""},"class_list":["post-16695","page","type-page","status-publish","has-post-thumbnail","hentry","post","post-with-thumbnail","post-with-thumbnail-icon"],"_links":{"self":[{"href":"https:\/\/www1.kkl.si\/sl\/wp-json\/wp\/v2\/pages\/16695","targetHints":{"allow":["GET"]}}],"collection":[{"href":"https:\/\/www1.kkl.si\/sl\/wp-json\/wp\/v2\/pages"}],"about":[{"href":"https:\/\/www1.kkl.si\/sl\/wp-json\/wp\/v2\/types\/page"}],"author":[{"embeddable":true,"href":"https:\/\/www1.kkl.si\/sl\/wp-json\/wp\/v2\/users\/2"}],"replies":[{"embeddable":true,"href":"https:\/\/www1.kkl.si\/sl\/wp-json\/wp\/v2\/comments?post=16695"}],"version-history":[{"count":3,"href":"https:\/\/www1.kkl.si\/sl\/wp-json\/wp\/v2\/pages\/16695\/revisions"}],"predecessor-version":[{"id":16717,"href":"https:\/\/www1.kkl.si\/sl\/wp-json\/wp\/v2\/pages\/16695\/revisions\/16717"}],"wp:featuredmedia":[{"embeddable":true,"href":"https:\/\/www1.kkl.si\/sl\/wp-json\/wp\/v2\/media\/16688"}],"wp:attachment":[{"href":"https:\/\/www1.kkl.si\/sl\/wp-json\/wp\/v2\/media?parent=16695"}],"curies":[{"name":"wp","href":"https:\/\/api.w.org\/{rel}","templated":true}]}}