{"id":1732,"date":"2020-08-03T12:00:35","date_gmt":"2020-08-03T10:00:35","guid":{"rendered":"https:\/\/www1.kkl.si\/?page_id=1732"},"modified":"2020-08-03T12:00:35","modified_gmt":"2020-08-03T10:00:35","slug":"xiv-mednarodno-srecanje-zbirateljev","status":"publish","type":"page","link":"https:\/\/www1.kkl.si\/sl\/xiv-mednarodno-srecanje-zbirateljev\/","title":{"rendered":"XIV. MEDNARODNO SRE\u010cANJE ZBIRATELJEV"},"content":{"rendered":"<div class=\"opis\">\n<p><i class=\"fas fa-calendar\"><\/i> <strong>Sobota, 4. julij 2020, od 9.00 do 13.00<\/strong><\/p>\n<p> <i class=\"fas fa-map-marker\"><\/i> Prizori\u0161\u010de: Avla Gledali\u0161ke in koncertne dvorane Lendava<\/p>\n<p><i class=\"fas fa-chevron-circle-right\"><\/i> Organizator: <a href=\"https:\/\/www.facebook.com\/Lindva.drustvozbirateljevPomurja\/\">\u00bbLindva\u00ab dru\u0161tvo zbirateljev Pomurja \u2013 Muravid\u00e9ki r\u00e9gis\u00e9ggy\u0171jt\u00f6k egyes\u00fclete<\/a><\/p>\n<\/div>\n<p>Numizmatika, filatelija, militarija, antikviteti, razglednice, faleristika \u2026) v avli Gledali\u0161ke in koncertne dvorane Lendava<\/p>\n<p>Otvoritev razstave \u00bbBOGASTVO MINERALOV &#8211; OD KAMNA DO ZLATA\u00ab iz zbirke Suzanne Kir\u00e1ly-Moss ob <strong>10. uri<\/strong><\/p>\n","protected":false},"excerpt":{"rendered":"<p>Sobota, 4. julij 2020, od 9.00 do 13.00 Prizori\u0161\u010de: Avla Gledali\u0161ke in koncertne dvorane Lendava Organizator: \u00bbLindva\u00ab dru\u0161tvo zbirateljev Pomurja \u2013 Muravid\u00e9ki r\u00e9gis\u00e9ggy\u0171jt\u00f6k egyes\u00fclete Numizmatika, filatelija, militarija, antikviteti, razglednice, faleristika \u2026) v avli Gledali\u0161ke in koncertne dvorane Lendava Otvoritev razstave \u00bbBOGASTVO MINERALOV &#8211; OD KAMNA DO ZLATA\u00ab iz zbirke Suzanne Kir\u00e1ly-Moss ob 10. uri<\/p>\n","protected":false},"author":2,"featured_media":0,"parent":0,"menu_order":0,"comment_status":"closed","ping_status":"closed","template":"","meta":{"footnotes":""},"class_list":["post-1732","page","type-page","status-publish","hentry","post"],"_links":{"self":[{"href":"https:\/\/www1.kkl.si\/sl\/wp-json\/wp\/v2\/pages\/1732","targetHints":{"allow":["GET"]}}],"collection":[{"href":"https:\/\/www1.kkl.si\/sl\/wp-json\/wp\/v2\/pages"}],"about":[{"href":"https:\/\/www1.kkl.si\/sl\/wp-json\/wp\/v2\/types\/page"}],"author":[{"embeddable":true,"href":"https:\/\/www1.kkl.si\/sl\/wp-json\/wp\/v2\/users\/2"}],"replies":[{"embeddable":true,"href":"https:\/\/www1.kkl.si\/sl\/wp-json\/wp\/v2\/comments?post=1732"}],"version-history":[{"count":1,"href":"https:\/\/www1.kkl.si\/sl\/wp-json\/wp\/v2\/pages\/1732\/revisions"}],"predecessor-version":[{"id":1733,"href":"https:\/\/www1.kkl.si\/sl\/wp-json\/wp\/v2\/pages\/1732\/revisions\/1733"}],"wp:attachment":[{"href":"https:\/\/www1.kkl.si\/sl\/wp-json\/wp\/v2\/media?parent=1732"}],"curies":[{"name":"wp","href":"https:\/\/api.w.org\/{rel}","templated":true}]}}