{"id":1736,"date":"2020-08-01T12:23:12","date_gmt":"2020-08-01T10:23:12","guid":{"rendered":"https:\/\/www1.kkl.si\/?page_id=1736"},"modified":"2022-12-15T16:44:45","modified_gmt":"2022-12-15T15:44:45","slug":"spored-2020-07","status":"publish","type":"page","link":"https:\/\/www1.kkl.si\/sl\/spored-2020-07\/","title":{"rendered":"SPORED: julij 2020"},"content":{"rendered":"<p><strong>Leto 2020:<\/strong> <a href=\"https:\/\/www1.kkl.si\/sl\/spored-2020-07\/\">julij<\/a> | <a href=\"https:\/\/www1.kkl.si\/sl\/spored-2020-08\/\">avgust<\/a> | <a href=\"https:\/\/www1.kkl.si\/sl\/spored-2020-09\/\">september<\/a>\u00a0| <a href=\"https:\/\/www1.kkl.si\/sl\/spored-2020-10\/\">oktober<\/a> | <a href=\"https:\/\/www1.kkl.si\/sl\/arhiv-sporeda\/\">ARHIV<\/a><\/p>\n<table id=\"spored-legenda\" cellspacing=\"0\" cellpadding=\"5\">\n<tbody>\n<tr>\n<td><strong>LEGENDA<br \/>\nSIMBOLOV<\/strong><\/td>\n<td style=\"vertical-align: middle;\"><img loading=\"lazy\" decoding=\"async\" title=\"Slovenski abonma\" src=\"https:\/\/www1.kkl.si\/wp-content\/uploads\/2020\/07\/spored_simb_abonma_si-1.svg\" alt=\"abonma_si\" width=\"30\" height=\"30\" \/><\/td>\n<td>Slovenski<br \/>\nabonma<\/td>\n<td style=\"vertical-align: middle;\"><img loading=\"lazy\" decoding=\"async\" title=\"Mad\u017earski abonma\" src=\"https:\/\/www1.kkl.si\/wp-content\/uploads\/2020\/07\/spored_simb_abonma_hu-1.svg\" alt=\"abonma_hu\" width=\"30\" height=\"30\" \/><\/td>\n<td>Mad\u017earski<br \/>\nabonma<\/td>\n<td style=\"vertical-align: middle;\"><img loading=\"lazy\" decoding=\"async\" title=\"Zaklju\u010dena prireditev\" src=\"https:\/\/www1.kkl.si\/wp-content\/uploads\/2020\/07\/spored_simb_zakljucena-1.svg\" alt=\"zakljucena\" width=\"30\" height=\"30\" \/><\/td>\n<td>Zaklju\u010dena<br \/>\nprireditev<\/td>\n<td style=\"vertical-align: middle;\"><img loading=\"lazy\" decoding=\"async\" title=\"Brezpla\u010dna prireditev\" src=\"https:\/\/www1.kkl.si\/wp-content\/uploads\/2020\/07\/spored_simb_brezplacna-1.svg\" alt=\"brezplacna\" width=\"30\" height=\"30\" \/><\/td>\n<td>Brezpla\u010dna<br \/>\nprireditev<\/td>\n<td style=\"vertical-align: middle;\"><img loading=\"lazy\" decoding=\"async\" title=\"Pla\u010dljiva prireditev\" src=\"https:\/\/www1.kkl.si\/wp-content\/uploads\/2020\/07\/spored_simb_placljiva-1.svg\" alt=\"placljiva\" width=\"30\" height=\"30\" \/><\/td>\n<td>Pla\u010dljiva<br \/>\nprireditev<\/td>\n<td style=\"vertical-align: middle;\"><img loading=\"lazy\" decoding=\"async\" title=\"Novost, sprememba\" src=\"https:\/\/www1.kkl.si\/wp-content\/uploads\/2020\/07\/spored_simb_novost-1.svg\" alt=\"novost\" width=\"30\" height=\"30\" \/><\/td>\n<td>Novost,<br \/>\nsprememba<\/td>\n<\/tr>\n<\/tbody>\n<\/table>\n<h6><a id=\"jul04\"><\/a> 4.<\/h6>\n<p><strong><img loading=\"lazy\" decoding=\"async\" class=\"wp-image-1587 alignright\" title=\"Brezpla\u010dna prireditev\" src=\"https:\/\/www1.kkl.si\/wp-content\/uploads\/2020\/07\/spored_simb_brezplacna-1.svg\" alt=\"brezplacna\" width=\"40\" height=\"40\" srcset=\"https:\/\/www1.kkl.si\/wp-content\/uploads\/\/2020\/07\/spored_simb_brezplacna-1.svg 150w, https:\/\/www1.kkl.si\/wp-content\/uploads\/\/2020\/07\/spored_simb_brezplacna-1.svg 400w, https:\/\/www1.kkl.si\/wp-content\/uploads\/\/2020\/07\/spored_simb_brezplacna-1.svg 1500w, https:\/\/www1.kkl.si\/wp-content\/uploads\/\/2020\/07\/spored_simb_brezplacna-1.svg 100w\" sizes=\"auto, (max-width: 40px) 100vw, 40px\" \/><\/strong><i class=\"fas fa-calendar\"><\/i> <strong>Sobota, 4. julij 2020, od 9.00 do 13.00<\/strong><\/p>\n<p><span style=\"font-size: 24px;\"><a href=\"https:\/\/www1.kkl.si\/sl\/xiv-mednarodno-srecanje-zbirateljev\/\"><span style=\"font-size: 28px;\"><strong>XIV. MEDNARODNO SRE\u010cANJE ZBIRATELJEV<\/strong><\/span><\/a><br \/>\n<\/span>(numizmatika, filatelija, militarija, antikviteti, razglednice, faleristika \u2026)<\/p>\n<p>Ob <strong>10. uri<\/strong> otvoritev razstave \u00bbBOGASTVO MINERALOV &#8211; OD KAMNA DO ZLATA\u00ab iz zbirke Suzanne Kir\u00e1ly-Moss<\/p>\n<p><i class=\"fas fa-map-marker\"><\/i> Prizori\u0161\u010de: Avla Gledali\u0161ke in koncertne dvorane Lendava<br \/>\n<i class=\"fas fa-chevron-circle-right\"><\/i> Organizator: <a href=\"https:\/\/www.facebook.com\/Lindva.drustvozbirateljevPomurja\/\">\u00bbLindva\u00ab dru\u0161tvo zbirateljev Pomurja \u2013 Muravid\u00e9ki r\u00e9gis\u00e9ggy\u0171jt\u00f6k egyes\u00fclete<\/a><\/p>\n<hr \/>\n<p><img loading=\"lazy\" decoding=\"async\" class=\"slika alignnone wp-image-1680 size-full\" src=\"https:\/\/www1.kkl.si\/wp-content\/uploads\/2020\/07\/2020_poleti_v_lendavo_spored.jpg\" alt=\"\" width=\"1500\" height=\"150\" srcset=\"https:\/\/www1.kkl.si\/wp-content\/uploads\/2020\/07\/2020_poleti_v_lendavo_spored.jpg 1500w, https:\/\/www1.kkl.si\/wp-content\/uploads\/2020\/07\/2020_poleti_v_lendavo_spored-400x40.jpg 400w\" sizes=\"auto, (max-width: 1500px) 100vw, 1500px\" \/><\/p>\n<h6><a id=\"jul23\"><\/a>23.<\/h6>\n<p><strong><img loading=\"lazy\" decoding=\"async\" class=\"wp-image-1587 alignright\" title=\"Brezpla\u010dna prireditev\" src=\"https:\/\/www1.kkl.si\/wp-content\/uploads\/2020\/07\/spored_simb_brezplacna-1.svg\" alt=\"brezplacna\" width=\"40\" height=\"40\" srcset=\"https:\/\/www1.kkl.si\/wp-content\/uploads\/\/2020\/07\/spored_simb_brezplacna-1.svg 150w, https:\/\/www1.kkl.si\/wp-content\/uploads\/\/2020\/07\/spored_simb_brezplacna-1.svg 400w, https:\/\/www1.kkl.si\/wp-content\/uploads\/\/2020\/07\/spored_simb_brezplacna-1.svg 1500w, https:\/\/www1.kkl.si\/wp-content\/uploads\/\/2020\/07\/spored_simb_brezplacna-1.svg 100w\" sizes=\"auto, (max-width: 40px) 100vw, 40px\" \/><\/strong><i class=\"fas fa-calendar\"><\/i> <strong>\u010detrtek, 23. julij 2020, ob 18.00<\/strong><\/p>\n<p>POLETI V LENDAVO 2020<br \/>\nZAVOD ENOSTAVNO PRIJATELJI:<br \/>\n<a href=\"https:\/\/www1.kkl.si\/sl\/po-sloveniji-s-popotnikom-jakom\/\"><span style=\"font-size: 28px;\"><strong>PO SLOVENIJI S POPOTNIKOM JAKOM<\/strong><\/span><\/a>, otro\u0161ka predstava<\/p>\n<p><i class=\"fas fa-map-marker\"><\/i> Prizori\u0161\u010de: Letni oder Gledali\u0161ke in koncertne dvorane Lendava<br \/>\n<i class=\"fas fa-chevron-circle-right\"><\/i> Organizator: <a href=\"http:\/\/www.kkl.si\/\">Knji\u017enica \u2013 Kulturni center Lendava\/Lendvai K\u00f6nyvt\u00e1r \u00e9s Kultur\u00e1lis K\u00f6zpont<\/a><\/p>\n<hr \/>\n<h6><a id=\"jul24\"><\/a>24.<\/h6>\n<p><strong><img loading=\"lazy\" decoding=\"async\" class=\"wp-image-1587 alignright\" title=\"Brezpla\u010dna prireditev\" src=\"https:\/\/www1.kkl.si\/wp-content\/uploads\/2020\/07\/spored_simb_brezplacna-1.svg\" alt=\"brezplacna\" width=\"40\" height=\"40\" srcset=\"https:\/\/www1.kkl.si\/wp-content\/uploads\/\/2020\/07\/spored_simb_brezplacna-1.svg 150w, https:\/\/www1.kkl.si\/wp-content\/uploads\/\/2020\/07\/spored_simb_brezplacna-1.svg 400w, https:\/\/www1.kkl.si\/wp-content\/uploads\/\/2020\/07\/spored_simb_brezplacna-1.svg 1500w, https:\/\/www1.kkl.si\/wp-content\/uploads\/\/2020\/07\/spored_simb_brezplacna-1.svg 100w\" sizes=\"auto, (max-width: 40px) 100vw, 40px\" \/><\/strong><i class=\"fas fa-calendar\"><\/i> <strong>petek, 24. julij 2020, ob 21.00<\/strong><\/p>\n<p>POLETI V LENDAVO 2020<\/p>\n<p><span style=\"font-size: 24px;\"><strong><span style=\"font-size: 28px;\">TRGOVSKI POTNIK<\/span><\/strong><\/span>, film (Forushande \/ The Salesman)<\/p>\n<p><i class=\"fas fa-map-marker\"><\/i> Prizori\u0161\u010de: Letni oder Gledali\u0161ke in koncertne dvorane Lendava<br \/>\n<i class=\"fas fa-chevron-circle-right\"><\/i> Organizator: <a href=\"http:\/\/www.kkl.si\/\">Knji\u017enica \u2013 Kulturni center Lendava\/Lendvai K\u00f6nyvt\u00e1r \u00e9s Kultur\u00e1lis K\u00f6zpont<\/a><\/p>\n<hr \/>\n<h6><a id=\"jul25\"><\/a>25.<\/h6>\n<p><strong><img loading=\"lazy\" decoding=\"async\" class=\"wp-image-1587 alignright\" title=\"Brezpla\u010dna prireditev\" src=\"https:\/\/www1.kkl.si\/wp-content\/uploads\/2020\/07\/spored_simb_brezplacna-1.svg\" alt=\"brezplacna\" width=\"40\" height=\"40\" srcset=\"https:\/\/www1.kkl.si\/wp-content\/uploads\/\/2020\/07\/spored_simb_brezplacna-1.svg 150w, https:\/\/www1.kkl.si\/wp-content\/uploads\/\/2020\/07\/spored_simb_brezplacna-1.svg 400w, https:\/\/www1.kkl.si\/wp-content\/uploads\/\/2020\/07\/spored_simb_brezplacna-1.svg 1500w, https:\/\/www1.kkl.si\/wp-content\/uploads\/\/2020\/07\/spored_simb_brezplacna-1.svg 100w\" sizes=\"auto, (max-width: 40px) 100vw, 40px\" \/><\/strong><i class=\"fas fa-calendar\"><\/i> <strong>sobota, 25. julij 2020, ob 20.00<\/strong><\/p>\n<p>POLETI V LENDAVO 2020<\/p>\n<p><span style=\"font-size: 28px;\"><strong>SEVERA IN GAL GJURIN<\/strong><\/span>, koncert<\/p>\n<p><i class=\"fas fa-map-marker\"><\/i> Prizori\u0161\u010de: Letni oder Gledali\u0161ke in koncertne dvorane Lendava<br \/>\n<i class=\"fas fa-chevron-circle-right\"><\/i> Organizator: <a href=\"http:\/\/www.kkl.si\/\">Knji\u017enica \u2013 Kulturni center Lendava\/Lendvai K\u00f6nyvt\u00e1r \u00e9s Kultur\u00e1lis K\u00f6zpont<\/a><\/p>\n<hr \/>\n<h6><a id=\"jul30\"><\/a>30.<\/h6>\n<p><strong><img loading=\"lazy\" decoding=\"async\" class=\"wp-image-1587 alignright\" title=\"Brezpla\u010dna prireditev\" src=\"https:\/\/www1.kkl.si\/wp-content\/uploads\/2020\/07\/spored_simb_brezplacna-1.svg\" alt=\"brezplacna\" width=\"40\" height=\"40\" srcset=\"https:\/\/www1.kkl.si\/wp-content\/uploads\/\/2020\/07\/spored_simb_brezplacna-1.svg 150w, https:\/\/www1.kkl.si\/wp-content\/uploads\/\/2020\/07\/spored_simb_brezplacna-1.svg 400w, https:\/\/www1.kkl.si\/wp-content\/uploads\/\/2020\/07\/spored_simb_brezplacna-1.svg 1500w, https:\/\/www1.kkl.si\/wp-content\/uploads\/\/2020\/07\/spored_simb_brezplacna-1.svg 100w\" sizes=\"auto, (max-width: 40px) 100vw, 40px\" \/><\/strong><i class=\"fas fa-calendar\"><\/i> <strong>\u010detrtek, 30. julij 2020, ob 18.00<\/strong><\/p>\n<p>POLETI V LENDAVO 2020<br \/>\nLUTKOVNO GLEDALI\u0160\u010cE PUPILLA:<br \/>\n<span style=\"font-size: 28px;\"><strong>PU<\/strong><\/span>, lutkovna predstava<\/p>\n<p><i class=\"fas fa-map-marker\"><\/i> Prizori\u0161\u010de: Letni oder Gledali\u0161ke in koncertne dvorane Lendava<br \/>\n<i class=\"fas fa-chevron-circle-right\"><\/i> Organizator: <a href=\"http:\/\/www.kkl.si\/\">Knji\u017enica \u2013 Kulturni center Lendava\/Lendvai K\u00f6nyvt\u00e1r \u00e9s Kultur\u00e1lis K\u00f6zpont<\/a><\/p>\n<hr \/>\n<h6><a id=\"jul31\"><\/a>31.<\/h6>\n<p><strong><img loading=\"lazy\" decoding=\"async\" class=\"wp-image-1587 alignright\" title=\"Brezpla\u010dna prireditev\" src=\"https:\/\/www1.kkl.si\/wp-content\/uploads\/2020\/07\/spored_simb_brezplacna-1.svg\" alt=\"brezplacna\" width=\"40\" height=\"40\" srcset=\"https:\/\/www1.kkl.si\/wp-content\/uploads\/\/2020\/07\/spored_simb_brezplacna-1.svg 150w, https:\/\/www1.kkl.si\/wp-content\/uploads\/\/2020\/07\/spored_simb_brezplacna-1.svg 400w, https:\/\/www1.kkl.si\/wp-content\/uploads\/\/2020\/07\/spored_simb_brezplacna-1.svg 1500w, https:\/\/www1.kkl.si\/wp-content\/uploads\/\/2020\/07\/spored_simb_brezplacna-1.svg 100w\" sizes=\"auto, (max-width: 40px) 100vw, 40px\" \/><\/strong><i class=\"fas fa-calendar\"><\/i> <strong>petek, 31. julij 2020, ob 21.00<\/strong><\/p>\n<p>POLETI V LENDAVO 2020<\/p>\n<p><span style=\"font-size: 28px;\"><strong>150 MILIGRAMOV<\/strong><\/span>, film<\/p>\n<p><i class=\"fas fa-map-marker\"><\/i> Prizori\u0161\u010de: Letni oder Gledali\u0161ke in koncertne dvorane Lendava<br \/>\n<i class=\"fas fa-chevron-circle-right\"><\/i> Organizator: <a href=\"http:\/\/www.kkl.si\/\">Knji\u017enica \u2013 Kulturni center Lendava\/Lendvai K\u00f6nyvt\u00e1r \u00e9s Kultur\u00e1lis K\u00f6zpont<\/a><\/p>\n<hr \/>\n<p><em>Organizator poletnih dogodkov je Knji\u017enica \u2013 Kulturni center Lendava. Vse prireditve so brezpla\u010dne. <br \/>\n<\/em><em>Pridr\u017eujemo si pravico do spremembe programa. <\/p>\n<p><strong>Ob slabem vremenu prireditev odpade!<\/strong><\/em><\/p>\n","protected":false},"excerpt":{"rendered":"<p>Leto 2020: julij | avgust | september\u00a0| oktober | ARHIV LEGENDA SIMBOLOV Slovenski abonma Mad\u017earski abonma Zaklju\u010dena prireditev Brezpla\u010dna prireditev Pla\u010dljiva prireditev Novost, sprememba 4. Sobota, 4. julij 2020, od 9.00 do 13.00 XIV. MEDNARODNO SRE\u010cANJE ZBIRATELJEV (numizmatika, filatelija, militarija, antikviteti, razglednice, faleristika \u2026) Ob 10. uri otvoritev razstave \u00bbBOGASTVO MINERALOV &#8211; OD KAMNA DO [&hellip;]<\/p>\n","protected":false},"author":2,"featured_media":0,"parent":0,"menu_order":0,"comment_status":"closed","ping_status":"closed","template":"","meta":{"footnotes":""},"class_list":["post-1736","page","type-page","status-publish","hentry","post"],"_links":{"self":[{"href":"https:\/\/www1.kkl.si\/sl\/wp-json\/wp\/v2\/pages\/1736","targetHints":{"allow":["GET"]}}],"collection":[{"href":"https:\/\/www1.kkl.si\/sl\/wp-json\/wp\/v2\/pages"}],"about":[{"href":"https:\/\/www1.kkl.si\/sl\/wp-json\/wp\/v2\/types\/page"}],"author":[{"embeddable":true,"href":"https:\/\/www1.kkl.si\/sl\/wp-json\/wp\/v2\/users\/2"}],"replies":[{"embeddable":true,"href":"https:\/\/www1.kkl.si\/sl\/wp-json\/wp\/v2\/comments?post=1736"}],"version-history":[{"count":9,"href":"https:\/\/www1.kkl.si\/sl\/wp-json\/wp\/v2\/pages\/1736\/revisions"}],"predecessor-version":[{"id":10836,"href":"https:\/\/www1.kkl.si\/sl\/wp-json\/wp\/v2\/pages\/1736\/revisions\/10836"}],"wp:attachment":[{"href":"https:\/\/www1.kkl.si\/sl\/wp-json\/wp\/v2\/media?parent=1736"}],"curies":[{"name":"wp","href":"https:\/\/api.w.org\/{rel}","templated":true}]}}