{"id":17901,"date":"2024-06-26T18:12:33","date_gmt":"2024-06-26T16:12:33","guid":{"rendered":"https:\/\/www1.kkl.si\/?page_id=17901"},"modified":"2024-11-25T22:38:23","modified_gmt":"2024-11-25T21:38:23","slug":"spored-2024-07","status":"publish","type":"page","link":"https:\/\/www1.kkl.si\/sl\/spored-2024-07\/","title":{"rendered":"SPORED: julij 2024"},"content":{"rendered":"<p><strong>Leto 2024:<\/strong> <a href=\"https:\/\/www1.kkl.si\/sl\/spored-2024-01\/\">januar<\/a> | <a href=\"https:\/\/www1.kkl.si\/sl\/spored-2024-02\/\">februar<\/a> | <a href=\"https:\/\/www1.kkl.si\/sl\/spored-2024-03\/\">marec<\/a> | <a href=\"https:\/\/www1.kkl.si\/sl\/spored-2024-04\/\">april<\/a> | <a href=\"https:\/\/www1.kkl.si\/sl\/spored-2024-05\/\">maj<\/a> | <a href=\"https:\/\/www1.kkl.si\/sl\/spored-2024-06\/\">junij<\/a> | <a href=\"https:\/\/www1.kkl.si\/sl\/spored-2024-07\/\">julij<\/a> | <a href=\"https:\/\/www1.kkl.si\/sl\/spored-2024-08\/\">avgust<\/a> | <a href=\"https:\/\/www1.kkl.si\/sl\/spored-2024-09\/\">september<\/a> | <a href=\"https:\/\/www1.kkl.si\/sl\/spored-2024-10\/\">oktober<\/a> | <a href=\"https:\/\/www1.kkl.si\/sl\/spored-2024-11\/\">november<\/a> | <a href=\"https:\/\/www1.kkl.si\/sl\/spored-2024-12\/\">december<\/a> | <a href=\"https:\/\/www1.kkl.si\/sl\/arhiv-sporeda\/\">ARHIV<\/a><\/p>\n<div style=\"overflow-x: auto;\">\n<table id=\"spored-legenda\" cellspacing=\"0\" cellpadding=\"5\">\n<tbody>\n<tr>\n<td><strong>LEGENDA<br \/>\nSIMBOLOV<\/strong><\/td>\n<td style=\"vertical-align: middle;\"><img loading=\"lazy\" decoding=\"async\" title=\"Slovenski abonma\" src=\"https:\/\/www1.kkl.si\/wp-content\/uploads\/2020\/07\/spored_simb_abonma_si-1.svg\" alt=\"abonma_si\" width=\"30\" height=\"30\" \/><\/td>\n<td>Slovenski<br \/>\nabonma<\/td>\n<td style=\"vertical-align: middle;\"><img loading=\"lazy\" decoding=\"async\" title=\"Mad\u017earski abonma\" src=\"https:\/\/www1.kkl.si\/wp-content\/uploads\/2020\/07\/spored_simb_abonma_hu-1.svg\" alt=\"abonma_hu\" width=\"30\" height=\"30\" \/><\/td>\n<td>Mad\u017earski<br \/>\nabonma<\/td>\n<td style=\"vertical-align: middle;\"><img loading=\"lazy\" decoding=\"async\" title=\"Zaklju\u010dena prireditev\" src=\"https:\/\/www1.kkl.si\/wp-content\/uploads\/2020\/07\/spored_simb_zakljucena-1.svg\" alt=\"zakljucena\" width=\"30\" height=\"30\" \/><\/td>\n<td>Zaklju\u010dena<br \/>\nprireditev<\/td>\n<td style=\"vertical-align: middle;\"><img loading=\"lazy\" decoding=\"async\" title=\"Brezpla\u010dna prireditev\" src=\"https:\/\/www1.kkl.si\/wp-content\/uploads\/2020\/07\/spored_simb_brezplacna-1.svg\" alt=\"brezplacna\" width=\"30\" height=\"30\" \/><\/td>\n<td>Brezpla\u010dna<br \/>\nprireditev<\/td>\n<td style=\"vertical-align: middle;\"><img loading=\"lazy\" decoding=\"async\" title=\"Pla\u010dljiva prireditev\" src=\"https:\/\/www1.kkl.si\/wp-content\/uploads\/2020\/07\/spored_simb_placljiva-1.svg\" alt=\"placljiva\" width=\"30\" height=\"30\" \/><\/td>\n<td>Pla\u010dljiva<br \/>\nprireditev<\/td>\n<td style=\"vertical-align: middle;\"><img loading=\"lazy\" decoding=\"async\" title=\"Novost, sprememba\" src=\"https:\/\/www1.kkl.si\/wp-content\/uploads\/2020\/07\/spored_simb_novost-1.svg\" alt=\"novost\" width=\"30\" height=\"30\" \/><\/td>\n<td>Novost,<br \/>\nsprememba<\/td>\n<\/tr>\n<\/tbody>\n<\/table>\n<\/div>\n<table id=\"sporedtabela\" style=\"width: 100%;\">\n<tbody>\n<tr>\n<td style=\"width: 14.9276%;\">\n<p style=\"text-align: center;\"><strong><span style=\"font-size: 24pt;\">1.<\/span><br \/>\n<\/strong><\/p>\n<p style=\"text-align: center;\">ponedeljek<\/p>\n<p style=\"text-align: center;\"><strong><span style=\"font-size: 24pt;\"><img loading=\"lazy\" decoding=\"async\" title=\"Brezpla\u010dna prireditev\" src=\"https:\/\/www1.kkl.si\/wp-content\/uploads\/2020\/07\/spored_simb_brezplacna-1.svg\" alt=\"brezplacna\" width=\"30\" height=\"30\" \/><\/span><\/strong><\/p>\n<\/td>\n<td style=\"width: 84.4605%;\">\n<p><i class=\"fas fa-clock\"><\/i> <strong>18.00<\/strong> | avla Gledali\u0161ke in koncertne dvorane Lendava<a href=\"https:\/\/www1.kkl.si\/wp-content\/uploads\/2024\/06\/zkd_grafike_linorez_2024.jpg\" data-lbwps-width=\"550\" data-lbwps-height=\"783\" data-lbwps-srcsmall=\"https:\/\/www1.kkl.si\/wp-content\/uploads\/2024\/06\/zkd_grafike_linorez_2024-281x400.jpg\"><img loading=\"lazy\" decoding=\"async\" class=\"slika alignright wp-image-17905 size-thumbnail\" src=\"https:\/\/www1.kkl.si\/wp-content\/uploads\/2024\/06\/zkd_grafike_linorez_2024-150x150.jpg\" alt=\"\" width=\"150\" height=\"150\" \/><\/a><br \/>\n<strong>likovna razstava<br \/>\n<\/strong><\/p>\n<p><a href=\"https:\/\/www1.kkl.si\/sl\/vabilo-likovna-razstava-grafik-v-tehniki-linorez\/\"><span style=\"font-size: 24pt;\"><strong>Otvoritev razstave grafik v tehniki linorez<\/strong><\/span><\/a><\/p>\n<p><strong>udele\u017eencev likovnih delavnic zveze<\/strong><\/p>\n<p><em>Razstava bo na ogled do 24. 7. 2024. <\/em><\/p>\n<p><span style=\"font-size: 10pt;\">Organizator: <a href=\"https:\/\/www.zkd-lendava.com\/\">ZKD Lendava\/KKSz Lendva<\/a><\/span><\/p>\n<\/td>\n<\/tr>\n<tr>\n<td style=\"width: 14.9276%;\">\n<p style=\"text-align: center;\"><strong><span style=\"font-size: 24pt;\">11.<\/span><br \/>\n<\/strong><\/p>\n<p style=\"text-align: center;\">\u010detrtek<\/p>\n<p><img loading=\"lazy\" decoding=\"async\" class=\"aligncenter\" title=\"Zaklju\u010dena prireditev\" src=\"https:\/\/www1.kkl.si\/wp-content\/uploads\/2020\/07\/spored_simb_zakljucena-1.svg\" alt=\"zakljucena\" width=\"30\" height=\"30\" \/><\/p>\n<\/td>\n<td style=\"width: 84.4605%;\">\n<p><i class=\"fas fa-clock\"><\/i> <strong>18.00<\/strong> | Gledali\u0161ka in koncertna dvorana Lendava<img loading=\"lazy\" decoding=\"async\" class=\"alignright wp-image-13286\" src=\"https:\/\/www1.kkl.si\/wp-content\/uploads\/2023\/06\/DSSL-KKIL_logo_napis.svg\" alt=\"\" width=\"150\" height=\"151\" \/><br \/>\n<strong>slavnostna, kulturna prireditev<br \/>\n<\/strong><\/p>\n<p><span style=\"font-size: 24pt;\"><strong>Podelitev maturitetnih spri\u010deval<\/strong><\/span><\/p>\n<p><span style=\"font-size: 10pt;\">Organizator: <a href=\"https:\/\/www.kkl.si\/\">DS\u0160 Lendava \u2013 KKI, Lendva<\/a><\/span><\/p>\n<\/td>\n<\/tr>\n<tr>\n<td style=\"width: 14.9276%;\">\n<p style=\"text-align: center;\"><span style=\"font-size: 24pt;\"><strong>26.<br \/>\n<\/strong><\/span><\/p>\n<p style=\"text-align: center;\">petek<\/p>\n<p><strong><img loading=\"lazy\" decoding=\"async\" class=\"aligncenter\" title=\"Brezpla\u010dna prireditev\" src=\"https:\/\/www1.kkl.si\/wp-content\/uploads\/2020\/07\/spored_simb_brezplacna-1.svg\" alt=\"brezplacna\" width=\"30\" height=\"30\" \/><\/strong><\/p>\n<\/td>\n<td style=\"width: 84.4605%;\">\n<p><a href=\"https:\/\/www1.kkl.si\/wp-content\/uploads\/2024\/07\/razstava-sarajevo_2024.jpg\" data-lbwps-width=\"2953\" data-lbwps-height=\"4176\" data-lbwps-srcsmall=\"https:\/\/www1.kkl.si\/wp-content\/uploads\/2024\/07\/razstava-sarajevo_2024.jpg\"><img loading=\"lazy\" decoding=\"async\" class=\"alignright size-thumbnail wp-image-18138\" src=\"https:\/\/www1.kkl.si\/wp-content\/uploads\/2024\/07\/razstava-sarajevo_2024-scaled-150x150.jpg\" alt=\"\" width=\"150\" height=\"150\" \/><\/a><i class=\"fas fa-clock\"><\/i> <strong>18.00<\/strong> | Gledali\u0161ka in koncertna dvorana Lendava<br \/>\n<strong>razstava<br \/>\n<\/strong><\/p>\n<p><a href=\"https:\/\/www1.kkl.si\/sl\/razstava-lendavski-paraolimpijski-zmagovalec-in-srebrno-sarajevo\/\"><span style=\"font-size: 24pt;\"><strong>Lendavski paraolimpijski zmagovalec in Srebrno Sarajevo<\/strong><\/span><\/a><\/p>\n<p><span style=\"font-size: 10pt;\">Organizator: <a href=\"https:\/\/www.sz-lendava.si\/\">\u0160portna zveza Lendava<\/a> v sodelovanju z <a href=\"https:\/\/www.muzej-nz.si\/\">Muzejem novej\u0161e in sodobne zgodovine Slovenije<\/a>, <a href=\"https:\/\/www.lendava.si\/\">Ob\u010dino Lendava<\/a>, <a href=\"https:\/\/www.kkl.si\/\">KKC Lendava<\/a> in <a href=\"https:\/\/www.gml.si\/\">GML<\/a><\/span><\/p>\n<\/td>\n<\/tr>\n<\/tbody>\n<\/table>\n<p style=\"text-align: center;\"><span style=\"font-size: 10pt;\">Organizatorji si pridr\u017eujejo pravico do spremembe programa.<\/span><\/p>\n","protected":false},"excerpt":{"rendered":"<p>Leto 2024: januar | februar | marec | april | maj | junij | julij | avgust | september | oktober | november | december | ARHIV LEGENDA SIMBOLOV Slovenski abonma Mad\u017earski abonma Zaklju\u010dena prireditev Brezpla\u010dna prireditev Pla\u010dljiva prireditev Novost, sprememba 1. ponedeljek 18.00 | avla Gledali\u0161ke in koncertne dvorane Lendava likovna razstava Otvoritev razstave [&hellip;]<\/p>\n","protected":false},"author":2,"featured_media":0,"parent":0,"menu_order":0,"comment_status":"closed","ping_status":"closed","template":"","meta":{"footnotes":""},"class_list":["post-17901","page","type-page","status-publish","hentry","post"],"_links":{"self":[{"href":"https:\/\/www1.kkl.si\/sl\/wp-json\/wp\/v2\/pages\/17901","targetHints":{"allow":["GET"]}}],"collection":[{"href":"https:\/\/www1.kkl.si\/sl\/wp-json\/wp\/v2\/pages"}],"about":[{"href":"https:\/\/www1.kkl.si\/sl\/wp-json\/wp\/v2\/types\/page"}],"author":[{"embeddable":true,"href":"https:\/\/www1.kkl.si\/sl\/wp-json\/wp\/v2\/users\/2"}],"replies":[{"embeddable":true,"href":"https:\/\/www1.kkl.si\/sl\/wp-json\/wp\/v2\/comments?post=17901"}],"version-history":[{"count":20,"href":"https:\/\/www1.kkl.si\/sl\/wp-json\/wp\/v2\/pages\/17901\/revisions"}],"predecessor-version":[{"id":20020,"href":"https:\/\/www1.kkl.si\/sl\/wp-json\/wp\/v2\/pages\/17901\/revisions\/20020"}],"wp:attachment":[{"href":"https:\/\/www1.kkl.si\/sl\/wp-json\/wp\/v2\/media?parent=17901"}],"curies":[{"name":"wp","href":"https:\/\/api.w.org\/{rel}","templated":true}]}}