{"id":17937,"date":"2024-06-27T12:52:48","date_gmt":"2024-06-27T10:52:48","guid":{"rendered":"https:\/\/www1.kkl.si\/?page_id=17937"},"modified":"2024-11-25T22:38:13","modified_gmt":"2024-11-25T21:38:13","slug":"spored-2024-08","status":"publish","type":"page","link":"https:\/\/www1.kkl.si\/sl\/spored-2024-08\/","title":{"rendered":"SPORED: avgust 2024"},"content":{"rendered":"<p><strong>Leto 2024:<\/strong> <a href=\"https:\/\/www1.kkl.si\/sl\/spored-2024-01\/\">januar<\/a> | <a href=\"https:\/\/www1.kkl.si\/sl\/spored-2024-02\/\">februar<\/a> | <a href=\"https:\/\/www1.kkl.si\/sl\/spored-2024-03\/\">marec<\/a> | <a href=\"https:\/\/www1.kkl.si\/sl\/spored-2024-04\/\">april<\/a> | <a href=\"https:\/\/www1.kkl.si\/sl\/spored-2024-05\/\">maj<\/a> | <a href=\"https:\/\/www1.kkl.si\/sl\/spored-2024-06\/\">junij<\/a> | <a href=\"https:\/\/www1.kkl.si\/sl\/spored-2024-07\/\">julij<\/a> | <a href=\"https:\/\/www1.kkl.si\/sl\/spored-2024-08\/\">avgust<\/a> | <a href=\"https:\/\/www1.kkl.si\/sl\/spored-2024-09\/\">september<\/a> | <a href=\"https:\/\/www1.kkl.si\/sl\/spored-2024-10\/\">oktober<\/a> | <a href=\"https:\/\/www1.kkl.si\/sl\/spored-2024-11\/\">november<\/a> | <a href=\"https:\/\/www1.kkl.si\/sl\/spored-2024-12\/\">december<\/a> | <a href=\"https:\/\/www1.kkl.si\/sl\/arhiv-sporeda\/\">ARHIV<\/a><\/p>\n<div style=\"overflow-x: auto;\">\n<table id=\"spored-legenda\" cellspacing=\"0\" cellpadding=\"5\">\n<tbody>\n<tr>\n<td><strong>LEGENDA<br \/>\nSIMBOLOV<\/strong><\/td>\n<td style=\"vertical-align: middle;\"><img loading=\"lazy\" decoding=\"async\" title=\"Slovenski abonma\" src=\"https:\/\/www1.kkl.si\/wp-content\/uploads\/2020\/07\/spored_simb_abonma_si-1.svg\" alt=\"abonma_si\" width=\"30\" height=\"30\" \/><\/td>\n<td>Slovenski<br \/>\nabonma<\/td>\n<td style=\"vertical-align: middle;\"><img loading=\"lazy\" decoding=\"async\" title=\"Mad\u017earski abonma\" src=\"https:\/\/www1.kkl.si\/wp-content\/uploads\/2020\/07\/spored_simb_abonma_hu-1.svg\" alt=\"abonma_hu\" width=\"30\" height=\"30\" \/><\/td>\n<td>Mad\u017earski<br \/>\nabonma<\/td>\n<td style=\"vertical-align: middle;\"><img loading=\"lazy\" decoding=\"async\" title=\"Zaklju\u010dena prireditev\" src=\"https:\/\/www1.kkl.si\/wp-content\/uploads\/2020\/07\/spored_simb_zakljucena-1.svg\" alt=\"zakljucena\" width=\"30\" height=\"30\" \/><\/td>\n<td>Zaklju\u010dena<br \/>\nprireditev<\/td>\n<td style=\"vertical-align: middle;\"><img loading=\"lazy\" decoding=\"async\" title=\"Brezpla\u010dna prireditev\" src=\"https:\/\/www1.kkl.si\/wp-content\/uploads\/2020\/07\/spored_simb_brezplacna-1.svg\" alt=\"brezplacna\" width=\"30\" height=\"30\" \/><\/td>\n<td>Brezpla\u010dna<br \/>\nprireditev<\/td>\n<td style=\"vertical-align: middle;\"><img loading=\"lazy\" decoding=\"async\" title=\"Pla\u010dljiva prireditev\" src=\"https:\/\/www1.kkl.si\/wp-content\/uploads\/2020\/07\/spored_simb_placljiva-1.svg\" alt=\"placljiva\" width=\"30\" height=\"30\" \/><\/td>\n<td>Pla\u010dljiva<br \/>\nprireditev<\/td>\n<td style=\"vertical-align: middle;\"><img loading=\"lazy\" decoding=\"async\" title=\"Novost, sprememba\" src=\"https:\/\/www1.kkl.si\/wp-content\/uploads\/2020\/07\/spored_simb_novost-1.svg\" alt=\"novost\" width=\"30\" height=\"30\" \/><\/td>\n<td>Novost,<br \/>\nsprememba<\/td>\n<\/tr>\n<\/tbody>\n<\/table>\n<\/div>\n<table id=\"sporedtabela\" style=\"width: 100%;\">\n<tbody>\n<tr>\n<td style=\"width: 14.9276%;\">\n<p style=\"text-align: center;\"><strong><span style=\"font-size: 24pt;\">7.<\/span><br \/>\n<\/strong><\/p>\n<p style=\"text-align: center;\">sreda<\/p>\n<p style=\"text-align: center;\"><strong><span style=\"font-size: 24pt;\"><img loading=\"lazy\" decoding=\"async\" title=\"Brezpla\u010dna prireditev\" src=\"https:\/\/www1.kkl.si\/wp-content\/uploads\/2020\/07\/spored_simb_brezplacna-1.svg\" alt=\"brezplacna\" width=\"30\" height=\"30\" \/><\/span><\/strong><\/p>\n<\/td>\n<td style=\"width: 84.4605%;\">\n<p><a href=\"https:\/\/www1.kkl.si\/wp-content\/uploads\/2024\/07\/plakat_B2_KKCL_poletni_program_2024_popr20jul.jpg\" data-lbwps-width=\"2143\" data-lbwps-height=\"3000\" data-lbwps-srcsmall=\"https:\/\/www1.kkl.si\/wp-content\/uploads\/2024\/07\/plakat_B2_KKCL_poletni_program_2024_popr20jul.jpg\"><img loading=\"lazy\" decoding=\"async\" class=\"alignright size-thumbnail wp-image-18170\" src=\"https:\/\/www1.kkl.si\/wp-content\/uploads\/2024\/07\/plakat_B2_KKCL_poletni_program_2024_popr20jul-scaled-150x150.jpg\" alt=\"\" width=\"150\" height=\"150\" \/><\/a><i class=\"fas fa-clock\"><\/i> <strong>18.30<\/strong> | letni oder Gledali\u0161ke in koncertne dvorane Lendava<br \/>\n<strong>predstava za otroke <span class=\"starost\">3+<\/span><br \/>\n<\/strong><\/p>\n<p>POLETNI LUTKOVNI PRISTAN LENDAVA 2024 \u2013 Mednarodni lutkovni festival<br \/>\nMi\u0161kino gledali\u0161\u010de (Slovenija):<\/p>\n<p><a href=\"https:\/\/www1.kkl.si\/sl\/miskino-gledalisce-slovenija-kako-je-zebra-posodila-svoje-crte\/\"><span style=\"font-size: 24pt;\"><strong>Kako je zebra posodila svoje \u010drte<\/strong><\/span><\/a><\/p>\n<p><span style=\"font-size: 10pt;\">Organizator: <a href=\"https:\/\/www.kkl.si\/\">Knji\u017enica \u2013 Kulturni center Lendava \u2013 Lendvai K\u00f6nyvt\u00e1r \u00e9s Kultur\u00e1lis K\u00f6zpont<\/a><\/span><\/p>\n<\/td>\n<\/tr>\n<tr>\n<td style=\"width: 14.9276%;\">\n<p style=\"text-align: center;\"><strong><span style=\"font-size: 24pt;\">12.<\/span><br \/>\n<\/strong><\/p>\n<p style=\"text-align: center;\">ponedeljek<\/p>\n<p><strong><img loading=\"lazy\" decoding=\"async\" class=\"aligncenter\" title=\"Brezpla\u010dna prireditev\" src=\"https:\/\/www1.kkl.si\/wp-content\/uploads\/2020\/07\/spored_simb_brezplacna-1.svg\" alt=\"brezplacna\" width=\"30\" height=\"30\" \/><\/strong><\/p>\n<\/td>\n<td style=\"width: 84.4605%;\">\n<p><a href=\"https:\/\/www1.kkl.si\/wp-content\/uploads\/2024\/07\/plakat_B2_KKCL_poletni_program_2024_popr20jul.jpg\" data-lbwps-width=\"2143\" data-lbwps-height=\"3000\" data-lbwps-srcsmall=\"https:\/\/www1.kkl.si\/wp-content\/uploads\/2024\/07\/plakat_B2_KKCL_poletni_program_2024_popr20jul.jpg\"><img loading=\"lazy\" decoding=\"async\" class=\"alignright size-thumbnail wp-image-18170\" src=\"https:\/\/www1.kkl.si\/wp-content\/uploads\/2024\/07\/plakat_B2_KKCL_poletni_program_2024_popr20jul-scaled-150x150.jpg\" alt=\"\" width=\"150\" height=\"150\" \/><\/a><i class=\"fas fa-clock\"><\/i> <strong>18.30<\/strong> | letni oder Gledali\u0161ke in koncertne dvorane Lendava<br \/>\n<strong>predstava za otroke <span class=\"starost\">3+<\/span><br \/>\n<\/strong><\/p>\n<p>POLETNI LUTKOVNI PRISTAN LENDAVA 2024 \u2013 Mednarodni lutkovni festival<br \/>\nKulturni zavod KULT (Slovenija) | Janez Bitenc:<\/p>\n<p><a href=\"https:\/\/www1.kkl.si\/sl\/kulturni-zavod-kult-slovenija-janez-bitenc-tinko-polovinko\/\"><span style=\"font-size: 24pt;\"><strong>Tinko Polovinko<\/strong><\/span><\/a><\/p>\n<p><span style=\"font-size: 10pt;\">Organizator: <a href=\"https:\/\/www.kkl.si\/\">Knji\u017enica \u2013 Kulturni center Lendava \u2013 Lendvai K\u00f6nyvt\u00e1r \u00e9s Kultur\u00e1lis K\u00f6zpont<\/a><\/span><\/p>\n<\/td>\n<\/tr>\n<tr>\n<td style=\"width: 14.9276%;\">\n<p style=\"text-align: center;\"><strong><span style=\"font-size: 24pt;\">13.<\/span><br \/>\n<\/strong><\/p>\n<p style=\"text-align: center;\">torek<\/p>\n<p><strong><img loading=\"lazy\" decoding=\"async\" class=\"aligncenter\" title=\"Brezpla\u010dna prireditev\" src=\"https:\/\/www1.kkl.si\/wp-content\/uploads\/2020\/07\/spored_simb_brezplacna-1.svg\" alt=\"brezplacna\" width=\"30\" height=\"30\" \/><\/strong><\/p>\n<\/td>\n<td style=\"width: 84.4605%;\">\n<p><a href=\"https:\/\/www1.kkl.si\/wp-content\/uploads\/2024\/07\/plakat_B2_KKCL_poletni_program_2024_popr20jul.jpg\" data-lbwps-width=\"2143\" data-lbwps-height=\"3000\" data-lbwps-srcsmall=\"https:\/\/www1.kkl.si\/wp-content\/uploads\/2024\/07\/plakat_B2_KKCL_poletni_program_2024_popr20jul.jpg\"><img loading=\"lazy\" decoding=\"async\" class=\"alignright size-thumbnail wp-image-18170\" src=\"https:\/\/www1.kkl.si\/wp-content\/uploads\/2024\/07\/plakat_B2_KKCL_poletni_program_2024_popr20jul-scaled-150x150.jpg\" alt=\"\" width=\"150\" height=\"150\" \/><\/a><i class=\"fas fa-clock\"><\/i> <strong>18.30<\/strong> | letni oder Gledali\u0161ke in koncertne dvorane Lendava<br \/>\n<strong>lutkovna predstava v hrva\u0161kem jeziku <span class=\"starost\">3+<\/span><br \/>\n<\/strong><\/p>\n<p>POLETNI LUTKOVNI PRISTAN LENDAVA 2024 \u2013 Mednarodni lutkovni festival<br \/>\nKazali\u0161te Mala scena (Hrva\u0161ka):<\/p>\n<p><a href=\"https:\/\/www1.kkl.si\/sl\/kazaliste-mala-scena-hrvaska-kraljevna-na-zrnu-graska\/\"><span style=\"font-size: 24pt;\"><strong>Kraljevna na zrnu gra\u0161ka<\/strong><\/span><\/a><\/p>\n<p><span style=\"font-size: 10pt;\">Organizator: <a href=\"https:\/\/www.kkl.si\/\">Knji\u017enica \u2013 Kulturni center Lendava \u2013 Lendvai K\u00f6nyvt\u00e1r \u00e9s Kultur\u00e1lis K\u00f6zpont<\/a><\/span><\/p>\n<\/td>\n<\/tr>\n<tr>\n<td style=\"width: 14.9276%;\">\n<p style=\"text-align: center;\"><strong><span style=\"font-size: 24pt;\">22.<\/span><br \/>\n<\/strong><\/p>\n<p style=\"text-align: center;\">\u010detrtek<\/p>\n<p><strong><img loading=\"lazy\" decoding=\"async\" class=\"aligncenter\" title=\"Brezpla\u010dna prireditev\" src=\"https:\/\/www1.kkl.si\/wp-content\/uploads\/2020\/07\/spored_simb_brezplacna-1.svg\" alt=\"brezplacna\" width=\"30\" height=\"30\" \/><\/strong><\/p>\n<\/td>\n<td style=\"width: 84.4605%;\">\n<p><a href=\"https:\/\/www1.kkl.si\/wp-content\/uploads\/2024\/07\/plakat_B2_KKCL_poletni_program_2024_popr20jul.jpg\" data-lbwps-width=\"2143\" data-lbwps-height=\"3000\" data-lbwps-srcsmall=\"https:\/\/www1.kkl.si\/wp-content\/uploads\/2024\/07\/plakat_B2_KKCL_poletni_program_2024_popr20jul.jpg\"><img loading=\"lazy\" decoding=\"async\" class=\"alignright size-thumbnail wp-image-18170\" src=\"https:\/\/www1.kkl.si\/wp-content\/uploads\/2024\/07\/plakat_B2_KKCL_poletni_program_2024_popr20jul-scaled-150x150.jpg\" alt=\"\" width=\"150\" height=\"150\" \/><\/a><i class=\"fas fa-clock\"><\/i> <strong>18.30<\/strong> | letni oder Gledali\u0161ke in koncertne dvorane Lendava<br \/>\n<strong>lutkovna predstava v mad\u017earskem jeziku <span class=\"starost\">3+<\/span><br \/>\n<\/strong><\/p>\n<p>POLETNI LUTKOVNI PRISTAN LENDAVA 2024 \u2013 Mednarodni lutkovni festival<br \/>\nAranyszam\u00e1r B\u00e1bsz\u00ednh\u00e1z (Mad\u017earska):<\/p>\n<p><a href=\"https:\/\/www1.kkl.si\/sl\/aranyszamar-babszinhaz-madzarska-vackor\/\"><span style=\"font-size: 24pt;\"><strong>Vackor<\/strong><\/span><\/a><\/p>\n<p><span style=\"font-size: 10pt;\">Organizator: <a href=\"https:\/\/www.kkl.si\/\">Knji\u017enica \u2013 Kulturni center Lendava \u2013 Lendvai K\u00f6nyvt\u00e1r \u00e9s Kultur\u00e1lis K\u00f6zpont<\/a><\/span><\/p>\n<\/td>\n<\/tr>\n<tr>\n<td style=\"width: 14.9276%;\">\n<p style=\"text-align: center;\"><strong><span style=\"font-size: 24pt;\">25.<\/span><br \/>\n<\/strong><\/p>\n<p style=\"text-align: center;\">nedelja<\/p>\n<p><strong><img loading=\"lazy\" decoding=\"async\" class=\"aligncenter\" title=\"Brezpla\u010dna prireditev\" src=\"https:\/\/www1.kkl.si\/wp-content\/uploads\/2020\/07\/spored_simb_brezplacna-1.svg\" alt=\"brezplacna\" width=\"30\" height=\"30\" \/><\/strong><\/p>\n<p style=\"text-align: center;\"><strong><span style=\"font-size: 24pt;\">\u00a0<\/span><\/strong><\/p>\n<\/td>\n<td style=\"width: 84.4605%;\">\n<p><a href=\"https:\/\/www1.kkl.si\/wp-content\/uploads\/2024\/08\/FV2024_srbski_etno_vecer_SLO_240821.png\" data-lbwps-width=\"1807\" data-lbwps-height=\"2539\" data-lbwps-srcsmall=\"https:\/\/www1.kkl.si\/wp-content\/uploads\/2024\/08\/FV2024_srbski_etno_vecer_SLO_240821-285x400.png\"><img loading=\"lazy\" decoding=\"async\" class=\"slika alignright wp-image-18672 size-thumbnail\" src=\"https:\/\/www1.kkl.si\/wp-content\/uploads\/2024\/08\/FV2024_srbski_etno_vecer_SLO_240821-e1724493401682-150x150.png\" alt=\"\" width=\"150\" height=\"150\" \/><\/a><i class=\"fas fa-clock\"><\/i> <strong>18.00<\/strong> | letni oder Gledali\u0161ke in koncertne dvorane Lendava<br \/>\n<strong>glasba, kulinarika<\/strong><\/p>\n<p>Festival Vinarium 2024, Lendava<\/p>\n<p><a href=\"https:\/\/www1.kkl.si\/sl\/festival-vinarium-2024-srbsko-novosadski-etno-vecer\/\"><strong><span style=\"font-size: 24pt;\">Srbsko &#8211; novosadski etno ve\u010der<\/span><\/strong><\/a><\/p>\n<p><span style=\"font-size: 10pt;\">Organizator etno ve\u010derov: <a href=\"http:\/\/ztr.si\/\">Zavod za turizem in razvoj Lendava<\/a> <br \/>\nOrganizator prireditve: <a href=\"https:\/\/www.facebook.com\/p\/KTD-Novi-Sad-Lendava-100038549532698\/\">KTD Novi Sad<\/a> in <a href=\"https:\/\/www.facebook.com\/todpetisovci\/\">TOD Peti\u0161ovci<\/a><\/span><\/p>\n<\/td>\n<\/tr>\n<tr>\n<td style=\"width: 14.9276%; text-align: center;\">\n<p><strong><span style=\"font-size: 24pt;\">26.<\/span><br \/>\n<\/strong><\/p>\n<p>ponedeljek<\/p>\n<p><strong><img loading=\"lazy\" decoding=\"async\" class=\"aligncenter\" title=\"Brezpla\u010dna prireditev\" src=\"https:\/\/www1.kkl.si\/wp-content\/uploads\/2020\/07\/spored_simb_brezplacna-1.svg\" alt=\"brezplacna\" width=\"30\" height=\"30\" \/><\/strong><\/p>\n<p><strong>\u00a0<\/strong><\/p>\n<\/td>\n<td style=\"width: 84.4605%;\">\n<p><a href=\"https:\/\/www1.kkl.si\/wp-content\/uploads\/2024\/08\/plakat_Slov_etno_vecer_2024.jpg\" data-lbwps-width=\"2646\" data-lbwps-height=\"3780\" data-lbwps-srcsmall=\"https:\/\/www1.kkl.si\/wp-content\/uploads\/2024\/08\/plakat_Slov_etno_vecer_2024.jpg\"><img loading=\"lazy\" decoding=\"async\" class=\"slika alignright wp-image-18488 size-thumbnail\" src=\"https:\/\/www1.kkl.si\/wp-content\/uploads\/2024\/08\/plakat_Slov_etno_vecer_2024-scaled-e1723715461128-150x150.jpg\" alt=\"\" width=\"150\" height=\"150\" \/><\/a><i class=\"fas fa-clock\"><\/i> <strong>18.00<\/strong> | letni oder Gledali\u0161ke in koncertne dvorane Lendava<br \/>\n<strong>glasba, kulinarika<\/strong><\/p>\n<p>Festival Vinarium 2024, Lendava<\/p>\n<p><a href=\"https:\/\/www1.kkl.si\/sl\/festival-vinarium-2024-slovenski-etno-vecer\/\"><span style=\"font-size: 24pt;\"><strong>Slovenski etno ve\u010der<\/strong><\/span><\/a><\/p>\n<p><span style=\"font-size: 10pt;\">Organizator etno ve\u010derov: <a href=\"http:\/\/ztr.si\/\">Zavod za turizem in razvoj Lendava<\/a> <br \/>\nOrganizator prireditve: <a href=\"https:\/\/www.jskd.si\/kulturna-mreza\/pomurje\/lendava\/predstavitev.htm\">JSKD OI Lendava<\/a>, <a href=\"https:\/\/www.zkd-lendava.com\/\">ZKD Lendava<\/a>, <a href=\"https:\/\/www.facebook.com\/mestnaskupnostlendava\/\">MS Lendava<\/a><\/span><\/p>\n<\/td>\n<\/tr>\n<tr>\n<td style=\"width: 14.9276%;\">\n<p style=\"text-align: center;\"><strong><span style=\"font-size: 24pt;\">27.<\/span><br \/>\n<\/strong><\/p>\n<p style=\"text-align: center;\">torek<\/p>\n<p><strong><img loading=\"lazy\" decoding=\"async\" class=\"aligncenter\" title=\"Brezpla\u010dna prireditev\" src=\"https:\/\/www1.kkl.si\/wp-content\/uploads\/2020\/07\/spored_simb_brezplacna-1.svg\" alt=\"brezplacna\" width=\"30\" height=\"30\" \/><\/strong><\/p>\n<p><strong>\u00a0<\/strong><\/p>\n<\/td>\n<td style=\"width: 84.4605%;\">\n<p><a href=\"https:\/\/www1.kkl.si\/wp-content\/uploads\/2024\/08\/Madzarski-etno-vecer-2024_net.jpg\" data-lbwps-width=\"565\" data-lbwps-height=\"800\" data-lbwps-srcsmall=\"https:\/\/www1.kkl.si\/wp-content\/uploads\/2024\/08\/Madzarski-etno-vecer-2024_net-283x400.jpg\"><img loading=\"lazy\" decoding=\"async\" class=\"alignright size-thumbnail wp-image-18540\" src=\"https:\/\/www1.kkl.si\/wp-content\/uploads\/2024\/08\/Madzarski-etno-vecer-2024_net-e1723882845988-150x150.jpg\" alt=\"\" width=\"150\" height=\"150\" \/><\/a><i class=\"fas fa-clock\"><\/i> <strong>18.00<\/strong> | letni oder Gledali\u0161ke in koncertne dvorane Lendava<br \/>\n<strong>glasba, kulinarika, otro\u0161ka predstava in delavnica<br \/>\n<\/strong><\/p>\n<p>Festival Vinarium 2024, Lendava<\/p>\n<p><a href=\"https:\/\/www1.kkl.si\/sl\/festival-vinarium-2024-madzarski-etno-vecer\/\"><span style=\"font-size: 24pt;\"><strong>Mad\u017earski etno ve\u010der<\/strong><\/span><\/a><\/p>\n<p><span style=\"font-size: 10pt;\">Organizator etno ve\u010derov: <a href=\"http:\/\/ztr.si\/\">Zavod za turizem in razvoj Lendava<\/a> <br \/>\nOrganizator prireditve: <a href=\"http:\/\/www.mnmi-zkmn.si\/\">MNMI \u2013 ZKMN<\/a> in <a href=\"https:\/\/www.facebook.com\/drustvo.vinogradnikov\/\">Dru\u0161tva vinogradnikov \u010centiba<\/a><\/span><\/p>\n<\/td>\n<\/tr>\n<tr>\n<td style=\"width: 14.9276%;\">\n<p style=\"text-align: center;\"><strong><span style=\"font-size: 24pt;\">28.<\/span><br \/>\n<\/strong><\/p>\n<p style=\"text-align: center;\">sreda<\/p>\n<p><strong><img loading=\"lazy\" decoding=\"async\" class=\"aligncenter\" title=\"Brezpla\u010dna prireditev\" src=\"https:\/\/www1.kkl.si\/wp-content\/uploads\/2020\/07\/spored_simb_brezplacna-1.svg\" alt=\"brezplacna\" width=\"30\" height=\"30\" \/><\/strong><\/p>\n<p><strong>\u00a0<\/strong><\/p>\n<\/td>\n<td style=\"width: 84.4605%;\">\n<p><a href=\"https:\/\/www1.kkl.si\/wp-content\/uploads\/2024\/08\/hrvaski_etno_vecer_2024.jpg\" data-lbwps-width=\"924\" data-lbwps-height=\"643\" data-lbwps-srcsmall=\"https:\/\/www1.kkl.si\/wp-content\/uploads\/2024\/08\/hrvaski_etno_vecer_2024-400x278.jpg\"><img loading=\"lazy\" decoding=\"async\" class=\"alignright size-thumbnail wp-image-18548\" src=\"https:\/\/www1.kkl.si\/wp-content\/uploads\/2024\/08\/hrvaski_etno_vecer_2024-150x150.jpg\" alt=\"\" width=\"150\" height=\"150\" \/><\/a><i class=\"fas fa-clock\"><\/i> <strong>18.00<\/strong> | letni oder Gledali\u0161ke in koncertne dvorane Lendava<br \/>\n<strong>glasba, kulinarika<\/strong><\/p>\n<p>Festival Vinarium 2024, Lendava<\/p>\n<p><a href=\"https:\/\/www1.kkl.si\/sl\/festival-vinarium-2024-hrvaski-etno-vecer-medzimurje-kak-si-lepo-zeleno\/\"><span style=\"font-size: 24pt;\"><strong>Hrva\u0161ki etno ve\u010der: \u00bbMed\u017eimurje kak si lepo zeleno\u00ab<\/strong><\/span><\/a><\/p>\n<p><span style=\"font-size: 10pt;\">Organizator etno ve\u010derov: <a href=\"http:\/\/ztr.si\/\">Zavod za turizem in razvoj Lendava<\/a> <br \/>\nOrganizator prireditve: <a href=\"https:\/\/hkd-pomurje.si\/\">HKD Pomurje<\/a><\/span><\/p>\n<\/td>\n<\/tr>\n<tr>\n<td style=\"width: 14.9276%;\">\n<p style=\"text-align: center;\"><strong><span style=\"font-size: 24pt;\">29.<\/span><br \/>\n<\/strong><\/p>\n<p style=\"text-align: center;\">\u010detrtek<\/p>\n<p><strong><img loading=\"lazy\" decoding=\"async\" class=\"aligncenter\" title=\"Brezpla\u010dna prireditev\" src=\"https:\/\/www1.kkl.si\/wp-content\/uploads\/2020\/07\/spored_simb_brezplacna-1.svg\" alt=\"brezplacna\" width=\"30\" height=\"30\" \/><\/strong><\/p>\n<p><strong>\u00a0<\/strong><\/p>\n<\/td>\n<td style=\"width: 84.4605%;\">\n<p><i class=\"fas fa-clock\"><\/i> <strong>18.00<\/strong> | letni oder Gledali\u0161ke in koncertne dvorane Lendava<a href=\"https:\/\/www1.kkl.si\/wp-content\/uploads\/2024\/08\/Romski_etno_vecer_2024.jpg\" data-lbwps-width=\"1920\" data-lbwps-height=\"1080\" data-lbwps-srcsmall=\"https:\/\/www1.kkl.si\/wp-content\/uploads\/2024\/08\/Romski_etno_vecer_2024-400x225.jpg\"><img loading=\"lazy\" decoding=\"async\" class=\"slika alignright wp-image-18635 size-thumbnail\" src=\"https:\/\/www1.kkl.si\/wp-content\/uploads\/2024\/08\/Romski_etno_vecer_2024-e1724084256498-150x150.jpg\" alt=\"\" width=\"150\" height=\"150\" \/><\/a><br \/>\n<strong>glasba, kulinarika<\/strong><\/p>\n<p>Festival Vinarium 2024, Lendava<\/p>\n<p><a href=\"https:\/\/www1.kkl.si\/sl\/festival-vinarium-2024-romski-etno-vecer\/\"><span style=\"font-size: 24pt;\"><strong>Romski etno ve\u010der<\/strong><\/span><\/a><\/p>\n<p><span style=\"font-size: 10pt;\">Organizator etno ve\u010derov: <a href=\"http:\/\/ztr.si\/\">Zavod za turizem in razvoj Lendava<\/a> <\/span><br \/>\n<span style=\"font-size: 10pt;\">Organizator prireditve: Romsko kulturno dru\u0161tvo Romnji<\/span><\/p>\n<\/td>\n<\/tr>\n<tr>\n<td style=\"width: 14.9276%;\">\n<p style=\"text-align: center;\"><strong><span style=\"font-size: 24pt;\">30.<\/span><br \/>\n<\/strong><\/p>\n<p style=\"text-align: center;\">petek<\/p>\n<p><strong><img loading=\"lazy\" decoding=\"async\" class=\"aligncenter\" title=\"Brezpla\u010dna prireditev\" src=\"https:\/\/www1.kkl.si\/wp-content\/uploads\/2020\/07\/spored_simb_brezplacna-1.svg\" alt=\"brezplacna\" width=\"30\" height=\"30\" \/><\/strong><\/p>\n<\/td>\n<td style=\"width: 84.4605%;\">\n<p><a href=\"https:\/\/www1.kkl.si\/wp-content\/uploads\/2024\/07\/plakat_B2_KKCL_poletni_program_2024_popr20jul.jpg\" data-lbwps-width=\"2143\" data-lbwps-height=\"3000\" data-lbwps-srcsmall=\"https:\/\/www1.kkl.si\/wp-content\/uploads\/2024\/07\/plakat_B2_KKCL_poletni_program_2024_popr20jul.jpg\"><img loading=\"lazy\" decoding=\"async\" class=\"alignright size-thumbnail wp-image-18170\" src=\"https:\/\/www1.kkl.si\/wp-content\/uploads\/2024\/07\/plakat_B2_KKCL_poletni_program_2024_popr20jul-scaled-150x150.jpg\" alt=\"\" width=\"150\" height=\"150\" \/><\/a><i class=\"fas fa-clock\"><\/i> <strong>20.00<\/strong> | letni oder Gledali\u0161ke in koncertne dvorane Lendava<br \/>\n<strong>koncert<\/strong><\/p>\n<p>POLETI V LENDAVO 2024<\/p>\n<p><strong><a href=\"https:\/\/www1.kkl.si\/sl\/poleti-v-lendavo-2024-maja-keuc\/\"><span style=\"font-size: 24pt;\">Maja Keuc<\/span><\/a><br \/>\n<\/strong><\/p>\n<p><span style=\"font-size: 10pt;\">Organizator: <a href=\"https:\/\/www.kkl.si\/\">Knji\u017enica \u2013 Kulturni center Lendava \u2013 Lendvai K\u00f6nyvt\u00e1r \u00e9s Kultur\u00e1lis K\u00f6zpont<\/a><\/span><\/p>\n<\/td>\n<\/tr>\n<\/tbody>\n<\/table>\n<p style=\"text-align: center;\"><span style=\"font-size: 10pt;\">Organizatorji si pridr\u017eujejo pravico do spremembe programa.<\/span><\/p>\n","protected":false},"excerpt":{"rendered":"<p>Leto 2024: januar | februar | marec | april | maj | junij | julij | avgust | september | oktober | november | december | ARHIV LEGENDA SIMBOLOV Slovenski abonma Mad\u017earski abonma Zaklju\u010dena prireditev Brezpla\u010dna prireditev Pla\u010dljiva prireditev Novost, sprememba 7. sreda 18.30 | letni oder Gledali\u0161ke in koncertne dvorane Lendava predstava za otroke [&hellip;]<\/p>\n","protected":false},"author":2,"featured_media":0,"parent":0,"menu_order":0,"comment_status":"closed","ping_status":"closed","template":"","meta":{"footnotes":""},"class_list":["post-17937","page","type-page","status-publish","hentry","post"],"_links":{"self":[{"href":"https:\/\/www1.kkl.si\/sl\/wp-json\/wp\/v2\/pages\/17937","targetHints":{"allow":["GET"]}}],"collection":[{"href":"https:\/\/www1.kkl.si\/sl\/wp-json\/wp\/v2\/pages"}],"about":[{"href":"https:\/\/www1.kkl.si\/sl\/wp-json\/wp\/v2\/types\/page"}],"author":[{"embeddable":true,"href":"https:\/\/www1.kkl.si\/sl\/wp-json\/wp\/v2\/users\/2"}],"replies":[{"embeddable":true,"href":"https:\/\/www1.kkl.si\/sl\/wp-json\/wp\/v2\/comments?post=17937"}],"version-history":[{"count":42,"href":"https:\/\/www1.kkl.si\/sl\/wp-json\/wp\/v2\/pages\/17937\/revisions"}],"predecessor-version":[{"id":20019,"href":"https:\/\/www1.kkl.si\/sl\/wp-json\/wp\/v2\/pages\/17937\/revisions\/20019"}],"wp:attachment":[{"href":"https:\/\/www1.kkl.si\/sl\/wp-json\/wp\/v2\/media?parent=17937"}],"curies":[{"name":"wp","href":"https:\/\/api.w.org\/{rel}","templated":true}]}}