{"id":17949,"date":"2024-06-28T15:39:30","date_gmt":"2024-06-28T13:39:30","guid":{"rendered":"https:\/\/www1.kkl.si\/?page_id=17949"},"modified":"2024-11-25T22:38:03","modified_gmt":"2024-11-25T21:38:03","slug":"spored-2024-09","status":"publish","type":"page","link":"https:\/\/www1.kkl.si\/sl\/spored-2024-09\/","title":{"rendered":"SPORED: september 2024"},"content":{"rendered":"<p><strong>Leto 2024:<\/strong> <a href=\"https:\/\/www1.kkl.si\/sl\/spored-2024-01\/\">januar<\/a> | <a href=\"https:\/\/www1.kkl.si\/sl\/spored-2024-02\/\">februar<\/a> | <a href=\"https:\/\/www1.kkl.si\/sl\/spored-2024-03\/\">marec<\/a> | <a href=\"https:\/\/www1.kkl.si\/sl\/spored-2024-04\/\">april<\/a> | <a href=\"https:\/\/www1.kkl.si\/sl\/spored-2024-05\/\">maj<\/a> | <a href=\"https:\/\/www1.kkl.si\/sl\/spored-2024-06\/\">junij<\/a> | <a href=\"https:\/\/www1.kkl.si\/sl\/spored-2024-07\/\">julij<\/a> | <a href=\"https:\/\/www1.kkl.si\/sl\/spored-2024-08\/\">avgust<\/a> | <a href=\"https:\/\/www1.kkl.si\/sl\/spored-2024-09\/\">september<\/a> | <a href=\"https:\/\/www1.kkl.si\/sl\/spored-2024-10\/\">oktober<\/a> | <a href=\"https:\/\/www1.kkl.si\/sl\/spored-2024-11\/\">november<\/a> | <a href=\"https:\/\/www1.kkl.si\/sl\/spored-2024-12\/\">december<\/a> | <a href=\"https:\/\/www1.kkl.si\/sl\/arhiv-sporeda\/\">ARHIV<\/a><\/p>\n<div style=\"overflow-x: auto;\">\n<table id=\"spored-legenda\" cellspacing=\"0\" cellpadding=\"5\">\n<tbody>\n<tr>\n<td><strong>LEGENDA<br \/>\nSIMBOLOV<\/strong><\/td>\n<td style=\"vertical-align: middle;\"><img loading=\"lazy\" decoding=\"async\" title=\"Slovenski abonma\" src=\"https:\/\/www1.kkl.si\/wp-content\/uploads\/2020\/07\/spored_simb_abonma_si-1.svg\" alt=\"abonma_si\" width=\"30\" height=\"30\" \/><\/td>\n<td>Slovenski<br \/>\nabonma<\/td>\n<td style=\"vertical-align: middle;\"><img loading=\"lazy\" decoding=\"async\" title=\"Mad\u017earski abonma\" src=\"https:\/\/www1.kkl.si\/wp-content\/uploads\/2020\/07\/spored_simb_abonma_hu-1.svg\" alt=\"abonma_hu\" width=\"30\" height=\"30\" \/><\/td>\n<td>Mad\u017earski<br \/>\nabonma<\/td>\n<td style=\"vertical-align: middle;\"><img loading=\"lazy\" decoding=\"async\" title=\"Zaklju\u010dena prireditev\" src=\"https:\/\/www1.kkl.si\/wp-content\/uploads\/2020\/07\/spored_simb_zakljucena-1.svg\" alt=\"zakljucena\" width=\"30\" height=\"30\" \/><\/td>\n<td>Zaklju\u010dena<br \/>\nprireditev<\/td>\n<td style=\"vertical-align: middle;\"><img loading=\"lazy\" decoding=\"async\" title=\"Brezpla\u010dna prireditev\" src=\"https:\/\/www1.kkl.si\/wp-content\/uploads\/2020\/07\/spored_simb_brezplacna-1.svg\" alt=\"brezplacna\" width=\"30\" height=\"30\" \/><\/td>\n<td>Brezpla\u010dna<br \/>\nprireditev<\/td>\n<td style=\"vertical-align: middle;\"><img loading=\"lazy\" decoding=\"async\" title=\"Pla\u010dljiva prireditev\" src=\"https:\/\/www1.kkl.si\/wp-content\/uploads\/2020\/07\/spored_simb_placljiva-1.svg\" alt=\"placljiva\" width=\"30\" height=\"30\" \/><\/td>\n<td>Pla\u010dljiva<br \/>\nprireditev<\/td>\n<td style=\"vertical-align: middle;\"><img loading=\"lazy\" decoding=\"async\" title=\"Novost, sprememba\" src=\"https:\/\/www1.kkl.si\/wp-content\/uploads\/2020\/07\/spored_simb_novost-1.svg\" alt=\"novost\" width=\"30\" height=\"30\" \/><\/td>\n<td>Novost,<br \/>\nsprememba<\/td>\n<\/tr>\n<\/tbody>\n<\/table>\n<\/div>\n<table id=\"sporedtabela\" style=\"width: 100%;\">\n<tbody>\n<tr>\n<td style=\"width: 14.9276%;\">\n<p style=\"text-align: center;\"><strong><span style=\"font-size: 24pt;\">8.<\/span><br \/>\n<\/strong><\/p>\n<p style=\"text-align: center;\">nedelja<\/p>\n<p style=\"text-align: center;\"><strong><span style=\"font-size: 24pt;\"><img loading=\"lazy\" decoding=\"async\" title=\"Pla\u010dljiva prireditev\" src=\"https:\/\/www1.kkl.si\/wp-content\/uploads\/2020\/07\/spored_simb_placljiva-1.svg\" alt=\"placljiva\" width=\"30\" height=\"30\" \/><\/span><\/strong><\/p>\n<\/td>\n<td style=\"width: 84.4605%;\">\n<p><i class=\"fas fa-clock\"><\/i> <strong>19.30<\/strong> | Gledali\u0161ka in koncertna dvorana Lendava <span class=\"odpade\">ODPOVEDAN!<\/span><a href=\"https:\/\/www1.kkl.si\/wp-content\/uploads\/2024\/06\/plakat_BSA_SMO-KlasicniArtac_Lendava.jpg\" data-lbwps-width=\"2122\" data-lbwps-height=\"3000\" data-lbwps-srcsmall=\"https:\/\/www1.kkl.si\/wp-content\/uploads\/2024\/06\/plakat_BSA_SMO-KlasicniArtac_Lendava.jpg\"><img loading=\"lazy\" decoding=\"async\" class=\"alignright size-thumbnail wp-image-17955\" src=\"https:\/\/www1.kkl.si\/wp-content\/uploads\/2024\/06\/plakat_BSA_SMO-KlasicniArtac_Lendava-scaled-e1719592792356-150x150.jpg\" alt=\"\" width=\"150\" height=\"150\" \/><\/a><br \/>\n<strong>koncert<br \/>\n<\/strong><\/p>\n<p><span style=\"font-size: 24pt;\"><strong><a href=\"https:\/\/www1.kkl.si\/sl\/klasicni-artac-in-slovenski-mladinski-orkester\/\">Klasi\u010dni Arta\u010d! in Slovenski mladinski orkester<\/a><br \/>\n<\/strong><\/span><strong>Z violon\u010delom in humorjem med glasbene klasike<\/strong><\/p>\n<p>Vstopnice lahko kupite na <a href=\"https:\/\/www.eventim.si\/si\/vstopnice\/slo-mladinski-orkester-klasicni-artac-lendava-gledaliska-in-koncertna-dvorana-641948\/event.html\">Eventim.si<\/a>.<\/p>\n<p><span style=\"color: #ff0000;\"><strong><i class=\"fas fa-exclamation-circle\"><\/i> OBVESTILO: Dogodek je odpovedan! <\/strong><\/span><a href=\"https:\/\/www1.kkl.si\/sl\/klasicni-artac-in-slovenski-mladinski-orkester\/\"><span style=\"color: #ff0000;\"><strong>Za podrobnosti kliknite sem.<\/strong><\/span><\/a><\/p>\n<p><span style=\"font-size: 10pt;\">Organizator: <a href=\"https:\/\/www.art-bsa.eu\/\">Kulturno dru\u0161tvo BSA<\/a><\/span><\/p>\n<\/td>\n<\/tr>\n<tr>\n<td style=\"width: 14.9276%;\">\n<p style=\"text-align: center;\"><strong><span style=\"font-size: 24pt;\">11.<\/span><br \/>\n<\/strong><\/p>\n<p style=\"text-align: center;\">sreda<\/p>\n<p><img loading=\"lazy\" decoding=\"async\" class=\"aligncenter\" title=\"Brezpla\u010dna prireditev\" src=\"https:\/\/www1.kkl.si\/wp-content\/uploads\/2020\/07\/spored_simb_brezplacna-1.svg\" alt=\"brezplacna\" width=\"30\" height=\"30\" \/><\/p>\n<p>&nbsp;<\/p>\n<\/td>\n<td style=\"width: 84.4605%;\">\n<p><i class=\"fas fa-clock\"><\/i> <strong>18.00<\/strong> | Gledali\u0161ka in koncertna dvorana Lendava<a href=\"https:\/\/www1.kkl.si\/wp-content\/uploads\/2024\/09\/vabilo-Pot_Medimurske_nose.jpg\" data-lbwps-width=\"2999\" data-lbwps-height=\"1251\" data-lbwps-srcsmall=\"https:\/\/www1.kkl.si\/wp-content\/uploads\/2024\/09\/vabilo-Pot_Medimurske_nose.jpg\"><img loading=\"lazy\" decoding=\"async\" class=\"alignright size-thumbnail wp-image-18980\" src=\"https:\/\/www1.kkl.si\/wp-content\/uploads\/2024\/09\/vabilo-Pot_Medimurske_nose-scaled-150x150.jpg\" alt=\"\" width=\"150\" height=\"150\" \/><\/a><br \/>\n<strong>razstava in promocija knjige<br \/>\n<\/strong><\/p>\n<p><span style=\"font-size: 24pt;\"><strong><a href=\"https:\/\/www1.kkl.si\/sl\/vabilo-pot-medimurske-nose\/\">Pot me\u0111imurske no\u0161e<\/a><br \/>\n<\/strong><\/span><\/p>\n<p><span style=\"font-size: 10pt;\">Organizator: <a href=\"https:\/\/hkd-pomurje.si\/\">Hrva\u0161ko kulturno dru\u0161tvo Pomurje<\/a><\/span><\/p>\n<\/td>\n<\/tr>\n<tr>\n<td style=\"width: 14.9276%;\">\n<p style=\"text-align: center;\"><strong><span style=\"font-size: 24pt;\">18.<\/span><br \/>\n<\/strong><\/p>\n<p style=\"text-align: center;\">sreda<\/p>\n<p><img loading=\"lazy\" decoding=\"async\" class=\"aligncenter\" title=\"Brezpla\u010dna prireditev\" src=\"https:\/\/www1.kkl.si\/wp-content\/uploads\/2020\/07\/spored_simb_brezplacna-1.svg\" alt=\"brezplacna\" width=\"30\" height=\"30\" \/><\/p>\n<p>&nbsp;<\/p>\n<\/td>\n<td style=\"width: 84.4605%;\">\n<p><i class=\"fas fa-clock\"><\/i> <strong>19.00<\/strong> | Gledali\u0161ka in koncertna dvorana Lendava<a href=\"https:\/\/www1.kkl.si\/wp-content\/uploads\/2024\/09\/plakat_20let_GKDLendava_B1.png\" data-lbwps-width=\"2100\" data-lbwps-height=\"3000\" data-lbwps-srcsmall=\"https:\/\/www1.kkl.si\/wp-content\/uploads\/2024\/09\/plakat_20let_GKDLendava_B1-280x400.png\"><img loading=\"lazy\" decoding=\"async\" class=\"slika alignright wp-image-19026 size-thumbnail\" src=\"https:\/\/www1.kkl.si\/wp-content\/uploads\/2024\/09\/plakat_20let_GKDLendava_B1-e1725613387802-150x150.png\" alt=\"\" width=\"150\" height=\"150\" \/><\/a><br \/>\n<strong>kulturna prireditev, koncert, razstava<br \/>\n<\/strong><\/p>\n<p><strong><a href=\"https:\/\/www1.kkl.si\/sl\/slovesnost-ob-20-obletnici-delovanja-gledaliske-in-koncertne-dvorane-lendava\/\"><span style=\"font-size: 24pt;\">Slovesnost ob 20. obletnici delovanja Gledali\u0161ke in koncertne dvorane Lendava<\/span><\/a><br \/>\n<\/strong><\/p>\n<p>V kulturnem programu bo sodelovala glasbena skupina <em>Budapest Jazz Orchestra<\/em>.<\/p>\n<p><span style=\"font-size: 10pt;\">Organizator: <a href=\"https:\/\/www.kkl.si\/\">Knji\u017enica \u2013 Kulturni center Lendava \u2013 Lendvai K\u00f6nyvt\u00e1r \u00e9s Kultur\u00e1lis K\u00f6zpont<\/a> in <a href=\"https:\/\/www.lendava.si\/\">Ob\u010dina Lendava-Lendva K\u00f6zs\u00e9g<\/a><\/span><\/p>\n<\/td>\n<\/tr>\n<tr>\n<td style=\"width: 14.9276%;\">\n<p style=\"text-align: center;\"><strong><span style=\"font-size: 24pt;\">23.<\/span><br \/>\n<\/strong><\/p>\n<p style=\"text-align: center;\">ponedeljek<\/p>\n<p style=\"text-align: center;\"><img loading=\"lazy\" decoding=\"async\" title=\"Mad\u017earski abonma\" src=\"https:\/\/www1.kkl.si\/wp-content\/uploads\/2020\/07\/spored_simb_abonma_hu-1.svg\" alt=\"abonma_hu\" width=\"30\" height=\"30\" \/>\u00a0 <img loading=\"lazy\" decoding=\"async\" class=\"alignnone\" title=\"Pla\u010dljiva prireditev\" src=\"https:\/\/www1.kkl.si\/wp-content\/uploads\/2020\/07\/spored_simb_placljiva-1.svg\" alt=\"placljiva\" width=\"30\" height=\"30\" \/><\/p>\n<\/td>\n<td style=\"width: 84.4605%;\">\n<p><i class=\"fas fa-clock\"><\/i> <strong>19.00<\/strong> | Gledali\u0161ka in koncertna dvorana Lendava <span class=\"premiera\">RAZPRODAN!<\/span><a href=\"https:\/\/www1.kkl.si\/wp-content\/uploads\/2024\/09\/funymunyEL.jpg\" data-lbwps-width=\"1252\" data-lbwps-height=\"1772\" data-lbwps-srcsmall=\"https:\/\/www1.kkl.si\/wp-content\/uploads\/2024\/09\/funymunyEL-283x400.jpg\"><img loading=\"lazy\" decoding=\"async\" class=\"slika alignright wp-image-19087 size-thumbnail\" src=\"https:\/\/www1.kkl.si\/wp-content\/uploads\/2024\/09\/funymunyEL-e1726234850487-150x150.jpg\" alt=\"\" width=\"150\" height=\"150\" \/><\/a><br \/>\n<strong>komedija v mad\u017earskem jeziku<br \/>\n<\/strong><\/p>\n<p>B\u00c1NFALVY ST\u00daDI\u00d3 | Ray Cooney<\/p>\n<p><a href=\"https:\/\/www1.kkl.si\/sl\/banfalvy-studio-funny-money\/\"><span style=\"font-size: 24pt;\"><strong>Funny Money \u2013 Rossz p\u00e9nz nem v\u00e9sz el<\/strong><\/span><\/a><\/p>\n<p><i class=\"fas fa-ticket-alt\"><\/i> Cena vstopnice: <strong>17 \u20ac<\/strong> | dijaki, \u0161tudenti, upokojenci <strong>14 \u20ac<\/strong><strong><br \/>\n<\/strong><\/p>\n<p><span style=\"font-size: 10pt;\">Organizator: <a href=\"https:\/\/www.mnmi-zkmn.si\/\">MNMI Lendva \u2013 ZKMN Lendava<\/a><\/span><\/p>\n<\/td>\n<\/tr>\n<tr>\n<td style=\"width: 14.9276%;\">\n<p style=\"text-align: center;\"><span style=\"font-size: 24pt;\"><strong>27.<br \/>\n<\/strong><\/span><\/p>\n<p style=\"text-align: center;\">petek<\/p>\n<p><img loading=\"lazy\" decoding=\"async\" class=\"aligncenter\" title=\"Zaklju\u010dena prireditev\" src=\"https:\/\/www1.kkl.si\/wp-content\/uploads\/2020\/07\/spored_simb_zakljucena-1.svg\" alt=\"zakljucena\" width=\"30\" height=\"30\" \/><\/p>\n<p>&nbsp;<\/p>\n<\/td>\n<td style=\"width: 84.4605%;\">\n<p><i class=\"fas fa-clock\"><\/i> <strong>10.00<\/strong> | Gledali\u0161ka in koncertna dvorana Lendava<a href=\"https:\/\/www1.kkl.si\/wp-content\/uploads\/2024\/09\/plakat_A3_kaveszunet_2024.jpg\" data-lbwps-width=\"2121\" data-lbwps-height=\"3000\" data-lbwps-srcsmall=\"https:\/\/www1.kkl.si\/wp-content\/uploads\/2024\/09\/plakat_A3_kaveszunet_2024.jpg\"><img loading=\"lazy\" decoding=\"async\" class=\"slika alignright wp-image-19144 size-thumbnail\" src=\"https:\/\/www1.kkl.si\/wp-content\/uploads\/2024\/09\/plakat_A3_kaveszunet_2024-scaled-e1726732287509-150x150.jpg\" alt=\"\" width=\"150\" height=\"150\" \/><\/a><br \/>\n<strong>koncert<br \/>\n<\/strong><\/p>\n<p><strong><span style=\"font-size: 24pt;\">K\u00e1v\u00e9sz\u00fcnet<\/span><br \/>\n<\/strong><\/p>\n<p>Zaklju\u010dena prireditev za u\u010dence dvojezi\u010dnih izobra\u017eevalnih zavodov.<\/p>\n<p><span style=\"font-size: 10pt;\">Organizatorja: Dru\u0161tvo pedago\u0161kih delavcev dvojezi\u010dnih \u0161ol in vrtcev Prekmurja\/Muravid\u00e9ki Pedag\u00f3gusok Egyes\u00fclete, <a href=\"https:\/\/www.kkl.si\/\">Knji\u017enica \u2013 Kulturni center Lendava \u2013 Lendvai K\u00f6nyvt\u00e1r \u00e9s Kultur\u00e1lis K\u00f6zpont<\/a><\/span><\/p>\n<\/td>\n<\/tr>\n<tr>\n<td style=\"width: 14.9276%;\">\n<p style=\"text-align: center;\"><strong><span style=\"font-size: 24pt;\">28.<\/span><br \/>\n<\/strong><\/p>\n<p style=\"text-align: center;\">sobota<\/p>\n<p><img loading=\"lazy\" decoding=\"async\" class=\"aligncenter\" title=\"Pla\u010dljiva prireditev\" src=\"https:\/\/www1.kkl.si\/wp-content\/uploads\/2020\/07\/spored_simb_placljiva-1.svg\" alt=\"placljiva\" width=\"30\" height=\"30\" \/><\/p>\n<\/td>\n<td style=\"width: 84.4605%;\">\n<p><i class=\"fas fa-clock\"><\/i> <strong>17.00<\/strong> | Gledali\u0161ka in koncertna dvorana Lendava<a href=\"https:\/\/www1.kkl.si\/wp-content\/uploads\/2024\/09\/plakat_B2_tinko_celinko_2024.jpg\" data-lbwps-width=\"2143\" data-lbwps-height=\"3000\" data-lbwps-srcsmall=\"https:\/\/www1.kkl.si\/wp-content\/uploads\/2024\/09\/plakat_B2_tinko_celinko_2024.jpg\"><img loading=\"lazy\" decoding=\"async\" class=\"alignright size-thumbnail wp-image-19130\" src=\"https:\/\/www1.kkl.si\/wp-content\/uploads\/2024\/09\/plakat_B2_tinko_celinko_2024-scaled-150x150.jpg\" alt=\"\" width=\"150\" height=\"150\" \/><\/a><br \/>\n<strong>predstava za otroke <span class=\"starost\">3+<\/span><br \/>\n<\/strong><\/p>\n<p>Kulturni zavod Velik up | Jernej \u010campelj<\/p>\n<p><a href=\"https:\/\/www1.kkl.si\/sl\/tinko-celinko\/\"><span style=\"font-size: 24pt;\"><strong>Tinko Celinko<\/strong><\/span><\/a><\/p>\n<p><i class=\"fas fa-ticket-alt\"><\/i> Cena vstopnice: <strong>3 \u20ac<\/strong><strong><br \/>\n<\/strong><\/p>\n<p><span style=\"font-size: 10pt;\">Organizator: <a href=\"https:\/\/www.kkl.si\/\">Knji\u017enica \u2013 Kulturni center Lendava \u2013 Lendvai K\u00f6nyvt\u00e1r \u00e9s Kultur\u00e1lis K\u00f6zpont<\/a><\/span><\/p>\n<\/td>\n<\/tr>\n<\/tbody>\n<\/table>\n<p style=\"text-align: center;\"><span style=\"font-size: 10pt;\">Organizatorji si pridr\u017eujejo pravico do spremembe programa.<\/span><\/p>\n","protected":false},"excerpt":{"rendered":"<p>Leto 2024: januar | februar | marec | april | maj | junij | julij | avgust | september | oktober | november | december | ARHIV LEGENDA SIMBOLOV Slovenski abonma Mad\u017earski abonma Zaklju\u010dena prireditev Brezpla\u010dna prireditev Pla\u010dljiva prireditev Novost, sprememba 8. nedelja 19.30 | Gledali\u0161ka in koncertna dvorana Lendava ODPOVEDAN! koncert Klasi\u010dni Arta\u010d! in [&hellip;]<\/p>\n","protected":false},"author":2,"featured_media":0,"parent":0,"menu_order":0,"comment_status":"closed","ping_status":"closed","template":"","meta":{"footnotes":""},"class_list":["post-17949","page","type-page","status-publish","hentry","post"],"_links":{"self":[{"href":"https:\/\/www1.kkl.si\/sl\/wp-json\/wp\/v2\/pages\/17949","targetHints":{"allow":["GET"]}}],"collection":[{"href":"https:\/\/www1.kkl.si\/sl\/wp-json\/wp\/v2\/pages"}],"about":[{"href":"https:\/\/www1.kkl.si\/sl\/wp-json\/wp\/v2\/types\/page"}],"author":[{"embeddable":true,"href":"https:\/\/www1.kkl.si\/sl\/wp-json\/wp\/v2\/users\/2"}],"replies":[{"embeddable":true,"href":"https:\/\/www1.kkl.si\/sl\/wp-json\/wp\/v2\/comments?post=17949"}],"version-history":[{"count":46,"href":"https:\/\/www1.kkl.si\/sl\/wp-json\/wp\/v2\/pages\/17949\/revisions"}],"predecessor-version":[{"id":20018,"href":"https:\/\/www1.kkl.si\/sl\/wp-json\/wp\/v2\/pages\/17949\/revisions\/20018"}],"wp:attachment":[{"href":"https:\/\/www1.kkl.si\/sl\/wp-json\/wp\/v2\/media?parent=17949"}],"curies":[{"name":"wp","href":"https:\/\/api.w.org\/{rel}","templated":true}]}}