{"id":1795,"date":"2020-08-01T18:16:01","date_gmt":"2020-08-01T16:16:01","guid":{"rendered":"https:\/\/www1.kkl.si\/?page_id=1795"},"modified":"2020-08-10T08:29:49","modified_gmt":"2020-08-10T06:29:49","slug":"edna","status":"publish","type":"page","link":"https:\/\/www1.kkl.si\/sl\/edna\/","title":{"rendered":"\u00caDNA"},"content":{"rendered":"<div><img loading=\"lazy\" decoding=\"async\" class=\"izrez alignnone wp-image-1791 size-full\" src=\"https:\/\/www1.kkl.si\/wp-content\/uploads\/2020\/08\/edna_skupinska_izrez.jpg\" alt=\"\" width=\"1500\" height=\"300\" srcset=\"https:\/\/www1.kkl.si\/wp-content\/uploads\/2020\/08\/edna_skupinska_izrez.jpg 1500w, https:\/\/www1.kkl.si\/wp-content\/uploads\/2020\/08\/edna_skupinska_izrez-400x80.jpg 400w\" sizes=\"auto, (max-width: 1500px) 100vw, 1500px\" \/><\/div>\n<div class=\"opis\">\n<p><strong><img loading=\"lazy\" decoding=\"async\" class=\"alignright wp-image-1587\" title=\"Brezpla\u010dno\" src=\"https:\/\/www1.kkl.si\/wp-content\/uploads\/2020\/07\/spored_simb_brezplacna-1.svg\" alt=\"brezplacna\" width=\"40\" height=\"40\" srcset=\"https:\/\/www1.kkl.si\/wp-content\/uploads\/\/2020\/07\/spored_simb_brezplacna-1.svg 150w, https:\/\/www1.kkl.si\/wp-content\/uploads\/\/2020\/07\/spored_simb_brezplacna-1.svg 400w, https:\/\/www1.kkl.si\/wp-content\/uploads\/\/2020\/07\/spored_simb_brezplacna-1.svg 1500w, https:\/\/www1.kkl.si\/wp-content\/uploads\/\/2020\/07\/spored_simb_brezplacna-1.svg 100w\" sizes=\"auto, (max-width: 40px) 100vw, 40px\" \/><\/strong><i class=\"fas fa-chevron-circle-right\"><\/i> koncert<\/p>\n<p><i class=\"fas fa-calendar\"><\/i> <strong>Sobota, 1. avgust 2020, ob 20.00<\/strong><\/p>\n<p><i class=\"fas fa-map-marker\"><\/i> Prizori\u0161\u010de: Letni oder Gledali\u0161ke in koncertne dvorane Lendava<\/p>\n<p><i class=\"fas fa-ticket\"><\/i> Vstopnina: brezpla\u010dno<\/p>\n<p><i class=\"fas fa-chevron-circle-right\"><\/i> Organizator: <a href=\"http:\/\/www.kkl.si\/\">Knji\u017enica \u2013 Kulturni center Lendava\/Lendvai K\u00f6nyvt\u00e1r \u00e9s Kultur\u00e1lis K\u00f6zpont<\/a><\/p>\n<\/div>\n<p><a href=\"https:\/\/www1.kkl.si\/wp-content\/uploads\/2020\/07\/plakat_B2_KKCL_poletne_prireditve_2020_splet.png\" data-lbwps-width=\"1400\" data-lbwps-height=\"1949\" data-lbwps-srcsmall=\"https:\/\/www1.kkl.si\/wp-content\/uploads\/2020\/07\/plakat_B2_KKCL_poletne_prireditve_2020_splet-287x400.png\"><img loading=\"lazy\" decoding=\"async\" class=\"slika alignleft wp-image-1659\" src=\"https:\/\/www1.kkl.si\/wp-content\/uploads\/2020\/07\/plakat_B2_KKCL_poletne_prireditve_2020_splet-287x400.png\" alt=\"\" width=\"260\" height=\"362\" srcset=\"https:\/\/www1.kkl.si\/wp-content\/uploads\/2020\/07\/plakat_B2_KKCL_poletne_prireditve_2020_splet-287x400.png 287w, https:\/\/www1.kkl.si\/wp-content\/uploads\/2020\/07\/plakat_B2_KKCL_poletne_prireditve_2020_splet-1077x1500.png 1077w, https:\/\/www1.kkl.si\/wp-content\/uploads\/2020\/07\/plakat_B2_KKCL_poletne_prireditve_2020_splet.png 1400w\" sizes=\"auto, (max-width: 260px) 100vw, 260px\" \/><\/a>POLETI V LENDAVO 2020<br \/>\n<strong>\u00cadna<\/strong><\/p>\n<p><a href=\"https:\/\/www1.kkl.si\/wp-content\/uploads\/2020\/08\/edna_skupinska.jpg\" data-lbwps-width=\"2048\" data-lbwps-height=\"1365\" data-lbwps-srcsmall=\"https:\/\/www1.kkl.si\/wp-content\/uploads\/2020\/08\/edna_skupinska-400x267.jpg\"><img loading=\"lazy\" decoding=\"async\" class=\"slika alignright wp-image-1794 size-medium\" src=\"https:\/\/www1.kkl.si\/wp-content\/uploads\/2020\/08\/edna_skupinska-400x267.jpg\" alt=\"\" width=\"400\" height=\"267\" srcset=\"https:\/\/www1.kkl.si\/wp-content\/uploads\/2020\/08\/edna_skupinska-400x267.jpg 400w, https:\/\/www1.kkl.si\/wp-content\/uploads\/2020\/08\/edna_skupinska-1500x1000.jpg 1500w, https:\/\/www1.kkl.si\/wp-content\/uploads\/2020\/08\/edna_skupinska.jpg 2048w\" sizes=\"auto, (max-width: 400px) 100vw, 400px\" \/><\/a>\u00cadna (prekmurski izraz za ena) predstavlja pet glasbenih svetov, zdru\u017eenih v edinstveno celoto, ki jo povezujeta neverjetna glasbena kemija in strast do umetni\u0161kega ustvarjanja. Zgodba \u00cadne se pi\u0161e od leta 2014, ko je iz\u0161la zgo\u0161\u010denka Tja\u0161e Cigut Edno tak\u0161o bi rad. Mlade glasbenike je navdu\u0161ila stara glasbena zapu\u0161\u010dina z obmo\u010dja Prekmurja in Porabja.<\/p>\n<p>Skladbe so s svojo mo\u010dno sporo\u010dilnostjo in modernim glasbenim izrazom povezale uveljavljene mlade profesionalne glasbenike (akademski glasbeniki, u\u010ditelji, psihologi) iz \u0160tajerske in Pomurske regije, ki se uveljavljajo na razli\u010dnih glasbenih podro\u010djih (etno, klasika, d\u017eez, rock, fusion \u2026). Vsak izmed \u010dlanov skupine vpleta v glasbeno izvajanje \u00cadne svoje glasbene izku\u0161nje in znanja, skupaj pa tvorijo pomlajeno arhai\u010dno podobo, ki tako zelo prija u\u0161esom, poslu\u0161alca popelje v druge dimenzije in neverjetno pomirja ter kot celota navdu\u0161uje.<\/p>\n<p>Svojo glasbo je \u00cadna predstavila v slovenskem paviljonu na svetovni razstavi EXPO v Milanu (2015), na Mednarodnem festivalu no\u010di v Stari Ljubljani (2015), festivalu GODIBODI (2019), festivalu Lent (2019), Jenamena festu (2018), Sobo\u0161kem poletju (2019), ve\u010dkrat pa tudi v Porabju (Mono\u0161tru) in v Avstriji.<\/p>\n<hr \/>\n<p><span style=\"font-size: 24px;\">VIDEO<\/span><\/p>\n<p><iframe loading=\"lazy\" src=\"\/\/www.youtube.com\/embed\/ULbZPTQau-k\" width=\"1000\" height=\"561\" allowfullscreen=\"allowfullscreen\"><\/iframe><\/p>\n<p><iframe loading=\"lazy\" src=\"\/\/www.youtube.com\/embed\/jSLPqJ0JBAM\" width=\"1000\" height=\"561\" allowfullscreen=\"allowfullscreen\"><\/iframe><\/p>\n<p><iframe loading=\"lazy\" src=\"\/\/www.youtube.com\/embed\/dr4TO59N620\" width=\"1000\" height=\"561\" allowfullscreen=\"allowfullscreen\"><\/iframe><\/p>\n<hr \/>\n<p><i class=\"fas fa-link\"><\/i> Povezavi:<\/p>\n<ul>\n<li><a href=\"https:\/\/www.facebook.com\/band.EDNA\/\">https:\/\/www.facebook.com\/band.EDNA\/<\/a><\/li>\n<li><a href=\"https:\/\/www.youtube.com\/channel\/UCYTsG5f6icaa66cMnFfZoNA\">https:\/\/www.youtube.com\/channel\/UCYTsG5f6icaa66cMnFfZoNA<\/a><\/li>\n<\/ul>\n<hr \/>\n<p><em>Organizator: Knji\u017enica \u2013 Kulturni center Lendava. Vse prireditve so brezpla\u010dne. <br \/>\n<\/em><em>Pridr\u017eujemo si pravico do spremembe programa. <\/em><\/p>\n<p><em><strong>Ob slabem vremenu prireditev odpade!<\/strong><\/em><\/p>\n","protected":false},"excerpt":{"rendered":"<p>koncert Sobota, 1. avgust 2020, ob 20.00 Prizori\u0161\u010de: Letni oder Gledali\u0161ke in koncertne dvorane Lendava Vstopnina: brezpla\u010dno Organizator: Knji\u017enica \u2013 Kulturni center Lendava\/Lendvai K\u00f6nyvt\u00e1r \u00e9s Kultur\u00e1lis K\u00f6zpont POLETI V LENDAVO 2020 \u00cadna \u00cadna (prekmurski izraz za ena) predstavlja pet glasbenih svetov, zdru\u017eenih v edinstveno celoto, ki jo povezujeta neverjetna glasbena kemija in strast do umetni\u0161kega [&hellip;]<\/p>\n","protected":false},"author":2,"featured_media":0,"parent":0,"menu_order":0,"comment_status":"closed","ping_status":"closed","template":"","meta":{"footnotes":""},"class_list":["post-1795","page","type-page","status-publish","hentry","post"],"_links":{"self":[{"href":"https:\/\/www1.kkl.si\/sl\/wp-json\/wp\/v2\/pages\/1795","targetHints":{"allow":["GET"]}}],"collection":[{"href":"https:\/\/www1.kkl.si\/sl\/wp-json\/wp\/v2\/pages"}],"about":[{"href":"https:\/\/www1.kkl.si\/sl\/wp-json\/wp\/v2\/types\/page"}],"author":[{"embeddable":true,"href":"https:\/\/www1.kkl.si\/sl\/wp-json\/wp\/v2\/users\/2"}],"replies":[{"embeddable":true,"href":"https:\/\/www1.kkl.si\/sl\/wp-json\/wp\/v2\/comments?post=1795"}],"version-history":[{"count":6,"href":"https:\/\/www1.kkl.si\/sl\/wp-json\/wp\/v2\/pages\/1795\/revisions"}],"predecessor-version":[{"id":1802,"href":"https:\/\/www1.kkl.si\/sl\/wp-json\/wp\/v2\/pages\/1795\/revisions\/1802"}],"wp:attachment":[{"href":"https:\/\/www1.kkl.si\/sl\/wp-json\/wp\/v2\/media?parent=1795"}],"curies":[{"name":"wp","href":"https:\/\/api.w.org\/{rel}","templated":true}]}}