{"id":17953,"date":"2024-06-28T17:46:56","date_gmt":"2024-06-28T15:46:56","guid":{"rendered":"https:\/\/www1.kkl.si\/?page_id=17953"},"modified":"2024-10-10T09:53:17","modified_gmt":"2024-10-10T07:53:17","slug":"klasicni-artac-in-slovenski-mladinski-orkester","status":"publish","type":"page","link":"https:\/\/www1.kkl.si\/sl\/klasicni-artac-in-slovenski-mladinski-orkester\/","title":{"rendered":"Klasi\u010dni Arta\u010d! in Slovenski mladinski orkester"},"content":{"rendered":"<div class=\"odpade\">DOGODEK JE ODPOVEDAN<\/div>\n<blockquote><p><strong><span style=\"font-size: 18pt;\">OBVESTILO: dogodek Klasi\u010dni Arta\u010d je odpovedan!<\/span><\/strong><\/p>\n<p><img loading=\"lazy\" decoding=\"async\" class=\"alignright wp-image-1489 size-large\" src=\"https:\/\/www1.kkl.si\/wp-content\/uploads\/2020\/03\/obvestilo_200px-200x200.png\" alt=\"\" width=\"200\" height=\"200\" srcset=\"https:\/\/www1.kkl.si\/wp-content\/uploads\/2020\/03\/obvestilo_200px.png 200w, https:\/\/www1.kkl.si\/wp-content\/uploads\/2020\/03\/obvestilo_200px-150x150.png 150w\" sizes=\"auto, (max-width: 200px) 100vw, 200px\" \/>Spo\u0161tovani,<\/p>\n<p>obve\u0161\u010damo vas, da je dogodek <a href=\"https:\/\/www1.kkl.si\/sl\/obvestilo-dogodek-klasicni-artac-je-odpovedan\/\"><em>Klasi\u010dni Arta\u010d<\/em><\/a>, ki je bil na\u010drtovan za nedeljo, 8. septembra v Gledali\u0161ki in koncertni dvorani Lendava, odpovedan. Za morebitne nev\u0161e\u010dnosti se iskreno opravi\u010dujemo. Vstopnice je mogo\u010de vrniti ali pa zamenjati za dogodek v Mariboru (Dvorana Union), in sicer 3. oktobra. Menjava vstopnic je mogo\u010da najkasneje do 15. septembra.<\/p>\n<p>Zahvaljujemo se vam za razumevanje. V primeru dodatnih vpra\u0161anj smo vam na voljo:<\/p>\n<p>00386 41 473 146 ali e-mail <a href=\"mailto:janza@agency-lama.com\"> janza@agency-lama.com<\/a><\/p>\n<p>Organizacijska ekipa Klasi\u010dni Arta\u010d<\/p>\n<\/blockquote>\n<div class=\"opis\"><i class=\"fas fa-clock\"><\/i> <strong>nedelja, 8. september 2024, ob 19.30<\/strong> | Gledali\u0161ka in koncertna dvorana Lendava<img loading=\"lazy\" decoding=\"async\" class=\"alignright\" title=\"Pla\u010dljiva prireditev\" src=\"https:\/\/www1.kkl.si\/wp-content\/uploads\/\/2020\/07\/spored_simb_placljiva-1.svg\" alt=\"placljiva\" width=\"30\" height=\"30\" \/><br \/>\n<i class=\"fas fa-chevron-circle-right\"><\/i>\u00a0 <strong>koncert<\/strong> <br \/>\n<i class=\"fas fa-ticket-alt\"><\/i> Vstopnice lahko kupite na <a href=\"https:\/\/www.eventim.si\/si\/vstopnice\/slo-mladinski-orkester-klasicni-artac-lendava-gledaliska-in-koncertna-dvorana-641948\/event.html\">Eventim.si<\/a>.<br \/>\nOrganizator: <a href=\"https:\/\/www.art-bsa.eu\/\">Kulturno dru\u0161tvo BSA<\/a><\/div>\n<p><a href=\"https:\/\/www1.kkl.si\/wp-content\/uploads\/2024\/06\/plakat_BSA_SMO-KlasicniArtac_Lendava.jpg\" data-lbwps-width=\"2122\" data-lbwps-height=\"3000\" data-lbwps-srcsmall=\"https:\/\/www1.kkl.si\/wp-content\/uploads\/2024\/06\/plakat_BSA_SMO-KlasicniArtac_Lendava.jpg\"><img loading=\"lazy\" decoding=\"async\" class=\"alignright size-medium wp-image-17955\" src=\"https:\/\/www1.kkl.si\/wp-content\/uploads\/2024\/06\/plakat_BSA_SMO-KlasicniArtac_Lendava-scaled-283x400.jpg\" alt=\"\" width=\"283\" height=\"400\" srcset=\"https:\/\/www1.kkl.si\/wp-content\/uploads\/2024\/06\/plakat_BSA_SMO-KlasicniArtac_Lendava-scaled-283x400.jpg 283w, https:\/\/www1.kkl.si\/wp-content\/uploads\/2024\/06\/plakat_BSA_SMO-KlasicniArtac_Lendava-scaled-1061x1500.jpg 1061w, https:\/\/www1.kkl.si\/wp-content\/uploads\/2024\/06\/plakat_BSA_SMO-KlasicniArtac_Lendava-scaled.jpg 1811w\" sizes=\"auto, (max-width: 283px) 100vw, 283px\" \/><\/a>Koncertna turneja, kjer <strong>Tilen Arta\u010d<\/strong>, maestro komedije in \u010delist, prvi\u010d stopa v vlogo dirigenta in ru\u0161i stereotipe klasi\u010dne glasbe!<\/p>\n<p>Opremljen z violon\u010delom in dirigentsko palico, bo skupaj s Slovenskim mladinskim orkestrom ustvaril koncert, poln smeha in vrhunskih melodij.<\/p>\n<p>&nbsp;<\/p>\n<p><span style=\"font-size: 18pt;\">O PRIREDITVI<\/span><\/p>\n<p>Tilen Arta\u010d, velemojster imitacije, predvsem pa akademsko izobra\u017een glasbenik, bo tokrat mo\u010di zdru\u017eil s Slovenskim mladinskim orkestrom. V sklopu turneje Klasi\u010dni Arta\u010d stopa na podro\u010dje, ki \u0161e ni utrpelo njegove intervencije \u2013 pred orkester. Z violon\u010delom in dirigentsko palico bo ob\u010dinstvo povabil na sprehod skozi zimzeleni repertoar ve\u010dnih klasikov.<\/p>\n<div class=\"dc-text-paragraph\">\n<p><strong>Tilen Arta\u010d<\/strong>, vsestranski umetnik in voditelj\u00a0<a href=\"https:\/\/www.metropolitan.si\/podkast\/1-2-3-bis\/\" target=\"_blank\" rel=\"noopener\">podkasta Slovenske filharmonije\u00a0<strong>1,2,3 \u2026bis!,<\/strong><\/a>\u00a0bo v sklopu prav posebnega ve\u010dernega pripetljaja\u00a0<strong>Klasi\u010dni Arta\u010d<\/strong>\u00a0postavljen pred ultimativni izziv \u2013 pred orkester. Z violon\u010delom in dirigentsko palico bo ob\u010dinstvo povabil na sprehod skozi zimzeleni repertoar ve\u010dnih klasikov, Slovenski mladinski orkester pa bo z virtuoznostjo in glasbeno dovr\u0161enostjo bogatil ve\u010der.<\/p>\n<div class=\"my-3\">\n<div id=\"inline1\" data-ocm-ad=\"\" data-oau-code=\"\/75351959,204337511\/metropolitan.si\/inline1\" data-lazyloaded-by-ocm=\"\" data-google-query-id=\"CMuVpqnejIYDFUGtgwcdAB8IZA\"><em>\u201cZelo se veselim nastopov s Slovenskim mladinskim orkestrom.\u00a0<strong>V klasi\u010dni glasbi sem doma<\/strong>, saj se ji posve\u010dam \u017ee od zgodnje mladosti,\u201d<\/em>\u00a0je povedal Tilen Arta\u010d in dodal, da bi morali tovrstne koncerte \u0161e ve\u010dkrat ponuditi ob\u010dinstvu.<\/div>\n<div data-ocm-ad=\"\" data-oau-code=\"\/75351959,204337511\/metropolitan.si\/inline1\" data-lazyloaded-by-ocm=\"\" data-google-query-id=\"CMuVpqnejIYDFUGtgwcdAB8IZA\">Na repertoarju lahko na komi\u010dnem popotovanju v glasbenem naboru pri\u010dakujte klasike, kot so ve\u010dni hit novoletnih koncertov\u00a0<strong>Radetzkyjeva kora\u010dnica, Mala no\u010dna glasba, Nessun dorma<\/strong>\u00a0in \u0161tevilne druge. Z nasmehom na obrazu pa je \u0161e dodal:\u00a0<em>\u201cSeveda pa pri\u010dakujem razumevanje in podporo orkestra. Upam, da me mladi, talentirani glasbeniki kot dirigenta ne bodo po nekaj vajah odnesli z odra. Zavedam se, da ne bom ravno Riccardo Muti, bom pa\u010d Riccardo Malmuti.\u201d<\/em><\/div>\n<div data-ocm-ad=\"\" data-oau-code=\"\/75351959,204337511\/metropolitan.si\/inline1\" data-lazyloaded-by-ocm=\"\" data-google-query-id=\"CMuVpqnejIYDFUGtgwcdAB8IZA\">\u00a0<\/div>\n<\/div>\n<div data-ocm-ad=\"\" data-oau-code=\"\/75351959,204337511\/metropolitan.si\/inline1\" data-lazyloaded-by-ocm=\"\" data-google-query-id=\"CMuVpqnejIYDFUGtgwcdAB8IZA\">Orkester bo vodila dirigentka in ustanoviteljica\u00a0<strong>\u017diva Ploj Per\u0161uh<\/strong>, ki je izpostavila, da je glavni namen pripraviti spro\u0161\u010deno in povezovalno koncertno izku\u0161njo.\u00a0<em>\u201cIzjemno smo veseli, da je sodelovanje vsem v navdih, saj\u00a0<\/em><em>moramo in morajo\u00a0<\/em><em>tudi umetniki in glasbeniki, \u0161e posebej mladi glasbeniki Slovenskega mladinskega orkestra, razmi\u0161ljati o svojem ob\u010dinstvu in glasbi kot trenutku, ko ga mo\u010dno nagovarja, mu sugestira, ga pomirja in vznemirja,\u201d<\/em>\u00a0je dodala.<\/div>\n<\/div>\n<div data-ocm-ad=\"\" data-oau-code=\"\/75351959,204337511\/metropolitan.si\/inline1\" data-lazyloaded-by-ocm=\"\" data-google-query-id=\"CMuVpqnejIYDFUGtgwcdAB8IZA\">\n<p>Turneja se bo za\u010dela 6. septembra v Kulturnem domu Braslov\u010de, nadaljevala pa v La\u0161kem, Lendavi, Roga\u0161ki Slatini in Se\u017eani. Tilen Arta\u010d se bo s kar 50-\u010dlanskim orkestrom predstavil tudi v Slovenski filharmoniji, mariborski dvorani Union ter v Kr\u0161kem, \u017dalcu in Velenju.<\/p>\n<\/div>\n<p>&nbsp;<\/p>\n<p><strong>O Slovenskem mladinskem orkestru<\/strong><\/p>\n<p>Slovenski mladinski orkester je na na\u0161em geografskem prostoru unikatni projekt, ki mladim glasbenikom iz prve roke ponudi izku\u0161njo poklicnega glasbenika. Vanj so pod umetni\u0161kim vodstvom ustanoviteljice dirigentke \u017dive Ploj Per\u0161uh vklju\u010deni mladi med 16. in 26. letom, ki dobijo mo\u017enost dosegati najodmevnej\u0161e rezultate ter z zagonom, odlo\u010dnostjo, pogumom in voljo krepiti glasbene, kulturne ter dru\u017ebene mostove. Orkester je nastal leta 2019 v sodelovanju s \u0161tevilnimi mednarodnimi in doma\u010dimi partnerji in s ciljem, da je glasba univerzalni jezik, ki ga razumejo vsi, ne glede na narodnost, vero in druge osebne okoli\u0161\u010dine! Za\u0161\u010ditni znak orkestra so vsakoletni raznovrstni programi, ki jih pripravljajo na ve\u010ddnevni poletni rezidenci pod vodstvom vodilnih profesionalnih orkestrskih glasbenikov, ki jih po koncu sre\u010danja tudi javno izvedejo. V zadnjih letih je zasedba nastopila v ve\u010d kot desetih dr\u017eavah ter posegla po najzahtevnej\u0161ih repertoarjih. Med izstopajo\u010dimi projekti so zagotovo Music For The Future &#8211; socialni projekt, ki je nabit s supermo\u010djo glasbe za mlade ukrajinske glasbenike v stiski, ALARM \u2013 koncert za socialno in podnebno pravi\u010dnost, izvedba Vivaldijevih [negotovih] \u0161tirih letnih \u010dasov v okviru konference Zdru\u017eenih narodov o podnebnih spremembah COP26 v Glasgowu kot del kampanje Zdru\u017eenih narodov ACT NOW CAMPAIGN ter SAMO1PLANET \u2013 koncerti za zeleno prihodnost v koprodukciji s Festivalom Ljubljana, RTV SLOVENIJA in projektom Care4Climate. Orkester je bil leta 2022 sprejet v polnopravno \u010dlanstvo Evropske federacije mladinskih nacionalnih orkestrov (EFNYO).<br \/>\n<i class=\"fas fa-link\"><\/i> <a href=\"https:\/\/smo.ngo\/orkester\/\">https:\/\/smo.ngo\/orkester\/<\/a><\/p>\n<p><iframe loading=\"lazy\" title=\"Koncert SMO na Ljubljana Festivalu\" width=\"720\" height=\"405\" src=\"https:\/\/www.youtube.com\/embed\/FWIghwPl4P8?feature=oembed\" frameborder=\"0\" allow=\"accelerometer; autoplay; clipboard-write; encrypted-media; gyroscope; picture-in-picture; web-share\" referrerpolicy=\"strict-origin-when-cross-origin\" allowfullscreen><\/iframe><\/p>\n<p><iframe loading=\"lazy\" title=\"Primo\u017e Ramov\u0161: Sinfonietta (Allegro) \/ Slovenski mladinski orkester \/ \u017diva Ploj Per\u0161uh\" width=\"720\" height=\"405\" src=\"https:\/\/www.youtube.com\/embed\/VECt_shWPh0?feature=oembed\" frameborder=\"0\" allow=\"accelerometer; autoplay; clipboard-write; encrypted-media; gyroscope; picture-in-picture; web-share\" referrerpolicy=\"strict-origin-when-cross-origin\" allowfullscreen><\/iframe><\/p>\n<p>&nbsp;<\/p>\n<p><strong><a href=\"https:\/\/www1.kkl.si\/wp-content\/uploads\/2024\/06\/tilen-artac-21.jpg\" data-lbwps-width=\"2209\" data-lbwps-height=\"2500\" data-lbwps-srcsmall=\"https:\/\/www1.kkl.si\/wp-content\/uploads\/2024\/06\/tilen-artac-21-353x400.jpg\"><img loading=\"lazy\" decoding=\"async\" class=\"alignright size-medium wp-image-17962\" src=\"https:\/\/www1.kkl.si\/wp-content\/uploads\/2024\/06\/tilen-artac-21-353x400.jpg\" alt=\"\" width=\"353\" height=\"400\" srcset=\"https:\/\/www1.kkl.si\/wp-content\/uploads\/2024\/06\/tilen-artac-21-353x400.jpg 353w, https:\/\/www1.kkl.si\/wp-content\/uploads\/2024\/06\/tilen-artac-21-1325x1500.jpg 1325w\" sizes=\"auto, (max-width: 353px) 100vw, 353px\" \/><\/a>Tilen Arta\u010d, akademski glasbenik in imitator<\/strong><\/p>\n<p>Tilen Arta\u010d se je rodil leta 1985 v Ljubljani. Junija 2007 je magistriral na Akademiji za glasbo v Zagrebu pri profesorju Valterju De\u0161palju. Glasbeno izobra\u017eevanje je nadaljeval na Akademiji za glasbo v Gradcu pri profesorju Rudolfu Leopoldu, ter komorno glasbo pri profesorju Chia Chovu.<\/p>\n<p>Kot solist ter komorni glasbenik je nastopal doma in na tujem: Moskva, Helsinki, Bruselj, Dunaj (Musikverein), Amsterdam (Cello Biennale 2008), Pariz, London, Dubrovnik &#8230; Nastopil je kot solist z Zagreb\u0161ko Filharmonijo v veliki dvorani Vatroslav Lisinski v Zagrebu, z orkestrom United na Festivalu Bled 2008 in 2009, ter z orkestrom Festivala Maribor 2012.<\/p>\n<p>Od leta 2004 je \u010dlan ekipe imitatorjev in ustvarjalcev radijske oddaje Radio GA GA, kjer je kot imitator upodobil \u0161tevilne like ter s prekaljenim ob\u010dutkom za humor priljubljeni radijski oddaji pridodal \u0161e poseben \u0161arm. Njegova iskriva misel in imitatorska sposobnost sta postali nepogre\u0161ljivi. Je zmagovalec tretje sezone \u0161ova &#8211; Znan obraz ima svoj glas, najbolj gledanega \u0161ova pomladi 2016 na POP TV.<\/p>\n<p>Od leta 2004 do 2010 je sodeloval tudi v televizijski oddaji HRI-bar pod taktirko radijske in televizijske legende Sa\u0161a Hribarja. Leta 2012 je prejel nagrado Franeta Mil\u010dinskega &#8211; Je\u017eka, ki jo RTV Slovenija podeljuje najzaslu\u017enej\u0161im za izvirne dose\u017eke ali opus v tistih umetnostnih zvrsteh radijske in televizijske ustvarjalnosti, ki sledijo tradiciji \u017elahtnega Je\u017ekovega duha.<\/p>\n<p>Trenutno nadaljuje tradicijo oddaje Radio GA GA, na televizijskih ekranih pa ga lahko spremljamo v \u0161ovu Kaj dogaja?.<\/p>\n<p><i class=\"fas fa-link\"><\/i> <a href=\"https:\/\/www.tilenartac.com\/\">https:\/\/www.tilenartac.com\/<\/a><\/p>\n<p><iframe loading=\"lazy\" title=\"Policijski orkester &amp; Tilen Arta\u010d - DU WIRST MEINE TITTEN NICHT WACKELN (L. van Beethoven)\" width=\"720\" height=\"405\" src=\"https:\/\/www.youtube.com\/embed\/_Sx5YBzIh74?feature=oembed\" frameborder=\"0\" allow=\"accelerometer; autoplay; clipboard-write; encrypted-media; gyroscope; picture-in-picture; web-share\" referrerpolicy=\"strict-origin-when-cross-origin\" allowfullscreen><\/iframe><\/p>\n<p><iframe loading=\"lazy\" title=\"MALA TERASA - KLAPA DOGAJA - MATURANTSKI MIKS\" width=\"720\" height=\"405\" src=\"https:\/\/www.youtube.com\/embed\/UdBZjezKsu0?feature=oembed\" frameborder=\"0\" allow=\"accelerometer; autoplay; clipboard-write; encrypted-media; gyroscope; picture-in-picture; web-share\" referrerpolicy=\"strict-origin-when-cross-origin\" allowfullscreen><\/iframe><\/p>\n<p><iframe loading=\"lazy\" title=\"MALA TERASA - KAVCSTON - TRI TEDNE BO PAVZE\" width=\"720\" height=\"405\" src=\"https:\/\/www.youtube.com\/embed\/0brWg8WOZx0?feature=oembed\" frameborder=\"0\" allow=\"accelerometer; autoplay; clipboard-write; encrypted-media; gyroscope; picture-in-picture; web-share\" referrerpolicy=\"strict-origin-when-cross-origin\" allowfullscreen><\/iframe><\/p>\n<p><iframe loading=\"lazy\" title=\"MALA TERASA \u2013 POFFLBACH \u2013 HAN, HAN\" width=\"720\" height=\"405\" src=\"https:\/\/www.youtube.com\/embed\/vvNY7EqPGc0?feature=oembed\" frameborder=\"0\" allow=\"accelerometer; autoplay; clipboard-write; encrypted-media; gyroscope; picture-in-picture; web-share\" referrerpolicy=\"strict-origin-when-cross-origin\" allowfullscreen><\/iframe><\/p>\n","protected":false},"excerpt":{"rendered":"<p>DOGODEK JE ODPOVEDAN OBVESTILO: dogodek Klasi\u010dni Arta\u010d je odpovedan! Spo\u0161tovani, obve\u0161\u010damo vas, da je dogodek Klasi\u010dni Arta\u010d, ki je bil na\u010drtovan za nedeljo, 8. septembra v Gledali\u0161ki in koncertni dvorani Lendava, odpovedan. Za morebitne nev\u0161e\u010dnosti se iskreno opravi\u010dujemo. Vstopnice je mogo\u010de vrniti ali pa zamenjati za dogodek v Mariboru (Dvorana Union), in sicer 3. oktobra. [&hellip;]<\/p>\n","protected":false},"author":2,"featured_media":17955,"parent":0,"menu_order":0,"comment_status":"closed","ping_status":"closed","template":"","meta":{"footnotes":""},"class_list":["post-17953","page","type-page","status-publish","has-post-thumbnail","hentry","post","post-with-thumbnail","post-with-thumbnail-icon"],"_links":{"self":[{"href":"https:\/\/www1.kkl.si\/sl\/wp-json\/wp\/v2\/pages\/17953","targetHints":{"allow":["GET"]}}],"collection":[{"href":"https:\/\/www1.kkl.si\/sl\/wp-json\/wp\/v2\/pages"}],"about":[{"href":"https:\/\/www1.kkl.si\/sl\/wp-json\/wp\/v2\/types\/page"}],"author":[{"embeddable":true,"href":"https:\/\/www1.kkl.si\/sl\/wp-json\/wp\/v2\/users\/2"}],"replies":[{"embeddable":true,"href":"https:\/\/www1.kkl.si\/sl\/wp-json\/wp\/v2\/comments?post=17953"}],"version-history":[{"count":10,"href":"https:\/\/www1.kkl.si\/sl\/wp-json\/wp\/v2\/pages\/17953\/revisions"}],"predecessor-version":[{"id":17960,"href":"https:\/\/www1.kkl.si\/sl\/wp-json\/wp\/v2\/pages\/17953\/revisions\/17960"}],"wp:featuredmedia":[{"embeddable":true,"href":"https:\/\/www1.kkl.si\/sl\/wp-json\/wp\/v2\/media\/17955"}],"wp:attachment":[{"href":"https:\/\/www1.kkl.si\/sl\/wp-json\/wp\/v2\/media?parent=17953"}],"curies":[{"name":"wp","href":"https:\/\/api.w.org\/{rel}","templated":true}]}}