{"id":17989,"date":"2024-07-07T07:33:32","date_gmt":"2024-07-07T05:33:32","guid":{"rendered":"https:\/\/www1.kkl.si\/?page_id=17989"},"modified":"2024-08-01T19:33:41","modified_gmt":"2024-08-01T17:33:41","slug":"poleti-v-lendavo-2024-maja-keuc","status":"publish","type":"page","link":"https:\/\/www1.kkl.si\/sl\/poleti-v-lendavo-2024-maja-keuc\/","title":{"rendered":"POLETI V LENDAVO 2024 \u2013 Maja Keuc"},"content":{"rendered":"<div class=\"opis\"><i class=\"fas fa-clock\"><\/i> <strong>petek, 30. avgust 2024, ob 20.00<\/strong> | letni oder Gledali\u0161ke in koncertne dvorane Lendava<img loading=\"lazy\" decoding=\"async\" class=\"alignright\" title=\"Brezpla\u010dna prireditev\" src=\"https:\/\/www1.kkl.si\/wp-content\/uploads\/2020\/07\/spored_simb_brezplacna-1.svg\" alt=\"brezplacna\" width=\"30\" height=\"30\" \/><br \/>\n<i class=\"fas fa-chevron-circle-right\"><\/i> <strong>koncert<\/strong> <br \/>\nOgled prireditve je brezpla\u010den. V primeru slabega vremena bo prireditev potekala v dvorani.<br \/>\nOrganizator: <a href=\"https:\/\/www.kkl.si\/\">Knji\u017enica \u2013 Kulturni center Lendava \u2013 Lendvai K\u00f6nyvt\u00e1r \u00e9s Kultur\u00e1lis K\u00f6zpont<\/a><\/div>\n<p><a href=\"https:\/\/www1.kkl.si\/wp-content\/uploads\/2024\/07\/plakat_B2_KKCL_poletni_program_2024_popr20jul.jpg\" data-lbwps-width=\"2143\" data-lbwps-height=\"3000\" data-lbwps-srcsmall=\"https:\/\/www1.kkl.si\/wp-content\/uploads\/2024\/07\/plakat_B2_KKCL_poletni_program_2024_popr20jul.jpg\"><img loading=\"lazy\" decoding=\"async\" class=\"slika alignright wp-image-18170 size-medium\" src=\"https:\/\/www1.kkl.si\/wp-content\/uploads\/2024\/07\/plakat_B2_KKCL_poletni_program_2024_popr20jul-scaled-286x400.jpg\" alt=\"\" width=\"286\" height=\"400\" srcset=\"https:\/\/www1.kkl.si\/wp-content\/uploads\/2024\/07\/plakat_B2_KKCL_poletni_program_2024_popr20jul-scaled-286x400.jpg 286w, https:\/\/www1.kkl.si\/wp-content\/uploads\/2024\/07\/plakat_B2_KKCL_poletni_program_2024_popr20jul-scaled-1072x1500.jpg 1072w, https:\/\/www1.kkl.si\/wp-content\/uploads\/2024\/07\/plakat_B2_KKCL_poletni_program_2024_popr20jul-scaled.jpg 1829w\" sizes=\"auto, (max-width: 286px) 100vw, 286px\" \/><\/a>POLETI V LENDAVO 2024<\/p>\n<p><strong><span style=\"font-size: 18pt;\">Koncert Maje Keuc<\/span><\/strong><\/p>\n<p><em>\u00bbZame je lepota \u017eivljenja kot glava son\u010dnic, ki se vedno obra\u010da proti soncu, i\u0161\u010de svetlobo, ki simbolizira upanje, ljubezen in vero v \u017eivljenje.\u00ab<\/em><\/p>\n<p>Ta vitalna energija o\u017eivlja tudi <strong>Majo Keuc<\/strong>, eno najbolj cenjenih pevk, ki je zasedla sam vrh glasbene scene. Po izjemnem uspehu Slovenije na Evroviziji se je Maja odlo\u010dila, da bo svojo naslednjo glasbeno zgodbo stkala prav v rodni Sloveniji. Spro\u0161\u010deno in ustvarjalno okolje doma\u010dega terena jo je spodbudilo, da se preizkusi v ustvarjanju glasbe v sloven\u0161\u010dini. Po letih \u017eivljenja v tujini je ponovno za\u010dutila klic doma\u010dih korenin.<\/p>\n<p>Njen novi album, ki nosi naslov <em>Son\u010dnice<\/em>, razkriva njeno igrivo lahkotnost, pozitivno energijo in globoko refleksijo, ki je plod njenih bogatih \u017eivljenjskih izku\u0161enj. Besedila in melodije se prepletajo kot ples med svetlobo in temo, lahkotnostjo in te\u017eo. Skladbe na albumu so himni\u010dne, vpliv tujine pa je v njenem glasbenem izrazu nedvomno prisoten, zato boste ob poslu\u0161anju morda za\u010dutili tudi malo elektronskega nordijskega duha. Prvi singel z naslovom <em>Labirint<\/em> je iz\u0161el 23. aprila 2024, sledila pa mu bodo mnoga presene\u010denja, preden se poda na poletno turnejo z novo, sve\u017eo zasedbo.<\/p>\n<p>O BANDU <\/p>\n<p>Njihova glasba, ki zdru\u017euje razli\u010dne svetove, odra\u017ea tudi edinstveno zasedbo. Sestavljajo jo vrhunski akademski tolkalist\/bobnar Tilen Zakraj\u0161ek, ki je spremljal \u017ee razli\u010dne zasedbe in izvajalce, deluje pa tudi kot studijski bobnar. Sve\u017eino v glasbeni svet podaja s svojim raznolikim in\u0161trumentarijem, vklju\u010dno s hibridnimi bobni &#8211; kombinacija akusti\u010dnih inelektronskih, ter igranjem na perkusijah in celo klaviaturi. Na odru bo dodatno navdu\u0161il z igranjem na hand pan, relativno novim in\u0161trumentom, ki pri nas \u0161e ni zelo raz\u0161irjen. Tretji \u010dlan ekipe, Martin Vogrin, je skladatelj, glasbeni producent in multiin\u0161trumentalist, ki \u017ee nekaj let ustvarja avtorsko glasbo, med drugimi tudi za gledali\u0161ke predstave v priznanih gledali\u0161\u010dih. S svojim delom je prejel \u017ee nekaj presti\u017enih nagrad. V zasedbi igra kitaro ter klaviature.<\/p>\n<p>Tilen Zakraj\u0161ek \u2013 bobni, tolkala, klaviature<br \/>\nMartin Vogrin \u2013 kitara, klaviature<\/p>\n<p><iframe loading=\"lazy\" title=\"Maja Keuc - No One (Slovenia) Live 2011 Eurovision Song Contest\" width=\"720\" height=\"405\" src=\"https:\/\/www.youtube.com\/embed\/5vqjb2OYnYs?feature=oembed\" frameborder=\"0\" allow=\"accelerometer; autoplay; clipboard-write; encrypted-media; gyroscope; picture-in-picture; web-share\" referrerpolicy=\"strict-origin-when-cross-origin\" allowfullscreen><\/iframe><\/p>\n<p><iframe loading=\"lazy\" title=\"Maja Keuc  - &quot;Concrete&quot; Live (Band version)\" width=\"720\" height=\"405\" src=\"https:\/\/www.youtube.com\/embed\/nTJn1BO5FjA?feature=oembed\" frameborder=\"0\" allow=\"accelerometer; autoplay; clipboard-write; encrypted-media; gyroscope; picture-in-picture; web-share\" referrerpolicy=\"strict-origin-when-cross-origin\" allowfullscreen><\/iframe><\/p>\n<p><iframe loading=\"lazy\" title=\"Naredi Srce\" width=\"720\" height=\"540\" src=\"https:\/\/www.youtube.com\/embed\/WKOJHYUGbos?feature=oembed\" frameborder=\"0\" allow=\"accelerometer; autoplay; clipboard-write; encrypted-media; gyroscope; picture-in-picture; web-share\" referrerpolicy=\"strict-origin-when-cross-origin\" allowfullscreen><\/iframe><\/p>\n<p><iframe loading=\"lazy\" title=\"Maja Keuc - Goodbye...\" width=\"720\" height=\"405\" src=\"https:\/\/www.youtube.com\/embed\/uSNTdsCnkE0?feature=oembed\" frameborder=\"0\" allow=\"accelerometer; autoplay; clipboard-write; encrypted-media; gyroscope; picture-in-picture; web-share\" referrerpolicy=\"strict-origin-when-cross-origin\" allowfullscreen><\/iframe><\/p>\n<p><iframe loading=\"lazy\" title=\"Maja Keuc - Sanjam Sama (Official Lyric Video)\" width=\"720\" height=\"540\" src=\"https:\/\/www.youtube.com\/embed\/qTSRJoiTPKw?feature=oembed\" frameborder=\"0\" allow=\"accelerometer; autoplay; clipboard-write; encrypted-media; gyroscope; picture-in-picture; web-share\" referrerpolicy=\"strict-origin-when-cross-origin\" allowfullscreen><\/iframe><\/p>\n<p><iframe loading=\"lazy\" title=\"Maja Keuc - Rde\u010de\" width=\"720\" height=\"405\" src=\"https:\/\/www.youtube.com\/embed\/q_XbpV-KVC4?feature=oembed\" frameborder=\"0\" allow=\"accelerometer; autoplay; clipboard-write; encrypted-media; gyroscope; picture-in-picture; web-share\" referrerpolicy=\"strict-origin-when-cross-origin\" allowfullscreen><\/iframe><\/p>\n<p><em><strong>Iz albuma Son\u010dnice:<\/strong><\/em><\/p>\n<p><iframe loading=\"lazy\" title=\"Maja Keuc - Labirint (1\/10)\" width=\"720\" height=\"405\" src=\"https:\/\/www.youtube.com\/embed\/iYazUTZ_q0M?feature=oembed\" frameborder=\"0\" allow=\"accelerometer; autoplay; clipboard-write; encrypted-media; gyroscope; picture-in-picture; web-share\" referrerpolicy=\"strict-origin-when-cross-origin\" allowfullscreen><\/iframe><\/p>\n<p><iframe loading=\"lazy\" title=\"Maja Keuc - Mavri\u010dne o\u010di (3\/10)\" width=\"720\" height=\"405\" src=\"https:\/\/www.youtube.com\/embed\/vDwgXs5WPEM?feature=oembed\" frameborder=\"0\" allow=\"accelerometer; autoplay; clipboard-write; encrypted-media; gyroscope; picture-in-picture; web-share\" referrerpolicy=\"strict-origin-when-cross-origin\" allowfullscreen><\/iframe><\/p>\n<p><a href=\"https:\/\/www1.kkl.si\/wp-content\/uploads\/2024\/08\/maja_keuc.jpg\" data-lbwps-width=\"1200\" data-lbwps-height=\"1200\" data-lbwps-srcsmall=\"https:\/\/www1.kkl.si\/wp-content\/uploads\/2024\/08\/maja_keuc-400x400.jpg\"><img loading=\"lazy\" decoding=\"async\" class=\"alignnone size-full wp-image-18250\" src=\"https:\/\/www1.kkl.si\/wp-content\/uploads\/2024\/08\/maja_keuc.jpg\" alt=\"\" width=\"1200\" height=\"1200\" srcset=\"https:\/\/www1.kkl.si\/wp-content\/uploads\/2024\/08\/maja_keuc.jpg 1200w, https:\/\/www1.kkl.si\/wp-content\/uploads\/2024\/08\/maja_keuc-150x150.jpg 150w, https:\/\/www1.kkl.si\/wp-content\/uploads\/2024\/08\/maja_keuc-400x400.jpg 400w\" sizes=\"auto, (max-width: 1200px) 100vw, 1200px\" \/><\/a><\/p>\n<hr \/>\n<p><i class=\"fas fa-link\"><\/i> <a href=\"https:\/\/majakeuc.net\/\">https:\/\/majakeuc.net\/<\/a><br \/>\n<i class=\"fas fa-play-circle\"><\/i> <a href=\"https:\/\/www.youtube.com\/channel\/UCjfx6mMr--7nMmG60HMkojA\">Youtube kanal<\/a><\/p>\n<hr \/>\n<p><span style=\"font-size: 10pt;\">Vse prireditve v sklopu Poletnega programa 2024 so brezpla\u010dne.<\/span><br \/>\n<span style=\"font-size: 10pt;\">Pridr\u017eujemo si pravico do spremembe programa.<\/span><\/p>\n","protected":false},"excerpt":{"rendered":"<p>petek, 30. avgust 2024, ob 20.00 | letni oder Gledali\u0161ke in koncertne dvorane Lendava koncert Ogled prireditve je brezpla\u010den. V primeru slabega vremena bo prireditev potekala v dvorani. Organizator: Knji\u017enica \u2013 Kulturni center Lendava \u2013 Lendvai K\u00f6nyvt\u00e1r \u00e9s Kultur\u00e1lis K\u00f6zpont POLETI V LENDAVO 2024 Koncert Maje Keuc \u00bbZame je lepota \u017eivljenja kot glava son\u010dnic, ki [&hellip;]<\/p>\n","protected":false},"author":2,"featured_media":18170,"parent":0,"menu_order":0,"comment_status":"closed","ping_status":"closed","template":"","meta":{"footnotes":""},"class_list":["post-17989","page","type-page","status-publish","has-post-thumbnail","hentry","post","post-with-thumbnail","post-with-thumbnail-icon"],"_links":{"self":[{"href":"https:\/\/www1.kkl.si\/sl\/wp-json\/wp\/v2\/pages\/17989","targetHints":{"allow":["GET"]}}],"collection":[{"href":"https:\/\/www1.kkl.si\/sl\/wp-json\/wp\/v2\/pages"}],"about":[{"href":"https:\/\/www1.kkl.si\/sl\/wp-json\/wp\/v2\/types\/page"}],"author":[{"embeddable":true,"href":"https:\/\/www1.kkl.si\/sl\/wp-json\/wp\/v2\/users\/2"}],"replies":[{"embeddable":true,"href":"https:\/\/www1.kkl.si\/sl\/wp-json\/wp\/v2\/comments?post=17989"}],"version-history":[{"count":16,"href":"https:\/\/www1.kkl.si\/sl\/wp-json\/wp\/v2\/pages\/17989\/revisions"}],"predecessor-version":[{"id":18259,"href":"https:\/\/www1.kkl.si\/sl\/wp-json\/wp\/v2\/pages\/17989\/revisions\/18259"}],"wp:featuredmedia":[{"embeddable":true,"href":"https:\/\/www1.kkl.si\/sl\/wp-json\/wp\/v2\/media\/18170"}],"wp:attachment":[{"href":"https:\/\/www1.kkl.si\/sl\/wp-json\/wp\/v2\/media?parent=17989"}],"curies":[{"name":"wp","href":"https:\/\/api.w.org\/{rel}","templated":true}]}}