{"id":18019,"date":"2024-07-07T18:43:35","date_gmt":"2024-07-07T16:43:35","guid":{"rendered":"https:\/\/www1.kkl.si\/?page_id=18019"},"modified":"2024-07-20T18:43:27","modified_gmt":"2024-07-20T16:43:27","slug":"kazaliste-mala-scena-hrvaska-kraljevna-na-zrnu-graska","status":"publish","type":"page","link":"https:\/\/www1.kkl.si\/sl\/kazaliste-mala-scena-hrvaska-kraljevna-na-zrnu-graska\/","title":{"rendered":"Kazali\u0161te Mala scena (Hrva\u0161ka): Kraljevna na zrnu gra\u0161ka"},"content":{"rendered":"<div class=\"opis\"><i class=\"fas fa-clock\"><\/i> <strong>torek, 13. avgust 2024, ob 18.30<\/strong> | letni oder Gledali\u0161ke in koncertne dvorane Lendava<img loading=\"lazy\" decoding=\"async\" class=\"alignright\" title=\"Brezpla\u010dna prireditev\" src=\"https:\/\/www1.kkl.si\/wp-content\/uploads\/2020\/07\/spored_simb_brezplacna-1.svg\" alt=\"brezplacna\" width=\"30\" height=\"30\" \/><br \/>\n<i class=\"fas fa-chevron-circle-right\"><\/i> <strong>lutkovna predstava v hrva\u0161kem jeziku <span class=\"starost\">3+<\/span><\/strong> <br \/>\nOgled prireditve je brezpla\u010den. V primeru slabega vremena bo prireditev potekala v dvorani.<br \/>\nOrganizator: <a href=\"https:\/\/www.kkl.si\/\">Knji\u017enica \u2013 Kulturni center Lendava \u2013 Lendvai K\u00f6nyvt\u00e1r \u00e9s Kultur\u00e1lis K\u00f6zpont<\/a><\/div>\n<div class=\"et_pb_module et_pb_text et_pb_text_2_tb_body  et_pb_text_align_left et_pb_bg_layout_light\">\n<div class=\"et_pb_text_inner\">\n<p><a href=\"https:\/\/www1.kkl.si\/wp-content\/uploads\/2024\/07\/plakat_B2_KKCL_poletni_program_2024_popr20jul.jpg\" data-lbwps-width=\"2143\" data-lbwps-height=\"3000\" data-lbwps-srcsmall=\"https:\/\/www1.kkl.si\/wp-content\/uploads\/2024\/07\/plakat_B2_KKCL_poletni_program_2024_popr20jul.jpg\"><img loading=\"lazy\" decoding=\"async\" class=\"slika alignright wp-image-18170 size-medium\" src=\"https:\/\/www1.kkl.si\/wp-content\/uploads\/2024\/07\/plakat_B2_KKCL_poletni_program_2024_popr20jul-scaled-286x400.jpg\" alt=\"\" width=\"286\" height=\"400\" srcset=\"https:\/\/www1.kkl.si\/wp-content\/uploads\/2024\/07\/plakat_B2_KKCL_poletni_program_2024_popr20jul-scaled-286x400.jpg 286w, https:\/\/www1.kkl.si\/wp-content\/uploads\/2024\/07\/plakat_B2_KKCL_poletni_program_2024_popr20jul-scaled-1072x1500.jpg 1072w, https:\/\/www1.kkl.si\/wp-content\/uploads\/2024\/07\/plakat_B2_KKCL_poletni_program_2024_popr20jul-scaled.jpg 1829w\" sizes=\"auto, (max-width: 286px) 100vw, 286px\" \/><\/a>POLETNI LUTKOVNI PRISTAN LENDAVA 2024 \u2013 Mednarodni lutkovni festival<br \/>\nKazali\u0161te Mala scena (Hrva\u0161ka):<\/p>\n<p><span style=\"font-size: 18pt;\"><strong>Kraljevna na zrnu gra\u0161ka<\/strong><\/span><\/p>\n<p>Ko sta Vitomira in Ivica pred ve\u010d kot 30 leti za\u010dela delati na predstavi Pri\u010dalo in Malena, sta \u017eelela le eno: narediti predstavo, s katero bi lahko za\u010dela samostojno pot. Iz te predstave se je rodila Mala scena, s\u010dasoma pa sta Pri\u010dalo in Malena postala Kraljevna na zrana gra\u0161ka.<\/p>\n<p>Predstavo sta Vitomir in Ivica odigrala tiso\u010dkrat po vsej Hrva\u0161ki, oziroma si je ta nastop zagotovo zaslu\u017eil naziv kultne predstave. Predstava ni le ustvarila njihovega gledali\u0161\u010da, ampak je dolo\u010dila njihovo usodo in usodo vseh malih gledali\u0161\u010d.<\/p>\n<p>Za njihov 30. rojstni dan se ta \u010dudovita zgodba, polna veselih pesmi, ki za vedno ostanejo v u\u0161esu, zabavnih likov, fantasti\u010dnih lutk in \u010diste zabave, vra\u010da v novi preobleki med njihovo drago, zvesto publiko in tistim, ki bodo to \u0161e postali!<\/p>\n<p><strong>Namenjena otrokom:<\/strong> 3+<br \/>\n<strong>Trajanje predstave:<\/strong> 50 minut<\/p>\n\n\t\t<style type=\"text\/css\">\n\t\t\t#gallery-1 {\n\t\t\t\tmargin: auto;\n\t\t\t}\n\t\t\t#gallery-1 .gallery-item {\n\t\t\t\tfloat: left;\n\t\t\t\tmargin-top: 10px;\n\t\t\t\ttext-align: center;\n\t\t\t\twidth: 16%;\n\t\t\t}\n\t\t\t#gallery-1 img {\n\t\t\t\tborder: 2px solid #cfcfcf;\n\t\t\t}\n\t\t\t#gallery-1 .gallery-caption {\n\t\t\t\tmargin-left: 0;\n\t\t\t}\n\t\t\t\/* see gallery_shortcode() in wp-includes\/media.php *\/\n\t\t<\/style>\n\t\t<div id='gallery-1' class='gallery galleryid-18019 gallery-columns-6 gallery-size-thumbnail'><dl class='gallery-item'>\n\t\t\t<dt class='gallery-icon landscape'>\n\t\t\t\t<a href='https:\/\/www1.kkl.si\/wp-content\/uploads\/2024\/07\/kraljevna-na-zrnu-graska-1.jpg'><img loading=\"lazy\" decoding=\"async\" width=\"150\" height=\"150\" src=\"https:\/\/www1.kkl.si\/wp-content\/uploads\/2024\/07\/kraljevna-na-zrnu-graska-1-150x150.jpg\" class=\"attachment-thumbnail size-thumbnail\" alt=\"\" \/><\/a>\n\t\t\t<\/dt><\/dl><dl class='gallery-item'>\n\t\t\t<dt class='gallery-icon landscape'>\n\t\t\t\t<a href='https:\/\/www1.kkl.si\/wp-content\/uploads\/2024\/07\/kraljevna-na-zrnu-graska-0.jpg'><img loading=\"lazy\" decoding=\"async\" width=\"150\" height=\"150\" src=\"https:\/\/www1.kkl.si\/wp-content\/uploads\/2024\/07\/kraljevna-na-zrnu-graska-0-150x150.jpg\" class=\"attachment-thumbnail size-thumbnail\" alt=\"\" \/><\/a>\n\t\t\t<\/dt><\/dl><dl class='gallery-item'>\n\t\t\t<dt class='gallery-icon landscape'>\n\t\t\t\t<a href='https:\/\/www1.kkl.si\/wp-content\/uploads\/2024\/07\/kraljevna-na-zrnu-graska-2.jpg'><img loading=\"lazy\" decoding=\"async\" width=\"150\" height=\"150\" src=\"https:\/\/www1.kkl.si\/wp-content\/uploads\/2024\/07\/kraljevna-na-zrnu-graska-2-150x150.jpg\" class=\"attachment-thumbnail size-thumbnail\" alt=\"\" \/><\/a>\n\t\t\t<\/dt><\/dl><dl class='gallery-item'>\n\t\t\t<dt class='gallery-icon portrait'>\n\t\t\t\t<a href='https:\/\/www1.kkl.si\/wp-content\/uploads\/2024\/07\/kraljevna-na-zrnu-graska-3.jpg'><img loading=\"lazy\" decoding=\"async\" width=\"150\" height=\"150\" src=\"https:\/\/www1.kkl.si\/wp-content\/uploads\/2024\/07\/kraljevna-na-zrnu-graska-3-150x150.jpg\" class=\"attachment-thumbnail size-thumbnail\" alt=\"\" \/><\/a>\n\t\t\t<\/dt><\/dl><dl class='gallery-item'>\n\t\t\t<dt class='gallery-icon landscape'>\n\t\t\t\t<a href='https:\/\/www1.kkl.si\/wp-content\/uploads\/2024\/07\/kraljevna-na-zrnu-graska-4.jpg'><img loading=\"lazy\" decoding=\"async\" width=\"150\" height=\"150\" src=\"https:\/\/www1.kkl.si\/wp-content\/uploads\/2024\/07\/kraljevna-na-zrnu-graska-4-150x150.jpg\" class=\"attachment-thumbnail size-thumbnail\" alt=\"\" srcset=\"https:\/\/www1.kkl.si\/wp-content\/uploads\/2024\/07\/kraljevna-na-zrnu-graska-4-150x150.jpg 150w, https:\/\/www1.kkl.si\/wp-content\/uploads\/2024\/07\/kraljevna-na-zrnu-graska-4-400x400.jpg 400w, https:\/\/www1.kkl.si\/wp-content\/uploads\/2024\/07\/kraljevna-na-zrnu-graska-4.jpg 660w\" sizes=\"auto, (max-width: 150px) 100vw, 150px\" \/><\/a>\n\t\t\t<\/dt><\/dl><dl class='gallery-item'>\n\t\t\t<dt class='gallery-icon landscape'>\n\t\t\t\t<a href='https:\/\/www1.kkl.si\/wp-content\/uploads\/2024\/07\/kraljevna-na-zrnu-graska-5.jpg'><img loading=\"lazy\" decoding=\"async\" width=\"150\" height=\"150\" src=\"https:\/\/www1.kkl.si\/wp-content\/uploads\/2024\/07\/kraljevna-na-zrnu-graska-5-150x150.jpg\" class=\"attachment-thumbnail size-thumbnail\" alt=\"\" \/><\/a>\n\t\t\t<\/dt><\/dl><br style=\"clear: both\" \/>\n\t\t<\/div>\n\n<\/div>\n<\/div>\n<hr \/>\n<p><i class=\"fas fa-link\"><\/i> <a href=\"http:\/\/www.mala-scena.hr\/predstave\/za-djecu\/kraljevna-na-zrnu-graska\/\">http:\/\/www.mala-scena.hr\/predstave\/za-djecu\/kraljevna-na-zrnu-graska\/<\/a><\/p>\n<hr \/>\n<p><span style=\"font-size: 10pt;\">Vse prireditve v sklopu Poletnega programa 2024 so brezpla\u010dne.<\/span><br \/>\n<span style=\"font-size: 10pt;\">Pridr\u017eujemo si pravico do spremembe programa.<\/span><\/p>\n","protected":false},"excerpt":{"rendered":"<p>torek, 13. avgust 2024, ob 18.30 | letni oder Gledali\u0161ke in koncertne dvorane Lendava lutkovna predstava v hrva\u0161kem jeziku 3+ Ogled prireditve je brezpla\u010den. V primeru slabega vremena bo prireditev potekala v dvorani. Organizator: Knji\u017enica \u2013 Kulturni center Lendava \u2013 Lendvai K\u00f6nyvt\u00e1r \u00e9s Kultur\u00e1lis K\u00f6zpont POLETNI LUTKOVNI PRISTAN LENDAVA 2024 \u2013 Mednarodni lutkovni festival Kazali\u0161te [&hellip;]<\/p>\n","protected":false},"author":2,"featured_media":18170,"parent":0,"menu_order":0,"comment_status":"closed","ping_status":"closed","template":"","meta":{"footnotes":""},"class_list":["post-18019","page","type-page","status-publish","has-post-thumbnail","hentry","post","post-with-thumbnail","post-with-thumbnail-icon"],"_links":{"self":[{"href":"https:\/\/www1.kkl.si\/sl\/wp-json\/wp\/v2\/pages\/18019","targetHints":{"allow":["GET"]}}],"collection":[{"href":"https:\/\/www1.kkl.si\/sl\/wp-json\/wp\/v2\/pages"}],"about":[{"href":"https:\/\/www1.kkl.si\/sl\/wp-json\/wp\/v2\/types\/page"}],"author":[{"embeddable":true,"href":"https:\/\/www1.kkl.si\/sl\/wp-json\/wp\/v2\/users\/2"}],"replies":[{"embeddable":true,"href":"https:\/\/www1.kkl.si\/sl\/wp-json\/wp\/v2\/comments?post=18019"}],"version-history":[{"count":5,"href":"https:\/\/www1.kkl.si\/sl\/wp-json\/wp\/v2\/pages\/18019\/revisions"}],"predecessor-version":[{"id":18176,"href":"https:\/\/www1.kkl.si\/sl\/wp-json\/wp\/v2\/pages\/18019\/revisions\/18176"}],"wp:featuredmedia":[{"embeddable":true,"href":"https:\/\/www1.kkl.si\/sl\/wp-json\/wp\/v2\/media\/18170"}],"wp:attachment":[{"href":"https:\/\/www1.kkl.si\/sl\/wp-json\/wp\/v2\/media?parent=18019"}],"curies":[{"name":"wp","href":"https:\/\/api.w.org\/{rel}","templated":true}]}}