{"id":1804,"date":"2020-07-20T18:49:43","date_gmt":"2020-07-20T16:49:43","guid":{"rendered":"https:\/\/www1.kkl.si\/?page_id=1804"},"modified":"2020-08-12T20:14:48","modified_gmt":"2020-08-12T18:14:48","slug":"po-sloveniji-s-popotnikom-jakom","status":"publish","type":"page","link":"https:\/\/www1.kkl.si\/sl\/po-sloveniji-s-popotnikom-jakom\/","title":{"rendered":"PO SLOVENIJI S POPOTNIKOM JAKOM"},"content":{"rendered":"<div><img loading=\"lazy\" decoding=\"async\" class=\"izrez alignnone wp-image-1657 size-full\" src=\"https:\/\/www1.kkl.si\/wp-content\/uploads\/2020\/07\/po_sloveniji-2_izrez.jpg\" alt=\"\" width=\"1500\" height=\"300\" srcset=\"https:\/\/www1.kkl.si\/wp-content\/uploads\/2020\/07\/po_sloveniji-2_izrez.jpg 1500w, https:\/\/www1.kkl.si\/wp-content\/uploads\/2020\/07\/po_sloveniji-2_izrez-400x80.jpg 400w\" sizes=\"auto, (max-width: 1500px) 100vw, 1500px\" \/><\/div>\n<div class=\"opis\">\n<p><strong><img loading=\"lazy\" decoding=\"async\" class=\"alignright wp-image-1587\" title=\"Brezpla\u010dno\" src=\"https:\/\/www1.kkl.si\/wp-content\/uploads\/2020\/07\/spored_simb_brezplacna-1.svg\" alt=\"brezplacna\" width=\"40\" height=\"40\" srcset=\"https:\/\/www1.kkl.si\/wp-content\/uploads\/\/2020\/07\/spored_simb_brezplacna-1.svg 150w, https:\/\/www1.kkl.si\/wp-content\/uploads\/\/2020\/07\/spored_simb_brezplacna-1.svg 400w, https:\/\/www1.kkl.si\/wp-content\/uploads\/\/2020\/07\/spored_simb_brezplacna-1.svg 1500w, https:\/\/www1.kkl.si\/wp-content\/uploads\/\/2020\/07\/spored_simb_brezplacna-1.svg 100w\" sizes=\"auto, (max-width: 40px) 100vw, 40px\" \/><\/strong><i class=\"fas fa-chevron-circle-right\"><\/i> otro\u0161ka predstava<\/p>\n<p><i class=\"fas fa-calendar\"><\/i> <strong>\u010cetrtek, 23. julij 2020, ob 18.00<\/strong><\/p>\n<p><i class=\"fas fa-map-marker\"><\/i> Prizori\u0161\u010de: Avla Gledali\u0161ke in koncertne dvorane Lendava<\/p>\n<p><i class=\"fas fa-ticket\"><\/i> Vstopnina: Brezpla\u010dno<\/p>\n<p><i class=\"fas fa-chevron-circle-right\"><\/i> Organizator: <a href=\"http:\/\/www.kkl.si\/\">Knji\u017enica \u2013 Kulturni center Lendava\/Lendvai K\u00f6nyvt\u00e1r \u00e9s Kultur\u00e1lis K\u00f6zpont<\/a><\/p>\n<\/div>\n<p><a href=\"https:\/\/www1.kkl.si\/wp-content\/uploads\/2020\/07\/plakat_B2_KKCL_poletne_prireditve_2020_splet.png\" data-lbwps-width=\"1400\" data-lbwps-height=\"1949\" data-lbwps-srcsmall=\"https:\/\/www1.kkl.si\/wp-content\/uploads\/2020\/07\/plakat_B2_KKCL_poletne_prireditve_2020_splet-287x400.png\"><img loading=\"lazy\" decoding=\"async\" class=\"slika alignleft wp-image-1659\" src=\"https:\/\/www1.kkl.si\/wp-content\/uploads\/2020\/07\/plakat_B2_KKCL_poletne_prireditve_2020_splet-287x400.png\" alt=\"\" width=\"260\" height=\"362\" srcset=\"https:\/\/www1.kkl.si\/wp-content\/uploads\/2020\/07\/plakat_B2_KKCL_poletne_prireditve_2020_splet-287x400.png 287w, https:\/\/www1.kkl.si\/wp-content\/uploads\/2020\/07\/plakat_B2_KKCL_poletne_prireditve_2020_splet-1077x1500.png 1077w, https:\/\/www1.kkl.si\/wp-content\/uploads\/2020\/07\/plakat_B2_KKCL_poletne_prireditve_2020_splet.png 1400w\" sizes=\"auto, (max-width: 260px) 100vw, 260px\" \/><\/a>POLETI V LENDAVO 2020<br \/>\n<strong>Po Sloveniji s popotnikom Jakom<\/strong><br \/>\n<em>Spoznavamo zaklade Slovenije<\/em><\/p>\n<p>Gledali\u0161ka predstava o zakladih Slovenije, kjer otroci pomagajo popotniku Jaki iskati njegovo babico. Jaka na poti sre\u010duje zanimive ljudi, pravlji\u010dne junake, \u017eivali, bajeslovna bitja, ki govorijo zgodbe o bogati kulturni in naravni dedi\u0161\u010dini. Jako navdu\u0161ijo s preprostostjo, humorjem in zanimivimi obi\u010daji. Toda nih\u010de ne ve, kje se skriva njegova babica, dokler ne sre\u010da zmaja.<\/p>\n<p>Predstava je zelo razgibana, zabavna, sme\u0161na in pou\u010dna, primerna za otroke vseh starosti. Najmlaj\u0161i se bodo nasmejali Jakovim prigodam. Starej\u0161i bodo utrdili znanje o Sloveniji in se nau\u010dili novih zanimivosti. Odrasli pa jo gledajo s ponosom, saj se komaj zavedamo, v kako lepem ko\u0161\u010dku sveta \u017eivimo.<\/p>\n<p><strong>Posebnosti predstave<\/strong> <br \/>\nVse v predstavi je slovensko: vsi omenjeni liki, kralji, obi\u010daji, plesi, jedi in navade.<\/p>\n<hr \/>\n<p><i class=\"fas fa-link\"><\/i> Povezava: <a href=\"https:\/\/enostavnoprijatelji.si\/ponudbe\/po-sloveniji-s-popotnikom-jakom\/\">https:\/\/enostavnoprijatelji.si\/ponudbe\/po-sloveniji-s-popotnikom-jakom\/<\/a><\/p>\n<hr \/>\n<p><span style=\"font-size: 24px;\">SLIKE IZ PREDSTAVE<\/span><\/p>\n\n\t\t<style type=\"text\/css\">\n\t\t\t#gallery-1 {\n\t\t\t\tmargin: auto;\n\t\t\t}\n\t\t\t#gallery-1 .gallery-item {\n\t\t\t\tfloat: left;\n\t\t\t\tmargin-top: 10px;\n\t\t\t\ttext-align: center;\n\t\t\t\twidth: 16%;\n\t\t\t}\n\t\t\t#gallery-1 img {\n\t\t\t\tborder: 2px solid #cfcfcf;\n\t\t\t}\n\t\t\t#gallery-1 .gallery-caption {\n\t\t\t\tmargin-left: 0;\n\t\t\t}\n\t\t\t\/* see gallery_shortcode() in wp-includes\/media.php *\/\n\t\t<\/style>\n\t\t<div id='gallery-1' class='gallery galleryid-1804 gallery-columns-6 gallery-size-thumbnail'><dl class='gallery-item'>\n\t\t\t<dt class='gallery-icon landscape'>\n\t\t\t\t<a href='https:\/\/www1.kkl.si\/wp-content\/uploads\/2020\/07\/po_sloveniji-2.jpg'><img loading=\"lazy\" decoding=\"async\" width=\"150\" height=\"150\" src=\"https:\/\/www1.kkl.si\/wp-content\/uploads\/2020\/07\/po_sloveniji-2-150x150.jpg\" class=\"attachment-thumbnail size-thumbnail\" alt=\"\" srcset=\"https:\/\/www1.kkl.si\/wp-content\/uploads\/2020\/07\/po_sloveniji-2-150x150.jpg 150w, https:\/\/www1.kkl.si\/wp-content\/uploads\/2020\/07\/po_sloveniji-2-400x400.jpg 400w, https:\/\/www1.kkl.si\/wp-content\/uploads\/2020\/07\/po_sloveniji-2-1500x1500.jpg 1500w, https:\/\/www1.kkl.si\/wp-content\/uploads\/2020\/07\/po_sloveniji-2.jpg 1920w\" sizes=\"auto, (max-width: 150px) 100vw, 150px\" \/><\/a>\n\t\t\t<\/dt><\/dl><dl class='gallery-item'>\n\t\t\t<dt class='gallery-icon landscape'>\n\t\t\t\t<a href='https:\/\/www1.kkl.si\/wp-content\/uploads\/2020\/07\/po_sloveniji-2-1.jpg'><img loading=\"lazy\" decoding=\"async\" width=\"150\" height=\"150\" src=\"https:\/\/www1.kkl.si\/wp-content\/uploads\/2020\/07\/po_sloveniji-2-1-150x150.jpg\" class=\"attachment-thumbnail size-thumbnail\" alt=\"\" srcset=\"https:\/\/www1.kkl.si\/wp-content\/uploads\/2020\/07\/po_sloveniji-2-1-150x150.jpg 150w, https:\/\/www1.kkl.si\/wp-content\/uploads\/2020\/07\/po_sloveniji-2-1-400x400.jpg 400w, https:\/\/www1.kkl.si\/wp-content\/uploads\/2020\/07\/po_sloveniji-2-1-1500x1500.jpg 1500w, https:\/\/www1.kkl.si\/wp-content\/uploads\/2020\/07\/po_sloveniji-2-1.jpg 1920w\" sizes=\"auto, (max-width: 150px) 100vw, 150px\" \/><\/a>\n\t\t\t<\/dt><\/dl><dl class='gallery-item'>\n\t\t\t<dt class='gallery-icon landscape'>\n\t\t\t\t<a href='https:\/\/www1.kkl.si\/wp-content\/uploads\/2020\/07\/po_sloveniji-3.jpg'><img loading=\"lazy\" decoding=\"async\" width=\"150\" height=\"150\" src=\"https:\/\/www1.kkl.si\/wp-content\/uploads\/2020\/07\/po_sloveniji-3-150x150.jpg\" class=\"attachment-thumbnail size-thumbnail\" alt=\"\" srcset=\"https:\/\/www1.kkl.si\/wp-content\/uploads\/2020\/07\/po_sloveniji-3-150x150.jpg 150w, https:\/\/www1.kkl.si\/wp-content\/uploads\/2020\/07\/po_sloveniji-3-400x400.jpg 400w, https:\/\/www1.kkl.si\/wp-content\/uploads\/2020\/07\/po_sloveniji-3-1500x1500.jpg 1500w, https:\/\/www1.kkl.si\/wp-content\/uploads\/2020\/07\/po_sloveniji-3.jpg 1920w\" sizes=\"auto, (max-width: 150px) 100vw, 150px\" \/><\/a>\n\t\t\t<\/dt><\/dl><dl class='gallery-item'>\n\t\t\t<dt class='gallery-icon landscape'>\n\t\t\t\t<a href='https:\/\/www1.kkl.si\/wp-content\/uploads\/2020\/07\/po_sloveniji-4.jpg'><img loading=\"lazy\" decoding=\"async\" width=\"150\" height=\"150\" src=\"https:\/\/www1.kkl.si\/wp-content\/uploads\/2020\/07\/po_sloveniji-4-150x150.jpg\" class=\"attachment-thumbnail size-thumbnail\" alt=\"\" srcset=\"https:\/\/www1.kkl.si\/wp-content\/uploads\/2020\/07\/po_sloveniji-4-150x150.jpg 150w, https:\/\/www1.kkl.si\/wp-content\/uploads\/2020\/07\/po_sloveniji-4-400x400.jpg 400w, https:\/\/www1.kkl.si\/wp-content\/uploads\/2020\/07\/po_sloveniji-4-1500x1500.jpg 1500w, https:\/\/www1.kkl.si\/wp-content\/uploads\/2020\/07\/po_sloveniji-4.jpg 1920w\" sizes=\"auto, (max-width: 150px) 100vw, 150px\" \/><\/a>\n\t\t\t<\/dt><\/dl>\n\t\t\t<br style='clear: both' \/>\n\t\t<\/div>\n\n<hr \/>\n<p><em>Organizator: Knji\u017enica \u2013 Kulturni center Lendava. Vse prireditve so brezpla\u010dne. <br \/>\n<\/em><em>Pridr\u017eujemo si pravico do spremembe programa. <\/em><\/p>\n<p><em><strong>Ob slabem vremenu prireditev odpade!<\/strong><\/em><\/p>\n","protected":false},"excerpt":{"rendered":"<p>otro\u0161ka predstava \u010cetrtek, 23. julij 2020, ob 18.00 Prizori\u0161\u010de: Avla Gledali\u0161ke in koncertne dvorane Lendava Vstopnina: Brezpla\u010dno Organizator: Knji\u017enica \u2013 Kulturni center Lendava\/Lendvai K\u00f6nyvt\u00e1r \u00e9s Kultur\u00e1lis K\u00f6zpont POLETI V LENDAVO 2020 Po Sloveniji s popotnikom Jakom Spoznavamo zaklade Slovenije Gledali\u0161ka predstava o zakladih Slovenije, kjer otroci pomagajo popotniku Jaki iskati njegovo babico. Jaka na poti [&hellip;]<\/p>\n","protected":false},"author":2,"featured_media":0,"parent":0,"menu_order":0,"comment_status":"closed","ping_status":"closed","template":"","meta":{"footnotes":""},"class_list":["post-1804","page","type-page","status-publish","hentry","post"],"_links":{"self":[{"href":"https:\/\/www1.kkl.si\/sl\/wp-json\/wp\/v2\/pages\/1804","targetHints":{"allow":["GET"]}}],"collection":[{"href":"https:\/\/www1.kkl.si\/sl\/wp-json\/wp\/v2\/pages"}],"about":[{"href":"https:\/\/www1.kkl.si\/sl\/wp-json\/wp\/v2\/types\/page"}],"author":[{"embeddable":true,"href":"https:\/\/www1.kkl.si\/sl\/wp-json\/wp\/v2\/users\/2"}],"replies":[{"embeddable":true,"href":"https:\/\/www1.kkl.si\/sl\/wp-json\/wp\/v2\/comments?post=1804"}],"version-history":[{"count":4,"href":"https:\/\/www1.kkl.si\/sl\/wp-json\/wp\/v2\/pages\/1804\/revisions"}],"predecessor-version":[{"id":2054,"href":"https:\/\/www1.kkl.si\/sl\/wp-json\/wp\/v2\/pages\/1804\/revisions\/2054"}],"wp:attachment":[{"href":"https:\/\/www1.kkl.si\/sl\/wp-json\/wp\/v2\/media?parent=1804"}],"curies":[{"name":"wp","href":"https:\/\/api.w.org\/{rel}","templated":true}]}}