{"id":18041,"date":"2024-07-07T19:10:47","date_gmt":"2024-07-07T17:10:47","guid":{"rendered":"https:\/\/www1.kkl.si\/?page_id=18041"},"modified":"2024-08-01T10:48:57","modified_gmt":"2024-08-01T08:48:57","slug":"aranyszamar-babszinhaz-madzarska-vackor","status":"publish","type":"page","link":"https:\/\/www1.kkl.si\/sl\/aranyszamar-babszinhaz-madzarska-vackor\/","title":{"rendered":"Aranyszam\u00e1r B\u00e1bsz\u00ednh\u00e1z (Mad\u017earska): Vackor"},"content":{"rendered":"<div class=\"opis\"><i class=\"fas fa-clock\"><\/i> <strong>\u010detrtek, 22. avgust 2024, ob 18.30<\/strong> | letni oder Gledali\u0161ke in koncertne dvorane Lendava<img loading=\"lazy\" decoding=\"async\" class=\"alignright\" title=\"Brezpla\u010dna prireditev\" src=\"https:\/\/www1.kkl.si\/wp-content\/uploads\/2020\/07\/spored_simb_brezplacna-1.svg\" alt=\"brezplacna\" width=\"30\" height=\"30\" \/><br \/>\n<i class=\"fas fa-chevron-circle-right\"><\/i> <strong>lutkovna predstava v mad\u017earskem jeziku <span class=\"starost\">3+<\/span><\/strong> <br \/>\nOgled prireditve je brezpla\u010den. V primeru slabega vremena bo prireditev potekala v dvorani.<br \/>\nOrganizator: <a href=\"https:\/\/www.kkl.si\/\">Knji\u017enica \u2013 Kulturni center Lendava \u2013 Lendvai K\u00f6nyvt\u00e1r \u00e9s Kultur\u00e1lis K\u00f6zpont<\/a><\/div>\n<div class=\"et_pb_module et_pb_text et_pb_text_2_tb_body  et_pb_text_align_left et_pb_bg_layout_light\">\n<div class=\"et_pb_text_inner\">\n<p><a href=\"https:\/\/www1.kkl.si\/wp-content\/uploads\/2024\/07\/plakat_B2_KKCL_poletni_program_2024_popr20jul.jpg\" data-lbwps-width=\"2143\" data-lbwps-height=\"3000\" data-lbwps-srcsmall=\"https:\/\/www1.kkl.si\/wp-content\/uploads\/2024\/07\/plakat_B2_KKCL_poletni_program_2024_popr20jul.jpg\"><img loading=\"lazy\" decoding=\"async\" class=\"slika alignright wp-image-18170 size-medium\" src=\"https:\/\/www1.kkl.si\/wp-content\/uploads\/2024\/07\/plakat_B2_KKCL_poletni_program_2024_popr20jul-scaled-286x400.jpg\" alt=\"\" width=\"286\" height=\"400\" srcset=\"https:\/\/www1.kkl.si\/wp-content\/uploads\/2024\/07\/plakat_B2_KKCL_poletni_program_2024_popr20jul-scaled-286x400.jpg 286w, https:\/\/www1.kkl.si\/wp-content\/uploads\/2024\/07\/plakat_B2_KKCL_poletni_program_2024_popr20jul-scaled-1072x1500.jpg 1072w, https:\/\/www1.kkl.si\/wp-content\/uploads\/2024\/07\/plakat_B2_KKCL_poletni_program_2024_popr20jul-scaled.jpg 1829w\" sizes=\"auto, (max-width: 286px) 100vw, 286px\" \/><\/a>POLETNI LUTKOVNI PRISTAN LENDAVA 2024 \u2013 Mednarodni lutkovni festival<br \/>\nAranyszam\u00e1r B\u00e1bsz\u00ednh\u00e1z (Mad\u017earska):<\/p>\n<p><span style=\"font-size: 18pt;\"><strong>Vackor<\/strong><\/span><\/p>\n<p>Vackor, mali medvedek je \u0161olar\u010dek, vendar se ne po\u010duti dobro v \u0161oli. Njegovi so\u0161olci se no\u010dejo spoprijateljiti o z njim. Ubo\u017e\u010dek je pogosto neroden. Njegova u\u010diteljica je prijazna, a on kljub temu hrepeni po gozdu. Nekega dne, ko sedi sam v u\u010dilnici, medtem ko se njegovi so\u0161olci igrajo na dvori\u0161\u010du, za\u010duti vonj malice so\u0161olca, babica mu je namre\u010d za malico pripravila kruh z maslom in medom. \u017dal se Vackor ne more upreti sku\u0161njavi in po\u017ere vse dobrote iz \u0161katle s kosilom, ker se pri tem ne more ustaviti poje vse sendvi\u010de, sadje od so\u0161olcev. Prepozno se zave, da je v u\u010dilnici povzro\u010dil pravo opusto\u0161enje. Osramo\u010den in prestra\u0161en pobegne, saj se ne upa soo\u010diti z jezo so\u0161olcev &#8211; in \u0161e posebej ne z u\u010diteljico.<\/p>\n<p>Vackor pobegne v veliko mesto, kjer se mrzli\u010dno trudi najti svoj prostor pod soncem. Tu se soo\u010da s \u0161tevilnimi izzivi, na koncu pa se odlo\u010di, da je \u010das, da se vrne domov.<\/p>\n<p>Ko pride domov, se znajde v te\u017eavah: zaradi vseh neopravi\u010denih izostankov mora opravljati dodatne izpite v \u0161oli. Ko mu uspe pravilno odgovoriti na vsa postavljena vpra\u0161anja, so vsi navdu\u0161eni nad njim. Vackor pripoveduje o svojih dogodiv\u0161\u010dinah v velikem mestu in razveseli so\u0161olce s pripravo sladoleda. Tako postane najbolj priljubljen medvedek v \u0161oli.<\/p>\n<p><strong>Namenjena otrokom:<\/strong> 3+<\/p>\n<p><a href=\"https:\/\/www1.kkl.si\/wp-content\/uploads\/2024\/07\/vackor1.jpg\" data-lbwps-width=\"640\" data-lbwps-height=\"428\" data-lbwps-srcsmall=\"https:\/\/www1.kkl.si\/wp-content\/uploads\/2024\/07\/vackor1-400x268.jpg\"><img loading=\"lazy\" decoding=\"async\" class=\"alignnone size-medium wp-image-18042\" src=\"https:\/\/www1.kkl.si\/wp-content\/uploads\/2024\/07\/vackor1-400x268.jpg\" alt=\"\" width=\"400\" height=\"268\" srcset=\"https:\/\/www1.kkl.si\/wp-content\/uploads\/2024\/07\/vackor1-400x268.jpg 400w, https:\/\/www1.kkl.si\/wp-content\/uploads\/2024\/07\/vackor1.jpg 640w\" sizes=\"auto, (max-width: 400px) 100vw, 400px\" \/><\/a> <a href=\"https:\/\/www1.kkl.si\/wp-content\/uploads\/2024\/07\/vackor2.jpg\" data-lbwps-width=\"1400\" data-lbwps-height=\"934\" data-lbwps-srcsmall=\"https:\/\/www1.kkl.si\/wp-content\/uploads\/2024\/07\/vackor2-400x267.jpg\"><img loading=\"lazy\" decoding=\"async\" class=\"alignnone size-medium wp-image-18045\" src=\"https:\/\/www1.kkl.si\/wp-content\/uploads\/2024\/07\/vackor2-400x267.jpg\" alt=\"\" width=\"400\" height=\"267\" srcset=\"https:\/\/www1.kkl.si\/wp-content\/uploads\/2024\/07\/vackor2-400x267.jpg 400w, https:\/\/www1.kkl.si\/wp-content\/uploads\/2024\/07\/vackor2.jpg 1400w\" sizes=\"auto, (max-width: 400px) 100vw, 400px\" \/><\/a> <a href=\"https:\/\/www1.kkl.si\/wp-content\/uploads\/2024\/07\/vackor3.jpg\" data-lbwps-width=\"720\" data-lbwps-height=\"480\" data-lbwps-srcsmall=\"https:\/\/www1.kkl.si\/wp-content\/uploads\/2024\/07\/vackor3-400x267.jpg\"><img loading=\"lazy\" decoding=\"async\" class=\"alignnone size-medium wp-image-18048\" src=\"https:\/\/www1.kkl.si\/wp-content\/uploads\/2024\/07\/vackor3-400x267.jpg\" alt=\"\" width=\"400\" height=\"267\" srcset=\"https:\/\/www1.kkl.si\/wp-content\/uploads\/2024\/07\/vackor3-400x267.jpg 400w, https:\/\/www1.kkl.si\/wp-content\/uploads\/2024\/07\/vackor3.jpg 720w\" sizes=\"auto, (max-width: 400px) 100vw, 400px\" \/><\/a> <a href=\"https:\/\/www1.kkl.si\/wp-content\/uploads\/2024\/07\/vackor4.jpg\" data-lbwps-width=\"640\" data-lbwps-height=\"426\" data-lbwps-srcsmall=\"https:\/\/www1.kkl.si\/wp-content\/uploads\/2024\/07\/vackor4-400x266.jpg\"><img loading=\"lazy\" decoding=\"async\" class=\"alignnone size-medium wp-image-18051\" src=\"https:\/\/www1.kkl.si\/wp-content\/uploads\/2024\/07\/vackor4-400x266.jpg\" alt=\"\" width=\"400\" height=\"266\" srcset=\"https:\/\/www1.kkl.si\/wp-content\/uploads\/2024\/07\/vackor4-400x266.jpg 400w, https:\/\/www1.kkl.si\/wp-content\/uploads\/2024\/07\/vackor4.jpg 640w\" sizes=\"auto, (max-width: 400px) 100vw, 400px\" \/><\/a> <a href=\"https:\/\/www1.kkl.si\/wp-content\/uploads\/2024\/07\/vackor5.jpg\" data-lbwps-width=\"640\" data-lbwps-height=\"427\" data-lbwps-srcsmall=\"https:\/\/www1.kkl.si\/wp-content\/uploads\/2024\/07\/vackor5-400x267.jpg\"><img loading=\"lazy\" decoding=\"async\" class=\"alignnone size-medium wp-image-18054\" src=\"https:\/\/www1.kkl.si\/wp-content\/uploads\/2024\/07\/vackor5-400x267.jpg\" alt=\"\" width=\"400\" height=\"267\" srcset=\"https:\/\/www1.kkl.si\/wp-content\/uploads\/2024\/07\/vackor5-400x267.jpg 400w, https:\/\/www1.kkl.si\/wp-content\/uploads\/2024\/07\/vackor5.jpg 640w\" sizes=\"auto, (max-width: 400px) 100vw, 400px\" \/><\/a> <a href=\"https:\/\/www1.kkl.si\/wp-content\/uploads\/2024\/07\/vackor6.jpg\" data-lbwps-width=\"640\" data-lbwps-height=\"480\" data-lbwps-srcsmall=\"https:\/\/www1.kkl.si\/wp-content\/uploads\/2024\/07\/vackor6-400x300.jpg\"><img loading=\"lazy\" decoding=\"async\" class=\"alignnone size-medium wp-image-18057\" src=\"https:\/\/www1.kkl.si\/wp-content\/uploads\/2024\/07\/vackor6-400x300.jpg\" alt=\"\" width=\"400\" height=\"300\" srcset=\"https:\/\/www1.kkl.si\/wp-content\/uploads\/2024\/07\/vackor6-400x300.jpg 400w, https:\/\/www1.kkl.si\/wp-content\/uploads\/2024\/07\/vackor6.jpg 640w\" sizes=\"auto, (max-width: 400px) 100vw, 400px\" \/><\/a><\/p>\n<\/div>\n<\/div>\n<hr \/>\n<p><i class=\"fas fa-link\"><\/i> <a href=\"https:\/\/aranyszamar.hu\/vackor\/\">https:\/\/aranyszamar.hu\/vackor\/<\/a><\/p>\n<hr \/>\n<p><span style=\"font-size: 10pt;\">Vse prireditve v sklopu Poletnega programa 2024 so brezpla\u010dne.<\/span><br \/>\n<span style=\"font-size: 10pt;\">Pridr\u017eujemo si pravico do spremembe programa.<\/span><\/p>\n","protected":false},"excerpt":{"rendered":"<p>\u010detrtek, 22. avgust 2024, ob 18.30 | letni oder Gledali\u0161ke in koncertne dvorane Lendava lutkovna predstava v mad\u017earskem jeziku 3+ Ogled prireditve je brezpla\u010den. V primeru slabega vremena bo prireditev potekala v dvorani. Organizator: Knji\u017enica \u2013 Kulturni center Lendava \u2013 Lendvai K\u00f6nyvt\u00e1r \u00e9s Kultur\u00e1lis K\u00f6zpont POLETNI LUTKOVNI PRISTAN LENDAVA 2024 \u2013 Mednarodni lutkovni festival Aranyszam\u00e1r [&hellip;]<\/p>\n","protected":false},"author":2,"featured_media":18170,"parent":0,"menu_order":0,"comment_status":"closed","ping_status":"closed","template":"","meta":{"footnotes":""},"class_list":["post-18041","page","type-page","status-publish","has-post-thumbnail","hentry","post","post-with-thumbnail","post-with-thumbnail-icon"],"_links":{"self":[{"href":"https:\/\/www1.kkl.si\/sl\/wp-json\/wp\/v2\/pages\/18041","targetHints":{"allow":["GET"]}}],"collection":[{"href":"https:\/\/www1.kkl.si\/sl\/wp-json\/wp\/v2\/pages"}],"about":[{"href":"https:\/\/www1.kkl.si\/sl\/wp-json\/wp\/v2\/types\/page"}],"author":[{"embeddable":true,"href":"https:\/\/www1.kkl.si\/sl\/wp-json\/wp\/v2\/users\/2"}],"replies":[{"embeddable":true,"href":"https:\/\/www1.kkl.si\/sl\/wp-json\/wp\/v2\/comments?post=18041"}],"version-history":[{"count":5,"href":"https:\/\/www1.kkl.si\/sl\/wp-json\/wp\/v2\/pages\/18041\/revisions"}],"predecessor-version":[{"id":18225,"href":"https:\/\/www1.kkl.si\/sl\/wp-json\/wp\/v2\/pages\/18041\/revisions\/18225"}],"wp:featuredmedia":[{"embeddable":true,"href":"https:\/\/www1.kkl.si\/sl\/wp-json\/wp\/v2\/media\/18170"}],"wp:attachment":[{"href":"https:\/\/www1.kkl.si\/sl\/wp-json\/wp\/v2\/media?parent=18041"}],"curies":[{"name":"wp","href":"https:\/\/api.w.org\/{rel}","templated":true}]}}