{"id":18107,"date":"2024-07-18T14:32:14","date_gmt":"2024-07-18T12:32:14","guid":{"rendered":"https:\/\/www1.kkl.si\/?page_id=18107"},"modified":"2024-07-20T18:43:24","modified_gmt":"2024-07-20T16:43:24","slug":"miskino-gledalisce-slovenija-kako-je-zebra-posodila-svoje-crte","status":"publish","type":"page","link":"https:\/\/www1.kkl.si\/sl\/miskino-gledalisce-slovenija-kako-je-zebra-posodila-svoje-crte\/","title":{"rendered":"Mi\u0161kino gledali\u0161\u010de (Slovenija): Kako je zebra posodila svoje \u010drte"},"content":{"rendered":"<div class=\"opis\"><i class=\"fas fa-clock\"><\/i> <strong>sreda, 7. avgust 2024, ob 18.30<\/strong> | letni oder Gledali\u0161ke in koncertne dvorane Lendava<img loading=\"lazy\" decoding=\"async\" class=\"alignright\" title=\"Brezpla\u010dna prireditev\" src=\"https:\/\/www1.kkl.si\/wp-content\/uploads\/2020\/07\/spored_simb_brezplacna-1.svg\" alt=\"brezplacna\" width=\"30\" height=\"30\" \/><br \/>\n<i class=\"fas fa-chevron-circle-right\"><\/i> <strong>predstava za otroke <span class=\"starost\">3+<\/span><\/strong> <br \/>\nOgled prireditve je brezpla\u010den. V primeru slabega vremena bo prireditev potekala v dvorani.<br \/>\nOrganizator: <a href=\"https:\/\/www.kkl.si\/\">Knji\u017enica \u2013 Kulturni center Lendava \u2013 Lendvai K\u00f6nyvt\u00e1r \u00e9s Kultur\u00e1lis K\u00f6zpont<\/a><\/div>\n<div class=\"et_pb_module et_pb_text et_pb_text_2_tb_body  et_pb_text_align_left et_pb_bg_layout_light\">\n<div class=\"et_pb_text_inner\">\n<p><a href=\"https:\/\/www1.kkl.si\/wp-content\/uploads\/2024\/07\/plakat_B2_KKCL_poletni_program_2024_popr20jul.jpg\" data-lbwps-width=\"2143\" data-lbwps-height=\"3000\" data-lbwps-srcsmall=\"https:\/\/www1.kkl.si\/wp-content\/uploads\/2024\/07\/plakat_B2_KKCL_poletni_program_2024_popr20jul.jpg\"><img loading=\"lazy\" decoding=\"async\" class=\"slika alignright wp-image-18170 size-medium\" src=\"https:\/\/www1.kkl.si\/wp-content\/uploads\/2024\/07\/plakat_B2_KKCL_poletni_program_2024_popr20jul-scaled-286x400.jpg\" alt=\"\" width=\"286\" height=\"400\" srcset=\"https:\/\/www1.kkl.si\/wp-content\/uploads\/2024\/07\/plakat_B2_KKCL_poletni_program_2024_popr20jul-scaled-286x400.jpg 286w, https:\/\/www1.kkl.si\/wp-content\/uploads\/2024\/07\/plakat_B2_KKCL_poletni_program_2024_popr20jul-scaled-1072x1500.jpg 1072w, https:\/\/www1.kkl.si\/wp-content\/uploads\/2024\/07\/plakat_B2_KKCL_poletni_program_2024_popr20jul-scaled.jpg 1829w\" sizes=\"auto, (max-width: 286px) 100vw, 286px\" \/><\/a>POLETNI LUTKOVNI PRISTAN LENDAVA 2024 \u2013 Mednarodni lutkovni festival<br \/>\nMi\u0161kino gledali\u0161\u010de (Slovenija):<\/p>\n<div class=\"overflow-hidden\">\n<p class=\"text-color-dark font-weight-bold text-12 mb-2 pt-2 mt-0 appear-animation animated maskUp appear-animation-visible\" data-appear-animation=\"maskUp\" data-appear-animation-delay=\"300\"><strong><span style=\"font-size: 18pt;\">Kako je zebra posodila svoje \u010drte<\/span><br \/>\n<\/strong><\/p>\n<p class=\"text-color-dark font-weight-bold text-12 mb-2 pt-2 mt-0 appear-animation animated maskUp appear-animation-visible\" data-appear-animation=\"maskUp\" data-appear-animation-delay=\"300\"><strong>Malo druga\u010dna predstava o varnosti v prometu!<\/strong><\/p>\n<\/div>\n<p class=\"lead appear-animation animated fadeInUpShorter appear-animation-visible\" data-appear-animation=\"fadeInUpShorter\" data-appear-animation-delay=\"700\">V mestu kjer \u017eivi Jaka, je vedno gost promet. Jaka \u017eeli na igri\u0161\u010de k prijateljem, da bi jim pokazal svojo novo risbico. A \u017eal ne more pre\u010dkati ceste, saj ni ne semaforja, ne gospoda policaja, ki bi ustavil drve\u010da vozila. \u017dalostno obsedi in si za\u017eeli, da bi zebra z njegove risbice o\u017eivela. In \u017eelja se mu izpolni. Pred njim se pojavi \u010disto prava zebra.<\/p>\n<p class=\"lead appear-animation animated fadeInUpShorter appear-animation-visible\" data-appear-animation=\"fadeInUpShorter\" data-appear-animation-delay=\"800\">Kako je zebra Jaki posodila svoje \u010drte, da je varno pre\u010dkal cesto in si kupila nove \u010drte, si oglejte v na\u0161i najnovej\u0161i zabavno &#8211; pou\u010dni predstavi o varnosti v prometu.<\/p>\n<\/div>\n<\/div>\n<div id=\"dogodekDynInfo\" class=\"et_pb_module et_pb_text et_pb_text_3_tb_body acfDynField et_pb_text_align_left et_pb_bg_layout_light\">\n<div class=\"et_pb_text_inner\">\n<div class=\"overflow-hidden mb-3\">\n<p data-appear-animation=\"maskUp\" data-appear-animation-delay=\"200\">\u00a0<\/p>\n<p class=\"font-weight-bold text-primary text-uppercase mb-0 appear-animation animated maskUp appear-animation-visible\" data-appear-animation=\"maskUp\" data-appear-animation-delay=\"200\">NAMENJENA OTROKOM OD 3. LETA NAPREJ.<\/p>\n<\/div>\n<p class=\"appear-animation p-0 m-0 animated fadeInUpShorter appear-animation-visible\" data-appear-animation=\"fadeInUpShorter\" data-appear-animation-delay=\"300\"><strong>Trajanje predstave:<\/strong> 35 min<br \/>\n<strong>Vloga gledalcev:<\/strong> Nau\u010dijo se pravil obna\u0161anja v prometu, pomenu zebrinih \u010drt in pomagajo Jaki varno \u010dez cesto.<br \/>\n<strong>Igralska zasedba:<\/strong> Mi\u0161a Geri\u010d \u0160pacapan, Ana Ra\u0161\u010dan, Zarja Pavlin in Martin Gerbec.<br \/>\n<strong>Avtorica besedila in re\u017eije:<\/strong> Mi\u0161a Geri\u010d \u0160pacapan<\/p>\n\n\t\t<style type=\"text\/css\">\n\t\t\t#gallery-1 {\n\t\t\t\tmargin: auto;\n\t\t\t}\n\t\t\t#gallery-1 .gallery-item {\n\t\t\t\tfloat: left;\n\t\t\t\tmargin-top: 10px;\n\t\t\t\ttext-align: center;\n\t\t\t\twidth: 16%;\n\t\t\t}\n\t\t\t#gallery-1 img {\n\t\t\t\tborder: 2px solid #cfcfcf;\n\t\t\t}\n\t\t\t#gallery-1 .gallery-caption {\n\t\t\t\tmargin-left: 0;\n\t\t\t}\n\t\t\t\/* see gallery_shortcode() in wp-includes\/media.php *\/\n\t\t<\/style>\n\t\t<div id='gallery-1' class='gallery galleryid-18107 gallery-columns-6 gallery-size-thumbnail'><dl class='gallery-item'>\n\t\t\t<dt class='gallery-icon landscape'>\n\t\t\t\t<a href='https:\/\/www1.kkl.si\/wp-content\/uploads\/2024\/07\/zebra0.jpg'><img loading=\"lazy\" decoding=\"async\" width=\"150\" height=\"150\" src=\"https:\/\/www1.kkl.si\/wp-content\/uploads\/2024\/07\/zebra0-150x150.jpg\" class=\"attachment-thumbnail size-thumbnail\" alt=\"\" srcset=\"https:\/\/www1.kkl.si\/wp-content\/uploads\/2024\/07\/zebra0-150x150.jpg 150w, https:\/\/www1.kkl.si\/wp-content\/uploads\/2024\/07\/zebra0-400x400.jpg 400w, https:\/\/www1.kkl.si\/wp-content\/uploads\/2024\/07\/zebra0.jpg 1000w\" sizes=\"auto, (max-width: 150px) 100vw, 150px\" \/><\/a>\n\t\t\t<\/dt><\/dl><dl class='gallery-item'>\n\t\t\t<dt class='gallery-icon landscape'>\n\t\t\t\t<a href='https:\/\/www1.kkl.si\/wp-content\/uploads\/2024\/07\/zebra1.jpg'><img loading=\"lazy\" decoding=\"async\" width=\"150\" height=\"150\" src=\"https:\/\/www1.kkl.si\/wp-content\/uploads\/2024\/07\/zebra1-150x150.jpg\" class=\"attachment-thumbnail size-thumbnail\" alt=\"\" srcset=\"https:\/\/www1.kkl.si\/wp-content\/uploads\/2024\/07\/zebra1-150x150.jpg 150w, https:\/\/www1.kkl.si\/wp-content\/uploads\/2024\/07\/zebra1-400x400.jpg 400w, https:\/\/www1.kkl.si\/wp-content\/uploads\/2024\/07\/zebra1.jpg 1000w\" sizes=\"auto, (max-width: 150px) 100vw, 150px\" \/><\/a>\n\t\t\t<\/dt><\/dl><dl class='gallery-item'>\n\t\t\t<dt class='gallery-icon landscape'>\n\t\t\t\t<a href='https:\/\/www1.kkl.si\/wp-content\/uploads\/2024\/07\/zebra2.jpg'><img loading=\"lazy\" decoding=\"async\" width=\"150\" height=\"150\" src=\"https:\/\/www1.kkl.si\/wp-content\/uploads\/2024\/07\/zebra2-150x150.jpg\" class=\"attachment-thumbnail size-thumbnail\" alt=\"\" srcset=\"https:\/\/www1.kkl.si\/wp-content\/uploads\/2024\/07\/zebra2-150x150.jpg 150w, https:\/\/www1.kkl.si\/wp-content\/uploads\/2024\/07\/zebra2-400x400.jpg 400w, https:\/\/www1.kkl.si\/wp-content\/uploads\/2024\/07\/zebra2.jpg 1000w\" sizes=\"auto, (max-width: 150px) 100vw, 150px\" \/><\/a>\n\t\t\t<\/dt><\/dl><dl class='gallery-item'>\n\t\t\t<dt class='gallery-icon landscape'>\n\t\t\t\t<a href='https:\/\/www1.kkl.si\/wp-content\/uploads\/2024\/07\/zebra3.jpg'><img loading=\"lazy\" decoding=\"async\" width=\"150\" height=\"150\" src=\"https:\/\/www1.kkl.si\/wp-content\/uploads\/2024\/07\/zebra3-150x150.jpg\" class=\"attachment-thumbnail size-thumbnail\" alt=\"\" srcset=\"https:\/\/www1.kkl.si\/wp-content\/uploads\/2024\/07\/zebra3-150x150.jpg 150w, https:\/\/www1.kkl.si\/wp-content\/uploads\/2024\/07\/zebra3-400x400.jpg 400w, https:\/\/www1.kkl.si\/wp-content\/uploads\/2024\/07\/zebra3.jpg 1000w\" sizes=\"auto, (max-width: 150px) 100vw, 150px\" \/><\/a>\n\t\t\t<\/dt><\/dl><dl class='gallery-item'>\n\t\t\t<dt class='gallery-icon landscape'>\n\t\t\t\t<a href='https:\/\/www1.kkl.si\/wp-content\/uploads\/2024\/07\/zebra4.jpg'><img loading=\"lazy\" decoding=\"async\" width=\"150\" height=\"150\" src=\"https:\/\/www1.kkl.si\/wp-content\/uploads\/2024\/07\/zebra4-150x150.jpg\" class=\"attachment-thumbnail size-thumbnail\" alt=\"\" srcset=\"https:\/\/www1.kkl.si\/wp-content\/uploads\/2024\/07\/zebra4-150x150.jpg 150w, https:\/\/www1.kkl.si\/wp-content\/uploads\/2024\/07\/zebra4-400x400.jpg 400w, https:\/\/www1.kkl.si\/wp-content\/uploads\/2024\/07\/zebra4.jpg 1000w\" sizes=\"auto, (max-width: 150px) 100vw, 150px\" \/><\/a>\n\t\t\t<\/dt><\/dl>\n\t\t\t<br style='clear: both' \/>\n\t\t<\/div>\n\n<\/div>\n<\/div>\n<hr \/>\n<p><i class=\"fas fa-link\"><\/i> <a href=\"https:\/\/www.miskinogledalisce.com\">https:\/\/www.miskinogledalisce.com<\/a><br \/>\n<i class=\"fas fa-link\"><\/i> <a href=\"https:\/\/miskinogledalisce.com\/zebra.html\">https:\/\/miskinogledalisce.com\/zebra.html<\/a><\/p>\n<hr \/>\n<p><span style=\"font-size: 10pt;\">Vse prireditve v sklopu Poletnega programa 2024 so brezpla\u010dne.<\/span><br \/>\n<span style=\"font-size: 10pt;\">Pridr\u017eujemo si pravico do spremembe programa.<\/span><\/p>\n","protected":false},"excerpt":{"rendered":"<p>sreda, 7. avgust 2024, ob 18.30 | letni oder Gledali\u0161ke in koncertne dvorane Lendava predstava za otroke 3+ Ogled prireditve je brezpla\u010den. V primeru slabega vremena bo prireditev potekala v dvorani. Organizator: Knji\u017enica \u2013 Kulturni center Lendava \u2013 Lendvai K\u00f6nyvt\u00e1r \u00e9s Kultur\u00e1lis K\u00f6zpont POLETNI LUTKOVNI PRISTAN LENDAVA 2024 \u2013 Mednarodni lutkovni festival Mi\u0161kino gledali\u0161\u010de (Slovenija): [&hellip;]<\/p>\n","protected":false},"author":2,"featured_media":18170,"parent":0,"menu_order":0,"comment_status":"closed","ping_status":"closed","template":"","meta":{"footnotes":""},"class_list":["post-18107","page","type-page","status-publish","has-post-thumbnail","hentry","post","post-with-thumbnail","post-with-thumbnail-icon"],"_links":{"self":[{"href":"https:\/\/www1.kkl.si\/sl\/wp-json\/wp\/v2\/pages\/18107","targetHints":{"allow":["GET"]}}],"collection":[{"href":"https:\/\/www1.kkl.si\/sl\/wp-json\/wp\/v2\/pages"}],"about":[{"href":"https:\/\/www1.kkl.si\/sl\/wp-json\/wp\/v2\/types\/page"}],"author":[{"embeddable":true,"href":"https:\/\/www1.kkl.si\/sl\/wp-json\/wp\/v2\/users\/2"}],"replies":[{"embeddable":true,"href":"https:\/\/www1.kkl.si\/sl\/wp-json\/wp\/v2\/comments?post=18107"}],"version-history":[{"count":14,"href":"https:\/\/www1.kkl.si\/sl\/wp-json\/wp\/v2\/pages\/18107\/revisions"}],"predecessor-version":[{"id":18175,"href":"https:\/\/www1.kkl.si\/sl\/wp-json\/wp\/v2\/pages\/18107\/revisions\/18175"}],"wp:featuredmedia":[{"embeddable":true,"href":"https:\/\/www1.kkl.si\/sl\/wp-json\/wp\/v2\/media\/18170"}],"wp:attachment":[{"href":"https:\/\/www1.kkl.si\/sl\/wp-json\/wp\/v2\/media?parent=18107"}],"curies":[{"name":"wp","href":"https:\/\/api.w.org\/{rel}","templated":true}]}}