{"id":18500,"date":"2024-08-15T15:43:28","date_gmt":"2024-08-15T13:43:28","guid":{"rendered":"https:\/\/www1.kkl.si\/?page_id=18500"},"modified":"2024-08-24T11:58:21","modified_gmt":"2024-08-24T09:58:21","slug":"festival-vinarium-2024-srbsko-novosadski-etno-vecer","status":"publish","type":"page","link":"https:\/\/www1.kkl.si\/sl\/festival-vinarium-2024-srbsko-novosadski-etno-vecer\/","title":{"rendered":"Festival Vinarium 2024: Srbsko \u2013 novosadski etno ve\u010der"},"content":{"rendered":"<div class=\"opis\"><i class=\"fas fa-clock\"><\/i> <strong>nedelja, 25. avgust 2024, od 18.00 naprej<\/strong> | letni oder Gledali\u0161ke in koncertne dvorane Lendava<img loading=\"lazy\" decoding=\"async\" class=\"alignright\" title=\"Brezpla\u010dna prireditev\" src=\"https:\/\/www1.kkl.si\/wp-content\/uploads\/2020\/07\/spored_simb_brezplacna-1.svg\" alt=\"brezplacna\" width=\"30\" height=\"30\" \/><br \/>\n<i class=\"fas fa-chevron-circle-right\"><\/i> <strong>glasba, kulinarika<\/strong> <br \/>\nOgled prireditve je brezpla\u010den. V primeru slabega vremena bo prireditev potekala v dvorani.<br \/>\nOrganizator etno ve\u010derov: <a href=\"http:\/\/ztr.si\/\">Zavod za turizem in razvoj Lendava<\/a><br \/>\nOrganizator prireditve: <a href=\"https:\/\/www.facebook.com\/p\/KTD-Novi-Sad-Lendava-100038549532698\/\">KTD Novi Sad<\/a> in <a href=\"https:\/\/www.facebook.com\/todpetisovci\/\">TOD Peti\u0161ovci<\/a><\/div>\n<p><span style=\"font-size: 18pt;\"><strong><a href=\"https:\/\/www1.kkl.si\/wp-content\/uploads\/2024\/08\/FV2024_srbski_etno_vecer_SLO_240821.png\" data-lbwps-width=\"1807\" data-lbwps-height=\"2539\" data-lbwps-srcsmall=\"https:\/\/www1.kkl.si\/wp-content\/uploads\/2024\/08\/FV2024_srbski_etno_vecer_SLO_240821-285x400.png\"><img loading=\"lazy\" decoding=\"async\" class=\"slika alignright wp-image-18672 size-medium\" src=\"https:\/\/www1.kkl.si\/wp-content\/uploads\/2024\/08\/FV2024_srbski_etno_vecer_SLO_240821-285x400.png\" alt=\"\" width=\"285\" height=\"400\" srcset=\"https:\/\/www1.kkl.si\/wp-content\/uploads\/2024\/08\/FV2024_srbski_etno_vecer_SLO_240821-285x400.png 285w, https:\/\/www1.kkl.si\/wp-content\/uploads\/2024\/08\/FV2024_srbski_etno_vecer_SLO_240821-1068x1500.png 1068w, https:\/\/www1.kkl.si\/wp-content\/uploads\/2024\/08\/FV2024_srbski_etno_vecer_SLO_240821.png 1807w\" sizes=\"auto, (max-width: 285px) 100vw, 285px\" \/><\/a>Srbski &#8211; novosadski etno ve\u010der<\/strong><\/span><\/p>\n<p>Program:<\/p>\n<ul>\n<li>Srbsko prosvetno dru\u0161tvo Nikola Tesla Postojna<\/li>\n<li>Srbsko kulturno dru\u0161tvo Sava Hrastnik &#8211; Etno skupina<\/li>\n<li>truba\u010di: Pivo in \u010devapi &#8211; Balkan bass band<\/li>\n<\/ul>\n<p><strong>Kulinarika: bogra\u010d, pasulj, langa\u0161<br \/>\n<\/strong><\/p>\n<hr \/>\n<p><span style=\"font-size: 14pt;\">Srbsko prosvetno dru\u0161tvo Nikola Tesla Postojna<\/span><\/p>\n<p><strong><a href=\"https:\/\/www1.kkl.si\/wp-content\/uploads\/2024\/08\/spd_nikola_tesla_srbsko.jpg\" data-lbwps-width=\"1131\" data-lbwps-height=\"531\" data-lbwps-srcsmall=\"https:\/\/www1.kkl.si\/wp-content\/uploads\/2024\/08\/spd_nikola_tesla_srbsko-400x188.jpg\"><img loading=\"lazy\" decoding=\"async\" class=\"size-medium wp-image-18504 alignright\" src=\"https:\/\/www1.kkl.si\/wp-content\/uploads\/2024\/08\/spd_nikola_tesla_srbsko-400x188.jpg\" alt=\"\" width=\"400\" height=\"188\" srcset=\"https:\/\/www1.kkl.si\/wp-content\/uploads\/2024\/08\/spd_nikola_tesla_srbsko-400x188.jpg 400w, https:\/\/www1.kkl.si\/wp-content\/uploads\/2024\/08\/spd_nikola_tesla_srbsko.jpg 1131w\" sizes=\"auto, (max-width: 400px) 100vw, 400px\" \/><\/a><\/strong>Manj\u0161a skupina Srbov, ki \u017ee vrsto let prebivajo v Postojni, je leta 1993 ustanovila takrat Kulturno-\u0161portno umetni\u0161ko dru\u0161tvo Nikola Tesla, ki so ga tri leta pozneje preimenovali v sedanje Srbsko prosvetno dru\u0161tvo Nikola Tesla. Dru\u0161tvo je iz leta v leto rastlo z v\u010dlanjevanjem mladih in starej\u0161ih in danes se lahko pohvalijo, da imajo registriranih \u017ee ve\u010d kot 200 \u010dlanov. \u017de od samega za\u010detka se trudijo predstavljati srbsko kulturo v pozitivni lu\u010di \u0161ir\u0161i javnosti, seveda ob spo\u0161tovanju slovenskega naroda in prostora v katerem \u017eivijo in delujejo. Pravzaprav je eden klju\u010dnih ciljev dru\u0161tva prav ohranjanje sodelovanja in prijateljstva med srbskim in slovenskim narodom.<\/p>\n<p>Njihova osnovna dejavnost so srbski folklorni plesi in tradicionalne pesmi s podro\u010dja Srbije ter Bosne in Hercegovine, njihov osnovni cilj pa je ohranjanje bogate dedi\u0161\u010dine in prena\u0161anje znanja na mlaj\u0161e generacije. \u017de vrsto let tako v dru\u0161tvu delujejo folklorne sekcije veteranov, mladincev in najmlaj\u0161ih, dramska, recitatorska in literarna sekcija ter mo\u0161ka pevska skupina. Zadnja leta so zelo prepoznavni po tradicionalnih ve\u010derih ljudskih pesmi in folklornih plesov, ki jih organizirajo v doma\u010di Postojni.<\/p>\n<p>Vsako leto zabele\u017eijo tudi ve\u010dje \u0161tevilo gostujo\u010dih nastopov pri sorodnih dru\u0161tvih v Sloveniji in drugih dr\u017eavah. Na vseh svojih gostovanjih promovirajo doma\u010do ob\u010dino Postojna, poudarjajo njene lepote in turisti\u010dne znamenitosti.<\/p>\n<p><span style=\"font-size: 10pt;\">Vir: <a href=\"https:\/\/www.postojna.si\/objava\/276011\">https:\/\/www.postojna.si\/objava\/276011<\/a><\/span><\/p>\n<hr \/>\n<p><strong>Srbsko kulturno dru\u0161tvo SAVA Hrastnik<\/strong><\/p>\n<p>Srbsko kulturno dru\u0161tvo SAVA Hrastnik, deluje od leta 1997 na ohranjanju tradicije, jezika in kulture srbskega naroda na podro\u010dju Republike Slovenije. Deluje na povezovanju slovenskega in srbskega naroda. \u010clani dru\u0161tva pripravljajo in sodelujejo pri predstavitvah tradicionalne srbske prehrane. Dru\u0161tvo je nosilec Bronastega priznanja Ob\u010dine Hrastnik iz 2017 na dru\u017ebenem podro\u010dju. Dru\u0161tvo \u017ee dve desetletji uspe\u0161no organiza tradicionalno prireditev Etno festival Hrastnik.<\/p>\n<p><span style=\"font-size: 10pt;\">Vir: <a href=\"https:\/\/funsterc.si\/ekipe\/srbsko-kulturno-drustvo-sava\/\">https:\/\/funsterc.si\/ekipe\/srbsko-kulturno-drustvo-sava\/<\/a><\/span><\/p>\n<p><strong><a href=\"https:\/\/www1.kkl.si\/wp-content\/uploads\/2024\/08\/skd_sava_hrastnik.jpg\" data-lbwps-width=\"960\" data-lbwps-height=\"640\" data-lbwps-srcsmall=\"https:\/\/www1.kkl.si\/wp-content\/uploads\/2024\/08\/skd_sava_hrastnik-400x267.jpg\"><img loading=\"lazy\" decoding=\"async\" class=\"alignleft wp-image-18676\" src=\"https:\/\/www1.kkl.si\/wp-content\/uploads\/2024\/08\/skd_sava_hrastnik-960x640.jpg\" alt=\"\" width=\"700\" height=\"467\" srcset=\"https:\/\/www1.kkl.si\/wp-content\/uploads\/2024\/08\/skd_sava_hrastnik.jpg 960w, https:\/\/www1.kkl.si\/wp-content\/uploads\/2024\/08\/skd_sava_hrastnik-400x267.jpg 400w\" sizes=\"auto, (max-width: 700px) 100vw, 700px\" \/><\/a><\/strong><\/p>\n<p><iframe loading=\"lazy\" style=\"border: none; overflow: hidden;\" src=\"https:\/\/www.facebook.com\/plugins\/video.php?height=476&amp;href=https%3A%2F%2Fwww.facebook.com%2Fzivaknjiznicazasavje%2Fvideos%2F1362808543819491%2F&amp;show_text=false&amp;width=267&amp;t=0\" width=\"267\" height=\"476\" frameborder=\"0\" scrolling=\"no\" allowfullscreen=\"allowfullscreen\"><\/iframe><\/p>\n<hr \/>\n<p><img loading=\"lazy\" decoding=\"async\" class=\"alignnone size-large wp-image-18501\" src=\"https:\/\/www1.kkl.si\/wp-content\/uploads\/2024\/08\/banner_Festival_vinarium_2024_slo-1500x394.jpg\" alt=\"\" width=\"1500\" height=\"394\" srcset=\"https:\/\/www1.kkl.si\/wp-content\/uploads\/2024\/08\/banner_Festival_vinarium_2024_slo-1500x394.jpg 1500w, https:\/\/www1.kkl.si\/wp-content\/uploads\/2024\/08\/banner_Festival_vinarium_2024_slo-400x105.jpg 400w, https:\/\/www1.kkl.si\/wp-content\/uploads\/2024\/08\/banner_Festival_vinarium_2024_slo.jpg 1903w\" sizes=\"auto, (max-width: 1500px) 100vw, 1500px\" \/><\/p>\n<p><span style=\"font-size: 18pt;\"><strong>Etno ve\u010deri v sklopu Festivala Vinarium 2024<\/strong><\/span><\/p>\n<p><strong>25. 8. \u2013 29. 8. 2024, od 18.00 naprej<\/strong><\/p>\n<p>Zadnji dnevi avgusta pri\u010darajo prav posebno vzdu\u0161je na letnem odru, kjer je vsak ve\u010der posve\u010den eni narodnosti oziroma manj\u0161ini.<br \/>\nPrisluhnite ljudskim napevom v sodobnih izvedbah, glasbeni dedi\u0161\u010dini in plesu ter ob tem okusite tudi narodnostno obarvano kulinariko.<\/p>\n<p><span style=\"font-size: 10pt;\">Organizator etno ve\u010derov: <a href=\"http:\/\/ztr.si\/\">Zavod za turizem in razvoj Lendava<\/a> v sodelovanju z dru\u0161tvi in drugimi zavodi<\/span><\/p>\n<hr \/>\n<p><i class=\"fas fa-link\"><\/i> <a href=\"https:\/\/lendava-lendva.si\/\">https:\/\/lendava-lendva.si\/<\/a><br \/>\n<i class=\"fas fa-link\"><\/i> <a href=\"https:\/\/lendava-lendva.si\/dogodki\/festivalvinarium\">https:\/\/lendava-lendva.si\/dogodki\/festivalvinarium<\/a><br \/>\n<i class=\"fas fa-link\"><\/i> <a href=\"https:\/\/www.lendava.si\/\">https:\/\/www.lendava.si\/<\/a><\/p>\n<hr \/>\n<p><span style=\"font-size: 10pt;\">Vse prireditve v sklopu Festivala Vinarium 2024 so brezpla\u010dne.<\/span><br \/>\n<span style=\"font-size: 10pt;\">Pridr\u017eujemo si pravico do spremembe programa.<\/span><\/p>\n","protected":false},"excerpt":{"rendered":"<p>nedelja, 25. avgust 2024, od 18.00 naprej | letni oder Gledali\u0161ke in koncertne dvorane Lendava glasba, kulinarika Ogled prireditve je brezpla\u010den. V primeru slabega vremena bo prireditev potekala v dvorani. Organizator etno ve\u010derov: Zavod za turizem in razvoj Lendava Organizator prireditve: KTD Novi Sad in TOD Peti\u0161ovci Srbski &#8211; novosadski etno ve\u010der Program: Srbsko prosvetno [&hellip;]<\/p>\n","protected":false},"author":2,"featured_media":18672,"parent":0,"menu_order":0,"comment_status":"closed","ping_status":"closed","template":"","meta":{"footnotes":""},"class_list":["post-18500","page","type-page","status-publish","has-post-thumbnail","hentry","post","post-with-thumbnail","post-with-thumbnail-icon"],"_links":{"self":[{"href":"https:\/\/www1.kkl.si\/sl\/wp-json\/wp\/v2\/pages\/18500","targetHints":{"allow":["GET"]}}],"collection":[{"href":"https:\/\/www1.kkl.si\/sl\/wp-json\/wp\/v2\/pages"}],"about":[{"href":"https:\/\/www1.kkl.si\/sl\/wp-json\/wp\/v2\/types\/page"}],"author":[{"embeddable":true,"href":"https:\/\/www1.kkl.si\/sl\/wp-json\/wp\/v2\/users\/2"}],"replies":[{"embeddable":true,"href":"https:\/\/www1.kkl.si\/sl\/wp-json\/wp\/v2\/comments?post=18500"}],"version-history":[{"count":19,"href":"https:\/\/www1.kkl.si\/sl\/wp-json\/wp\/v2\/pages\/18500\/revisions"}],"predecessor-version":[{"id":18686,"href":"https:\/\/www1.kkl.si\/sl\/wp-json\/wp\/v2\/pages\/18500\/revisions\/18686"}],"wp:featuredmedia":[{"embeddable":true,"href":"https:\/\/www1.kkl.si\/sl\/wp-json\/wp\/v2\/media\/18672"}],"wp:attachment":[{"href":"https:\/\/www1.kkl.si\/sl\/wp-json\/wp\/v2\/media?parent=18500"}],"curies":[{"name":"wp","href":"https:\/\/api.w.org\/{rel}","templated":true}]}}