{"id":18547,"date":"2024-08-17T09:55:58","date_gmt":"2024-08-17T07:55:58","guid":{"rendered":"https:\/\/www1.kkl.si\/?page_id=18547"},"modified":"2024-08-23T16:41:58","modified_gmt":"2024-08-23T14:41:58","slug":"festival-vinarium-2024-hrvaski-etno-vecer-medzimurje-kak-si-lepo-zeleno","status":"publish","type":"page","link":"https:\/\/www1.kkl.si\/sl\/festival-vinarium-2024-hrvaski-etno-vecer-medzimurje-kak-si-lepo-zeleno\/","title":{"rendered":"Festival Vinarium 2024: Hrva\u0161ki etno ve\u010der &#8211; \u00bbMed\u017eimurje kak si lepo zeleno\u00ab"},"content":{"rendered":"<div class=\"opis\"><i class=\"fas fa-clock\"><\/i> <strong>sreda, 28. avgust 2024, od 18.00 naprej<\/strong> | letni oder Gledali\u0161ke in koncertne dvorane Lendava<img loading=\"lazy\" decoding=\"async\" class=\"alignright\" title=\"Brezpla\u010dna prireditev\" src=\"https:\/\/www1.kkl.si\/wp-content\/uploads\/2020\/07\/spored_simb_brezplacna-1.svg\" alt=\"brezplacna\" width=\"30\" height=\"30\" \/><br \/>\n<i class=\"fas fa-chevron-circle-right\"><\/i> <strong>glasba, kulinarika<\/strong> <br \/>\nOgled prireditve je brezpla\u010den. V primeru slabega vremena bo prireditev potekala v dvorani.<br \/>\nOrganizator etno ve\u010derov: <a href=\"http:\/\/ztr.si\/\">Zavod za turizem in razvoj Lendava<\/a><br \/>\nOrganizator prireditve: <a href=\"https:\/\/hkd-pomurje.si\/\">HKD Pomurje<\/a><\/div>\n<p><span style=\"font-size: 18pt;\"><strong><a href=\"https:\/\/www1.kkl.si\/wp-content\/uploads\/2024\/08\/hrvaski_etno_vecer_2024.jpg\" data-lbwps-width=\"924\" data-lbwps-height=\"643\" data-lbwps-srcsmall=\"https:\/\/www1.kkl.si\/wp-content\/uploads\/2024\/08\/hrvaski_etno_vecer_2024-400x278.jpg\"><img loading=\"lazy\" decoding=\"async\" class=\"alignright size-medium wp-image-18548\" src=\"https:\/\/www1.kkl.si\/wp-content\/uploads\/2024\/08\/hrvaski_etno_vecer_2024-400x278.jpg\" alt=\"\" width=\"400\" height=\"278\" srcset=\"https:\/\/www1.kkl.si\/wp-content\/uploads\/2024\/08\/hrvaski_etno_vecer_2024-400x278.jpg 400w, https:\/\/www1.kkl.si\/wp-content\/uploads\/2024\/08\/hrvaski_etno_vecer_2024.jpg 924w\" sizes=\"auto, (max-width: 400px) 100vw, 400px\" \/><\/a>Hrva\u0161ki etno ve\u010der: <br \/>\n\u00bbMed\u017eimurje kak si lepo zeleno\u00ab<\/strong><\/span><\/p>\n<p>Program:<\/p>\n<ul>\n<li>Etno duo Goga in \u017deljko<\/li>\n<li>Leonardo in Lucijan Raich<\/li>\n<li>\u017dupanijski tambura\u0161ki orkester<\/li>\n<li>\u201cStjepan Bujan &#8211; Stipi\u0107\u201d \u010cakovec<\/li>\n<li>\u017denska vokalna skupina KUU Veseli Me\u0111imurci \u010cakovec<\/li>\n<\/ul>\n<p><strong>Kulinarika: jadranske ribe<\/strong><\/p>\n<p><em>Prisr\u010dno vabljeni.<\/em><\/p>\n<hr \/>\n<p><a href=\"https:\/\/www1.kkl.si\/wp-content\/uploads\/2024\/08\/hrvaski4.jpg\" data-lbwps-width=\"1000\" data-lbwps-height=\"600\" data-lbwps-srcsmall=\"https:\/\/www1.kkl.si\/wp-content\/uploads\/2024\/08\/hrvaski4-400x240.jpg\"><img loading=\"lazy\" decoding=\"async\" class=\"alignright size-thumbnail wp-image-18560\" src=\"https:\/\/www1.kkl.si\/wp-content\/uploads\/2024\/08\/hrvaski4-150x150.jpg\" alt=\"\" width=\"150\" height=\"150\" \/><\/a>Znani <strong>Etno duo Goga in \u017deljko<\/strong> danes veljata za varuha hrva\u0161ke glasbene kulturne dedi\u0161\u010dine.<\/p>\n<p>Pevka iz Vara\u017edina, ki je svojo vokalno usmeritev vedno bolj na\u0161la v narodnozabavni glasbi, s katero je rasla \u017ee od malih nog, in vsestranski glasbenik iz Ma\u010dkovca, prav tako profiliran v tej zvrsti glasbe, sta poleti 2013 za\u010dela skupno glasbeno pot.<\/p>\n<p>\u017deljko Grahovec se je odlo\u010dil del izvirnih ljudskih pesmi, ki jih je Gordana Lach skozi leta zbrala po zagorskih in med\u017eimurskih vaseh, osve\u017eiti z novimi sodobnimi priredbami in jim dati duh \u010dasa, v katerem \u017eivimo.<\/p>\n<hr \/>\n<p><strong><a href=\"https:\/\/www1.kkl.si\/wp-content\/uploads\/2024\/08\/hrvaski2.jpg\" data-lbwps-width=\"1424\" data-lbwps-height=\"2048\" data-lbwps-srcsmall=\"https:\/\/www1.kkl.si\/wp-content\/uploads\/2024\/08\/hrvaski2-278x400.jpg\"><img loading=\"lazy\" decoding=\"async\" class=\"size-thumbnail wp-image-18554 alignright\" src=\"https:\/\/www1.kkl.si\/wp-content\/uploads\/2024\/08\/hrvaski2-150x150.jpg\" alt=\"\" width=\"150\" height=\"150\" \/><\/a>Brata Leonardo in Lucijan Reich<\/strong> sta fanta s Slemenic, ki so \u010dlani KUD-u \u017di\u0161kovec.<\/p>\n<p>Igrajo in\u0161trument saksofon, trobento v razli\u010dnih glasbenih zvrsteh, najbolj pa u\u017eivajo v interpretacijah tradicionalnih med\u017eimurskih pesmi.<\/p>\n<p>Predstavili se bodo z nekaj pesmimi: Nocturno (Oliver Dragojevi\u0107), \u0160est let mi je minulo (Med\u017eimurska ljudska), Valcer mix- Katru\u017ee &#8211; Nacoj je ena- La musica di note, Cesarica (Oliver Dragojevi\u0107).<\/p>\n<hr \/>\n<p><strong>\u017dupanijski tambura\u0161ki orkestar &#8220;Stjepan Bujan-Stipi\u0107&#8221; \u010cakovec<\/strong><\/p>\n<p>Tambura\u0161ki orkester \u017eupanije Stjepan Bujan &#8211; Stipi\u0107 je s \u0161tevilnimi nastopi po vsej Hrva\u0161ki in izven njenih meja postal resni\u010dno prepoznaven predstavnik tambura\u0161ke glasbe.<\/p>\n<p>Od prvih nastopov na razli\u010dnih prireditvah do danes je orkester dosegal res vidne uspehe na dr\u017eavnih in mednarodnih tekmovanjih in prireditvah, tako je na Mednarodnem tekmovanju tambura\u0161kih orkestrov in ansamblov v Osijeku orkester do sedaj osvojil deset zlatih, eno srebrno, tri bronaste plakete in zlato plaketo \u00bbTambura Pajo Kolari\u0107\u00ab z najve\u010djo pohvalo.<\/p>\n<p>V zadnjih letih je orkester dosegel vidne uspehe na Sre\u010danjih tambura\u0161kih orkestrov in ansamblov v organizaciji Hrva\u0161kega sabora kulture, tako da se lahko pohvali s tremi tretjimi nagradami v kategoriji koncertnih orkestrov, prvo nagrado za najbolj\u0161o izvedbo delo v izdaji Hrva\u0161kega sabora kulture, zlato plaketo v kategoriji koncertnih orkestrov, prvo nagrado v kategoriji koncertnih orkestrov in nagrado grand prix za najbolje ocenjeni orkester ter je bila uvr\u0161\u010dena v program Razglednice kulturnih in Umetni\u0161ki amaterizem, najbolj reprezentativna manifestacija kulturnega umetni\u0161kega amaterizma na Hrva\u0161kem.<\/p>\n<p>Na mestu strokovnega vodje je dirigentsko palico zdaj v rokah profesorja Tomislava Cvrtile.<\/p>\n<p><a href=\"https:\/\/www1.kkl.si\/wp-content\/uploads\/2024\/08\/hrvaski1.jpg\" data-lbwps-width=\"2048\" data-lbwps-height=\"1367\" data-lbwps-srcsmall=\"https:\/\/www1.kkl.si\/wp-content\/uploads\/2024\/08\/hrvaski1-400x267.jpg\"><img loading=\"lazy\" decoding=\"async\" class=\"alignnone size-large wp-image-18551\" src=\"https:\/\/www1.kkl.si\/wp-content\/uploads\/2024\/08\/hrvaski1-1500x1001.jpg\" alt=\"\" width=\"1500\" height=\"1001\" srcset=\"https:\/\/www1.kkl.si\/wp-content\/uploads\/2024\/08\/hrvaski1-1500x1001.jpg 1500w, https:\/\/www1.kkl.si\/wp-content\/uploads\/2024\/08\/hrvaski1-400x267.jpg 400w, https:\/\/www1.kkl.si\/wp-content\/uploads\/2024\/08\/hrvaski1.jpg 2048w\" sizes=\"auto, (max-width: 1500px) 100vw, 1500px\" \/><\/a><\/p>\n<hr \/>\n<p><strong><a href=\"https:\/\/www1.kkl.si\/wp-content\/uploads\/2024\/08\/hrvaski3.jpg\" data-lbwps-width=\"960\" data-lbwps-height=\"791\" data-lbwps-srcsmall=\"https:\/\/www1.kkl.si\/wp-content\/uploads\/2024\/08\/hrvaski3-400x330.jpg\"><img loading=\"lazy\" decoding=\"async\" class=\"alignright wp-image-18557 size-thumbnail\" src=\"https:\/\/www1.kkl.si\/wp-content\/uploads\/2024\/08\/hrvaski3-150x150.jpg\" alt=\"\" width=\"150\" height=\"150\" \/><\/a>\u017denska vokalna skupina KUU Veseli Me\u0111imurci \u010cakovec<\/strong><br \/>\nNadarjena \u017eenska vokalna skupina je dolgoletna nosilka glasbenega izro\u010dila in prepoznavna po svojih \u010dustvenih in pristnih nastopih, ki vedno pritegnejo \u0161iroko ob\u010dinstvo, ne glede na starost.<\/p>\n<p>Njihova strast do glasbe se odra\u017ea v vsaki noti in ustvarja posebno izku\u0161njo.<\/p>\n<hr \/>\n<p><iframe loading=\"lazy\" title=\"Komaj \u010dekam da nedelja dojde-Etno duo Goga i \u017deljko\" width=\"720\" height=\"405\" src=\"https:\/\/www.youtube.com\/embed\/xb96vUFK0GE?feature=oembed\" frameborder=\"0\" allow=\"accelerometer; autoplay; clipboard-write; encrypted-media; gyroscope; picture-in-picture; web-share\" referrerpolicy=\"strict-origin-when-cross-origin\" allowfullscreen><\/iframe><\/p>\n<p><iframe loading=\"lazy\" title=\"DRUMARAC IZ ANTINA - \u017dENSKA VOKALNA SKUPINA KUU \u201eVESELI ME\u0110IMURCI\u201c \u010cAKOVEC\" width=\"720\" height=\"405\" src=\"https:\/\/www.youtube.com\/embed\/Ghxpbdk9AIc?feature=oembed\" frameborder=\"0\" allow=\"accelerometer; autoplay; clipboard-write; encrypted-media; gyroscope; picture-in-picture; web-share\" referrerpolicy=\"strict-origin-when-cross-origin\" allowfullscreen><\/iframe><\/p>\n<p><iframe loading=\"lazy\" title=\"\u017dupanijski tambura\u0161ki orkestar \u201eStjepan Bujan-Stipi\u0107\u201c, \u010cakovec\" width=\"720\" height=\"405\" src=\"https:\/\/www.youtube.com\/embed\/6ygzdKIfUa4?feature=oembed\" frameborder=\"0\" allow=\"accelerometer; autoplay; clipboard-write; encrypted-media; gyroscope; picture-in-picture; web-share\" referrerpolicy=\"strict-origin-when-cross-origin\" allowfullscreen><\/iframe><\/p>\n<p><i class=\"fas fa-link\"><\/i> <a href=\"https:\/\/www.facebook.com\/share\/FFUBBZ8qMYrSDx4J\/\">https:\/\/www.facebook.com\/share\/FFUBBZ8qMYrSDx4J\/<\/a><\/p>\n<hr \/>\n<p><img loading=\"lazy\" decoding=\"async\" class=\"alignnone size-large wp-image-18501\" src=\"https:\/\/www1.kkl.si\/wp-content\/uploads\/2024\/08\/banner_Festival_vinarium_2024_slo-1500x394.jpg\" alt=\"\" width=\"1500\" height=\"394\" srcset=\"https:\/\/www1.kkl.si\/wp-content\/uploads\/2024\/08\/banner_Festival_vinarium_2024_slo-1500x394.jpg 1500w, https:\/\/www1.kkl.si\/wp-content\/uploads\/2024\/08\/banner_Festival_vinarium_2024_slo-400x105.jpg 400w, https:\/\/www1.kkl.si\/wp-content\/uploads\/2024\/08\/banner_Festival_vinarium_2024_slo.jpg 1903w\" sizes=\"auto, (max-width: 1500px) 100vw, 1500px\" \/><\/p>\n<p><span style=\"font-size: 18pt;\"><strong>Etno ve\u010deri v sklopu Festivala Vinarium 2024<\/strong><\/span><\/p>\n<p><strong>25. 8. \u2013 29. 8. 2024, od 18.00 naprej<\/strong><\/p>\n<p>Zadnji dnevi avgusta pri\u010darajo prav posebno vzdu\u0161je na letnem odru, kjer je vsak ve\u010der posve\u010den eni narodnosti oziroma manj\u0161ini.<br \/>\nPrisluhnite ljudskim napevom v sodobnih izvedbah, glasbeni dedi\u0161\u010dini in plesu ter ob tem okusite tudi narodnostno obarvano kulinariko.<\/p>\n<p><span style=\"font-size: 10pt;\">Organizator etno ve\u010derov: <a href=\"http:\/\/ztr.si\/\">Zavod za turizem in razvoj Lendava<\/a> v sodelovanju z dru\u0161tvi in drugimi zavodi<\/span><\/p>\n<hr \/>\n<p><i class=\"fas fa-link\"><\/i> <a href=\"https:\/\/lendava-lendva.si\/\">https:\/\/lendava-lendva.si\/<\/a><br \/>\n<i class=\"fas fa-link\"><\/i> <a href=\"https:\/\/lendava-lendva.si\/dogodki\/festivalvinarium\">https:\/\/lendava-lendva.si\/dogodki\/festivalvinarium<\/a><br \/>\n<i class=\"fas fa-link\"><\/i> <a href=\"https:\/\/www.lendava.si\/\">https:\/\/www.lendava.si\/<\/a><\/p>\n<hr \/>\n<p><span style=\"font-size: 10pt;\">Vse prireditve v sklopu Festivala Vinarium 2024 so brezpla\u010dne.<\/span><br \/>\n<span style=\"font-size: 10pt;\">Pridr\u017eujemo si pravico do spremembe programa.<\/span><\/p>\n","protected":false},"excerpt":{"rendered":"<p>sreda, 28. avgust 2024, od 18.00 naprej | letni oder Gledali\u0161ke in koncertne dvorane Lendava glasba, kulinarika Ogled prireditve je brezpla\u010den. V primeru slabega vremena bo prireditev potekala v dvorani. Organizator etno ve\u010derov: Zavod za turizem in razvoj Lendava Organizator prireditve: HKD Pomurje Hrva\u0161ki etno ve\u010der: \u00bbMed\u017eimurje kak si lepo zeleno\u00ab Program: Etno duo Goga [&hellip;]<\/p>\n","protected":false},"author":2,"featured_media":18548,"parent":0,"menu_order":0,"comment_status":"closed","ping_status":"closed","template":"","meta":{"footnotes":""},"class_list":["post-18547","page","type-page","status-publish","has-post-thumbnail","hentry","post","post-with-thumbnail","post-with-thumbnail-icon"],"_links":{"self":[{"href":"https:\/\/www1.kkl.si\/sl\/wp-json\/wp\/v2\/pages\/18547","targetHints":{"allow":["GET"]}}],"collection":[{"href":"https:\/\/www1.kkl.si\/sl\/wp-json\/wp\/v2\/pages"}],"about":[{"href":"https:\/\/www1.kkl.si\/sl\/wp-json\/wp\/v2\/types\/page"}],"author":[{"embeddable":true,"href":"https:\/\/www1.kkl.si\/sl\/wp-json\/wp\/v2\/users\/2"}],"replies":[{"embeddable":true,"href":"https:\/\/www1.kkl.si\/sl\/wp-json\/wp\/v2\/comments?post=18547"}],"version-history":[{"count":17,"href":"https:\/\/www1.kkl.si\/sl\/wp-json\/wp\/v2\/pages\/18547\/revisions"}],"predecessor-version":[{"id":18671,"href":"https:\/\/www1.kkl.si\/sl\/wp-json\/wp\/v2\/pages\/18547\/revisions\/18671"}],"wp:featuredmedia":[{"embeddable":true,"href":"https:\/\/www1.kkl.si\/sl\/wp-json\/wp\/v2\/media\/18548"}],"wp:attachment":[{"href":"https:\/\/www1.kkl.si\/sl\/wp-json\/wp\/v2\/media?parent=18547"}],"curies":[{"name":"wp","href":"https:\/\/api.w.org\/{rel}","templated":true}]}}