{"id":18570,"date":"2024-08-17T10:26:23","date_gmt":"2024-08-17T08:26:23","guid":{"rendered":"https:\/\/www1.kkl.si\/?page_id=18570"},"modified":"2024-08-19T17:31:30","modified_gmt":"2024-08-19T15:31:30","slug":"festival-vinarium-2024-romski-etno-vecer","status":"publish","type":"page","link":"https:\/\/www1.kkl.si\/sl\/festival-vinarium-2024-romski-etno-vecer\/","title":{"rendered":"Festival Vinarium 2024: Romski etno ve\u010der"},"content":{"rendered":"<div><a href=\"https:\/\/www1.kkl.si\/wp-content\/uploads\/2024\/08\/Romski_etno_vecer_2024.jpg\" data-lbwps-width=\"1920\" data-lbwps-height=\"1080\" data-lbwps-srcsmall=\"https:\/\/www1.kkl.si\/wp-content\/uploads\/2024\/08\/Romski_etno_vecer_2024-400x225.jpg\"><img loading=\"lazy\" decoding=\"async\" class=\"alignnone size-large wp-image-18635\" src=\"https:\/\/www1.kkl.si\/wp-content\/uploads\/2024\/08\/Romski_etno_vecer_2024-1500x844.jpg\" alt=\"\" width=\"1500\" height=\"844\" srcset=\"https:\/\/www1.kkl.si\/wp-content\/uploads\/2024\/08\/Romski_etno_vecer_2024-1500x844.jpg 1500w, https:\/\/www1.kkl.si\/wp-content\/uploads\/2024\/08\/Romski_etno_vecer_2024-400x225.jpg 400w, https:\/\/www1.kkl.si\/wp-content\/uploads\/2024\/08\/Romski_etno_vecer_2024.jpg 1920w\" sizes=\"auto, (max-width: 1500px) 100vw, 1500px\" \/><\/a><\/div>\n<div class=\"opis\"><i class=\"fas fa-clock\"><\/i> <strong>\u010detrtek, 29. avgust 2024, od 18.00 naprej<\/strong> | letni oder Gledali\u0161ke in koncertne dvorane Lendava<img loading=\"lazy\" decoding=\"async\" class=\"alignright\" title=\"Brezpla\u010dna prireditev\" src=\"https:\/\/www1.kkl.si\/wp-content\/uploads\/2020\/07\/spored_simb_brezplacna-1.svg\" alt=\"brezplacna\" width=\"30\" height=\"30\" \/><br \/>\n<i class=\"fas fa-chevron-circle-right\"><\/i> <strong>glasba, kulinarika<\/strong> <br \/>\nOgled prireditve je brezpla\u010den. V primeru slabega vremena bo prireditev potekala v dvorani.<br \/>\nOrganizator etno ve\u010derov: <a href=\"http:\/\/ztr.si\/\">Zavod za turizem in razvoj Lendava<\/a><br \/>\nOrganizator prireditve: Romsko kulturno dru\u0161tvo Romnji<\/div>\n<p><span style=\"font-size: 18pt;\"><strong>Romski etno ve\u010der<\/strong><\/span><\/p>\n<ul>\n<li>Koncert Romano Glauso<\/li>\n<li>\u00bb\u0160loganje\u00ab<\/li>\n<\/ul>\n<p><strong>Kulinarika: ciganski bogra\u010d in langa\u0161<\/strong><\/p>\n<hr \/>\n<p><span style=\"font-size: 18pt;\">Pridru\u017eite se nam na Romskem etno ve\u010deru!\u00a0<\/span><\/p>\n<p>Romsko kulturno dru\u0161tvo Romnji vas vabi na Romski etno ve\u010der, ki bo 29. 8. 2024 ob 18.00.\u00a0\u00a0Pripravili smo glasbeno do\u017eivetje z nastopom skupine Romano Glauso, ki vas bo popeljala v svet romske glasbe.\u00a0<\/p>\n<p>Poleg tega bomo priredili tudi \u0161loganje iz ciganskih kart, kjer boste lahko izvedeli kaj ve\u010d o svoji prihodnosti.\u00a0<\/p>\n<p>Poskrbljeno bo tudi za va\u0161e brbon\u010dice! Da bo ve\u010der popoln, bomo postregli s ciganskim bogra\u010dem in lango\u0161em.\u00a0<\/p>\n<p>Ne zamudite te edinstvene prilo\u017enosti za dru\u017eenje, glasbo in okusne jedi! Pridite in praznujte z nami!<\/p>\n<p><i class=\"fas fa-calendar-alt\"><\/i> Datum: <strong>29. 8. 2024<\/strong><br \/>\n<i class=\"fas fa-clock\"><\/i> \u010cas: <strong>18.00<\/strong><br \/>\n<i class=\"fas fa-map-marker-alt\"><\/i> Kje: <strong>letni oder gledali\u0161ke in koncertne dvorane<\/strong><\/p>\n<p>Vstop je prost!<\/p>\n<p><em>Prisr\u010dno vabljeni.<\/em><\/p>\n<p><iframe loading=\"lazy\" title=\"ROMANO GLAUSO IN SA\u0160A DEBELJAK -  HEGEDUVA\" width=\"720\" height=\"405\" src=\"https:\/\/www.youtube.com\/embed\/3ZVz6wYF8_Q?feature=oembed\" frameborder=\"0\" allow=\"accelerometer; autoplay; clipboard-write; encrypted-media; gyroscope; picture-in-picture; web-share\" referrerpolicy=\"strict-origin-when-cross-origin\" allowfullscreen><\/iframe><\/p>\n<p><iframe loading=\"lazy\" title=\"Romano Glauso in Sa\u0161a Debeljak  -  Shoha\" width=\"720\" height=\"405\" src=\"https:\/\/www.youtube.com\/embed\/Oy5_QmgFxCw?feature=oembed\" frameborder=\"0\" allow=\"accelerometer; autoplay; clipboard-write; encrypted-media; gyroscope; picture-in-picture; web-share\" referrerpolicy=\"strict-origin-when-cross-origin\" allowfullscreen><\/iframe><\/p>\n<p><i class=\"fas fa-play-circle\"><\/i> <a href=\"https:\/\/www.youtube.com\/@romanoglauso3210\">https:\/\/www.youtube.com\/@romanoglauso3210<\/a><\/p>\n<hr \/>\n<p><img loading=\"lazy\" decoding=\"async\" class=\"alignnone size-large wp-image-18501\" src=\"https:\/\/www1.kkl.si\/wp-content\/uploads\/2024\/08\/banner_Festival_vinarium_2024_slo-1500x394.jpg\" alt=\"\" width=\"1500\" height=\"394\" srcset=\"https:\/\/www1.kkl.si\/wp-content\/uploads\/2024\/08\/banner_Festival_vinarium_2024_slo-1500x394.jpg 1500w, https:\/\/www1.kkl.si\/wp-content\/uploads\/2024\/08\/banner_Festival_vinarium_2024_slo-400x105.jpg 400w, https:\/\/www1.kkl.si\/wp-content\/uploads\/2024\/08\/banner_Festival_vinarium_2024_slo.jpg 1903w\" sizes=\"auto, (max-width: 1500px) 100vw, 1500px\" \/><\/p>\n<p><span style=\"font-size: 18pt;\"><strong>Etno ve\u010deri v sklopu Festivala Vinarium 2024<\/strong><\/span><\/p>\n<p><strong>25. 8. \u2013 29. 8. 2024, od 18.00 naprej<\/strong><\/p>\n<p>Zadnji dnevi avgusta pri\u010darajo prav posebno vzdu\u0161je na letnem odru, kjer je vsak ve\u010der posve\u010den eni narodnosti oziroma manj\u0161ini.<br \/>\nPrisluhnite ljudskim napevom v sodobnih izvedbah, glasbeni dedi\u0161\u010dini in plesu ter ob tem okusite tudi narodnostno obarvano kulinariko.<\/p>\n<p><span style=\"font-size: 10pt;\">Organizator etno ve\u010derov: <a href=\"http:\/\/ztr.si\/\">Zavod za turizem in razvoj Lendava<\/a> v sodelovanju z dru\u0161tvi in drugimi zavodi<\/span><\/p>\n<hr \/>\n<p><i class=\"fas fa-link\"><\/i> <a href=\"https:\/\/lendava-lendva.si\/\">https:\/\/lendava-lendva.si\/<\/a><br \/>\n<i class=\"fas fa-link\"><\/i> <a href=\"https:\/\/lendava-lendva.si\/dogodki\/festivalvinarium\">https:\/\/lendava-lendva.si\/dogodki\/festivalvinarium<\/a><br \/>\n<i class=\"fas fa-link\"><\/i> <a href=\"https:\/\/www.lendava.si\/\">https:\/\/www.lendava.si\/<\/a><\/p>\n<hr \/>\n<p><span style=\"font-size: 10pt;\">Vse prireditve v sklopu Festivala Vinarium 2024 so brezpla\u010dne.<\/span><br \/>\n<span style=\"font-size: 10pt;\">Pridr\u017eujemo si pravico do spremembe programa.<\/span><\/p>\n","protected":false},"excerpt":{"rendered":"<p>\u010detrtek, 29. avgust 2024, od 18.00 naprej | letni oder Gledali\u0161ke in koncertne dvorane Lendava glasba, kulinarika Ogled prireditve je brezpla\u010den. V primeru slabega vremena bo prireditev potekala v dvorani. Organizator etno ve\u010derov: Zavod za turizem in razvoj Lendava Organizator prireditve: Romsko kulturno dru\u0161tvo Romnji Romski etno ve\u010der Koncert Romano Glauso \u00bb\u0160loganje\u00ab Kulinarika: ciganski bogra\u010d [&hellip;]<\/p>\n","protected":false},"author":2,"featured_media":0,"parent":0,"menu_order":0,"comment_status":"closed","ping_status":"closed","template":"","meta":{"footnotes":""},"class_list":["post-18570","page","type-page","status-publish","hentry","post"],"_links":{"self":[{"href":"https:\/\/www1.kkl.si\/sl\/wp-json\/wp\/v2\/pages\/18570","targetHints":{"allow":["GET"]}}],"collection":[{"href":"https:\/\/www1.kkl.si\/sl\/wp-json\/wp\/v2\/pages"}],"about":[{"href":"https:\/\/www1.kkl.si\/sl\/wp-json\/wp\/v2\/types\/page"}],"author":[{"embeddable":true,"href":"https:\/\/www1.kkl.si\/sl\/wp-json\/wp\/v2\/users\/2"}],"replies":[{"embeddable":true,"href":"https:\/\/www1.kkl.si\/sl\/wp-json\/wp\/v2\/comments?post=18570"}],"version-history":[{"count":10,"href":"https:\/\/www1.kkl.si\/sl\/wp-json\/wp\/v2\/pages\/18570\/revisions"}],"predecessor-version":[{"id":18648,"href":"https:\/\/www1.kkl.si\/sl\/wp-json\/wp\/v2\/pages\/18570\/revisions\/18648"}],"wp:attachment":[{"href":"https:\/\/www1.kkl.si\/sl\/wp-json\/wp\/v2\/media?parent=18570"}],"curies":[{"name":"wp","href":"https:\/\/api.w.org\/{rel}","templated":true}]}}