{"id":18880,"date":"2024-08-31T09:24:33","date_gmt":"2024-08-31T07:24:33","guid":{"rendered":"https:\/\/www1.kkl.si\/?page_id=18880"},"modified":"2024-09-19T07:08:38","modified_gmt":"2024-09-19T05:08:38","slug":"tinko-celinko","status":"publish","type":"page","link":"https:\/\/www1.kkl.si\/sl\/tinko-celinko\/","title":{"rendered":"Tinko Celinko"},"content":{"rendered":"<div class=\"opis\"><i class=\"fas fa-clock\"><\/i> <strong>sobota, 28. september 2024, ob 17.00<\/strong> | Gledali\u0161ka in koncertna dvorana Lendava<img loading=\"lazy\" decoding=\"async\" class=\"alignright\" title=\"Pla\u010dljiva prireditev\" src=\"https:\/\/www1.kkl.si\/wp-content\/uploads\/2020\/07\/spored_simb_placljiva-1.svg\" alt=\"placljiva\" width=\"30\" height=\"30\" \/><br \/>\n<i class=\"fas fa-chevron-circle-right\"><\/i> <strong>predstava za otroke <span class=\"starost\">3+<\/span><\/strong> <br \/>\n<i class=\"fas fa-ticket-alt\"><\/i> Cena vstopnice: <strong>3 \u20ac<\/strong><br \/>\nOrganizator: <a href=\"https:\/\/www.kkl.si\/\">Knji\u017enica \u2013 Kulturni center Lendava \u2013 Lendvai K\u00f6nyvt\u00e1r \u00e9s Kultur\u00e1lis K\u00f6zpont<\/a><\/div>\n<p><a href=\"https:\/\/www1.kkl.si\/wp-content\/uploads\/2024\/09\/plakat_B2_tinko_celinko_2024.jpg\" data-lbwps-width=\"2143\" data-lbwps-height=\"3000\" data-lbwps-srcsmall=\"https:\/\/www1.kkl.si\/wp-content\/uploads\/2024\/09\/plakat_B2_tinko_celinko_2024.jpg\"><img loading=\"lazy\" decoding=\"async\" class=\"alignright size-medium wp-image-19130\" src=\"https:\/\/www1.kkl.si\/wp-content\/uploads\/2024\/09\/plakat_B2_tinko_celinko_2024-scaled-286x400.jpg\" alt=\"\" width=\"286\" height=\"400\" srcset=\"https:\/\/www1.kkl.si\/wp-content\/uploads\/2024\/09\/plakat_B2_tinko_celinko_2024-scaled-286x400.jpg 286w, https:\/\/www1.kkl.si\/wp-content\/uploads\/2024\/09\/plakat_B2_tinko_celinko_2024-scaled-1072x1500.jpg 1072w, https:\/\/www1.kkl.si\/wp-content\/uploads\/2024\/09\/plakat_B2_tinko_celinko_2024-scaled.jpg 1829w\" sizes=\"auto, (max-width: 286px) 100vw, 286px\" \/><\/a>Kulturni zavod Velik up | Jernej \u010campelj:<\/p>\n<p><span style=\"font-size: 18pt;\"><strong>Tinko Celinko<\/strong><\/span><\/p>\n<p><em>avtorski projekt<\/em><\/p>\n<p><strong>Nastopa:<\/strong> Jernej \u010campelj<\/p>\n<p>Tinko Celinko je nadaljevanje zgodbe Janeza Bitenca &#8211; Tinko Polovinko. Tinko Polovinko na koncu predstave postane cel fant. Postane Tinko Celinko. In na tem mestu se na\u0161a NOVA predstava TINKO CELINKO pri\u010dne. Ker Janez Bitenc ni napisal kak\u0161en fant Tinko Polovinko postane, za besedilo Tinko Celinko, tokrat poskrbi Jernej \u010campelj.<\/p>\n<p>Tinko Celinko je postavljena v kasnej\u0161i \u010das, ko Tinko \u017ee malce odraste in se res spremeni v fanta, kot so drugi. \u017dal pa s tem, ko postane, kot drugi, postane tudi fant, ki ga stvari, ki so ga zanimale in veselile prej, prav ni\u010d ve\u010d ne ganejo. Postane fant, ki nepretrgoma zre v pametne naprave in s svetom okrog sebe komunicira le \u0161e preko telefona. Za mucko, ki si jo je vedno tako \u017eelel in jo kot Polovinko tudi dobil, se ne zmeni ve\u010d. Res, da se Tinko dr\u017ei dogovora, da stvari naredi do konca, a \u017eal to pomeni, da tudi \u201cdo konca\u201d gleda v telefon. Postaja anemi\u010den in popolnoma nezainteresiran. Mucka je zapu\u0161\u010dena z njegove strani in ob\u017ealuje, da ga je sama \u017eelela spremeniti v Celinka. Bolj, kot je Tinko postajal Celinko, manj \u010dasa je imel za njo. Tokrat bosta skupaj z dedkom, ki se v prvem delu ne pojavi, a o njem poslu\u0161amo, na misiji, kako pripraviti Tinka, da postane fant, kot je bil. Polovinko. Fant poln domi\u0161ljije in veselja. Poln ljubezni in skrbi za druge, predvsem za mucko, ki si jo je tako zelo \u017eelel.<\/p>\n<p>Predstava na humoren in pou\u010den na\u010din opozarja otroke, da dvignejo pogled iz telefona v svet, ker je v \u017eivo toliko lepega za do\u017eivet, da bi bilo to \u0161koda zamuditi.<\/p>\n<p><strong>Trajanje predstave:<\/strong> 33 min<br \/>\n<strong>Namenjena otrokom:<\/strong> 3+<\/p>\n\n\t\t<style type=\"text\/css\">\n\t\t\t#gallery-1 {\n\t\t\t\tmargin: auto;\n\t\t\t}\n\t\t\t#gallery-1 .gallery-item {\n\t\t\t\tfloat: left;\n\t\t\t\tmargin-top: 10px;\n\t\t\t\ttext-align: center;\n\t\t\t\twidth: 50%;\n\t\t\t}\n\t\t\t#gallery-1 img {\n\t\t\t\tborder: 2px solid #cfcfcf;\n\t\t\t}\n\t\t\t#gallery-1 .gallery-caption {\n\t\t\t\tmargin-left: 0;\n\t\t\t}\n\t\t\t\/* see gallery_shortcode() in wp-includes\/media.php *\/\n\t\t<\/style>\n\t\t<div id='gallery-1' class='gallery galleryid-18880 gallery-columns-2 gallery-size-medium'><dl class='gallery-item'>\n\t\t\t<dt class='gallery-icon portrait'>\n\t\t\t\t<a href='https:\/\/www1.kkl.si\/wp-content\/uploads\/2024\/08\/tinkocelinko_grafika.jpg'><img loading=\"lazy\" decoding=\"async\" width=\"300\" height=\"400\" src=\"https:\/\/www1.kkl.si\/wp-content\/uploads\/2024\/08\/tinkocelinko_grafika-300x400.jpg\" class=\"attachment-medium size-medium\" alt=\"\" srcset=\"https:\/\/www1.kkl.si\/wp-content\/uploads\/2024\/08\/tinkocelinko_grafika-300x400.jpg 300w, https:\/\/www1.kkl.si\/wp-content\/uploads\/2024\/08\/tinkocelinko_grafika.jpg 800w\" sizes=\"auto, (max-width: 300px) 100vw, 300px\" \/><\/a>\n\t\t\t<\/dt><\/dl><dl class='gallery-item'>\n\t\t\t<dt class='gallery-icon portrait'>\n\t\t\t\t<a href='https:\/\/www1.kkl.si\/wp-content\/uploads\/2024\/08\/slika_tinko_celinko.jpg'><img loading=\"lazy\" decoding=\"async\" width=\"284\" height=\"400\" src=\"https:\/\/www1.kkl.si\/wp-content\/uploads\/2024\/08\/slika_tinko_celinko-284x400.jpg\" class=\"attachment-medium size-medium\" alt=\"\" srcset=\"https:\/\/www1.kkl.si\/wp-content\/uploads\/2024\/08\/slika_tinko_celinko-284x400.jpg 284w, https:\/\/www1.kkl.si\/wp-content\/uploads\/2024\/08\/slika_tinko_celinko.jpg 319w\" sizes=\"auto, (max-width: 284px) 100vw, 284px\" \/><\/a>\n\t\t\t<\/dt><\/dl><br style=\"clear: both\" \/>\n\t\t<\/div>\n\n<hr \/>\n<p><i class=\"fas fa-link\"><\/i> <a href=\"https:\/\/velikiup.art\/\">https:\/\/velikiup.art\/<\/a><br \/>\n<i class=\"fas fa-link\"><\/i> <a href=\"https:\/\/www.facebook.com\/people\/Kulturni-zavod-KULT\/\">https:\/\/www.facebook.com\/people\/Kulturni-zavod-KULT\/<\/a><\/p>\n","protected":false},"excerpt":{"rendered":"<p>sobota, 28. september 2024, ob 17.00 | Gledali\u0161ka in koncertna dvorana Lendava predstava za otroke 3+ Cena vstopnice: 3 \u20ac Organizator: Knji\u017enica \u2013 Kulturni center Lendava \u2013 Lendvai K\u00f6nyvt\u00e1r \u00e9s Kultur\u00e1lis K\u00f6zpont Kulturni zavod Velik up | Jernej \u010campelj: Tinko Celinko avtorski projekt Nastopa: Jernej \u010campelj Tinko Celinko je nadaljevanje zgodbe Janeza Bitenca &#8211; Tinko [&hellip;]<\/p>\n","protected":false},"author":2,"featured_media":18881,"parent":0,"menu_order":0,"comment_status":"closed","ping_status":"closed","template":"","meta":{"footnotes":""},"class_list":["post-18880","page","type-page","status-publish","has-post-thumbnail","hentry","post","post-with-thumbnail","post-with-thumbnail-icon"],"_links":{"self":[{"href":"https:\/\/www1.kkl.si\/sl\/wp-json\/wp\/v2\/pages\/18880","targetHints":{"allow":["GET"]}}],"collection":[{"href":"https:\/\/www1.kkl.si\/sl\/wp-json\/wp\/v2\/pages"}],"about":[{"href":"https:\/\/www1.kkl.si\/sl\/wp-json\/wp\/v2\/types\/page"}],"author":[{"embeddable":true,"href":"https:\/\/www1.kkl.si\/sl\/wp-json\/wp\/v2\/users\/2"}],"replies":[{"embeddable":true,"href":"https:\/\/www1.kkl.si\/sl\/wp-json\/wp\/v2\/comments?post=18880"}],"version-history":[{"count":7,"href":"https:\/\/www1.kkl.si\/sl\/wp-json\/wp\/v2\/pages\/18880\/revisions"}],"predecessor-version":[{"id":19134,"href":"https:\/\/www1.kkl.si\/sl\/wp-json\/wp\/v2\/pages\/18880\/revisions\/19134"}],"wp:featuredmedia":[{"embeddable":true,"href":"https:\/\/www1.kkl.si\/sl\/wp-json\/wp\/v2\/media\/18881"}],"wp:attachment":[{"href":"https:\/\/www1.kkl.si\/sl\/wp-json\/wp\/v2\/media?parent=18880"}],"curies":[{"name":"wp","href":"https:\/\/api.w.org\/{rel}","templated":true}]}}