{"id":1899,"date":"2020-08-02T11:28:05","date_gmt":"2020-08-02T09:28:05","guid":{"rendered":"https:\/\/www1.kkl.si\/?page_id=1899"},"modified":"2020-08-12T19:59:26","modified_gmt":"2020-08-12T17:59:26","slug":"pika-in-cene-v-pravljici","status":"publish","type":"page","link":"https:\/\/www1.kkl.si\/sl\/pika-in-cene-v-pravljici\/","title":{"rendered":"PIKA IN CENE V PRAVLJICI"},"content":{"rendered":"<div><a href=\"https:\/\/www1.kkl.si\/wp-content\/uploads\/2020\/08\/pika_in_cene_2020_naslov_izrez.jpg\" data-lbwps-width=\"1500\" data-lbwps-height=\"300\" data-lbwps-srcsmall=\"https:\/\/www1.kkl.si\/wp-content\/uploads\/2020\/08\/pika_in_cene_2020_naslov_izrez-400x80.jpg\"><img loading=\"lazy\" decoding=\"async\" class=\"izrez alignnone wp-image-1904 size-full\" src=\"https:\/\/www1.kkl.si\/wp-content\/uploads\/2020\/08\/pika_in_cene_2020_naslov_izrez.jpg\" alt=\"\" width=\"1500\" height=\"300\" srcset=\"https:\/\/www1.kkl.si\/wp-content\/uploads\/2020\/08\/pika_in_cene_2020_naslov_izrez.jpg 1500w, https:\/\/www1.kkl.si\/wp-content\/uploads\/2020\/08\/pika_in_cene_2020_naslov_izrez-400x80.jpg 400w\" sizes=\"auto, (max-width: 1500px) 100vw, 1500px\" \/><\/a><\/div>\n<div class=\"opis\">\n<p><strong><img loading=\"lazy\" decoding=\"async\" class=\"alignright wp-image-1587\" title=\"Brezpla\u010dno\" src=\"https:\/\/www1.kkl.si\/wp-content\/uploads\/2020\/07\/spored_simb_brezplacna-1.svg\" alt=\"brezplacna\" width=\"40\" height=\"40\" srcset=\"https:\/\/www1.kkl.si\/wp-content\/uploads\/\/2020\/07\/spored_simb_brezplacna-1.svg 150w, https:\/\/www1.kkl.si\/wp-content\/uploads\/\/2020\/07\/spored_simb_brezplacna-1.svg 400w, https:\/\/www1.kkl.si\/wp-content\/uploads\/\/2020\/07\/spored_simb_brezplacna-1.svg 1500w, https:\/\/www1.kkl.si\/wp-content\/uploads\/\/2020\/07\/spored_simb_brezplacna-1.svg 100w\" sizes=\"auto, (max-width: 40px) 100vw, 40px\" \/><\/strong><i class=\"fas fa-chevron-circle-right\"><\/i> otro\u0161ka predstava<\/p>\n<p><i class=\"fas fa-calendar\"><\/i> <strong>Sreda, 5. avgust 2020, ob 18.00<\/strong><\/p>\n<p><i class=\"fas fa-map-marker\"><\/i> Prizori\u0161\u010de: Letni oder Gledali\u0161ke in koncertne dvorane Lendava<\/p>\n<p><i class=\"fas fa-ticket\"><\/i> Vstopnina: brezpla\u010dno<\/p>\n<p><i class=\"fas fa-chevron-circle-right\"><\/i> Organizator: <a href=\"http:\/\/www.kkl.si\/\">Knji\u017enica \u2013 Kulturni center Lendava\/Lendvai K\u00f6nyvt\u00e1r \u00e9s Kultur\u00e1lis K\u00f6zpont<\/a><\/p>\n<\/div>\n<p><a href=\"https:\/\/www1.kkl.si\/wp-content\/uploads\/2020\/07\/plakat_B2_KKCL_poletne_prireditve_2020_splet.png\" data-lbwps-width=\"1400\" data-lbwps-height=\"1949\" data-lbwps-srcsmall=\"https:\/\/www1.kkl.si\/wp-content\/uploads\/2020\/07\/plakat_B2_KKCL_poletne_prireditve_2020_splet-287x400.png\"><img loading=\"lazy\" decoding=\"async\" class=\"slika alignleft wp-image-1659\" src=\"https:\/\/www1.kkl.si\/wp-content\/uploads\/2020\/07\/plakat_B2_KKCL_poletne_prireditve_2020_splet-287x400.png\" alt=\"\" width=\"260\" height=\"362\" srcset=\"https:\/\/www1.kkl.si\/wp-content\/uploads\/2020\/07\/plakat_B2_KKCL_poletne_prireditve_2020_splet-287x400.png 287w, https:\/\/www1.kkl.si\/wp-content\/uploads\/2020\/07\/plakat_B2_KKCL_poletne_prireditve_2020_splet-1077x1500.png 1077w, https:\/\/www1.kkl.si\/wp-content\/uploads\/2020\/07\/plakat_B2_KKCL_poletne_prireditve_2020_splet.png 1400w\" sizes=\"auto, (max-width: 260px) 100vw, 260px\" \/><\/a>POLETI V LENDAVO 2020<br \/>\nGLEDALI\u0160\u010cE KU-KUC:<br \/>\n<strong>Pika in Cene v pravljici<\/strong><\/p>\n<p><a href=\"https:\/\/www1.kkl.si\/wp-content\/uploads\/2020\/08\/pika_in_cene_2020_naslov.jpg\" data-lbwps-width=\"900\" data-lbwps-height=\"450\" data-lbwps-srcsmall=\"https:\/\/www1.kkl.si\/wp-content\/uploads\/2020\/08\/pika_in_cene_2020_naslov-400x200.jpg\"><img loading=\"lazy\" decoding=\"async\" class=\"wp-image-1906 size-medium alignright\" src=\"https:\/\/www1.kkl.si\/wp-content\/uploads\/2020\/08\/pika_in_cene_2020_naslov-400x200.jpg\" alt=\"\" width=\"400\" height=\"200\" srcset=\"https:\/\/www1.kkl.si\/wp-content\/uploads\/2020\/08\/pika_in_cene_2020_naslov-400x200.jpg 400w, https:\/\/www1.kkl.si\/wp-content\/uploads\/2020\/08\/pika_in_cene_2020_naslov.jpg 900w\" sizes=\"auto, (max-width: 400px) 100vw, 400px\" \/><\/a>Razgibana predstava prina\u0161a \u0161tiri klasi\u010dne pravljice, obrnjene na glavo. Namenjena odraslim, popolnoma za\u010dara najmlaj\u0161e. Skozi smeh, glasbo in polno gajbo presene\u010denj nas bo nau\u010dila kaj imajo skupnega vrtni pal\u010dki, lonec za indukcijo in Snickers.<\/p>\n<p>Neko\u010d sta \u0161la Pika Nogavi\u010dka in lump Cene skupaj v pravljico. Prehodila sta gozdove, grajska dvori\u0161\u010da, sre\u010dala volka, babico, Snegulj\u010dico, Rde\u010do Kapico, pal\u010dke, Janka in Metko, coprnico in celo dinozavra. Na staro podstre\u0161je sta s seboj prinesla vse lepo, kar nam pravljice lahko dajo in nekaj evrov. S pravljice sta se vrnila druga\u010dna. Tako, kot se bomo tudi mi, ko bomo po koncu predstave zapustili staro podstre\u0161je vile \u010cira \u010cara.<\/p>\n<hr \/>\n<p><strong>Drobtinica iz scenarija<\/strong><\/p>\n<p>Pal\u010dki se la\u010dni vra\u010dajo iz rudnika ter si veselo prepevajo:<\/p>\n<p>\u00bbGREMO PAL\u010cKI IZ RUDNIKA,<br \/>\n\u010cAKA NAS SNEGULJ\u010cICA.<br \/>\nIZ KUHINJE NAM \u017dE DI\u0160I,<br \/>\nLA\u010cNI PAL\u010cKI TO SMO MI.\u00ab<\/p>\n<p>Med tem pa na drugi strani de\u017eele, v dvorcu, nevihtna no\u010d in hudobna ma\u010deha s svojim zrcalom \u2026<\/p>\n<p>MA\u010cEHA: \u00bbZrcalce zrcalce moje povej, katera kuha najbolj slastne makarone v de\u017eeli tej?\u00ab<\/p>\n<p>Otroci: \u00bbSnegulj\u010dica!\u00ab<\/p>\n<p>Ma\u010deha: \u00bbKdo?!\u00ab<\/p>\n<p>Otroci: \u00bbSnegulj\u010dica!\u00ab<\/p>\n<p>MA\u010cEHA: \u00bbSnegulj\u010dica? Sama sre\u010da, da sem tako lepa, druga\u010de bi dobila \u017eiv\u010dni zlom!\u00ab<\/p>\n<hr \/>\n<p><span style=\"font-size: 24px;\">SLIKE IZ PREDSTAVE<\/span><\/p>\n\n\t\t<style type=\"text\/css\">\n\t\t\t#gallery-1 {\n\t\t\t\tmargin: auto;\n\t\t\t}\n\t\t\t#gallery-1 .gallery-item {\n\t\t\t\tfloat: left;\n\t\t\t\tmargin-top: 10px;\n\t\t\t\ttext-align: center;\n\t\t\t\twidth: 16%;\n\t\t\t}\n\t\t\t#gallery-1 img {\n\t\t\t\tborder: 2px solid #cfcfcf;\n\t\t\t}\n\t\t\t#gallery-1 .gallery-caption {\n\t\t\t\tmargin-left: 0;\n\t\t\t}\n\t\t\t\/* see gallery_shortcode() in wp-includes\/media.php *\/\n\t\t<\/style>\n\t\t<div id='gallery-1' class='gallery galleryid-1899 gallery-columns-6 gallery-size-thumbnail'><dl class='gallery-item'>\n\t\t\t<dt class='gallery-icon landscape'>\n\t\t\t\t<a href='https:\/\/www1.kkl.si\/wp-content\/uploads\/2020\/08\/pika_in_cene_2020_01.jpg'><img loading=\"lazy\" decoding=\"async\" width=\"150\" height=\"150\" src=\"https:\/\/www1.kkl.si\/wp-content\/uploads\/2020\/08\/pika_in_cene_2020_01-150x150.jpg\" class=\"attachment-thumbnail size-thumbnail\" alt=\"\" \/><\/a>\n\t\t\t<\/dt><\/dl><dl class='gallery-item'>\n\t\t\t<dt class='gallery-icon landscape'>\n\t\t\t\t<a href='https:\/\/www1.kkl.si\/wp-content\/uploads\/2020\/08\/pika_in_cene_2020_02.jpg'><img loading=\"lazy\" decoding=\"async\" width=\"150\" height=\"150\" src=\"https:\/\/www1.kkl.si\/wp-content\/uploads\/2020\/08\/pika_in_cene_2020_02-150x150.jpg\" class=\"attachment-thumbnail size-thumbnail\" alt=\"\" \/><\/a>\n\t\t\t<\/dt><\/dl><dl class='gallery-item'>\n\t\t\t<dt class='gallery-icon landscape'>\n\t\t\t\t<a href='https:\/\/www1.kkl.si\/wp-content\/uploads\/2020\/08\/pika_in_cene_2020_03.jpg'><img loading=\"lazy\" decoding=\"async\" width=\"150\" height=\"150\" src=\"https:\/\/www1.kkl.si\/wp-content\/uploads\/2020\/08\/pika_in_cene_2020_03-150x150.jpg\" class=\"attachment-thumbnail size-thumbnail\" alt=\"\" \/><\/a>\n\t\t\t<\/dt><\/dl><dl class='gallery-item'>\n\t\t\t<dt class='gallery-icon landscape'>\n\t\t\t\t<a href='https:\/\/www1.kkl.si\/wp-content\/uploads\/2020\/08\/pika_in_cene_2020_04.jpg'><img loading=\"lazy\" decoding=\"async\" width=\"150\" height=\"150\" src=\"https:\/\/www1.kkl.si\/wp-content\/uploads\/2020\/08\/pika_in_cene_2020_04-150x150.jpg\" class=\"attachment-thumbnail size-thumbnail\" alt=\"\" \/><\/a>\n\t\t\t<\/dt><\/dl><dl class='gallery-item'>\n\t\t\t<dt class='gallery-icon landscape'>\n\t\t\t\t<a href='https:\/\/www1.kkl.si\/wp-content\/uploads\/2020\/08\/pika_in_cene_2020_05.jpg'><img loading=\"lazy\" decoding=\"async\" width=\"150\" height=\"150\" src=\"https:\/\/www1.kkl.si\/wp-content\/uploads\/2020\/08\/pika_in_cene_2020_05-150x150.jpg\" class=\"attachment-thumbnail size-thumbnail\" alt=\"\" \/><\/a>\n\t\t\t<\/dt><\/dl><dl class='gallery-item'>\n\t\t\t<dt class='gallery-icon landscape'>\n\t\t\t\t<a href='https:\/\/www1.kkl.si\/wp-content\/uploads\/2020\/08\/pika_in_cene_2020_06.jpg'><img loading=\"lazy\" decoding=\"async\" width=\"150\" height=\"150\" src=\"https:\/\/www1.kkl.si\/wp-content\/uploads\/2020\/08\/pika_in_cene_2020_06-150x150.jpg\" class=\"attachment-thumbnail size-thumbnail\" alt=\"\" \/><\/a>\n\t\t\t<\/dt><\/dl><br style=\"clear: both\" \/>\n\t\t<\/div>\n\n<hr \/>\n<p><i class=\"fas fa-link\"><\/i> Povezava:<\/p>\n<ul>\n<li><a href=\"https:\/\/kukucpredstave.com\/portfolio-item\/pika-in-cene-v-pravljici\/\">https:\/\/kukucpredstave.com\/portfolio-item\/pika-in-cene-v-pravljici\/<\/a><\/li>\n<\/ul>\n<hr \/>\n<p><em>Organizator: Knji\u017enica \u2013 Kulturni center Lendava. Vse prireditve so brezpla\u010dne. <br \/>\n<\/em><em>Pridr\u017eujemo si pravico do spremembe programa. <\/em><\/p>\n<p><em><strong>Ob slabem vremenu prireditev odpade!<\/strong><\/em><\/p>\n","protected":false},"excerpt":{"rendered":"<p>otro\u0161ka predstava Sreda, 5. avgust 2020, ob 18.00 Prizori\u0161\u010de: Letni oder Gledali\u0161ke in koncertne dvorane Lendava Vstopnina: brezpla\u010dno Organizator: Knji\u017enica \u2013 Kulturni center Lendava\/Lendvai K\u00f6nyvt\u00e1r \u00e9s Kultur\u00e1lis K\u00f6zpont POLETI V LENDAVO 2020 GLEDALI\u0160\u010cE KU-KUC: Pika in Cene v pravljici Razgibana predstava prina\u0161a \u0161tiri klasi\u010dne pravljice, obrnjene na glavo. Namenjena odraslim, popolnoma za\u010dara najmlaj\u0161e. Skozi smeh, [&hellip;]<\/p>\n","protected":false},"author":2,"featured_media":0,"parent":0,"menu_order":0,"comment_status":"closed","ping_status":"closed","template":"","meta":{"footnotes":""},"class_list":["post-1899","page","type-page","status-publish","hentry","post"],"_links":{"self":[{"href":"https:\/\/www1.kkl.si\/sl\/wp-json\/wp\/v2\/pages\/1899","targetHints":{"allow":["GET"]}}],"collection":[{"href":"https:\/\/www1.kkl.si\/sl\/wp-json\/wp\/v2\/pages"}],"about":[{"href":"https:\/\/www1.kkl.si\/sl\/wp-json\/wp\/v2\/types\/page"}],"author":[{"embeddable":true,"href":"https:\/\/www1.kkl.si\/sl\/wp-json\/wp\/v2\/users\/2"}],"replies":[{"embeddable":true,"href":"https:\/\/www1.kkl.si\/sl\/wp-json\/wp\/v2\/comments?post=1899"}],"version-history":[{"count":8,"href":"https:\/\/www1.kkl.si\/sl\/wp-json\/wp\/v2\/pages\/1899\/revisions"}],"predecessor-version":[{"id":2051,"href":"https:\/\/www1.kkl.si\/sl\/wp-json\/wp\/v2\/pages\/1899\/revisions\/2051"}],"wp:attachment":[{"href":"https:\/\/www1.kkl.si\/sl\/wp-json\/wp\/v2\/media?parent=1899"}],"curies":[{"name":"wp","href":"https:\/\/api.w.org\/{rel}","templated":true}]}}