{"id":19710,"date":"2024-11-07T14:15:33","date_gmt":"2024-11-07T13:15:33","guid":{"rendered":"https:\/\/www1.kkl.si\/?page_id=19710"},"modified":"2024-11-07T14:30:17","modified_gmt":"2024-11-07T13:30:17","slug":"leszsz-spiro-gyorgy-csirkefej","status":"publish","type":"page","link":"https:\/\/www1.kkl.si\/sl\/leszsz-spiro-gyorgy-csirkefej\/","title":{"rendered":"LESZSZ | Spir\u00f3 Gy\u00f6rgy: Csirkefej"},"content":{"rendered":"<div class=\"opis\"><i class=\"fas fa-clock\"><\/i> <strong>\u010cetrtek, 14. in petek, 15. november 2024, ob 19. uri<\/strong> | aGledali\u0161ka in koncertna dvorana Lendava<img loading=\"lazy\" decoding=\"async\" class=\"alignright\" title=\"Pla\u010dljiva prireditev\" src=\"https:\/\/www1.kkl.si\/wp-content\/uploads\/\/2020\/07\/spored_simb_placljiva-1.svg\" alt=\"placljiva\" width=\"30\" height=\"30\" \/><br \/>\n<i class=\"fas fa-chevron-circle-right\"><\/i>\u00a0 <strong>drama v mad\u017earskem jeziku<\/strong> <br \/>\n<i class=\"fas fa-ticket-alt\"><\/i> Cena vstopnice: <strong>10 \u20ac<\/strong>. <br \/>\nVstopnice so na voljo v predprodaji od 5. novembra v <a href=\"https:\/\/www.mnmi-zkmn.si\/sl\/o-nas\/\">Centru B\u00e1nffy<\/a> v Lendavi (med 8. in 16. uro, <i class=\"fas fa-phone-alt\"><\/i> +386 2 577 66 70).<br \/>\nOrganizator: <a href=\"https:\/\/www.mnmi-zkmn.si\/\">MNMI Lendva \u2013 ZKMN Lendava<\/a><\/div>\n<div>\n<p>Gledali\u0161ka predstava skupine LESZSZ iz Lendave z naslovom<br \/>\nSpir\u00f3 Gy\u00f6rgy: <strong>Csirkefej<\/strong>,<br \/>\nbo 14. in 15. novembra 2024 ob 19. uri<br \/>\nv Gledali\u0161ki in koncertni dvorani v Lendavi.<\/p>\n<p><strong>Re\u017eiser:<\/strong> Attila Mess<\/p>\n<\/div>\n<div>Predstava poteka v mad\u017earskem jeziku.<\/div>\n<div>\u00a0<\/div>\n<hr \/>\n<p>KRATEK OPIS<\/p>\n<p><em>Csirkefej<\/em> (Pi\u0161\u010dan\u010dja glava) je tragedija pisatelja Gy\u00f6rgyja Spir\u00f3ja iz leta 1985. Drama je sestavljena iz 16 prizorov. Dogajanje je postavljeno v vse bolj mra\u010dni socializem osemdesetih let prej\u0161njega stoletja: v predmestni stanovanjski hi\u0161i v obi\u010dajnem okolju umorijo starej\u0161o \u017eensko, potem ko je bila ubita njena ma\u010dka.<\/p>\n<hr \/>\n<p><a href=\"https:\/\/www1.kkl.si\/wp-content\/uploads\/2024\/11\/cirkefej_november_EL.jpg\" data-lbwps-width=\"1272\" data-lbwps-height=\"1772\" data-lbwps-srcsmall=\"https:\/\/www1.kkl.si\/wp-content\/uploads\/2024\/11\/cirkefej_november_EL-287x400.jpg\"><img loading=\"lazy\" decoding=\"async\" class=\"alignnone size-large wp-image-19662\" src=\"https:\/\/www1.kkl.si\/wp-content\/uploads\/2024\/11\/cirkefej_november_EL-1077x1500.jpg\" alt=\"\" width=\"1077\" height=\"1500\" srcset=\"https:\/\/www1.kkl.si\/wp-content\/uploads\/2024\/11\/cirkefej_november_EL-1077x1500.jpg 1077w, https:\/\/www1.kkl.si\/wp-content\/uploads\/2024\/11\/cirkefej_november_EL-287x400.jpg 287w, https:\/\/www1.kkl.si\/wp-content\/uploads\/2024\/11\/cirkefej_november_EL.jpg 1272w\" sizes=\"auto, (max-width: 1077px) 100vw, 1077px\" \/><\/a><\/p>\n<blockquote class=\"wp-embedded-content\" data-secret=\"iBTn4O8kgo\"><p><a href=\"https:\/\/www.mnmi-zkmn.si\/sl\/event\/leszsz-spiro-gyorgy-csirkefej-2\/\">LESZSZ, Spir\u00f3 Gy\u00f6rgy: Csirkefej<\/a><\/p><\/blockquote>\n<p><iframe loading=\"lazy\" class=\"wp-embedded-content\" sandbox=\"allow-scripts\" security=\"restricted\" style=\"position: absolute; visibility: hidden;\" title=\"&#8220;LESZSZ, Spir\u00f3 Gy\u00f6rgy: Csirkefej&#8221; &#8212; MNMI - ZKMN\" src=\"https:\/\/www.mnmi-zkmn.si\/sl\/event\/leszsz-spiro-gyorgy-csirkefej-2\/embed\/#?secret=iBTn4O8kgo\" data-secret=\"iBTn4O8kgo\" width=\"600\" height=\"338\" frameborder=\"0\" marginwidth=\"0\" marginheight=\"0\" scrolling=\"no\"><\/iframe><\/p>\n","protected":false},"excerpt":{"rendered":"<p>\u010cetrtek, 14. in petek, 15. november 2024, ob 19. uri | aGledali\u0161ka in koncertna dvorana Lendava \u00a0 drama v mad\u017earskem jeziku Cena vstopnice: 10 \u20ac. Vstopnice so na voljo v predprodaji od 5. novembra v Centru B\u00e1nffy v Lendavi (med 8. in 16. uro, +386 2 577 66 70). Organizator: MNMI Lendva \u2013 ZKMN Lendava [&hellip;]<\/p>\n","protected":false},"author":2,"featured_media":19660,"parent":0,"menu_order":0,"comment_status":"closed","ping_status":"closed","template":"","meta":{"footnotes":""},"class_list":["post-19710","page","type-page","status-publish","has-post-thumbnail","hentry","post","post-with-thumbnail","post-with-thumbnail-icon"],"_links":{"self":[{"href":"https:\/\/www1.kkl.si\/sl\/wp-json\/wp\/v2\/pages\/19710","targetHints":{"allow":["GET"]}}],"collection":[{"href":"https:\/\/www1.kkl.si\/sl\/wp-json\/wp\/v2\/pages"}],"about":[{"href":"https:\/\/www1.kkl.si\/sl\/wp-json\/wp\/v2\/types\/page"}],"author":[{"embeddable":true,"href":"https:\/\/www1.kkl.si\/sl\/wp-json\/wp\/v2\/users\/2"}],"replies":[{"embeddable":true,"href":"https:\/\/www1.kkl.si\/sl\/wp-json\/wp\/v2\/comments?post=19710"}],"version-history":[{"count":1,"href":"https:\/\/www1.kkl.si\/sl\/wp-json\/wp\/v2\/pages\/19710\/revisions"}],"predecessor-version":[{"id":19711,"href":"https:\/\/www1.kkl.si\/sl\/wp-json\/wp\/v2\/pages\/19710\/revisions\/19711"}],"wp:featuredmedia":[{"embeddable":true,"href":"https:\/\/www1.kkl.si\/sl\/wp-json\/wp\/v2\/media\/19660"}],"wp:attachment":[{"href":"https:\/\/www1.kkl.si\/sl\/wp-json\/wp\/v2\/media?parent=19710"}],"curies":[{"name":"wp","href":"https:\/\/api.w.org\/{rel}","templated":true}]}}