{"id":19731,"date":"2024-11-12T13:17:26","date_gmt":"2024-11-12T12:17:26","guid":{"rendered":"https:\/\/www1.kkl.si\/?page_id=19731"},"modified":"2024-11-12T13:19:26","modified_gmt":"2024-11-12T12:19:26","slug":"predstavitev-zupnije-lendava-skozi-vec-kot-700-letno-zgodovino-v-besedi-in-filmu","status":"publish","type":"page","link":"https:\/\/www1.kkl.si\/sl\/predstavitev-zupnije-lendava-skozi-vec-kot-700-letno-zgodovino-v-besedi-in-filmu\/","title":{"rendered":"Predstavitev \u017dupnije Lendava skozi ve\u010d kot 700 letno zgodovino v besedi in filmu"},"content":{"rendered":"<div class=\"opis\"><i class=\"fas fa-clock\"><\/i> <strong>sobota, 23. november 2024, ob 18.00<\/strong> | Gledali\u0161ka in koncertna dvorana Lendava<img loading=\"lazy\" decoding=\"async\" class=\"alignright\" title=\"Brezpla\u010dna prireditev\" src=\"https:\/\/www1.kkl.si\/wp-content\/uploads\/2020\/07\/spored_simb_brezplacna-1.svg\" alt=\"brezplacna\" width=\"30\" height=\"30\" \/><br \/>\n<i class=\"fas fa-chevron-circle-right\"><\/i>\u00a0 <strong>sve\u010dana prireditev, kulturni program<\/strong><br \/>\nOrganizator: <a href=\"https:\/\/zupnija-lendava.si\/\">\u017dupnija Lendava \u2013 Pl\u00e9b\u00e1nia Lendva<\/a><\/div>\n<p><a href=\"https:\/\/www1.kkl.si\/wp-content\/uploads\/2024\/11\/zupnija-lendava.png\" data-lbwps-width=\"1500\" data-lbwps-height=\"1700\" data-lbwps-srcsmall=\"https:\/\/www1.kkl.si\/wp-content\/uploads\/2024\/11\/zupnija-lendava-353x400.png\"><img loading=\"lazy\" decoding=\"async\" class=\"alignright size-medium wp-image-19732\" src=\"https:\/\/www1.kkl.si\/wp-content\/uploads\/2024\/11\/zupnija-lendava-353x400.png\" alt=\"\" width=\"353\" height=\"400\" srcset=\"https:\/\/www1.kkl.si\/wp-content\/uploads\/2024\/11\/zupnija-lendava-353x400.png 353w, https:\/\/www1.kkl.si\/wp-content\/uploads\/2024\/11\/zupnija-lendava-1324x1500.png 1324w, https:\/\/www1.kkl.si\/wp-content\/uploads\/2024\/11\/zupnija-lendava.png 1500w\" sizes=\"auto, (max-width: 353px) 100vw, 353px\" \/><\/a><strong>SVE\u010cANA PRIREDITEV V KULTURNEM DOMU OB POSVETITVI \u017dUPNIJSKE CERKVE SVETE KATARINE ALEKSANDRIJSKE V LENDAVI<\/strong><\/p>\n<p>Predstavitev \u017dupnije Lendava skozi ve\u010d kot 700 letno zgodovino v besedi in filmu.<\/p>\n<p>Svetinje \u017eupnije iz zgodovine in njihov pomen:<br \/>\nB\u00e1nffyjev kelih, Hadikov kelih, najstarej\u0161a mati\u010dna knjiga.<\/p>\n<p>Mo\u017eno si bo od blizu ogledati keliha in mati\u010dno knjigo.<\/p>\n<p>Podelitev Zlatih plaket svete Katarine Aleksandrijske.<\/p>\n<p>Podpis kaligrafske listine o posvetitvi cerkve, ki bo vgrajena v oltarni prostor in je napisana v latin\u0161\u010dini, sloven\u0161\u010dini in mad\u017ear\u0161\u010dini.<\/p>\n<p>Pogostitev v avli dvorane.<\/p>\n<p><i class=\"fas fa-link\"><\/i> <a href=\"https:\/\/zupnija-lendava.si\/vabilo-k-posvetitvi-zupnijske-cerkve-sv-katarine-aleksandrijske-v-lendavi\/\">Vabilo k posvetitvi \u017eupnijske cerkve sv. Katarine Aleksandrijske v Lendavi<\/a><\/p>\n","protected":false},"excerpt":{"rendered":"<p>sobota, 23. november 2024, ob 18.00 | Gledali\u0161ka in koncertna dvorana Lendava \u00a0 sve\u010dana prireditev, kulturni program Organizator: \u017dupnija Lendava \u2013 Pl\u00e9b\u00e1nia Lendva SVE\u010cANA PRIREDITEV V KULTURNEM DOMU OB POSVETITVI \u017dUPNIJSKE CERKVE SVETE KATARINE ALEKSANDRIJSKE V LENDAVI Predstavitev \u017dupnije Lendava skozi ve\u010d kot 700 letno zgodovino v besedi in filmu. Svetinje \u017eupnije iz zgodovine in [&hellip;]<\/p>\n","protected":false},"author":2,"featured_media":19735,"parent":0,"menu_order":0,"comment_status":"closed","ping_status":"closed","template":"","meta":{"footnotes":""},"class_list":["post-19731","page","type-page","status-publish","has-post-thumbnail","hentry","post","post-with-thumbnail","post-with-thumbnail-icon"],"_links":{"self":[{"href":"https:\/\/www1.kkl.si\/sl\/wp-json\/wp\/v2\/pages\/19731","targetHints":{"allow":["GET"]}}],"collection":[{"href":"https:\/\/www1.kkl.si\/sl\/wp-json\/wp\/v2\/pages"}],"about":[{"href":"https:\/\/www1.kkl.si\/sl\/wp-json\/wp\/v2\/types\/page"}],"author":[{"embeddable":true,"href":"https:\/\/www1.kkl.si\/sl\/wp-json\/wp\/v2\/users\/2"}],"replies":[{"embeddable":true,"href":"https:\/\/www1.kkl.si\/sl\/wp-json\/wp\/v2\/comments?post=19731"}],"version-history":[{"count":3,"href":"https:\/\/www1.kkl.si\/sl\/wp-json\/wp\/v2\/pages\/19731\/revisions"}],"predecessor-version":[{"id":19741,"href":"https:\/\/www1.kkl.si\/sl\/wp-json\/wp\/v2\/pages\/19731\/revisions\/19741"}],"wp:featuredmedia":[{"embeddable":true,"href":"https:\/\/www1.kkl.si\/sl\/wp-json\/wp\/v2\/media\/19735"}],"wp:attachment":[{"href":"https:\/\/www1.kkl.si\/sl\/wp-json\/wp\/v2\/media?parent=19731"}],"curies":[{"name":"wp","href":"https:\/\/api.w.org\/{rel}","templated":true}]}}