{"id":19843,"date":"2024-11-19T18:19:31","date_gmt":"2024-11-19T17:19:31","guid":{"rendered":"https:\/\/www1.kkl.si\/?page_id=19843"},"modified":"2024-11-19T19:06:58","modified_gmt":"2024-11-19T18:06:58","slug":"20-let-delovanja-gledaliske-in-koncertne-dvorane-lendava","status":"publish","type":"page","link":"https:\/\/www1.kkl.si\/sl\/20-let-delovanja-gledaliske-in-koncertne-dvorane-lendava\/","title":{"rendered":"20 let delovanja Gledali\u0161ke in koncertne dvorane Lendava"},"content":{"rendered":"<p><img loading=\"lazy\" decoding=\"async\" class=\"alignnone size-large wp-image-19071\" src=\"https:\/\/www1.kkl.si\/wp-content\/uploads\/2024\/09\/2024_09_18_GKDLendava20_SLO-1500x400.png\" alt=\"\" width=\"1500\" height=\"400\" srcset=\"https:\/\/www1.kkl.si\/wp-content\/uploads\/2024\/09\/2024_09_18_GKDLendava20_SLO.png 1500w, https:\/\/www1.kkl.si\/wp-content\/uploads\/2024\/09\/2024_09_18_GKDLendava20_SLO-400x107.png 400w\" sizes=\"auto, (max-width: 1500px) 100vw, 1500px\" \/><\/p>\n<p>Pod lendavskimi vinogradi, v osr\u010dju mestnega jedra Lendave se nahaja ena najbolj veli\u010dastnih zgradb v regiji. V njej se nahaja Gledali\u0161ka in koncertna dvorana Lendava, Lendav\u010dani ji radi re\u010demo kar <em>kulturni dom<\/em>. Je nenavadnega videza, ki privla\u010di poglede in daje prostor za dru\u017eenje, kulturo, zabavo in izobra\u017eevanje \u017ee 20 let.<\/p>\n<p>Zavese so se prvi\u010d odstrle <strong>18. septembra 2004<\/strong>. Zgradbo so sve\u010dano odprli takratni \u017eupan ob\u010dine Lendava Anton Bala\u017eek in takratna predsednika vlad Republike Slovenije in Mad\u017earske, Anton Rop in Ferenc Gyurcs\u00e1ny. Na prireditvi so s kratkimi odlomki gledali\u0161kih predstav sodelovali doma\u010di ustvarjalci Irena Varga, Evgen Car in Rajko Stupar. Prireditev se je zaklju\u010dila s koncertom priznane glasbene skupine Budapest Jazz Orchestra. Naslednji dan je sledil \u0161e koncert Vlada Kreslina, Malih bogov in Beltin\u0161ke bande.<\/p>\n<p>Od takrat zgradba predstavlja utrip kulturnega \u017eivljenja v mestu. Zgrajena je po na\u010drtih priznanega in svetovno znanega mad\u017earskega arhitekta Imreta Makovcza. Njena izgradnja je imela velik vpliv na celotno regijo. Je bila in ostaja edinstvena v regiji. Makovecz velja za predstavnika organske arhitekture. Njegovi projekti temeljijo na elementih mitologije in mistike, ki se tesno prepletajo z zna\u010dilnostmi kraja in dru\u017ebe, kamor se posamezni objekt uvr\u0161\u010da.<\/p>\n<p>Dvorana s 444 sede\u017ei omogo\u010da izvedbo koncertov, gledali\u0161kih predstav in kongresno dejavnost. Ima tudi orkestrsko jamo.<\/p>\n<p>Dvorana je gostila veliko izjemnih ustvarjalcev in pomembnih dogodkov. Bila je prizori\u0161\u010de ob\u010dinskih, lokalnih in tudi dr\u017eavnih slovesnosti.<\/p>\n<p>Ne le veli\u010dastnost same zgradbe, fascinantne so tudi vsebine in mo\u017enosti, ki jih nudi uporabnikom in obiskovalcem. Prvotna zaskrbljenost in negotovost o potrebi po taki instituciji sta se kar hitro razblinili. V dvajsetih letih se je tukaj odvilo ve\u010d kot 2500 prireditev. Te so sledile \u0161tevilnim pripravam, vajam in generalkam.<\/p>\n<p><strong>18. septembra 2024<\/strong> je Gledali\u0161ka in koncertna dvorana praznovala 20. obletnico delovanja. Tako kot na otvoritvi, je tudi na tokratni slovesnosti nastopila glasbena skupina Budapest Jazz Orchestra.<\/p>\n<p><em>Hvala, da ste z nami \u017ee 20 let!<\/em><\/p>\n<p style=\"text-align: right;\">Sanja Bogdan Horvat<\/p>\n<hr \/>\n<p><span style=\"font-size: 24pt;\"><i class=\"fas fa-eye\"><\/i> Razstava ob 20. obletnici delovanja v preddverju<\/span><\/p>\n\n\t\t<style type=\"text\/css\">\n\t\t\t#gallery-1 {\n\t\t\t\tmargin: auto;\n\t\t\t}\n\t\t\t#gallery-1 .gallery-item {\n\t\t\t\tfloat: left;\n\t\t\t\tmargin-top: 10px;\n\t\t\t\ttext-align: center;\n\t\t\t\twidth: 16%;\n\t\t\t}\n\t\t\t#gallery-1 img {\n\t\t\t\tborder: 2px solid #cfcfcf;\n\t\t\t}\n\t\t\t#gallery-1 .gallery-caption {\n\t\t\t\tmargin-left: 0;\n\t\t\t}\n\t\t\t\/* see gallery_shortcode() in wp-includes\/media.php *\/\n\t\t<\/style>\n\t\t<div id='gallery-1' class='gallery galleryid-19843 gallery-columns-6 gallery-size-thumbnail'><dl class='gallery-item'>\n\t\t\t<dt class='gallery-icon portrait'>\n\t\t\t\t<a href='https:\/\/www1.kkl.si\/wp-content\/uploads\/2024\/11\/plakat_20let_GKD_100cm_2024_01-scaled.jpg'><img loading=\"lazy\" decoding=\"async\" width=\"150\" height=\"150\" src=\"https:\/\/www1.kkl.si\/wp-content\/uploads\/2024\/11\/plakat_20let_GKD_100cm_2024_01-scaled-e1732036923402-150x150.jpg\" class=\"attachment-thumbnail size-thumbnail\" alt=\"\" \/><\/a>\n\t\t\t<\/dt><\/dl><dl class='gallery-item'>\n\t\t\t<dt class='gallery-icon portrait'>\n\t\t\t\t<a href='https:\/\/www1.kkl.si\/wp-content\/uploads\/2024\/11\/plakat_20let_GKD_100cm_2024_02-scaled.jpg'><img loading=\"lazy\" decoding=\"async\" width=\"150\" height=\"150\" src=\"https:\/\/www1.kkl.si\/wp-content\/uploads\/2024\/11\/plakat_20let_GKD_100cm_2024_02-scaled-150x150.jpg\" class=\"attachment-thumbnail size-thumbnail\" alt=\"\" \/><\/a>\n\t\t\t<\/dt><\/dl><dl class='gallery-item'>\n\t\t\t<dt class='gallery-icon portrait'>\n\t\t\t\t<a href='https:\/\/www1.kkl.si\/wp-content\/uploads\/2024\/11\/plakat_20let_GKD_100cm_2024_03-scaled.jpg'><img loading=\"lazy\" decoding=\"async\" width=\"150\" height=\"150\" src=\"https:\/\/www1.kkl.si\/wp-content\/uploads\/2024\/11\/plakat_20let_GKD_100cm_2024_03-scaled-150x150.jpg\" class=\"attachment-thumbnail size-thumbnail\" alt=\"\" \/><\/a>\n\t\t\t<\/dt><\/dl><dl class='gallery-item'>\n\t\t\t<dt class='gallery-icon portrait'>\n\t\t\t\t<a href='https:\/\/www1.kkl.si\/wp-content\/uploads\/2024\/11\/plakat_20let_GKD_100cm_2024_04-scaled.jpg'><img loading=\"lazy\" decoding=\"async\" width=\"150\" height=\"150\" src=\"https:\/\/www1.kkl.si\/wp-content\/uploads\/2024\/11\/plakat_20let_GKD_100cm_2024_04-scaled-150x150.jpg\" class=\"attachment-thumbnail size-thumbnail\" alt=\"\" \/><\/a>\n\t\t\t<\/dt><\/dl><dl class='gallery-item'>\n\t\t\t<dt class='gallery-icon portrait'>\n\t\t\t\t<a href='https:\/\/www1.kkl.si\/wp-content\/uploads\/2024\/11\/plakat_20let_GKD_100cm_2024_05-scaled.jpg'><img loading=\"lazy\" decoding=\"async\" width=\"150\" height=\"150\" src=\"https:\/\/www1.kkl.si\/wp-content\/uploads\/2024\/11\/plakat_20let_GKD_100cm_2024_05-scaled-150x150.jpg\" class=\"attachment-thumbnail size-thumbnail\" alt=\"\" \/><\/a>\n\t\t\t<\/dt><\/dl><dl class='gallery-item'>\n\t\t\t<dt class='gallery-icon portrait'>\n\t\t\t\t<a href='https:\/\/www1.kkl.si\/wp-content\/uploads\/2024\/11\/plakat_20let_GKD_100cm_2024_06-scaled.jpg'><img loading=\"lazy\" decoding=\"async\" width=\"150\" height=\"150\" src=\"https:\/\/www1.kkl.si\/wp-content\/uploads\/2024\/11\/plakat_20let_GKD_100cm_2024_06-scaled-150x150.jpg\" class=\"attachment-thumbnail size-thumbnail\" alt=\"\" \/><\/a>\n\t\t\t<\/dt><\/dl><br style=\"clear: both\" \/><dl class='gallery-item'>\n\t\t\t<dt class='gallery-icon portrait'>\n\t\t\t\t<a href='https:\/\/www1.kkl.si\/wp-content\/uploads\/2024\/11\/plakat_20let_GKD_100cm_2024_07-scaled.jpg'><img loading=\"lazy\" decoding=\"async\" width=\"150\" height=\"150\" src=\"https:\/\/www1.kkl.si\/wp-content\/uploads\/2024\/11\/plakat_20let_GKD_100cm_2024_07-scaled-150x150.jpg\" class=\"attachment-thumbnail size-thumbnail\" alt=\"\" \/><\/a>\n\t\t\t<\/dt><\/dl><dl class='gallery-item'>\n\t\t\t<dt class='gallery-icon portrait'>\n\t\t\t\t<a href='https:\/\/www1.kkl.si\/wp-content\/uploads\/2024\/11\/plakat_20let_GKD_100cm_2024_08-scaled.jpg'><img loading=\"lazy\" decoding=\"async\" width=\"150\" height=\"150\" src=\"https:\/\/www1.kkl.si\/wp-content\/uploads\/2024\/11\/plakat_20let_GKD_100cm_2024_08-scaled-150x150.jpg\" class=\"attachment-thumbnail size-thumbnail\" alt=\"\" \/><\/a>\n\t\t\t<\/dt><\/dl><dl class='gallery-item'>\n\t\t\t<dt class='gallery-icon portrait'>\n\t\t\t\t<a href='https:\/\/www1.kkl.si\/wp-content\/uploads\/2024\/11\/plakat_20let_GKD_100cm_2024_09-scaled.jpg'><img loading=\"lazy\" decoding=\"async\" width=\"150\" height=\"150\" src=\"https:\/\/www1.kkl.si\/wp-content\/uploads\/2024\/11\/plakat_20let_GKD_100cm_2024_09-scaled-150x150.jpg\" class=\"attachment-thumbnail size-thumbnail\" alt=\"\" \/><\/a>\n\t\t\t<\/dt><\/dl><dl class='gallery-item'>\n\t\t\t<dt class='gallery-icon portrait'>\n\t\t\t\t<a href='https:\/\/www1.kkl.si\/wp-content\/uploads\/2024\/11\/plakat_20let_GKD_100cm_2024_10-scaled.jpg'><img loading=\"lazy\" decoding=\"async\" width=\"150\" height=\"150\" src=\"https:\/\/www1.kkl.si\/wp-content\/uploads\/2024\/11\/plakat_20let_GKD_100cm_2024_10-scaled-150x150.jpg\" class=\"attachment-thumbnail size-thumbnail\" alt=\"\" \/><\/a>\n\t\t\t<\/dt><\/dl><dl class='gallery-item'>\n\t\t\t<dt class='gallery-icon portrait'>\n\t\t\t\t<a href='https:\/\/www1.kkl.si\/wp-content\/uploads\/2024\/11\/plakat_20let_GKD_100cm_2024_11-scaled.jpg'><img loading=\"lazy\" decoding=\"async\" width=\"150\" height=\"150\" src=\"https:\/\/www1.kkl.si\/wp-content\/uploads\/2024\/11\/plakat_20let_GKD_100cm_2024_11-scaled-150x150.jpg\" class=\"attachment-thumbnail size-thumbnail\" alt=\"\" \/><\/a>\n\t\t\t<\/dt><\/dl><dl class='gallery-item'>\n\t\t\t<dt class='gallery-icon portrait'>\n\t\t\t\t<a href='https:\/\/www1.kkl.si\/wp-content\/uploads\/2024\/11\/plakat_20let_GKD_100cm_2024_12-scaled.jpg'><img loading=\"lazy\" decoding=\"async\" width=\"150\" height=\"150\" src=\"https:\/\/www1.kkl.si\/wp-content\/uploads\/2024\/11\/plakat_20let_GKD_100cm_2024_12-scaled-150x150.jpg\" class=\"attachment-thumbnail size-thumbnail\" alt=\"\" \/><\/a>\n\t\t\t<\/dt><\/dl><br style=\"clear: both\" \/><dl class='gallery-item'>\n\t\t\t<dt class='gallery-icon portrait'>\n\t\t\t\t<a href='https:\/\/www1.kkl.si\/wp-content\/uploads\/2024\/11\/plakat_20let_GKD_100cm_2024_13-scaled.jpg'><img loading=\"lazy\" decoding=\"async\" width=\"150\" height=\"150\" src=\"https:\/\/www1.kkl.si\/wp-content\/uploads\/2024\/11\/plakat_20let_GKD_100cm_2024_13-scaled-150x150.jpg\" class=\"attachment-thumbnail size-thumbnail\" alt=\"\" \/><\/a>\n\t\t\t<\/dt><\/dl><dl class='gallery-item'>\n\t\t\t<dt class='gallery-icon portrait'>\n\t\t\t\t<a href='https:\/\/www1.kkl.si\/wp-content\/uploads\/2024\/11\/plakat_20let_GKD_100cm_2024_14-scaled.jpg'><img loading=\"lazy\" decoding=\"async\" width=\"150\" height=\"150\" src=\"https:\/\/www1.kkl.si\/wp-content\/uploads\/2024\/11\/plakat_20let_GKD_100cm_2024_14-scaled-150x150.jpg\" class=\"attachment-thumbnail size-thumbnail\" alt=\"\" \/><\/a>\n\t\t\t<\/dt><\/dl><dl class='gallery-item'>\n\t\t\t<dt class='gallery-icon portrait'>\n\t\t\t\t<a href='https:\/\/www1.kkl.si\/wp-content\/uploads\/2024\/11\/plakat_20let_GKD_100cm_2024_15-scaled.jpg'><img loading=\"lazy\" decoding=\"async\" width=\"150\" height=\"150\" src=\"https:\/\/www1.kkl.si\/wp-content\/uploads\/2024\/11\/plakat_20let_GKD_100cm_2024_15-scaled-150x150.jpg\" class=\"attachment-thumbnail size-thumbnail\" alt=\"\" \/><\/a>\n\t\t\t<\/dt><\/dl><dl class='gallery-item'>\n\t\t\t<dt class='gallery-icon portrait'>\n\t\t\t\t<a href='https:\/\/www1.kkl.si\/wp-content\/uploads\/2024\/11\/plakat_20let_GKD_100cm_2024_16-scaled.jpg'><img loading=\"lazy\" decoding=\"async\" width=\"150\" height=\"150\" src=\"https:\/\/www1.kkl.si\/wp-content\/uploads\/2024\/11\/plakat_20let_GKD_100cm_2024_16-scaled-150x150.jpg\" class=\"attachment-thumbnail size-thumbnail\" alt=\"\" \/><\/a>\n\t\t\t<\/dt><\/dl>\n\t\t\t<br style='clear: both' \/>\n\t\t<\/div>\n\n<hr \/>\n<p><span style=\"font-size: 24pt;\"><i class=\"fas fa-play-circle\"><\/i> Film: 20. obletnica Gledali\u0161ke in koncertne dvorane Lendava<\/span><\/p>\n<p><iframe loading=\"lazy\" title=\"20. obletnica GKD Lendava - A lendvai Sz\u00ednh\u00e1z- \u00e9s hangversenyterem 20. \u00e9vfordul\u00f3ja\" width=\"720\" height=\"405\" src=\"https:\/\/www.youtube.com\/embed\/95-aQATJfag?feature=oembed\" frameborder=\"0\" allow=\"accelerometer; autoplay; clipboard-write; encrypted-media; gyroscope; picture-in-picture; web-share\" referrerpolicy=\"strict-origin-when-cross-origin\" allowfullscreen><\/iframe><\/p>\n","protected":false},"excerpt":{"rendered":"<p>Pod lendavskimi vinogradi, v osr\u010dju mestnega jedra Lendave se nahaja ena najbolj veli\u010dastnih zgradb v regiji. V njej se nahaja Gledali\u0161ka in koncertna dvorana Lendava, Lendav\u010dani ji radi re\u010demo kar kulturni dom. Je nenavadnega videza, ki privla\u010di poglede in daje prostor za dru\u017eenje, kulturo, zabavo in izobra\u017eevanje \u017ee 20 let. Zavese so se prvi\u010d odstrle [&hellip;]<\/p>\n","protected":false},"author":2,"featured_media":19794,"parent":0,"menu_order":0,"comment_status":"closed","ping_status":"closed","template":"","meta":{"footnotes":""},"class_list":["post-19843","page","type-page","status-publish","has-post-thumbnail","hentry","post","post-with-thumbnail","post-with-thumbnail-icon"],"_links":{"self":[{"href":"https:\/\/www1.kkl.si\/sl\/wp-json\/wp\/v2\/pages\/19843","targetHints":{"allow":["GET"]}}],"collection":[{"href":"https:\/\/www1.kkl.si\/sl\/wp-json\/wp\/v2\/pages"}],"about":[{"href":"https:\/\/www1.kkl.si\/sl\/wp-json\/wp\/v2\/types\/page"}],"author":[{"embeddable":true,"href":"https:\/\/www1.kkl.si\/sl\/wp-json\/wp\/v2\/users\/2"}],"replies":[{"embeddable":true,"href":"https:\/\/www1.kkl.si\/sl\/wp-json\/wp\/v2\/comments?post=19843"}],"version-history":[{"count":4,"href":"https:\/\/www1.kkl.si\/sl\/wp-json\/wp\/v2\/pages\/19843\/revisions"}],"predecessor-version":[{"id":19865,"href":"https:\/\/www1.kkl.si\/sl\/wp-json\/wp\/v2\/pages\/19843\/revisions\/19865"}],"wp:featuredmedia":[{"embeddable":true,"href":"https:\/\/www1.kkl.si\/sl\/wp-json\/wp\/v2\/media\/19794"}],"wp:attachment":[{"href":"https:\/\/www1.kkl.si\/sl\/wp-json\/wp\/v2\/media?parent=19843"}],"curies":[{"name":"wp","href":"https:\/\/api.w.org\/{rel}","templated":true}]}}