{"id":19972,"date":"2024-11-24T22:46:38","date_gmt":"2024-11-24T21:46:38","guid":{"rendered":"https:\/\/www1.kkl.si\/?page_id=19972"},"modified":"2024-11-27T13:05:18","modified_gmt":"2024-11-27T12:05:18","slug":"siti-teater-btc-perica-jerkovic-in-robert-petan-la-la-lajf","status":"publish","type":"page","link":"https:\/\/www1.kkl.si\/sl\/siti-teater-btc-perica-jerkovic-in-robert-petan-la-la-lajf\/","title":{"rendered":"SiTi Teater BTC | Perica Jerkovi\u0107 in Robert Petan: LA LA LAJF"},"content":{"rendered":"<div class=\"opis\"><i class=\"fas fa-clock\"><\/i> <strong>sobota, 30. november 2024, ob 19.00 uri<\/strong> | Gledali\u0161ka in koncertna dvorana Lendava<img loading=\"lazy\" decoding=\"async\" class=\"alignright\" title=\"Brezpla\u010dna prireditev\" src=\"https:\/\/www1.kkl.si\/wp-content\/uploads\/2020\/07\/spored_simb_brezplacna-1.svg\" alt=\"brezplacna\" width=\"30\" height=\"30\" \/><br \/>\n<i class=\"fas fa-chevron-circle-right\"><\/i>\u00a0 <strong>glasbeno-komi\u010dni \u0161ov<\/strong><br \/>\n<span class=\"premiera\">VSTOP PROST.<\/span> Brezpla\u010dne vstopnice se lahko prevzamejo na blagajni Gledali\u0161ke in koncertne dvorane Lendava.<br \/>\nOrganizator: <a href=\"https:\/\/www.kkl.si\/\">Knji\u017enica \u2013 Kulturni center Lendava \u2013 Lendvai K\u00f6nyvt\u00e1r \u00e9s Kultur\u00e1lis K\u00f6zpont<\/a><\/div>\n<div><a href=\"https:\/\/www1.kkl.si\/wp-content\/uploads\/2024\/11\/siti_teater_LALALAJF.jpg\" data-lbwps-width=\"2048\" data-lbwps-height=\"1076\" data-lbwps-srcsmall=\"https:\/\/www1.kkl.si\/wp-content\/uploads\/2024\/11\/siti_teater_LALALAJF-400x210.jpg\"><img loading=\"lazy\" decoding=\"async\" class=\"alignnone size-large wp-image-19973\" src=\"https:\/\/www1.kkl.si\/wp-content\/uploads\/2024\/11\/siti_teater_LALALAJF-1500x788.jpg\" alt=\"\" width=\"1500\" height=\"788\" srcset=\"https:\/\/www1.kkl.si\/wp-content\/uploads\/2024\/11\/siti_teater_LALALAJF-1500x788.jpg 1500w, https:\/\/www1.kkl.si\/wp-content\/uploads\/2024\/11\/siti_teater_LALALAJF-400x210.jpg 400w, https:\/\/www1.kkl.si\/wp-content\/uploads\/2024\/11\/siti_teater_LALALAJF.jpg 2048w\" sizes=\"auto, (max-width: 1500px) 100vw, 1500px\" \/><\/a><\/div>\n<div class=\"vsebina\">\n<div><span style=\"font-size: 18pt;\"><strong>O predstavi<\/strong><\/span><\/div>\n<div>\u00a0<\/div>\n<div class=\"vsebina-besedilo\"><a href=\"https:\/\/www1.kkl.si\/wp-content\/uploads\/2024\/11\/plakat_B1_praznicni_prog_2024_DVOJ.jpg\" data-lbwps-width=\"2100\" data-lbwps-height=\"3000\" data-lbwps-srcsmall=\"https:\/\/www1.kkl.si\/wp-content\/uploads\/2024\/11\/plakat_B1_praznicni_prog_2024_DVOJ.jpg\"><img loading=\"lazy\" decoding=\"async\" class=\"alignright size-medium wp-image-19931\" src=\"https:\/\/www1.kkl.si\/wp-content\/uploads\/2024\/11\/plakat_B1_praznicni_prog_2024_DVOJ-scaled-280x400.jpg\" alt=\"\" width=\"280\" height=\"400\" srcset=\"https:\/\/www1.kkl.si\/wp-content\/uploads\/2024\/11\/plakat_B1_praznicni_prog_2024_DVOJ-scaled-280x400.jpg 280w, https:\/\/www1.kkl.si\/wp-content\/uploads\/2024\/11\/plakat_B1_praznicni_prog_2024_DVOJ-scaled-1050x1500.jpg 1050w, https:\/\/www1.kkl.si\/wp-content\/uploads\/2024\/11\/plakat_B1_praznicni_prog_2024_DVOJ-scaled.jpg 1792w\" sizes=\"auto, (max-width: 280px) 100vw, 280px\" \/><\/a>ROJSTVO! Se ga ne spomnim najbolje &#8230;<br \/>\nVRTEC! Ko si sre\u010den, br\u017e ponovi vse od prej!<br \/>\nVALETA! To, kooon\u010dno je konec te osnovne!<br \/>\nMATURANC! To, kooon\u010dno je konec te srednje! Juhuuu!<br \/>\nDIPLOMA! To, kooon\u010dno \u2026 \u010caki malo, tole mi je nekam znano.<br \/>\nSLU\u017dBA! Fak, tu sploh ni noben&#8217;ga &#8220;kon\u010dno&#8221;! Jaz bom garal do smrti!<br \/>\nSTAR\u0160EVSTVO! Meni se bo zme\u0161alo en dan. Tako je imeti otroke, al&#8217; kaj? Fak! Mi nismo bili tak\u0161ni, prise\u017eem! Mi smo se cele dneve igrali na ulici, samo nafutrali so nas vmes!<br \/>\nABRAHAM! Kdaj?! Kako?! Kdo je ta nagubana, osivela podoba v ogledalu?<br \/>\nPENZIJA! Danes je dober dan, ena okon\u010dina me celo ne boli. Grem po\u010dasi kar parcele na britofu po\u010dekirat.<br \/>\nVNUKI! Heh, klovni mali, ko bi le vedeli &#8230;<br \/>\nSMRT! No ja, cajt je \u017ee bil.<\/div>\n<div>\u00a0<\/div>\n<div class=\"vsebina-besedilo\">\nPredstava La La Lajf je novi \u0161ov tandema <strong>Perica Jerkovi\u0107 &amp; Robert Petan<\/strong>, ki sta nas nedolgo nazaj navdu\u0161evala s komedijo <em>Zbogom korona, mi gremo na dopust<\/em>. Skozi ske\u010de, songe in stand-up komedijo tokrat na odru do\u010darata vse kar \u017eivljenje prinese. Vrt\u010devsko rajanje, mladostni\u0161ko popivanje v parku, poro\u010dno slavje, poletna \u017eurka na pla\u017ei, novoletna sindikalna zabava ali sedmina.<\/div>\n<div>\u00a0<\/div>\n<div class=\"vsebina-besedilo\">\u017divljenje je \u017eur &#8211; fajn se bo\u0161 imel le, \u010de ga ne dojema\u0161 preresno.<\/div>\n<\/div>\n<div>\u00a0<\/div>\n<div>\u00a0<\/div>\n<div>\n\n\t\t<style type=\"text\/css\">\n\t\t\t#gallery-1 {\n\t\t\t\tmargin: auto;\n\t\t\t}\n\t\t\t#gallery-1 .gallery-item {\n\t\t\t\tfloat: left;\n\t\t\t\tmargin-top: 10px;\n\t\t\t\ttext-align: center;\n\t\t\t\twidth: 16%;\n\t\t\t}\n\t\t\t#gallery-1 img {\n\t\t\t\tborder: 2px solid #cfcfcf;\n\t\t\t}\n\t\t\t#gallery-1 .gallery-caption {\n\t\t\t\tmargin-left: 0;\n\t\t\t}\n\t\t\t\/* see gallery_shortcode() in wp-includes\/media.php *\/\n\t\t<\/style>\n\t\t<div id='gallery-1' class='gallery galleryid-19972 gallery-columns-6 gallery-size-thumbnail'><dl class='gallery-item'>\n\t\t\t<dt class='gallery-icon landscape'>\n\t\t\t\t<a href='https:\/\/www1.kkl.si\/wp-content\/uploads\/2024\/11\/la_la_lajf1.jpg'><img loading=\"lazy\" decoding=\"async\" width=\"150\" height=\"150\" src=\"https:\/\/www1.kkl.si\/wp-content\/uploads\/2024\/11\/la_la_lajf1-150x150.jpg\" class=\"attachment-thumbnail size-thumbnail\" alt=\"\" \/><\/a>\n\t\t\t<\/dt><\/dl><dl class='gallery-item'>\n\t\t\t<dt class='gallery-icon landscape'>\n\t\t\t\t<a href='https:\/\/www1.kkl.si\/wp-content\/uploads\/2024\/11\/la_la_lajf2.jpg'><img loading=\"lazy\" decoding=\"async\" width=\"150\" height=\"150\" src=\"https:\/\/www1.kkl.si\/wp-content\/uploads\/2024\/11\/la_la_lajf2-150x150.jpg\" class=\"attachment-thumbnail size-thumbnail\" alt=\"\" \/><\/a>\n\t\t\t<\/dt><\/dl><dl class='gallery-item'>\n\t\t\t<dt class='gallery-icon landscape'>\n\t\t\t\t<a href='https:\/\/www1.kkl.si\/wp-content\/uploads\/2024\/11\/la_la_lajf3.jpg'><img loading=\"lazy\" decoding=\"async\" width=\"150\" height=\"150\" src=\"https:\/\/www1.kkl.si\/wp-content\/uploads\/2024\/11\/la_la_lajf3-150x150.jpg\" class=\"attachment-thumbnail size-thumbnail\" alt=\"\" \/><\/a>\n\t\t\t<\/dt><\/dl><dl class='gallery-item'>\n\t\t\t<dt class='gallery-icon landscape'>\n\t\t\t\t<a href='https:\/\/www1.kkl.si\/wp-content\/uploads\/2024\/11\/la_la_lajf4.jpg'><img loading=\"lazy\" decoding=\"async\" width=\"150\" height=\"150\" src=\"https:\/\/www1.kkl.si\/wp-content\/uploads\/2024\/11\/la_la_lajf4-150x150.jpg\" class=\"attachment-thumbnail size-thumbnail\" alt=\"\" \/><\/a>\n\t\t\t<\/dt><\/dl>\n\t\t\t<br style='clear: both' \/>\n\t\t<\/div>\n\n<\/div>\n<p><i class=\"fas fa-link\"><\/i> <a href=\"https:\/\/www.sititeater.si\/predstave-siti-teatra-btc\/la-la-lajf\/\">https:\/\/www.sititeater.si\/predstave-siti-teatra-btc\/la-la-lajf\/<\/a><\/p>\n<hr \/>\n<p>Predstavo v Gledali\u0161ki in koncertni dvorani Lendava je podprlo <a href=\"https:\/\/www.gov.si\/drzavni-organi\/ministrstva\/ministrstvo-za-kulturo\/\">Ministrstvo za kulturo Republike Slovenije<\/a>.<\/p>\n","protected":false},"excerpt":{"rendered":"<p>sobota, 30. november 2024, ob 19.00 uri | Gledali\u0161ka in koncertna dvorana Lendava \u00a0 glasbeno-komi\u010dni \u0161ov VSTOP PROST. Brezpla\u010dne vstopnice se lahko prevzamejo na blagajni Gledali\u0161ke in koncertne dvorane Lendava. Organizator: Knji\u017enica \u2013 Kulturni center Lendava \u2013 Lendvai K\u00f6nyvt\u00e1r \u00e9s Kultur\u00e1lis K\u00f6zpont O predstavi \u00a0 ROJSTVO! Se ga ne spomnim najbolje &#8230; VRTEC! Ko si [&hellip;]<\/p>\n","protected":false},"author":2,"featured_media":19973,"parent":0,"menu_order":0,"comment_status":"closed","ping_status":"closed","template":"","meta":{"footnotes":""},"class_list":["post-19972","page","type-page","status-publish","has-post-thumbnail","hentry","post","post-with-thumbnail","post-with-thumbnail-icon"],"_links":{"self":[{"href":"https:\/\/www1.kkl.si\/sl\/wp-json\/wp\/v2\/pages\/19972","targetHints":{"allow":["GET"]}}],"collection":[{"href":"https:\/\/www1.kkl.si\/sl\/wp-json\/wp\/v2\/pages"}],"about":[{"href":"https:\/\/www1.kkl.si\/sl\/wp-json\/wp\/v2\/types\/page"}],"author":[{"embeddable":true,"href":"https:\/\/www1.kkl.si\/sl\/wp-json\/wp\/v2\/users\/2"}],"replies":[{"embeddable":true,"href":"https:\/\/www1.kkl.si\/sl\/wp-json\/wp\/v2\/comments?post=19972"}],"version-history":[{"count":10,"href":"https:\/\/www1.kkl.si\/sl\/wp-json\/wp\/v2\/pages\/19972\/revisions"}],"predecessor-version":[{"id":20157,"href":"https:\/\/www1.kkl.si\/sl\/wp-json\/wp\/v2\/pages\/19972\/revisions\/20157"}],"wp:featuredmedia":[{"embeddable":true,"href":"https:\/\/www1.kkl.si\/sl\/wp-json\/wp\/v2\/media\/19973"}],"wp:attachment":[{"href":"https:\/\/www1.kkl.si\/sl\/wp-json\/wp\/v2\/media?parent=19972"}],"curies":[{"name":"wp","href":"https:\/\/api.w.org\/{rel}","templated":true}]}}