{"id":20048,"date":"2024-11-26T15:37:04","date_gmt":"2024-11-26T14:37:04","guid":{"rendered":"https:\/\/www1.kkl.si\/?page_id=20048"},"modified":"2024-11-26T16:19:58","modified_gmt":"2024-11-26T15:19:58","slug":"ku-kuc-gledalisce-mirko-in-carobne-lucke","status":"publish","type":"page","link":"https:\/\/www1.kkl.si\/sl\/ku-kuc-gledalisce-mirko-in-carobne-lucke\/","title":{"rendered":"KU-KUC gledali\u0161\u010de: Mirko in \u010darobne lu\u010dke"},"content":{"rendered":"<div class=\"opis\"><i class=\"fas fa-clock\"><\/i> <strong>ponedeljek, 2. december 2024, ob 17.00 uri<\/strong> | Gledali\u0161ka in koncertna dvorana Lendava<img loading=\"lazy\" decoding=\"async\" class=\"alignright\" title=\"Brezpla\u010dna prireditev\" src=\"https:\/\/www1.kkl.si\/wp-content\/uploads\/2020\/07\/spored_simb_brezplacna-1.svg\" alt=\"brezplacna\" width=\"30\" height=\"30\" \/><br \/>\n<i class=\"fas fa-chevron-circle-right\"><\/i>\u00a0 <strong>otro\u0161ka predstava\u00a0<span class=\"starost\">3+<\/span><\/strong><br \/>\n<span class=\"premiera\">Vstop je prost.<\/span> Brezpla\u010dne vstopnice se lahko prevzamejo na blagajni.<br \/>\nOrganizator: <a href=\"https:\/\/www.kkl.si\/\">Knji\u017enica \u2013 Kulturni center Lendava \u2013 Lendvai K\u00f6nyvt\u00e1r \u00e9s Kultur\u00e1lis K\u00f6zpont<\/a><\/div>\n<p><strong><span style=\"font-size: 18pt;\"><a href=\"https:\/\/www1.kkl.si\/wp-content\/uploads\/2024\/11\/naslovna_jelencek_2024-1024x512-1.jpg\" data-lbwps-width=\"1024\" data-lbwps-height=\"512\" data-lbwps-srcsmall=\"https:\/\/www1.kkl.si\/wp-content\/uploads\/2024\/11\/naslovna_jelencek_2024-1024x512-1-400x200.jpg\"><img loading=\"lazy\" decoding=\"async\" class=\"alignnone size-large wp-image-20071\" src=\"https:\/\/www1.kkl.si\/wp-content\/uploads\/2024\/11\/naslovna_jelencek_2024-1024x512-1-1024x512.jpg\" alt=\"\" width=\"1024\" height=\"512\" srcset=\"https:\/\/www1.kkl.si\/wp-content\/uploads\/2024\/11\/naslovna_jelencek_2024-1024x512-1.jpg 1024w, https:\/\/www1.kkl.si\/wp-content\/uploads\/2024\/11\/naslovna_jelencek_2024-1024x512-1-400x200.jpg 400w\" sizes=\"auto, (max-width: 1024px) 100vw, 1024px\" \/><\/a><\/span><\/strong><\/p>\n<p><strong><span style=\"font-size: 18pt;\">O avtorjih<\/span><\/strong><\/p>\n<p><strong><a href=\"https:\/\/www1.kkl.si\/wp-content\/uploads\/2024\/11\/plakat_B1_praznicni_prog_2024_DVOJ.jpg\" data-lbwps-width=\"2100\" data-lbwps-height=\"3000\" data-lbwps-srcsmall=\"https:\/\/www1.kkl.si\/wp-content\/uploads\/2024\/11\/plakat_B1_praznicni_prog_2024_DVOJ.jpg\"><img loading=\"lazy\" decoding=\"async\" class=\"alignright size-medium wp-image-19933\" src=\"https:\/\/www1.kkl.si\/wp-content\/uploads\/2024\/11\/plakat_B1_praznicni_prog_2024_DVOJ-scaled-280x400.jpg\" alt=\"\" width=\"280\" height=\"400\" srcset=\"https:\/\/www1.kkl.si\/wp-content\/uploads\/2024\/11\/plakat_B1_praznicni_prog_2024_DVOJ-scaled-280x400.jpg 280w, https:\/\/www1.kkl.si\/wp-content\/uploads\/2024\/11\/plakat_B1_praznicni_prog_2024_DVOJ-scaled-1050x1500.jpg 1050w, https:\/\/www1.kkl.si\/wp-content\/uploads\/2024\/11\/plakat_B1_praznicni_prog_2024_DVOJ-scaled.jpg 1792w\" sizes=\"auto, (max-width: 280px) 100vw, 280px\" \/><\/a><\/strong>Zgodba in idejna zasnova: Ur\u0161ka Ra\u0161\u010dan<br \/>\nLikovna podoba: Sandra Horvat, Tija Senjur<br \/>\nScenarij, re\u017eija in igra: Ur\u0161ka Ra\u0161\u010dan<br \/>\nKostumografija: Sandra Horvat<br \/>\nScenografija: Jure Forjan, Sandra Horvat, Jo\u017ee Horvat<br \/>\nKonstrukcija: Jure Forjan<br \/>\nScenski rekviziti: Sandra Horvat<br \/>\nOblikovanje lutk: Olaf Matthies<br \/>\nGlasbene podlage: Ajda Bukovec<br \/>\nIzbor songov: Ur\u0161ka Ra\u0161\u010dan<\/p>\n<p><span style=\"font-size: 18pt;\"><strong>O predstavi<\/strong><\/span><\/p>\n<p>December je najbolj \u010daroben mesec v Ulici Lu\u010dk. Jelen\u010dek Mirko vse leto \u010daka, da bo iz kuhinje gospe Kova\u010deve zadi\u0161alo po cimetovih poljub\u010dkih, da se bodo zasli\u0161ali zvon\u010dki in bodo pisane lu\u010dke na veliki \u017eupanovi smreki za\u017earele v vsem prazni\u010dnem veselju.<\/p>\n<p>Mirko prihiti na ulico, vendar ne sli\u0161i zvon\u010dkov in na veliki smreki ne \u017earijo lu\u010dke. Tudi vonj po cimetu se ne vije med hi\u0161ami kot vsako leto. Nekaj je hudo narobe. Tako zelo narobe, da mali jelen\u010dek sam ne bo zmogel re\u0161iti soseske. Morda pa na pomo\u010d prisko\u010dijo otroci iz publike in nas spomnijo kaj je zares pomembno.<\/p>\n<p>Topla in ne\u017ena zimska pravljica, polna humorja, navdu\u0161i razli\u010dno stare otroke, se dotakne njihovih star\u0161ev in se \u010dudovito zlije s prihodom in obdarovanjem dobrega mo\u017ea.<\/p>\n<p>&nbsp;<\/p>\n<p><strong>Drobtinica iz scenarija<\/strong><\/p>\n<p>Gospod Travnikar \u017ealostno pokuka skozi okno.<br \/>\nGospod Travnikar: \u00bbA je \u017ee december?\u00ab<br \/>\nJelen\u010dek Mirko: \u00bbJaa, december je. Lu\u010dke morate popraviti!\u00ab<br \/>\nGospod Travnikar: \u00bbLu\u010dke, lu\u010dke \u2026\u00ab<br \/>\nJelen\u010dek Mirko: \u00bbRad bi vam pomagal.\u00ab<br \/>\nGospod Travnikar: \u00bbLetos ne bom pri\u017egal lu\u010dk.\u00ab<br \/>\nJelen\u010dek Mirko: \u00bbZakaj?\u00ab<br \/>\nGospod Travnikar: \u00bbVsi se dr\u017eijo bolj doma. Nikogar ni, ki bi ob\u010dudoval moje lu\u010dke.\u00ab<br \/>\nJelen\u010dek Mirko: \u00bbAmpak Bo\u017ei\u010dek na\u0161e ulice ne bo na\u0161el, \u010de ne bodo gorele lu\u010dke!\u00ab<br \/>\nGospod Travnikar: \u00bbNaj te ne skrbi. \u017dupan mu bo napisal mail.\u00ab<\/p>\n<p>&nbsp;<\/p>\n\n\t\t<style type=\"text\/css\">\n\t\t\t#gallery-1 {\n\t\t\t\tmargin: auto;\n\t\t\t}\n\t\t\t#gallery-1 .gallery-item {\n\t\t\t\tfloat: left;\n\t\t\t\tmargin-top: 10px;\n\t\t\t\ttext-align: center;\n\t\t\t\twidth: 16%;\n\t\t\t}\n\t\t\t#gallery-1 img {\n\t\t\t\tborder: 2px solid #cfcfcf;\n\t\t\t}\n\t\t\t#gallery-1 .gallery-caption {\n\t\t\t\tmargin-left: 0;\n\t\t\t}\n\t\t\t\/* see gallery_shortcode() in wp-includes\/media.php *\/\n\t\t<\/style>\n\t\t<div id='gallery-1' class='gallery galleryid-20048 gallery-columns-6 gallery-size-thumbnail'><dl class='gallery-item'>\n\t\t\t<dt class='gallery-icon landscape'>\n\t\t\t\t<a href='https:\/\/www1.kkl.si\/wp-content\/uploads\/2024\/11\/foto_jelencek_2024-001.jpg'><img loading=\"lazy\" decoding=\"async\" width=\"150\" height=\"150\" src=\"https:\/\/www1.kkl.si\/wp-content\/uploads\/2024\/11\/foto_jelencek_2024-001-150x150.jpg\" class=\"attachment-thumbnail size-thumbnail\" alt=\"\" \/><\/a>\n\t\t\t<\/dt><\/dl><dl class='gallery-item'>\n\t\t\t<dt class='gallery-icon landscape'>\n\t\t\t\t<a href='https:\/\/www1.kkl.si\/wp-content\/uploads\/2024\/11\/foto_jelencek_2024-002.jpg'><img loading=\"lazy\" decoding=\"async\" width=\"150\" height=\"150\" src=\"https:\/\/www1.kkl.si\/wp-content\/uploads\/2024\/11\/foto_jelencek_2024-002-150x150.jpg\" class=\"attachment-thumbnail size-thumbnail\" alt=\"\" \/><\/a>\n\t\t\t<\/dt><\/dl><dl class='gallery-item'>\n\t\t\t<dt class='gallery-icon landscape'>\n\t\t\t\t<a href='https:\/\/www1.kkl.si\/wp-content\/uploads\/2024\/11\/foto_jelencek_2024-003.jpg'><img loading=\"lazy\" decoding=\"async\" width=\"150\" height=\"150\" src=\"https:\/\/www1.kkl.si\/wp-content\/uploads\/2024\/11\/foto_jelencek_2024-003-150x150.jpg\" class=\"attachment-thumbnail size-thumbnail\" alt=\"\" \/><\/a>\n\t\t\t<\/dt><\/dl><dl class='gallery-item'>\n\t\t\t<dt class='gallery-icon landscape'>\n\t\t\t\t<a href='https:\/\/www1.kkl.si\/wp-content\/uploads\/2024\/11\/foto_jelencek_2024-004.jpg'><img loading=\"lazy\" decoding=\"async\" width=\"150\" height=\"150\" src=\"https:\/\/www1.kkl.si\/wp-content\/uploads\/2024\/11\/foto_jelencek_2024-004-150x150.jpg\" class=\"attachment-thumbnail size-thumbnail\" alt=\"\" \/><\/a>\n\t\t\t<\/dt><\/dl><dl class='gallery-item'>\n\t\t\t<dt class='gallery-icon landscape'>\n\t\t\t\t<a href='https:\/\/www1.kkl.si\/wp-content\/uploads\/2024\/11\/foto_jelencek_2024-005.jpg'><img loading=\"lazy\" decoding=\"async\" width=\"150\" height=\"150\" src=\"https:\/\/www1.kkl.si\/wp-content\/uploads\/2024\/11\/foto_jelencek_2024-005-150x150.jpg\" class=\"attachment-thumbnail size-thumbnail\" alt=\"\" \/><\/a>\n\t\t\t<\/dt><\/dl><dl class='gallery-item'>\n\t\t\t<dt class='gallery-icon landscape'>\n\t\t\t\t<a href='https:\/\/www1.kkl.si\/wp-content\/uploads\/2024\/11\/foto_jelencek_2024-006.jpg'><img loading=\"lazy\" decoding=\"async\" width=\"150\" height=\"150\" src=\"https:\/\/www1.kkl.si\/wp-content\/uploads\/2024\/11\/foto_jelencek_2024-006-150x150.jpg\" class=\"attachment-thumbnail size-thumbnail\" alt=\"\" \/><\/a>\n\t\t\t<\/dt><\/dl><br style=\"clear: both\" \/>\n\t\t<\/div>\n\n<hr \/>\n<p><strong>Najbolj primerna za:<\/strong> Vrtec 1-3, Vrtec 3-6, O\u0160 I. triada, O\u0160 II. triada<br \/>\n<strong>Obravnavane teme:<\/strong> PRAZNIKI, OBDAROVANJE, DRU\u017dINA, PRIJATELJSTVO, DOMI\u0160LJIJA, SODELOVANJE, SKROMNOST, OBI\u010cAJI<br \/>\n<strong>Vloga gledalcev:<\/strong> Otroci v publiki postanejo \u010disto pravi skrivni Bo\u017ei\u010dkovi pomo\u010dniki in re\u0161ijo praznike v Ulici Lu\u010dk.<\/p>\n<p><strong>Trajanje:<\/strong> cca. 35 min<\/p>\n<p><i class=\"fas fa-link\"><\/i> <a href=\"https:\/\/kukucpredstave.com\/portfolio-item\/mirko-in-carobne-lucke\/\">https:\/\/kukucpredstave.com\/portfolio-item\/mirko-in-carobne-lucke\/<\/a><\/p>\n<blockquote><p>Po otro\u0161ki predstavi sledijo Gledali\u0161ke skrivnosti \u2013 ustvarjalne delavnice za otroke v izvedbi Artforest.<\/p><\/blockquote>\n<hr \/>\n<p>Predstavo v Gledali\u0161ki in koncertni dvorani Lendava je podprlo <a href=\"https:\/\/www.gov.si\/drzavni-organi\/ministrstva\/ministrstvo-za-kulturo\/\">Ministrstvo za kulturo Republike Slovenije<\/a>.<\/p>\n","protected":false},"excerpt":{"rendered":"<p>ponedeljek, 2. december 2024, ob 17.00 uri | Gledali\u0161ka in koncertna dvorana Lendava \u00a0 otro\u0161ka predstava\u00a03+ Vstop je prost. Brezpla\u010dne vstopnice se lahko prevzamejo na blagajni. Organizator: Knji\u017enica \u2013 Kulturni center Lendava \u2013 Lendvai K\u00f6nyvt\u00e1r \u00e9s Kultur\u00e1lis K\u00f6zpont O avtorjih Zgodba in idejna zasnova: Ur\u0161ka Ra\u0161\u010dan Likovna podoba: Sandra Horvat, Tija Senjur Scenarij, re\u017eija in [&hellip;]<\/p>\n","protected":false},"author":2,"featured_media":20071,"parent":0,"menu_order":0,"comment_status":"closed","ping_status":"closed","template":"","meta":{"footnotes":""},"class_list":["post-20048","page","type-page","status-publish","has-post-thumbnail","hentry","post","post-with-thumbnail","post-with-thumbnail-icon"],"_links":{"self":[{"href":"https:\/\/www1.kkl.si\/sl\/wp-json\/wp\/v2\/pages\/20048","targetHints":{"allow":["GET"]}}],"collection":[{"href":"https:\/\/www1.kkl.si\/sl\/wp-json\/wp\/v2\/pages"}],"about":[{"href":"https:\/\/www1.kkl.si\/sl\/wp-json\/wp\/v2\/types\/page"}],"author":[{"embeddable":true,"href":"https:\/\/www1.kkl.si\/sl\/wp-json\/wp\/v2\/users\/2"}],"replies":[{"embeddable":true,"href":"https:\/\/www1.kkl.si\/sl\/wp-json\/wp\/v2\/comments?post=20048"}],"version-history":[{"count":11,"href":"https:\/\/www1.kkl.si\/sl\/wp-json\/wp\/v2\/pages\/20048\/revisions"}],"predecessor-version":[{"id":20095,"href":"https:\/\/www1.kkl.si\/sl\/wp-json\/wp\/v2\/pages\/20048\/revisions\/20095"}],"wp:featuredmedia":[{"embeddable":true,"href":"https:\/\/www1.kkl.si\/sl\/wp-json\/wp\/v2\/media\/20071"}],"wp:attachment":[{"href":"https:\/\/www1.kkl.si\/sl\/wp-json\/wp\/v2\/media?parent=20048"}],"curies":[{"name":"wp","href":"https:\/\/api.w.org\/{rel}","templated":true}]}}