{"id":20539,"date":"2024-12-28T14:46:25","date_gmt":"2024-12-28T13:46:25","guid":{"rendered":"https:\/\/www1.kkl.si\/?page_id=20539"},"modified":"2025-10-15T12:57:00","modified_gmt":"2025-10-15T10:57:00","slug":"spored-2025-02","status":"publish","type":"page","link":"https:\/\/www1.kkl.si\/sl\/spored-2025-02\/","title":{"rendered":"SPORED: februar 2025"},"content":{"rendered":"<p><strong>Leto 2025:<\/strong> <a href=\"https:\/\/www1.kkl.si\/sl\/spored-2025-01\/\">januar<\/a> | <a href=\"https:\/\/www1.kkl.si\/sl\/spored-2025-02\/\">februar<\/a> | <a href=\"https:\/\/www1.kkl.si\/sl\/spored-2025-03\/\">marec<\/a> | <a href=\"https:\/\/www1.kkl.si\/sl\/spored-2025-04\/\">april<\/a> | <a href=\"https:\/\/www1.kkl.si\/sl\/spored-2025-05\/\">maj<\/a> | <a href=\"https:\/\/www1.kkl.si\/sl\/spored-2025-06\/\">junij<\/a> | <a href=\"https:\/\/www1.kkl.si\/sl\/spored-2025-07\/\">julij<\/a> | <a href=\"https:\/\/www1.kkl.si\/sl\/spored-2025-08\/\">avgust<\/a> | <a href=\"https:\/\/www1.kkl.si\/sl\/spored-2025-09\/\">september<\/a> | <a href=\"https:\/\/www1.kkl.si\/sl\/spored-2025-10\/\">oktober<\/a> | <a href=\"https:\/\/www1.kkl.si\/sl\/spored-2025-11\/\">november<\/a> | <a href=\"https:\/\/www1.kkl.si\/sl\/spored-2025-12\/\">december<\/a> | <a href=\"https:\/\/www1.kkl.si\/sl\/arhiv-sporeda\/\">ARHIV<\/a><\/p>\n<div style=\"overflow-x: auto;\">\n<table id=\"spored-legenda\" cellspacing=\"0\" cellpadding=\"5\">\n<tbody>\n<tr>\n<td><strong>LEGENDA<br \/>\nSIMBOLOV<\/strong><\/td>\n<td style=\"vertical-align: middle;\"><img loading=\"lazy\" decoding=\"async\" title=\"Slovenski abonma\" src=\"https:\/\/www1.kkl.si\/wp-content\/uploads\/2020\/07\/spored_simb_abonma_si-1.svg\" alt=\"abonma_si\" width=\"30\" height=\"30\" \/><\/td>\n<td>Slovenski<br \/>\nabonma<\/td>\n<td style=\"vertical-align: middle;\"><img loading=\"lazy\" decoding=\"async\" title=\"Mad\u017earski abonma\" src=\"https:\/\/www1.kkl.si\/wp-content\/uploads\/2020\/07\/spored_simb_abonma_hu-1.svg\" alt=\"abonma_hu\" width=\"30\" height=\"30\" \/><\/td>\n<td>Mad\u017earski<br \/>\nabonma<\/td>\n<td style=\"vertical-align: middle;\"><img loading=\"lazy\" decoding=\"async\" title=\"Zaklju\u010dena prireditev\" src=\"https:\/\/www1.kkl.si\/wp-content\/uploads\/2020\/07\/spored_simb_zakljucena-1.svg\" alt=\"zakljucena\" width=\"30\" height=\"30\" \/><\/td>\n<td>Zaklju\u010dena<br \/>\nprireditev<\/td>\n<td style=\"vertical-align: middle;\"><img loading=\"lazy\" decoding=\"async\" title=\"Brezpla\u010dna prireditev\" src=\"https:\/\/www1.kkl.si\/wp-content\/uploads\/2020\/07\/spored_simb_brezplacna-1.svg\" alt=\"brezplacna\" width=\"30\" height=\"30\" \/><\/td>\n<td>Brezpla\u010dna<br \/>\nprireditev<\/td>\n<td style=\"vertical-align: middle;\"><img loading=\"lazy\" decoding=\"async\" title=\"Pla\u010dljiva prireditev\" src=\"https:\/\/www1.kkl.si\/wp-content\/uploads\/2020\/07\/spored_simb_placljiva-1.svg\" alt=\"placljiva\" width=\"30\" height=\"30\" \/><\/td>\n<td>Pla\u010dljiva<br \/>\nprireditev<\/td>\n<td style=\"vertical-align: middle;\"><img loading=\"lazy\" decoding=\"async\" title=\"Novost, sprememba\" src=\"https:\/\/www1.kkl.si\/wp-content\/uploads\/2020\/07\/spored_simb_novost-1.svg\" alt=\"novost\" width=\"30\" height=\"30\" \/><\/td>\n<td>Novost,<br \/>\nsprememba<\/td>\n<\/tr>\n<\/tbody>\n<\/table>\n<\/div>\n<table id=\"sporedtabela\" style=\"width: 100%;\">\n<tbody>\n<tr>\n<td style=\"width: 14.9347%;\">\n<p style=\"text-align: center;\"><span style=\"font-size: 24pt;\"><strong>1.<br \/>\n<\/strong><\/span><\/p>\n<p style=\"text-align: center;\">sobota<\/p>\n<p style=\"text-align: center;\">\u00a0<img loading=\"lazy\" decoding=\"async\" class=\"alignnone\" title=\"Pla\u010dljiva prireditev\" src=\"https:\/\/www1.kkl.si\/wp-content\/uploads\/2020\/07\/spored_simb_placljiva-1.svg\" alt=\"placljiva\" width=\"30\" height=\"30\" \/><\/p>\n<\/td>\n<td style=\"width: 84.5675%;\">\n<p><i class=\"fas fa-clock\"><\/i> <strong>10.30<\/strong> | Gledali\u0161ka in koncertna dvorana Lendava<a href=\"https:\/\/www1.kkl.si\/wp-content\/uploads\/2025\/01\/plakat_B2_hop_z_volkom_2025_DVOJ.jpg\" data-lbwps-width=\"2143\" data-lbwps-height=\"3000\" data-lbwps-srcsmall=\"https:\/\/www1.kkl.si\/wp-content\/uploads\/2025\/01\/plakat_B2_hop_z_volkom_2025_DVOJ.jpg\"><img loading=\"lazy\" decoding=\"async\" class=\"alignright size-thumbnail wp-image-20721\" src=\"https:\/\/www1.kkl.si\/wp-content\/uploads\/2025\/01\/plakat_B2_hop_z_volkom_2025_DVOJ-scaled-150x150.jpg\" alt=\"\" width=\"150\" height=\"150\" \/><\/a><br \/>\n<strong>otro\u0161ka predstava <span class=\"starost\">4+<\/span><br \/>\n<\/strong><\/p>\n<p>Lutkovno gledali\u0161\u010de Velenje &#8211; Festival Velenje:<\/p>\n<p><a href=\"https:\/\/www1.kkl.si\/sl\/lutkovno-gledalisce-velenje-festival-velenje-hop-z-volkom-v-pravljico\/\"><span style=\"font-size: 24pt;\"><strong>Hop z volkom v pravljico!<\/strong><\/span><\/a><\/p>\n<p><i class=\"fas fa-ticket-alt\"><\/i> Cena vstopnice:<strong> 3 \u20ac<\/strong><\/p>\n<p><span style=\"font-size: 10pt;\">Organizator: <a href=\"https:\/\/www.kkl.si\/\">Knji\u017enica \u2013 Kulturni center Lendava \u2013 Lendvai K\u00f6nyvt\u00e1r \u00e9s Kultur\u00e1lis K\u00f6zpont<\/a><\/span><\/p>\n<\/td>\n<\/tr>\n<tr>\n<td style=\"width: 14.9347%;\">\n<p style=\"text-align: center;\"><strong><span style=\"font-size: 24pt;\">7.<\/span><br \/>\n<\/strong><\/p>\n<p style=\"text-align: center;\">petek<\/p>\n<p style=\"text-align: center;\"><img loading=\"lazy\" decoding=\"async\" title=\"Brezpla\u010dna prireditev\" src=\"https:\/\/www1.kkl.si\/wp-content\/uploads\/2020\/07\/spored_simb_brezplacna-1.svg\" alt=\"brezplacna\" width=\"30\" height=\"30\" \/><\/p>\n<\/td>\n<td style=\"width: 84.5675%;\">\n<p><i class=\"fas fa-clock\"><\/i> <strong>17.00<\/strong> | Gledali\u0161ka in koncertna dvorana Lendava<a href=\"https:\/\/www1.kkl.si\/wp-content\/uploads\/2025\/01\/20250207_TV_slovkult_praznik.png\" data-lbwps-width=\"1920\" data-lbwps-height=\"1080\" data-lbwps-srcsmall=\"https:\/\/www1.kkl.si\/wp-content\/uploads\/2025\/01\/20250207_TV_slovkult_praznik-400x225.png\"><img loading=\"lazy\" decoding=\"async\" class=\"alignright size-thumbnail wp-image-20955\" src=\"https:\/\/www1.kkl.si\/wp-content\/uploads\/2025\/01\/20250207_TV_slovkult_praznik-150x150.png\" alt=\"\" width=\"150\" height=\"150\" \/><\/a><br \/>\n<strong>kulturna prireditev, razstava<\/strong><\/p>\n<p><a href=\"https:\/\/www1.kkl.si\/sl\/vabilo-slovenski-kulturni-praznik-2025\/\"><span style=\"font-size: 24pt;\"><strong>Osrednja ob\u010dinska slovesnost ob slovenskem kulturnem prazniku 2025<\/strong><\/span><\/a><\/p>\n<p><span class=\"excerpt\">V avli Gledali\u0161ke in koncertne dvorane Lendava bo razstava Rozalije Vajdi\u010d in Franca Korena z naslovom <em>Zdravje, opredmeteno v \u010dasu.<\/em><\/span><\/p>\n<p><span style=\"font-size: 10pt;\">Organizatorja: <a href=\"https:\/\/www.lendava.si\/\">Ob\u010dina Lendava\/Lendva K\u00f6zs\u00e9g<\/a>,\u00a0<a href=\"https:\/\/www.kkl.si\/\">Knji\u017enica \u2013 Kulturni center Lendava \u2013 Lendvai K\u00f6nyvt\u00e1r \u00e9s Kultur\u00e1lis K\u00f6zpont<\/a><\/span><\/p>\n<\/td>\n<\/tr>\n<tr>\n<td style=\"width: 14.9347%;\">\n<p style=\"text-align: center;\"><strong><span style=\"font-size: 24pt;\">10.<\/span><br \/>\n<\/strong><\/p>\n<p style=\"text-align: center;\">ponedeljek<\/p>\n<p style=\"text-align: center;\"><img loading=\"lazy\" decoding=\"async\" title=\"Mad\u017earski abonma\" src=\"https:\/\/www1.kkl.si\/wp-content\/uploads\/2020\/07\/spored_simb_abonma_hu-1.svg\" alt=\"abonma_hu\" width=\"30\" height=\"30\" \/>\u00a0 <img loading=\"lazy\" decoding=\"async\" class=\"alignnone\" title=\"Pla\u010dljiva prireditev\" src=\"https:\/\/www1.kkl.si\/wp-content\/uploads\/2020\/07\/spored_simb_placljiva-1.svg\" alt=\"placljiva\" width=\"30\" height=\"30\" \/><\/p>\n<\/td>\n<td style=\"width: 84.5675%;\">\n<p><i class=\"fas fa-clock\"><\/i> <strong>19.00<\/strong> | Gledali\u0161ka in koncertna dvorana Lendava<a href=\"https:\/\/www1.kkl.si\/wp-content\/uploads\/2025\/01\/egerfogo_pka2025.jpg\" data-lbwps-width=\"2143\" data-lbwps-height=\"3000\" data-lbwps-srcsmall=\"https:\/\/www1.kkl.si\/wp-content\/uploads\/2025\/01\/egerfogo_pka2025.jpg\"><img loading=\"lazy\" decoding=\"async\" class=\"alignright size-thumbnail wp-image-20916\" src=\"https:\/\/www1.kkl.si\/wp-content\/uploads\/2025\/01\/egerfogo_pka2025-scaled-150x150.jpg\" alt=\"\" width=\"150\" height=\"150\" \/><\/a><br \/>\n<strong>kriminalna zgodba v dveh delih<\/strong><\/p>\n<p>VERES 1 SZ\u00cdNH\u00c1Z, Agatha Christie:<\/p>\n<p><a href=\"https:\/\/www1.kkl.si\/hu\/veres-1-szinhaz-agatha-christie-az-egerfogo\/\"><span style=\"font-size: 24pt;\"><strong>Az eg\u00e9rfog\u00f3<\/strong><\/span><\/a><\/p>\n<p><i class=\"fas fa-ticket-alt\"><\/i> Vstopnina: <strong>17 \u20ac<\/strong>, \u0161tudentje in upokojenci <strong>14 \u20ac<\/strong>. <br \/>\nVstopnice so na voljo od 3. februarja 2025 v gledali\u0161\u010du (blagajna: <i class=\"fas fa-phone-alt\"><\/i> +386 (0)2 577 60 24).<\/p>\n<p><span style=\"font-size: 10pt;\">Organizator: <a href=\"https:\/\/www.mnmi-zkmn.si\/\">MNMI Lendva \u2013 ZKMN Lendava<\/a><\/span><\/p>\n<\/td>\n<\/tr>\n<tr>\n<td style=\"width: 14.9347%;\">\n<p style=\"text-align: center;\"><strong><span style=\"font-size: 24pt;\">13.<\/span><br \/>\n<\/strong><\/p>\n<p style=\"text-align: center;\">\u010detrtek<\/p>\n<p><img loading=\"lazy\" decoding=\"async\" class=\"aligncenter\" title=\"Brezpla\u010dna prireditev\" src=\"https:\/\/www1.kkl.si\/wp-content\/uploads\/2020\/07\/spored_simb_brezplacna-1.svg\" alt=\"brezplacna\" width=\"30\" height=\"30\" \/><\/p>\n<\/td>\n<td style=\"width: 84.5675%;\">\n<p><i class=\"fas fa-clock\"><\/i> <strong>18.00<\/strong> | Gledali\u0161ka in koncertna dvorana Lendava<a href=\"https:\/\/www1.kkl.si\/wp-content\/uploads\/2025\/02\/sportnik_leta_2024.jpg\" data-lbwps-width=\"987\" data-lbwps-height=\"526\" data-lbwps-srcsmall=\"https:\/\/www1.kkl.si\/wp-content\/uploads\/2025\/02\/sportnik_leta_2024-400x213.jpg\"><img loading=\"lazy\" decoding=\"async\" class=\"slika alignright wp-image-21100 size-thumbnail\" src=\"https:\/\/www1.kkl.si\/wp-content\/uploads\/2025\/02\/sportnik_leta_2024-150x150.jpg\" alt=\"\" width=\"150\" height=\"150\" \/><\/a><br \/>\n<strong>prireditev<\/strong><\/p>\n<p><strong><span style=\"font-size: 24pt;\">Izbor naj \u0161portnika leta 2024<\/span><\/strong><\/p>\n<p><span style=\"font-size: 10pt;\">Organizator: <a href=\"https:\/\/www.sz-lendava.si\/\">\u0160portna zveza Lendava\/Lendvai Sportsz\u00f6vets\u00e9g<\/a><\/span><\/p>\n<\/td>\n<\/tr>\n<tr>\n<td style=\"width: 14.9347%;\">\n<p style=\"text-align: center;\"><strong><span style=\"font-size: 24pt;\">14.<\/span><br \/>\n<\/strong><\/p>\n<p style=\"text-align: center;\">petek<\/p>\n<p style=\"text-align: center;\">\u00a0<img loading=\"lazy\" decoding=\"async\" class=\"alignnone\" title=\"Pla\u010dljiva prireditev\" src=\"https:\/\/www1.kkl.si\/wp-content\/uploads\/2020\/07\/spored_simb_placljiva-1.svg\" alt=\"placljiva\" width=\"30\" height=\"30\" \/><\/p>\n<\/td>\n<td style=\"width: 84.5675%;\">\n<p><i class=\"fas fa-clock\"><\/i> <strong>19.00<\/strong> | Gledali\u0161ka in koncertna dvorana Lendava <span class=\"premiera\">RAZPRODANO!<\/span> <br \/>\n<a href=\"https:\/\/www1.kkl.si\/wp-content\/uploads\/2024\/12\/modrijani_lendava2025.jpg\" data-lbwps-width=\"1080\" data-lbwps-height=\"1350\" data-lbwps-srcsmall=\"https:\/\/www1.kkl.si\/wp-content\/uploads\/2024\/12\/modrijani_lendava2025-320x400.jpg\"><img loading=\"lazy\" decoding=\"async\" class=\"alignright size-thumbnail wp-image-20541\" src=\"https:\/\/www1.kkl.si\/wp-content\/uploads\/2024\/12\/modrijani_lendava2025-150x150.jpg\" alt=\"\" width=\"150\" height=\"150\" \/><\/a><strong>koncert<br \/>\n<\/strong><\/p>\n<p>Velika slovenska turneja<\/p>\n<p><a href=\"https:\/\/www1.kkl.si\/sl\/modrijani-25-let-ob-spremljavi-godalnega-kvarteta-v-lendavi\/\"><span style=\"font-size: 24pt;\"><strong>Modrijani 25 let, ob spremljavi godalnega kvarteta<\/strong><\/span><\/a><\/p>\n<p><i class=\"fas fa-ticket-alt\"><\/i> Vstopnice so na voljo na <a href=\"https:\/\/www.eventim.si\/si\/vstopnice\/modrijani-25-let-lendava-gledaliska-in-koncertna-dvorana-658436\/event.html\">Eventimu<\/a>, <a href=\"https:\/\/petrol-ticket.si\/si\/event\/E658436\/modrijani-25-let-lendava\">Petrolu<\/a> in <a href=\"https:\/\/www.posta.si\/\">Po\u0161ti<\/a>.<\/p>\n<p><span style=\"font-size: 10pt;\">Organizator: <a href=\"https:\/\/www.modrijani.eu\/\">KUD Modrijani<\/a><\/span><\/p>\n<\/td>\n<\/tr>\n<tr>\n<td style=\"width: 14.9347%;\">\n<p style=\"text-align: center;\"><strong><span style=\"font-size: 24pt;\">15.<\/span><br \/>\n<\/strong><\/p>\n<p style=\"text-align: center;\">sobota<\/p>\n<p style=\"text-align: center;\"><img loading=\"lazy\" decoding=\"async\" title=\"Slovenski abonma\" src=\"https:\/\/www1.kkl.si\/wp-content\/uploads\/2020\/07\/spored_simb_abonma_si-1.svg\" alt=\"abonma_si\" width=\"30\" height=\"30\" \/>\u00a0 <img loading=\"lazy\" decoding=\"async\" class=\"alignnone\" title=\"Pla\u010dljiva prireditev\" src=\"https:\/\/www1.kkl.si\/wp-content\/uploads\/2020\/07\/spored_simb_placljiva-1.svg\" alt=\"placljiva\" width=\"30\" height=\"30\" \/><\/p>\n<\/td>\n<td style=\"width: 84.5675%;\">\n<p><i class=\"fas fa-clock\"><\/i> <strong>19.00<\/strong> | Gledali\u0161ka in koncertna dvorana Lendava <span class=\"odpade\">ODPADE!<\/span>\u00a0<a href=\"https:\/\/www1.kkl.si\/wp-content\/uploads\/2025\/01\/plakat_B1_SNGLJ_Tango_2025_DVOJ.jpg\" data-lbwps-width=\"2100\" data-lbwps-height=\"3000\" data-lbwps-srcsmall=\"https:\/\/www1.kkl.si\/wp-content\/uploads\/2025\/01\/plakat_B1_SNGLJ_Tango_2025_DVOJ.jpg\"><img loading=\"lazy\" decoding=\"async\" class=\"alignright size-thumbnail wp-image-20943\" src=\"https:\/\/www1.kkl.si\/wp-content\/uploads\/2025\/01\/plakat_B1_SNGLJ_Tango_2025_DVOJ-scaled-150x150.jpg\" alt=\"\" width=\"150\" height=\"150\" \/><\/a><br \/>\n<strong>groteskna komedija<br \/>\n<\/strong><\/p>\n<p>SNG Drama Ljubljana, S\u0142awomir Mro\u017cek:<\/p>\n<p><a href=\"https:\/\/www1.kkl.si\/sl\/sng-drama-ljubljana-slawomir-mrozek-tango\/\"><span style=\"font-size: 24pt;\"><strong>Tango<\/strong><\/span><\/a><\/p>\n<p><strong><span style=\"color: #ff0000;\">OBVESTILO: Zaradi bolezni v ansamblu predstava SNG Drama Ljubljana: Tango ODPADE<\/span><\/strong><\/p>\n<p><i class=\"fas fa-ticket-alt\"><\/i> Cena vstopnice: predprodaja <strong>15 \u20ac<\/strong>, na dan predstave <strong>18 \u20ac<\/strong>. <br \/>\nBlagajna: <i class=\"fas fa-phone-alt\"><\/i> +386 (0)2 577 60 24<\/p>\n<p><span style=\"font-size: 10pt;\">Organizator: <a href=\"https:\/\/www.kkl.si\/\">Knji\u017enica \u2013 Kulturni center Lendava \u2013 Lendvai K\u00f6nyvt\u00e1r \u00e9s Kultur\u00e1lis K\u00f6zpont<\/a><\/span><\/p>\n<\/td>\n<\/tr>\n<tr>\n<td style=\"width: 14.9347%;\">\n<p style=\"text-align: center;\"><strong><span style=\"font-size: 24pt;\">16.<\/span><br \/>\n<\/strong><\/p>\n<p style=\"text-align: center;\">nedelja<\/p>\n<p><img loading=\"lazy\" decoding=\"async\" class=\"aligncenter\" title=\"Brezpla\u010dna prireditev\" src=\"https:\/\/www1.kkl.si\/wp-content\/uploads\/2020\/07\/spored_simb_brezplacna-1.svg\" alt=\"brezplacna\" width=\"30\" height=\"30\" \/><\/p>\n<\/td>\n<td style=\"width: 84.5675%;\">\n<p><i class=\"fas fa-clock\"><\/i> <strong>16.00<\/strong> | Gledali\u0161ka in koncertna dvorana Lendava<a href=\"https:\/\/www1.kkl.si\/wp-content\/uploads\/2025\/02\/Suma_Striborova_SLO.jpg\" data-lbwps-width=\"1652\" data-lbwps-height=\"1177\" data-lbwps-srcsmall=\"https:\/\/www1.kkl.si\/wp-content\/uploads\/2025\/02\/Suma_Striborova_SLO-400x285.jpg\"><img loading=\"lazy\" decoding=\"async\" class=\"alignright size-thumbnail wp-image-21031\" src=\"https:\/\/www1.kkl.si\/wp-content\/uploads\/2025\/02\/Suma_Striborova_SLO-150x150.jpg\" alt=\"\" width=\"150\" height=\"150\" \/><\/a><br \/>\n<strong>otro\u0161ka predstava v hrva\u0161kem jeziku<\/strong><\/p>\n<p>Ob 150. obletnici rojstva <strong>Ivane Brli\u0107-Ma\u017eurani\u0107<\/strong> <br \/>\nKazali\u0161te Hotel Buli\u0107 (Gledali\u0161\u010de Hotel Buli\u0107) iz Zagreba predstavlja:<\/p>\n<p><strong><span style=\"font-size: 24pt;\"><a href=\"https:\/\/www1.kkl.si\/sl\/suma-striborova-stribogov-gozd\/\">\u0160uma Striborova (Stribogov gozd)<\/a><br \/>\n<\/span><\/strong><\/p>\n<p>\u0160uma Striborova je ena najlep\u0161ih hrva\u0161kih pravljic najbolj znane hrva\u0161ke pisateljice otro\u0161kih pravljic Ivane Brli\u0107-Ma\u017eurani\u0107.<\/p>\n<p><span style=\"font-size: 10pt;\">Organizator: <a href=\"https:\/\/hkd-pomurje.si\/\">Hrva\u0161ko kulturno dru\u0161tvo Pomurje<\/a><\/span><\/p>\n<\/td>\n<\/tr>\n<tr>\n<td style=\"width: 14.9347%;\">\n<p style=\"text-align: center;\"><strong><span style=\"font-size: 24pt;\">21.<\/span><br \/>\n<\/strong><\/p>\n<p style=\"text-align: center;\">petek<\/p>\n<p><img loading=\"lazy\" decoding=\"async\" class=\"alignnone aligncenter\" title=\"Pla\u010dljiva prireditev\" src=\"https:\/\/www1.kkl.si\/wp-content\/uploads\/2020\/07\/spored_simb_placljiva-1.svg\" alt=\"placljiva\" width=\"30\" height=\"30\" \/><\/p>\n<\/td>\n<td style=\"width: 84.5675%;\">\n<p><i class=\"fas fa-clock\"><\/i> <strong>20.00<\/strong> | Gledali\u0161ka in koncertna dvorana Lendava<a href=\"https:\/\/www1.kkl.si\/wp-content\/uploads\/2025\/01\/ismeros_arcok.jpg\" data-lbwps-width=\"1200\" data-lbwps-height=\"628\" data-lbwps-srcsmall=\"https:\/\/www1.kkl.si\/wp-content\/uploads\/2025\/01\/ismeros_arcok-400x209.jpg\"><img loading=\"lazy\" decoding=\"async\" class=\"size-thumbnail wp-image-20897 alignright\" src=\"https:\/\/www1.kkl.si\/wp-content\/uploads\/2025\/01\/ismeros_arcok-150x150.jpg\" alt=\"\" width=\"150\" height=\"150\" \/><\/a><br \/>\n<strong>koncert<br \/>\n<\/strong><\/p>\n<p>Jubilejna turneja ob 25. obletnici delovanja<\/p>\n<p><a href=\"https:\/\/www1.kkl.si\/sl\/az-ismeros-arcok-jubilejna-turneja-ob-25-obletnici-delovanja\/\"><span style=\"font-size: 24pt;\"><strong>Az Ismer\u0151s Arcok<\/strong><\/span><\/a><\/p>\n<p><i class=\"fas fa-ticket-alt\"><\/i> Cena vstopnice: <strong>17 \u20ac<\/strong>, dijaki in upokojenci: <strong>15 \u20ac<\/strong><br \/>\nVstopnice so na voljo od 3. februarja 2025 v gledali\u0161\u010du, blagajna: <i class=\"fas fa-phone-alt\"><\/i> +386 (0)2 577 60 24.<\/p>\n<p><span style=\"font-size: 10pt;\">Organizator: <a href=\"https:\/\/www.mnmi-zkmn.si\/\">MNMI Lendva \u2013 ZKMN Lendava<\/a><\/span><\/p>\n<\/td>\n<\/tr>\n<tr>\n<td style=\"width: 14.9347%;\">\n<p style=\"text-align: center;\"><strong><span style=\"font-size: 24pt;\">28.<\/span><br \/>\n<\/strong><\/p>\n<p style=\"text-align: center;\">petek<\/p>\n<p><img loading=\"lazy\" decoding=\"async\" class=\"alignnone aligncenter\" title=\"Pla\u010dljiva prireditev\" src=\"https:\/\/www1.kkl.si\/wp-content\/uploads\/2020\/07\/spored_simb_placljiva-1.svg\" alt=\"placljiva\" width=\"30\" height=\"30\" \/><\/p>\n<\/td>\n<td style=\"width: 84.5675%;\">\n<p><i class=\"fas fa-clock\"><\/i> <strong>20.00<\/strong> | Gledali\u0161ka in koncertna dvorana Lendava<a href=\"https:\/\/www1.kkl.si\/wp-content\/uploads\/2025\/02\/Kontrabant_30LetZvestobe.jpg\" data-lbwps-width=\"2121\" data-lbwps-height=\"2999\" data-lbwps-srcsmall=\"https:\/\/www1.kkl.si\/wp-content\/uploads\/2025\/02\/Kontrabant_30LetZvestobe.jpg\"><img loading=\"lazy\" decoding=\"async\" class=\"alignright size-thumbnail wp-image-21122\" src=\"https:\/\/www1.kkl.si\/wp-content\/uploads\/2025\/02\/Kontrabant_30LetZvestobe-scaled-150x150.jpg\" alt=\"\" width=\"150\" height=\"150\" \/><\/a><br \/>\n<strong>koncert<\/strong><\/p>\n<p><a href=\"https:\/\/www1.kkl.si\/sl\/koncert-glasbene-skupine-kontrabant-30-let-zvestobe\/\"><span style=\"font-size: 24pt;\"><strong>Koncert glasbene skupine KONTRABANT: \u00bb30 let zvestobe\u00ab<\/strong><\/span><\/a><\/p>\n<p><i class=\"fas fa-ticket-alt\"><\/i> Cena vstopnice v predprodaji: <strong>15 \u20ac<\/strong>, otroci, dijaki, \u0161tudentje in upokojenci: <strong>12 \u20ac<br \/>\n<\/strong><i class=\"fas fa-ticket-alt\"><\/i> Cena vstopnice na dan koncerta: <strong>18 \u20ac<\/strong>, otroci, dijaki, \u0161tudentje in upokojenci: <strong>15 \u20ac<\/strong><br \/>\nVstopnice bodo na voljo od ponedeljka, 17. februarja 2025 naprej na blagajni GKD Lendava, <i class=\"fas fa-phone-alt\"><\/i> +386 (0)2 577 60 24.<\/p>\n<p><span style=\"font-size: 10pt;\">Organizator: <a href=\"https:\/\/kontrabant.net\/\">Glasbena skupina Kontrabant<\/a><\/span><\/p>\n<\/td>\n<\/tr>\n<\/tbody>\n<\/table>\n<p style=\"text-align: center;\"><span style=\"font-size: 10pt;\">Organizatorji si pridr\u017eujejo pravico do spremembe programa.<\/span><\/p>\n","protected":false},"excerpt":{"rendered":"<p>Leto 2025: januar | februar | marec | april | maj | junij | julij | avgust | september | oktober | november | december | ARHIV LEGENDA SIMBOLOV Slovenski abonma Mad\u017earski abonma Zaklju\u010dena prireditev Brezpla\u010dna prireditev Pla\u010dljiva prireditev Novost, sprememba 1. sobota \u00a0 10.30 | Gledali\u0161ka in koncertna dvorana Lendava otro\u0161ka predstava 4+ Lutkovno [&hellip;]<\/p>\n","protected":false},"author":2,"featured_media":0,"parent":0,"menu_order":0,"comment_status":"closed","ping_status":"closed","template":"","meta":{"footnotes":""},"class_list":["post-20539","page","type-page","status-publish","hentry","post"],"_links":{"self":[{"href":"https:\/\/www1.kkl.si\/sl\/wp-json\/wp\/v2\/pages\/20539","targetHints":{"allow":["GET"]}}],"collection":[{"href":"https:\/\/www1.kkl.si\/sl\/wp-json\/wp\/v2\/pages"}],"about":[{"href":"https:\/\/www1.kkl.si\/sl\/wp-json\/wp\/v2\/types\/page"}],"author":[{"embeddable":true,"href":"https:\/\/www1.kkl.si\/sl\/wp-json\/wp\/v2\/users\/2"}],"replies":[{"embeddable":true,"href":"https:\/\/www1.kkl.si\/sl\/wp-json\/wp\/v2\/comments?post=20539"}],"version-history":[{"count":63,"href":"https:\/\/www1.kkl.si\/sl\/wp-json\/wp\/v2\/pages\/20539\/revisions"}],"predecessor-version":[{"id":24414,"href":"https:\/\/www1.kkl.si\/sl\/wp-json\/wp\/v2\/pages\/20539\/revisions\/24414"}],"wp:attachment":[{"href":"https:\/\/www1.kkl.si\/sl\/wp-json\/wp\/v2\/media?parent=20539"}],"curies":[{"name":"wp","href":"https:\/\/api.w.org\/{rel}","templated":true}]}}