{"id":20823,"date":"2025-01-22T19:51:17","date_gmt":"2025-01-22T18:51:17","guid":{"rendered":"https:\/\/www1.kkl.si\/?page_id=20823"},"modified":"2025-10-15T12:56:49","modified_gmt":"2025-10-15T10:56:49","slug":"spored-2025-03","status":"publish","type":"page","link":"https:\/\/www1.kkl.si\/sl\/spored-2025-03\/","title":{"rendered":"SPORED: marec 2025"},"content":{"rendered":"<p><strong>Leto 2025:<\/strong> <a href=\"https:\/\/www1.kkl.si\/sl\/spored-2025-01\/\">januar<\/a> | <a href=\"https:\/\/www1.kkl.si\/sl\/spored-2025-02\/\">februar<\/a> | <a href=\"https:\/\/www1.kkl.si\/sl\/spored-2025-03\/\">marec<\/a> | <a href=\"https:\/\/www1.kkl.si\/sl\/spored-2025-04\/\">april<\/a> | <a href=\"https:\/\/www1.kkl.si\/sl\/spored-2025-05\/\">maj<\/a> | <a href=\"https:\/\/www1.kkl.si\/sl\/spored-2025-06\/\">junij<\/a> | <a href=\"https:\/\/www1.kkl.si\/sl\/spored-2025-07\/\">julij<\/a> | <a href=\"https:\/\/www1.kkl.si\/sl\/spored-2025-08\/\">avgust<\/a> | <a href=\"https:\/\/www1.kkl.si\/sl\/spored-2025-09\/\">september<\/a> | <a href=\"https:\/\/www1.kkl.si\/sl\/spored-2025-10\/\">oktober<\/a> | <a href=\"https:\/\/www1.kkl.si\/sl\/spored-2025-11\/\">november<\/a> | <a href=\"https:\/\/www1.kkl.si\/sl\/spored-2025-12\/\">december<\/a> | <a href=\"https:\/\/www1.kkl.si\/sl\/arhiv-sporeda\/\">ARHIV<\/a><\/p>\n<div style=\"overflow-x: auto;\">\n<table id=\"spored-legenda\" cellspacing=\"0\" cellpadding=\"5\">\n<tbody>\n<tr>\n<td><strong>LEGENDA<br \/>\nSIMBOLOV<\/strong><\/td>\n<td style=\"vertical-align: middle;\"><img loading=\"lazy\" decoding=\"async\" title=\"Slovenski abonma\" src=\"https:\/\/www1.kkl.si\/wp-content\/uploads\/2020\/07\/spored_simb_abonma_si-1.svg\" alt=\"abonma_si\" width=\"30\" height=\"30\" \/><\/td>\n<td>Slovenski<br \/>\nabonma<\/td>\n<td style=\"vertical-align: middle;\"><img loading=\"lazy\" decoding=\"async\" title=\"Mad\u017earski abonma\" src=\"https:\/\/www1.kkl.si\/wp-content\/uploads\/2020\/07\/spored_simb_abonma_hu-1.svg\" alt=\"abonma_hu\" width=\"30\" height=\"30\" \/><\/td>\n<td>Mad\u017earski<br \/>\nabonma<\/td>\n<td style=\"vertical-align: middle;\"><img loading=\"lazy\" decoding=\"async\" title=\"Zaklju\u010dena prireditev\" src=\"https:\/\/www1.kkl.si\/wp-content\/uploads\/2020\/07\/spored_simb_zakljucena-1.svg\" alt=\"zakljucena\" width=\"30\" height=\"30\" \/><\/td>\n<td>Zaklju\u010dena<br \/>\nprireditev<\/td>\n<td style=\"vertical-align: middle;\"><img loading=\"lazy\" decoding=\"async\" title=\"Brezpla\u010dna prireditev\" src=\"https:\/\/www1.kkl.si\/wp-content\/uploads\/2020\/07\/spored_simb_brezplacna-1.svg\" alt=\"brezplacna\" width=\"30\" height=\"30\" \/><\/td>\n<td>Brezpla\u010dna<br \/>\nprireditev<\/td>\n<td style=\"vertical-align: middle;\"><img loading=\"lazy\" decoding=\"async\" title=\"Pla\u010dljiva prireditev\" src=\"https:\/\/www1.kkl.si\/wp-content\/uploads\/2020\/07\/spored_simb_placljiva-1.svg\" alt=\"placljiva\" width=\"30\" height=\"30\" \/><\/td>\n<td>Pla\u010dljiva<br \/>\nprireditev<\/td>\n<td style=\"vertical-align: middle;\"><img loading=\"lazy\" decoding=\"async\" title=\"Novost, sprememba\" src=\"https:\/\/www1.kkl.si\/wp-content\/uploads\/2020\/07\/spored_simb_novost-1.svg\" alt=\"novost\" width=\"30\" height=\"30\" \/><\/td>\n<td>Novost,<br \/>\nsprememba<\/td>\n<\/tr>\n<\/tbody>\n<\/table>\n<\/div>\n<table id=\"sporedtabela\" style=\"width: 100%;\">\n<tbody>\n<tr>\n<td style=\"width: 14.908%;\">\n<p style=\"text-align: center;\"><strong><span style=\"font-size: 24pt;\">2.<\/span><br \/>\n<\/strong><\/p>\n<p style=\"text-align: center;\">nedelja<\/p>\n<p style=\"text-align: center;\"><img loading=\"lazy\" decoding=\"async\" title=\"Brezpla\u010dna prireditev\" src=\"https:\/\/www1.kkl.si\/wp-content\/uploads\/2020\/07\/spored_simb_brezplacna-1.svg\" alt=\"brezplacna\" width=\"30\" height=\"30\" \/><\/p>\n<\/td>\n<td style=\"width: 84.6012%;\">\n<p><i class=\"fas fa-clock\"><\/i> <strong>14.00<\/strong> | letni oder Gledali\u0161ke in koncertne dvorane Lendava<a href=\"https:\/\/www1.kkl.si\/wp-content\/uploads\/2025\/02\/pustovanje_v_lendavi25.jpg\" data-lbwps-width=\"1200\" data-lbwps-height=\"688\" data-lbwps-srcsmall=\"https:\/\/www1.kkl.si\/wp-content\/uploads\/2025\/02\/pustovanje_v_lendavi25-400x229.jpg\"><img loading=\"lazy\" decoding=\"async\" class=\"size-thumbnail wp-image-21184 alignright\" src=\"https:\/\/www1.kkl.si\/wp-content\/uploads\/2025\/02\/pustovanje_v_lendavi25-150x150.jpg\" alt=\"\" width=\"150\" height=\"150\" \/><\/a><br \/>\n<strong>zabavna prireditev, glasba, kulinarika<\/strong><\/p>\n<p><a href=\"https:\/\/www1.kkl.si\/sl\/pustovanje-v-lendavi-2025\/\"><span style=\"font-size: 24pt;\"><strong>Pustovanje v Lendavi 2025<\/strong><\/span><\/a><\/p>\n<p>Z izborom najbolj\u0161e in najizvirnej\u0161e maske z bogatimi nagradami ter animacijskim programom.<\/p>\n<p><span style=\"font-size: 10pt;\">Organizator: Mestna skupnost Lendava v soorganizaciji <a href=\"https:\/\/www.facebook.com\/lendava.vabi\">TZ Lendava vabi<\/a> in <a href=\"http:\/\/ztr.si\/\">ZTR Lendava<\/a><\/span><\/p>\n<\/td>\n<\/tr>\n<tr>\n<td style=\"width: 14.908%;\">\n<p style=\"text-align: center;\"><strong><span style=\"font-size: 24pt;\">7.<\/span><br \/>\n<\/strong><\/p>\n<p style=\"text-align: center;\">petek<\/p>\n<p style=\"text-align: center;\">\u00a0<img loading=\"lazy\" decoding=\"async\" class=\"alignnone\" title=\"Pla\u010dljiva prireditev\" src=\"https:\/\/www1.kkl.si\/wp-content\/uploads\/2020\/07\/spored_simb_placljiva-1.svg\" alt=\"placljiva\" width=\"30\" height=\"30\" \/><\/p>\n<\/td>\n<td style=\"width: 84.6012%;\">\n<p><i class=\"fas fa-clock\"><\/i> <strong>20.00<\/strong> | Gledali\u0161ka in koncertna dvorana Lendava<a href=\"https:\/\/www1.kkl.si\/wp-content\/uploads\/2025\/01\/NIET_03_Lendava.jpg\" data-lbwps-width=\"2000\" data-lbwps-height=\"1332\" data-lbwps-srcsmall=\"https:\/\/www1.kkl.si\/wp-content\/uploads\/2025\/01\/NIET_03_Lendava-400x266.jpg\"><img loading=\"lazy\" decoding=\"async\" class=\"alignright size-thumbnail wp-image-20824\" src=\"https:\/\/www1.kkl.si\/wp-content\/uploads\/2025\/01\/NIET_03_Lendava-150x150.jpg\" alt=\"\" width=\"150\" height=\"150\" \/><\/a><br \/>\n<strong>akusti\u010den koncert<br \/>\n<\/strong><\/p>\n<p>Velika slovenska turneja<\/p>\n<p><a href=\"https:\/\/www1.kkl.si\/sl\/izstekani-niet-v-blizini-ljudi\/\"><span style=\"font-size: 24pt;\"><strong>Iz\u0161tekani \u2013 NIET: V bli\u017eini ljudi<\/strong><\/span><\/a><\/p>\n<p>Na koncertu sodeluje godalni kvartet Vijolice in klaviaturist Bla\u017e Avsenik.<\/p>\n<p><i class=\"fas fa-ticket-alt\"><\/i> Vstopnice v predprodaji: <strong>17 \u20ac<\/strong>, na dan koncerta: <strong>22 \u20ac<\/strong>.<br \/>\nVstopnice so na voljo na <a href=\"https:\/\/www.eventim.si\/si\/vstopnice\/izstekani-niet-lendava-gledaliska-in-koncertna-dvorana-662792\/event.html\">Eventimu<\/a> in <a href=\"https:\/\/petrol-ticket.si\/si\/event\/E662792\/izstekani-niet-lendava\">Petrolu<\/a>. Na dan prireditve eno uro pred dogodkom tudi na blagajni Gledali\u0161ke in koncertne dvorane Lendava po ceni <strong>22 \u20ac<\/strong>.<\/p>\n<p><span style=\"font-size: 10pt;\">Organizator: <a href=\"https:\/\/www.facebook.com\/Agencija19\/\">Prireditvena agencija 19 d.o.o.<\/a><\/span><\/p>\n<\/td>\n<\/tr>\n<tr>\n<td style=\"width: 14.908%;\">\n<p style=\"text-align: center;\"><span style=\"font-size: 24pt;\"><strong>10.<\/strong><\/span><\/p>\n<p style=\"text-align: center;\">ponedeljek<\/p>\n<p><img loading=\"lazy\" decoding=\"async\" class=\"aligncenter\" title=\"Brezpla\u010dna prireditev\" src=\"https:\/\/www1.kkl.si\/wp-content\/uploads\/2020\/07\/spored_simb_brezplacna-1.svg\" alt=\"brezplacna\" width=\"30\" height=\"30\" \/><\/p>\n<\/td>\n<td style=\"width: 84.6012%;\">\n<p><i class=\"fas fa-clock\"><\/i> <strong>18.00<\/strong> | preddverje Gledali\u0161ke in koncertne dvorane Lendava<a href=\"https:\/\/www1.kkl.si\/wp-content\/uploads\/2025\/02\/plakat_Biheka_Lelekut_2025_A3_DVOJ.jpg\" data-lbwps-width=\"2121\" data-lbwps-height=\"3000\" data-lbwps-srcsmall=\"https:\/\/www1.kkl.si\/wp-content\/uploads\/2025\/02\/plakat_Biheka_Lelekut_2025_A3_DVOJ.jpg\"><img loading=\"lazy\" decoding=\"async\" class=\"alignright size-thumbnail wp-image-21213\" src=\"https:\/\/www1.kkl.si\/wp-content\/uploads\/2025\/02\/plakat_Biheka_Lelekut_2025_A3_DVOJ-scaled-150x150.jpg\" alt=\"\" width=\"150\" height=\"150\" \/><\/a><br \/>\n<strong>likovna razstava<\/strong><\/p>\n<p><a href=\"https:\/\/www1.kkl.si\/sl\/bischofne-hesinger-katalin-biheka-pot-duse-lelekut\/\"><strong><span style=\"font-size: 24pt;\">Bischofn\u00e9 Hesinger Katalin \u2013 Biheka: L\u00e9lek\u00fat\/Pot du\u0161e<\/span><\/strong><\/a><\/p>\n<p><span style=\"font-size: 10pt;\">Organizator: <a href=\"https:\/\/www.kkl.si\/\">Knji\u017enica \u2013 Kulturni center Lendava \u2013 Lendvai K\u00f6nyvt\u00e1r \u00e9s Kultur\u00e1lis K\u00f6zpont<\/a><\/span><\/p>\n<\/td>\n<\/tr>\n<tr>\n<td style=\"width: 14.908%;\">\n<p style=\"text-align: center;\"><span style=\"font-size: 24pt;\"><strong>14.<br \/>\n<\/strong><\/span><\/p>\n<p style=\"text-align: center;\">petek<\/p>\n<p><img loading=\"lazy\" decoding=\"async\" class=\"aligncenter\" title=\"Brezpla\u010dna prireditev\" src=\"https:\/\/www1.kkl.si\/wp-content\/uploads\/2020\/07\/spored_simb_brezplacna-1.svg\" alt=\"brezplacna\" width=\"30\" height=\"30\" \/><\/p>\n<\/td>\n<td style=\"width: 84.6012%;\">\n<p><i class=\"fas fa-clock\"><\/i> <strong>18.00<\/strong> | Gledali\u0161ka in koncertna dvorana Lendava<a href=\"https:\/\/www1.kkl.si\/wp-content\/uploads\/2025\/03\/marc15_hivoEL_02.jpg\" data-lbwps-width=\"1754\" data-lbwps-height=\"1240\" data-lbwps-srcsmall=\"https:\/\/www1.kkl.si\/wp-content\/uploads\/2025\/03\/marc15_hivoEL_02-400x283.jpg\"><img loading=\"lazy\" decoding=\"async\" class=\"alignright size-thumbnail wp-image-21330\" src=\"https:\/\/www1.kkl.si\/wp-content\/uploads\/2025\/03\/marc15_hivoEL_02-150x150.jpg\" alt=\"\" width=\"150\" height=\"150\" \/><\/a><br \/>\n<strong>kulturna prireditev<br \/>\n<\/strong><\/p>\n<p><a href=\"https:\/\/www1.kkl.si\/sl\/vabilo-osrednja-prireditev-v-spomin-na-marcno-revolucijo-in-osvobodilni-boj-na-madzarskem-v-letih-1848-49\/\"><span style=\"font-size: 24pt;\"><strong>Osrednja prireditev v Lendavi v spomin na mar\u010dno revolucijo in osvobodilni boj na Mad\u017earskem v letih 1848\/48<\/strong><\/span><\/a><\/p>\n<ul>\n<li><strong>17.00<\/strong> Spominska slovesnost in polaganje vencev pri spominskih obele\u017ejih Sz\u00e9chenyija in Kossutha (na parkiri\u0161\u010du nasproti cerkve sv. Katarine v Lendavi)<\/li>\n<li><strong>18.00<\/strong> Slavnostna prireditev v Gledali\u0161ki in koncertni dvorani Lendava<\/li>\n<\/ul>\n<p><span style=\"font-size: 10pt;\">Organizatorji: <a href=\"http:\/\/www.muravidek.si\/\">MM\u00d6NK-PMSNS<\/a>, <a href=\"https:\/\/lendva.info\/\">LKMN\u00d6K-MSNSOL<\/a>, <a href=\"https:\/\/www.mnmi-zkmn.si\/\">MNMI Lendva \u2013 ZKMN Lendava<\/a><\/span><\/p>\n<\/td>\n<\/tr>\n<tr>\n<td style=\"width: 14.908%;\">\n<p style=\"text-align: center;\"><strong><span style=\"font-size: 24pt;\">16.<\/span><br \/>\n<\/strong><\/p>\n<p style=\"text-align: center;\">nedelja<\/p>\n<p style=\"text-align: center;\">\u00a0<img loading=\"lazy\" decoding=\"async\" class=\"alignnone\" title=\"Pla\u010dljiva prireditev\" src=\"https:\/\/www1.kkl.si\/wp-content\/uploads\/2020\/07\/spored_simb_placljiva-1.svg\" alt=\"placljiva\" width=\"30\" height=\"30\" \/><\/p>\n<\/td>\n<td style=\"width: 84.6012%;\">\n<p><i class=\"fas fa-clock\"><\/i> <strong>18.00<\/strong> | Gledali\u0161ka in koncertna dvorana Lendava<a href=\"https:\/\/www1.kkl.si\/wp-content\/uploads\/2025\/03\/cerni.jpg\" data-lbwps-width=\"1131\" data-lbwps-height=\"523\" data-lbwps-srcsmall=\"https:\/\/www1.kkl.si\/wp-content\/uploads\/2025\/03\/cerni-400x185.jpg\"><img loading=\"lazy\" decoding=\"async\" class=\"alignright wp-image-21368\" src=\"https:\/\/www1.kkl.si\/wp-content\/uploads\/2025\/03\/cerni-400x185.jpg\" alt=\"\" width=\"150\" height=\"69\" srcset=\"https:\/\/www1.kkl.si\/wp-content\/uploads\/2025\/03\/cerni-400x185.jpg 400w, https:\/\/www1.kkl.si\/wp-content\/uploads\/2025\/03\/cerni.jpg 1131w\" sizes=\"auto, (max-width: 150px) 100vw, 150px\" \/><\/a><br \/>\n<strong>modna revija<\/strong><\/p>\n<p><span style=\"font-size: 24pt;\"><strong>Fashion show by Ale\u0161 \u010cerni<\/strong><\/span><\/p>\n<p><i class=\"fas fa-ticket-alt\"><\/i> Vstopnice na voljo pri Ale\u0161 \u010cerni in na dan dogodka eno uro pred prireditvijo v Gledali\u0161ki in koncerni dvorani Lendava.<\/p>\n<p><span style=\"font-size: 10pt;\">Organizator:\u00a0MODNI STUDIO, ALE\u0160 \u010cERNI, S.P. Renkovci<\/span><\/p>\n<\/td>\n<\/tr>\n<tr>\n<td style=\"width: 14.908%;\">\n<p style=\"text-align: center;\"><strong><span style=\"font-size: 24pt;\">21.<\/span><br \/>\n<\/strong><\/p>\n<p style=\"text-align: center;\">petek<\/p>\n<p><img loading=\"lazy\" decoding=\"async\" class=\"aligncenter\" title=\"Brezpla\u010dna prireditev\" src=\"https:\/\/www1.kkl.si\/wp-content\/uploads\/2020\/07\/spored_simb_brezplacna-1.svg\" alt=\"brezplacna\" width=\"30\" height=\"30\" \/><\/p>\n<\/td>\n<td style=\"width: 84.6012%;\">\n<p><i class=\"fas fa-clock\"><\/i> <strong>18.00<\/strong> | Gledali\u0161ka in koncertna dvorana Lendava<a href=\"https:\/\/www1.kkl.si\/wp-content\/uploads\/2025\/02\/plakat_ColorsOfRhythm_2025_DVOJ_B2.png\" data-lbwps-width=\"2143\" data-lbwps-height=\"3000\" data-lbwps-srcsmall=\"https:\/\/www1.kkl.si\/wp-content\/uploads\/2025\/02\/plakat_ColorsOfRhythm_2025_DVOJ_B2-286x400.png\"><img loading=\"lazy\" decoding=\"async\" class=\"slika alignright wp-image-21282 size-thumbnail\" src=\"https:\/\/www1.kkl.si\/wp-content\/uploads\/2025\/02\/plakat_ColorsOfRhythm_2025_DVOJ_B2-e1741174197212-150x150.png\" alt=\"\" width=\"150\" height=\"150\" \/><\/a><br \/>\n<strong>koncert<\/strong><\/p>\n<p><a href=\"https:\/\/www1.kkl.si\/sl\/colors-of-rhythm-2025\/\"><strong><span style=\"font-size: 24pt;\">\u00bbColors of Rhythm 2025\u00ab, mednarodni tolkalni festival<\/span><\/strong><\/a><\/p>\n<p>Nastopajo\u010di: Pomurske glasbene \u0161ole, Glasbena \u0161ola Trebnje, Peaux Duo (\u0160vedska).<\/p>\n<p><span style=\"font-size: 10pt;\">Organizator: <a href=\"http:\/\/www.gs-lendava.si\/\">Glasbena \u0161ola Lendava\/Zeneiskola Lendva<\/a> in\u00a0<a href=\"https:\/\/www.jskd.si\/kulturna-mreza\/pomurje\/lendava\/predstavitev.htm\">JSKD \u2013 OI Lendava<\/a><\/span><\/p>\n<\/td>\n<\/tr>\n<tr>\n<td style=\"width: 14.908%;\">\n<p style=\"text-align: center;\"><strong><span style=\"font-size: 24pt;\">22.<\/span><br \/>\n<\/strong><\/p>\n<p style=\"text-align: center;\">sobota<\/p>\n<p><img loading=\"lazy\" decoding=\"async\" class=\"aligncenter\" title=\"Brezpla\u010dna prireditev\" src=\"https:\/\/www1.kkl.si\/wp-content\/uploads\/2020\/07\/spored_simb_brezplacna-1.svg\" alt=\"brezplacna\" width=\"30\" height=\"30\" \/><\/p>\n<\/td>\n<td style=\"width: 84.6012%;\">\n<p><i class=\"fas fa-clock\"><\/i> <strong>18.00<\/strong> | Gledali\u0161ka in koncertna dvorana Lendava<a href=\"https:\/\/www1.kkl.si\/wp-content\/uploads\/2025\/02\/plakat_ColorsOfRhythm_2025_DVOJ_B2.png\" data-lbwps-width=\"2143\" data-lbwps-height=\"3000\" data-lbwps-srcsmall=\"https:\/\/www1.kkl.si\/wp-content\/uploads\/2025\/02\/plakat_ColorsOfRhythm_2025_DVOJ_B2-286x400.png\"><img loading=\"lazy\" decoding=\"async\" class=\"slika alignright wp-image-21282 size-thumbnail\" src=\"https:\/\/www1.kkl.si\/wp-content\/uploads\/2025\/02\/plakat_ColorsOfRhythm_2025_DVOJ_B2-e1741174197212-150x150.png\" alt=\"\" width=\"150\" height=\"150\" \/><\/a><br \/>\n<strong>koncert<br \/>\n<\/strong><\/p>\n<p><a href=\"https:\/\/www1.kkl.si\/sl\/colors-of-rhythm-2025\/\"><span style=\"font-size: 24pt;\"><strong>\u00bbColors of Rhythm 2025\u00ab, mednarodni tolkalni festival<\/strong><\/span><\/a><\/p>\n<p>Nastopajo\u010di: Glasbena \u0161ola Lendava, Murska Percussion Ensemble, Akademija umetnosti Ni\u0161 (Srbija), skladatelj prof. Walter Mertens (Belgija), Istituto di Istruzione Superiore Carolina Poerio Foggia (Italija).<\/p>\n<p><span style=\"font-size: 10pt;\">Organizator: <a href=\"http:\/\/www.gs-lendava.si\/\">Glasbena \u0161ola Lendava\/Zeneiskola Lendva<\/a> in <a href=\"https:\/\/www.jskd.si\/kulturna-mreza\/pomurje\/lendava\/predstavitev.htm\">JSKD \u2013 OI Lendava<\/a><\/span><\/p>\n<\/td>\n<\/tr>\n<tr>\n<td style=\"width: 14.908%;\">\n<p style=\"text-align: center;\"><span style=\"font-size: 24pt;\"><strong>25.<br \/>\n<\/strong><\/span><\/p>\n<p style=\"text-align: center;\">torek<\/p>\n<p style=\"text-align: center;\">\u00a0<img loading=\"lazy\" decoding=\"async\" class=\"alignnone\" title=\"Pla\u010dljiva prireditev\" src=\"https:\/\/www1.kkl.si\/wp-content\/uploads\/2020\/07\/spored_simb_placljiva-1.svg\" alt=\"placljiva\" width=\"30\" height=\"30\" \/><\/p>\n<\/td>\n<td style=\"width: 84.6012%;\">\n<p><i class=\"fas fa-clock\"><\/i> <strong>19.00<\/strong> | Gledali\u0161ka in koncertna dvorana Lendava<a href=\"https:\/\/www1.kkl.si\/wp-content\/uploads\/2025\/02\/RG-banner.jpg\" data-lbwps-width=\"940\" data-lbwps-height=\"788\" data-lbwps-srcsmall=\"https:\/\/www1.kkl.si\/wp-content\/uploads\/2025\/02\/RG-banner-400x335.jpg\"><img loading=\"lazy\" decoding=\"async\" class=\"alignright size-thumbnail wp-image-21222\" src=\"https:\/\/www1.kkl.si\/wp-content\/uploads\/2025\/02\/RG-banner-150x150.jpg\" alt=\"\" width=\"150\" height=\"150\" \/><\/a><br \/>\n<strong>komedija za odrasle <span class=\"starost\">18+<\/span><br \/>\n<\/strong><\/p>\n<p>King Kong Teater:<\/p>\n<p><a href=\"https:\/\/www1.kkl.si\/sl\/king-kong-teater-razocarana-gospodinja-pri-seksologu\/\"><span style=\"font-size: 24pt;\"><strong>Razo\u010darana gospodinja pri seksologu<\/strong><\/span><\/a><\/p>\n<p><i class=\"fas fa-ticket-alt\"><\/i> Vstopnice so na voljo na <a href=\"https:\/\/www.eventim.si\/si\/vstopnice\/razocarana-gospodinja-pri-seksologu-lendava-gledaliska-in-koncertna-dvorana-665006\/event.html\">Eventimu<\/a>, <a href=\"https:\/\/petrol-ticket.si\/si\/event\/E665006\/razocarana-gospodinja-pri-seksologu-lendava\">Petrolu<\/a> in <a href=\"https:\/\/www.posta.si\/\">Po\u0161ti<\/a>.<br \/>\nVstopnice bodo na voljo <strong>na dan prireditve<\/strong> eno uro pred dogodkom tudi v Gledali\u0161ki in koncertni dvorani Lendava.<\/p>\n<blockquote>\n<p><span style=\"color: #ff0000;\"><strong>POZOR: <\/strong><\/span><strong>Predstava je namenjena odraslemu ob\u010dinstvu!<\/strong><\/p>\n<\/blockquote>\n<p><span style=\"font-size: 10pt;\">Organizator: <a href=\"https:\/\/kingkongteater.si\/\">Zavod \u00bbZimske urice\u00ab<\/a><\/span><\/p>\n<\/td>\n<\/tr>\n<tr>\n<td style=\"width: 14.908%;\">\n<p style=\"text-align: center;\"><span style=\"font-size: 24pt;\"><strong>27.<\/strong><\/span><\/p>\n<p style=\"text-align: center;\">\u010detrtek<\/p>\n<p style=\"text-align: center;\"><img loading=\"lazy\" decoding=\"async\" title=\"Mad\u017earski abonma\" src=\"https:\/\/www1.kkl.si\/wp-content\/uploads\/2020\/07\/spored_simb_abonma_hu-1.svg\" alt=\"abonma_hu\" width=\"30\" height=\"30\" \/>\u00a0 <img loading=\"lazy\" decoding=\"async\" class=\"alignnone\" title=\"Pla\u010dljiva prireditev\" src=\"https:\/\/www1.kkl.si\/wp-content\/uploads\/2020\/07\/spored_simb_placljiva-1.svg\" alt=\"placljiva\" width=\"30\" height=\"30\" \/><\/p>\n<\/td>\n<td style=\"width: 84.6012%;\">\n<p><i class=\"fas fa-clock\"><\/i> <strong>19.00<\/strong> | Gledali\u0161ka in koncertna dvorana Lendava <span class=\"odpade\">ODPADE!<\/span> <br \/>\n<a href=\"https:\/\/www1.kkl.si\/wp-content\/uploads\/2025\/02\/SisiA5A_plakat.jpg\" data-lbwps-width=\"1748\" data-lbwps-height=\"2480\" data-lbwps-srcsmall=\"https:\/\/www1.kkl.si\/wp-content\/uploads\/2025\/02\/SisiA5A_plakat-282x400.jpg\"><img loading=\"lazy\" decoding=\"async\" class=\"alignright size-thumbnail wp-image-21287\" src=\"https:\/\/www1.kkl.si\/wp-content\/uploads\/2025\/02\/SisiA5A_plakat-e1740728476769-150x150.jpg\" alt=\"\" width=\"150\" height=\"150\" \/><\/a><strong>opereta v mad\u017earskem jeziku<\/strong><\/p>\n<p>MONARCHIA OPERETT:<\/p>\n<p><a href=\"https:\/\/www1.kkl.si\/sl\/monarchia-operett-sissi-a-magyar-kiralyne\/\"><span style=\"font-size: 24pt;\"><strong>Sissi, a magyar kir\u00e1lyn\u00e9<\/strong><\/span><\/a><\/p>\n<p><strong><span style=\"color: #ff0000;\"><i class=\"fas fa-exclamation-circle\"><\/i> Obve\u0161\u010damo vas, da gledali\u0161ka predstava zaradi bolezni ODPADE.<\/span><\/strong><\/p>\n<p><i class=\"fas fa-ticket-alt\"><\/i> Vstopnina: <strong>25 \u20ac<\/strong>, \u0161tudentje in upokojenci <strong>20 \u20ac<\/strong>. <br \/>\nVstopnice so na voljo od 17. marca v gledali\u0161\u010du (blagajna: <i class=\"fas fa-phone-alt\"><\/i> +386 (0)2 577 60 24).<\/p>\n<p><span style=\"font-size: 10pt;\">Organizator: <a href=\"https:\/\/www.mnmi-zkmn.si\/\">MNMI Lendva \u2013 ZKMN Lendava<\/a><\/span><\/p>\n<\/td>\n<\/tr>\n<tr>\n<td style=\"width: 14.908%; text-align: center;\">\n<p><strong><span style=\"font-size: 24pt;\">30.<\/span><\/strong><\/p>\n<p>nedelja<\/p>\n<p>\u00a0<img loading=\"lazy\" decoding=\"async\" class=\"alignnone\" title=\"Pla\u010dljiva prireditev\" src=\"https:\/\/www1.kkl.si\/wp-content\/uploads\/2020\/07\/spored_simb_placljiva-1.svg\" alt=\"placljiva\" width=\"30\" height=\"30\" \/><\/p>\n<\/td>\n<td style=\"width: 84.6012%;\">\n<p><i class=\"fas fa-clock\"><\/i> <strong>17.00<\/strong> | Gledali\u0161ka in koncertna dvorana Lendava<a href=\"https:\/\/www1.kkl.si\/wp-content\/uploads\/2025\/03\/plakat_B2_pom_pom_mesei_2025_DVOJ.jpg\" data-lbwps-width=\"2143\" data-lbwps-height=\"3000\" data-lbwps-srcsmall=\"https:\/\/www1.kkl.si\/wp-content\/uploads\/2025\/03\/plakat_B2_pom_pom_mesei_2025_DVOJ.jpg\"><img loading=\"lazy\" decoding=\"async\" class=\"alignright size-thumbnail wp-image-21355\" src=\"https:\/\/www1.kkl.si\/wp-content\/uploads\/2025\/03\/plakat_B2_pom_pom_mesei_2025_DVOJ-scaled-150x150.jpg\" alt=\"\" width=\"150\" height=\"150\" \/><\/a><br \/>\n<strong>otro\u0161ka predstava v mad\u017earskem jeziku <span class=\"starost\">3+<\/span><br \/>\n<\/strong><\/p>\n<p>Griff B\u00e1bsz\u00ednh\u00e1z Zalaegerszeg | Csuk\u00e1s Istv\u00e1n:<\/p>\n<p><a href=\"https:\/\/www1.kkl.si\/sl\/griff-babszinhaz-zalaegerszeg-csukas-istvan-pom-pom-mesei\/\"><span style=\"font-size: 24pt;\"><strong>Pom Pom mes\u00e9i<\/strong><\/span><\/a><\/p>\n<p><i class=\"fas fa-ticket-alt\"><\/i> Cena vstopnice:<strong> 3 \u20ac<\/strong><\/p>\n<p><span style=\"font-size: 10pt;\">Organizator: <a href=\"https:\/\/www.kkl.si\/\">Knji\u017enica \u2013 Kulturni center Lendava \u2013 Lendvai K\u00f6nyvt\u00e1r \u00e9s Kultur\u00e1lis K\u00f6zpont<\/a><\/span><\/p>\n<\/td>\n<\/tr>\n<\/tbody>\n<\/table>\n<p style=\"text-align: center;\"><span style=\"font-size: 10pt;\">Organizatorji si pridr\u017eujejo pravico do spremembe programa.<\/span><\/p>\n","protected":false},"excerpt":{"rendered":"<p>Leto 2025: januar | februar | marec | april | maj | junij | julij | avgust | september | oktober | november | december | ARHIV LEGENDA SIMBOLOV Slovenski abonma Mad\u017earski abonma Zaklju\u010dena prireditev Brezpla\u010dna prireditev Pla\u010dljiva prireditev Novost, sprememba 2. nedelja 14.00 | letni oder Gledali\u0161ke in koncertne dvorane Lendava zabavna prireditev, glasba, [&hellip;]<\/p>\n","protected":false},"author":2,"featured_media":0,"parent":0,"menu_order":0,"comment_status":"closed","ping_status":"closed","template":"","meta":{"footnotes":""},"class_list":["post-20823","page","type-page","status-publish","hentry","post"],"_links":{"self":[{"href":"https:\/\/www1.kkl.si\/sl\/wp-json\/wp\/v2\/pages\/20823","targetHints":{"allow":["GET"]}}],"collection":[{"href":"https:\/\/www1.kkl.si\/sl\/wp-json\/wp\/v2\/pages"}],"about":[{"href":"https:\/\/www1.kkl.si\/sl\/wp-json\/wp\/v2\/types\/page"}],"author":[{"embeddable":true,"href":"https:\/\/www1.kkl.si\/sl\/wp-json\/wp\/v2\/users\/2"}],"replies":[{"embeddable":true,"href":"https:\/\/www1.kkl.si\/sl\/wp-json\/wp\/v2\/comments?post=20823"}],"version-history":[{"count":61,"href":"https:\/\/www1.kkl.si\/sl\/wp-json\/wp\/v2\/pages\/20823\/revisions"}],"predecessor-version":[{"id":24413,"href":"https:\/\/www1.kkl.si\/sl\/wp-json\/wp\/v2\/pages\/20823\/revisions\/24413"}],"wp:attachment":[{"href":"https:\/\/www1.kkl.si\/sl\/wp-json\/wp\/v2\/media?parent=20823"}],"curies":[{"name":"wp","href":"https:\/\/api.w.org\/{rel}","templated":true}]}}