{"id":20919,"date":"2025-01-29T08:57:57","date_gmt":"2025-01-29T07:57:57","guid":{"rendered":"https:\/\/www1.kkl.si\/?page_id=20919"},"modified":"2025-01-29T11:23:59","modified_gmt":"2025-01-29T10:23:59","slug":"veres-1-szinhaz-agatha-christie-az-egerfogo","status":"publish","type":"page","link":"https:\/\/www1.kkl.si\/sl\/veres-1-szinhaz-agatha-christie-az-egerfogo\/","title":{"rendered":"VERES 1 SZ\u00cdNH\u00c1Z, Agatha Christie: Az eg\u00e9rfog\u00f3"},"content":{"rendered":"<div class=\"opis\"><i class=\"fas fa-clock\"><\/i> <strong>ponedeljek, 10. februar 2025, ob 19.00 uri<\/strong> | Gledali\u0161ka in koncertna dvorana Lendava<img loading=\"lazy\" decoding=\"async\" class=\"alignright\" title=\"Pla\u010dljiva prireditev\" src=\"https:\/\/www1.kkl.si\/wp-content\/uploads\/2020\/07\/spored_simb_placljiva-1.svg\" alt=\"placljiva\" width=\"30\" height=\"30\" \/><img loading=\"lazy\" decoding=\"async\" class=\"alignright\" title=\"Mad\u017earski abonma\" src=\"https:\/\/www1.kkl.si\/wp-content\/uploads\/2020\/07\/spored_simb_abonma_hu-1.svg\" alt=\"abonma_hu\" width=\"30\" height=\"30\" \/><br \/>\n<i class=\"fas fa-chevron-circle-right\"><\/i>\u00a0 <strong>kriminalna zgodba v dveh delih<\/strong> <br \/>\n<i class=\"fas fa-ticket-alt\"><\/i> Vstopnina: <strong>17 \u20ac<\/strong>, \u0161tudentje in upokojenci <strong>14 \u20ac<\/strong>. <br \/>\nVstopnice so na voljo od 3. februarja 2025 v gledali\u0161\u010du (blagajna: <i class=\"fas fa-phone-alt\"><\/i> +386 (0)2 577 60 24).<br \/>\nOrganizator: <a href=\"https:\/\/www.mnmi-zkmn.si\/\">MNMI Lendva \u2013 ZKMN Lendava<\/a><\/div>\n<p><a href=\"https:\/\/www1.kkl.si\/wp-content\/uploads\/2025\/01\/egerfogo_pka2025.jpg\" data-lbwps-width=\"2143\" data-lbwps-height=\"3000\" data-lbwps-srcsmall=\"https:\/\/www1.kkl.si\/wp-content\/uploads\/2025\/01\/egerfogo_pka2025.jpg\"><img loading=\"lazy\" decoding=\"async\" class=\"slika alignright wp-image-20916\" src=\"https:\/\/www1.kkl.si\/wp-content\/uploads\/2025\/01\/egerfogo_pka2025-scaled-1072x1500.jpg\" alt=\"\" width=\"500\" height=\"700\" srcset=\"https:\/\/www1.kkl.si\/wp-content\/uploads\/2025\/01\/egerfogo_pka2025-scaled-1072x1500.jpg 1072w, https:\/\/www1.kkl.si\/wp-content\/uploads\/2025\/01\/egerfogo_pka2025-scaled-286x400.jpg 286w, https:\/\/www1.kkl.si\/wp-content\/uploads\/2025\/01\/egerfogo_pka2025-scaled.jpg 1829w\" sizes=\"auto, (max-width: 500px) 100vw, 500px\" \/><\/a><em>Mad\u017earski opis:<\/em><\/p>\n<p>VERES 1 SZ\u00cdNH\u00c1Z | Agatha Christie<br \/>\n<span style=\"font-size: 18pt;\"><strong>Az eg\u00e9rfog\u00f3<\/strong><\/span><br \/>\n<em>krimi k\u00e9t r\u00e9szben<\/em><\/p>\n<p><strong>Szerepl\u0151k<\/strong> (a sz\u00ednre l\u00e9p\u00e9s sorrendj\u00e9ben):<\/p>\n<p>Mollie Ralston: VEREBES LINDA \/ CS\u00c1KI EDINA<br \/>\nGiles Ralston: P\u00c1SZTOR TIBOR<br \/>\nChristopher Wren: D\u00d3SA M\u00c1TY\u00c1S \/ KRAJNIK-BALOGH G\u00c1BOR<br \/>\nMrs. Boyle: ZORGEL ENIK\u0150<br \/>\nMetcalf \u0151rnagy: VENYIGE S\u00c1NDOR<br \/>\nMiss Casewell: MOLN\u00c1R GY\u00d6NGYI<br \/>\nMr. Paravicini: TROK\u00c1N P\u00c9TER J\u00e1szai Mari-d\u00edjas, \u00c9rdemes m\u0171v\u00e9sz<br \/>\nTrotter rend\u0151r \u0151rmester: MOHAI TAM\u00c1S<\/p>\n<p><strong>Alkot\u00f3k<\/strong><\/p>\n<p>Ford\u00edtotta: M\u00e9sz\u00f6ly Dezs\u0151<br \/>\nD\u00edszlet- \u00e9s jelmeztervez\u0151: Gedeon Bor\u00f3ka<br \/>\nDramaturg: Venyige S\u00e1ndor<br \/>\nZene: Lencs\u00e9s Bal\u00e1zs<br \/>\nRendez\u0151: SCHLANGER ANDR\u00c1S<\/p>\n<p><em>Az el\u0151ad\u00e1s id\u0151tartama: 110 perc.<\/em><\/p>\n<p><strong>T\u00f6rt\u00e9net<\/strong><\/p>\n<p>A fiatal Ralston-h\u00e1zasp\u00e1r panzi\u00f3j\u00e1ban vagyunk. T\u00e1vol az emberekt\u0151l, a vil\u00e1gt\u00f3l. Abban a z\u00e1rt j\u00e1t\u00e9kt\u00e9rben, a h\u00f3torlaszok k\u00f6z\u00e9 \u00e9kelt, b\u0171n\u00fcgyi laborat\u00f3riumban, amelynek az \u00edr\u00f3n\u0151, szok\u00e1s szerint, m\u00e9g a telefonvezet\u00e9k\u00e9t is elv\u00e1gta. Egyel\u0151re csak azt tudjuk, hogy a Culver utc\u00e1ban meg\u00f6ltek egy n\u0151t. Azt\u00e1n s\u00edtalpakon meg\u00e9rkezik Trotter, a nyomoz\u00f3. S kider\u00fcl, hogy a gyilkosnak a panzi\u00f3 lak\u00f3i k\u00f6z\u00f6tt kell lennie.<\/p>\n<p>Agatha Christie sorra el\u00e9nk id\u00e9zi a szerepl\u0151ket, s k\u00fcl\u00f6n-k\u00fcl\u00f6n mindegyikr\u0151l bebizony\u00edtja, hogy \u2013 t\u00e9ved\u00e9s kiz\u00e1rva! \u2013 csak \u0151, egyed\u00fcl \u0151 lehet a gyilkos! De mi tudjuk, hogy a sok \u00e1rtatlan k\u00f6z\u00f6tt egyetlen v\u00e9tkest kell keresn\u00fcnk. \u00cdgy a harmadik leleplez\u00e9sn\u00e9l k\u00e9tszer \u00e9rezz\u00fck becsapva magunkat, a negyedikn\u00e9l h\u00e1romszor, \u00e9s \u00edgy tov\u00e1bb\u2026<\/p>\n<p>Az \u00edr\u00f3 egyik kelepc\u00e9b\u0151l a m\u00e1sikba csal, hogy azt\u00e1n \u2013 miut\u00e1n kiengedett a szabadba \u2013 \u00f6nk\u00e9nt fussunk be a legnagyobb kelepc\u00e9be\u2026<\/p>\n<p>K\u00e9t \u00e9s f\u00e9l \u00f3r\u00e1s elme-torna. Sz\u00ednpadi matematika. Csiki-csuki j\u00e1t\u00e9k. K\u00f6nny\u0171 mulats\u00e1g, amelyr\u0151l a k\u00f6z\u00f6ns\u00e9g abban a tudatban t\u00e1vozik, hogy l\u00e1m, megint t\u00falj\u00e1rtak az esz\u00e9n\u2026<\/p>\n\n\t\t<style type=\"text\/css\">\n\t\t\t#gallery-1 {\n\t\t\t\tmargin: auto;\n\t\t\t}\n\t\t\t#gallery-1 .gallery-item {\n\t\t\t\tfloat: left;\n\t\t\t\tmargin-top: 10px;\n\t\t\t\ttext-align: center;\n\t\t\t\twidth: 16%;\n\t\t\t}\n\t\t\t#gallery-1 img {\n\t\t\t\tborder: 2px solid #cfcfcf;\n\t\t\t}\n\t\t\t#gallery-1 .gallery-caption {\n\t\t\t\tmargin-left: 0;\n\t\t\t}\n\t\t\t\/* see gallery_shortcode() in wp-includes\/media.php *\/\n\t\t<\/style>\n\t\t<div id='gallery-1' class='gallery galleryid-20919 gallery-columns-6 gallery-size-thumbnail'><dl class='gallery-item'>\n\t\t\t<dt class='gallery-icon landscape'>\n\t\t\t\t<a href='https:\/\/www1.kkl.si\/wp-content\/uploads\/2024\/08\/egerfogo1.jpg'><img loading=\"lazy\" decoding=\"async\" width=\"150\" height=\"150\" src=\"https:\/\/www1.kkl.si\/wp-content\/uploads\/2024\/08\/egerfogo1-150x150.jpg\" class=\"attachment-thumbnail size-thumbnail\" alt=\"\" \/><\/a>\n\t\t\t<\/dt><\/dl><dl class='gallery-item'>\n\t\t\t<dt class='gallery-icon landscape'>\n\t\t\t\t<a href='https:\/\/www1.kkl.si\/wp-content\/uploads\/2024\/08\/egerfogo2.jpg'><img loading=\"lazy\" decoding=\"async\" width=\"150\" height=\"150\" src=\"https:\/\/www1.kkl.si\/wp-content\/uploads\/2024\/08\/egerfogo2-150x150.jpg\" class=\"attachment-thumbnail size-thumbnail\" alt=\"\" \/><\/a>\n\t\t\t<\/dt><\/dl><dl class='gallery-item'>\n\t\t\t<dt class='gallery-icon landscape'>\n\t\t\t\t<a href='https:\/\/www1.kkl.si\/wp-content\/uploads\/2024\/08\/egerfogo3.jpg'><img loading=\"lazy\" decoding=\"async\" width=\"150\" height=\"150\" src=\"https:\/\/www1.kkl.si\/wp-content\/uploads\/2024\/08\/egerfogo3-150x150.jpg\" class=\"attachment-thumbnail size-thumbnail\" alt=\"\" \/><\/a>\n\t\t\t<\/dt><\/dl><dl class='gallery-item'>\n\t\t\t<dt class='gallery-icon landscape'>\n\t\t\t\t<a href='https:\/\/www1.kkl.si\/wp-content\/uploads\/2024\/08\/egerfogo4.jpg'><img loading=\"lazy\" decoding=\"async\" width=\"150\" height=\"150\" src=\"https:\/\/www1.kkl.si\/wp-content\/uploads\/2024\/08\/egerfogo4-150x150.jpg\" class=\"attachment-thumbnail size-thumbnail\" alt=\"\" \/><\/a>\n\t\t\t<\/dt><\/dl><dl class='gallery-item'>\n\t\t\t<dt class='gallery-icon landscape'>\n\t\t\t\t<a href='https:\/\/www1.kkl.si\/wp-content\/uploads\/2024\/08\/egerfogo5.jpg'><img loading=\"lazy\" decoding=\"async\" width=\"150\" height=\"150\" src=\"https:\/\/www1.kkl.si\/wp-content\/uploads\/2024\/08\/egerfogo5-150x150.jpg\" class=\"attachment-thumbnail size-thumbnail\" alt=\"\" \/><\/a>\n\t\t\t<\/dt><\/dl><dl class='gallery-item'>\n\t\t\t<dt class='gallery-icon landscape'>\n\t\t\t\t<a href='https:\/\/www1.kkl.si\/wp-content\/uploads\/2024\/08\/egerfogo6.jpg'><img loading=\"lazy\" decoding=\"async\" width=\"150\" height=\"150\" src=\"https:\/\/www1.kkl.si\/wp-content\/uploads\/2024\/08\/egerfogo6-150x150.jpg\" class=\"attachment-thumbnail size-thumbnail\" alt=\"\" \/><\/a>\n\t\t\t<\/dt><\/dl><br style=\"clear: both\" \/>\n\t\t<\/div>\n\n<p>Agatha Christie a sz\u00ednh\u00e1zi jogokat unok\u00e1j\u00e1ra ruh\u00e1zta \u00e1t, mondv\u00e1n, a darab f\u00e9l \u00e9v alatt kiszenved. Ez egyszer t\u00e9vedett. Az eg\u00e9rfog\u00f3t Londonban 1952 \u00f3ta j\u00e1tssz\u00e1k megszak\u00edt\u00e1s n\u00e9lk\u00fcl. Bemutat\u00e1sakor Sir Winston Churchill volt a minisztereln\u00f6k, jegyre adt\u00e1k m\u00e9g a h\u00fast, szalonn\u00e1t, cukrot \u00e9s a vajat. A k\u00f6zel 26 ezer el\u0151ad\u00e1sban eddig 414 sz\u00edn\u00e9sz \u00e1llt a sz\u00ednpadon, 136 m\u00e9rf\u00f6ldnyi inget vasaltak ki, \u00e9s az el\u0151csarnokban 462 tonna j\u00e9gkr\u00e9m fogyott el \u2013 a 2015-\u00f6s adatok szerint. A Big Ben \u00e9s a Tower-h\u00edd ut\u00e1n a darabnak otthont ad\u00f3 St. Martin\u2019s Theatre a legh\u00edresebb londoni turistal\u00e1tv\u00e1nyoss\u00e1g.<\/p>\n<p>\u201eMINDENKI GYAN\u00daS\u201d<\/p>\n<p><iframe loading=\"lazy\" title=\"Agatha Christie: Az eg\u00e9rfog\u00f3 - 1 percben, a Veres 1 Sz\u00ednh\u00e1z el\u0151ad\u00e1sa\" width=\"720\" height=\"405\" src=\"https:\/\/www.youtube.com\/embed\/U2ahUyNcJpk?feature=oembed\" frameborder=\"0\" allow=\"accelerometer; autoplay; clipboard-write; encrypted-media; gyroscope; picture-in-picture; web-share\" referrerpolicy=\"strict-origin-when-cross-origin\" allowfullscreen><\/iframe><\/p>\n<p><i class=\"fas fa-link\"><\/i> <a href=\"https:\/\/veres1szinhaz.hu\/az-egerfogo\/\">Veres 1 Sz\u00ednh\u00e1z, Veresegyh\u00e1z<\/a><\/p>\n<hr \/>\n<p>Magyar sz\u00ednh\u00e1zi b\u00e9rlet 2024\/25 | Mad\u017earski gledali\u0161ki abonma 2024\/25<\/p>\n<p><a href=\"https:\/\/www1.kkl.si\/wp-content\/uploads\/2024\/08\/magyar_berlet24_fej.png\" data-lbwps-width=\"1240\" data-lbwps-height=\"387\" data-lbwps-srcsmall=\"https:\/\/www1.kkl.si\/wp-content\/uploads\/2024\/08\/magyar_berlet24_fej-400x125.png\"><img loading=\"lazy\" decoding=\"async\" class=\"wp-image-18698 size-large alignnone\" src=\"https:\/\/www1.kkl.si\/wp-content\/uploads\/2024\/08\/magyar_berlet24_fej-1240x387.png\" alt=\"\" width=\"1240\" height=\"387\" srcset=\"https:\/\/www1.kkl.si\/wp-content\/uploads\/2024\/08\/magyar_berlet24_fej.png 1240w, https:\/\/www1.kkl.si\/wp-content\/uploads\/2024\/08\/magyar_berlet24_fej-400x125.png 400w\" sizes=\"auto, (max-width: 1240px) 100vw, 1240px\" \/><\/a><\/p>\n","protected":false},"excerpt":{"rendered":"<p>ponedeljek, 10. februar 2025, ob 19.00 uri | Gledali\u0161ka in koncertna dvorana Lendava \u00a0 kriminalna zgodba v dveh delih Vstopnina: 17 \u20ac, \u0161tudentje in upokojenci 14 \u20ac. Vstopnice so na voljo od 3. februarja 2025 v gledali\u0161\u010du (blagajna: +386 (0)2 577 60 24). Organizator: MNMI Lendva \u2013 ZKMN Lendava Mad\u017earski opis: VERES 1 SZ\u00cdNH\u00c1Z | [&hellip;]<\/p>\n","protected":false},"author":2,"featured_media":20916,"parent":0,"menu_order":0,"comment_status":"closed","ping_status":"closed","template":"","meta":{"footnotes":""},"class_list":["post-20919","page","type-page","status-publish","has-post-thumbnail","hentry","post","post-with-thumbnail","post-with-thumbnail-icon"],"_links":{"self":[{"href":"https:\/\/www1.kkl.si\/sl\/wp-json\/wp\/v2\/pages\/20919","targetHints":{"allow":["GET"]}}],"collection":[{"href":"https:\/\/www1.kkl.si\/sl\/wp-json\/wp\/v2\/pages"}],"about":[{"href":"https:\/\/www1.kkl.si\/sl\/wp-json\/wp\/v2\/types\/page"}],"author":[{"embeddable":true,"href":"https:\/\/www1.kkl.si\/sl\/wp-json\/wp\/v2\/users\/2"}],"replies":[{"embeddable":true,"href":"https:\/\/www1.kkl.si\/sl\/wp-json\/wp\/v2\/comments?post=20919"}],"version-history":[{"count":8,"href":"https:\/\/www1.kkl.si\/sl\/wp-json\/wp\/v2\/pages\/20919\/revisions"}],"predecessor-version":[{"id":20933,"href":"https:\/\/www1.kkl.si\/sl\/wp-json\/wp\/v2\/pages\/20919\/revisions\/20933"}],"wp:featuredmedia":[{"embeddable":true,"href":"https:\/\/www1.kkl.si\/sl\/wp-json\/wp\/v2\/media\/20916"}],"wp:attachment":[{"href":"https:\/\/www1.kkl.si\/sl\/wp-json\/wp\/v2\/media?parent=20919"}],"curies":[{"name":"wp","href":"https:\/\/api.w.org\/{rel}","templated":true}]}}