{"id":2121,"date":"2020-09-22T09:53:18","date_gmt":"2020-09-22T07:53:18","guid":{"rendered":"https:\/\/www1.kkl.si\/?page_id=2121"},"modified":"2022-12-15T16:43:43","modified_gmt":"2022-12-15T15:43:43","slug":"spored-2020-08","status":"publish","type":"page","link":"https:\/\/www1.kkl.si\/sl\/spored-2020-08\/","title":{"rendered":"SPORED: avgust 2020"},"content":{"rendered":"<p><strong>Leto 2020:<\/strong> <a href=\"https:\/\/www1.kkl.si\/sl\/spored-2020-07\/\">julij<\/a> | <a href=\"https:\/\/www1.kkl.si\/sl\/spored-2020-08\/\">avgust<\/a> | <a href=\"https:\/\/www1.kkl.si\/sl\/spored-2020-09\/\">september<\/a>\u00a0| <a href=\"https:\/\/www1.kkl.si\/sl\/spored-2020-10\/\">oktober<\/a> | <a href=\"https:\/\/www1.kkl.si\/sl\/arhiv-sporeda\/\">ARHIV<\/a><\/p>\n<table id=\"spored-legenda\" cellspacing=\"0\" cellpadding=\"5\">\n<tbody>\n<tr>\n<td><strong>LEGENDA<br \/>\nSIMBOLOV<\/strong><\/td>\n<td style=\"vertical-align: middle;\"><img loading=\"lazy\" decoding=\"async\" title=\"Slovenski abonma\" src=\"https:\/\/www1.kkl.si\/wp-content\/uploads\/2020\/07\/spored_simb_abonma_si-1.svg\" alt=\"abonma_si\" width=\"30\" height=\"30\" \/><\/td>\n<td>Slovenski<br \/>\nabonma<\/td>\n<td style=\"vertical-align: middle;\"><img loading=\"lazy\" decoding=\"async\" title=\"Mad\u017earski abonma\" src=\"https:\/\/www1.kkl.si\/wp-content\/uploads\/2020\/07\/spored_simb_abonma_hu-1.svg\" alt=\"abonma_hu\" width=\"30\" height=\"30\" \/><\/td>\n<td>Mad\u017earski<br \/>\nabonma<\/td>\n<td style=\"vertical-align: middle;\"><img loading=\"lazy\" decoding=\"async\" title=\"Zaklju\u010dena prireditev\" src=\"https:\/\/www1.kkl.si\/wp-content\/uploads\/2020\/07\/spored_simb_zakljucena-1.svg\" alt=\"zakljucena\" width=\"30\" height=\"30\" \/><\/td>\n<td>Zaklju\u010dena<br \/>\nprireditev<\/td>\n<td style=\"vertical-align: middle;\"><img loading=\"lazy\" decoding=\"async\" title=\"Brezpla\u010dna prireditev\" src=\"https:\/\/www1.kkl.si\/wp-content\/uploads\/2020\/07\/spored_simb_brezplacna-1.svg\" alt=\"brezplacna\" width=\"30\" height=\"30\" \/><\/td>\n<td>Brezpla\u010dna<br \/>\nprireditev<\/td>\n<td style=\"vertical-align: middle;\"><img loading=\"lazy\" decoding=\"async\" title=\"Pla\u010dljiva prireditev\" src=\"https:\/\/www1.kkl.si\/wp-content\/uploads\/2020\/07\/spored_simb_placljiva-1.svg\" alt=\"placljiva\" width=\"30\" height=\"30\" \/><\/td>\n<td>Pla\u010dljiva<br \/>\nprireditev<\/td>\n<td style=\"vertical-align: middle;\"><img loading=\"lazy\" decoding=\"async\" title=\"Novost, sprememba\" src=\"https:\/\/www1.kkl.si\/wp-content\/uploads\/2020\/07\/spored_simb_novost-1.svg\" alt=\"novost\" width=\"30\" height=\"30\" \/><\/td>\n<td>Novost,<br \/>\nsprememba<\/td>\n<\/tr>\n<\/tbody>\n<\/table>\n<p><img loading=\"lazy\" decoding=\"async\" class=\"slika alignnone wp-image-1680 size-full\" src=\"https:\/\/www1.kkl.si\/wp-content\/uploads\/2020\/07\/2020_poleti_v_lendavo_spored.jpg\" alt=\"\" width=\"1500\" height=\"150\" srcset=\"https:\/\/www1.kkl.si\/wp-content\/uploads\/2020\/07\/2020_poleti_v_lendavo_spored.jpg 1500w, https:\/\/www1.kkl.si\/wp-content\/uploads\/2020\/07\/2020_poleti_v_lendavo_spored-400x40.jpg 400w\" sizes=\"auto, (max-width: 1500px) 100vw, 1500px\" \/><\/p>\n<h6><a id=\"avg01\"><\/a>1.<\/h6>\n<p><strong><img loading=\"lazy\" decoding=\"async\" class=\"wp-image-1587 alignright\" title=\"Brezpla\u010dna prireditev\" src=\"https:\/\/www1.kkl.si\/wp-content\/uploads\/2020\/07\/spored_simb_brezplacna-1.svg\" alt=\"brezplacna\" width=\"40\" height=\"40\" srcset=\"https:\/\/www1.kkl.si\/wp-content\/uploads\/\/2020\/07\/spored_simb_brezplacna-1.svg 150w, https:\/\/www1.kkl.si\/wp-content\/uploads\/\/2020\/07\/spored_simb_brezplacna-1.svg 400w, https:\/\/www1.kkl.si\/wp-content\/uploads\/\/2020\/07\/spored_simb_brezplacna-1.svg 1500w, https:\/\/www1.kkl.si\/wp-content\/uploads\/\/2020\/07\/spored_simb_brezplacna-1.svg 100w\" sizes=\"auto, (max-width: 40px) 100vw, 40px\" \/><\/strong><i class=\"fas fa-calendar\"><\/i> <strong>sobota, 1. avgust 2020, ob 20.00<\/strong><\/p>\n<p>POLETI V LENDAVO 2020<br \/>\n<a href=\"https:\/\/www1.kkl.si\/sl\/edna\/\"><span style=\"font-size: 28px;\"><strong>\u00caDNA<\/strong><\/span><\/a>, koncert<\/p>\n<p><i class=\"fas fa-map-marker\"><\/i> Prizori\u0161\u010de: Letni oder Gledali\u0161ke in koncertne dvorane Lendava<br \/>\n<i class=\"fas fa-chevron-circle-right\"><\/i> Organizator: <a href=\"http:\/\/www.kkl.si\/\">Knji\u017enica \u2013 Kulturni center Lendava\/Lendvai K\u00f6nyvt\u00e1r \u00e9s Kultur\u00e1lis K\u00f6zpont<\/a><\/p>\n<hr \/>\n<h6><a id=\"avg05\"><\/a>5.<\/h6>\n<p><strong><img loading=\"lazy\" decoding=\"async\" class=\"wp-image-1587 alignright\" title=\"Brezpla\u010dna prireditev\" src=\"https:\/\/www1.kkl.si\/wp-content\/uploads\/2020\/07\/spored_simb_brezplacna-1.svg\" alt=\"brezplacna\" width=\"40\" height=\"40\" srcset=\"https:\/\/www1.kkl.si\/wp-content\/uploads\/\/2020\/07\/spored_simb_brezplacna-1.svg 150w, https:\/\/www1.kkl.si\/wp-content\/uploads\/\/2020\/07\/spored_simb_brezplacna-1.svg 400w, https:\/\/www1.kkl.si\/wp-content\/uploads\/\/2020\/07\/spored_simb_brezplacna-1.svg 1500w, https:\/\/www1.kkl.si\/wp-content\/uploads\/\/2020\/07\/spored_simb_brezplacna-1.svg 100w\" sizes=\"auto, (max-width: 40px) 100vw, 40px\" \/><\/strong><i class=\"fas fa-calendar\"><\/i> <strong>sreda, 5. avgust 2020, ob 18.00<\/strong><\/p>\n<p>POLETI V LENDAVO 2020<br \/>\nGLEDALI\u0160\u010cE KU-KUC:<br \/>\n<a href=\"https:\/\/www1.kkl.si\/sl\/pika-in-cene-v-pravljici\/\"><span style=\"font-size: 28px;\"><strong>PIKA IN CENE V PRAVLJICI<\/strong><\/span><\/a>, otro\u0161ka predstava<\/p>\n<p><i class=\"fas fa-map-marker\"><\/i> Prizori\u0161\u010de: Letni oder Gledali\u0161ke in koncertne dvorane Lendava<br \/>\n<i class=\"fas fa-chevron-circle-right\"><\/i> Organizator: <a href=\"http:\/\/www.kkl.si\/\">Knji\u017enica \u2013 Kulturni center Lendava\/Lendvai K\u00f6nyvt\u00e1r \u00e9s Kultur\u00e1lis K\u00f6zpont<\/a><\/p>\n<hr \/>\n<h6><a id=\"avg07\"><\/a>7.<\/h6>\n<p><strong><img loading=\"lazy\" decoding=\"async\" class=\"wp-image-1587 alignright\" title=\"Brezpla\u010dna prireditev\" src=\"https:\/\/www1.kkl.si\/wp-content\/uploads\/2020\/07\/spored_simb_brezplacna-1.svg\" alt=\"brezplacna\" width=\"40\" height=\"40\" srcset=\"https:\/\/www1.kkl.si\/wp-content\/uploads\/\/2020\/07\/spored_simb_brezplacna-1.svg 150w, https:\/\/www1.kkl.si\/wp-content\/uploads\/\/2020\/07\/spored_simb_brezplacna-1.svg 400w, https:\/\/www1.kkl.si\/wp-content\/uploads\/\/2020\/07\/spored_simb_brezplacna-1.svg 1500w, https:\/\/www1.kkl.si\/wp-content\/uploads\/\/2020\/07\/spored_simb_brezplacna-1.svg 100w\" sizes=\"auto, (max-width: 40px) 100vw, 40px\" \/><\/strong><i class=\"fas fa-calendar\"><\/i> <strong>petek, 7. avgust 2020, ob 21.00<\/strong><\/p>\n<p>POLETI V LENDAVO 2020<br \/>\nBOGRA\u010c KRATKIH FILMOV:<br \/>\n<span style=\"font-size: 28px;\"><strong>DEL\u010cKI<\/strong><\/span>, film<br \/>\n<em>(re\u017eiser: \u00c1ron Horv\u00e1th Botka)<\/em><\/p>\n<p><i class=\"fas fa-map-marker\"><\/i> Prizori\u0161\u010de: Letni oder Gledali\u0161ke in koncertne dvorane Lendava<br \/>\n<i class=\"fas fa-chevron-circle-right\"><\/i> Organizator: <a href=\"https:\/\/sl-si.facebook.com\/KUDLavina\/\">KUD Lavina<\/a>, soorganizator <a href=\"http:\/\/www1.kkl.si\/kulturni-center\/\" target=\"_blank\" rel=\"noopener noreferrer\">KKC Lendava \u2013 Lendvai KKK<\/a><\/p>\n<hr \/>\n<h6><a id=\"avg11\"><\/a>11.<\/h6>\n<p><strong><img loading=\"lazy\" decoding=\"async\" class=\"wp-image-1587 alignright\" title=\"Brezpla\u010dna prireditev\" src=\"https:\/\/www1.kkl.si\/wp-content\/uploads\/2020\/07\/spored_simb_brezplacna-1.svg\" alt=\"brezplacna\" width=\"40\" height=\"40\" srcset=\"https:\/\/www1.kkl.si\/wp-content\/uploads\/\/2020\/07\/spored_simb_brezplacna-1.svg 150w, https:\/\/www1.kkl.si\/wp-content\/uploads\/\/2020\/07\/spored_simb_brezplacna-1.svg 400w, https:\/\/www1.kkl.si\/wp-content\/uploads\/\/2020\/07\/spored_simb_brezplacna-1.svg 1500w, https:\/\/www1.kkl.si\/wp-content\/uploads\/\/2020\/07\/spored_simb_brezplacna-1.svg 100w\" sizes=\"auto, (max-width: 40px) 100vw, 40px\" \/><\/strong><i class=\"fas fa-calendar\"><\/i> <strong>torek, 11. avgust 2020, ob 21.00<\/strong><\/p>\n<p>POLETI V LENDAVO 2020<br \/>\n<span style=\"font-size: 28px;\"><strong>O TELESU IN DU\u0160I (On Body and Soul)<\/strong><\/span>, film<\/p>\n<p><i class=\"fas fa-map-marker\"><\/i> Prizori\u0161\u010de: Letni oder Gledali\u0161ke in koncertne dvorane Lendava<br \/>\n<i class=\"fas fa-chevron-circle-right\"><\/i> Organizator: <a href=\"http:\/\/www.kkl.si\/\">Knji\u017enica \u2013 Kulturni center Lendava\/Lendvai K\u00f6nyvt\u00e1r \u00e9s Kultur\u00e1lis K\u00f6zpont<\/a><\/p>\n<hr \/>\n<h6><a id=\"avg13\"><\/a>13.<\/h6>\n<p><strong><img loading=\"lazy\" decoding=\"async\" class=\"wp-image-1587 alignright\" title=\"Brezpla\u010dna prireditev\" src=\"https:\/\/www1.kkl.si\/wp-content\/uploads\/2020\/07\/spored_simb_brezplacna-1.svg\" alt=\"brezplacna\" width=\"40\" height=\"40\" srcset=\"https:\/\/www1.kkl.si\/wp-content\/uploads\/\/2020\/07\/spored_simb_brezplacna-1.svg 150w, https:\/\/www1.kkl.si\/wp-content\/uploads\/\/2020\/07\/spored_simb_brezplacna-1.svg 400w, https:\/\/www1.kkl.si\/wp-content\/uploads\/\/2020\/07\/spored_simb_brezplacna-1.svg 1500w, https:\/\/www1.kkl.si\/wp-content\/uploads\/\/2020\/07\/spored_simb_brezplacna-1.svg 100w\" sizes=\"auto, (max-width: 40px) 100vw, 40px\" \/><\/strong><i class=\"fas fa-calendar\"><\/i> <strong>\u010detrtek, 13. avgust 2020, ob 21.00<\/strong><\/p>\n<p>POLETI V LENDAVO 2020<br \/>\n<span style=\"font-size: 28px;\"><strong>\u010cRNE DU\u0160E (Black Souls)<\/strong><\/span>, film<\/p>\n<p><i class=\"fas fa-map-marker\"><\/i> Prizori\u0161\u010de: Letni oder Gledali\u0161ke in koncertne dvorane Lendava<br \/>\n<i class=\"fas fa-chevron-circle-right\"><\/i> Organizator: <a href=\"http:\/\/www.kkl.si\/\">Knji\u017enica \u2013 Kulturni center Lendava\/Lendvai K\u00f6nyvt\u00e1r \u00e9s Kultur\u00e1lis K\u00f6zpont<\/a><\/p>\n<hr \/>\n<h6><a id=\"avg20\"><\/a>20.<\/h6>\n<p><strong><img loading=\"lazy\" decoding=\"async\" class=\"wp-image-1587 alignright\" title=\"Brezpla\u010dna prireditev\" src=\"https:\/\/www1.kkl.si\/wp-content\/uploads\/2020\/07\/spored_simb_brezplacna-1.svg\" alt=\"brezplacna\" width=\"40\" height=\"40\" srcset=\"https:\/\/www1.kkl.si\/wp-content\/uploads\/\/2020\/07\/spored_simb_brezplacna-1.svg 150w, https:\/\/www1.kkl.si\/wp-content\/uploads\/\/2020\/07\/spored_simb_brezplacna-1.svg 400w, https:\/\/www1.kkl.si\/wp-content\/uploads\/\/2020\/07\/spored_simb_brezplacna-1.svg 1500w, https:\/\/www1.kkl.si\/wp-content\/uploads\/\/2020\/07\/spored_simb_brezplacna-1.svg 100w\" sizes=\"auto, (max-width: 40px) 100vw, 40px\" \/><\/strong><i class=\"fas fa-calendar\"><\/i> <strong>\u010detrtek, 20. avgust 2020, ob 18.00<\/strong><\/p>\n<p>POLETI V LENDAVO 2020<br \/>\nKAZALI\u0160NA DRU\u017dINA PINKLEC:<br \/>\n<span style=\"font-size: 28px;\"><strong>PU\u017d MU\u017d<\/strong><\/span>, otro\u0161ka predstava v hrva\u0161kem jeziku<\/p>\n<p><i class=\"fas fa-map-marker\"><\/i> Prizori\u0161\u010de: Letni oder Gledali\u0161ke in koncertne dvorane Lendava<br \/>\n<i class=\"fas fa-chevron-circle-right\"><\/i> Organizator: <a href=\"http:\/\/www.kkl.si\/\">Knji\u017enica \u2013 Kulturni center Lendava\/Lendvai K\u00f6nyvt\u00e1r \u00e9s Kultur\u00e1lis K\u00f6zpont<\/a><\/p>\n<hr \/>\n<h6><a id=\"avg21\"><\/a>21.<\/h6>\n<p><strong><img loading=\"lazy\" decoding=\"async\" class=\"wp-image-1587 alignright\" title=\"Brezpla\u010dna prireditev\" src=\"https:\/\/www1.kkl.si\/wp-content\/uploads\/2020\/07\/spored_simb_brezplacna-1.svg\" alt=\"brezplacna\" width=\"40\" height=\"40\" srcset=\"https:\/\/www1.kkl.si\/wp-content\/uploads\/\/2020\/07\/spored_simb_brezplacna-1.svg 150w, https:\/\/www1.kkl.si\/wp-content\/uploads\/\/2020\/07\/spored_simb_brezplacna-1.svg 400w, https:\/\/www1.kkl.si\/wp-content\/uploads\/\/2020\/07\/spored_simb_brezplacna-1.svg 1500w, https:\/\/www1.kkl.si\/wp-content\/uploads\/\/2020\/07\/spored_simb_brezplacna-1.svg 100w\" sizes=\"auto, (max-width: 40px) 100vw, 40px\" \/><\/strong><i class=\"fas fa-calendar\"><\/i> <strong>petek, 21. avgust 2020, ob 18.00<\/strong><\/p>\n<p>POLETI V LENDAVO 2020<br \/>\n<strong><span style=\"font-size: 28px;\">OTO NOSOROG<\/span><\/strong>, risanka<\/p>\n<p><i class=\"fas fa-map-marker\"><\/i> Prizori\u0161\u010de: Letni oder Gledali\u0161ke in koncertne dvorane Lendava<br \/>\n<i class=\"fas fa-chevron-circle-right\"><\/i> Organizator: <a href=\"http:\/\/www.kkl.si\/\">Knji\u017enica \u2013 Kulturni center Lendava\/Lendvai K\u00f6nyvt\u00e1r \u00e9s Kultur\u00e1lis K\u00f6zpont<\/a><\/p>\n<hr \/>\n<h6><a id=\"avg27\"><\/a>27.<\/h6>\n<p><strong><img loading=\"lazy\" decoding=\"async\" class=\"wp-image-1587 alignright\" title=\"Brezpla\u010dna prireditev\" src=\"https:\/\/www1.kkl.si\/wp-content\/uploads\/2020\/07\/spored_simb_brezplacna-1.svg\" alt=\"brezplacna\" width=\"40\" height=\"40\" srcset=\"https:\/\/www1.kkl.si\/wp-content\/uploads\/\/2020\/07\/spored_simb_brezplacna-1.svg 150w, https:\/\/www1.kkl.si\/wp-content\/uploads\/\/2020\/07\/spored_simb_brezplacna-1.svg 400w, https:\/\/www1.kkl.si\/wp-content\/uploads\/\/2020\/07\/spored_simb_brezplacna-1.svg 1500w, https:\/\/www1.kkl.si\/wp-content\/uploads\/\/2020\/07\/spored_simb_brezplacna-1.svg 100w\" sizes=\"auto, (max-width: 40px) 100vw, 40px\" \/><\/strong><i class=\"fas fa-calendar\"><\/i> <strong>\u010detrtek, 27. avgust 2020, ob 18.00<\/strong><\/p>\n<p>POLETI V LENDAVO 2020<br \/>\nGLEDALI\u0160\u010cE SMEJ\u010cEK:<br \/>\n<strong><span style=\"font-size: 28px;\">RADI GREMO V \u0160OLO<\/span><\/strong>, otro\u0161ka predstava<\/p>\n<p><i class=\"fas fa-map-marker\"><\/i> Prizori\u0161\u010de: Letni oder Gledali\u0161ke in koncertne dvorane Lendava<br \/>\n<i class=\"fas fa-chevron-circle-right\"><\/i> Organizator: <a href=\"http:\/\/www.kkl.si\/\">Knji\u017enica \u2013 Kulturni center Lendava\/Lendvai K\u00f6nyvt\u00e1r \u00e9s Kultur\u00e1lis K\u00f6zpont<\/a><\/p>\n<hr \/>\n<h6><a id=\"avg28\"><\/a>28.<\/h6>\n<p><strong><img loading=\"lazy\" decoding=\"async\" class=\"wp-image-1587 alignright\" title=\"Brezpla\u010dna prireditev\" src=\"https:\/\/www1.kkl.si\/wp-content\/uploads\/2020\/07\/spored_simb_brezplacna-1.svg\" alt=\"brezplacna\" width=\"40\" height=\"40\" srcset=\"https:\/\/www1.kkl.si\/wp-content\/uploads\/\/2020\/07\/spored_simb_brezplacna-1.svg 150w, https:\/\/www1.kkl.si\/wp-content\/uploads\/\/2020\/07\/spored_simb_brezplacna-1.svg 400w, https:\/\/www1.kkl.si\/wp-content\/uploads\/\/2020\/07\/spored_simb_brezplacna-1.svg 1500w, https:\/\/www1.kkl.si\/wp-content\/uploads\/\/2020\/07\/spored_simb_brezplacna-1.svg 100w\" sizes=\"auto, (max-width: 40px) 100vw, 40px\" \/><\/strong><i class=\"fas fa-calendar\"><\/i> <strong>petek, 28. avgust 2020, ob 20.00<\/strong><\/p>\n<p>POLETI V LENDAVO 2020<br \/>\n<span style=\"font-size: 28px;\"><strong>MARKO BANDA in TJA\u0160A \u0160IMONKA<\/strong><\/span>, koncert<\/p>\n<p><i class=\"fas fa-map-marker\"><\/i> Prizori\u0161\u010de: Letni oder Gledali\u0161ke in koncertne dvorane Lendava<br \/>\n<i class=\"fas fa-chevron-circle-right\"><\/i> Organizator: <a href=\"http:\/\/www.kkl.si\/\">Knji\u017enica \u2013 Kulturni center Lendava\/Lendvai K\u00f6nyvt\u00e1r \u00e9s Kultur\u00e1lis K\u00f6zpont<\/a><\/p>\n<hr \/>\n<p><em>Organizator poletnih dogodkov je Knji\u017enica \u2013 Kulturni center Lendava. Vse prireditve so brezpla\u010dne. <br \/>\n<\/em><em>Pridr\u017eujemo si pravico do spremembe programa. <\/p>\n<p><strong>Ob slabem vremenu prireditev odpade!<\/strong><\/em><\/p>\n","protected":false},"excerpt":{"rendered":"<p>Leto 2020: julij | avgust | september\u00a0| oktober | ARHIV LEGENDA SIMBOLOV Slovenski abonma Mad\u017earski abonma Zaklju\u010dena prireditev Brezpla\u010dna prireditev Pla\u010dljiva prireditev Novost, sprememba 1. sobota, 1. avgust 2020, ob 20.00 POLETI V LENDAVO 2020 \u00caDNA, koncert Prizori\u0161\u010de: Letni oder Gledali\u0161ke in koncertne dvorane Lendava Organizator: Knji\u017enica \u2013 Kulturni center Lendava\/Lendvai K\u00f6nyvt\u00e1r \u00e9s Kultur\u00e1lis K\u00f6zpont [&hellip;]<\/p>\n","protected":false},"author":2,"featured_media":0,"parent":0,"menu_order":0,"comment_status":"closed","ping_status":"closed","template":"","meta":{"footnotes":""},"class_list":["post-2121","page","type-page","status-publish","hentry","post"],"_links":{"self":[{"href":"https:\/\/www1.kkl.si\/sl\/wp-json\/wp\/v2\/pages\/2121","targetHints":{"allow":["GET"]}}],"collection":[{"href":"https:\/\/www1.kkl.si\/sl\/wp-json\/wp\/v2\/pages"}],"about":[{"href":"https:\/\/www1.kkl.si\/sl\/wp-json\/wp\/v2\/types\/page"}],"author":[{"embeddable":true,"href":"https:\/\/www1.kkl.si\/sl\/wp-json\/wp\/v2\/users\/2"}],"replies":[{"embeddable":true,"href":"https:\/\/www1.kkl.si\/sl\/wp-json\/wp\/v2\/comments?post=2121"}],"version-history":[{"count":6,"href":"https:\/\/www1.kkl.si\/sl\/wp-json\/wp\/v2\/pages\/2121\/revisions"}],"predecessor-version":[{"id":10835,"href":"https:\/\/www1.kkl.si\/sl\/wp-json\/wp\/v2\/pages\/2121\/revisions\/10835"}],"wp:attachment":[{"href":"https:\/\/www1.kkl.si\/sl\/wp-json\/wp\/v2\/media?parent=2121"}],"curies":[{"name":"wp","href":"https:\/\/api.w.org\/{rel}","templated":true}]}}