{"id":2145,"date":"2020-10-05T11:49:43","date_gmt":"2020-10-05T09:49:43","guid":{"rendered":"https:\/\/www1.kkl.si\/?page_id=2145"},"modified":"2022-12-15T16:43:14","modified_gmt":"2022-12-15T15:43:14","slug":"spored-2020-09","status":"publish","type":"page","link":"https:\/\/www1.kkl.si\/sl\/spored-2020-09\/","title":{"rendered":"SPORED: september 2020"},"content":{"rendered":"<p><strong>Leto 2020:<\/strong> <a href=\"https:\/\/www1.kkl.si\/sl\/spored-2020-07\/\">julij<\/a> | <a href=\"https:\/\/www1.kkl.si\/sl\/spored-2020-08\/\">avgust<\/a> | <a href=\"https:\/\/www1.kkl.si\/sl\/spored-2020-09\/\">september<\/a>\u00a0| <a href=\"https:\/\/www1.kkl.si\/sl\/spored-2020-10\/\">oktober<\/a> | <a href=\"https:\/\/www1.kkl.si\/sl\/arhiv-sporeda\/\">ARHIV<\/a><\/p>\n<table id=\"spored-legenda\" cellspacing=\"0\" cellpadding=\"5\">\n<tbody>\n<tr>\n<td><strong>LEGENDA<br \/>\nSIMBOLOV<\/strong><\/td>\n<td style=\"vertical-align: middle;\"><img loading=\"lazy\" decoding=\"async\" title=\"Slovenski abonma\" src=\"https:\/\/www1.kkl.si\/wp-content\/uploads\/2020\/07\/spored_simb_abonma_si-1.svg\" alt=\"abonma_si\" width=\"30\" height=\"30\" \/><\/td>\n<td>Slovenski<br \/>\nabonma<\/td>\n<td style=\"vertical-align: middle;\"><img loading=\"lazy\" decoding=\"async\" title=\"Mad\u017earski abonma\" src=\"https:\/\/www1.kkl.si\/wp-content\/uploads\/2020\/07\/spored_simb_abonma_hu-1.svg\" alt=\"abonma_hu\" width=\"30\" height=\"30\" \/><\/td>\n<td>Mad\u017earski<br \/>\nabonma<\/td>\n<td style=\"vertical-align: middle;\"><img loading=\"lazy\" decoding=\"async\" title=\"Zaklju\u010dena prireditev\" src=\"https:\/\/www1.kkl.si\/wp-content\/uploads\/2020\/07\/spored_simb_zakljucena-1.svg\" alt=\"zakljucena\" width=\"30\" height=\"30\" \/><\/td>\n<td>Zaklju\u010dena<br \/>\nprireditev<\/td>\n<td style=\"vertical-align: middle;\"><img loading=\"lazy\" decoding=\"async\" title=\"Brezpla\u010dna prireditev\" src=\"https:\/\/www1.kkl.si\/wp-content\/uploads\/2020\/07\/spored_simb_brezplacna-1.svg\" alt=\"brezplacna\" width=\"30\" height=\"30\" \/><\/td>\n<td>Brezpla\u010dna<br \/>\nprireditev<\/td>\n<td style=\"vertical-align: middle;\"><img loading=\"lazy\" decoding=\"async\" title=\"Pla\u010dljiva prireditev\" src=\"https:\/\/www1.kkl.si\/wp-content\/uploads\/2020\/07\/spored_simb_placljiva-1.svg\" alt=\"placljiva\" width=\"30\" height=\"30\" \/><\/td>\n<td>Pla\u010dljiva<br \/>\nprireditev<\/td>\n<td style=\"vertical-align: middle;\"><img loading=\"lazy\" decoding=\"async\" title=\"Novost, sprememba\" src=\"https:\/\/www1.kkl.si\/wp-content\/uploads\/2020\/07\/spored_simb_novost-1.svg\" alt=\"novost\" width=\"30\" height=\"30\" \/><\/td>\n<td>Novost,<br \/>\nsprememba<\/td>\n<\/tr>\n<\/tbody>\n<\/table>\n<p><img loading=\"lazy\" decoding=\"async\" class=\"slika alignnone wp-image-1680 size-full\" src=\"https:\/\/www1.kkl.si\/wp-content\/uploads\/2020\/07\/2020_poleti_v_lendavo_spored.jpg\" alt=\"\" width=\"1500\" height=\"150\" srcset=\"https:\/\/www1.kkl.si\/wp-content\/uploads\/2020\/07\/2020_poleti_v_lendavo_spored.jpg 1500w, https:\/\/www1.kkl.si\/wp-content\/uploads\/2020\/07\/2020_poleti_v_lendavo_spored-400x40.jpg 400w\" sizes=\"auto, (max-width: 1500px) 100vw, 1500px\" \/><\/p>\n<h6><a id=\"sep06\"><\/a>6.<\/h6>\n<p><strong><img loading=\"lazy\" decoding=\"async\" class=\"wp-image-1587 alignright\" title=\"Brezpla\u010dna prireditev\" src=\"https:\/\/www1.kkl.si\/wp-content\/uploads\/2020\/07\/spored_simb_brezplacna-1.svg\" alt=\"brezplacna\" width=\"40\" height=\"40\" srcset=\"https:\/\/www1.kkl.si\/wp-content\/uploads\/\/2020\/07\/spored_simb_brezplacna-1.svg 150w, https:\/\/www1.kkl.si\/wp-content\/uploads\/\/2020\/07\/spored_simb_brezplacna-1.svg 400w, https:\/\/www1.kkl.si\/wp-content\/uploads\/\/2020\/07\/spored_simb_brezplacna-1.svg 1500w, https:\/\/www1.kkl.si\/wp-content\/uploads\/\/2020\/07\/spored_simb_brezplacna-1.svg 100w\" sizes=\"auto, (max-width: 40px) 100vw, 40px\" \/><\/strong><i class=\"fas fa-calendar\"><\/i> <strong>nedelja, 6. september 2020, ob 20.00<\/strong><\/p>\n<p>POLETI V LENDAVO 2020 <br \/>\nEVROPSKI DAN JUDOVSKE KULTURE<br \/>\n<span style=\"font-size: 28px;\"><strong>Stefan Zweig \u2013 Slovo od Evrope<\/strong><\/span>, film<\/p>\n<p><i class=\"fas fa-map-marker\"><\/i> Prizori\u0161\u010de: Letni oder Gledali\u0161ke in koncertne dvorane Lendava<br \/>\n<i class=\"fas fa-chevron-circle-right\"><\/i> Organizator: <a href=\"http:\/\/www.kkl.si\/\">Knji\u017enica \u2013 Kulturni center Lendava\/Lendvai K\u00f6nyvt\u00e1r \u00e9s Kultur\u00e1lis K\u00f6zpont<\/a><\/p>\n<hr \/>\n<h6><a id=\"sep07\"><\/a>7.<\/h6>\n<p><strong><img loading=\"lazy\" decoding=\"async\" class=\"wp-image-1587 alignright\" title=\"Brezpla\u010dna prireditev\" src=\"https:\/\/www1.kkl.si\/wp-content\/uploads\/2020\/07\/spored_simb_brezplacna-1.svg\" alt=\"brezplacna\" width=\"40\" height=\"40\" srcset=\"https:\/\/www1.kkl.si\/wp-content\/uploads\/\/2020\/07\/spored_simb_brezplacna-1.svg 150w, https:\/\/www1.kkl.si\/wp-content\/uploads\/\/2020\/07\/spored_simb_brezplacna-1.svg 400w, https:\/\/www1.kkl.si\/wp-content\/uploads\/\/2020\/07\/spored_simb_brezplacna-1.svg 1500w, https:\/\/www1.kkl.si\/wp-content\/uploads\/\/2020\/07\/spored_simb_brezplacna-1.svg 100w\" sizes=\"auto, (max-width: 40px) 100vw, 40px\" \/><\/strong><i class=\"fas fa-calendar\"><\/i> <strong>ponedeljek, 7. september 2020<\/strong><\/p>\n<p>Likovna razstava ob 15. obletnici HDK POMURJA<br \/>\n<strong><span style=\"font-size: 28px;\">Med\u017eimurski slikarji iz Zbirke Pohi\u017eek<\/span><\/strong><\/p>\n<p><i class=\"fas fa-map-marker\"><\/i> Prizori\u0161\u010de: Avla Gledali\u0161ke in koncertne dvorane Lendava<br \/>\n<i class=\"fas fa-chevron-circle-right\"><\/i> Organizator: HKD Pomurje<\/p>\n<hr \/>\n<h6><a id=\"sep11\"><\/a>11.<\/h6>\n<p><strong><img loading=\"lazy\" decoding=\"async\" class=\"wp-image-1587 alignright\" title=\"Brezpla\u010dna prireditev\" src=\"https:\/\/www1.kkl.si\/wp-content\/uploads\/2020\/07\/spored_simb_brezplacna-1.svg\" alt=\"brezplacna\" width=\"40\" height=\"40\" srcset=\"https:\/\/www1.kkl.si\/wp-content\/uploads\/\/2020\/07\/spored_simb_brezplacna-1.svg 150w, https:\/\/www1.kkl.si\/wp-content\/uploads\/\/2020\/07\/spored_simb_brezplacna-1.svg 400w, https:\/\/www1.kkl.si\/wp-content\/uploads\/\/2020\/07\/spored_simb_brezplacna-1.svg 1500w, https:\/\/www1.kkl.si\/wp-content\/uploads\/\/2020\/07\/spored_simb_brezplacna-1.svg 100w\" sizes=\"auto, (max-width: 40px) 100vw, 40px\" \/><\/strong><i class=\"fas fa-calendar\"><\/i> <strong>petek, 11. september 2020, ob 20.00<\/strong><\/p>\n<p>POLETI V LENDAVO 2020<br \/>\n<strong><span style=\"font-size: 28px;\">TRGOVSKI POTNIK (Forushande \/ The Salesman)<\/span><\/strong>, film<\/p>\n<p><em>Projekcija filma, ki je zaradi slabega vremena, 24. julija 2020, odpadla.<\/em><\/p>\n<p><i class=\"fas fa-map-marker\"><\/i> Prizori\u0161\u010de: Letni oder Gledali\u0161ke in koncertne dvorane Lendava<br \/>\n<i class=\"fas fa-chevron-circle-right\"><\/i> Organizator: <a href=\"http:\/\/www.kkl.si\/\">Knji\u017enica \u2013 Kulturni center Lendava\/Lendvai K\u00f6nyvt\u00e1r \u00e9s Kultur\u00e1lis K\u00f6zpont<\/a><\/p>\n<hr \/>\n<h6><a id=\"sep24\"><\/a>24.<\/h6>\n<p><strong><img loading=\"lazy\" decoding=\"async\" class=\"wp-image-1587 alignright\" title=\"Brezpla\u010dna prireditev\" src=\"https:\/\/www1.kkl.si\/wp-content\/uploads\/2020\/07\/spored_simb_brezplacna-1.svg\" alt=\"brezplacna\" width=\"40\" height=\"40\" srcset=\"https:\/\/www1.kkl.si\/wp-content\/uploads\/\/2020\/07\/spored_simb_brezplacna-1.svg 150w, https:\/\/www1.kkl.si\/wp-content\/uploads\/\/2020\/07\/spored_simb_brezplacna-1.svg 400w, https:\/\/www1.kkl.si\/wp-content\/uploads\/\/2020\/07\/spored_simb_brezplacna-1.svg 1500w, https:\/\/www1.kkl.si\/wp-content\/uploads\/\/2020\/07\/spored_simb_brezplacna-1.svg 100w\" sizes=\"auto, (max-width: 40px) 100vw, 40px\" \/><\/strong><i class=\"fas fa-calendar\"><\/i> <strong>\u010detrtek, 24. september 2020, ob 18.00<\/strong><\/p>\n<p><strong><span style=\"font-size: 28px;\">Literarni ve\u010der z Mileno Miklav\u010di\u010d<\/span><\/strong><\/p>\n<p><i class=\"fas fa-map-marker\"><\/i> Prizori\u0161\u010de: Gledali\u0161ka in koncertna dvorana Lendava<br \/>\n<i class=\"fas fa-chevron-circle-right\"><\/i> Organizator: <a href=\"http:\/\/www.kkl.si\/\">Knji\u017enica \u2013 Kulturni center Lendava\/Lendvai K\u00f6nyvt\u00e1r \u00e9s Kultur\u00e1lis K\u00f6zpont<\/a><\/p>\n<p><i class=\"fas fa-ticket\"><\/i> <strong>Brezpla\u010dne vstopnice<\/strong> lahko dvignete na blagajni Gledali\u0161ke in koncertne dvorane v Lendavi med tednom od 9. do 14. ure ali pa uro pred za\u010detkom prireditve. Maksimalno \u0161tevilo obiskovalcev je omejeno na 50.<\/p>\n<hr \/>\n<p><em>Organizator poletnih dogodkov je Knji\u017enica \u2013 Kulturni center Lendava. Vse prireditve so brezpla\u010dne. <br \/>\n<\/em><em>Pridr\u017eujemo si pravico do spremembe programa. <\/p>\n<p><strong>Ob slabem vremenu prireditev odpade!<\/strong><\/em><\/p>\n","protected":false},"excerpt":{"rendered":"<p>Leto 2020: julij | avgust | september\u00a0| oktober | ARHIV LEGENDA SIMBOLOV Slovenski abonma Mad\u017earski abonma Zaklju\u010dena prireditev Brezpla\u010dna prireditev Pla\u010dljiva prireditev Novost, sprememba 6. nedelja, 6. september 2020, ob 20.00 POLETI V LENDAVO 2020 EVROPSKI DAN JUDOVSKE KULTURE Stefan Zweig \u2013 Slovo od Evrope, film Prizori\u0161\u010de: Letni oder Gledali\u0161ke in koncertne dvorane Lendava Organizator: [&hellip;]<\/p>\n","protected":false},"author":2,"featured_media":0,"parent":0,"menu_order":0,"comment_status":"closed","ping_status":"closed","template":"","meta":{"footnotes":""},"class_list":["post-2145","page","type-page","status-publish","hentry","post"],"_links":{"self":[{"href":"https:\/\/www1.kkl.si\/sl\/wp-json\/wp\/v2\/pages\/2145","targetHints":{"allow":["GET"]}}],"collection":[{"href":"https:\/\/www1.kkl.si\/sl\/wp-json\/wp\/v2\/pages"}],"about":[{"href":"https:\/\/www1.kkl.si\/sl\/wp-json\/wp\/v2\/types\/page"}],"author":[{"embeddable":true,"href":"https:\/\/www1.kkl.si\/sl\/wp-json\/wp\/v2\/users\/2"}],"replies":[{"embeddable":true,"href":"https:\/\/www1.kkl.si\/sl\/wp-json\/wp\/v2\/comments?post=2145"}],"version-history":[{"count":5,"href":"https:\/\/www1.kkl.si\/sl\/wp-json\/wp\/v2\/pages\/2145\/revisions"}],"predecessor-version":[{"id":10834,"href":"https:\/\/www1.kkl.si\/sl\/wp-json\/wp\/v2\/pages\/2145\/revisions\/10834"}],"wp:attachment":[{"href":"https:\/\/www1.kkl.si\/sl\/wp-json\/wp\/v2\/media?parent=2145"}],"curies":[{"name":"wp","href":"https:\/\/api.w.org\/{rel}","templated":true}]}}