{"id":21553,"date":"2025-04-01T08:19:32","date_gmt":"2025-04-01T06:19:32","guid":{"rendered":"https:\/\/www1.kkl.si\/?page_id=21553"},"modified":"2025-10-15T12:56:27","modified_gmt":"2025-10-15T10:56:27","slug":"spored-2025-05","status":"publish","type":"page","link":"https:\/\/www1.kkl.si\/sl\/spored-2025-05\/","title":{"rendered":"SPORED: maj 2025"},"content":{"rendered":"<p><strong>Leto 2025:<\/strong> <a href=\"https:\/\/www1.kkl.si\/sl\/spored-2025-01\/\">januar<\/a> | <a href=\"https:\/\/www1.kkl.si\/sl\/spored-2025-02\/\">februar<\/a> | <a href=\"https:\/\/www1.kkl.si\/sl\/spored-2025-03\/\">marec<\/a> | <a href=\"https:\/\/www1.kkl.si\/sl\/spored-2025-04\/\">april<\/a> | <a href=\"https:\/\/www1.kkl.si\/sl\/spored-2025-05\/\">maj<\/a> | <a href=\"https:\/\/www1.kkl.si\/sl\/spored-2025-06\/\">junij<\/a> | <a href=\"https:\/\/www1.kkl.si\/sl\/spored-2025-07\/\">julij<\/a> | <a href=\"https:\/\/www1.kkl.si\/sl\/spored-2025-08\/\">avgust<\/a> | <a href=\"https:\/\/www1.kkl.si\/sl\/spored-2025-09\/\">september<\/a> | <a href=\"https:\/\/www1.kkl.si\/sl\/spored-2025-10\/\">oktober<\/a> | <a href=\"https:\/\/www1.kkl.si\/sl\/spored-2025-11\/\">november<\/a> | <a href=\"https:\/\/www1.kkl.si\/sl\/spored-2025-12\/\">december<\/a> | <a href=\"https:\/\/www1.kkl.si\/sl\/arhiv-sporeda\/\">ARHIV<\/a><\/p>\n<div style=\"overflow-x: auto;\">\n<table id=\"spored-legenda\" cellspacing=\"0\" cellpadding=\"5\">\n<tbody>\n<tr>\n<td><strong>LEGENDA<br \/>\nSIMBOLOV<\/strong><\/td>\n<td style=\"vertical-align: middle;\"><img loading=\"lazy\" decoding=\"async\" title=\"Slovenski abonma\" src=\"https:\/\/www1.kkl.si\/wp-content\/uploads\/2020\/07\/spored_simb_abonma_si-1.svg\" alt=\"abonma_si\" width=\"30\" height=\"30\" \/><\/td>\n<td>Slovenski<br \/>\nabonma<\/td>\n<td style=\"vertical-align: middle;\"><img loading=\"lazy\" decoding=\"async\" title=\"Mad\u017earski abonma\" src=\"https:\/\/www1.kkl.si\/wp-content\/uploads\/2020\/07\/spored_simb_abonma_hu-1.svg\" alt=\"abonma_hu\" width=\"30\" height=\"30\" \/><\/td>\n<td>Mad\u017earski<br \/>\nabonma<\/td>\n<td style=\"vertical-align: middle;\"><img loading=\"lazy\" decoding=\"async\" title=\"Zaklju\u010dena prireditev\" src=\"https:\/\/www1.kkl.si\/wp-content\/uploads\/2020\/07\/spored_simb_zakljucena-1.svg\" alt=\"zakljucena\" width=\"30\" height=\"30\" \/><\/td>\n<td>Zaklju\u010dena<br \/>\nprireditev<\/td>\n<td style=\"vertical-align: middle;\"><img loading=\"lazy\" decoding=\"async\" title=\"Brezpla\u010dna prireditev\" src=\"https:\/\/www1.kkl.si\/wp-content\/uploads\/2020\/07\/spored_simb_brezplacna-1.svg\" alt=\"brezplacna\" width=\"30\" height=\"30\" \/><\/td>\n<td>Brezpla\u010dna<br \/>\nprireditev<\/td>\n<td style=\"vertical-align: middle;\"><img loading=\"lazy\" decoding=\"async\" title=\"Pla\u010dljiva prireditev\" src=\"https:\/\/www1.kkl.si\/wp-content\/uploads\/2020\/07\/spored_simb_placljiva-1.svg\" alt=\"placljiva\" width=\"30\" height=\"30\" \/><\/td>\n<td>Pla\u010dljiva<br \/>\nprireditev<\/td>\n<td style=\"vertical-align: middle;\"><img loading=\"lazy\" decoding=\"async\" title=\"Novost, sprememba\" src=\"https:\/\/www1.kkl.si\/wp-content\/uploads\/2020\/07\/spored_simb_novost-1.svg\" alt=\"novost\" width=\"30\" height=\"30\" \/><\/td>\n<td>Novost,<br \/>\nsprememba<\/td>\n<\/tr>\n<\/tbody>\n<\/table>\n<\/div>\n<table id=\"sporedtabela\" style=\"width: 100%;\">\n<tbody>\n<tr>\n<td style=\"width: 14.8961%;\">\n<p style=\"text-align: center;\"><strong><span style=\"font-size: 24pt;\">8.<\/span><br \/>\n<\/strong><\/p>\n<p style=\"text-align: center;\">\u010detrtek<\/p>\n<p><img loading=\"lazy\" decoding=\"async\" class=\"aligncenter\" title=\"Brezpla\u010dna prireditev\" src=\"https:\/\/www1.kkl.si\/wp-content\/uploads\/2020\/07\/spored_simb_brezplacna-1.svg\" alt=\"brezplacna\" width=\"30\" height=\"30\" \/><\/p>\n<\/td>\n<td style=\"width: 84.642%;\">\n<p><i class=\"fas fa-clock\"><\/i> <strong>16.30<\/strong> | Gledali\u0161ka in koncertna dvorana Lendava<a href=\"https:\/\/www1.kkl.si\/wp-content\/uploads\/2025\/04\/plakat_B2_balet_labodje_jezero_2025_DVOJ.jpg\" data-lbwps-width=\"2500\" data-lbwps-height=\"3500\" data-lbwps-srcsmall=\"https:\/\/www1.kkl.si\/wp-content\/uploads\/2025\/04\/plakat_B2_balet_labodje_jezero_2025_DVOJ.jpg\"><img loading=\"lazy\" decoding=\"async\" class=\"alignright size-thumbnail wp-image-21718\" src=\"https:\/\/www1.kkl.si\/wp-content\/uploads\/2025\/04\/plakat_B2_balet_labodje_jezero_2025_DVOJ-scaled-e1745300946314-150x150.jpg\" alt=\"\" width=\"150\" height=\"150\" \/><\/a><br \/>\n<strong>baletna predstava<br \/>\n<\/strong><\/p>\n<p><span style=\"font-size: 24pt;\"><strong><a href=\"https:\/\/www1.kkl.si\/sl\/vabilo-na-baletno-predstavo-labodje-jezero\/\">Labodje jezero\u00a0<\/a><br \/>\n<\/strong><\/span><strong>v izvedbi baletnega oddelka Glasbene \u0161ole Lendava<\/strong><\/p>\n<p><i class=\"fas fa-info-circle\"><\/i> Brezpla\u010dne vstopnice so na voljo pri blagajni (<i class=\"fas fa-phone-alt\"><\/i> 02 577 20 62) Gledali\u0161ke in koncertne dvorane Lendava. Na prireditvi se bodo zbirali prostovoljni prispevki za \u0161olski sklad G\u0160 Lendava.<\/p>\n<p><span style=\"font-size: 10pt;\">Organizator: <a href=\"http:\/\/www.gs-lendava.si\/\">Glasbena \u0161ola Lendava\/Zeneiskola Lendva<\/a><\/span><\/p>\n<\/td>\n<\/tr>\n<tr>\n<td style=\"width: 14.8961%;\">\n<p style=\"text-align: center;\"><strong><span style=\"font-size: 24pt;\">8.<\/span><br \/>\n<\/strong><\/p>\n<p style=\"text-align: center;\">\u010detrtek<\/p>\n<p><img loading=\"lazy\" decoding=\"async\" class=\"aligncenter\" title=\"Brezpla\u010dna prireditev\" src=\"https:\/\/www1.kkl.si\/wp-content\/uploads\/2020\/07\/spored_simb_brezplacna-1.svg\" alt=\"brezplacna\" width=\"30\" height=\"30\" \/><\/p>\n<\/td>\n<td style=\"width: 84.642%;\">\n<p><i class=\"fas fa-clock\"><\/i> <strong>18.00<\/strong> | Gledali\u0161ka in koncertna dvorana Lendava<a href=\"https:\/\/www1.kkl.si\/wp-content\/uploads\/2025\/04\/plakat_B2_balet_labodje_jezero_2025_DVOJ.jpg\" data-lbwps-width=\"2500\" data-lbwps-height=\"3500\" data-lbwps-srcsmall=\"https:\/\/www1.kkl.si\/wp-content\/uploads\/2025\/04\/plakat_B2_balet_labodje_jezero_2025_DVOJ.jpg\"><img loading=\"lazy\" decoding=\"async\" class=\"alignright size-thumbnail wp-image-21718\" src=\"https:\/\/www1.kkl.si\/wp-content\/uploads\/2025\/04\/plakat_B2_balet_labodje_jezero_2025_DVOJ-scaled-e1745300946314-150x150.jpg\" alt=\"\" width=\"150\" height=\"150\" \/><\/a><br \/>\n<strong>baletna predstava<br \/>\n<\/strong><\/p>\n<p><span style=\"font-size: 24pt;\"><strong>Labodje jezero\u00a0<br \/>\n<\/strong><\/span><strong>v izvedbi baletnega oddelka Glasbene \u0161ole Lendava<\/strong><\/p>\n<p><span class=\"premiera\"><i class=\"fas fa-exclamation-circle\"><\/i> OBVESTILO: Vse vstopnice so po\u0161le.<\/span><br \/>\nNa prireditvi se bodo zbirali prostovoljni prispevki za \u0161olski sklad G\u0160 Lendava.<\/p>\n<p><span style=\"font-size: 10pt;\">Organizator: <a href=\"http:\/\/www.gs-lendava.si\/\">Glasbena \u0161ola Lendava\/Zeneiskola Lendva<\/a><\/span><\/p>\n<\/td>\n<\/tr>\n<tr>\n<td style=\"width: 14.8961%; text-align: center;\">\n<p><span style=\"font-size: 24pt;\"><strong>9.<\/strong><\/span><\/p>\n<p style=\"text-align: center;\">petek<\/p>\n<p><img loading=\"lazy\" decoding=\"async\" class=\"aligncenter\" title=\"Brezpla\u010dna prireditev\" src=\"https:\/\/www1.kkl.si\/wp-content\/uploads\/2020\/07\/spored_simb_brezplacna-1.svg\" alt=\"brezplacna\" width=\"30\" height=\"30\" \/><\/p>\n<\/td>\n<td style=\"width: 84.642%;\">\n<p><i class=\"fas fa-map-marker-alt\"><\/i> preddverje Gledali\u0161ke in koncertne dvorana Lendava<img loading=\"lazy\" decoding=\"async\" class=\"alignright wp-image-21933\" src=\"https:\/\/www1.kkl.si\/wp-content\/uploads\/2025\/05\/missio_logo_misijonsko_sredisce.svg\" alt=\"\" width=\"150\" height=\"150\" \/><br \/>\n<strong>razstava<\/strong><\/p>\n<p><span style=\"font-size: 24pt;\"><strong><a href=\"https:\/\/www1.kkl.si\/sl\/potujoca-misijonska-razstava-misijonskega-sredisca-slovenije\/\">Potujo\u010da misijonska razstava Misijonskega sredi\u0161\u010da Slovenije<\/a><br \/>\n<\/strong><\/span><\/p>\n<p>Razstava je na ogled od 9. maja do 2. junija 2025.<\/p>\n<p><span style=\"font-size: 10pt;\">Organizator: <a href=\"https:\/\/www.missio.si\/\">Misijonsko sredi\u0161\u010de Slovenije &#8211; missio.si<\/a><\/span><\/p>\n<\/td>\n<\/tr>\n<tr>\n<td style=\"width: 14.8961%; text-align: center;\">\n<p><span style=\"font-size: 24pt;\"><strong>10.<\/strong><\/span><\/p>\n<p>sobota<\/p>\n<p><img loading=\"lazy\" decoding=\"async\" class=\"aligncenter\" title=\"Brezpla\u010dna prireditev\" src=\"https:\/\/www1.kkl.si\/wp-content\/uploads\/2020\/07\/spored_simb_brezplacna-1.svg\" alt=\"brezplacna\" width=\"30\" height=\"30\" \/><\/p>\n<\/td>\n<td style=\"width: 84.642%;\">\n<p><i class=\"fas fa-clock\"><\/i> <strong>18.00<\/strong> | Gledali\u0161ka in koncertna dvorana Lendava<a href=\"https:\/\/www1.kkl.si\/wp-content\/uploads\/2025\/04\/Stanko_Padaric_razstava_2025-2.jpg\" data-lbwps-width=\"1191\" data-lbwps-height=\"1364\" data-lbwps-srcsmall=\"https:\/\/www1.kkl.si\/wp-content\/uploads\/2025\/04\/Stanko_Padaric_razstava_2025-2-349x400.jpg\"><img loading=\"lazy\" decoding=\"async\" class=\"slika alignright wp-image-21866 size-thumbnail\" src=\"https:\/\/www1.kkl.si\/wp-content\/uploads\/2025\/04\/Stanko_Padaric_razstava_2025-2-150x150.jpg\" alt=\"\" width=\"150\" height=\"150\" \/><\/a><br \/>\n<strong>slikarska razstava<\/strong><\/p>\n<p><a href=\"https:\/\/www1.kkl.si\/sl\/slikarska-razstava-stanko-padaric-priroda-obicaji-i-tradicija\/\"><strong><span style=\"font-size: 24pt;\">Stanko Padari\u0107: \u00bbPriroda, obi\u010daji i tradicija\u00ab<\/span><\/strong><\/a><br \/>\n<strong>(slikar iz Svetega Martina na Muri, Hrva\u0161ka)<\/strong><\/p>\n<p>Razstava bo na ogled od 10. maja do 31. maja 2025.<\/p>\n<p><span style=\"font-size: 10pt;\">Organizator: <a href=\"https:\/\/hkd-pomurje.si\/\">HKD Pomurje<\/a><\/span><\/p>\n<\/td>\n<\/tr>\n<tr>\n<td style=\"width: 14.8961%;\">\n<p style=\"text-align: center;\"><span style=\"font-size: 24pt;\"><strong>20.<\/strong><\/span><\/p>\n<p style=\"text-align: center;\">torek<\/p>\n<p style=\"text-align: center;\"><img loading=\"lazy\" decoding=\"async\" title=\"Slovenski abonma\" src=\"https:\/\/www1.kkl.si\/wp-content\/uploads\/2020\/07\/spored_simb_abonma_si-1.svg\" alt=\"abonma_si\" width=\"30\" height=\"30\" \/>\u00a0 <img loading=\"lazy\" decoding=\"async\" class=\"alignnone\" title=\"Pla\u010dljiva prireditev\" src=\"https:\/\/www1.kkl.si\/wp-content\/uploads\/2020\/07\/spored_simb_placljiva-1.svg\" alt=\"placljiva\" width=\"30\" height=\"30\" \/><\/p>\n<\/td>\n<td style=\"width: 84.642%;\">\n<p><i class=\"fas fa-clock\"><\/i> <strong>19.00<\/strong> | Gledali\u0161ka in koncertna dvorana Lendava<a href=\"https:\/\/www1.kkl.si\/wp-content\/uploads\/2025\/04\/plakat_B1_MGL_Nora_2025_DVOJ.jpg\" data-lbwps-width=\"2100\" data-lbwps-height=\"3000\" data-lbwps-srcsmall=\"https:\/\/www1.kkl.si\/wp-content\/uploads\/2025\/04\/plakat_B1_MGL_Nora_2025_DVOJ.jpg\"><img loading=\"lazy\" decoding=\"async\" class=\"alignright size-thumbnail wp-image-21722\" src=\"https:\/\/www1.kkl.si\/wp-content\/uploads\/2025\/04\/plakat_B1_MGL_Nora_2025_DVOJ-scaled-150x150.jpg\" alt=\"\" width=\"150\" height=\"150\" \/><\/a><br \/>\n<strong>drama<\/strong><\/p>\n<p>MGL &#8211; Mestno gledali\u0161\u010de ljubljansko | Henrik Ibsen:<\/p>\n<p><a href=\"https:\/\/www1.kkl.si\/sl\/mestno-gledalisce-ljubljansko-nora\/\"><span style=\"font-size: 24pt;\"><strong>Nora<\/strong><\/span><\/a><\/p>\n<p>Re\u017eija: Nela Vito\u0161evi\u0107<\/p>\n<p><i class=\"fas fa-ticket-alt\"><\/i> Cena vstopnice: predprodaja <strong>15 \u20ac<\/strong>, na dan predstave <strong>18 \u20ac<\/strong>. <br \/>\nBlagajna: <i class=\"fas fa-phone-alt\"><\/i> +386 (0)2 577 60 24<\/p>\n<p><span style=\"font-size: 10pt;\">Organizator: <a href=\"https:\/\/www.kkl.si\/\">Knji\u017enica \u2013 Kulturni center Lendava \u2013 Lendvai K\u00f6nyvt\u00e1r \u00e9s Kultur\u00e1lis K\u00f6zpont<\/a><\/span><\/p>\n<\/td>\n<\/tr>\n<tr>\n<td style=\"width: 14.8961%;\">\n<p style=\"text-align: center;\"><span style=\"font-size: 24pt;\"><strong>21.<\/strong><\/span><\/p>\n<p style=\"text-align: center;\">sreda<\/p>\n<p><img loading=\"lazy\" decoding=\"async\" class=\"aligncenter\" title=\"Brezpla\u010dna prireditev\" src=\"https:\/\/www1.kkl.si\/wp-content\/uploads\/2020\/07\/spored_simb_brezplacna-1.svg\" alt=\"brezplacna\" width=\"30\" height=\"30\" \/><\/p>\n<\/td>\n<td style=\"width: 84.642%;\">\n<p><i class=\"fas fa-clock\"><\/i> <strong>10.00<\/strong> | mestni park Ro\u017ea in letni oder Gledali\u0161ke in koncertne dvorane Lendava<a href=\"https:\/\/www1.kkl.si\/wp-content\/uploads\/2025\/05\/PU-vabilo-25-SL.jpg\" data-lbwps-width=\"1240\" data-lbwps-height=\"1754\" data-lbwps-srcsmall=\"https:\/\/www1.kkl.si\/wp-content\/uploads\/2025\/05\/PU-vabilo-25-SL-283x400.jpg\"><img loading=\"lazy\" decoding=\"async\" class=\"slika alignright wp-image-22107 size-thumbnail\" src=\"https:\/\/www1.kkl.si\/wp-content\/uploads\/2025\/05\/PU-vabilo-25-SL-e1747669257326-150x150.jpg\" alt=\"\" width=\"150\" height=\"150\" \/><\/a><br \/>\n<strong>prireditev<\/strong><\/p>\n<p>Tedni vse\u017eivljenjskega u\u010denja (TVU) 2025<\/p>\n<p><a href=\"https:\/\/www1.kkl.si\/sl\/parada-ucenja-v-lendavi-dan-ucecih-se-skupnosti-2025\/\"><span style=\"font-size: 24pt;\"><strong>Parada u\u010denja v Lendavi &#8211; Dan u\u010de\u010dih se skupnosti 2025*<\/strong><\/span><\/a><\/p>\n<p><span style=\"font-size: 10pt;\">Organizator: <a href=\"https:\/\/www.lulendava.si\/\">Ljudska univerza Lendava<\/a><\/span><\/p>\n<\/td>\n<\/tr>\n<tr>\n<td style=\"width: 14.8961%;\">\n<p style=\"text-align: center;\"><span style=\"font-size: 24pt;\"><strong>23.<\/strong><\/span><\/p>\n<p style=\"text-align: center;\">petek<\/p>\n<p style=\"text-align: center;\"><img loading=\"lazy\" decoding=\"async\" title=\"Mad\u017earski abonma\" src=\"https:\/\/www1.kkl.si\/wp-content\/uploads\/2020\/07\/spored_simb_abonma_hu-1.svg\" alt=\"abonma_hu\" width=\"30\" height=\"30\" \/><\/p>\n<p style=\"text-align: center;\">NADOMESTNI TERMIN<\/p>\n<\/td>\n<td style=\"width: 84.642%;\">\n<p><i class=\"fas fa-clock\"><\/i> <strong>19.00<\/strong> | Gledali\u0161ka in koncertna dvorana Lendava <a href=\"https:\/\/www1.kkl.si\/wp-content\/uploads\/2025\/02\/SisiA5A_plakat.jpg\" data-lbwps-width=\"1748\" data-lbwps-height=\"2480\" data-lbwps-srcsmall=\"https:\/\/www1.kkl.si\/wp-content\/uploads\/2025\/02\/SisiA5A_plakat-282x400.jpg\"><img loading=\"lazy\" decoding=\"async\" class=\"alignright size-thumbnail wp-image-21287\" src=\"https:\/\/www1.kkl.si\/wp-content\/uploads\/2025\/02\/SisiA5A_plakat-e1740728476769-150x150.jpg\" alt=\"\" width=\"150\" height=\"150\" \/><\/a><br \/>\n<strong>opereta v mad\u017earskem jeziku<\/strong><\/p>\n<p>MONARCHIA OPERETT:<\/p>\n<p><a href=\"https:\/\/www1.kkl.si\/sl\/monarchia-operett-sissi-a-magyar-kiralyne\/\"><span style=\"font-size: 24pt;\"><strong>Sissi, a magyar kir\u00e1lyn\u00e9<\/strong><\/span><\/a><\/p>\n<p><span style=\"font-size: 10pt;\">Organizator: <a href=\"https:\/\/www.mnmi-zkmn.si\/\">MNMI Lendva \u2013 ZKMN Lendava<\/a><\/span><\/p>\n<\/td>\n<\/tr>\n<tr>\n<td style=\"width: 14.8961%; text-align: center;\">\n<p><strong><span style=\"font-size: 24pt;\">25.<\/span><\/strong><\/p>\n<p style=\"text-align: center;\">nedelja<\/p>\n<p><img loading=\"lazy\" decoding=\"async\" class=\"aligncenter\" title=\"Brezpla\u010dna prireditev\" src=\"https:\/\/www1.kkl.si\/wp-content\/uploads\/2020\/07\/spored_simb_brezplacna-1.svg\" alt=\"brezplacna\" width=\"30\" height=\"30\" \/><\/p>\n<\/td>\n<td style=\"width: 84.642%;\">\n<p><i class=\"fas fa-clock\"><\/i> <strong>18.00<\/strong> | Gledali\u0161ka in koncertna dvorana Lendava<a href=\"https:\/\/www1.kkl.si\/wp-content\/uploads\/2025\/04\/globina_LENDAVA_splet.jpg\" data-lbwps-width=\"1807\" data-lbwps-height=\"3000\" data-lbwps-srcsmall=\"https:\/\/www1.kkl.si\/wp-content\/uploads\/2025\/04\/globina_LENDAVA_splet.jpg\"><img loading=\"lazy\" decoding=\"async\" class=\"alignright size-thumbnail wp-image-21789\" src=\"https:\/\/www1.kkl.si\/wp-content\/uploads\/2025\/04\/globina_LENDAVA_splet-scaled-150x150.jpg\" alt=\"\" width=\"150\" height=\"150\" \/><\/a><br \/>\n<strong>gledali\u0161ka predstava v hrva\u0161kem jeziku<\/strong><\/p>\n<p>KUD Mura:<\/p>\n<p><a href=\"https:\/\/www1.kkl.si\/sl\/kud-mura-globina\/\"><strong><span style=\"font-size: 24pt;\">Globina<\/span><\/strong><\/a><\/p>\n<p><span style=\"font-size: 10pt;\">Organizatorji: <a href=\"https:\/\/www.facebook.com\/p\/KTD-Novi-Sad-Lendava-100038549532698\/\">Kulturno in turisti\u010dno dru\u0161tvo Novi Sad Lendava &#8211; Kultur\u00e1lis \u00e9s Turisztikai Egyes\u00fclet Novi Sad Lendva<\/a>, <a href=\"https:\/\/www.kkl.si\/\">KKC Lendava \u2013 Lendvai KKK<\/a>, <a href=\"https:\/\/www.facebook.com\/p\/KUD-MURA-Mursko-Sredi%C5%A1%C4%87e-61553353352515\/\">KUD MURA<\/a>. <\/span><\/p>\n<\/td>\n<\/tr>\n<\/tbody>\n<\/table>\n<p style=\"text-align: center;\"><span style=\"font-size: 10pt;\">Organizatorji si pridr\u017eujejo pravico do spremembe programa.<\/span><\/p>\n","protected":false},"excerpt":{"rendered":"<p>Leto 2025: januar | februar | marec | april | maj | junij | julij | avgust | september | oktober | november | december | ARHIV LEGENDA SIMBOLOV Slovenski abonma Mad\u017earski abonma Zaklju\u010dena prireditev Brezpla\u010dna prireditev Pla\u010dljiva prireditev Novost, sprememba 8. \u010detrtek 16.30 | Gledali\u0161ka in koncertna dvorana Lendava baletna predstava Labodje jezero\u00a0 v [&hellip;]<\/p>\n","protected":false},"author":2,"featured_media":0,"parent":0,"menu_order":0,"comment_status":"closed","ping_status":"closed","template":"","meta":{"footnotes":""},"class_list":["post-21553","page","type-page","status-publish","hentry","post"],"_links":{"self":[{"href":"https:\/\/www1.kkl.si\/sl\/wp-json\/wp\/v2\/pages\/21553","targetHints":{"allow":["GET"]}}],"collection":[{"href":"https:\/\/www1.kkl.si\/sl\/wp-json\/wp\/v2\/pages"}],"about":[{"href":"https:\/\/www1.kkl.si\/sl\/wp-json\/wp\/v2\/types\/page"}],"author":[{"embeddable":true,"href":"https:\/\/www1.kkl.si\/sl\/wp-json\/wp\/v2\/users\/2"}],"replies":[{"embeddable":true,"href":"https:\/\/www1.kkl.si\/sl\/wp-json\/wp\/v2\/comments?post=21553"}],"version-history":[{"count":48,"href":"https:\/\/www1.kkl.si\/sl\/wp-json\/wp\/v2\/pages\/21553\/revisions"}],"predecessor-version":[{"id":24411,"href":"https:\/\/www1.kkl.si\/sl\/wp-json\/wp\/v2\/pages\/21553\/revisions\/24411"}],"wp:attachment":[{"href":"https:\/\/www1.kkl.si\/sl\/wp-json\/wp\/v2\/media?parent=21553"}],"curies":[{"name":"wp","href":"https:\/\/api.w.org\/{rel}","templated":true}]}}