{"id":21740,"date":"2025-04-22T10:03:31","date_gmt":"2025-04-22T08:03:31","guid":{"rendered":"https:\/\/www1.kkl.si\/?page_id=21740"},"modified":"2025-10-15T12:56:15","modified_gmt":"2025-10-15T10:56:15","slug":"spored-2025-06","status":"publish","type":"page","link":"https:\/\/www1.kkl.si\/sl\/spored-2025-06\/","title":{"rendered":"SPORED: junij 2025"},"content":{"rendered":"<p><strong>Leto 2025:<\/strong> <a href=\"https:\/\/www1.kkl.si\/sl\/spored-2025-01\/\">januar<\/a> | <a href=\"https:\/\/www1.kkl.si\/sl\/spored-2025-02\/\">februar<\/a> | <a href=\"https:\/\/www1.kkl.si\/sl\/spored-2025-03\/\">marec<\/a> | <a href=\"https:\/\/www1.kkl.si\/sl\/spored-2025-04\/\">april<\/a> | <a href=\"https:\/\/www1.kkl.si\/sl\/spored-2025-05\/\">maj<\/a> | <a href=\"https:\/\/www1.kkl.si\/sl\/spored-2025-06\/\">junij<\/a> | <a href=\"https:\/\/www1.kkl.si\/sl\/spored-2025-07\/\">julij<\/a> | <a href=\"https:\/\/www1.kkl.si\/sl\/spored-2025-08\/\">avgust<\/a> | <a href=\"https:\/\/www1.kkl.si\/sl\/spored-2025-09\/\">september<\/a> | <a href=\"https:\/\/www1.kkl.si\/sl\/spored-2025-10\/\">oktober<\/a> | <a href=\"https:\/\/www1.kkl.si\/sl\/spored-2025-11\/\">november<\/a> | <a href=\"https:\/\/www1.kkl.si\/sl\/spored-2025-12\/\">december<\/a> | <a href=\"https:\/\/www1.kkl.si\/sl\/arhiv-sporeda\/\">ARHIV<\/a><\/p>\n<div style=\"overflow-x: auto;\">\n<table id=\"spored-legenda\" cellspacing=\"0\" cellpadding=\"5\">\n<tbody>\n<tr>\n<td><strong>LEGENDA<br \/>\nSIMBOLOV<\/strong><\/td>\n<td style=\"vertical-align: middle;\"><img loading=\"lazy\" decoding=\"async\" title=\"Slovenski abonma\" src=\"https:\/\/www1.kkl.si\/wp-content\/uploads\/2020\/07\/spored_simb_abonma_si-1.svg\" alt=\"abonma_si\" width=\"30\" height=\"30\" \/><\/td>\n<td>Slovenski<br \/>\nabonma<\/td>\n<td style=\"vertical-align: middle;\"><img loading=\"lazy\" decoding=\"async\" title=\"Mad\u017earski abonma\" src=\"https:\/\/www1.kkl.si\/wp-content\/uploads\/2020\/07\/spored_simb_abonma_hu-1.svg\" alt=\"abonma_hu\" width=\"30\" height=\"30\" \/><\/td>\n<td>Mad\u017earski<br \/>\nabonma<\/td>\n<td style=\"vertical-align: middle;\"><img loading=\"lazy\" decoding=\"async\" title=\"Zaklju\u010dena prireditev\" src=\"https:\/\/www1.kkl.si\/wp-content\/uploads\/2020\/07\/spored_simb_zakljucena-1.svg\" alt=\"zakljucena\" width=\"30\" height=\"30\" \/><\/td>\n<td>Zaklju\u010dena<br \/>\nprireditev<\/td>\n<td style=\"vertical-align: middle;\"><img loading=\"lazy\" decoding=\"async\" title=\"Brezpla\u010dna prireditev\" src=\"https:\/\/www1.kkl.si\/wp-content\/uploads\/2020\/07\/spored_simb_brezplacna-1.svg\" alt=\"brezplacna\" width=\"30\" height=\"30\" \/><\/td>\n<td>Brezpla\u010dna<br \/>\nprireditev<\/td>\n<td style=\"vertical-align: middle;\"><img loading=\"lazy\" decoding=\"async\" title=\"Pla\u010dljiva prireditev\" src=\"https:\/\/www1.kkl.si\/wp-content\/uploads\/2020\/07\/spored_simb_placljiva-1.svg\" alt=\"placljiva\" width=\"30\" height=\"30\" \/><\/td>\n<td>Pla\u010dljiva<br \/>\nprireditev<\/td>\n<td style=\"vertical-align: middle;\"><img loading=\"lazy\" decoding=\"async\" title=\"Novost, sprememba\" src=\"https:\/\/www1.kkl.si\/wp-content\/uploads\/2020\/07\/spored_simb_novost-1.svg\" alt=\"novost\" width=\"30\" height=\"30\" \/><\/td>\n<td>Novost,<br \/>\nsprememba<\/td>\n<\/tr>\n<\/tbody>\n<\/table>\n<\/div>\n<table id=\"sporedtabela\" style=\"width: 100%;\">\n<tbody>\n<tr>\n<td style=\"width: 14.9347%; text-align: center;\">\n<p style=\"text-align: center;\"><strong><span style=\"font-size: 24pt;\">2.<\/span><br \/>\n<\/strong><\/p>\n<p style=\"text-align: center;\">ponedeljek<\/p>\n<p style=\"text-align: center;\"><img loading=\"lazy\" decoding=\"async\" title=\"Slovenski abonma\" src=\"https:\/\/www1.kkl.si\/wp-content\/uploads\/2020\/07\/spored_simb_abonma_si-1.svg\" alt=\"abonma_si\" width=\"30\" height=\"30\" \/>\u00a0 <img loading=\"lazy\" decoding=\"async\" class=\"alignnone\" title=\"Pla\u010dljiva prireditev\" src=\"https:\/\/www1.kkl.si\/wp-content\/uploads\/2020\/07\/spored_simb_placljiva-1.svg\" alt=\"placljiva\" width=\"30\" height=\"30\" \/><\/p>\n<p>NADOMESTNI TERMIN<\/td>\n<td style=\"width: 84.5675%;\">\n<p><i class=\"fas fa-clock\"><\/i> <strong>19.00<\/strong> | Gledali\u0161ka in koncertna dvorana Lendava <a href=\"https:\/\/www1.kkl.si\/wp-content\/uploads\/2025\/05\/plakat_B1_SNGLJ_Tango_20250602_DVOJ.jpg\" data-lbwps-width=\"2100\" data-lbwps-height=\"3000\" data-lbwps-srcsmall=\"https:\/\/www1.kkl.si\/wp-content\/uploads\/2025\/05\/plakat_B1_SNGLJ_Tango_20250602_DVOJ.jpg\"><img loading=\"lazy\" decoding=\"async\" class=\"alignright size-thumbnail wp-image-22009\" src=\"https:\/\/www1.kkl.si\/wp-content\/uploads\/2025\/05\/plakat_B1_SNGLJ_Tango_20250602_DVOJ-scaled-150x150.jpg\" alt=\"\" width=\"150\" height=\"150\" \/><\/a><br \/>\n<strong>groteskna komedija<br \/>\n<\/strong><\/p>\n<p>SNG Drama Ljubljana, S\u0142awomir Mro\u017cek:<\/p>\n<p><a href=\"https:\/\/www1.kkl.si\/sl\/sng-drama-ljubljana-slawomir-mrozek-tango-2\/\"><span style=\"font-size: 24pt;\"><strong>Tango<\/strong><\/span><\/a><\/p>\n<p><i class=\"fas fa-ticket-alt\"><\/i> Cena vstopnice: predprodaja <strong>15 \u20ac<\/strong>, na dan predstave <strong>18 \u20ac<\/strong>.<br \/>\nBlagajna: <i class=\"fas fa-phone-alt\"><\/i> +386 (0)2 577 60 24<\/p>\n<p><span style=\"font-size: 10pt;\">Organizator: <a href=\"https:\/\/www.kkl.si\/\">Knji\u017enica \u2013 Kulturni center Lendava \u2013 Lendvai K\u00f6nyvt\u00e1r \u00e9s Kultur\u00e1lis K\u00f6zpont<\/a><\/span><\/p>\n<\/td>\n<\/tr>\n<tr>\n<td style=\"width: 14.9347%;\">\n<p style=\"text-align: center;\"><strong><span style=\"font-size: 24pt;\">3.<\/span><br \/>\n<\/strong><\/p>\n<p style=\"text-align: center;\">torek<\/p>\n<p><img loading=\"lazy\" decoding=\"async\" class=\"aligncenter\" title=\"Brezpla\u010dna prireditev\" src=\"https:\/\/www1.kkl.si\/wp-content\/uploads\/2020\/07\/spored_simb_brezplacna-1.svg\" alt=\"brezplacna\" width=\"30\" height=\"30\" \/><\/p>\n<\/td>\n<td style=\"width: 84.5675%;\">\n<p><i class=\"fas fa-clock\"><\/i> <strong>17.00<\/strong> | avla Gledali\u0161ke in koncertne dvorane Lendava<a href=\"https:\/\/www1.kkl.si\/wp-content\/uploads\/2025\/05\/DU_razstava2025.jpg\" data-lbwps-width=\"1240\" data-lbwps-height=\"1754\" data-lbwps-srcsmall=\"https:\/\/www1.kkl.si\/wp-content\/uploads\/2025\/05\/DU_razstava2025-283x400.jpg\"><img loading=\"lazy\" decoding=\"async\" class=\"slika alignright wp-image-22224 size-thumbnail\" src=\"https:\/\/www1.kkl.si\/wp-content\/uploads\/2025\/05\/DU_razstava2025-150x150.jpg\" alt=\"\" width=\"150\" height=\"150\" \/><\/a><br \/>\n<strong>razstava<\/strong><\/p>\n<p><a href=\"https:\/\/www1.kkl.si\/sl\/otvoritev-likovne-razstave-amaterskih-slikarjev-clanov-drustev-upokojencev-pomurja\/\"><span style=\"font-size: 24pt;\"><strong>Otvoritev likovne razstave amaterskih slikarjev, \u010dlanov dru\u0161tev upokojencev Pomurja<\/strong><\/span><\/a><\/p>\n<p><em>Razstava bo na ogled do 19. junija 2025.<\/em><\/p>\n<p><span style=\"font-size: 10pt;\">Organizator: Dru\u0161tvo upokojencev Lendava, <a href=\"https:\/\/zdus-zveza.si\/o-nas\/pokrajinske-zveze-drustva-in-klubi\/pomurska-pzdu\/\">Pomurska pokrajinska zveza upokojencev Murska Sobota<\/a><\/span><\/p>\n<\/td>\n<\/tr>\n<tr>\n<td style=\"width: 14.9347%;\">\n<p style=\"text-align: center;\"><span style=\"font-size: 24pt;\"><strong>5.<br \/>\n<\/strong><\/span><\/p>\n<p style=\"text-align: center;\">\u010detrtek<\/p>\n<p><img loading=\"lazy\" decoding=\"async\" class=\"aligncenter\" title=\"Brezpla\u010dna prireditev\" src=\"https:\/\/www1.kkl.si\/wp-content\/uploads\/2020\/07\/spored_simb_brezplacna-1.svg\" alt=\"brezplacna\" width=\"30\" height=\"30\" \/><\/p>\n<\/td>\n<td style=\"width: 84.5675%;\">\n<p><i class=\"fas fa-clock\"><\/i> <strong>18.00<\/strong> | Gledali\u0161ka in koncertna dvorana Lendava<a href=\"https:\/\/www1.kkl.si\/wp-content\/uploads\/2025\/05\/plakat_B2_zakljucni_GSL_2025_DVOJ.png\" data-lbwps-width=\"2143\" data-lbwps-height=\"3000\" data-lbwps-srcsmall=\"https:\/\/www1.kkl.si\/wp-content\/uploads\/2025\/05\/plakat_B2_zakljucni_GSL_2025_DVOJ.png\"><img loading=\"lazy\" decoding=\"async\" class=\"alignright size-thumbnail wp-image-22218\" src=\"https:\/\/www1.kkl.si\/wp-content\/uploads\/2025\/05\/plakat_B2_zakljucni_GSL_2025_DVOJ-scaled-150x150.png\" alt=\"\" width=\"150\" height=\"150\" \/><\/a><br \/>\n<strong>koncert<\/strong><\/p>\n<p><a href=\"https:\/\/www1.kkl.si\/sl\/vabilo-zakljucni-koncert-ucencev-glasbene-sole-lendava\/\"><span style=\"font-size: 24pt;\"><strong>Zaklju\u010dni koncert u\u010dencev Glasbene \u0161ole Lendava<\/strong><\/span><\/a><\/p>\n<p><i class=\"fas fa-info-circle\"><\/i> Na koncertu se bodo zbirali prostovoljni prispevki za \u0161olski sklad G\u0160 Lendava.<\/p>\n<p><span style=\"font-size: 10pt;\">Organizator: <a href=\"http:\/\/www.gs-lendava.si\/\">Glasbena \u0161ola Lendava\/Zeneiskola Lendva<\/a><\/span><\/p>\n<\/td>\n<\/tr>\n<tr>\n<td style=\"width: 14.9347%;\">\n<p style=\"text-align: center;\"><span style=\"font-size: 24pt;\"><strong>7.<\/strong><\/span><\/p>\n<p style=\"text-align: center;\">sobota<\/p>\n<p style=\"text-align: center;\">\u00a0<img loading=\"lazy\" decoding=\"async\" class=\"alignnone\" title=\"Pla\u010dljiva prireditev\" src=\"https:\/\/www1.kkl.si\/wp-content\/uploads\/2020\/07\/spored_simb_placljiva-1.svg\" alt=\"placljiva\" width=\"30\" height=\"30\" \/><\/p>\n<\/td>\n<td style=\"width: 84.5675%;\">\n<p><i class=\"fas fa-clock\"><\/i> <strong>10.30<\/strong> | Gledali\u0161ka in koncertna dvorana Lendava<a href=\"https:\/\/www1.kkl.si\/wp-content\/uploads\/2025\/05\/plakat_B2_nerodna_avgustina_2025_DVOJ.jpg\" data-lbwps-width=\"2143\" data-lbwps-height=\"3000\" data-lbwps-srcsmall=\"https:\/\/www1.kkl.si\/wp-content\/uploads\/2025\/05\/plakat_B2_nerodna_avgustina_2025_DVOJ.jpg\"><img loading=\"lazy\" decoding=\"async\" class=\"alignright size-thumbnail wp-image-22176\" src=\"https:\/\/www1.kkl.si\/wp-content\/uploads\/2025\/05\/plakat_B2_nerodna_avgustina_2025_DVOJ-scaled-150x150.jpg\" alt=\"\" width=\"150\" height=\"150\" \/><\/a><br \/>\n<strong>gledali\u0161ko \u2013 glasbena predstava za otroke <span class=\"starost\">3+<\/span><br \/>\n<\/strong><\/p>\n<p>Studio Anima | Otfried Preusler &#8211; Herbert Lentz &#8211; Sten Vilar:<\/p>\n<p><a href=\"https:\/\/www1.kkl.si\/sl\/studio-anima-nerodna-avgustina\/\"><span style=\"font-size: 24pt;\"><strong>Nerodna Avgu\u0161tina<\/strong><\/span><\/a><\/p>\n<p><i class=\"fas fa-ticket-alt\"><\/i> Cena vstopnice:<strong> 3 \u20ac<br \/>\n<\/strong>Blagajna: <i class=\"fas fa-phone-alt\"><\/i> +386 (0)2 577 60 24<strong><br \/>\n<\/strong><\/p>\n<p><span style=\"font-size: 10pt;\">Organizator: <a href=\"https:\/\/www.kkl.si\/\">Knji\u017enica \u2013 Kulturni center Lendava \u2013 Lendvai K\u00f6nyvt\u00e1r \u00e9s Kultur\u00e1lis K\u00f6zpont<\/a><\/span><\/p>\n<\/td>\n<\/tr>\n<tr>\n<td style=\"width: 14.9347%;\">\n<p style=\"text-align: center;\"><strong><span style=\"font-size: 24pt;\">14.<\/span><br \/>\n<\/strong><\/p>\n<p style=\"text-align: center;\">sobota<\/p>\n<p><strong><img loading=\"lazy\" decoding=\"async\" class=\"aligncenter\" title=\"Brezpla\u010dna prireditev\" src=\"https:\/\/www1.kkl.si\/wp-content\/uploads\/2020\/07\/spored_simb_brezplacna-1.svg\" alt=\"brezplacna\" width=\"30\" height=\"30\" \/><\/strong><\/p>\n<\/td>\n<td style=\"width: 84.5675%;\">\n<p><i class=\"fas fa-clock\"><\/i> <strong>9.00\u201313.00<\/strong> | preddverje Gledali\u0161ke in koncertne dvorane Lendava<a href=\"https:\/\/www1.kkl.si\/wp-content\/uploads\/2025\/06\/PLAKAT_XXII_ssrecanje_zbirateljev_Lindva_2025.jpg\" data-lbwps-width=\"1417\" data-lbwps-height=\"1984\" data-lbwps-srcsmall=\"https:\/\/www1.kkl.si\/wp-content\/uploads\/2025\/06\/PLAKAT_XXII_ssrecanje_zbirateljev_Lindva_2025-286x400.jpg\"><img loading=\"lazy\" decoding=\"async\" class=\"size-thumbnail wp-image-22255 alignright\" src=\"https:\/\/www1.kkl.si\/wp-content\/uploads\/2025\/06\/PLAKAT_XXII_ssrecanje_zbirateljev_Lindva_2025-e1749015394231-150x150.jpg\" alt=\"\" width=\"150\" height=\"150\" \/><\/a><br \/>\n<strong>sre\u010danje<\/strong><\/p>\n<p><a href=\"https:\/\/www1.kkl.si\/sl\/xxii-mednarodno-srecanje-zbirateljev-v-lendavi\/\"><span style=\"font-size: 24pt;\"><strong>XXII. Mednarodno sre\u010danje zbirateljev v Lendavi<\/strong><\/span><\/a><\/p>\n<p><span style=\"font-size: 10pt;\">Organizator: <a href=\"https:\/\/www.facebook.com\/Lindva.drustvozbirateljevPomurja\/\">Dru\u0161tvo zbirateljev Pomurja \u2013 Lindva \u2013 Muravid\u00e9ki r\u00e9gis\u00e9ggy\u0171jt\u00f6k egyes\u00fclete<\/a><\/span><\/p>\n<\/td>\n<\/tr>\n<tr>\n<td style=\"width: 14.9347%;\">\n<p style=\"text-align: center;\"><strong><span style=\"font-size: 24pt;\">19.<\/span><br \/>\n<\/strong><\/p>\n<p style=\"text-align: center;\">\u010detrtek<\/p>\n<p style=\"text-align: center;\"><img loading=\"lazy\" decoding=\"async\" title=\"Zaklju\u010dena prireditev\" src=\"https:\/\/www1.kkl.si\/wp-content\/uploads\/2020\/07\/spored_simb_zakljucena-1.svg\" alt=\"zakljucena\" width=\"30\" height=\"30\" \/><\/p>\n<p style=\"text-align: center;\">\u00a0<\/p>\n<\/td>\n<td style=\"width: 84.5675%;\">\n<p><i class=\"fas fa-clock\"><\/i> <strong>17.00<\/strong> | Gledali\u0161ka in koncertna dvorana Lendava<a href=\"https:\/\/www1.kkl.si\/wp-content\/uploads\/2025\/06\/plakat_70cm_slavnostni_2024-2025_DVOJ-scaled-1.png\" data-lbwps-width=\"2143\" data-lbwps-height=\"3000\" data-lbwps-srcsmall=\"https:\/\/www1.kkl.si\/wp-content\/uploads\/2025\/06\/plakat_70cm_slavnostni_2024-2025_DVOJ-scaled-1-286x400.png\"><img loading=\"lazy\" decoding=\"async\" class=\"alignright size-thumbnail wp-image-22313\" src=\"https:\/\/www1.kkl.si\/wp-content\/uploads\/2025\/06\/plakat_70cm_slavnostni_2024-2025_DVOJ-scaled-1-scaled-e1749999747646-150x150.png\" alt=\"\" width=\"150\" height=\"150\" \/><\/a><br \/>\n<strong>koncert, valeta<\/strong><\/p>\n<p><span style=\"font-size: 24pt;\"><strong>Slavnostni koncert u\u010dencev, ki zaklju\u010dujejo ni\u017ejo in vi\u0161jo stopnjo Glasbene \u0161ole Lendava <\/strong><\/span><strong>(v \u0161olskem letu 2024\/2025)<\/strong><\/p>\n<p><i class=\"fas fa-info-circle\"><\/i> <em>Zaklju\u010dena prireditev je namenjena star\u0161em u\u010dencev in sorodnikom.<\/em><\/p>\n<p><span style=\"font-size: 10pt;\">Organizator: <a href=\"http:\/\/www.gs-lendava.si\/\">Glasbena \u0161ola Lendava\/Zeneiskola Lendva<\/a> v sodelovanju s <a href=\"https:\/\/www.kkl.si\/\">Knji\u017enico \u2013 Kulturnim centrom Lendava \u2013 Lendvai K\u00f6nyvt\u00e1r \u00e9s Kultur\u00e1lis K\u00f6zpont<\/a><\/span><\/p>\n<\/td>\n<\/tr>\n<tr>\n<td style=\"width: 14.9347%;\">\n<p style=\"text-align: center;\"><span style=\"font-size: 24pt;\"><strong>20.<\/strong><\/span><\/p>\n<p style=\"text-align: center;\">petek<\/p>\n<p><img loading=\"lazy\" decoding=\"async\" class=\"aligncenter\" title=\"Brezpla\u010dna prireditev\" src=\"https:\/\/www1.kkl.si\/wp-content\/uploads\/2020\/07\/spored_simb_brezplacna-1.svg\" alt=\"brezplacna\" width=\"30\" height=\"30\" \/><\/p>\n<p style=\"text-align: center;\"><strong><span style=\"font-size: 24pt;\">\u00a0<\/span><\/strong><\/p>\n<\/td>\n<td style=\"width: 84.5675%;\">\n<p><i class=\"fas fa-clock\"><\/i> <strong>19.00<\/strong> | letni oder Gledali\u0161ke in koncertne dvorane Lendava<a href=\"https:\/\/www1.kkl.si\/wp-content\/uploads\/2025\/06\/plakat_dan_drzavnosti_2025_70cm_splet.jpg\" data-lbwps-width=\"2100\" data-lbwps-height=\"3000\" data-lbwps-srcsmall=\"https:\/\/www1.kkl.si\/wp-content\/uploads\/2025\/06\/plakat_dan_drzavnosti_2025_70cm_splet.jpg\"><img loading=\"lazy\" decoding=\"async\" class=\"slika alignright wp-image-22283 size-thumbnail\" src=\"https:\/\/www1.kkl.si\/wp-content\/uploads\/2025\/06\/plakat_dan_drzavnosti_2025_70cm_splet-scaled-e1749626956514-150x150.jpg\" alt=\"\" width=\"150\" height=\"150\" \/><\/a><br \/>\n<strong>kulturna prireditev<br \/>\n<\/strong><\/p>\n<p><a href=\"https:\/\/www1.kkl.si\/sl\/vabilo-dan-drzavnosti-2025-osrednja-obcinska-slovesnost\/\"><strong><span style=\"font-size: 24pt;\">Dan dr\u017eavnosti \u2013 osrednja ob\u010dinska slovesnost<\/span><\/strong><\/a><\/p>\n<p><span style=\"font-size: 10pt;\">Organizator: <a href=\"https:\/\/www.lendava.si\/\">Ob\u010dina Lendava-Lendva K\u00f6zs\u00e9g<\/a><\/span><br \/>\n<span style=\"font-size: 10pt;\">Soorganizator: <\/span><a href=\"https:\/\/www.kkl.si\/\"><span style=\"font-size: 10pt;\">Knji\u017enica \u2013 Kulturni center Lendava \u2013 Lendvai K\u00f6nyvt\u00e1r \u00e9s Kultur\u00e1lis K\u00f6zpont<\/span><\/a><\/p>\n<\/td>\n<\/tr>\n<tr>\n<td style=\"width: 14.9347%;\">\n<p style=\"text-align: center;\"><span style=\"font-size: 24pt;\"><strong>21.<\/strong><\/span><\/p>\n<p style=\"text-align: center;\">sobota<\/p>\n<p><img loading=\"lazy\" decoding=\"async\" class=\"aligncenter\" title=\"Brezpla\u010dna prireditev\" src=\"https:\/\/www1.kkl.si\/wp-content\/uploads\/2020\/07\/spored_simb_brezplacna-1.svg\" alt=\"brezplacna\" width=\"30\" height=\"30\" \/><\/p>\n<\/td>\n<td style=\"width: 84.5675%;\">\n<p><i class=\"fas fa-map-marker-alt\"><\/i> avla Gledali\u0161ke in koncertne dvorane Lendava<a href=\"https:\/\/www1.kkl.si\/wp-content\/uploads\/2025\/05\/Lendava_letak_Mana_slikarstvo.jpg\" data-lbwps-width=\"1241\" data-lbwps-height=\"1747\" data-lbwps-srcsmall=\"https:\/\/www1.kkl.si\/wp-content\/uploads\/2025\/05\/Lendava_letak_Mana_slikarstvo-284x400.jpg\"><img loading=\"lazy\" decoding=\"async\" class=\"slika alignright wp-image-22211 size-thumbnail\" src=\"https:\/\/www1.kkl.si\/wp-content\/uploads\/2025\/05\/Lendava_letak_Mana_slikarstvo-150x150.jpg\" alt=\"\" width=\"150\" height=\"150\" \/><\/a><br \/>\n<strong>razstava<\/strong><\/p>\n<p><span style=\"font-size: 24pt;\"><strong>Razstava umetni\u0161kih del: Mana slikarstvo<\/strong><\/span><\/p>\n<p><em>Razstava bo na ogled od 21. junija do 26. julija 2025.<\/em><\/p>\n<p><span style=\"font-size: 10pt;\">Organizator: Mana slikarstvo s.p.<\/span><\/p>\n<\/td>\n<\/tr>\n<\/tbody>\n<\/table>\n<p style=\"text-align: center;\"><span style=\"font-size: 10pt;\">Organizatorji si pridr\u017eujejo pravico do spremembe programa.<\/span><\/p>\n","protected":false},"excerpt":{"rendered":"<p>Leto 2025: januar | februar | marec | april | maj | junij | julij | avgust | september | oktober | november | december | ARHIV LEGENDA SIMBOLOV Slovenski abonma Mad\u017earski abonma Zaklju\u010dena prireditev Brezpla\u010dna prireditev Pla\u010dljiva prireditev Novost, sprememba 2. ponedeljek \u00a0 NADOMESTNI TERMIN 19.00 | Gledali\u0161ka in koncertna dvorana Lendava groteskna komedija [&hellip;]<\/p>\n","protected":false},"author":2,"featured_media":0,"parent":0,"menu_order":0,"comment_status":"closed","ping_status":"closed","template":"","meta":{"footnotes":""},"class_list":["post-21740","page","type-page","status-publish","hentry","post"],"_links":{"self":[{"href":"https:\/\/www1.kkl.si\/sl\/wp-json\/wp\/v2\/pages\/21740","targetHints":{"allow":["GET"]}}],"collection":[{"href":"https:\/\/www1.kkl.si\/sl\/wp-json\/wp\/v2\/pages"}],"about":[{"href":"https:\/\/www1.kkl.si\/sl\/wp-json\/wp\/v2\/types\/page"}],"author":[{"embeddable":true,"href":"https:\/\/www1.kkl.si\/sl\/wp-json\/wp\/v2\/users\/2"}],"replies":[{"embeddable":true,"href":"https:\/\/www1.kkl.si\/sl\/wp-json\/wp\/v2\/comments?post=21740"}],"version-history":[{"count":47,"href":"https:\/\/www1.kkl.si\/sl\/wp-json\/wp\/v2\/pages\/21740\/revisions"}],"predecessor-version":[{"id":24410,"href":"https:\/\/www1.kkl.si\/sl\/wp-json\/wp\/v2\/pages\/21740\/revisions\/24410"}],"wp:attachment":[{"href":"https:\/\/www1.kkl.si\/sl\/wp-json\/wp\/v2\/media?parent=21740"}],"curies":[{"name":"wp","href":"https:\/\/api.w.org\/{rel}","templated":true}]}}