{"id":21798,"date":"2025-04-24T14:14:10","date_gmt":"2025-04-24T12:14:10","guid":{"rendered":"https:\/\/www1.kkl.si\/?page_id=21798"},"modified":"2025-05-14T11:14:25","modified_gmt":"2025-05-14T09:14:25","slug":"kud-mura-globina","status":"publish","type":"page","link":"https:\/\/www1.kkl.si\/sl\/kud-mura-globina\/","title":{"rendered":"KUD Mura: GLOBINA"},"content":{"rendered":"<div class=\"opis\"><i class=\"fas fa-clock\"><\/i> <strong>nedelja, 25. maj 2025, ob 18. uri<\/strong> | Gledali\u0161ka in koncertna dvorana Lendava<img loading=\"lazy\" decoding=\"async\" class=\"alignright\" title=\"Brezpla\u010dna prireditev\" src=\"https:\/\/www1.kkl.si\/wp-content\/uploads\/2020\/07\/spored_simb_brezplacna-1.svg\" alt=\"brezplacna\" width=\"30\" height=\"30\" \/><br \/>\n<i class=\"fas fa-chevron-circle-right\"><\/i>\u00a0 <strong>gledali\u0161ka predstava v hrva\u0161kem jeziku<br \/>\nVstop je brezpla\u010den.<\/strong><br \/>\nOrganizatorji: <a href=\"https:\/\/www.facebook.com\/p\/KTD-Novi-Sad-Lendava-100038549532698\/\">Kulturno in turisti\u010dno dru\u0161tvo Novi Sad Lendava \u2013 Kultur\u00e1lis \u00e9s Turisztikai Egyes\u00fclet Novi Sad Lendva<\/a>, <a href=\"https:\/\/www.kkl.si\/\">KKC Lendava \u2013 Lendvai KKK<\/a>, <a href=\"https:\/\/www.facebook.com\/p\/KUD-MURA-Mursko-Sredi%C5%A1%C4%87e-61553353352515\/\">KUD MURA<\/a>.<\/div>\n<p>O DRAMSKI SKUPINI <br \/>\nKUD-a MURA &amp; PREDSTAVI GLOBINA<\/p>\n<p><span style=\"font-size: 18pt;\"><strong>Dramska skupina Kulturno umetni\u0161kega dru\u0161tva MURA<\/strong><\/span><\/p>\n<p>Deluje \u017ee ve\u010d kot trideset let. Skupino sestavlja deset igralcev in igralk. Do danes je bilo uprizorjenih \u017ee ve\u010d kot dvajset predstav, prete\u017eno od med\u017eimurskih avtorjev in motivov iz Med\u017eimurja. Tekom leta 2024 je bila ustvarjena <strong>GLOBINA<\/strong>, najzahtevnej\u0161a predstava skupine, zaradi \u010desar je bilo v skupino dodatno povabljenih deset oseb, nekateri izmed njih so prvi\u010d v svojem \u017eivljenju stopili na gledali\u0161ki oder. Z velikim veseljem se vam predstavljamo z gledali\u0161ko igro <strong>GLOBINA<\/strong>! \ud83d\ude42\u00a0<\/p>\n<p><span style=\"font-size: 18pt;\"><strong>GLOBINA<\/strong><\/span><\/p>\n<p>Avtorica dramskega teksta: <strong>Kristina \u0160tebih <br \/>\n<\/strong>Re\u017eija: <strong>Ivan Gori\u010danec<\/strong><\/p>\n<p><strong>GLOBINA<\/strong> je so\u010dna kajkavska zgodba za solze in smeh, govori o zgodovini mesta Murskega Sredi\u0161\u010da od \u010dasa starih Rimljanov do pojave rudnika in rudarjev v dvajsetih letih preteklega stoletja. Delo je za\u010dinjeno s humorjem, prikazuje vsakdanje siroma\u0161tvo in te\u017eko \u017eivljenje rudarjev, ki so \u017eiveli pred stotimi leti v na\u0161em kraju. Hkrati pa ponuja skromno, a upanja poln pogled za nove \u010dase, ki so pred nami.<\/p>\n<p><strong><a href=\"https:\/\/www1.kkl.si\/wp-content\/uploads\/2025\/04\/globina_LENDAVA_splet.jpg\" data-lbwps-width=\"1807\" data-lbwps-height=\"3000\" data-lbwps-srcsmall=\"https:\/\/www1.kkl.si\/wp-content\/uploads\/2025\/04\/globina_LENDAVA_splet.jpg\"><img loading=\"lazy\" decoding=\"async\" class=\"alignnone wp-image-21789 size-large\" src=\"https:\/\/www1.kkl.si\/wp-content\/uploads\/2025\/04\/globina_LENDAVA_splet-scaled-904x1500.jpg\" alt=\"\" width=\"904\" height=\"1500\" srcset=\"https:\/\/www1.kkl.si\/wp-content\/uploads\/2025\/04\/globina_LENDAVA_splet-scaled-904x1500.jpg 904w, https:\/\/www1.kkl.si\/wp-content\/uploads\/2025\/04\/globina_LENDAVA_splet-scaled-241x400.jpg 241w, https:\/\/www1.kkl.si\/wp-content\/uploads\/2025\/04\/globina_LENDAVA_splet-scaled.jpg 1542w\" sizes=\"auto, (max-width: 904px) 100vw, 904px\" \/><\/a><\/strong><\/p>\n<p><em>Hrva\u0161ki opis:<\/em><\/p>\n<p>O DRAMSKOJ SKUPINI <br \/>\nKUD-a MURA &amp; PREDSTAVI GLOBINA<\/p>\n<p><span style=\"font-size: 18pt;\"><strong>DS KUD-a MURA<\/strong><\/span><\/p>\n<p>Djeluje preko trideset godina. U ansamblu nastupa desetak glumica i glumaca. Do dana\u0161njih dana na scenu je postavljeno preko dvadesetak predstava, prete\u017eito me\u0111imurskih autora i tematika. Tokom 2024. realizirana je <strong>GLOBINA<\/strong>, najzahtijevnija predstava zbog koje je u ansambl pozvano desetak osoba kojima se dogodio prvi izlazak na scenu u \u017eivotu. S veseljem vam se predstavljamo ba\u0161 s <strong>GLOBINOM<\/strong>\ud83d\ude42\u00a0<\/p>\n<p><span style=\"font-size: 18pt;\"><strong>GLOBINA<\/strong><\/span><\/p>\n<p>Autorica dramskog teksta je <strong>Kristina \u0160tebih<\/strong>. <br \/>\nRe\u017eiju potpisuje <strong>Ivan Gori\u010danec<\/strong>.<\/p>\n<p><strong>GLOBINA<\/strong> je so\u010dna kajkavska pri\u010da za suze i smijeh, pri\u010da o povijesti Murskoga Sredi\u0161\u0107a od vremena starih Rimljana do pojave rudnika i rudara dvadesetih godina pro\u0161loga stolje\u0107a. Djelo je za\u010dinjeno humorom uronjenim u svakodnevicu, siroma\u0161tvo i te\u0161ki \u017eivot rudara kakav se \u017eivio prije sto godina u na\u0161em kraju, za\u010dinjen skromnim vizurama prema budu\u0107nosti i novim trendovima.<\/p>\n<p><i class=\"fab fa-facebook\"><\/i> <a href=\"https:\/\/www.facebook.com\/p\/KUD-MURA-Mursko-Sredi%C5%A1%C4%87e-61553353352515\/\">KUD MURA<\/a><\/p>\n","protected":false},"excerpt":{"rendered":"<p>nedelja, 25. maj 2025, ob 18. uri | Gledali\u0161ka in koncertna dvorana Lendava \u00a0 gledali\u0161ka predstava v hrva\u0161kem jeziku Vstop je brezpla\u010den. Organizatorji: Kulturno in turisti\u010dno dru\u0161tvo Novi Sad Lendava \u2013 Kultur\u00e1lis \u00e9s Turisztikai Egyes\u00fclet Novi Sad Lendva, KKC Lendava \u2013 Lendvai KKK, KUD MURA. O DRAMSKI SKUPINI KUD-a MURA &amp; PREDSTAVI GLOBINA Dramska skupina [&hellip;]<\/p>\n","protected":false},"author":2,"featured_media":21789,"parent":0,"menu_order":0,"comment_status":"closed","ping_status":"closed","template":"","meta":{"footnotes":""},"class_list":["post-21798","page","type-page","status-publish","has-post-thumbnail","hentry","post","post-with-thumbnail","post-with-thumbnail-icon"],"_links":{"self":[{"href":"https:\/\/www1.kkl.si\/sl\/wp-json\/wp\/v2\/pages\/21798","targetHints":{"allow":["GET"]}}],"collection":[{"href":"https:\/\/www1.kkl.si\/sl\/wp-json\/wp\/v2\/pages"}],"about":[{"href":"https:\/\/www1.kkl.si\/sl\/wp-json\/wp\/v2\/types\/page"}],"author":[{"embeddable":true,"href":"https:\/\/www1.kkl.si\/sl\/wp-json\/wp\/v2\/users\/2"}],"replies":[{"embeddable":true,"href":"https:\/\/www1.kkl.si\/sl\/wp-json\/wp\/v2\/comments?post=21798"}],"version-history":[{"count":13,"href":"https:\/\/www1.kkl.si\/sl\/wp-json\/wp\/v2\/pages\/21798\/revisions"}],"predecessor-version":[{"id":21991,"href":"https:\/\/www1.kkl.si\/sl\/wp-json\/wp\/v2\/pages\/21798\/revisions\/21991"}],"wp:featuredmedia":[{"embeddable":true,"href":"https:\/\/www1.kkl.si\/sl\/wp-json\/wp\/v2\/media\/21789"}],"wp:attachment":[{"href":"https:\/\/www1.kkl.si\/sl\/wp-json\/wp\/v2\/media?parent=21798"}],"curies":[{"name":"wp","href":"https:\/\/api.w.org\/{rel}","templated":true}]}}