{"id":21818,"date":"2025-04-25T08:35:06","date_gmt":"2025-04-25T06:35:06","guid":{"rendered":"https:\/\/www1.kkl.si\/?page_id=21818"},"modified":"2025-10-17T15:47:56","modified_gmt":"2025-10-17T13:47:56","slug":"spored-2025-10","status":"publish","type":"page","link":"https:\/\/www1.kkl.si\/sl\/spored-2025-10\/","title":{"rendered":"SPORED: oktober 2025"},"content":{"rendered":"<p><strong>Leto 2025:<\/strong> <a href=\"https:\/\/www1.kkl.si\/sl\/spored-2025-01\/\">januar<\/a> | <a href=\"https:\/\/www1.kkl.si\/sl\/spored-2025-02\/\">februar<\/a> | <a href=\"https:\/\/www1.kkl.si\/sl\/spored-2025-03\/\">marec<\/a> | <a href=\"https:\/\/www1.kkl.si\/sl\/spored-2025-04\/\">april<\/a> | <a href=\"https:\/\/www1.kkl.si\/sl\/spored-2025-05\/\">maj<\/a> | <a href=\"https:\/\/www1.kkl.si\/sl\/spored-2025-06\/\">junij<\/a> | <a href=\"https:\/\/www1.kkl.si\/sl\/spored-2025-07\/\">julij<\/a> | <a href=\"https:\/\/www1.kkl.si\/sl\/spored-2025-08\/\">avgust<\/a> | <a href=\"https:\/\/www1.kkl.si\/sl\/spored-2025-09\/\">september<\/a> | <a href=\"https:\/\/www1.kkl.si\/sl\/spored-2025-10\/\">oktober<\/a> | <a href=\"https:\/\/www1.kkl.si\/sl\/spored-2025-11\/\">november<\/a> | <a href=\"https:\/\/www1.kkl.si\/sl\/spored-2025-12\/\">december<\/a> | <a href=\"https:\/\/www1.kkl.si\/sl\/arhiv-sporeda\/\">ARHIV<\/a><\/p>\n<div style=\"overflow-x: auto;\">\n<table id=\"spored-legenda\" cellspacing=\"0\" cellpadding=\"5\">\n<tbody>\n<tr>\n<td><strong>LEGENDA<br \/>\nSIMBOLOV<\/strong><\/td>\n<td style=\"vertical-align: middle;\"><img loading=\"lazy\" decoding=\"async\" title=\"Slovenski abonma\" src=\"https:\/\/www1.kkl.si\/wp-content\/uploads\/2020\/07\/spored_simb_abonma_si-1.svg\" alt=\"abonma_si\" width=\"30\" height=\"30\" \/><\/td>\n<td>Slovenski<br \/>\nabonma<\/td>\n<td style=\"vertical-align: middle;\"><img loading=\"lazy\" decoding=\"async\" title=\"Mad\u017earski abonma\" src=\"https:\/\/www1.kkl.si\/wp-content\/uploads\/2020\/07\/spored_simb_abonma_hu-1.svg\" alt=\"abonma_hu\" width=\"30\" height=\"30\" \/><\/td>\n<td>Mad\u017earski<br \/>\nabonma<\/td>\n<td style=\"vertical-align: middle;\"><img loading=\"lazy\" decoding=\"async\" title=\"Zaklju\u010dena prireditev\" src=\"https:\/\/www1.kkl.si\/wp-content\/uploads\/2020\/07\/spored_simb_zakljucena-1.svg\" alt=\"zakljucena\" width=\"30\" height=\"30\" \/><\/td>\n<td>Zaklju\u010dena<br \/>\nprireditev<\/td>\n<td style=\"vertical-align: middle;\"><img loading=\"lazy\" decoding=\"async\" title=\"Brezpla\u010dna prireditev\" src=\"https:\/\/www1.kkl.si\/wp-content\/uploads\/2020\/07\/spored_simb_brezplacna-1.svg\" alt=\"brezplacna\" width=\"30\" height=\"30\" \/><\/td>\n<td>Brezpla\u010dna<br \/>\nprireditev<\/td>\n<td style=\"vertical-align: middle;\"><img loading=\"lazy\" decoding=\"async\" title=\"Pla\u010dljiva prireditev\" src=\"https:\/\/www1.kkl.si\/wp-content\/uploads\/2020\/07\/spored_simb_placljiva-1.svg\" alt=\"placljiva\" width=\"30\" height=\"30\" \/><\/td>\n<td>Pla\u010dljiva<br \/>\nprireditev<\/td>\n<td style=\"vertical-align: middle;\"><img loading=\"lazy\" decoding=\"async\" title=\"Novost, sprememba\" src=\"https:\/\/www1.kkl.si\/wp-content\/uploads\/2020\/07\/spored_simb_novost-1.svg\" alt=\"novost\" width=\"30\" height=\"30\" \/><\/td>\n<td>Novost,<br \/>\nsprememba<\/td>\n<\/tr>\n<\/tbody>\n<\/table>\n<\/div>\n<table id=\"sporedtabela\" style=\"width: 100%;\">\n<tbody>\n<tr>\n<td style=\"width: 14.9133%;\">\n<p style=\"text-align: center;\"><strong><span style=\"font-size: 24pt;\">4.<\/span><br \/>\n<\/strong><\/p>\n<p style=\"text-align: center;\">sobota<\/p>\n<p><img loading=\"lazy\" decoding=\"async\" class=\"aligncenter\" title=\"Pla\u010dljiva prireditev\" src=\"https:\/\/www1.kkl.si\/wp-content\/uploads\/2020\/07\/spored_simb_placljiva-1.svg\" alt=\"placljiva\" width=\"30\" height=\"30\" \/><\/p>\n<\/td>\n<td style=\"width: 84.6243%;\">\n<p><a href=\"https:\/\/www1.kkl.si\/wp-content\/uploads\/2025\/09\/plakat_B2_detektiv_vohljac_2025_DVOJ.jpg\" data-lbwps-width=\"2143\" data-lbwps-height=\"3000\" data-lbwps-srcsmall=\"https:\/\/www1.kkl.si\/wp-content\/uploads\/2025\/09\/plakat_B2_detektiv_vohljac_2025_DVOJ.jpg\"><img loading=\"lazy\" decoding=\"async\" class=\"alignright size-thumbnail wp-image-23600\" src=\"https:\/\/www1.kkl.si\/wp-content\/uploads\/2025\/09\/plakat_B2_detektiv_vohljac_2025_DVOJ-scaled-e1758301635207-150x150.jpg\" alt=\"\" width=\"150\" height=\"150\" \/><\/a><i class=\"fas fa-clock\"><\/i> <strong>10.30<\/strong> | Gledali\u0161ka in koncertna dvorana Lendava<br \/>\n<strong>otro\u0161ka predstava <span class=\"starost\">3+<\/span><\/strong><\/p>\n<p>Mi\u0161kino gledali\u0161\u010de:<\/p>\n<p><a href=\"https:\/\/www1.kkl.si\/sl\/miskino-gledalisce-mimi-in-detektiv-vohljac\/\"><span style=\"font-size: 24pt;\"><strong>Mimi in detektiv vohlja\u010d<\/strong><\/span><\/a><\/p>\n<p><i class=\"fas fa-ticket-alt\"><\/i> Cena vstopnice: <strong>3 \u20ac<\/strong><br \/>\nBlagajna: <i class=\"fas fa-phone-alt\"><\/i> +386 (0)2 577 60 24.<\/p>\n<p><span style=\"font-size: 10pt;\">Organizator: <a href=\"https:\/\/www.kkl.si\/\">Knji\u017enica \u2013 Kulturni center Lendava \u2013 Lendvai K\u00f6nyvt\u00e1r \u00e9s Kultur\u00e1lis K\u00f6zpont<\/a><\/span><\/p>\n<\/td>\n<\/tr>\n<tr>\n<td style=\"width: 14.9133%;\">\n<p style=\"text-align: center;\"><strong><span style=\"font-size: 24pt;\">9.<\/span><br \/>\n<\/strong><\/p>\n<p style=\"text-align: center;\">\u010detrtek<\/p>\n<p><img loading=\"lazy\" decoding=\"async\" class=\"aligncenter\" title=\"Zaklju\u010dena prireditev\" src=\"https:\/\/www1.kkl.si\/wp-content\/uploads\/2020\/07\/spored_simb_zakljucena-1.svg\" alt=\"zakljucena\" width=\"30\" height=\"30\" \/><\/p>\n<\/td>\n<td style=\"width: 84.6243%;\">\n<p><a href=\"https:\/\/www1.kkl.si\/wp-content\/uploads\/2025\/10\/tajno-drustvo-pgc_urska-boljkovac-2.jpg\" data-lbwps-width=\"2500\" data-lbwps-height=\"1706\" data-lbwps-srcsmall=\"https:\/\/www1.kkl.si\/wp-content\/uploads\/2025\/10\/tajno-drustvo-pgc_urska-boljkovac-2-400x273.jpg\"><img loading=\"lazy\" decoding=\"async\" class=\"size-thumbnail wp-image-24326 alignright\" src=\"https:\/\/www1.kkl.si\/wp-content\/uploads\/2025\/10\/tajno-drustvo-pgc_urska-boljkovac-2-150x150.jpg\" alt=\"\" width=\"150\" height=\"150\" \/><\/a><i class=\"fas fa-clock\"><\/i> <strong>10.00<\/strong> | Gledali\u0161ka in koncertna dvorana Lendava<br \/>\n<strong>otro\u0161ka predstava <span class=\"starost\">8+<\/span> | ZAKLJU\u010cENA PRIREDITEV<\/strong><\/p>\n<p>Lutkovno gledali\u0161\u010de Ljubljana:<\/p>\n<p><a href=\"https:\/\/www1.kkl.si\/sl\/lutkovno-gledalisce-ljubljana-tajno-drustvo-pgc\/\"><span style=\"font-size: 24pt;\"><strong>Tajno dru\u0161tvo PGC<\/strong><\/span><\/a><\/p>\n<p>Predstavo v Gledali\u0161ki in koncertni dvorani Lendava je podprlo <a href=\"https:\/\/www.gov.si\/drzavni-organi\/ministrstva\/ministrstvo-za-kulturo\/\">Ministrstvo za kulturo Republike Slovenije<\/a>.<\/p>\n<p><span style=\"font-size: 10pt;\">Organizator: <a href=\"https:\/\/www.kkl.si\/\">Knji\u017enica \u2013 Kulturni center Lendava \u2013 Lendvai K\u00f6nyvt\u00e1r \u00e9s Kultur\u00e1lis K\u00f6zpont<\/a><\/span><\/p>\n<\/td>\n<\/tr>\n<tr>\n<td style=\"width: 14.9133%;\">\n<p style=\"text-align: center;\"><strong><span style=\"font-size: 24pt;\">13.<\/span><br \/>\n<\/strong><\/p>\n<p style=\"text-align: center;\">ponedeljek<\/p>\n<p style=\"text-align: center;\"><img loading=\"lazy\" decoding=\"async\" class=\"alignnone\" title=\"Mad\u017earski abonma\" src=\"https:\/\/www1.kkl.si\/wp-content\/uploads\/2020\/07\/spored_simb_abonma_hu-1.svg\" alt=\"abonma_hu\" width=\"30\" height=\"30\" \/> \u00a0<img loading=\"lazy\" decoding=\"async\" class=\"alignnone\" title=\"Pla\u010dljiva prireditev\" src=\"https:\/\/www1.kkl.si\/wp-content\/uploads\/2020\/07\/spored_simb_placljiva-1.svg\" alt=\"placljiva\" width=\"30\" height=\"30\" \/><\/p>\n<\/td>\n<td style=\"width: 84.6243%;\">\n<p><a href=\"https:\/\/www1.kkl.si\/wp-content\/uploads\/2025\/10\/plakat_B1_szep_nyari_nap_2025.jpg\" data-lbwps-width=\"2121\" data-lbwps-height=\"3000\" data-lbwps-srcsmall=\"https:\/\/www1.kkl.si\/wp-content\/uploads\/2025\/10\/plakat_B1_szep_nyari_nap_2025.jpg\"><img loading=\"lazy\" decoding=\"async\" class=\"alignright size-thumbnail wp-image-24290\" src=\"https:\/\/www1.kkl.si\/wp-content\/uploads\/2025\/10\/plakat_B1_szep_nyari_nap_2025-scaled-150x150.jpg\" alt=\"\" width=\"150\" height=\"150\" \/><\/a><i class=\"fas fa-clock\"><\/i> <strong>19.00<\/strong> | Gledali\u0161ka in koncertna dvorana Lendava<br \/>\n<strong>Neoton muzikal v dveh delih<\/strong><\/p>\n<p>Veres 1 Sz\u00ednh\u00e1z | B\u00f6hm Gy\u00f6rgy \u2013 Korcsm\u00e1ros Gy\u00f6rgy \u2013 P\u00e1sztor L\u00e1szl\u00f3 \u2013 Jakab Gy\u00f6rgy \u2013 Hatvani Emese:<\/p>\n<p><a href=\"https:\/\/www1.kkl.si\/sl\/veres-1-szinhaz-szep-nyari-nap\/\"><span style=\"font-size: 24pt;\"><strong>Sz\u00e9p ny\u00e1ri nap<\/strong><\/span><\/a><\/p>\n<p><i class=\"fas fa-ticket-alt\"><\/i> Vstopnina: <strong>25 \u20ac<\/strong>, \u0161tudentje in upokojenci <strong>20 \u20ac.<\/strong><br \/>\nVstopnice so na voljo od 6. oktobra v gledali\u0161\u010du. Blagajna: <i class=\"fas fa-phone-alt\"><\/i> +386 (0)2 577 60 24.<\/p>\n<p><span style=\"font-size: 10pt;\">Organizator: <a href=\"https:\/\/www.mnmi-zkmn.si\/\">MNMI Lendva \u2013 ZKMN Lendava<\/a><\/span><\/p>\n<\/td>\n<\/tr>\n<tr>\n<td style=\"width: 14.9133%;\">\n<p style=\"text-align: center;\"><strong><span style=\"font-size: 24pt;\">16.<\/span><br \/>\n<\/strong><\/p>\n<p style=\"text-align: center;\">\u010detrtek<\/p>\n<p style=\"text-align: center;\"><img loading=\"lazy\" decoding=\"async\" class=\"alignnone\" title=\"Slovenski abonma\" src=\"https:\/\/www1.kkl.si\/wp-content\/uploads\/2020\/07\/spored_simb_abonma_si-1.svg\" alt=\"abonma_si\" width=\"30\" height=\"30\" \/>\u00a0 \u00a0<img loading=\"lazy\" decoding=\"async\" title=\"Pla\u010dljiva prireditev\" src=\"https:\/\/www1.kkl.si\/wp-content\/uploads\/2020\/07\/spored_simb_placljiva-1.svg\" alt=\"placljiva\" width=\"30\" height=\"30\" \/><\/p>\n<\/td>\n<td style=\"width: 84.6243%;\">\n<p><a href=\"https:\/\/www1.kkl.si\/wp-content\/uploads\/2025\/09\/plakat_B1_SLOAB_alfa_samski_2025_DVOJ.jpg\" data-lbwps-width=\"2100\" data-lbwps-height=\"3000\" data-lbwps-srcsmall=\"https:\/\/www1.kkl.si\/wp-content\/uploads\/2025\/09\/plakat_B1_SLOAB_alfa_samski_2025_DVOJ.jpg\"><img loading=\"lazy\" decoding=\"async\" class=\"alignright size-thumbnail wp-image-23595\" src=\"https:\/\/www1.kkl.si\/wp-content\/uploads\/2025\/09\/plakat_B1_SLOAB_alfa_samski_2025_DVOJ-scaled-e1758471823796-150x150.jpg\" alt=\"\" width=\"150\" height=\"150\" \/><\/a><i class=\"fas fa-clock\"><\/i> <strong>19.00<\/strong> | Gledali\u0161ka in koncertna dvorana Lendava<br \/>\n<strong>komedija<\/strong><\/p>\n<p>\u0160pas Teater:<\/p>\n<p><a href=\"https:\/\/www1.kkl.si\/sl\/spas-teater-alfa-samski\/\"><span style=\"font-size: 24pt;\"><strong>Alfa samski<\/strong><\/span><\/a><\/p>\n<p><i class=\"fas fa-ticket-alt\"><\/i> Cena vstopnice: predprodaja <strong>15 \u20ac<\/strong>, na dan predstave <strong>18 \u20ac.<\/strong><br \/>\nBlagajna: <i class=\"fas fa-phone-alt\"><\/i> +386 (0)2 577 60 24.<\/p>\n<p><span style=\"font-size: 10pt;\">Organizator: <a href=\"https:\/\/www.kkl.si\/\">Knji\u017enica \u2013 Kulturni center Lendava \u2013 Lendvai K\u00f6nyvt\u00e1r \u00e9s Kultur\u00e1lis K\u00f6zpont<\/a><\/span><\/p>\n<\/td>\n<\/tr>\n<tr>\n<td style=\"width: 14.9133%; text-align: center;\">\n<p style=\"text-align: center;\"><strong><span style=\"font-size: 24pt;\">18.<\/span><br \/>\n<\/strong><\/p>\n<p style=\"text-align: center;\">sobota<\/p>\n<p style=\"text-align: center;\"><img loading=\"lazy\" decoding=\"async\" class=\"alignnone\" title=\"Pla\u010dljiva prireditev\" src=\"https:\/\/www1.kkl.si\/wp-content\/uploads\/2020\/07\/spored_simb_placljiva-1.svg\" alt=\"placljiva\" width=\"30\" height=\"30\" \/><\/p>\n<\/td>\n<td style=\"width: 84.6243%;\">\n<p><a href=\"https:\/\/www1.kkl.si\/wp-content\/uploads\/2025\/04\/Helena_Blagne_40let_01_1400x1200px_splet.jpg\" data-lbwps-width=\"2917\" data-lbwps-height=\"2500\" data-lbwps-srcsmall=\"https:\/\/www1.kkl.si\/wp-content\/uploads\/2025\/04\/Helena_Blagne_40let_01_1400x1200px_splet.jpg\"><img loading=\"lazy\" decoding=\"async\" class=\"alignright size-thumbnail wp-image-21831\" src=\"https:\/\/www1.kkl.si\/wp-content\/uploads\/2025\/04\/Helena_Blagne_40let_01_1400x1200px_splet-scaled-150x150.jpg\" alt=\"\" width=\"150\" height=\"150\" \/><\/a><i class=\"fas fa-clock\"><\/i> <strong>20.00<\/strong> | Gledali\u0161ka in koncertna dvorana Lendava <span class=\"odpade\">ODPADE!<\/span><br \/>\n<strong>koncert<\/strong><\/p>\n<p><a href=\"https:\/\/www1.kkl.si\/sl\/helena-blagne-40-let-glasbene-mojstrovine\/\"><span style=\"font-size: 24pt;\"><strong>Helena Blagne &#8211; 40 LET GLASBENE MOJSTROVINE<\/strong><\/span><\/a><\/p>\n<p><i class=\"fas fa-ticket-alt\"><\/i> Vstopnice so na voljo na <a href=\"https:\/\/shorturl.at\/Dd5ZP\">Eventimu<\/a> in <a href=\"https:\/\/www.petrol.si\/\">Petrolu<\/a>. Vstopnice so \u017ee v prodaji \u2013 pohitite!<\/p>\n<p><span style=\"color: #ff0000;\"><strong><i class=\"fas fa-exclamation-circle\"><\/i> Obve\u0161\u010damo vas, da je koncert odpovedan.<\/strong><\/span><\/p>\n<p><span style=\"font-size: 10pt;\">Organizator: <a href=\"https:\/\/naodru.si\/\">SITUP d.o.o.<\/a><\/span><\/p>\n<\/td>\n<\/tr>\n<tr>\n<td style=\"width: 14.9133%;\">\n<p style=\"text-align: center;\"><span style=\"font-size: 24pt;\"><strong>21.<\/strong><\/span><\/p>\n<p style=\"text-align: center;\">torek<\/p>\n<p><img loading=\"lazy\" decoding=\"async\" class=\"aligncenter\" title=\"Brezpla\u010dna prireditev\" src=\"https:\/\/www1.kkl.si\/wp-content\/uploads\/2020\/07\/spored_simb_brezplacna-1.svg\" alt=\"brezplacna\" width=\"30\" height=\"30\" \/><\/p>\n<\/td>\n<td style=\"width: 84.6243%;\">\n<p><a href=\"https:\/\/www1.kkl.si\/wp-content\/uploads\/2025\/10\/oktober23_TALENTUM.jpg\" data-lbwps-width=\"3508\" data-lbwps-height=\"4961\" data-lbwps-srcsmall=\"https:\/\/www1.kkl.si\/wp-content\/uploads\/2025\/10\/oktober23_TALENTUM.jpg\"><img loading=\"lazy\" decoding=\"async\" class=\"alignright size-thumbnail wp-image-24366\" src=\"https:\/\/www1.kkl.si\/wp-content\/uploads\/2025\/10\/oktober23_TALENTUM-scaled-e1760463303402-150x150.jpg\" alt=\"\" width=\"150\" height=\"150\" \/><\/a><i class=\"fas fa-clock\"><\/i> <strong>18.00<\/strong> | Gledali\u0161ka in koncertna dvorana Lendava<br \/>\n<strong>kulturna prireditev, plesno gledali\u0161ka predstava<\/strong><\/p>\n<p><a href=\"https:\/\/www1.kkl.si\/sl\/ki-viszi-at-v-spomin-na-revolucijo-in-osvobodilni-boj-leta-1956\/\"><span style=\"font-size: 24pt;\"><strong>Ki viszi \u00e1t? \u2013 v spomin na revolucijo in osvobodilni boj leta 1956<\/strong><\/span><\/a><\/p>\n<p>V izvedbi folkorne skupine Talentum T\u00e1ncegy\u00fcttes.<\/p>\n<p><span style=\"font-size: 10pt;\">Organizator: <a href=\"https:\/\/www.mnmi-zkmn.si\/\">MNMI Lendva \u2013 ZKMN Lendava<\/a><\/span><\/p>\n<\/td>\n<\/tr>\n<tr>\n<td style=\"width: 14.9133%; text-align: center;\">\n<p style=\"text-align: center;\"><strong><span style=\"font-size: 24pt;\">24.<\/span><\/strong><\/p>\n<p>petek<\/p>\n<p><img loading=\"lazy\" decoding=\"async\" title=\"Brezpla\u010dna prireditev\" src=\"https:\/\/www1.kkl.si\/wp-content\/uploads\/2020\/07\/spored_simb_brezplacna-1.svg\" alt=\"brezplacna\" width=\"30\" height=\"30\" \/><\/p>\n<\/td>\n<td style=\"width: 84.6243%;\">\n<p><a href=\"https:\/\/www1.kkl.si\/wp-content\/uploads\/2025\/10\/plakat4_29praznik_OL_2025.jpg\" data-lbwps-width=\"2100\" data-lbwps-height=\"3000\" data-lbwps-srcsmall=\"https:\/\/www1.kkl.si\/wp-content\/uploads\/2025\/10\/plakat4_29praznik_OL_2025.jpg\"><img loading=\"lazy\" decoding=\"async\" class=\"alignright size-thumbnail wp-image-24433\" src=\"https:\/\/www1.kkl.si\/wp-content\/uploads\/2025\/10\/plakat4_29praznik_OL_2025-scaled-e1760617771148-150x150.jpg\" alt=\"\" width=\"150\" height=\"150\" \/><\/a><i class=\"fas fa-clock\"><\/i> <strong>18.00<\/strong> | Gledali\u0161ka in koncertna dvorana Lendava<br \/>\n<strong>slavnostna prireditev, razstava<\/strong><\/p>\n<p><a href=\"https:\/\/www1.kkl.si\/sl\/vabilo-29-praznik-obcine-lendava-osrednja-slovesnost-s-podelitvijo-obcinskih-priznanj\/\"><strong><span style=\"font-size: 24pt;\">29. praznik Ob\u010dine Lendava \u2013 Osrednja slovesnost s podelitvijo ob\u010dinskih priznanj*<\/span><\/strong><\/a><\/p>\n<p>Ob <strong>17. uri<\/strong> bo v avli Gledali\u0161ke in koncertne dvorane Lendava na ogled razstava <strong>\u00bbLendava na starih fotografijah\u00ab<\/strong>.<\/p>\n<p><span style=\"font-size: 10pt;\">Organizator: <a href=\"https:\/\/www.lendava.si\/\">Ob\u010dina Lendava-Lendva K\u00f6zs\u00e9g<\/a><br \/>\nSoorganizatorja: <a href=\"https:\/\/www.kkl.si\/\">Knji\u017enica \u2013 Kulturni center Lendava \u2013 Lendvai K\u00f6nyvt\u00e1r \u00e9s Kultur\u00e1lis K\u00f6zpont<\/a> \u00e9s <a href=\"https:\/\/www.gml.si\/\">GML<\/a><\/span><\/p>\n<\/td>\n<\/tr>\n<\/tbody>\n<\/table>\n<p style=\"text-align: center;\"><span style=\"font-size: 10pt;\">Organizatorji si pridr\u017eujejo pravico do spremembe programa.<\/span><\/p>\n","protected":false},"excerpt":{"rendered":"<p>Leto 2025: januar | februar | marec | april | maj | junij | julij | avgust | september | oktober | november | december | ARHIV LEGENDA SIMBOLOV Slovenski abonma Mad\u017earski abonma Zaklju\u010dena prireditev Brezpla\u010dna prireditev Pla\u010dljiva prireditev Novost, sprememba 4. sobota 10.30 | Gledali\u0161ka in koncertna dvorana Lendava otro\u0161ka predstava 3+ Mi\u0161kino gledali\u0161\u010de: [&hellip;]<\/p>\n","protected":false},"author":2,"featured_media":0,"parent":0,"menu_order":0,"comment_status":"closed","ping_status":"closed","template":"","meta":{"footnotes":""},"class_list":["post-21818","page","type-page","status-publish","hentry","post"],"_links":{"self":[{"href":"https:\/\/www1.kkl.si\/sl\/wp-json\/wp\/v2\/pages\/21818","targetHints":{"allow":["GET"]}}],"collection":[{"href":"https:\/\/www1.kkl.si\/sl\/wp-json\/wp\/v2\/pages"}],"about":[{"href":"https:\/\/www1.kkl.si\/sl\/wp-json\/wp\/v2\/types\/page"}],"author":[{"embeddable":true,"href":"https:\/\/www1.kkl.si\/sl\/wp-json\/wp\/v2\/users\/2"}],"replies":[{"embeddable":true,"href":"https:\/\/www1.kkl.si\/sl\/wp-json\/wp\/v2\/comments?post=21818"}],"version-history":[{"count":36,"href":"https:\/\/www1.kkl.si\/sl\/wp-json\/wp\/v2\/pages\/21818\/revisions"}],"predecessor-version":[{"id":21821,"href":"https:\/\/www1.kkl.si\/sl\/wp-json\/wp\/v2\/pages\/21818\/revisions\/21821"}],"wp:attachment":[{"href":"https:\/\/www1.kkl.si\/sl\/wp-json\/wp\/v2\/media?parent=21818"}],"curies":[{"name":"wp","href":"https:\/\/api.w.org\/{rel}","templated":true}]}}