{"id":21830,"date":"2025-04-26T08:50:54","date_gmt":"2025-04-26T06:50:54","guid":{"rendered":"https:\/\/www1.kkl.si\/?page_id=21830"},"modified":"2025-09-01T13:28:33","modified_gmt":"2025-09-01T11:28:33","slug":"helena-blagne-40-let-glasbene-mojstrovine","status":"publish","type":"page","link":"https:\/\/www1.kkl.si\/sl\/helena-blagne-40-let-glasbene-mojstrovine\/","title":{"rendered":"Helena Blagne \u2013 40 LET GLASBENE MOJSTROVINE"},"content":{"rendered":"<div class=\"odpade\">KONCERT JE ODPOVEDAN<\/div>\n<div class=\"odpade2\"><strong><span style=\"font-size: 18pt;\"><img loading=\"lazy\" decoding=\"async\" class=\"alignright wp-image-1489 size-thumbnail\" src=\"https:\/\/www1.kkl.si\/wp-content\/uploads\/2020\/03\/obvestilo_200px-150x150.png\" alt=\"\" width=\"150\" height=\"150\" srcset=\"https:\/\/www1.kkl.si\/wp-content\/uploads\/2020\/03\/obvestilo_200px-150x150.png 150w, https:\/\/www1.kkl.si\/wp-content\/uploads\/2020\/03\/obvestilo_200px.png 200w\" sizes=\"auto, (max-width: 150px) 100vw, 150px\" \/><\/span><\/strong><\/p>\n<p>Spo\u0161tovani,<\/p>\n<p>obve\u0161\u010damo vas, da je koncert Helene Blagne, na\u010drtovan za soboto 18. 10. 2025, v Gledali\u0161ki in koncertni dvorani Lendava, <strong>odpovedan.<\/strong><\/p>\n<p><em>Zahvaljujemo se vam za razumevanje.<\/em><\/p>\n<p><a href=\"https:\/\/www1.kkl.si\/sl\/helene-blagne-koncert-nacrtovan-18-10-2025-v-lendavi-je-odpovedan\/\">Za dodatne informacije in vra\u010dilo kupnine kliknite sem.<\/a><\/p>\n<\/div>\n<div class=\"opis\"><i class=\"fas fa-clock\"><\/i> <strong>sobota, 18. oktober 2025, ob 20.00 uri<\/strong> | Gledali\u0161ka in koncertna dvorana Lendava<img loading=\"lazy\" decoding=\"async\" class=\"alignright\" title=\"Pla\u010dljiva prireditev\" src=\"https:\/\/www1.kkl.si\/wp-content\/uploads\/2020\/07\/spored_simb_placljiva-1.svg\" alt=\"placljiva\" width=\"30\" height=\"30\" \/><br \/>\n<i class=\"fas fa-chevron-circle-right\"><\/i>\u00a0 <strong>koncert<\/strong><br \/>\n<i class=\"fas fa-ticket-alt\"><\/i> Vstopnice so na voljo na <a href=\"https:\/\/shorturl.at\/Dd5ZP\">Eventimu<\/a> in <a href=\"https:\/\/www.petrol.si\/\">Petrolu<\/a>. Vstopnice so \u017ee v prodaji \u2013 pohitite! <br \/>\nOrganizator: <a href=\"https:\/\/naodru.si\/\">SITUP d.o.o.<\/a><\/div>\n<p><a href=\"https:\/\/www1.kkl.si\/wp-content\/uploads\/2025\/04\/Helena_Blagne_40let_01_1400x1200px_splet.jpg\" data-lbwps-width=\"2917\" data-lbwps-height=\"2500\" data-lbwps-srcsmall=\"https:\/\/www1.kkl.si\/wp-content\/uploads\/2025\/04\/Helena_Blagne_40let_01_1400x1200px_splet.jpg\"><img loading=\"lazy\" decoding=\"async\" class=\"size-large wp-image-21831 alignnone\" src=\"https:\/\/www1.kkl.si\/wp-content\/uploads\/2025\/04\/Helena_Blagne_40let_01_1400x1200px_splet-scaled-1500x1286.jpg\" alt=\"\" width=\"1500\" height=\"1286\" srcset=\"https:\/\/www1.kkl.si\/wp-content\/uploads\/2025\/04\/Helena_Blagne_40let_01_1400x1200px_splet-scaled-1500x1286.jpg 1500w, https:\/\/www1.kkl.si\/wp-content\/uploads\/2025\/04\/Helena_Blagne_40let_01_1400x1200px_splet-scaled-400x343.jpg 400w\" sizes=\"auto, (max-width: 1500px) 100vw, 1500px\" \/><\/a><\/p>\n<blockquote>\n<p><strong>Helena Blagne &#8211; 40 LET GLASBENE MOJSTROVINE<\/strong><\/p>\n<p>Leto 2025 zaznamuje izjemen jubilej za Heleno Blagne, ki s svojo neprekosljivo kariero obelez\u030cuje 40 let na vrhu slovenske glasbene scene. Ob tej priloz\u030cnosti pripravlja veliko koncertno turnejo, v okviru katere se bo 18. oktobra 2025 ustavila tudi v \u010dudoviti gledali\u0161ki in koncertni dvorani v Lendavi.<\/p>\n<\/blockquote>\n<p>&nbsp;<\/p>\n<p><span style=\"font-size: 18pt;\">Spo\u0161tovane ljubiteljice in ljubitelji slovenske glasbe,<\/span><\/p>\n<p>18. oktobra 2025 vas vabimo na izjemno glasbeno do\u017eivetje v o\u010darljivem ambientu gledali\u0161ke in koncertne dvorane v Lendavi, kjer bo priljubljena slovenska glasbena diva in ikona <strong>Helena Blagne<\/strong> obele\u017eila neverjetnih 40 let svoje ble\u0161\u010de\u010de kariere.<\/p>\n<p>Helena Blagne bo o\u017eivila svoje najve\u010dje uspe\u0161nice iz vseh obdobij njenega ustvarjanja, vklju\u010dno z mega uspe\u0161nicami \u00bbTi bo\u0161 vedno prvi\u00ab, \u00bbKar bo, pa bo\u00ab, \u00bbDe\u017e\u00ab, \u00bbNaj nih\u010de me ne zbudi\u00ab, \u00bbVrniva se na najino obalo\u00ab in \u0161tevilne druge.<\/p>\n<p>Ve\u010der bo izjemna prilo\u017enost za vse obo\u017eevalke in obo\u017eevalce, da podo\u017eivite svoje najljub\u0161e trenutke in do\u017eivite njeno glasbeno mojstrstvo na povsem sve\u017e na\u010din.<\/p>\n<p><iframe loading=\"lazy\" title=\"HELENA BLAGNE - TI BO\u0160 VEDNO PRVI (Official Video 2017)\" width=\"720\" height=\"405\" src=\"https:\/\/www.youtube.com\/embed\/ItiSiLLZ7jU?feature=oembed\" frameborder=\"0\" allow=\"accelerometer; autoplay; clipboard-write; encrypted-media; gyroscope; picture-in-picture; web-share\" referrerpolicy=\"strict-origin-when-cross-origin\" allowfullscreen><\/iframe><\/p>\n<p><strong>Biografija:<\/strong><\/p>\n<p>Helena Blagne ostaja nesporno najuspe\u0161nej\u0161a slovenska pevka vseh \u010dasov, z ve\u010d kot dvema milijonoma prodanih plo\u0161\u010d doma in v tujini.<\/p>\n<p>Njena glasbena zapu\u0161\u010dina postavlja skorajda neulovljive mejnike. V slovenski popularni glasbi je prisotna kot ena izmed najprepoznavnej\u0161ih osebnosti, ki je svojo kariero zaznamovala z vrhunsko ustvarjalnostjo in neustavljivo karizmo.<\/p>\n<p>Poleg vseh rekordno razprodanih dvoran je kot prva slovenska glasbenica razprodala tudi najvec\u030cjo slovensko dvorano \u2013 Areno Stoz\u030cice. Z\u030ce od zac\u030cetka njene poti je prepoznana kot vrhunska glasbena umetnica, ki navdus\u030cuje z izjemnim glasbenim izrazom, brezc\u030casnim slogom in edinstveno osebnostjo. Njeno delo so z nagradami ovrednotili tako strokovnjaki kot s\u030cirs\u030ca javnost, na festivalih doma in po svetu, kot so: Melodije morja in sonca, Splitski festival, Makfest, Ohridfest, Jugovizija, Eurofest in s\u030ctevilni drugi.<\/p>\n<p>Glasbenica ves c\u030cas stremi k popolnosti \u2013 njena predanost glasbi, izjemnemu vokalu in osupljivim nastopom je neizpodbitna. Njen repertoar je s\u030cirok, od popularne glasbe do opernih arij, kar ji omogoc\u030ca, da nagovarja s\u030cirok spekter obc\u030cinstva in ustvarja nepozabna glasbena doz\u030civetja.<\/p>\n<p>Ne zamudite prilo\u017enosti, da postanete del tega izjemnega ekstravagantnega ve\u010dera. Veselimo se praznovanja z vami!<\/p>\n<p>Odgovorni organizator prireditve:\u00a0<a href=\"https:\/\/naodru.si\/\">SITUP d.o.o.<\/a><\/p>\n<p><iframe loading=\"lazy\" title=\"HELENA BLAGNE - KAR BO, PA BO (Official Video)\" width=\"720\" height=\"405\" src=\"https:\/\/www.youtube.com\/embed\/8aPGryhH3Hk?feature=oembed\" frameborder=\"0\" allow=\"accelerometer; autoplay; clipboard-write; encrypted-media; gyroscope; picture-in-picture; web-share\" referrerpolicy=\"strict-origin-when-cross-origin\" allowfullscreen><\/iframe><\/p>\n<p><i class=\"fab fa-facebook-square\"><\/i> <a href=\"https:\/\/www.facebook.com\/blagnehelena\/\">https:\/\/www.facebook.com\/blagnehelena\/<\/a><br \/>\n<i class=\"fab fa-instagram\"><\/i> <a href=\"https:\/\/www.instagram.com\/helenablagne\/\">https:\/\/www.instagram.com\/helenablagne\/<\/a><\/p>\n","protected":false},"excerpt":{"rendered":"<p>KONCERT JE ODPOVEDAN Spo\u0161tovani, obve\u0161\u010damo vas, da je koncert Helene Blagne, na\u010drtovan za soboto 18. 10. 2025, v Gledali\u0161ki in koncertni dvorani Lendava, odpovedan. Zahvaljujemo se vam za razumevanje. Za dodatne informacije in vra\u010dilo kupnine kliknite sem. sobota, 18. oktober 2025, ob 20.00 uri | Gledali\u0161ka in koncertna dvorana Lendava \u00a0 koncert Vstopnice so na [&hellip;]<\/p>\n","protected":false},"author":2,"featured_media":21831,"parent":0,"menu_order":0,"comment_status":"closed","ping_status":"closed","template":"","meta":{"footnotes":""},"class_list":["post-21830","page","type-page","status-publish","has-post-thumbnail","hentry","post","post-with-thumbnail","post-with-thumbnail-icon"],"_links":{"self":[{"href":"https:\/\/www1.kkl.si\/sl\/wp-json\/wp\/v2\/pages\/21830","targetHints":{"allow":["GET"]}}],"collection":[{"href":"https:\/\/www1.kkl.si\/sl\/wp-json\/wp\/v2\/pages"}],"about":[{"href":"https:\/\/www1.kkl.si\/sl\/wp-json\/wp\/v2\/types\/page"}],"author":[{"embeddable":true,"href":"https:\/\/www1.kkl.si\/sl\/wp-json\/wp\/v2\/users\/2"}],"replies":[{"embeddable":true,"href":"https:\/\/www1.kkl.si\/sl\/wp-json\/wp\/v2\/comments?post=21830"}],"version-history":[{"count":5,"href":"https:\/\/www1.kkl.si\/sl\/wp-json\/wp\/v2\/pages\/21830\/revisions"}],"predecessor-version":[{"id":23431,"href":"https:\/\/www1.kkl.si\/sl\/wp-json\/wp\/v2\/pages\/21830\/revisions\/23431"}],"wp:featuredmedia":[{"embeddable":true,"href":"https:\/\/www1.kkl.si\/sl\/wp-json\/wp\/v2\/media\/21831"}],"wp:attachment":[{"href":"https:\/\/www1.kkl.si\/sl\/wp-json\/wp\/v2\/media?parent=21830"}],"curies":[{"name":"wp","href":"https:\/\/api.w.org\/{rel}","templated":true}]}}