{"id":22008,"date":"2025-05-14T14:25:50","date_gmt":"2025-05-14T12:25:50","guid":{"rendered":"https:\/\/www1.kkl.si\/?page_id=22008"},"modified":"2025-06-02T18:33:34","modified_gmt":"2025-06-02T16:33:34","slug":"sng-drama-ljubljana-slawomir-mrozek-tango-2","status":"publish","type":"page","link":"https:\/\/www1.kkl.si\/sl\/sng-drama-ljubljana-slawomir-mrozek-tango-2\/","title":{"rendered":"SNG Drama Ljubljana, S\u0142awomir Mro\u017cek: Tango"},"content":{"rendered":"<div class=\"opis\"><i class=\"fas fa-clock\"><\/i> <strong>ponedeljek, 2. junij 2025, ob 19.00 uri<\/strong> | Gledali\u0161ka in koncertna dvorana Lendava<img loading=\"lazy\" decoding=\"async\" class=\"alignright\" title=\"Pla\u010dljiva prireditev\" src=\"https:\/\/www1.kkl.si\/wp-content\/uploads\/2020\/07\/spored_simb_placljiva-1.svg\" alt=\"placljiva\" width=\"30\" height=\"30\" \/><img loading=\"lazy\" decoding=\"async\" class=\"alignright\" title=\"Slovenski abonma\" src=\"https:\/\/www1.kkl.si\/wp-content\/uploads\/2020\/07\/spored_simb_abonma_si-1.svg\" alt=\"abonma_si\" width=\"30\" height=\"30\" \/><br \/>\n<i class=\"fas fa-chevron-circle-right\"><\/i>\u00a0 <strong>groteskna komedija<\/strong> <br \/>\n<i class=\"fas fa-ticket-alt\"><\/i> Cena vstopnice: predprodaja <strong>15 \u20ac<\/strong>, na dan predstave <strong>18 \u20ac<\/strong>.<br \/>\nBlagajna: <i class=\"fas fa-phone-alt\"><\/i> +386 (0)2 577 60 24<br \/>\nOrganizator: <a href=\"https:\/\/www.kkl.si\/\">Knji\u017enica \u2013 Kulturni center Lendava \u2013 Lendvai K\u00f6nyvt\u00e1r \u00e9s Kultur\u00e1lis K\u00f6zpont<\/a><\/div>\n<p><a href=\"https:\/\/www1.kkl.si\/wp-content\/uploads\/2025\/05\/plakat_B1_SNGLJ_Tango_20250602_DVOJ.jpg\" data-lbwps-width=\"2100\" data-lbwps-height=\"3000\" data-lbwps-srcsmall=\"https:\/\/www1.kkl.si\/wp-content\/uploads\/2025\/05\/plakat_B1_SNGLJ_Tango_20250602_DVOJ.jpg\"><img loading=\"lazy\" decoding=\"async\" class=\"alignright size-medium wp-image-22009\" src=\"https:\/\/www1.kkl.si\/wp-content\/uploads\/2025\/05\/plakat_B1_SNGLJ_Tango_20250602_DVOJ-scaled-280x400.jpg\" alt=\"\" width=\"280\" height=\"400\" srcset=\"https:\/\/www1.kkl.si\/wp-content\/uploads\/2025\/05\/plakat_B1_SNGLJ_Tango_20250602_DVOJ-scaled-280x400.jpg 280w, https:\/\/www1.kkl.si\/wp-content\/uploads\/2025\/05\/plakat_B1_SNGLJ_Tango_20250602_DVOJ-scaled-1050x1500.jpg 1050w, https:\/\/www1.kkl.si\/wp-content\/uploads\/2025\/05\/plakat_B1_SNGLJ_Tango_20250602_DVOJ-scaled.jpg 1792w\" sizes=\"auto, (max-width: 280px) 100vw, 280px\" \/><\/a>SNG Drama Ljubljana, S\u0142awomir Mro\u017cek:<\/p>\n<div data-id=\"84e88e4\" data-element_type=\"widget\" data-widget_type=\"theme-post-title.default\">\n<div>\n<p><span style=\"font-size: 18pt;\"><strong>Tango<\/strong><\/span>, <em>groteskna komedija<\/em><\/p>\n<p>V jedru <em>Tanga,<\/em> najpomembnej\u0161e igre poljskega absurdista S\u0142awomirja Mro\u017cka, je radikalno razpadli svet, sodobna dru\u017eba, le korak stran od svojega dokon\u010dnega propada. Izgubljeni so vsi ideali, vse ideje, vsa na\u010dela, celo vsa tradicija in ves dru\u017ebeni red. Kar je ostalo, je kaos \u2013 kaos, ki naj bi bil subverziven in osvobajajo\u010d odmik od okostenelosti in rigidnosti, vse bolj pa sam postaja generator okostenelosti in rigidnosti, ki stiska in du\u0161i. A v svetu <em>Tanga<\/em> to nikogar ne skrbi: konec civilizacije, proti kateremu Mro\u017ckovi liki suvereno ple\u0161ejo, ne pla\u0161i, temve\u010d vznemirja in kli\u010de k praznovanju zmage nad vsakr\u0161nimi konvencijami. Vsaj na videz. Dokler se ne pojavi mladi izbolj\u0161evalec sveta, mladi zagovornik starih tradicij, ki je pripravljen za poravnanje te\u010dajev storiti prav vse.<\/p>\n<p>Absurd in groteskna komika <em>Tanga<\/em> se za\u010dneta prav v spopadu generacij, ki posku\u0161ata kot na \u0161ahovnici svet razstavljati in ga sestavljati nazaj. Obe strani sta prepri\u010dani o svojem prav in obe skoraj urarsko natan\u010dni v svojih postopkih. Mro\u017cek to bojno polje \u0161e radikalizira, ko gleda na kolesje sveta skozi mikrooptiko dru\u017eine. Z ene strani dru\u017einskega omizja tako kri\u010dijo maksime popolne svobode in opu\u0161\u010danja vseh pravil in konvencij, z druge pa red, smisel in brezkon\u010dnost birokratskih obrazcev, zahtev in norm. A jasno je eno: ni\u010d od tega ne more re\u0161iti sveta, lahko pa ga \u2013 vsaki\u010d znova \u2013 le \u0161e malo bolj vr\u017ee s te\u010dajev. Vse o\u010ditneje se ka\u017ee, da radikalnost reda, urejenosti in smisla ni ni\u010d manj nevarna kot radikalnost kaosa, svobode in nesmisla.<\/p>\n<p>Tako <em>Tango<\/em> z mehanizmom komi\u010dnega stroja postaja natan\u010dna vivisekcija odnosov v zaostrenem \u010dasu, ki \u2013 kljub nenehnemu poigravanju s konvencijami in \u017eanri \u2013 nimajo nobenih barier in so zato lahko do konca brutalni. Konec sveta je namre\u010d tu in na obzorju ni nobene slutnje kakr\u0161ne koli zmage ali odre\u0161itve. Kar nam ostane, je tango, ki nas sili v tek, da nam svet ne pobegne.<\/p>\n<p><strong>Re\u017eija:<\/strong> Luka Marcen<br \/>\n<strong>Igralska zasedba:<\/strong> Timon \u0160turbej, Ma\u0161a Derganc, Jurij Zrnec, Sa\u0161a Mihel\u010di\u010d, Sa\u0161a Tabakovi\u0107, Boris Mihalj,\u00a0Eva Jesenovec<\/p>\n<div class=\"elementor-element elementor-element-7ef030a1 dc-has-condition dc-condition-empty elementor-widget elementor-widget-text-editor\" data-id=\"7ef030a1\" data-element_type=\"widget\" data-widget_type=\"text-editor.default\">\n<div class=\"elementor-widget-container\">\n<hr \/>\n<p>Trajanje: 100 minut, brez odmora<\/p>\n<hr \/>\n<\/div>\n<\/div>\n\n\t\t<style type=\"text\/css\">\n\t\t\t#gallery-1 {\n\t\t\t\tmargin: auto;\n\t\t\t}\n\t\t\t#gallery-1 .gallery-item {\n\t\t\t\tfloat: left;\n\t\t\t\tmargin-top: 10px;\n\t\t\t\ttext-align: center;\n\t\t\t\twidth: 16%;\n\t\t\t}\n\t\t\t#gallery-1 img {\n\t\t\t\tborder: 2px solid #cfcfcf;\n\t\t\t}\n\t\t\t#gallery-1 .gallery-caption {\n\t\t\t\tmargin-left: 0;\n\t\t\t}\n\t\t\t\/* see gallery_shortcode() in wp-includes\/media.php *\/\n\t\t<\/style>\n\t\t<div id='gallery-1' class='gallery galleryid-22008 gallery-columns-6 gallery-size-thumbnail'><dl class='gallery-item'>\n\t\t\t<dt class='gallery-icon landscape'>\n\t\t\t\t<a href='https:\/\/www1.kkl.si\/wp-content\/uploads\/2024\/08\/TANGO_promo_www\u00a9PeterUhan_040.jpg'><img loading=\"lazy\" decoding=\"async\" width=\"150\" height=\"150\" src=\"https:\/\/www1.kkl.si\/wp-content\/uploads\/2024\/08\/TANGO_promo_www\u00a9PeterUhan_040-150x150.jpg\" class=\"attachment-thumbnail size-thumbnail\" alt=\"\" \/><\/a>\n\t\t\t<\/dt><\/dl><dl class='gallery-item'>\n\t\t\t<dt class='gallery-icon landscape'>\n\t\t\t\t<a href='https:\/\/www1.kkl.si\/wp-content\/uploads\/2024\/08\/TANGO_arhiv_LowRes\u00a9PeterUhan_064.jpg'><img loading=\"lazy\" decoding=\"async\" width=\"150\" height=\"150\" src=\"https:\/\/www1.kkl.si\/wp-content\/uploads\/2024\/08\/TANGO_arhiv_LowRes\u00a9PeterUhan_064-150x150.jpg\" class=\"attachment-thumbnail size-thumbnail\" alt=\"\" \/><\/a>\n\t\t\t<\/dt><\/dl><dl class='gallery-item'>\n\t\t\t<dt class='gallery-icon landscape'>\n\t\t\t\t<a href='https:\/\/www1.kkl.si\/wp-content\/uploads\/2024\/08\/TANGO_arhiv_LowRes\u00a9PeterUhan_119.jpg'><img loading=\"lazy\" decoding=\"async\" width=\"150\" height=\"150\" src=\"https:\/\/www1.kkl.si\/wp-content\/uploads\/2024\/08\/TANGO_arhiv_LowRes\u00a9PeterUhan_119-150x150.jpg\" class=\"attachment-thumbnail size-thumbnail\" alt=\"\" \/><\/a>\n\t\t\t<\/dt><\/dl><dl class='gallery-item'>\n\t\t\t<dt class='gallery-icon landscape'>\n\t\t\t\t<a href='https:\/\/www1.kkl.si\/wp-content\/uploads\/2024\/08\/TANGO_arhiv_LowRes\u00a9PeterUhan_181.jpg'><img loading=\"lazy\" decoding=\"async\" width=\"150\" height=\"150\" src=\"https:\/\/www1.kkl.si\/wp-content\/uploads\/2024\/08\/TANGO_arhiv_LowRes\u00a9PeterUhan_181-150x150.jpg\" class=\"attachment-thumbnail size-thumbnail\" alt=\"\" \/><\/a>\n\t\t\t<\/dt><\/dl><dl class='gallery-item'>\n\t\t\t<dt class='gallery-icon landscape'>\n\t\t\t\t<a href='https:\/\/www1.kkl.si\/wp-content\/uploads\/2024\/08\/TANGO_arhiv_LowRes\u00a9PeterUhan_236.jpg'><img loading=\"lazy\" decoding=\"async\" width=\"150\" height=\"150\" src=\"https:\/\/www1.kkl.si\/wp-content\/uploads\/2024\/08\/TANGO_arhiv_LowRes\u00a9PeterUhan_236-150x150.jpg\" class=\"attachment-thumbnail size-thumbnail\" alt=\"\" \/><\/a>\n\t\t\t<\/dt><\/dl><dl class='gallery-item'>\n\t\t\t<dt class='gallery-icon landscape'>\n\t\t\t\t<a href='https:\/\/www1.kkl.si\/wp-content\/uploads\/2024\/08\/TANGO_arhiv_LowRes\u00a9PeterUhan_254.jpg'><img loading=\"lazy\" decoding=\"async\" width=\"150\" height=\"150\" src=\"https:\/\/www1.kkl.si\/wp-content\/uploads\/2024\/08\/TANGO_arhiv_LowRes\u00a9PeterUhan_254-150x150.jpg\" class=\"attachment-thumbnail size-thumbnail\" alt=\"\" \/><\/a>\n\t\t\t<\/dt><\/dl><br style=\"clear: both\" \/><dl class='gallery-item'>\n\t\t\t<dt class='gallery-icon landscape'>\n\t\t\t\t<a href='https:\/\/www1.kkl.si\/wp-content\/uploads\/2024\/08\/TANGO_arhiv_LowRes\u00a9PeterUhan_351.jpg'><img loading=\"lazy\" decoding=\"async\" width=\"150\" height=\"150\" src=\"https:\/\/www1.kkl.si\/wp-content\/uploads\/2024\/08\/TANGO_arhiv_LowRes\u00a9PeterUhan_351-150x150.jpg\" class=\"attachment-thumbnail size-thumbnail\" alt=\"\" \/><\/a>\n\t\t\t<\/dt><\/dl><dl class='gallery-item'>\n\t\t\t<dt class='gallery-icon landscape'>\n\t\t\t\t<a href='https:\/\/www1.kkl.si\/wp-content\/uploads\/2024\/08\/TANGO_arhiv_LowRes\u00a9PeterUhan_373.jpg'><img loading=\"lazy\" decoding=\"async\" width=\"150\" height=\"150\" src=\"https:\/\/www1.kkl.si\/wp-content\/uploads\/2024\/08\/TANGO_arhiv_LowRes\u00a9PeterUhan_373-150x150.jpg\" class=\"attachment-thumbnail size-thumbnail\" alt=\"\" \/><\/a>\n\t\t\t<\/dt><\/dl><dl class='gallery-item'>\n\t\t\t<dt class='gallery-icon landscape'>\n\t\t\t\t<a href='https:\/\/www1.kkl.si\/wp-content\/uploads\/2024\/08\/TANGO_arhiv_LowRes\u00a9PeterUhan_480.jpg'><img loading=\"lazy\" decoding=\"async\" width=\"150\" height=\"150\" src=\"https:\/\/www1.kkl.si\/wp-content\/uploads\/2024\/08\/TANGO_arhiv_LowRes\u00a9PeterUhan_480-150x150.jpg\" class=\"attachment-thumbnail size-thumbnail\" alt=\"\" \/><\/a>\n\t\t\t<\/dt><\/dl><dl class='gallery-item'>\n\t\t\t<dt class='gallery-icon landscape'>\n\t\t\t\t<a href='https:\/\/www1.kkl.si\/wp-content\/uploads\/2024\/08\/TANGO_arhiv_LowRes\u00a9PeterUhan_541.jpg'><img loading=\"lazy\" decoding=\"async\" width=\"150\" height=\"150\" src=\"https:\/\/www1.kkl.si\/wp-content\/uploads\/2024\/08\/TANGO_arhiv_LowRes\u00a9PeterUhan_541-150x150.jpg\" class=\"attachment-thumbnail size-thumbnail\" alt=\"\" \/><\/a>\n\t\t\t<\/dt><\/dl><dl class='gallery-item'>\n\t\t\t<dt class='gallery-icon landscape'>\n\t\t\t\t<a href='https:\/\/www1.kkl.si\/wp-content\/uploads\/2024\/08\/TANGO_arhiv_LowRes\u00a9PeterUhan_567.jpg'><img loading=\"lazy\" decoding=\"async\" width=\"150\" height=\"150\" src=\"https:\/\/www1.kkl.si\/wp-content\/uploads\/2024\/08\/TANGO_arhiv_LowRes\u00a9PeterUhan_567-150x150.jpg\" class=\"attachment-thumbnail size-thumbnail\" alt=\"\" \/><\/a>\n\t\t\t<\/dt><\/dl><dl class='gallery-item'>\n\t\t\t<dt class='gallery-icon landscape'>\n\t\t\t\t<a href='https:\/\/www1.kkl.si\/wp-content\/uploads\/2024\/08\/TANGO_arhiv_LowRes\u00a9PeterUhan_580.jpg'><img loading=\"lazy\" decoding=\"async\" width=\"150\" height=\"150\" src=\"https:\/\/www1.kkl.si\/wp-content\/uploads\/2024\/08\/TANGO_arhiv_LowRes\u00a9PeterUhan_580-150x150.jpg\" class=\"attachment-thumbnail size-thumbnail\" alt=\"\" \/><\/a>\n\t\t\t<\/dt><\/dl><br style=\"clear: both\" \/>\n\t\t<\/div>\n\n<p><span style=\"font-size: 10pt;\">Foto: Peter Uhan<\/span><\/p>\n<p><iframe loading=\"lazy\" title=\"S\u0142awomir Mro\u017cek TANGO | re\u017eiser Luka Marcen #dra\u017eimo #teaser\" width=\"720\" height=\"405\" src=\"https:\/\/www.youtube.com\/embed\/BR8j7y6msM4?feature=oembed\" frameborder=\"0\" allow=\"accelerometer; autoplay; clipboard-write; encrypted-media; gyroscope; picture-in-picture; web-share\" referrerpolicy=\"strict-origin-when-cross-origin\" allowfullscreen><\/iframe><\/p>\n<p><iframe loading=\"lazy\" title=\"S\u0142awomir Mro\u017cek TANGO | re\u017eiser \/ director Luka Marcen\" width=\"720\" height=\"405\" src=\"https:\/\/www.youtube.com\/embed\/BJU3ypE-08Q?feature=oembed\" frameborder=\"0\" allow=\"accelerometer; autoplay; clipboard-write; encrypted-media; gyroscope; picture-in-picture; web-share\" referrerpolicy=\"strict-origin-when-cross-origin\" allowfullscreen><\/iframe><\/p>\n<p><i class=\"fas fa-link\"><\/i> <a href=\"https:\/\/www.drama.si\/dogodek\/tango\/\">https:\/\/www.drama.si\/dogodek\/tango\/<\/a><\/p>\n<\/div>\n<\/div>\n<hr \/>\n<p>Slovenski gledali\u0161ki abonma 2024\/2025<\/p>\n<p><a href=\"https:\/\/www1.kkl.si\/sl\/slovenski-abonma-2024-2025\/\"><img loading=\"lazy\" decoding=\"async\" class=\"alignnone wp-image-18446 size-large\" src=\"https:\/\/www1.kkl.si\/wp-content\/uploads\/2024\/08\/2024_08_10_SLO_abonma-1500x400.jpg\" alt=\"\" width=\"1500\" height=\"400\" srcset=\"https:\/\/www1.kkl.si\/wp-content\/uploads\/2024\/08\/2024_08_10_SLO_abonma.jpg 1500w, https:\/\/www1.kkl.si\/wp-content\/uploads\/2024\/08\/2024_08_10_SLO_abonma-400x107.jpg 400w\" sizes=\"auto, (max-width: 1500px) 100vw, 1500px\" \/><\/a><\/p>\n","protected":false},"excerpt":{"rendered":"<p>ponedeljek, 2. junij 2025, ob 19.00 uri | Gledali\u0161ka in koncertna dvorana Lendava \u00a0 groteskna komedija Cena vstopnice: predprodaja 15 \u20ac, na dan predstave 18 \u20ac. Blagajna: +386 (0)2 577 60 24 Organizator: Knji\u017enica \u2013 Kulturni center Lendava \u2013 Lendvai K\u00f6nyvt\u00e1r \u00e9s Kultur\u00e1lis K\u00f6zpont SNG Drama Ljubljana, S\u0142awomir Mro\u017cek: Tango, groteskna komedija V jedru Tanga, [&hellip;]<\/p>\n","protected":false},"author":2,"featured_media":22009,"parent":0,"menu_order":0,"comment_status":"closed","ping_status":"closed","template":"","meta":{"footnotes":""},"class_list":["post-22008","page","type-page","status-publish","has-post-thumbnail","hentry","post","post-with-thumbnail","post-with-thumbnail-icon"],"_links":{"self":[{"href":"https:\/\/www1.kkl.si\/sl\/wp-json\/wp\/v2\/pages\/22008","targetHints":{"allow":["GET"]}}],"collection":[{"href":"https:\/\/www1.kkl.si\/sl\/wp-json\/wp\/v2\/pages"}],"about":[{"href":"https:\/\/www1.kkl.si\/sl\/wp-json\/wp\/v2\/types\/page"}],"author":[{"embeddable":true,"href":"https:\/\/www1.kkl.si\/sl\/wp-json\/wp\/v2\/users\/2"}],"replies":[{"embeddable":true,"href":"https:\/\/www1.kkl.si\/sl\/wp-json\/wp\/v2\/comments?post=22008"}],"version-history":[{"count":3,"href":"https:\/\/www1.kkl.si\/sl\/wp-json\/wp\/v2\/pages\/22008\/revisions"}],"predecessor-version":[{"id":22243,"href":"https:\/\/www1.kkl.si\/sl\/wp-json\/wp\/v2\/pages\/22008\/revisions\/22243"}],"wp:featuredmedia":[{"embeddable":true,"href":"https:\/\/www1.kkl.si\/sl\/wp-json\/wp\/v2\/media\/22009"}],"wp:attachment":[{"href":"https:\/\/www1.kkl.si\/sl\/wp-json\/wp\/v2\/media?parent=22008"}],"curies":[{"name":"wp","href":"https:\/\/api.w.org\/{rel}","templated":true}]}}