{"id":2212,"date":"2020-11-16T16:19:22","date_gmt":"2020-11-16T15:19:22","guid":{"rendered":"https:\/\/www1.kkl.si\/?page_id=2212"},"modified":"2022-12-15T16:42:50","modified_gmt":"2022-12-15T15:42:50","slug":"spored-2020-10","status":"publish","type":"page","link":"https:\/\/www1.kkl.si\/sl\/spored-2020-10\/","title":{"rendered":"SPORED: oktober 2020"},"content":{"rendered":"<p><strong>Leto 2020:<\/strong> <a href=\"https:\/\/www1.kkl.si\/sl\/spored-2020-07\/\">julij<\/a> | <a href=\"https:\/\/www1.kkl.si\/sl\/spored-2020-08\/\">avgust<\/a> | <a href=\"https:\/\/www1.kkl.si\/sl\/spored-2020-09\/\">september<\/a>\u00a0| <a href=\"https:\/\/www1.kkl.si\/sl\/spored-2020-10\/\">oktober<\/a> | <a href=\"https:\/\/www1.kkl.si\/sl\/arhiv-sporeda\/\">ARHIV<\/a><\/p>\n<table id=\"spored-legenda\" cellspacing=\"0\" cellpadding=\"5\">\n<tbody>\n<tr>\n<td><strong>LEGENDA<br \/>\nSIMBOLOV<\/strong><\/td>\n<td style=\"vertical-align: middle;\"><img loading=\"lazy\" decoding=\"async\" title=\"Slovenski abonma\" src=\"https:\/\/www1.kkl.si\/wp-content\/uploads\/2020\/07\/spored_simb_abonma_si-1.svg\" alt=\"abonma_si\" width=\"30\" height=\"30\" \/><\/td>\n<td>Slovenski<br \/>\nabonma<\/td>\n<td style=\"vertical-align: middle;\"><img loading=\"lazy\" decoding=\"async\" title=\"Mad\u017earski abonma\" src=\"https:\/\/www1.kkl.si\/wp-content\/uploads\/2020\/07\/spored_simb_abonma_hu-1.svg\" alt=\"abonma_hu\" width=\"30\" height=\"30\" \/><\/td>\n<td>Mad\u017earski<br \/>\nabonma<\/td>\n<td style=\"vertical-align: middle;\"><img loading=\"lazy\" decoding=\"async\" title=\"Zaklju\u010dena prireditev\" src=\"https:\/\/www1.kkl.si\/wp-content\/uploads\/2020\/07\/spored_simb_zakljucena-1.svg\" alt=\"zakljucena\" width=\"30\" height=\"30\" \/><\/td>\n<td>Zaklju\u010dena<br \/>\nprireditev<\/td>\n<td style=\"vertical-align: middle;\"><img loading=\"lazy\" decoding=\"async\" title=\"Brezpla\u010dna prireditev\" src=\"https:\/\/www1.kkl.si\/wp-content\/uploads\/2020\/07\/spored_simb_brezplacna-1.svg\" alt=\"brezplacna\" width=\"30\" height=\"30\" \/><\/td>\n<td>Brezpla\u010dna<br \/>\nprireditev<\/td>\n<td style=\"vertical-align: middle;\"><img loading=\"lazy\" decoding=\"async\" title=\"Pla\u010dljiva prireditev\" src=\"https:\/\/www1.kkl.si\/wp-content\/uploads\/2020\/07\/spored_simb_placljiva-1.svg\" alt=\"placljiva\" width=\"30\" height=\"30\" \/><\/td>\n<td>Pla\u010dljiva<br \/>\nprireditev<\/td>\n<td style=\"vertical-align: middle;\"><img loading=\"lazy\" decoding=\"async\" title=\"Novost, sprememba\" src=\"https:\/\/www1.kkl.si\/wp-content\/uploads\/2020\/07\/spored_simb_novost-1.svg\" alt=\"novost\" width=\"30\" height=\"30\" \/><\/td>\n<td>Novost,<br \/>\nsprememba<\/td>\n<\/tr>\n<\/tbody>\n<\/table>\n<table style=\"border-collapse: collapse; width: 100%;\">\n<tbody>\n<tr>\n<td style=\"width: 10%;\">\n<h6><a id=\"okt02\"><\/a>2.<\/h6>\n<\/td>\n<td style=\"width: 89.9646%;\">\n<p><img loading=\"lazy\" decoding=\"async\" class=\"wp-image-1591 alignright\" title=\"Pla\u010dljiva prireditev\" src=\"https:\/\/www1.kkl.si\/wp-content\/uploads\/2020\/07\/spored_simb_placljiva-1.svg\" alt=\"placljiva\" width=\"40\" height=\"40\" srcset=\"https:\/\/www1.kkl.si\/wp-content\/uploads\/\/2020\/07\/spored_simb_placljiva-1.svg 150w, https:\/\/www1.kkl.si\/wp-content\/uploads\/\/2020\/07\/spored_simb_placljiva-1.svg 400w, https:\/\/www1.kkl.si\/wp-content\/uploads\/\/2020\/07\/spored_simb_placljiva-1.svg 1500w, https:\/\/www1.kkl.si\/wp-content\/uploads\/\/2020\/07\/spored_simb_placljiva-1.svg 100w\" sizes=\"auto, (max-width: 40px) 100vw, 40px\" \/><i class=\"fas fa-calendar\"><\/i> <strong>petek, 2. oktober 2020, ob 19.00<\/strong><\/p>\n<p>Gledali\u0161ka skupina LESZSZ T\u00e1rsulat predstavlja<br \/>\n<span style=\"font-size: 28px;\"><strong>Dogodiv\u0161\u010dine Don Quijotea<\/strong><\/span>, gledali\u0161ka igra v mad\u017earskem jeziku<\/p>\n<p><i class=\"fas fa-ticket\"><\/i> Cena vstopnic za odrasle: <strong>8 \u20ac<\/strong><br \/>\n<i class=\"fas fa-ticket\"><\/i> Dijaki in \u0161tudenti: <strong>5 \u20ac<\/strong> | Vstopnice lahko kupite v Centru B\u00e1nffy od 25. septembra 2020 naprej.<br \/>\n<i class=\"fas fa-map-marker\"><\/i> Prizori\u0161\u010de: Gledali\u0161ka in koncertna dvorana Lendava<br \/>\n<i class=\"fas fa-chevron-circle-right\"><\/i> Organizator: <a href=\"http:\/\/www.mnmi-zkmn.si\" target=\"_blank\" rel=\"noopener noreferrer\">MNMI-ZKMN<\/a><\/p>\n<p><em>Prireditev bo izvedena ob upo\u0161tevanju navodil NIJZ. <\/em><em>Uporaba mask je obvezna tekom celotne prireditve.<\/em><\/p>\n<\/td>\n<\/tr>\n<tr>\n<td style=\"width: 10%;\">\n<h6><a id=\"okt03\"><\/a>3.<\/h6>\n<\/td>\n<td style=\"width: 89.9646%;\">\n<p><img loading=\"lazy\" decoding=\"async\" class=\"wp-image-1591 alignright\" title=\"Pla\u010dljiva prireditev\" src=\"https:\/\/www1.kkl.si\/wp-content\/uploads\/2020\/07\/spored_simb_placljiva-1.svg\" alt=\"placljiva\" width=\"40\" height=\"40\" srcset=\"https:\/\/www1.kkl.si\/wp-content\/uploads\/\/2020\/07\/spored_simb_placljiva-1.svg 150w, https:\/\/www1.kkl.si\/wp-content\/uploads\/\/2020\/07\/spored_simb_placljiva-1.svg 400w, https:\/\/www1.kkl.si\/wp-content\/uploads\/\/2020\/07\/spored_simb_placljiva-1.svg 1500w, https:\/\/www1.kkl.si\/wp-content\/uploads\/\/2020\/07\/spored_simb_placljiva-1.svg 100w\" sizes=\"auto, (max-width: 40px) 100vw, 40px\" \/><i class=\"fas fa-calendar\"><\/i> <strong>sobota, 3. oktober 2020, ob 19.00<\/strong><\/p>\n<p>Gledali\u0161ka skupina LESZSZ T\u00e1rsulat predstavlja<br \/>\n<span style=\"font-size: 28px;\"><strong>Dogodiv\u0161\u010dine Don Quijotea<\/strong><\/span>, gledali\u0161ka igra v mad\u017earskem jeziku<\/p>\n<p><i class=\"fas fa-ticket\"><\/i> Cena vstopnic za odrasle: <strong>8 \u20ac<\/strong><br \/>\n<i class=\"fas fa-ticket\"><\/i> Dijaki in \u0161tudenti: <strong>5 \u20ac<\/strong> | Vstopnice lahko kupite v Centru B\u00e1nffy od 25. septembra 2020 naprej.<br \/>\n<i class=\"fas fa-map-marker\"><\/i> Prizori\u0161\u010de: Gledali\u0161ka in koncertna dvorana Lendava<br \/>\n<i class=\"fas fa-chevron-circle-right\"><\/i> Organizator: <a href=\"http:\/\/www.mnmi-zkmn.si\" target=\"_blank\" rel=\"noopener noreferrer\">MNMI-ZKMN<\/a><\/p>\n<p><em>Prireditev bo izvedena ob upo\u0161tevanju navodil NIJZ. <\/em><em>Uporaba mask je obvezna tekom celotne prireditve.<\/em><\/p>\n<\/td>\n<\/tr>\n<tr>\n<td style=\"width: 10%;\">\n<h6><a id=\"okt05\"><\/a>5.<\/h6>\n<\/td>\n<td style=\"width: 89.9646%;\">\n<p><img loading=\"lazy\" decoding=\"async\" class=\"wp-image-1591 alignright\" title=\"Pla\u010dljiva prireditev\" src=\"https:\/\/www1.kkl.si\/wp-content\/uploads\/2020\/07\/spored_simb_placljiva-1.svg\" alt=\"placljiva\" width=\"40\" height=\"40\" srcset=\"https:\/\/www1.kkl.si\/wp-content\/uploads\/\/2020\/07\/spored_simb_placljiva-1.svg 150w, https:\/\/www1.kkl.si\/wp-content\/uploads\/\/2020\/07\/spored_simb_placljiva-1.svg 400w, https:\/\/www1.kkl.si\/wp-content\/uploads\/\/2020\/07\/spored_simb_placljiva-1.svg 1500w, https:\/\/www1.kkl.si\/wp-content\/uploads\/\/2020\/07\/spored_simb_placljiva-1.svg 100w\" sizes=\"auto, (max-width: 40px) 100vw, 40px\" \/><img loading=\"lazy\" decoding=\"async\" class=\"wp-image-1585 alignright\" title=\"Slovenski abonma\" src=\"https:\/\/www1.kkl.si\/wp-content\/uploads\/2020\/07\/spored_simb_abonma_si-1.svg\" alt=\"abonma_si\" width=\"40\" height=\"40\" srcset=\"https:\/\/www1.kkl.si\/wp-content\/uploads\/\/2020\/07\/spored_simb_abonma_si-1.svg 150w, https:\/\/www1.kkl.si\/wp-content\/uploads\/\/2020\/07\/spored_simb_abonma_si-1.svg 400w, https:\/\/www1.kkl.si\/wp-content\/uploads\/\/2020\/07\/spored_simb_abonma_si-1.svg 1500w, https:\/\/www1.kkl.si\/wp-content\/uploads\/\/2020\/07\/spored_simb_abonma_si-1.svg 100w\" sizes=\"auto, (max-width: 40px) 100vw, 40px\" \/><i class=\"fas fa-calendar\"><\/i> <strong>ponedeljek, 5. oktober 2020, ob 18.00<\/strong><\/p>\n<p>SMEJMO SE:<br \/>\n<span style=\"font-size: 28px;\"><strong>LJUBEZEN GRE SKOZI \u017dELODEC<\/strong><\/span>, vedno la\u010dna \u2026 komedija<\/p>\n<p><i class=\"fas fa-ticket\"><\/i> Cena vstopnic: <strong>13 \u20ac<\/strong><br \/>\n<i class=\"fas fa-map-marker\"><\/i> Prizori\u0161\u010de: Gledali\u0161ka in koncertna dvorana Lendava<br \/>\n<i class=\"fas fa-chevron-circle-right\"><\/i> Organizator: <a href=\"http:\/\/www.kkl.si\/\">Knji\u017enica \u2013 Kulturni center Lendava\/Lendvai K\u00f6nyvt\u00e1r \u00e9s Kultur\u00e1lis K\u00f6zpont<\/a><\/p>\n<\/td>\n<\/tr>\n<tr>\n<td style=\"width: 10%;\">\n<h6><a id=\"okt051\"><\/a>5.<\/h6>\n<\/td>\n<td style=\"width: 89.9646%;\">\n<p><img loading=\"lazy\" decoding=\"async\" class=\"wp-image-1591 alignright\" title=\"Pla\u010dljiva prireditev\" src=\"https:\/\/www1.kkl.si\/wp-content\/uploads\/2020\/07\/spored_simb_placljiva-1.svg\" alt=\"placljiva\" width=\"40\" height=\"40\" srcset=\"https:\/\/www1.kkl.si\/wp-content\/uploads\/\/2020\/07\/spored_simb_placljiva-1.svg 150w, https:\/\/www1.kkl.si\/wp-content\/uploads\/\/2020\/07\/spored_simb_placljiva-1.svg 400w, https:\/\/www1.kkl.si\/wp-content\/uploads\/\/2020\/07\/spored_simb_placljiva-1.svg 1500w, https:\/\/www1.kkl.si\/wp-content\/uploads\/\/2020\/07\/spored_simb_placljiva-1.svg 100w\" sizes=\"auto, (max-width: 40px) 100vw, 40px\" \/><img loading=\"lazy\" decoding=\"async\" class=\"wp-image-1585 alignright\" title=\"Slovenski abonma\" src=\"https:\/\/www1.kkl.si\/wp-content\/uploads\/2020\/07\/spored_simb_abonma_si-1.svg\" alt=\"abonma_si\" width=\"40\" height=\"40\" srcset=\"https:\/\/www1.kkl.si\/wp-content\/uploads\/\/2020\/07\/spored_simb_abonma_si-1.svg 150w, https:\/\/www1.kkl.si\/wp-content\/uploads\/\/2020\/07\/spored_simb_abonma_si-1.svg 400w, https:\/\/www1.kkl.si\/wp-content\/uploads\/\/2020\/07\/spored_simb_abonma_si-1.svg 1500w, https:\/\/www1.kkl.si\/wp-content\/uploads\/\/2020\/07\/spored_simb_abonma_si-1.svg 100w\" sizes=\"auto, (max-width: 40px) 100vw, 40px\" \/><i class=\"fas fa-calendar\"><\/i> <strong>ponedeljek, 5. oktober 2020, ob 20.00<\/strong><\/p>\n<p>SMEJMO SE:<br \/>\n<span style=\"font-size: 28px;\"><strong>LJUBEZEN GRE SKOZI \u017dELODEC<\/strong><\/span>, vedno la\u010dna \u2026 komedija<\/p>\n<p><i class=\"fas fa-ticket\"><\/i> Cena vstopnic: <strong>13 \u20ac<\/strong><br \/>\n<i class=\"fas fa-map-marker\"><\/i> Prizori\u0161\u010de: Gledali\u0161ka in koncertna dvorana Lendava<br \/>\n<i class=\"fas fa-chevron-circle-right\"><\/i> Organizator: <a href=\"http:\/\/www.kkl.si\/\">Knji\u017enica \u2013 Kulturni center Lendava\/Lendvai K\u00f6nyvt\u00e1r \u00e9s Kultur\u00e1lis K\u00f6zpont<\/a><\/p>\n<\/td>\n<\/tr>\n<tr>\n<td style=\"width: 10%;\">\n<h6><a id=\"okt08\"><\/a>8.<\/h6>\n<\/td>\n<td style=\"width: 89.9646%;\">\n<p><img loading=\"lazy\" decoding=\"async\" class=\"wp-image-1587 alignright\" title=\"Brezpla\u010dna prireditev\" src=\"https:\/\/www1.kkl.si\/wp-content\/uploads\/2020\/07\/spored_simb_brezplacna-1.svg\" alt=\"brezplacna\" width=\"40\" height=\"40\" srcset=\"https:\/\/www1.kkl.si\/wp-content\/uploads\/\/2020\/07\/spored_simb_brezplacna-1.svg 150w, https:\/\/www1.kkl.si\/wp-content\/uploads\/\/2020\/07\/spored_simb_brezplacna-1.svg 400w, https:\/\/www1.kkl.si\/wp-content\/uploads\/\/2020\/07\/spored_simb_brezplacna-1.svg 1500w, https:\/\/www1.kkl.si\/wp-content\/uploads\/\/2020\/07\/spored_simb_brezplacna-1.svg 100w\" sizes=\"auto, (max-width: 40px) 100vw, 40px\" \/><i class=\"fas fa-calendar\"><\/i> <strong>ponedeljek, 5. oktober 2020, ob 20.00<br \/>\n<\/strong><\/p>\n<p><strong><span style=\"font-size: 28px;\">Bivanje z lesom \u2013 SloWOODlife<\/span><\/strong>, razstava<\/p>\n<p><i class=\"fas fa-map-marker\"><\/i> Prizori\u0161\u010de: Gledali\u0161ka in koncertna dvorana Lendava<br \/>\n<i class=\"fas fa-chevron-circle-right\"><\/i> Organizator: <a href=\"https:\/\/www.agencijalotos.net\/\">Agencija LOTOS d.o.o.<\/a><\/p>\n<\/td>\n<\/tr>\n<\/tbody>\n<\/table>\n<div>\u00a0<\/div>\n<div class=\"novice-vsebina-naslov\"><span style=\"font-size: 28px;\"><strong><img loading=\"lazy\" decoding=\"async\" class=\"size-full wp-image-1489 alignright\" src=\"https:\/\/www1.kkl.si\/wp-content\/uploads\/2020\/03\/obvestilo_200px.png\" alt=\"\" width=\"200\" height=\"200\" srcset=\"https:\/\/www1.kkl.si\/wp-content\/uploads\/2020\/03\/obvestilo_200px.png 200w, https:\/\/www1.kkl.si\/wp-content\/uploads\/2020\/03\/obvestilo_200px-150x150.png 150w\" sizes=\"auto, (max-width: 200px) 100vw, 200px\" \/>OBVESTILO: Odpoved vseh prireditev v Knji\u017enici \u2013 Kulturnem centru Lendava \u2013 Lendvai K\u00f6nyvt\u00e1r \u00e9s Kultur\u00e1lis K\u00f6zpont<\/strong><\/span><\/div>\n<div class=\"novice-vsebina-besedilo\">\n<p>V skladu z ukrepi Vlade RS zaradi prepre\u010devanja oku\u017eb s SARS-CoV-2 do nadaljnjega odpovedujemo vse prireditve v Gledali\u0161ki in koncertni dvorani Lendava. Za vse odpadle prireditve bomo sku\u0161ali zagotoviti nadomestne termine.<\/p>\n<p><em>Velja od 16. 10. 2020 do preklica.<\/em><\/p>\n<\/div>\n","protected":false},"excerpt":{"rendered":"<p>Leto 2020: julij | avgust | september\u00a0| oktober | ARHIV LEGENDA SIMBOLOV Slovenski abonma Mad\u017earski abonma Zaklju\u010dena prireditev Brezpla\u010dna prireditev Pla\u010dljiva prireditev Novost, sprememba 2. petek, 2. oktober 2020, ob 19.00 Gledali\u0161ka skupina LESZSZ T\u00e1rsulat predstavlja Dogodiv\u0161\u010dine Don Quijotea, gledali\u0161ka igra v mad\u017earskem jeziku Cena vstopnic za odrasle: 8 \u20ac Dijaki in \u0161tudenti: 5 \u20ac [&hellip;]<\/p>\n","protected":false},"author":2,"featured_media":0,"parent":0,"menu_order":0,"comment_status":"closed","ping_status":"closed","template":"","meta":{"footnotes":""},"class_list":["post-2212","page","type-page","status-publish","hentry","post"],"_links":{"self":[{"href":"https:\/\/www1.kkl.si\/sl\/wp-json\/wp\/v2\/pages\/2212","targetHints":{"allow":["GET"]}}],"collection":[{"href":"https:\/\/www1.kkl.si\/sl\/wp-json\/wp\/v2\/pages"}],"about":[{"href":"https:\/\/www1.kkl.si\/sl\/wp-json\/wp\/v2\/types\/page"}],"author":[{"embeddable":true,"href":"https:\/\/www1.kkl.si\/sl\/wp-json\/wp\/v2\/users\/2"}],"replies":[{"embeddable":true,"href":"https:\/\/www1.kkl.si\/sl\/wp-json\/wp\/v2\/comments?post=2212"}],"version-history":[{"count":9,"href":"https:\/\/www1.kkl.si\/sl\/wp-json\/wp\/v2\/pages\/2212\/revisions"}],"predecessor-version":[{"id":10833,"href":"https:\/\/www1.kkl.si\/sl\/wp-json\/wp\/v2\/pages\/2212\/revisions\/10833"}],"wp:attachment":[{"href":"https:\/\/www1.kkl.si\/sl\/wp-json\/wp\/v2\/media?parent=2212"}],"curies":[{"name":"wp","href":"https:\/\/api.w.org\/{rel}","templated":true}]}}