{"id":22445,"date":"2025-07-12T09:53:13","date_gmt":"2025-07-12T07:53:13","guid":{"rendered":"https:\/\/www1.kkl.si\/?page_id=22445"},"modified":"2025-10-15T12:56:04","modified_gmt":"2025-10-15T10:56:04","slug":"spored-2025-07","status":"publish","type":"page","link":"https:\/\/www1.kkl.si\/sl\/spored-2025-07\/","title":{"rendered":"SPORED: julij 2025"},"content":{"rendered":"<p><strong>Leto 2025:<\/strong> <a href=\"https:\/\/www1.kkl.si\/sl\/spored-2025-01\/\">januar<\/a> | <a href=\"https:\/\/www1.kkl.si\/sl\/spored-2025-02\/\">februar<\/a> | <a href=\"https:\/\/www1.kkl.si\/sl\/spored-2025-03\/\">marec<\/a> | <a href=\"https:\/\/www1.kkl.si\/sl\/spored-2025-04\/\">april<\/a> | <a href=\"https:\/\/www1.kkl.si\/sl\/spored-2025-05\/\">maj<\/a> | <a href=\"https:\/\/www1.kkl.si\/sl\/spored-2025-06\/\">junij<\/a> | <a href=\"https:\/\/www1.kkl.si\/sl\/spored-2025-07\/\">julij<\/a> | <a href=\"https:\/\/www1.kkl.si\/sl\/spored-2025-08\/\">avgust<\/a> | <a href=\"https:\/\/www1.kkl.si\/sl\/spored-2025-09\/\">september<\/a> | <a href=\"https:\/\/www1.kkl.si\/sl\/spored-2025-10\/\">oktober<\/a> | <a href=\"https:\/\/www1.kkl.si\/sl\/spored-2025-11\/\">november<\/a> | <a href=\"https:\/\/www1.kkl.si\/sl\/spored-2025-12\/\">december<\/a> | <a href=\"https:\/\/www1.kkl.si\/sl\/arhiv-sporeda\/\">ARHIV<\/a><\/p>\n<div style=\"overflow-x: auto;\">\n<table id=\"spored-legenda\" cellspacing=\"0\" cellpadding=\"5\">\n<tbody>\n<tr>\n<td><strong>LEGENDA<br \/>\nSIMBOLOV<\/strong><\/td>\n<td style=\"vertical-align: middle;\"><img loading=\"lazy\" decoding=\"async\" title=\"Slovenski abonma\" src=\"https:\/\/www1.kkl.si\/wp-content\/uploads\/2020\/07\/spored_simb_abonma_si-1.svg\" alt=\"abonma_si\" width=\"30\" height=\"30\" \/><\/td>\n<td>Slovenski<br \/>\nabonma<\/td>\n<td style=\"vertical-align: middle;\"><img loading=\"lazy\" decoding=\"async\" title=\"Mad\u017earski abonma\" src=\"https:\/\/www1.kkl.si\/wp-content\/uploads\/2020\/07\/spored_simb_abonma_hu-1.svg\" alt=\"abonma_hu\" width=\"30\" height=\"30\" \/><\/td>\n<td>Mad\u017earski<br \/>\nabonma<\/td>\n<td style=\"vertical-align: middle;\"><img loading=\"lazy\" decoding=\"async\" title=\"Zaklju\u010dena prireditev\" src=\"https:\/\/www1.kkl.si\/wp-content\/uploads\/2020\/07\/spored_simb_zakljucena-1.svg\" alt=\"zakljucena\" width=\"30\" height=\"30\" \/><\/td>\n<td>Zaklju\u010dena<br \/>\nprireditev<\/td>\n<td style=\"vertical-align: middle;\"><img loading=\"lazy\" decoding=\"async\" title=\"Brezpla\u010dna prireditev\" src=\"https:\/\/www1.kkl.si\/wp-content\/uploads\/2020\/07\/spored_simb_brezplacna-1.svg\" alt=\"brezplacna\" width=\"30\" height=\"30\" \/><\/td>\n<td>Brezpla\u010dna<br \/>\nprireditev<\/td>\n<td style=\"vertical-align: middle;\"><img loading=\"lazy\" decoding=\"async\" title=\"Pla\u010dljiva prireditev\" src=\"https:\/\/www1.kkl.si\/wp-content\/uploads\/2020\/07\/spored_simb_placljiva-1.svg\" alt=\"placljiva\" width=\"30\" height=\"30\" \/><\/td>\n<td>Pla\u010dljiva<br \/>\nprireditev<\/td>\n<td style=\"vertical-align: middle;\"><img loading=\"lazy\" decoding=\"async\" title=\"Novost, sprememba\" src=\"https:\/\/www1.kkl.si\/wp-content\/uploads\/2020\/07\/spored_simb_novost-1.svg\" alt=\"novost\" width=\"30\" height=\"30\" \/><\/td>\n<td>Novost,<br \/>\nsprememba<\/td>\n<\/tr>\n<\/tbody>\n<\/table>\n<\/div>\n<table id=\"sporedtabela\" style=\"width: 100%;\">\n<tbody>\n<tr>\n<td style=\"width: 14.9347%;\">\n<p style=\"text-align: center;\"><strong><span style=\"font-size: 24pt;\">15.<\/span><br \/>\n<\/strong><\/p>\n<p style=\"text-align: center;\">torek<\/p>\n<p><img loading=\"lazy\" decoding=\"async\" class=\"aligncenter\" title=\"Brezpla\u010dna prireditev\" src=\"https:\/\/www1.kkl.si\/wp-content\/uploads\/2020\/07\/spored_simb_brezplacna-1.svg\" alt=\"brezplacna\" width=\"30\" height=\"30\" \/><\/p>\n<\/td>\n<td style=\"width: 84.5675%;\">\n<p><i class=\"fas fa-clock\"><\/i> <strong>20.00<\/strong> | Letni oder Gledali\u0161ke in koncertne dvorane Lendava<a href=\"https:\/\/www1.kkl.si\/wp-content\/uploads\/2025\/07\/EuroCubans_Dobran_Laznik_19_SG_web.jpg\" data-lbwps-width=\"2500\" data-lbwps-height=\"1666\" data-lbwps-srcsmall=\"https:\/\/www1.kkl.si\/wp-content\/uploads\/2025\/07\/EuroCubans_Dobran_Laznik_19_SG_web-400x267.jpg\"><img loading=\"lazy\" decoding=\"async\" class=\"alignright size-thumbnail wp-image-22482\" src=\"https:\/\/www1.kkl.si\/wp-content\/uploads\/2025\/07\/EuroCubans_Dobran_Laznik_19_SG_web-150x150.jpg\" alt=\"\" width=\"150\" height=\"150\" \/><\/a><br \/>\n<strong>ve\u010der z legendami kubanske glasbe<\/strong><\/p>\n<p><a href=\"https:\/\/www1.kkl.si\/sl\/eurocubans-feat-juan-de-marcos-gonzalez-juan-munguia\/\"><span style=\"font-size: 24pt;\"><strong>\u00bbEuroCubans feat. Juan de Marcos Gonz\u00e1lez &amp; Juan Munguia\u00ab<\/strong><\/span><\/a><\/p>\n<p><span style=\"font-size: 10pt;\">Organizator: Audio video dru\u0161tvo &#8211; Audio video Egyes\u00fclete, Peter O\u0161laj<\/span><\/p>\n<\/td>\n<\/tr>\n<\/tbody>\n<\/table>\n<p style=\"text-align: center;\"><span style=\"font-size: 10pt;\">Organizatorji si pridr\u017eujejo pravico do spremembe programa.<\/span><\/p>\n","protected":false},"excerpt":{"rendered":"<p>Leto 2025: januar | februar | marec | april | maj | junij | julij | avgust | september | oktober | november | december | ARHIV LEGENDA SIMBOLOV Slovenski abonma Mad\u017earski abonma Zaklju\u010dena prireditev Brezpla\u010dna prireditev Pla\u010dljiva prireditev Novost, sprememba 15. torek 20.00 | Letni oder Gledali\u0161ke in koncertne dvorane Lendava ve\u010der z legendami [&hellip;]<\/p>\n","protected":false},"author":2,"featured_media":0,"parent":0,"menu_order":0,"comment_status":"closed","ping_status":"closed","template":"","meta":{"footnotes":""},"class_list":["post-22445","page","type-page","status-publish","hentry","post"],"_links":{"self":[{"href":"https:\/\/www1.kkl.si\/sl\/wp-json\/wp\/v2\/pages\/22445","targetHints":{"allow":["GET"]}}],"collection":[{"href":"https:\/\/www1.kkl.si\/sl\/wp-json\/wp\/v2\/pages"}],"about":[{"href":"https:\/\/www1.kkl.si\/sl\/wp-json\/wp\/v2\/types\/page"}],"author":[{"embeddable":true,"href":"https:\/\/www1.kkl.si\/sl\/wp-json\/wp\/v2\/users\/2"}],"replies":[{"embeddable":true,"href":"https:\/\/www1.kkl.si\/sl\/wp-json\/wp\/v2\/comments?post=22445"}],"version-history":[{"count":6,"href":"https:\/\/www1.kkl.si\/sl\/wp-json\/wp\/v2\/pages\/22445\/revisions"}],"predecessor-version":[{"id":24409,"href":"https:\/\/www1.kkl.si\/sl\/wp-json\/wp\/v2\/pages\/22445\/revisions\/24409"}],"wp:attachment":[{"href":"https:\/\/www1.kkl.si\/sl\/wp-json\/wp\/v2\/media?parent=22445"}],"curies":[{"name":"wp","href":"https:\/\/api.w.org\/{rel}","templated":true}]}}