{"id":22458,"date":"2025-07-12T10:25:37","date_gmt":"2025-07-12T08:25:37","guid":{"rendered":"https:\/\/www1.kkl.si\/?page_id=22458"},"modified":"2025-07-14T12:22:15","modified_gmt":"2025-07-14T10:22:15","slug":"eurocubans-feat-juan-de-marcos-gonzalez-juan-munguia","status":"publish","type":"page","link":"https:\/\/www1.kkl.si\/sl\/eurocubans-feat-juan-de-marcos-gonzalez-juan-munguia\/","title":{"rendered":"EuroCubans feat. Juan de Marcos Gonz\u00e1lez &#038; Juan Munguia"},"content":{"rendered":"<div class=\"opis\"><i class=\"fas fa-clock\"><\/i> <strong>Torek, 15. julij 2025, ob 20.00<\/strong> | Letni oder Gledali\u0161ke in koncertne dvorane Lendava<img loading=\"lazy\" decoding=\"async\" class=\"alignright\" title=\"Brezpla\u010dna prireditev\" src=\"https:\/\/www1.kkl.si\/wp-content\/uploads\/2020\/07\/spored_simb_brezplacna-1.svg\" alt=\"brezplacna\" width=\"30\" height=\"30\" \/><br \/>\n<i class=\"fas fa-chevron-circle-right\"><\/i><strong> ve\u010der z legendami kubanske glasbe<\/strong> <br \/>\nVstop je prost.<br \/>\nOrganizator: Audio video dru\u0161tvo &#8211; Audio video Egyes\u00fclete, Peter O\u0161laj<\/div>\n<p><a href=\"https:\/\/www1.kkl.si\/wp-content\/uploads\/2025\/07\/EuroCubans_Dobran_Laznik_19_SG_web.jpg\" data-lbwps-width=\"2500\" data-lbwps-height=\"1666\" data-lbwps-srcsmall=\"https:\/\/www1.kkl.si\/wp-content\/uploads\/2025\/07\/EuroCubans_Dobran_Laznik_19_SG_web-400x267.jpg\"><img loading=\"lazy\" decoding=\"async\" class=\"alignnone size-large wp-image-22482\" src=\"https:\/\/www1.kkl.si\/wp-content\/uploads\/2025\/07\/EuroCubans_Dobran_Laznik_19_SG_web-1500x1000.jpg\" alt=\"\" width=\"1500\" height=\"1000\" srcset=\"https:\/\/www1.kkl.si\/wp-content\/uploads\/2025\/07\/EuroCubans_Dobran_Laznik_19_SG_web-1500x1000.jpg 1500w, https:\/\/www1.kkl.si\/wp-content\/uploads\/2025\/07\/EuroCubans_Dobran_Laznik_19_SG_web-400x267.jpg 400w\" sizes=\"auto, (max-width: 1500px) 100vw, 1500px\" \/><\/a><\/p>\n<p><span style=\"font-size: 10pt;\">EuroCubans (Foto: Dobran Laznik)<\/span><\/p>\n<hr \/>\n<p><span style=\"font-size: 18pt;\">Do\u017eivite nepozaben ve\u010der ob energi\u010dni kubanski glasbi s kubansko-slovenskim orkestrom EuroCubans, ki vam bo ve\u010der popestril z nalezljivimi plesnimi ritmi!<\/span><\/p>\n<p>&nbsp;<\/p>\n<p>Glasbena skupina EuroCubans, ki jo sestavlja\u00a0trinajst vrhunskih kubanskih in evropskih glasbenikov, je nastala na pobudo slovenskega tolkalca\u00a0<strong>\u010crta P\u0161eni\u010dnika\u00a0<\/strong>in grammyevega nagrajenca ter osrednje osebnosti kubanske glasbe \u2013\u00a0<strong>Juana de Marcosa Gonza\u0301leza<\/strong>.<\/p>\n<p>Kubanski vodja skupine, aranz\u030cer, glasbenik in igralec, je najbolj znan po svojem delu z\u00a0<strong>Buena Vista Social Club<\/strong>\u00a0ter\u00a0<strong>Afro Cuban All Stars<\/strong>, poznamo pa ga tudi iz animiranega filma \u00bbVivo\u00ab (Sony Pictures, 2021), in sicer kot glas Andre\u0301sa, lastnika Viva.<\/p>\n<p>Gonza\u0301lezova sodelovanja s\u00a0\u0161tevilnimi uglednimi glasbeniki so vidno prispevala k popularizaciji kubanske glasbe po vsem svetu, s sve\u017eo zasedbo Eurocubans pa svetovljanski duh Havane \u0161irijo tudi po evropskih odrih.<\/p>\n<p>Skupino sestavljajo zvene\u010da imena jazza in latinske popularne glasbe: trobenta\u010d\u00a0<strong>Juan Mungu\u00eda<\/strong>\u00a0(Irakere, Dizzy Gillespie &amp; United Nations Band, Paquito D\u2019Riviera, Celia Cruz), basist<strong>\u00a0Dany Noel\u00a0<\/strong>(Roy Hargrove, Chucho Vald\u00e9s, Jos\u00e9 Alberto \u201cEl Canario\u201d, Alfredo De La Fe, The New York Salsa All Star, Celia Cruz, Paquito D\u2019Rivera), tolkalec\u00a0<strong>Pepe Espinosa<\/strong>\u00a0(Conjunto Saratoga, B.B. King, Afro Cuban All Stars, Arturo Sandoval, Jari Sillanpaa) in pianist\u00a0<strong>David Alfaro<\/strong>\u00a0(Afro Cuban All Star, La Banda JB de Joaquin Betancourt).<\/p>\n<p>EuroCubans ponujajo \u010dudovito medkulturno izku\u0161njo ter enkraten vpogled v zgodovino in sodobnost kubanske glasbe, obenem pa ob\u010dinstvo navdu\u0161ujejo z energi\u010dnim nastopom in nalezljivimi plesnimi ritmi, ki nikogar ne pustijo ravnodu\u0161nega.<\/p>\n<hr \/>\n<p>EuroCubans:<\/p>\n<p><strong>\u010crtomir P\u0161eni\u010dnik<\/strong>, tolkala<br \/>\n<strong>B\u00e1rbaro Crespo<\/strong>, tolkala<br \/>\n<strong>Pepe Espinosa<\/strong>, timbale<br \/>\n<strong>Evelio Gal\u00e1n<\/strong>, vokal<br \/>\n<strong>Juan Carlos Hechavarr\u00eda<\/strong>, vokal<br \/>\n<strong>Jos\u00e9 Pepito G\u00f3mez<\/strong>, vokal<br \/>\n<strong>Dany Noel<\/strong>, bas<br \/>\n<strong>David Alfaro<\/strong>, kitara<br \/>\n<strong>Juan Mungu\u00eda<\/strong>, trobenta<br \/>\n<strong>Raudel Marzal Torres<\/strong>, trobenta<br \/>\n<strong>Andrej \u0160trekelj<\/strong>, trobenta<br \/>\n<strong>Andr\u00e9s Fern\u00e1ndez Ordo\u00f1ez<\/strong>, pozavna<br \/>\n<strong>Denis Beganovi\u0107<\/strong>, pozavna<\/p>\n<hr \/>\n<p><span style=\"font-size: 18pt;\"><i class=\"fas fa-play-circle\"><\/i> VIDEO<\/span><\/p>\n<p>EUROCUBANS &#8211; promo<\/p>\n<p><iframe loading=\"lazy\" src=\"\/\/www.youtube.com\/embed\/SxFJta-PgpI\" width=\"560\" height=\"314\" allowfullscreen=\"allowfullscreen\"><\/iframe><\/p>\n<p>EUROCUBANS &#8211; Huellas del pasado<\/p>\n<p><iframe loading=\"lazy\" src=\"\/\/www.youtube.com\/embed\/EdwH4BGPb5o\" width=\"560\" height=\"314\" allowfullscreen=\"allowfullscreen\"><\/iframe><\/p>\n<p>EUROCUBANS &#8211; Cienfuegos Tiene Su Guaguanc\u00f3<\/p>\n<p><iframe loading=\"lazy\" src=\"\/\/www.youtube.com\/embed\/6uain8lwJxc\" width=\"560\" height=\"314\" allowfullscreen=\"allowfullscreen\"><\/iframe><\/p>\n<p>EUROCUBANS &#8211; Dos Gardenias<\/p>\n<p><iframe loading=\"lazy\" src=\"\/\/www.youtube.com\/embed\/cliAUGKusNU\" width=\"560\" height=\"314\" allowfullscreen=\"allowfullscreen\"><\/iframe><\/p>\n<p>EUROCUBANS-Reconciliacion<\/p>\n<p><iframe loading=\"lazy\" src=\"\/\/www.youtube.com\/embed\/LXby_mStBh0\" width=\"560\" height=\"314\" allowfullscreen=\"allowfullscreen\"><\/iframe><\/p>\n<p><i class=\"fab fa-facebook\"><\/i> <a href=\"https:\/\/www.facebook.com\/EuroCubans\/\">https:\/\/www.facebook.com\/EuroCubans\/<\/a><\/p>\n","protected":false},"excerpt":{"rendered":"<p>Torek, 15. julij 2025, ob 20.00 | Letni oder Gledali\u0161ke in koncertne dvorane Lendava ve\u010der z legendami kubanske glasbe Vstop je prost. Organizator: Audio video dru\u0161tvo &#8211; Audio video Egyes\u00fclete, Peter O\u0161laj EuroCubans (Foto: Dobran Laznik) Do\u017eivite nepozaben ve\u010der ob energi\u010dni kubanski glasbi s kubansko-slovenskim orkestrom EuroCubans, ki vam bo ve\u010der popestril z nalezljivimi plesnimi [&hellip;]<\/p>\n","protected":false},"author":2,"featured_media":22482,"parent":0,"menu_order":0,"comment_status":"closed","ping_status":"closed","template":"","meta":{"footnotes":""},"class_list":["post-22458","page","type-page","status-publish","has-post-thumbnail","hentry","post","post-with-thumbnail","post-with-thumbnail-icon"],"_links":{"self":[{"href":"https:\/\/www1.kkl.si\/sl\/wp-json\/wp\/v2\/pages\/22458","targetHints":{"allow":["GET"]}}],"collection":[{"href":"https:\/\/www1.kkl.si\/sl\/wp-json\/wp\/v2\/pages"}],"about":[{"href":"https:\/\/www1.kkl.si\/sl\/wp-json\/wp\/v2\/types\/page"}],"author":[{"embeddable":true,"href":"https:\/\/www1.kkl.si\/sl\/wp-json\/wp\/v2\/users\/2"}],"replies":[{"embeddable":true,"href":"https:\/\/www1.kkl.si\/sl\/wp-json\/wp\/v2\/comments?post=22458"}],"version-history":[{"count":10,"href":"https:\/\/www1.kkl.si\/sl\/wp-json\/wp\/v2\/pages\/22458\/revisions"}],"predecessor-version":[{"id":22506,"href":"https:\/\/www1.kkl.si\/sl\/wp-json\/wp\/v2\/pages\/22458\/revisions\/22506"}],"wp:featuredmedia":[{"embeddable":true,"href":"https:\/\/www1.kkl.si\/sl\/wp-json\/wp\/v2\/media\/22482"}],"wp:attachment":[{"href":"https:\/\/www1.kkl.si\/sl\/wp-json\/wp\/v2\/media?parent=22458"}],"curies":[{"name":"wp","href":"https:\/\/api.w.org\/{rel}","templated":true}]}}