{"id":22516,"date":"2025-07-20T17:14:54","date_gmt":"2025-07-20T15:14:54","guid":{"rendered":"https:\/\/www1.kkl.si\/?page_id=22516"},"modified":"2025-07-21T08:36:32","modified_gmt":"2025-07-21T06:36:32","slug":"teatrilo-pozoriste-i-skola-glume-srbija-svet","status":"publish","type":"page","link":"https:\/\/www1.kkl.si\/sl\/teatrilo-pozoriste-i-skola-glume-srbija-svet\/","title":{"rendered":"Teatrilo \u2013 Pozori\u0161te i \u0161kola glume (Srbija): Svet"},"content":{"rendered":"<p>POLETNI PROGRAM 2025<br \/>\nPOLETNI LUTKOVNI PRISTAN LENDAVA 2025 \u2013 Mednarodni lutkovni festival<\/p>\n<div class=\"opis\"><i class=\"fas fa-clock\"><\/i> <strong>Sobota, 9. avgust 2025, ob 18.30<\/strong> | Letni oder Gledali\u0161ke in koncertne dvorane Lendava<img loading=\"lazy\" decoding=\"async\" class=\"alignright\" title=\"Brezpla\u010dna prireditev\" src=\"https:\/\/www1.kkl.si\/wp-content\/uploads\/2020\/07\/spored_simb_brezplacna-1.svg\" alt=\"brezplacna\" width=\"30\" height=\"30\" \/><br \/>\n<i class=\"fas fa-chevron-circle-right\"><\/i><strong> otro\u0161ka predstava <span class=\"starost\">3+<\/span><\/strong> <br \/>\nVstop je prost.<br \/>\nOrganizator: <a href=\"https:\/\/www.kkl.si\/\">Knji\u017enica \u2013 Kulturni center Lendava \u2013 Lendvai K\u00f6nyvt\u00e1r \u00e9s Kultur\u00e1lis K\u00f6zpont<\/a><br \/>\nSoorganizator:\u00a0<a href=\"https:\/\/www.facebook.com\/p\/KTD-Novi-Sad-Lendava-100038549532698\/\">Kulturno in turisti\u010dno dru\u0161tvo Novi Sad Lendava \u2013 Kultur\u00e1lis \u00e9s Turisztikai Egyes\u00fclet Novi Sad Lendava<\/a><\/div>\n<p><a href=\"https:\/\/www1.kkl.si\/wp-content\/uploads\/2025\/07\/svet.jpg\" data-lbwps-width=\"1080\" data-lbwps-height=\"1080\" data-lbwps-srcsmall=\"https:\/\/www1.kkl.si\/wp-content\/uploads\/2025\/07\/svet-400x400.jpg\"><img loading=\"lazy\" decoding=\"async\" class=\"alignnone size-large wp-image-22517\" src=\"https:\/\/www1.kkl.si\/wp-content\/uploads\/2025\/07\/svet-1080x1080.jpg\" alt=\"\" width=\"1080\" height=\"1080\" srcset=\"https:\/\/www1.kkl.si\/wp-content\/uploads\/2025\/07\/svet.jpg 1080w, https:\/\/www1.kkl.si\/wp-content\/uploads\/2025\/07\/svet-150x150.jpg 150w, https:\/\/www1.kkl.si\/wp-content\/uploads\/2025\/07\/svet-400x400.jpg 400w\" sizes=\"auto, (max-width: 1080px) 100vw, 1080px\" \/><\/a><\/p>\n<p>Predstava \u00bbSvet\u00ab Branislava Nu\u0161i\u0107a v izvedbi otrok iz srednje starostne skupine igralske \u0161ole Teatrilo iz Novega Sada iz Srbije.<\/p>\n<p>\u00bbSvet\u00ab Branislava Nu\u0161i\u0107a je komedija, napisana v za\u010detku 20. stoletja. Igra obravnava \u017eivljenje upokojenega uradnika Toma Milentijevi\u0107a, njegove dru\u017eine ter njihove odnose s prijatelji in znanci, ko se prilagajajo dru\u017ebenim pri\u010dakovanjem, ki jih obkro\u017eajo. V ospredju so humorni absurdi, s katerimi se sre\u010dujeta Toma in njegova dru\u017eina, ko se prebijata skozi vsakdanje, rutinsko \u017eivljenje in se soo\u010data z dru\u017ebenimi normami, zlasti glede mo\u017enosti poroke njune h\u010derke Nade. Vsebina je prilagojena otrokom.<\/p>\n<p>Dramska pedagoginja je Katarina Bradonji\u0107.<\/p>\n<p>Trajanje: 40 min<\/p>\n<hr \/>\n<p>Vse prireditve so brezpla\u010dne.<br \/>\nPridr\u017eujemo si pravico do spremembe programa.<\/p>\n<p><a href=\"https:\/\/www1.kkl.si\/wp-content\/uploads\/2025\/07\/plakat_B1_GKD_poletni_program_2025.jpg\" data-lbwps-width=\"2100\" data-lbwps-height=\"3000\" data-lbwps-srcsmall=\"https:\/\/www1.kkl.si\/wp-content\/uploads\/2025\/07\/plakat_B1_GKD_poletni_program_2025.jpg\"><img loading=\"lazy\" decoding=\"async\" class=\"slika alignnone wp-image-22510 size-large\" src=\"https:\/\/www1.kkl.si\/wp-content\/uploads\/2025\/07\/plakat_B1_GKD_poletni_program_2025-scaled-1050x1500.jpg\" alt=\"\" width=\"1050\" height=\"1500\" srcset=\"https:\/\/www1.kkl.si\/wp-content\/uploads\/2025\/07\/plakat_B1_GKD_poletni_program_2025-scaled-1050x1500.jpg 1050w, https:\/\/www1.kkl.si\/wp-content\/uploads\/2025\/07\/plakat_B1_GKD_poletni_program_2025-scaled-280x400.jpg 280w, https:\/\/www1.kkl.si\/wp-content\/uploads\/2025\/07\/plakat_B1_GKD_poletni_program_2025-scaled.jpg 1792w\" sizes=\"auto, (max-width: 1050px) 100vw, 1050px\" \/><\/a><\/p>\n","protected":false},"excerpt":{"rendered":"<p>POLETNI PROGRAM 2025 POLETNI LUTKOVNI PRISTAN LENDAVA 2025 \u2013 Mednarodni lutkovni festival Sobota, 9. avgust 2025, ob 18.30 | Letni oder Gledali\u0161ke in koncertne dvorane Lendava otro\u0161ka predstava 3+ Vstop je prost. Organizator: Knji\u017enica \u2013 Kulturni center Lendava \u2013 Lendvai K\u00f6nyvt\u00e1r \u00e9s Kultur\u00e1lis K\u00f6zpont Soorganizator:\u00a0Kulturno in turisti\u010dno dru\u0161tvo Novi Sad Lendava \u2013 Kultur\u00e1lis \u00e9s Turisztikai [&hellip;]<\/p>\n","protected":false},"author":2,"featured_media":22517,"parent":0,"menu_order":0,"comment_status":"closed","ping_status":"closed","template":"","meta":{"footnotes":""},"class_list":["post-22516","page","type-page","status-publish","has-post-thumbnail","hentry","post","post-with-thumbnail","post-with-thumbnail-icon"],"_links":{"self":[{"href":"https:\/\/www1.kkl.si\/sl\/wp-json\/wp\/v2\/pages\/22516","targetHints":{"allow":["GET"]}}],"collection":[{"href":"https:\/\/www1.kkl.si\/sl\/wp-json\/wp\/v2\/pages"}],"about":[{"href":"https:\/\/www1.kkl.si\/sl\/wp-json\/wp\/v2\/types\/page"}],"author":[{"embeddable":true,"href":"https:\/\/www1.kkl.si\/sl\/wp-json\/wp\/v2\/users\/2"}],"replies":[{"embeddable":true,"href":"https:\/\/www1.kkl.si\/sl\/wp-json\/wp\/v2\/comments?post=22516"}],"version-history":[{"count":4,"href":"https:\/\/www1.kkl.si\/sl\/wp-json\/wp\/v2\/pages\/22516\/revisions"}],"predecessor-version":[{"id":22551,"href":"https:\/\/www1.kkl.si\/sl\/wp-json\/wp\/v2\/pages\/22516\/revisions\/22551"}],"wp:featuredmedia":[{"embeddable":true,"href":"https:\/\/www1.kkl.si\/sl\/wp-json\/wp\/v2\/media\/22517"}],"wp:attachment":[{"href":"https:\/\/www1.kkl.si\/sl\/wp-json\/wp\/v2\/media?parent=22516"}],"curies":[{"name":"wp","href":"https:\/\/api.w.org\/{rel}","templated":true}]}}