{"id":22550,"date":"2025-07-21T08:38:41","date_gmt":"2025-07-21T06:38:41","guid":{"rendered":"https:\/\/www1.kkl.si\/?page_id=22550"},"modified":"2025-07-21T08:39:58","modified_gmt":"2025-07-21T06:39:58","slug":"lutkovno-gledalisce-pupilla-slovenija-pu","status":"publish","type":"page","link":"https:\/\/www1.kkl.si\/sl\/lutkovno-gledalisce-pupilla-slovenija-pu\/","title":{"rendered":"Lutkovno gledali\u0161\u010de Pupilla (Slovenija): Pu"},"content":{"rendered":"<p>POLETNI PROGRAM 2025<br \/>\nPOLETNI LUTKOVNI PRISTAN LENDAVA 2025 \u2013 Mednarodni lutkovni festival<\/p>\n<div class=\"opis\"><i class=\"fas fa-clock\"><\/i> <strong>Nedelja, 10. avgust 2025, ob 18.30<\/strong> | Letni oder Gledali\u0161ke in koncertne dvorane Lendava<img loading=\"lazy\" decoding=\"async\" class=\"alignright\" title=\"Brezpla\u010dna prireditev\" src=\"https:\/\/www1.kkl.si\/wp-content\/uploads\/2020\/07\/spored_simb_brezplacna-1.svg\" alt=\"brezplacna\" width=\"30\" height=\"30\" \/><br \/>\n<i class=\"fas fa-chevron-circle-right\"><\/i><strong> otro\u0161ka predstava <span class=\"starost\">3+<\/span><\/strong> <br \/>\nVstop je prost.<br \/>\nOrganizator: <a href=\"https:\/\/www.kkl.si\/\">Knji\u017enica \u2013 Kulturni center Lendava \u2013 Lendvai K\u00f6nyvt\u00e1r \u00e9s Kultur\u00e1lis K\u00f6zpont<\/a><\/div>\n<p><a href=\"https:\/\/www1.kkl.si\/wp-content\/uploads\/2025\/07\/pupilla_pu.jpg\" data-lbwps-width=\"2363\" data-lbwps-height=\"1772\" data-lbwps-srcsmall=\"https:\/\/www1.kkl.si\/wp-content\/uploads\/2025\/07\/pupilla_pu-400x300.jpg\"><img loading=\"lazy\" decoding=\"async\" class=\"alignnone size-large wp-image-22556\" src=\"https:\/\/www1.kkl.si\/wp-content\/uploads\/2025\/07\/pupilla_pu-1500x1125.jpg\" alt=\"\" width=\"1500\" height=\"1125\" srcset=\"https:\/\/www1.kkl.si\/wp-content\/uploads\/2025\/07\/pupilla_pu-1500x1125.jpg 1500w, https:\/\/www1.kkl.si\/wp-content\/uploads\/2025\/07\/pupilla_pu-400x300.jpg 400w\" sizes=\"auto, (max-width: 1500px) 100vw, 1500px\" \/><\/a><\/p>\n<p>Pu je predstava o medvedku, o tistem, ki \u017eivi v stoletni hosti in ima najraje na svetu med. No in seveda svoje prijatelje, pujska, zajca in osla. Skupaj re\u0161ujejo uganke kot: kako preslepiti roj \u010debel, kako zvabiti v past slona, kako pogostiti zmerom la\u010dnega medvedka in katero darilo lahko razvedri velikega \u017ealostnega osla.<\/p>\n<p>Re\u017eija: Rita Bartal Kiss<br \/>\nGlasba: Viki Rab<br \/>\nLikovna podoba: Sabina \u0160inko<br \/>\nIgrata: Petra Kava\u0161 in Vitomir Vratari\u010d<br \/>\nLutkovni tehnolog: Milan Gal<\/p>\n<p>Trajanje: 40 min<\/p>\n<p><iframe loading=\"lazy\" title=\"PU\" width=\"720\" height=\"405\" src=\"https:\/\/www.youtube.com\/embed\/neffyXyvUYk?feature=oembed\" frameborder=\"0\" allow=\"accelerometer; autoplay; clipboard-write; encrypted-media; gyroscope; picture-in-picture; web-share\" referrerpolicy=\"strict-origin-when-cross-origin\" allowfullscreen><\/iframe><\/p>\n<hr \/>\n<p>Vse prireditve so brezpla\u010dne.<br \/>\nPridr\u017eujemo si pravico do spremembe programa.<\/p>\n<p><a href=\"https:\/\/www1.kkl.si\/wp-content\/uploads\/2025\/07\/plakat_B1_GKD_poletni_program_2025.jpg\" data-lbwps-width=\"2100\" data-lbwps-height=\"3000\" data-lbwps-srcsmall=\"https:\/\/www1.kkl.si\/wp-content\/uploads\/2025\/07\/plakat_B1_GKD_poletni_program_2025.jpg\"><img loading=\"lazy\" decoding=\"async\" class=\"slika alignnone wp-image-22510 size-large\" src=\"https:\/\/www1.kkl.si\/wp-content\/uploads\/2025\/07\/plakat_B1_GKD_poletni_program_2025-scaled-1050x1500.jpg\" alt=\"\" width=\"1050\" height=\"1500\" srcset=\"https:\/\/www1.kkl.si\/wp-content\/uploads\/2025\/07\/plakat_B1_GKD_poletni_program_2025-scaled-1050x1500.jpg 1050w, https:\/\/www1.kkl.si\/wp-content\/uploads\/2025\/07\/plakat_B1_GKD_poletni_program_2025-scaled-280x400.jpg 280w, https:\/\/www1.kkl.si\/wp-content\/uploads\/2025\/07\/plakat_B1_GKD_poletni_program_2025-scaled.jpg 1792w\" sizes=\"auto, (max-width: 1050px) 100vw, 1050px\" \/><\/a><\/p>\n","protected":false},"excerpt":{"rendered":"<p>POLETNI PROGRAM 2025 POLETNI LUTKOVNI PRISTAN LENDAVA 2025 \u2013 Mednarodni lutkovni festival Nedelja, 10. avgust 2025, ob 18.30 | Letni oder Gledali\u0161ke in koncertne dvorane Lendava otro\u0161ka predstava 3+ Vstop je prost. Organizator: Knji\u017enica \u2013 Kulturni center Lendava \u2013 Lendvai K\u00f6nyvt\u00e1r \u00e9s Kultur\u00e1lis K\u00f6zpont Pu je predstava o medvedku, o tistem, ki \u017eivi v stoletni [&hellip;]<\/p>\n","protected":false},"author":2,"featured_media":22510,"parent":0,"menu_order":0,"comment_status":"closed","ping_status":"closed","template":"","meta":{"footnotes":""},"class_list":["post-22550","page","type-page","status-publish","has-post-thumbnail","hentry","post","post-with-thumbnail","post-with-thumbnail-icon"],"_links":{"self":[{"href":"https:\/\/www1.kkl.si\/sl\/wp-json\/wp\/v2\/pages\/22550","targetHints":{"allow":["GET"]}}],"collection":[{"href":"https:\/\/www1.kkl.si\/sl\/wp-json\/wp\/v2\/pages"}],"about":[{"href":"https:\/\/www1.kkl.si\/sl\/wp-json\/wp\/v2\/types\/page"}],"author":[{"embeddable":true,"href":"https:\/\/www1.kkl.si\/sl\/wp-json\/wp\/v2\/users\/2"}],"replies":[{"embeddable":true,"href":"https:\/\/www1.kkl.si\/sl\/wp-json\/wp\/v2\/comments?post=22550"}],"version-history":[{"count":2,"href":"https:\/\/www1.kkl.si\/sl\/wp-json\/wp\/v2\/pages\/22550\/revisions"}],"predecessor-version":[{"id":22559,"href":"https:\/\/www1.kkl.si\/sl\/wp-json\/wp\/v2\/pages\/22550\/revisions\/22559"}],"wp:featuredmedia":[{"embeddable":true,"href":"https:\/\/www1.kkl.si\/sl\/wp-json\/wp\/v2\/media\/22510"}],"wp:attachment":[{"href":"https:\/\/www1.kkl.si\/sl\/wp-json\/wp\/v2\/media?parent=22550"}],"curies":[{"name":"wp","href":"https:\/\/api.w.org\/{rel}","templated":true}]}}