{"id":22565,"date":"2025-07-21T14:06:05","date_gmt":"2025-07-21T12:06:05","guid":{"rendered":"https:\/\/www1.kkl.si\/?page_id=22565"},"modified":"2025-07-21T14:19:00","modified_gmt":"2025-07-21T12:19:00","slug":"kazalisna-druzina-pinklec-hrvaska-umisljena-misica","status":"publish","type":"page","link":"https:\/\/www1.kkl.si\/sl\/kazalisna-druzina-pinklec-hrvaska-umisljena-misica\/","title":{"rendered":"Kazali\u0161na dru\u017eina Pinklec (Hrva\u0161ka): Umi\u0161ljena mi\u0161ica"},"content":{"rendered":"<p>POLETNI PROGRAM 2025<br \/>\nPOLETNI LUTKOVNI PRISTAN LENDAVA 2025 \u2013 Mednarodni lutkovni festival<\/p>\n<div class=\"opis\"><i class=\"fas fa-clock\"><\/i> <strong>Torek, 12. avgust 2025, ob 18.30<\/strong> | Letni oder Gledali\u0161ke in koncertne dvorane Lendava<img loading=\"lazy\" decoding=\"async\" class=\"alignright\" title=\"Brezpla\u010dna prireditev\" src=\"https:\/\/www1.kkl.si\/wp-content\/uploads\/2020\/07\/spored_simb_brezplacna-1.svg\" alt=\"brezplacna\" width=\"30\" height=\"30\" \/><br \/>\n<i class=\"fas fa-chevron-circle-right\"><\/i><strong> otro\u0161ka predstava v hrva\u0161kem jeziku <span class=\"starost\">3+<\/span><\/strong> <br \/>\nVstop je prost.<br \/>\nOrganizator: <a href=\"https:\/\/www.kkl.si\/\">Knji\u017enica \u2013 Kulturni center Lendava \u2013 Lendvai K\u00f6nyvt\u00e1r \u00e9s Kultur\u00e1lis K\u00f6zpont<\/a><\/div>\n<p><strong><a href=\"https:\/\/www1.kkl.si\/wp-content\/uploads\/2025\/07\/umisljena-misica-450x450-1.jpg\" data-lbwps-width=\"450\" data-lbwps-height=\"450\" data-lbwps-srcsmall=\"https:\/\/www1.kkl.si\/wp-content\/uploads\/2025\/07\/umisljena-misica-450x450-1-400x400.jpg\"><img loading=\"lazy\" decoding=\"async\" class=\"alignright size-large wp-image-22566\" src=\"https:\/\/www1.kkl.si\/wp-content\/uploads\/2025\/07\/umisljena-misica-450x450-1-450x450.jpg\" alt=\"\" width=\"450\" height=\"450\" srcset=\"https:\/\/www1.kkl.si\/wp-content\/uploads\/2025\/07\/umisljena-misica-450x450-1.jpg 450w, https:\/\/www1.kkl.si\/wp-content\/uploads\/2025\/07\/umisljena-misica-450x450-1-150x150.jpg 150w, https:\/\/www1.kkl.si\/wp-content\/uploads\/2025\/07\/umisljena-misica-450x450-1-400x400.jpg 400w\" sizes=\"auto, (max-width: 450px) 100vw, 450px\" \/><\/a>Hrvatski\/hrva\u0161ki opis:<\/strong><\/p>\n<p>Florinda je jedna obi\u010dna mi\u0161ica koja tijekom jutarnje \u0161etnje na putu prona\u0111e golemi zlatnik. Ne promisli ni dva puta, ve\u0107 ode u trgovinu i za njega kupi nekoliko haljina, \u0161e\u0161ira i vrpci raznih boja. Kada tako lijepa i elegantna pro\u0111e ulicom, zapazi je \u0161ansonijer Paolo Patak koji bi je odmah uzeo za \u017eenu. Ali ona ne \u017eeli postati njegova \u017eena jer \u0107e po on cijele no\u0107i pjevati zbog \u010dega ne\u0107e mo\u0107i spavati. A njoj je san potreban da se odmori i tako svoju ljepotu obnovi.<\/p>\n<p>Florinda ne prihvati ni bra\u010dnu ponudu Silvija Svinje. \u0160to drugo da radi kad bi on u braku po cijele no\u0107i ne\u0161to grickao i ne\u010dim \u0161u\u0161tao i tako joj san ometao?! Mario Mi\u0161 je njezin susjed koji joj neprestano ljubav izjavljuje, ali uzalud jer jer je u njenim o\u010dima bez ugleda i slab i ona svaki dan odbija njegovu ponudu za brak. Ona bi radije nekog sna\u017enijeg i ve\u0107eg, kao na primjer kulerskog Mate Ma\u010dka koji joj obe\u0107a da po no\u0107i ne\u0107e ni\u0161ta raditi, samo mirno spavati. Pritom joj pre\u0161uti da \u0107e je prvom prilikom napasti i pojesti.<\/p>\n<p>Sre\u0107om, pa se Florindinu pozivu u pomo\u0107 odazove Mario Mi\u0161 i metlom mlatne gladnog Mate Ma\u010dka. Tako spasi svoju voljenu i napokon osvoji njezino srce.<\/p>\n<p><em>Mateja Posedi, autorica teksta i dramaturginja<\/em><\/p>\n<p>&nbsp;<\/p>\n<p><strong>Slovenski opis:<\/strong><\/p>\n<p>Florinda je navadna mi\u0161ka, ki med jutranjim sprehodom na poti najde velik zlatnik. Ne premisli dvakrat, ampak odide v trgovino in si zanj kupi nekaj oblek, klobukov in pisanih trakov. Ko tako lepa in elegantna hodi po ulici, jo opazi \u0161ansonjer Pavel Raca, ki bi jo takoj vzel za \u017eeno. A ona no\u010de postati njegova \u017eena, saj bo on pono\u010di ves \u010das prepeval, zaradi \u010desar ne bo mogla spati. Sanje pa potrebuje, da se spo\u010dije in obnovi svojo lepoto.<\/p>\n<p>Florinda ne sprejme niti \u017eenitne ponudbe pra\u0161i\u010da Silvija. Kaj pa naj, ko bi on v zakonu pono\u010di ves \u010das nekaj glodal in \u0161u\u0161ljal ter ji s tem motil spanec?! Mario Mi\u0161 je njen sosed, ki ji nenehno izkazuje ljubezen, a zaman, saj je v njenih o\u010deh brez ugleda in \u0161ibak, zato vsak dan zavrne njegovo snubitev. Raj\u0161i bi imela koga mo\u010dnej\u0161ega in ve\u010djega, na primer frajerskega Mateja Ma\u010dka, ki ji obljubi, da pono\u010di ne bo ni\u010d po\u010del, le mirno spal. A zamol\u010di, da jo bo ob prvi prilo\u017enosti napadel in pojedel.<\/p>\n<p>Na sre\u010do se Florindinemu klicu na pomo\u010d odzove Mario Mi\u0161 in z metlo udari la\u010dnega Mateja Ma\u010dka. Tako re\u0161i svojo ljubljeno in ji kon\u010dno osvoji srce.<\/p>\n<p><em>Mateja Posedi, avtorica besedila in dramaturginja<\/em><\/p>\n<p><iframe loading=\"lazy\" title=\"Umi\u0161ljena mi\u0161ica TRAILER\" width=\"720\" height=\"405\" src=\"https:\/\/www.youtube.com\/embed\/j60pacEXD94?feature=oembed\" frameborder=\"0\" allow=\"accelerometer; autoplay; clipboard-write; encrypted-media; gyroscope; picture-in-picture; web-share\" referrerpolicy=\"strict-origin-when-cross-origin\" allowfullscreen><\/iframe><\/p>\n<p>Re\u017eiser: Romano Bogdan<br \/>\nIgrajo: Ena Jagec, Aleksandar Filo, Mario Jak\u0161i\u0107, Neven Mato\u0161a<\/p>\n<p>Trajanje: 40 min<\/p>\n<p><i class=\"fas fa-link\"><\/i> <a href=\"https:\/\/kdpinklec.com\/umisljena-misica-2025\/\">https:\/\/kdpinklec.com\/umisljena-misica-2025\/<\/a><\/p>\n<hr \/>\n\n\t\t<style type=\"text\/css\">\n\t\t\t#gallery-1 {\n\t\t\t\tmargin: auto;\n\t\t\t}\n\t\t\t#gallery-1 .gallery-item {\n\t\t\t\tfloat: left;\n\t\t\t\tmargin-top: 10px;\n\t\t\t\ttext-align: center;\n\t\t\t\twidth: 16%;\n\t\t\t}\n\t\t\t#gallery-1 img {\n\t\t\t\tborder: 2px solid #cfcfcf;\n\t\t\t}\n\t\t\t#gallery-1 .gallery-caption {\n\t\t\t\tmargin-left: 0;\n\t\t\t}\n\t\t\t\/* see gallery_shortcode() in wp-includes\/media.php *\/\n\t\t<\/style>\n\t\t<div id='gallery-1' class='gallery galleryid-22565 gallery-columns-6 gallery-size-thumbnail'><dl class='gallery-item'>\n\t\t\t<dt class='gallery-icon landscape'>\n\t\t\t\t<a href='https:\/\/www1.kkl.si\/wp-content\/uploads\/2025\/07\/UmisljenaMisica-2-1024x683-1.jpg'><img loading=\"lazy\" decoding=\"async\" width=\"150\" height=\"150\" src=\"https:\/\/www1.kkl.si\/wp-content\/uploads\/2025\/07\/UmisljenaMisica-2-1024x683-1-150x150.jpg\" class=\"attachment-thumbnail size-thumbnail\" alt=\"\" \/><\/a>\n\t\t\t<\/dt><\/dl><dl class='gallery-item'>\n\t\t\t<dt class='gallery-icon landscape'>\n\t\t\t\t<a href='https:\/\/www1.kkl.si\/wp-content\/uploads\/2025\/07\/UmisljenaMisica-4-1024x683-1.jpg'><img loading=\"lazy\" decoding=\"async\" width=\"150\" height=\"150\" src=\"https:\/\/www1.kkl.si\/wp-content\/uploads\/2025\/07\/UmisljenaMisica-4-1024x683-1-150x150.jpg\" class=\"attachment-thumbnail size-thumbnail\" alt=\"\" \/><\/a>\n\t\t\t<\/dt><\/dl><dl class='gallery-item'>\n\t\t\t<dt class='gallery-icon landscape'>\n\t\t\t\t<a href='https:\/\/www1.kkl.si\/wp-content\/uploads\/2025\/07\/UmisljenaMisica-9-1024x683-1.jpg'><img loading=\"lazy\" decoding=\"async\" width=\"150\" height=\"150\" src=\"https:\/\/www1.kkl.si\/wp-content\/uploads\/2025\/07\/UmisljenaMisica-9-1024x683-1-150x150.jpg\" class=\"attachment-thumbnail size-thumbnail\" alt=\"\" \/><\/a>\n\t\t\t<\/dt><\/dl><dl class='gallery-item'>\n\t\t\t<dt class='gallery-icon landscape'>\n\t\t\t\t<a href='https:\/\/www1.kkl.si\/wp-content\/uploads\/2025\/07\/UmisljenaMisica-12-1024x683-1.jpg'><img loading=\"lazy\" decoding=\"async\" width=\"150\" height=\"150\" src=\"https:\/\/www1.kkl.si\/wp-content\/uploads\/2025\/07\/UmisljenaMisica-12-1024x683-1-150x150.jpg\" class=\"attachment-thumbnail size-thumbnail\" alt=\"\" \/><\/a>\n\t\t\t<\/dt><\/dl><dl class='gallery-item'>\n\t\t\t<dt class='gallery-icon landscape'>\n\t\t\t\t<a href='https:\/\/www1.kkl.si\/wp-content\/uploads\/2025\/07\/UmisljenaMisica-14-1024x683-1.jpg'><img loading=\"lazy\" decoding=\"async\" width=\"150\" height=\"150\" src=\"https:\/\/www1.kkl.si\/wp-content\/uploads\/2025\/07\/UmisljenaMisica-14-1024x683-1-150x150.jpg\" class=\"attachment-thumbnail size-thumbnail\" alt=\"\" \/><\/a>\n\t\t\t<\/dt><\/dl><dl class='gallery-item'>\n\t\t\t<dt class='gallery-icon landscape'>\n\t\t\t\t<a href='https:\/\/www1.kkl.si\/wp-content\/uploads\/2025\/07\/UmisljenaMisica-21-1024x683-1.jpg'><img loading=\"lazy\" decoding=\"async\" width=\"150\" height=\"150\" src=\"https:\/\/www1.kkl.si\/wp-content\/uploads\/2025\/07\/UmisljenaMisica-21-1024x683-1-150x150.jpg\" class=\"attachment-thumbnail size-thumbnail\" alt=\"\" \/><\/a>\n\t\t\t<\/dt><\/dl><br style=\"clear: both\" \/><dl class='gallery-item'>\n\t\t\t<dt class='gallery-icon landscape'>\n\t\t\t\t<a href='https:\/\/www1.kkl.si\/wp-content\/uploads\/2025\/07\/UmisljenaMisica-22-1024x683-1.jpg'><img loading=\"lazy\" decoding=\"async\" width=\"150\" height=\"150\" src=\"https:\/\/www1.kkl.si\/wp-content\/uploads\/2025\/07\/UmisljenaMisica-22-1024x683-1-150x150.jpg\" class=\"attachment-thumbnail size-thumbnail\" alt=\"\" \/><\/a>\n\t\t\t<\/dt><\/dl><dl class='gallery-item'>\n\t\t\t<dt class='gallery-icon landscape'>\n\t\t\t\t<a href='https:\/\/www1.kkl.si\/wp-content\/uploads\/2025\/07\/UmisljenaMisica-33-1024x683-1.jpg'><img loading=\"lazy\" decoding=\"async\" width=\"150\" height=\"150\" src=\"https:\/\/www1.kkl.si\/wp-content\/uploads\/2025\/07\/UmisljenaMisica-33-1024x683-1-150x150.jpg\" class=\"attachment-thumbnail size-thumbnail\" alt=\"\" \/><\/a>\n\t\t\t<\/dt><\/dl><dl class='gallery-item'>\n\t\t\t<dt class='gallery-icon landscape'>\n\t\t\t\t<a href='https:\/\/www1.kkl.si\/wp-content\/uploads\/2025\/07\/UmisljenaMisica-35-1024x683-1.jpg'><img loading=\"lazy\" decoding=\"async\" width=\"150\" height=\"150\" src=\"https:\/\/www1.kkl.si\/wp-content\/uploads\/2025\/07\/UmisljenaMisica-35-1024x683-1-150x150.jpg\" class=\"attachment-thumbnail size-thumbnail\" alt=\"\" \/><\/a>\n\t\t\t<\/dt><\/dl><dl class='gallery-item'>\n\t\t\t<dt class='gallery-icon landscape'>\n\t\t\t\t<a href='https:\/\/www1.kkl.si\/wp-content\/uploads\/2025\/07\/UmisljenaMisica-42-1024x683-1.jpg'><img loading=\"lazy\" decoding=\"async\" width=\"150\" height=\"150\" src=\"https:\/\/www1.kkl.si\/wp-content\/uploads\/2025\/07\/UmisljenaMisica-42-1024x683-1-150x150.jpg\" class=\"attachment-thumbnail size-thumbnail\" alt=\"\" \/><\/a>\n\t\t\t<\/dt><\/dl><dl class='gallery-item'>\n\t\t\t<dt class='gallery-icon landscape'>\n\t\t\t\t<a href='https:\/\/www1.kkl.si\/wp-content\/uploads\/2025\/07\/UmisljenaMisica-47-1024x683-1.jpg'><img loading=\"lazy\" decoding=\"async\" width=\"150\" height=\"150\" src=\"https:\/\/www1.kkl.si\/wp-content\/uploads\/2025\/07\/UmisljenaMisica-47-1024x683-1-150x150.jpg\" class=\"attachment-thumbnail size-thumbnail\" alt=\"\" \/><\/a>\n\t\t\t<\/dt><\/dl><dl class='gallery-item'>\n\t\t\t<dt class='gallery-icon landscape'>\n\t\t\t\t<a href='https:\/\/www1.kkl.si\/wp-content\/uploads\/2025\/07\/UmisljenaMisica-62-1024x683-1.jpg'><img loading=\"lazy\" decoding=\"async\" width=\"150\" height=\"150\" src=\"https:\/\/www1.kkl.si\/wp-content\/uploads\/2025\/07\/UmisljenaMisica-62-1024x683-1-150x150.jpg\" class=\"attachment-thumbnail size-thumbnail\" alt=\"\" \/><\/a>\n\t\t\t<\/dt><\/dl><br style=\"clear: both\" \/>\n\t\t<\/div>\n\n<hr \/>\n<p>Vse prireditve so brezpla\u010dne.<br \/>\nPridr\u017eujemo si pravico do spremembe programa.<\/p>\n<p><a href=\"https:\/\/www1.kkl.si\/wp-content\/uploads\/2025\/07\/plakat_B1_GKD_poletni_program_2025.jpg\" data-lbwps-width=\"2100\" data-lbwps-height=\"3000\" data-lbwps-srcsmall=\"https:\/\/www1.kkl.si\/wp-content\/uploads\/2025\/07\/plakat_B1_GKD_poletni_program_2025.jpg\"><img loading=\"lazy\" decoding=\"async\" class=\"slika alignnone wp-image-22510 size-large\" src=\"https:\/\/www1.kkl.si\/wp-content\/uploads\/2025\/07\/plakat_B1_GKD_poletni_program_2025-scaled-1050x1500.jpg\" alt=\"\" width=\"1050\" height=\"1500\" srcset=\"https:\/\/www1.kkl.si\/wp-content\/uploads\/2025\/07\/plakat_B1_GKD_poletni_program_2025-scaled-1050x1500.jpg 1050w, https:\/\/www1.kkl.si\/wp-content\/uploads\/2025\/07\/plakat_B1_GKD_poletni_program_2025-scaled-280x400.jpg 280w, https:\/\/www1.kkl.si\/wp-content\/uploads\/2025\/07\/plakat_B1_GKD_poletni_program_2025-scaled.jpg 1792w\" sizes=\"auto, (max-width: 1050px) 100vw, 1050px\" \/><\/a><\/p>\n","protected":false},"excerpt":{"rendered":"<p>POLETNI PROGRAM 2025 POLETNI LUTKOVNI PRISTAN LENDAVA 2025 \u2013 Mednarodni lutkovni festival Torek, 12. avgust 2025, ob 18.30 | Letni oder Gledali\u0161ke in koncertne dvorane Lendava otro\u0161ka predstava v hrva\u0161kem jeziku 3+ Vstop je prost. Organizator: Knji\u017enica \u2013 Kulturni center Lendava \u2013 Lendvai K\u00f6nyvt\u00e1r \u00e9s Kultur\u00e1lis K\u00f6zpont Hrvatski\/hrva\u0161ki opis: Florinda je jedna obi\u010dna mi\u0161ica koja [&hellip;]<\/p>\n","protected":false},"author":2,"featured_media":22510,"parent":0,"menu_order":0,"comment_status":"closed","ping_status":"closed","template":"","meta":{"footnotes":""},"class_list":["post-22565","page","type-page","status-publish","has-post-thumbnail","hentry","post","post-with-thumbnail","post-with-thumbnail-icon"],"_links":{"self":[{"href":"https:\/\/www1.kkl.si\/sl\/wp-json\/wp\/v2\/pages\/22565","targetHints":{"allow":["GET"]}}],"collection":[{"href":"https:\/\/www1.kkl.si\/sl\/wp-json\/wp\/v2\/pages"}],"about":[{"href":"https:\/\/www1.kkl.si\/sl\/wp-json\/wp\/v2\/types\/page"}],"author":[{"embeddable":true,"href":"https:\/\/www1.kkl.si\/sl\/wp-json\/wp\/v2\/users\/2"}],"replies":[{"embeddable":true,"href":"https:\/\/www1.kkl.si\/sl\/wp-json\/wp\/v2\/comments?post=22565"}],"version-history":[{"count":6,"href":"https:\/\/www1.kkl.si\/sl\/wp-json\/wp\/v2\/pages\/22565\/revisions"}],"predecessor-version":[{"id":22617,"href":"https:\/\/www1.kkl.si\/sl\/wp-json\/wp\/v2\/pages\/22565\/revisions\/22617"}],"wp:featuredmedia":[{"embeddable":true,"href":"https:\/\/www1.kkl.si\/sl\/wp-json\/wp\/v2\/media\/22510"}],"wp:attachment":[{"href":"https:\/\/www1.kkl.si\/sl\/wp-json\/wp\/v2\/media?parent=22565"}],"curies":[{"name":"wp","href":"https:\/\/api.w.org\/{rel}","templated":true}]}}