{"id":23623,"date":"2025-09-21T18:29:05","date_gmt":"2025-09-21T16:29:05","guid":{"rendered":"https:\/\/www1.kkl.si\/?page_id=23623"},"modified":"2025-09-21T18:31:26","modified_gmt":"2025-09-21T16:31:26","slug":"spas-teater-alfa-samski","status":"publish","type":"page","link":"https:\/\/www1.kkl.si\/sl\/spas-teater-alfa-samski\/","title":{"rendered":"\u0160pas Teater: Alfa samski"},"content":{"rendered":"<div class=\"opis\"><i class=\"fas fa-clock\"><\/i> <strong>\u010detrtek, 16. oktober 2025, 19.00<\/strong>\u00a0| Gledali\u0161ka in koncertna dvorana Lendava<img loading=\"lazy\" decoding=\"async\" class=\"alignright\" title=\"Pla\u010dljiva prireditev\" src=\"https:\/\/www1.kkl.si\/wp-content\/uploads\/\/2020\/07\/spored_simb_placljiva-1.svg\" alt=\"placljiva\" width=\"30\" height=\"30\" \/><img loading=\"lazy\" decoding=\"async\" class=\"alignright\" title=\"Slovenski abonma\" src=\"https:\/\/www1.kkl.si\/wp-content\/uploads\/2020\/07\/spored_simb_abonma_si-1.svg\" alt=\"abonma_si\" width=\"30\" height=\"30\" \/><br \/>\n<i class=\"fas fa-chevron-circle-right\"><\/i> <strong>komedija<\/strong><br \/>\n<i class=\"fas fa-ticket-alt\"><\/i>\u00a0Cena vstopnice: predprodaja <strong>15 \u20ac<\/strong>, na dan predstave <strong>18 \u20ac.<\/strong><br \/>\nBlagajna: <i class=\"fas fa-phone-alt\"><\/i> +386 (0)2 577 60 24.<br \/>\nOrganizator: <a href=\"https:\/\/www.kkl.si\/\">Knji\u017enica \u2013 Kulturni center Lendava \u2013 Lendvai K\u00f6nyvt\u00e1r \u00e9s Kultur\u00e1lis K\u00f6zpont<\/a><\/div>\n<p><strong><a href=\"https:\/\/www1.kkl.si\/wp-content\/uploads\/2025\/09\/plakat_B1_SLOAB_alfa_samski_2025_DVOJ.jpg\" data-lbwps-width=\"2100\" data-lbwps-height=\"3000\" data-lbwps-srcsmall=\"https:\/\/www1.kkl.si\/wp-content\/uploads\/2025\/09\/plakat_B1_SLOAB_alfa_samski_2025_DVOJ.jpg\"><img loading=\"lazy\" decoding=\"async\" class=\"size-medium wp-image-23595 alignleft\" src=\"https:\/\/www1.kkl.si\/wp-content\/uploads\/2025\/09\/plakat_B1_SLOAB_alfa_samski_2025_DVOJ-scaled-280x400.jpg\" alt=\"\" width=\"280\" height=\"400\" srcset=\"https:\/\/www1.kkl.si\/wp-content\/uploads\/2025\/09\/plakat_B1_SLOAB_alfa_samski_2025_DVOJ-scaled-280x400.jpg 280w, https:\/\/www1.kkl.si\/wp-content\/uploads\/2025\/09\/plakat_B1_SLOAB_alfa_samski_2025_DVOJ-scaled-1050x1500.jpg 1050w, https:\/\/www1.kkl.si\/wp-content\/uploads\/2025\/09\/plakat_B1_SLOAB_alfa_samski_2025_DVOJ-scaled.jpg 1792w\" sizes=\"auto, (max-width: 280px) 100vw, 280px\" \/><\/a>Priljubljena trojica odli\u010dnih komikov: Jernej Kogov\u0161ek, Goran Hrva\u0107anin in Mario \u0106ulibrk vas nasmeje in spravi v dobro voljo v komediji o mo\u0161kem pogledu na partnerstvo in ljubezen.<\/strong><\/p>\n<p>Priredba in re\u017eija: Jure Karas<\/p>\n<p>Igrajo: Mario \u0106ulibrk, Goran Hrva\u0107anin &#8211; Gojko Ajkula, Jernej Kogov\u0161ek<\/p>\n<p>&nbsp;<\/p>\n<p style=\"padding-left: 40px;\"><span style=\"font-size: 18pt;\"><em>\u00bbMegauspe\u0161nica, ki je v preteklih nekaj letih ve\u010d kot 1500-krat spravila v smeh Pariz, Desperate housemen (Razo\u010darani gospodinjci), v novi preobleki prihaja v Slovenijo.\u00ab<\/em><\/span><\/p>\n<p>&nbsp;<\/p>\n<p><strong>Opis:<\/strong><\/p>\n<p>Kdo potrebuje sovra\u017enike, \u010de ima\u0161 prijatelje?<\/p>\n<p>Mare, Bla\u017e in Cveto so najbolj\u0161i kolegi. Ko Marka zapusti punca, mu Bla\u017e in Cveto posku\u0161ata pomagati, kot lahko pomaga le pravi mo\u0161ki prijatelj &#8211; se pravi zelo malo ali pa sploh ne.<\/p>\n<p>Marko se mora tako spopasti z izgubo ljubezni svojega \u017eivljenja, kav\u010da in stanovanja, hkrati pa mora pre\u017eiveti neusahljivo zalogo modrosti in idej, ki jih imata Bla\u017e in Cveto na temo odnosov, ljubezni in hr\u010dkov.<\/p>\n<p>Se bo Marku uspelo pobotati z ljubeznijo njegovega \u017eivljenja?<\/p>\n<p><a href=\"https:\/\/www1.kkl.si\/wp-content\/uploads\/2025\/08\/Spasteater_Alfa_samski_7.jpg\" data-lbwps-width=\"3150\" data-lbwps-height=\"2101\" data-lbwps-srcsmall=\"https:\/\/www1.kkl.si\/wp-content\/uploads\/2025\/08\/Spasteater_Alfa_samski_7.jpg\"><img loading=\"lazy\" decoding=\"async\" class=\"alignnone size-large wp-image-22895\" src=\"https:\/\/www1.kkl.si\/wp-content\/uploads\/2025\/08\/Spasteater_Alfa_samski_7-scaled-1500x1000.jpg\" alt=\"\" width=\"1500\" height=\"1000\" srcset=\"https:\/\/www1.kkl.si\/wp-content\/uploads\/2025\/08\/Spasteater_Alfa_samski_7-scaled-1500x1000.jpg 1500w, https:\/\/www1.kkl.si\/wp-content\/uploads\/2025\/08\/Spasteater_Alfa_samski_7-scaled-400x267.jpg 400w\" sizes=\"auto, (max-width: 1500px) 100vw, 1500px\" \/><\/a><\/p>\n<p>V ve\u010deru polnem domislic, humorja, mo\u0161ke iskrenosti in prijateljskih spletk, se razkrije marsikaj: kaj je to retro-kola, koliko piv lahko spije poro\u010den mo\u0161ki (namig: vse), \u010digava mama je na Tinderju in zakaj pravi dedci ne potrebujejo navodil. Predvsem pa se razodene \u0161e ena vesoljna resnica: da tudi alfa samci niso imuni na \u010dustva.<\/p>\n<p>Ker pravi mo\u0161ki &#8211; jokajo stoje.<\/p>\n<blockquote>\n<p>Bodite del najbolj od\u0161tekane komedije v izvedbi treh izjemnih mojstrov humorja, ki nas \u017ee leta spravljajo v dobro voljo v vseh svojih filmskih, televizijskih in gledali\u0161kih vlogah &#8211; Mario \u0106ulibrk, Goran Hrva\u0107anin in Jernej Kogov\u0161ek so &#8211; samo za vas &#8211; Alfa samski.<\/p>\n<\/blockquote>\n\n\t\t<style type=\"text\/css\">\n\t\t\t#gallery-1 {\n\t\t\t\tmargin: auto;\n\t\t\t}\n\t\t\t#gallery-1 .gallery-item {\n\t\t\t\tfloat: left;\n\t\t\t\tmargin-top: 10px;\n\t\t\t\ttext-align: center;\n\t\t\t\twidth: 16%;\n\t\t\t}\n\t\t\t#gallery-1 img {\n\t\t\t\tborder: 2px solid #cfcfcf;\n\t\t\t}\n\t\t\t#gallery-1 .gallery-caption {\n\t\t\t\tmargin-left: 0;\n\t\t\t}\n\t\t\t\/* see gallery_shortcode() in wp-includes\/media.php *\/\n\t\t<\/style>\n\t\t<div id='gallery-1' class='gallery galleryid-23623 gallery-columns-6 gallery-size-thumbnail'><dl class='gallery-item'>\n\t\t\t<dt class='gallery-icon landscape'>\n\t\t\t\t<a href='https:\/\/www1.kkl.si\/wp-content\/uploads\/2025\/08\/Spasteater_Alfa_samski_1.jpg'><img loading=\"lazy\" decoding=\"async\" width=\"150\" height=\"150\" src=\"https:\/\/www1.kkl.si\/wp-content\/uploads\/2025\/08\/Spasteater_Alfa_samski_1-150x150.jpg\" class=\"attachment-thumbnail size-thumbnail\" alt=\"\" \/><\/a>\n\t\t\t<\/dt><\/dl><dl class='gallery-item'>\n\t\t\t<dt class='gallery-icon landscape'>\n\t\t\t\t<a href='https:\/\/www1.kkl.si\/wp-content\/uploads\/2025\/08\/Spasteater_Alfa_samski_3.jpg'><img loading=\"lazy\" decoding=\"async\" width=\"150\" height=\"150\" src=\"https:\/\/www1.kkl.si\/wp-content\/uploads\/2025\/08\/Spasteater_Alfa_samski_3-150x150.jpg\" class=\"attachment-thumbnail size-thumbnail\" alt=\"\" \/><\/a>\n\t\t\t<\/dt><\/dl><dl class='gallery-item'>\n\t\t\t<dt class='gallery-icon landscape'>\n\t\t\t\t<a href='https:\/\/www1.kkl.si\/wp-content\/uploads\/2025\/08\/Spasteater_Alfa_samski_8.jpg'><img loading=\"lazy\" decoding=\"async\" width=\"150\" height=\"150\" src=\"https:\/\/www1.kkl.si\/wp-content\/uploads\/2025\/08\/Spasteater_Alfa_samski_8-150x150.jpg\" class=\"attachment-thumbnail size-thumbnail\" alt=\"\" \/><\/a>\n\t\t\t<\/dt><\/dl><dl class='gallery-item'>\n\t\t\t<dt class='gallery-icon landscape'>\n\t\t\t\t<a href='https:\/\/www1.kkl.si\/wp-content\/uploads\/2025\/08\/Spasteater_Alfa_samski_9.jpg'><img loading=\"lazy\" decoding=\"async\" width=\"150\" height=\"150\" src=\"https:\/\/www1.kkl.si\/wp-content\/uploads\/2025\/08\/Spasteater_Alfa_samski_9-150x150.jpg\" class=\"attachment-thumbnail size-thumbnail\" alt=\"\" \/><\/a>\n\t\t\t<\/dt><\/dl>\n\t\t\t<br style='clear: both' \/>\n\t\t<\/div>\n\n<p><i class=\"fas fa-link\"><\/i> <a href=\"https:\/\/www.spasteater.si\/predstave\/alfa-samski\">https:\/\/www.spasteater.si\/predstave\/alfa-samski<\/a><\/p>\n<hr \/>\n<p>KKCL slovenski abonma &#8211; gledali\u0161ka sezona 2025\/2025<\/p>\n<p><a href=\"https:\/\/www1.kkl.si\/sl\/slovenski-abonma-2025-2026\/\"><img loading=\"lazy\" decoding=\"async\" class=\"alignnone wp-image-23229 size-large\" src=\"https:\/\/www1.kkl.si\/wp-content\/uploads\/2025\/08\/2025_08_27_SLO_abonma-1500x400.png\" alt=\"\" width=\"1500\" height=\"400\" srcset=\"https:\/\/www1.kkl.si\/wp-content\/uploads\/2025\/08\/2025_08_27_SLO_abonma.png 1500w, https:\/\/www1.kkl.si\/wp-content\/uploads\/2025\/08\/2025_08_27_SLO_abonma-400x107.png 400w\" sizes=\"auto, (max-width: 1500px) 100vw, 1500px\" \/><\/a><\/p>\n","protected":false},"excerpt":{"rendered":"<p>\u010detrtek, 16. oktober 2025, 19.00\u00a0| Gledali\u0161ka in koncertna dvorana Lendava komedija \u00a0Cena vstopnice: predprodaja 15 \u20ac, na dan predstave 18 \u20ac. Blagajna: +386 (0)2 577 60 24. Organizator: Knji\u017enica \u2013 Kulturni center Lendava \u2013 Lendvai K\u00f6nyvt\u00e1r \u00e9s Kultur\u00e1lis K\u00f6zpont Priljubljena trojica odli\u010dnih komikov: Jernej Kogov\u0161ek, Goran Hrva\u0107anin in Mario \u0106ulibrk vas nasmeje in spravi v [&hellip;]<\/p>\n","protected":false},"author":2,"featured_media":23595,"parent":0,"menu_order":0,"comment_status":"closed","ping_status":"closed","template":"","meta":{"footnotes":""},"class_list":["post-23623","page","type-page","status-publish","has-post-thumbnail","hentry","post","post-with-thumbnail","post-with-thumbnail-icon"],"_links":{"self":[{"href":"https:\/\/www1.kkl.si\/sl\/wp-json\/wp\/v2\/pages\/23623","targetHints":{"allow":["GET"]}}],"collection":[{"href":"https:\/\/www1.kkl.si\/sl\/wp-json\/wp\/v2\/pages"}],"about":[{"href":"https:\/\/www1.kkl.si\/sl\/wp-json\/wp\/v2\/types\/page"}],"author":[{"embeddable":true,"href":"https:\/\/www1.kkl.si\/sl\/wp-json\/wp\/v2\/users\/2"}],"replies":[{"embeddable":true,"href":"https:\/\/www1.kkl.si\/sl\/wp-json\/wp\/v2\/comments?post=23623"}],"version-history":[{"count":7,"href":"https:\/\/www1.kkl.si\/sl\/wp-json\/wp\/v2\/pages\/23623\/revisions"}],"predecessor-version":[{"id":23630,"href":"https:\/\/www1.kkl.si\/sl\/wp-json\/wp\/v2\/pages\/23623\/revisions\/23630"}],"wp:featuredmedia":[{"embeddable":true,"href":"https:\/\/www1.kkl.si\/sl\/wp-json\/wp\/v2\/media\/23595"}],"wp:attachment":[{"href":"https:\/\/www1.kkl.si\/sl\/wp-json\/wp\/v2\/media?parent=23623"}],"curies":[{"name":"wp","href":"https:\/\/api.w.org\/{rel}","templated":true}]}}